{"id":3293,"date":"2026-01-10T08:40:30","date_gmt":"2026-01-10T07:40:30","guid":{"rendered":"https:\/\/janeke1830.it\/prodotto\/peine-ondulado-para-aplicacion-de-gel\/"},"modified":"2026-01-30T14:18:43","modified_gmt":"2026-01-30T13:18:43","slug":"peine-ondulado-para-aplicacion-de-gel","status":"publish","type":"product","link":"https:\/\/janeke1830.it\/es\/prodotto\/peine-ondulado-para-aplicacion-de-gel\/","title":{"rendered":"Peine ondulado para aplicaci\u00f3n de gel"},"content":{"rendered":"","protected":false},"excerpt":{"rendered":"<p>El <strong>Peine Extiende Gel Ondulado Janeke<\/strong> est\u00e1 dise\u00f1ado para distribuir uniformemente geles, mousses y otros productos de styling sobre el cabello, garantizando una aplicaci\u00f3n homog\u00e9nea y precisa. La especial dentadura ondulada favorece la definici\u00f3n del cabello sin romperlo, mientras que las puntas redondeadas protegen el cuero cabelludo. Ideal para stylings creativos y peinados detallados, une practicidad, control y la calidad distintiva de la marca Janeke.  <\/p>\n","protected":false},"featured_media":3294,"comment_status":"closed","ping_status":"closed","template":"","meta":[],"product_brand":[814],"product_cat":[596],"product_tag":[630],"class_list":{"0":"post-3293","1":"product","2":"type-product","3":"status-publish","4":"has-post-thumbnail","6":"product_brand-luxury","7":"product_cat-peines","8":"product_tag-peines-luxury","10":"first","11":"instock","12":"shipping-taxable","13":"purchasable","14":"product-type-variable","15":"wvs-archive-product-wrapper"},"yoast_head":"<!-- This site is optimized with the Yoast SEO plugin v27.1.1 - https:\/\/yoast.com\/product\/yoast-seo-wordpress\/ -->\n<title>Peine ondulado para aplicaci\u00f3n de gel J\u00e4neke - Definici\u00f3n del peinado<\/title>\n<meta name=\"description\" content=\"Extiende el gel y la espuma con el Peine Ondulado para Aplicaci\u00f3n de Gel J\u00e4neke. Dentado especial para una definici\u00f3n sin roturas. C\u00f3mpralo\" \/>\n<meta name=\"robots\" content=\"index, follow, max-snippet:-1, max-image-preview:large, max-video-preview:-1\" \/>\n<link rel=\"canonical\" href=\"https:\/\/janeke1830.it\/es\/prodotto\/peine-ondulado-para-aplicacion-de-gel\/\" \/>\n<meta property=\"og:locale\" content=\"es_ES\" \/>\n<meta property=\"og:type\" content=\"article\" \/>\n<meta property=\"og:title\" content=\"Peine ondulado para aplicaci\u00f3n de gel J\u00e4neke - Definici\u00f3n del peinado\" \/>\n<meta property=\"og:description\" content=\"Extiende el gel y la espuma con el Peine Ondulado para Aplicaci\u00f3n de Gel J\u00e4neke. Dentado especial para una definici\u00f3n sin roturas. C\u00f3mpralo\" \/>\n<meta property=\"og:url\" content=\"https:\/\/janeke1830.it\/es\/prodotto\/peine-ondulado-para-aplicacion-de-gel\/\" \/>\n<meta property=\"og:site_name\" content=\"J\u00e4neke\" \/>\n<meta property=\"article:publisher\" content=\"https:\/\/www.facebook.com\/janeke1830\" \/>\n<meta property=\"article:modified_time\" content=\"2026-01-30T13:18:43+00:00\" \/>\n<meta property=\"og:image\" content=\"https:\/\/janeke1830.it\/wp-content\/uploads\/2026\/01\/AU805.png\" \/>\n\t<meta property=\"og:image:width\" content=\"1024\" \/>\n\t<meta property=\"og:image:height\" content=\"1024\" \/>\n\t<meta property=\"og:image:type\" content=\"image\/png\" \/>\n<meta name=\"twitter:card\" content=\"summary_large_image\" \/>\n<script type=\"application\/ld+json\" class=\"yoast-schema-graph\">{\"@context\":\"https:\/\/schema.org\",\"@graph\":[{\"@type\":\"WebPage\",\"@id\":\"https:\/\/janeke1830.it\/es\/prodotto\/peine-ondulado-para-aplicacion-de-gel\/\",\"url\":\"https:\/\/janeke1830.it\/es\/prodotto\/peine-ondulado-para-aplicacion-de-gel\/\",\"name\":\"Peine ondulado para aplicaci\u00f3n de gel J\u00e4neke - Definici\u00f3n del peinado\",\"isPartOf\":{\"@id\":\"https:\/\/janeke1830.it\/#website\"},\"primaryImageOfPage\":{\"@id\":\"https:\/\/janeke1830.it\/es\/prodotto\/peine-ondulado-para-aplicacion-de-gel\/#primaryimage\"},\"image\":{\"@id\":\"https:\/\/janeke1830.it\/es\/prodotto\/peine-ondulado-para-aplicacion-de-gel\/#primaryimage\"},\"thumbnailUrl\":\"https:\/\/janeke1830.it\/wp-content\/uploads\/2026\/01\/wavy-comb-gel-application-oro-au805.png\",\"datePublished\":\"2026-01-10T07:40:30+00:00\",\"dateModified\":\"2026-01-30T13:18:43+00:00\",\"description\":\"Extiende el gel y la espuma con el Peine Ondulado para Aplicaci\u00f3n de Gel J\u00e4neke. Dentado especial para una definici\u00f3n sin roturas. C\u00f3mpralo\",\"breadcrumb\":{\"@id\":\"https:\/\/janeke1830.it\/es\/prodotto\/peine-ondulado-para-aplicacion-de-gel\/#breadcrumb\"},\"inLanguage\":\"es\",\"potentialAction\":[{\"@type\":\"ReadAction\",\"target\":[\"https:\/\/janeke1830.it\/es\/prodotto\/peine-ondulado-para-aplicacion-de-gel\/\"]}]},{\"@type\":\"ImageObject\",\"inLanguage\":\"es\",\"@id\":\"https:\/\/janeke1830.it\/es\/prodotto\/peine-ondulado-para-aplicacion-de-gel\/#primaryimage\",\"url\":\"https:\/\/janeke1830.it\/wp-content\/uploads\/2026\/01\/wavy-comb-gel-application-oro-au805.png\",\"contentUrl\":\"https:\/\/janeke1830.it\/wp-content\/uploads\/2026\/01\/wavy-comb-gel-application-oro-au805.png\",\"width\":1024,\"height\":1024,\"caption\":\"Wavy Comb for gel application oro per definire onde J\u00e4neke Made in Italy\"},{\"@type\":\"BreadcrumbList\",\"@id\":\"https:\/\/janeke1830.it\/es\/prodotto\/peine-ondulado-para-aplicacion-de-gel\/#breadcrumb\",\"itemListElement\":[{\"@type\":\"ListItem\",\"position\":1,\"name\":\"Home\",\"item\":\"https:\/\/janeke1830.it\/\"},{\"@type\":\"ListItem\",\"position\":2,\"name\":\"Tienda\",\"item\":\"https:\/\/janeke1830.it\/es\/tienda\/\"},{\"@type\":\"ListItem\",\"position\":3,\"name\":\"Peine ondulado para aplicaci\u00f3n de gel\"}]},{\"@type\":\"WebSite\",\"@id\":\"https:\/\/janeke1830.it\/#website\",\"url\":\"https:\/\/janeke1830.it\/\",\"name\":\"J\u00e4neke 1830\",\"description\":\"\",\"publisher\":{\"@id\":\"https:\/\/janeke1830.it\/#organization\"},\"potentialAction\":[{\"@type\":\"SearchAction\",\"target\":{\"@type\":\"EntryPoint\",\"urlTemplate\":\"https:\/\/janeke1830.it\/?s={search_term_string}\"},\"query-input\":{\"@type\":\"PropertyValueSpecification\",\"valueRequired\":true,\"valueName\":\"search_term_string\"}}],\"inLanguage\":\"es\"},{\"@type\":\"Organization\",\"@id\":\"https:\/\/janeke1830.it\/#organization\",\"name\":\"J\u00e4neke 1830\",\"url\":\"https:\/\/janeke1830.it\/\",\"logo\":{\"@type\":\"ImageObject\",\"inLanguage\":\"es\",\"@id\":\"https:\/\/janeke1830.it\/#\/schema\/logo\/image\/\",\"url\":\"https:\/\/janeke1830.it\/wp-content\/uploads\/2025\/12\/logo-nero-janeke.png\",\"contentUrl\":\"https:\/\/janeke1830.it\/wp-content\/uploads\/2025\/12\/logo-nero-janeke.png\",\"width\":1824,\"height\":829,\"caption\":\"J\u00e4neke 1830\"},\"image\":{\"@id\":\"https:\/\/janeke1830.it\/#\/schema\/logo\/image\/\"},\"sameAs\":[\"https:\/\/www.facebook.com\/janeke1830\",\"https:\/\/www.instagram.com\/janeke1830official\",\"https:\/\/www.linkedin.com\/company\/giorgio-janeke-s-r-l-\/\"]}]}<\/script>\n<!-- \/ Yoast SEO plugin. -->","yoast_head_json":{"title":"Peine ondulado para aplicaci\u00f3n de gel J\u00e4neke - Definici\u00f3n del peinado","description":"Extiende el gel y la espuma con el Peine Ondulado para Aplicaci\u00f3n de Gel J\u00e4neke. Dentado especial para una definici\u00f3n sin roturas. C\u00f3mpralo","robots":{"index":"index","follow":"follow","max-snippet":"max-snippet:-1","max-image-preview":"max-image-preview:large","max-video-preview":"max-video-preview:-1"},"canonical":"https:\/\/janeke1830.it\/es\/prodotto\/peine-ondulado-para-aplicacion-de-gel\/","og_locale":"es_ES","og_type":"article","og_title":"Peine ondulado para aplicaci\u00f3n de gel J\u00e4neke - Definici\u00f3n del peinado","og_description":"Extiende el gel y la espuma con el Peine Ondulado para Aplicaci\u00f3n de Gel J\u00e4neke. Dentado especial para una definici\u00f3n sin roturas. C\u00f3mpralo","og_url":"https:\/\/janeke1830.it\/es\/prodotto\/peine-ondulado-para-aplicacion-de-gel\/","og_site_name":"J\u00e4neke","article_publisher":"https:\/\/www.facebook.com\/janeke1830","article_modified_time":"2026-01-30T13:18:43+00:00","og_image":[{"width":1024,"height":1024,"url":"https:\/\/janeke1830.it\/wp-content\/uploads\/2026\/01\/AU805.png","type":"image\/png"}],"twitter_card":"summary_large_image","schema":{"@context":"https:\/\/schema.org","@graph":[{"@type":"WebPage","@id":"https:\/\/janeke1830.it\/es\/prodotto\/peine-ondulado-para-aplicacion-de-gel\/","url":"https:\/\/janeke1830.it\/es\/prodotto\/peine-ondulado-para-aplicacion-de-gel\/","name":"Peine ondulado para aplicaci\u00f3n de gel J\u00e4neke - Definici\u00f3n del peinado","isPartOf":{"@id":"https:\/\/janeke1830.it\/#website"},"primaryImageOfPage":{"@id":"https:\/\/janeke1830.it\/es\/prodotto\/peine-ondulado-para-aplicacion-de-gel\/#primaryimage"},"image":{"@id":"https:\/\/janeke1830.it\/es\/prodotto\/peine-ondulado-para-aplicacion-de-gel\/#primaryimage"},"thumbnailUrl":"https:\/\/janeke1830.it\/wp-content\/uploads\/2026\/01\/wavy-comb-gel-application-oro-au805.png","datePublished":"2026-01-10T07:40:30+00:00","dateModified":"2026-01-30T13:18:43+00:00","description":"Extiende el gel y la espuma con el Peine Ondulado para Aplicaci\u00f3n de Gel J\u00e4neke. Dentado especial para una definici\u00f3n sin roturas. C\u00f3mpralo","breadcrumb":{"@id":"https:\/\/janeke1830.it\/es\/prodotto\/peine-ondulado-para-aplicacion-de-gel\/#breadcrumb"},"inLanguage":"es","potentialAction":[{"@type":"ReadAction","target":["https:\/\/janeke1830.it\/es\/prodotto\/peine-ondulado-para-aplicacion-de-gel\/"]}]},{"@type":"ImageObject","inLanguage":"es","@id":"https:\/\/janeke1830.it\/es\/prodotto\/peine-ondulado-para-aplicacion-de-gel\/#primaryimage","url":"https:\/\/janeke1830.it\/wp-content\/uploads\/2026\/01\/wavy-comb-gel-application-oro-au805.png","contentUrl":"https:\/\/janeke1830.it\/wp-content\/uploads\/2026\/01\/wavy-comb-gel-application-oro-au805.png","width":1024,"height":1024,"caption":"Wavy Comb for gel application oro per definire onde J\u00e4neke Made in Italy"},{"@type":"BreadcrumbList","@id":"https:\/\/janeke1830.it\/es\/prodotto\/peine-ondulado-para-aplicacion-de-gel\/#breadcrumb","itemListElement":[{"@type":"ListItem","position":1,"name":"Home","item":"https:\/\/janeke1830.it\/"},{"@type":"ListItem","position":2,"name":"Tienda","item":"https:\/\/janeke1830.it\/es\/tienda\/"},{"@type":"ListItem","position":3,"name":"Peine ondulado para aplicaci\u00f3n de gel"}]},{"@type":"WebSite","@id":"https:\/\/janeke1830.it\/#website","url":"https:\/\/janeke1830.it\/","name":"J\u00e4neke 1830","description":"","publisher":{"@id":"https:\/\/janeke1830.it\/#organization"},"potentialAction":[{"@type":"SearchAction","target":{"@type":"EntryPoint","urlTemplate":"https:\/\/janeke1830.it\/?s={search_term_string}"},"query-input":{"@type":"PropertyValueSpecification","valueRequired":true,"valueName":"search_term_string"}}],"inLanguage":"es"},{"@type":"Organization","@id":"https:\/\/janeke1830.it\/#organization","name":"J\u00e4neke 1830","url":"https:\/\/janeke1830.it\/","logo":{"@type":"ImageObject","inLanguage":"es","@id":"https:\/\/janeke1830.it\/#\/schema\/logo\/image\/","url":"https:\/\/janeke1830.it\/wp-content\/uploads\/2025\/12\/logo-nero-janeke.png","contentUrl":"https:\/\/janeke1830.it\/wp-content\/uploads\/2025\/12\/logo-nero-janeke.png","width":1824,"height":829,"caption":"J\u00e4neke 1830"},"image":{"@id":"https:\/\/janeke1830.it\/#\/schema\/logo\/image\/"},"sameAs":["https:\/\/www.facebook.com\/janeke1830","https:\/\/www.instagram.com\/janeke1830official","https:\/\/www.linkedin.com\/company\/giorgio-janeke-s-r-l-\/"]}]}},"_links":{"self":[{"href":"https:\/\/janeke1830.it\/es\/wp-json\/wp\/v2\/product\/3293","targetHints":{"allow":["GET"]}}],"collection":[{"href":"https:\/\/janeke1830.it\/es\/wp-json\/wp\/v2\/product"}],"about":[{"href":"https:\/\/janeke1830.it\/es\/wp-json\/wp\/v2\/types\/product"}],"replies":[{"embeddable":true,"href":"https:\/\/janeke1830.it\/es\/wp-json\/wp\/v2\/comments?post=3293"}],"wp:featuredmedia":[{"embeddable":true,"href":"https:\/\/janeke1830.it\/es\/wp-json\/wp\/v2\/media\/3294"}],"wp:attachment":[{"href":"https:\/\/janeke1830.it\/es\/wp-json\/wp\/v2\/media?parent=3293"}],"wp:term":[{"taxonomy":"product_brand","embeddable":true,"href":"https:\/\/janeke1830.it\/es\/wp-json\/wp\/v2\/product_brand?post=3293"},{"taxonomy":"product_cat","embeddable":true,"href":"https:\/\/janeke1830.it\/es\/wp-json\/wp\/v2\/product_cat?post=3293"},{"taxonomy":"product_tag","embeddable":true,"href":"https:\/\/janeke1830.it\/es\/wp-json\/wp\/v2\/product_tag?post=3293"}],"curies":[{"name":"wp","href":"https:\/\/api.w.org\/{rel}","templated":true}]}}