{"id":3005,"date":"2026-01-21T17:52:32","date_gmt":"2026-01-21T16:52:32","guid":{"rendered":"https:\/\/janeke1830.it\/prodotto\/mini-superbrush\/"},"modified":"2026-02-05T15:43:52","modified_gmt":"2026-02-05T14:43:52","slug":"mini-superbrush","status":"publish","type":"product","link":"https:\/\/janeke1830.it\/es\/prodotto\/mini-superbrush\/","title":{"rendered":"Mini Superbrush"},"content":{"rendered":"","protected":false},"excerpt":{"rendered":"<p>El <strong>Mini Superbrush Janeke<\/strong> es el cepillo ideal para desenredar y peinar el cabello, incluso despu\u00e9s de una sesi\u00f3n de piscina o gimnasio. Las cerdas flexibles peinan suavemente el cabello h\u00famedo o seco, reduciendo la rotura y el encrespamiento, y dejando el pelo suave y brillante. <\/p>\n<p>Compacto y pr\u00e1ctico para llevar en el bolso o en la mochila, une funcionalidad, calidad y el estilo distintivo de la marca Janeke, perfecto para quienes est\u00e1n siempre en movimiento.<\/p>\n","protected":false},"featured_media":3009,"comment_status":"closed","ping_status":"closed","template":"","meta":[],"product_brand":[820],"product_cat":[210],"product_tag":[432,300],"class_list":{"0":"post-3005","1":"product","2":"type-product","3":"status-publish","4":"has-post-thumbnail","6":"product_brand-superbrush","7":"product_cat-cepillos","8":"product_tag-obs","9":"product_tag-superbrush","11":"first","12":"instock","13":"shipping-taxable","14":"purchasable","15":"product-type-variable","16":"wvs-archive-product-wrapper"},"yoast_head":"<!-- This site is optimized with the Yoast SEO plugin v27.1.1 - https:\/\/yoast.com\/product\/yoast-seo-wordpress\/ -->\n<title>Mini Superbrush J\u00e4neke - Cepillo para bolso y viaje<\/title>\n<meta name=\"description\" content=\"Mini Superbrush J\u00e4neke: perfecto para la piscina, el gimnasio y para llevar. Compacto y suave, desenreda el pelo h\u00famedo o seco. \u00a1Desc\u00fabrelo ahora!\" \/>\n<meta name=\"robots\" content=\"index, follow, max-snippet:-1, max-image-preview:large, max-video-preview:-1\" \/>\n<link rel=\"canonical\" href=\"https:\/\/janeke1830.it\/es\/prodotto\/mini-superbrush\/\" \/>\n<meta property=\"og:locale\" content=\"es_ES\" \/>\n<meta property=\"og:type\" content=\"article\" \/>\n<meta property=\"og:title\" content=\"Mini Superbrush J\u00e4neke - Cepillo para bolso y viaje\" \/>\n<meta property=\"og:description\" content=\"Mini Superbrush J\u00e4neke: perfecto para la piscina, el gimnasio y para llevar. Compacto y suave, desenreda el pelo h\u00famedo o seco. \u00a1Desc\u00fabrelo ahora!\" \/>\n<meta property=\"og:url\" content=\"https:\/\/janeke1830.it\/es\/prodotto\/mini-superbrush\/\" \/>\n<meta property=\"og:site_name\" content=\"J\u00e4neke\" \/>\n<meta property=\"article:publisher\" content=\"https:\/\/www.facebook.com\/janeke1830\" \/>\n<meta property=\"article:modified_time\" content=\"2026-02-05T14:43:52+00:00\" \/>\n<meta property=\"og:image\" content=\"https:\/\/janeke1830.it\/wp-content\/uploads\/2026\/01\/10SP220OFL-2.png\" \/>\n\t<meta property=\"og:image:width\" content=\"1396\" \/>\n\t<meta property=\"og:image:height\" content=\"1396\" \/>\n\t<meta property=\"og:image:type\" content=\"image\/png\" \/>\n<meta name=\"twitter:card\" content=\"summary_large_image\" \/>\n<script type=\"application\/ld+json\" class=\"yoast-schema-graph\">{\"@context\":\"https:\/\/schema.org\",\"@graph\":[{\"@type\":\"WebPage\",\"@id\":\"https:\/\/janeke1830.it\/es\/prodotto\/mini-superbrush\/\",\"url\":\"https:\/\/janeke1830.it\/es\/prodotto\/mini-superbrush\/\",\"name\":\"Mini Superbrush J\u00e4neke - Cepillo para bolso y viaje\",\"isPartOf\":{\"@id\":\"https:\/\/janeke1830.it\/#website\"},\"primaryImageOfPage\":{\"@id\":\"https:\/\/janeke1830.it\/es\/prodotto\/mini-superbrush\/#primaryimage\"},\"image\":{\"@id\":\"https:\/\/janeke1830.it\/es\/prodotto\/mini-superbrush\/#primaryimage\"},\"thumbnailUrl\":\"https:\/\/janeke1830.it\/wp-content\/uploads\/2026\/01\/10SP220OFL-2.png\",\"datePublished\":\"2026-01-21T16:52:32+00:00\",\"dateModified\":\"2026-02-05T14:43:52+00:00\",\"description\":\"Mini Superbrush J\u00e4neke: perfecto para la piscina, el gimnasio y para llevar. Compacto y suave, desenreda el pelo h\u00famedo o seco. \u00a1Desc\u00fabrelo ahora!\",\"breadcrumb\":{\"@id\":\"https:\/\/janeke1830.it\/es\/prodotto\/mini-superbrush\/#breadcrumb\"},\"inLanguage\":\"es\",\"potentialAction\":[{\"@type\":\"ReadAction\",\"target\":[\"https:\/\/janeke1830.it\/es\/prodotto\/mini-superbrush\/\"]}]},{\"@type\":\"ImageObject\",\"inLanguage\":\"es\",\"@id\":\"https:\/\/janeke1830.it\/es\/prodotto\/mini-superbrush\/#primaryimage\",\"url\":\"https:\/\/janeke1830.it\/wp-content\/uploads\/2026\/01\/10SP220OFL-2.png\",\"contentUrl\":\"https:\/\/janeke1830.it\/wp-content\/uploads\/2026\/01\/10SP220OFL-2.png\",\"width\":1396,\"height\":1396},{\"@type\":\"BreadcrumbList\",\"@id\":\"https:\/\/janeke1830.it\/es\/prodotto\/mini-superbrush\/#breadcrumb\",\"itemListElement\":[{\"@type\":\"ListItem\",\"position\":1,\"name\":\"Home\",\"item\":\"https:\/\/janeke1830.it\/\"},{\"@type\":\"ListItem\",\"position\":2,\"name\":\"Tienda\",\"item\":\"https:\/\/janeke1830.it\/es\/tienda\/\"},{\"@type\":\"ListItem\",\"position\":3,\"name\":\"Mini Superbrush\"}]},{\"@type\":\"WebSite\",\"@id\":\"https:\/\/janeke1830.it\/#website\",\"url\":\"https:\/\/janeke1830.it\/\",\"name\":\"J\u00e4neke 1830\",\"description\":\"\",\"publisher\":{\"@id\":\"https:\/\/janeke1830.it\/#organization\"},\"potentialAction\":[{\"@type\":\"SearchAction\",\"target\":{\"@type\":\"EntryPoint\",\"urlTemplate\":\"https:\/\/janeke1830.it\/?s={search_term_string}\"},\"query-input\":{\"@type\":\"PropertyValueSpecification\",\"valueRequired\":true,\"valueName\":\"search_term_string\"}}],\"inLanguage\":\"es\"},{\"@type\":\"Organization\",\"@id\":\"https:\/\/janeke1830.it\/#organization\",\"name\":\"J\u00e4neke 1830\",\"url\":\"https:\/\/janeke1830.it\/\",\"logo\":{\"@type\":\"ImageObject\",\"inLanguage\":\"es\",\"@id\":\"https:\/\/janeke1830.it\/#\/schema\/logo\/image\/\",\"url\":\"https:\/\/janeke1830.it\/wp-content\/uploads\/2025\/12\/logo-nero-janeke.png\",\"contentUrl\":\"https:\/\/janeke1830.it\/wp-content\/uploads\/2025\/12\/logo-nero-janeke.png\",\"width\":1824,\"height\":829,\"caption\":\"J\u00e4neke 1830\"},\"image\":{\"@id\":\"https:\/\/janeke1830.it\/#\/schema\/logo\/image\/\"},\"sameAs\":[\"https:\/\/www.facebook.com\/janeke1830\",\"https:\/\/www.instagram.com\/janeke1830official\",\"https:\/\/www.linkedin.com\/company\/giorgio-janeke-s-r-l-\/\"]}]}<\/script>\n<!-- \/ Yoast SEO plugin. -->","yoast_head_json":{"title":"Mini Superbrush J\u00e4neke - Cepillo para bolso y viaje","description":"Mini Superbrush J\u00e4neke: perfecto para la piscina, el gimnasio y para llevar. Compacto y suave, desenreda el pelo h\u00famedo o seco. \u00a1Desc\u00fabrelo ahora!","robots":{"index":"index","follow":"follow","max-snippet":"max-snippet:-1","max-image-preview":"max-image-preview:large","max-video-preview":"max-video-preview:-1"},"canonical":"https:\/\/janeke1830.it\/es\/prodotto\/mini-superbrush\/","og_locale":"es_ES","og_type":"article","og_title":"Mini Superbrush J\u00e4neke - Cepillo para bolso y viaje","og_description":"Mini Superbrush J\u00e4neke: perfecto para la piscina, el gimnasio y para llevar. Compacto y suave, desenreda el pelo h\u00famedo o seco. \u00a1Desc\u00fabrelo ahora!","og_url":"https:\/\/janeke1830.it\/es\/prodotto\/mini-superbrush\/","og_site_name":"J\u00e4neke","article_publisher":"https:\/\/www.facebook.com\/janeke1830","article_modified_time":"2026-02-05T14:43:52+00:00","og_image":[{"width":1396,"height":1396,"url":"https:\/\/janeke1830.it\/wp-content\/uploads\/2026\/01\/10SP220OFL-2.png","type":"image\/png"}],"twitter_card":"summary_large_image","schema":{"@context":"https:\/\/schema.org","@graph":[{"@type":"WebPage","@id":"https:\/\/janeke1830.it\/es\/prodotto\/mini-superbrush\/","url":"https:\/\/janeke1830.it\/es\/prodotto\/mini-superbrush\/","name":"Mini Superbrush J\u00e4neke - Cepillo para bolso y viaje","isPartOf":{"@id":"https:\/\/janeke1830.it\/#website"},"primaryImageOfPage":{"@id":"https:\/\/janeke1830.it\/es\/prodotto\/mini-superbrush\/#primaryimage"},"image":{"@id":"https:\/\/janeke1830.it\/es\/prodotto\/mini-superbrush\/#primaryimage"},"thumbnailUrl":"https:\/\/janeke1830.it\/wp-content\/uploads\/2026\/01\/10SP220OFL-2.png","datePublished":"2026-01-21T16:52:32+00:00","dateModified":"2026-02-05T14:43:52+00:00","description":"Mini Superbrush J\u00e4neke: perfecto para la piscina, el gimnasio y para llevar. Compacto y suave, desenreda el pelo h\u00famedo o seco. \u00a1Desc\u00fabrelo ahora!","breadcrumb":{"@id":"https:\/\/janeke1830.it\/es\/prodotto\/mini-superbrush\/#breadcrumb"},"inLanguage":"es","potentialAction":[{"@type":"ReadAction","target":["https:\/\/janeke1830.it\/es\/prodotto\/mini-superbrush\/"]}]},{"@type":"ImageObject","inLanguage":"es","@id":"https:\/\/janeke1830.it\/es\/prodotto\/mini-superbrush\/#primaryimage","url":"https:\/\/janeke1830.it\/wp-content\/uploads\/2026\/01\/10SP220OFL-2.png","contentUrl":"https:\/\/janeke1830.it\/wp-content\/uploads\/2026\/01\/10SP220OFL-2.png","width":1396,"height":1396},{"@type":"BreadcrumbList","@id":"https:\/\/janeke1830.it\/es\/prodotto\/mini-superbrush\/#breadcrumb","itemListElement":[{"@type":"ListItem","position":1,"name":"Home","item":"https:\/\/janeke1830.it\/"},{"@type":"ListItem","position":2,"name":"Tienda","item":"https:\/\/janeke1830.it\/es\/tienda\/"},{"@type":"ListItem","position":3,"name":"Mini Superbrush"}]},{"@type":"WebSite","@id":"https:\/\/janeke1830.it\/#website","url":"https:\/\/janeke1830.it\/","name":"J\u00e4neke 1830","description":"","publisher":{"@id":"https:\/\/janeke1830.it\/#organization"},"potentialAction":[{"@type":"SearchAction","target":{"@type":"EntryPoint","urlTemplate":"https:\/\/janeke1830.it\/?s={search_term_string}"},"query-input":{"@type":"PropertyValueSpecification","valueRequired":true,"valueName":"search_term_string"}}],"inLanguage":"es"},{"@type":"Organization","@id":"https:\/\/janeke1830.it\/#organization","name":"J\u00e4neke 1830","url":"https:\/\/janeke1830.it\/","logo":{"@type":"ImageObject","inLanguage":"es","@id":"https:\/\/janeke1830.it\/#\/schema\/logo\/image\/","url":"https:\/\/janeke1830.it\/wp-content\/uploads\/2025\/12\/logo-nero-janeke.png","contentUrl":"https:\/\/janeke1830.it\/wp-content\/uploads\/2025\/12\/logo-nero-janeke.png","width":1824,"height":829,"caption":"J\u00e4neke 1830"},"image":{"@id":"https:\/\/janeke1830.it\/#\/schema\/logo\/image\/"},"sameAs":["https:\/\/www.facebook.com\/janeke1830","https:\/\/www.instagram.com\/janeke1830official","https:\/\/www.linkedin.com\/company\/giorgio-janeke-s-r-l-\/"]}]}},"_links":{"self":[{"href":"https:\/\/janeke1830.it\/es\/wp-json\/wp\/v2\/product\/3005","targetHints":{"allow":["GET"]}}],"collection":[{"href":"https:\/\/janeke1830.it\/es\/wp-json\/wp\/v2\/product"}],"about":[{"href":"https:\/\/janeke1830.it\/es\/wp-json\/wp\/v2\/types\/product"}],"replies":[{"embeddable":true,"href":"https:\/\/janeke1830.it\/es\/wp-json\/wp\/v2\/comments?post=3005"}],"wp:featuredmedia":[{"embeddable":true,"href":"https:\/\/janeke1830.it\/es\/wp-json\/wp\/v2\/media\/3009"}],"wp:attachment":[{"href":"https:\/\/janeke1830.it\/es\/wp-json\/wp\/v2\/media?parent=3005"}],"wp:term":[{"taxonomy":"product_brand","embeddable":true,"href":"https:\/\/janeke1830.it\/es\/wp-json\/wp\/v2\/product_brand?post=3005"},{"taxonomy":"product_cat","embeddable":true,"href":"https:\/\/janeke1830.it\/es\/wp-json\/wp\/v2\/product_cat?post=3005"},{"taxonomy":"product_tag","embeddable":true,"href":"https:\/\/janeke1830.it\/es\/wp-json\/wp\/v2\/product_tag?post=3005"}],"curies":[{"name":"wp","href":"https:\/\/api.w.org\/{rel}","templated":true}]}}