{"id":2719,"date":"2026-01-10T15:03:30","date_gmt":"2026-01-10T14:03:30","guid":{"rendered":"https:\/\/janeke1830.it\/prodotto\/tulipan\/"},"modified":"2026-01-29T16:32:10","modified_gmt":"2026-01-29T15:32:10","slug":"tulipan","status":"publish","type":"product","link":"https:\/\/janeke1830.it\/es\/prodotto\/tulipan\/","title":{"rendered":"Tulip\u00e1n"},"content":{"rendered":"","protected":false},"excerpt":{"rendered":"<p>La <strong>Tulip Janeke<\/strong> es un cepillo redondo con un dise\u00f1o \u00fanico en forma de tulip\u00e1n, pensado para moldear, dar volumen y desenredar el cabello con facilidad. Las cerdas flexibles garantizan un deslizamiento \u00f3ptimo sin da\u00f1ar el cabello, dej\u00e1ndolo suave, brillante y lleno de vitalidad. <\/p>\n<p>Ergon\u00f3mica y con un dise\u00f1o elegante, es ideal para el uso diario o de viaje, combinando funcionalidad, calidad y el estilo inconfundible de la marca Janeke.<\/p>\n","protected":false},"featured_media":2723,"comment_status":"closed","ping_status":"closed","template":"","meta":[],"product_brand":[809],"product_cat":[210],"product_tag":[432],"class_list":{"0":"post-2719","1":"product","2":"type-product","3":"status-publish","4":"has-post-thumbnail","6":"product_brand-everyday","7":"product_cat-cepillos","8":"product_tag-obs","10":"first","11":"instock","12":"shipping-taxable","13":"purchasable","14":"product-type-variable","15":"wvs-archive-product-wrapper"},"yoast_head":"<!-- This site is optimized with the Yoast SEO plugin v27.1.1 - https:\/\/yoast.com\/product\/yoast-seo-wordpress\/ -->\n<title>Pincel Tulip\u00e1n J\u00e4neke - Voluminizador y Dise\u00f1o \u00danico<\/title>\n<meta name=\"description\" content=\"Moldea, da volumen y desenreda con el Cepillo Tulip\u00e1n J\u00e4neke. Dise\u00f1o de tulip\u00e1n \u00fanico y cerdas suaves para un cabello brillante. \u00a1Desc\u00fabrelo!\" \/>\n<meta name=\"robots\" content=\"index, follow, max-snippet:-1, max-image-preview:large, max-video-preview:-1\" \/>\n<link rel=\"canonical\" href=\"https:\/\/janeke1830.it\/es\/prodotto\/tulipan\/\" \/>\n<meta property=\"og:locale\" content=\"es_ES\" \/>\n<meta property=\"og:type\" content=\"article\" \/>\n<meta property=\"og:title\" content=\"Pincel Tulip\u00e1n J\u00e4neke - Voluminizador y Dise\u00f1o \u00danico\" \/>\n<meta property=\"og:description\" content=\"Moldea, da volumen y desenreda con el Cepillo Tulip\u00e1n J\u00e4neke. Dise\u00f1o de tulip\u00e1n \u00fanico y cerdas suaves para un cabello brillante. \u00a1Desc\u00fabrelo!\" \/>\n<meta property=\"og:url\" content=\"https:\/\/janeke1830.it\/es\/prodotto\/tulipan\/\" \/>\n<meta property=\"og:site_name\" content=\"J\u00e4neke\" \/>\n<meta property=\"article:publisher\" content=\"https:\/\/www.facebook.com\/janeke1830\" \/>\n<meta property=\"article:modified_time\" content=\"2026-01-29T15:32:10+00:00\" \/>\n<meta property=\"og:image\" content=\"https:\/\/janeke1830.it\/wp-content\/uploads\/2026\/01\/SP503-OF.png\" \/>\n\t<meta property=\"og:image:width\" content=\"1024\" \/>\n\t<meta property=\"og:image:height\" content=\"1024\" \/>\n\t<meta property=\"og:image:type\" content=\"image\/png\" \/>\n<meta name=\"twitter:card\" content=\"summary_large_image\" \/>\n<script type=\"application\/ld+json\" class=\"yoast-schema-graph\">{\"@context\":\"https:\/\/schema.org\",\"@graph\":[{\"@type\":\"WebPage\",\"@id\":\"https:\/\/janeke1830.it\/es\/prodotto\/tulipan\/\",\"url\":\"https:\/\/janeke1830.it\/es\/prodotto\/tulipan\/\",\"name\":\"Pincel Tulip\u00e1n J\u00e4neke - Voluminizador y Dise\u00f1o \u00danico\",\"isPartOf\":{\"@id\":\"https:\/\/janeke1830.it\/#website\"},\"primaryImageOfPage\":{\"@id\":\"https:\/\/janeke1830.it\/es\/prodotto\/tulipan\/#primaryimage\"},\"image\":{\"@id\":\"https:\/\/janeke1830.it\/es\/prodotto\/tulipan\/#primaryimage\"},\"thumbnailUrl\":\"https:\/\/janeke1830.it\/wp-content\/uploads\/2026\/01\/spazzola-tulip-arancione-fucsia-sp503-of.png\",\"datePublished\":\"2026-01-10T14:03:30+00:00\",\"dateModified\":\"2026-01-29T15:32:10+00:00\",\"description\":\"Moldea, da volumen y desenreda con el Cepillo Tulip\u00e1n J\u00e4neke. Dise\u00f1o de tulip\u00e1n \u00fanico y cerdas suaves para un cabello brillante. \u00a1Desc\u00fabrelo!\",\"breadcrumb\":{\"@id\":\"https:\/\/janeke1830.it\/es\/prodotto\/tulipan\/#breadcrumb\"},\"inLanguage\":\"es\",\"potentialAction\":[{\"@type\":\"ReadAction\",\"target\":[\"https:\/\/janeke1830.it\/es\/prodotto\/tulipan\/\"]}]},{\"@type\":\"ImageObject\",\"inLanguage\":\"es\",\"@id\":\"https:\/\/janeke1830.it\/es\/prodotto\/tulipan\/#primaryimage\",\"url\":\"https:\/\/janeke1830.it\/wp-content\/uploads\/2026\/01\/spazzola-tulip-arancione-fucsia-sp503-of.png\",\"contentUrl\":\"https:\/\/janeke1830.it\/wp-content\/uploads\/2026\/01\/spazzola-tulip-arancione-fucsia-sp503-of.png\",\"width\":1024,\"height\":1024,\"caption\":\"Spazzola Tulip J\u00e4neke arancione e nera districante ergonomica\"},{\"@type\":\"BreadcrumbList\",\"@id\":\"https:\/\/janeke1830.it\/es\/prodotto\/tulipan\/#breadcrumb\",\"itemListElement\":[{\"@type\":\"ListItem\",\"position\":1,\"name\":\"Home\",\"item\":\"https:\/\/janeke1830.it\/\"},{\"@type\":\"ListItem\",\"position\":2,\"name\":\"Tienda\",\"item\":\"https:\/\/janeke1830.it\/es\/tienda\/\"},{\"@type\":\"ListItem\",\"position\":3,\"name\":\"Tulip\u00e1n\"}]},{\"@type\":\"WebSite\",\"@id\":\"https:\/\/janeke1830.it\/#website\",\"url\":\"https:\/\/janeke1830.it\/\",\"name\":\"J\u00e4neke 1830\",\"description\":\"\",\"publisher\":{\"@id\":\"https:\/\/janeke1830.it\/#organization\"},\"potentialAction\":[{\"@type\":\"SearchAction\",\"target\":{\"@type\":\"EntryPoint\",\"urlTemplate\":\"https:\/\/janeke1830.it\/?s={search_term_string}\"},\"query-input\":{\"@type\":\"PropertyValueSpecification\",\"valueRequired\":true,\"valueName\":\"search_term_string\"}}],\"inLanguage\":\"es\"},{\"@type\":\"Organization\",\"@id\":\"https:\/\/janeke1830.it\/#organization\",\"name\":\"J\u00e4neke 1830\",\"url\":\"https:\/\/janeke1830.it\/\",\"logo\":{\"@type\":\"ImageObject\",\"inLanguage\":\"es\",\"@id\":\"https:\/\/janeke1830.it\/#\/schema\/logo\/image\/\",\"url\":\"https:\/\/janeke1830.it\/wp-content\/uploads\/2025\/12\/logo-nero-janeke.png\",\"contentUrl\":\"https:\/\/janeke1830.it\/wp-content\/uploads\/2025\/12\/logo-nero-janeke.png\",\"width\":1824,\"height\":829,\"caption\":\"J\u00e4neke 1830\"},\"image\":{\"@id\":\"https:\/\/janeke1830.it\/#\/schema\/logo\/image\/\"},\"sameAs\":[\"https:\/\/www.facebook.com\/janeke1830\",\"https:\/\/www.instagram.com\/janeke1830official\",\"https:\/\/www.linkedin.com\/company\/giorgio-janeke-s-r-l-\/\"]}]}<\/script>\n<!-- \/ Yoast SEO plugin. -->","yoast_head_json":{"title":"Pincel Tulip\u00e1n J\u00e4neke - Voluminizador y Dise\u00f1o \u00danico","description":"Moldea, da volumen y desenreda con el Cepillo Tulip\u00e1n J\u00e4neke. Dise\u00f1o de tulip\u00e1n \u00fanico y cerdas suaves para un cabello brillante. \u00a1Desc\u00fabrelo!","robots":{"index":"index","follow":"follow","max-snippet":"max-snippet:-1","max-image-preview":"max-image-preview:large","max-video-preview":"max-video-preview:-1"},"canonical":"https:\/\/janeke1830.it\/es\/prodotto\/tulipan\/","og_locale":"es_ES","og_type":"article","og_title":"Pincel Tulip\u00e1n J\u00e4neke - Voluminizador y Dise\u00f1o \u00danico","og_description":"Moldea, da volumen y desenreda con el Cepillo Tulip\u00e1n J\u00e4neke. Dise\u00f1o de tulip\u00e1n \u00fanico y cerdas suaves para un cabello brillante. \u00a1Desc\u00fabrelo!","og_url":"https:\/\/janeke1830.it\/es\/prodotto\/tulipan\/","og_site_name":"J\u00e4neke","article_publisher":"https:\/\/www.facebook.com\/janeke1830","article_modified_time":"2026-01-29T15:32:10+00:00","og_image":[{"width":1024,"height":1024,"url":"https:\/\/janeke1830.it\/wp-content\/uploads\/2026\/01\/SP503-OF.png","type":"image\/png"}],"twitter_card":"summary_large_image","schema":{"@context":"https:\/\/schema.org","@graph":[{"@type":"WebPage","@id":"https:\/\/janeke1830.it\/es\/prodotto\/tulipan\/","url":"https:\/\/janeke1830.it\/es\/prodotto\/tulipan\/","name":"Pincel Tulip\u00e1n J\u00e4neke - Voluminizador y Dise\u00f1o \u00danico","isPartOf":{"@id":"https:\/\/janeke1830.it\/#website"},"primaryImageOfPage":{"@id":"https:\/\/janeke1830.it\/es\/prodotto\/tulipan\/#primaryimage"},"image":{"@id":"https:\/\/janeke1830.it\/es\/prodotto\/tulipan\/#primaryimage"},"thumbnailUrl":"https:\/\/janeke1830.it\/wp-content\/uploads\/2026\/01\/spazzola-tulip-arancione-fucsia-sp503-of.png","datePublished":"2026-01-10T14:03:30+00:00","dateModified":"2026-01-29T15:32:10+00:00","description":"Moldea, da volumen y desenreda con el Cepillo Tulip\u00e1n J\u00e4neke. Dise\u00f1o de tulip\u00e1n \u00fanico y cerdas suaves para un cabello brillante. \u00a1Desc\u00fabrelo!","breadcrumb":{"@id":"https:\/\/janeke1830.it\/es\/prodotto\/tulipan\/#breadcrumb"},"inLanguage":"es","potentialAction":[{"@type":"ReadAction","target":["https:\/\/janeke1830.it\/es\/prodotto\/tulipan\/"]}]},{"@type":"ImageObject","inLanguage":"es","@id":"https:\/\/janeke1830.it\/es\/prodotto\/tulipan\/#primaryimage","url":"https:\/\/janeke1830.it\/wp-content\/uploads\/2026\/01\/spazzola-tulip-arancione-fucsia-sp503-of.png","contentUrl":"https:\/\/janeke1830.it\/wp-content\/uploads\/2026\/01\/spazzola-tulip-arancione-fucsia-sp503-of.png","width":1024,"height":1024,"caption":"Spazzola Tulip J\u00e4neke arancione e nera districante ergonomica"},{"@type":"BreadcrumbList","@id":"https:\/\/janeke1830.it\/es\/prodotto\/tulipan\/#breadcrumb","itemListElement":[{"@type":"ListItem","position":1,"name":"Home","item":"https:\/\/janeke1830.it\/"},{"@type":"ListItem","position":2,"name":"Tienda","item":"https:\/\/janeke1830.it\/es\/tienda\/"},{"@type":"ListItem","position":3,"name":"Tulip\u00e1n"}]},{"@type":"WebSite","@id":"https:\/\/janeke1830.it\/#website","url":"https:\/\/janeke1830.it\/","name":"J\u00e4neke 1830","description":"","publisher":{"@id":"https:\/\/janeke1830.it\/#organization"},"potentialAction":[{"@type":"SearchAction","target":{"@type":"EntryPoint","urlTemplate":"https:\/\/janeke1830.it\/?s={search_term_string}"},"query-input":{"@type":"PropertyValueSpecification","valueRequired":true,"valueName":"search_term_string"}}],"inLanguage":"es"},{"@type":"Organization","@id":"https:\/\/janeke1830.it\/#organization","name":"J\u00e4neke 1830","url":"https:\/\/janeke1830.it\/","logo":{"@type":"ImageObject","inLanguage":"es","@id":"https:\/\/janeke1830.it\/#\/schema\/logo\/image\/","url":"https:\/\/janeke1830.it\/wp-content\/uploads\/2025\/12\/logo-nero-janeke.png","contentUrl":"https:\/\/janeke1830.it\/wp-content\/uploads\/2025\/12\/logo-nero-janeke.png","width":1824,"height":829,"caption":"J\u00e4neke 1830"},"image":{"@id":"https:\/\/janeke1830.it\/#\/schema\/logo\/image\/"},"sameAs":["https:\/\/www.facebook.com\/janeke1830","https:\/\/www.instagram.com\/janeke1830official","https:\/\/www.linkedin.com\/company\/giorgio-janeke-s-r-l-\/"]}]}},"_links":{"self":[{"href":"https:\/\/janeke1830.it\/es\/wp-json\/wp\/v2\/product\/2719","targetHints":{"allow":["GET"]}}],"collection":[{"href":"https:\/\/janeke1830.it\/es\/wp-json\/wp\/v2\/product"}],"about":[{"href":"https:\/\/janeke1830.it\/es\/wp-json\/wp\/v2\/types\/product"}],"replies":[{"embeddable":true,"href":"https:\/\/janeke1830.it\/es\/wp-json\/wp\/v2\/comments?post=2719"}],"wp:featuredmedia":[{"embeddable":true,"href":"https:\/\/janeke1830.it\/es\/wp-json\/wp\/v2\/media\/2723"}],"wp:attachment":[{"href":"https:\/\/janeke1830.it\/es\/wp-json\/wp\/v2\/media?parent=2719"}],"wp:term":[{"taxonomy":"product_brand","embeddable":true,"href":"https:\/\/janeke1830.it\/es\/wp-json\/wp\/v2\/product_brand?post=2719"},{"taxonomy":"product_cat","embeddable":true,"href":"https:\/\/janeke1830.it\/es\/wp-json\/wp\/v2\/product_cat?post=2719"},{"taxonomy":"product_tag","embeddable":true,"href":"https:\/\/janeke1830.it\/es\/wp-json\/wp\/v2\/product_tag?post=2719"}],"curies":[{"name":"wp","href":"https:\/\/api.w.org\/{rel}","templated":true}]}}