{"id":2646,"date":"2026-01-10T15:18:54","date_gmt":"2026-01-10T14:18:54","guid":{"rendered":"https:\/\/janeke1830.it\/prodotto\/cepillo-curvy-m-vented\/"},"modified":"2026-01-29T16:32:01","modified_gmt":"2026-01-29T15:32:01","slug":"cepillo-curvy-m-vented","status":"publish","type":"product","link":"https:\/\/janeke1830.it\/es\/prodotto\/cepillo-curvy-m-vented\/","title":{"rendered":"Cepillo Curvy M Vented"},"content":{"rendered":"","protected":false},"excerpt":{"rendered":"<p>El cepillo Janeke <strong>Curvy \u201cM\u201d Vented Brush<\/strong> est\u00e1 dise\u00f1ado para ofrecer un secado r\u00e1pido del cabello gracias a la base ventilada que permite una perfecta circulaci\u00f3n del aire.<\/p>\n<p>El mango ergon\u00f3mico con forma curvada garantiza comodidad durante el uso, mientras que las cerdas redondeadas desenredan con delicadeza, masajean el cuero cabelludo y previenen el encrespamiento.<\/p>\n<p>Ideal para todo tipo de cabello y perfecto tambi\u00e9n para estilismos profesionales, este cepillo combina dise\u00f1o italiano y funcionalidad, ofreciendo calidad y estilo distintivos de la marca Janeke.<\/p>\n","protected":false},"featured_media":2651,"comment_status":"closed","ping_status":"closed","template":"","meta":[],"product_brand":[809],"product_cat":[210],"product_tag":[432],"class_list":{"0":"post-2646","1":"product","2":"type-product","3":"status-publish","4":"has-post-thumbnail","6":"product_brand-everyday","7":"product_cat-cepillos","8":"product_tag-obs","10":"first","11":"instock","12":"shipping-taxable","13":"purchasable","14":"product-type-variable","15":"has-default-attributes","16":"wvs-archive-product-wrapper"},"yoast_head":"<!-- This site is optimized with the Yoast SEO plugin v27.1.1 - https:\/\/yoast.com\/product\/yoast-seo-wordpress\/ -->\n<title>Cepillo J\u00e4neke Curvy M Ventilado - Secado R\u00e1pido<\/title>\n<meta name=\"description\" content=\"El cepillo ventilado J\u00e4neke Curvy M tiene una base ventilada para un secado r\u00e1pido. Mango ergon\u00f3mico y acci\u00f3n antiencrespamiento. Comprar ahora\" \/>\n<meta name=\"robots\" content=\"index, follow, max-snippet:-1, max-image-preview:large, max-video-preview:-1\" \/>\n<link rel=\"canonical\" href=\"https:\/\/janeke1830.it\/es\/prodotto\/cepillo-curvy-m-vented\/\" \/>\n<meta property=\"og:locale\" content=\"es_ES\" \/>\n<meta property=\"og:type\" content=\"article\" \/>\n<meta property=\"og:title\" content=\"Cepillo J\u00e4neke Curvy M Ventilado - Secado R\u00e1pido\" \/>\n<meta property=\"og:description\" content=\"El cepillo ventilado J\u00e4neke Curvy M tiene una base ventilada para un secado r\u00e1pido. Mango ergon\u00f3mico y acci\u00f3n antiencrespamiento. Comprar ahora\" \/>\n<meta property=\"og:url\" content=\"https:\/\/janeke1830.it\/es\/prodotto\/cepillo-curvy-m-vented\/\" \/>\n<meta property=\"og:site_name\" content=\"J\u00e4neke\" \/>\n<meta property=\"article:publisher\" content=\"https:\/\/www.facebook.com\/janeke1830\" \/>\n<meta property=\"article:modified_time\" content=\"2026-01-29T15:32:01+00:00\" \/>\n<meta property=\"og:image\" content=\"https:\/\/janeke1830.it\/wp-content\/uploads\/2025\/12\/curvym-magenta.png\" \/>\n\t<meta property=\"og:image:width\" content=\"1024\" \/>\n\t<meta property=\"og:image:height\" content=\"1024\" \/>\n\t<meta property=\"og:image:type\" content=\"image\/png\" \/>\n<meta name=\"twitter:card\" content=\"summary_large_image\" \/>\n<script type=\"application\/ld+json\" class=\"yoast-schema-graph\">{\"@context\":\"https:\/\/schema.org\",\"@graph\":[{\"@type\":\"WebPage\",\"@id\":\"https:\/\/janeke1830.it\/es\/prodotto\/cepillo-curvy-m-vented\/\",\"url\":\"https:\/\/janeke1830.it\/es\/prodotto\/cepillo-curvy-m-vented\/\",\"name\":\"Cepillo J\u00e4neke Curvy M Ventilado - Secado R\u00e1pido\",\"isPartOf\":{\"@id\":\"https:\/\/janeke1830.it\/#website\"},\"primaryImageOfPage\":{\"@id\":\"https:\/\/janeke1830.it\/es\/prodotto\/cepillo-curvy-m-vented\/#primaryimage\"},\"image\":{\"@id\":\"https:\/\/janeke1830.it\/es\/prodotto\/cepillo-curvy-m-vented\/#primaryimage\"},\"thumbnailUrl\":\"https:\/\/janeke1830.it\/wp-content\/uploads\/2025\/12\/spazzola-curvy-m-vented-magenta.png\",\"datePublished\":\"2026-01-10T14:18:54+00:00\",\"dateModified\":\"2026-01-29T15:32:01+00:00\",\"description\":\"El cepillo ventilado J\u00e4neke Curvy M tiene una base ventilada para un secado r\u00e1pido. Mango ergon\u00f3mico y acci\u00f3n antiencrespamiento. Comprar ahora\",\"breadcrumb\":{\"@id\":\"https:\/\/janeke1830.it\/es\/prodotto\/cepillo-curvy-m-vented\/#breadcrumb\"},\"inLanguage\":\"es\",\"potentialAction\":[{\"@type\":\"ReadAction\",\"target\":[\"https:\/\/janeke1830.it\/es\/prodotto\/cepillo-curvy-m-vented\/\"]}]},{\"@type\":\"ImageObject\",\"inLanguage\":\"es\",\"@id\":\"https:\/\/janeke1830.it\/es\/prodotto\/cepillo-curvy-m-vented\/#primaryimage\",\"url\":\"https:\/\/janeke1830.it\/wp-content\/uploads\/2025\/12\/spazzola-curvy-m-vented-magenta.png\",\"contentUrl\":\"https:\/\/janeke1830.it\/wp-content\/uploads\/2025\/12\/spazzola-curvy-m-vented-magenta.png\",\"width\":1024,\"height\":1024,\"caption\":\"Spazzola Curvy M Vented magenta per asciugatura veloce J\u00e4neke\"},{\"@type\":\"BreadcrumbList\",\"@id\":\"https:\/\/janeke1830.it\/es\/prodotto\/cepillo-curvy-m-vented\/#breadcrumb\",\"itemListElement\":[{\"@type\":\"ListItem\",\"position\":1,\"name\":\"Home\",\"item\":\"https:\/\/janeke1830.it\/\"},{\"@type\":\"ListItem\",\"position\":2,\"name\":\"Tienda\",\"item\":\"https:\/\/janeke1830.it\/es\/tienda\/\"},{\"@type\":\"ListItem\",\"position\":3,\"name\":\"Cepillo Curvy M Vented\"}]},{\"@type\":\"WebSite\",\"@id\":\"https:\/\/janeke1830.it\/#website\",\"url\":\"https:\/\/janeke1830.it\/\",\"name\":\"J\u00e4neke 1830\",\"description\":\"\",\"publisher\":{\"@id\":\"https:\/\/janeke1830.it\/#organization\"},\"potentialAction\":[{\"@type\":\"SearchAction\",\"target\":{\"@type\":\"EntryPoint\",\"urlTemplate\":\"https:\/\/janeke1830.it\/?s={search_term_string}\"},\"query-input\":{\"@type\":\"PropertyValueSpecification\",\"valueRequired\":true,\"valueName\":\"search_term_string\"}}],\"inLanguage\":\"es\"},{\"@type\":\"Organization\",\"@id\":\"https:\/\/janeke1830.it\/#organization\",\"name\":\"J\u00e4neke 1830\",\"url\":\"https:\/\/janeke1830.it\/\",\"logo\":{\"@type\":\"ImageObject\",\"inLanguage\":\"es\",\"@id\":\"https:\/\/janeke1830.it\/#\/schema\/logo\/image\/\",\"url\":\"https:\/\/janeke1830.it\/wp-content\/uploads\/2025\/12\/logo-nero-janeke.png\",\"contentUrl\":\"https:\/\/janeke1830.it\/wp-content\/uploads\/2025\/12\/logo-nero-janeke.png\",\"width\":1824,\"height\":829,\"caption\":\"J\u00e4neke 1830\"},\"image\":{\"@id\":\"https:\/\/janeke1830.it\/#\/schema\/logo\/image\/\"},\"sameAs\":[\"https:\/\/www.facebook.com\/janeke1830\",\"https:\/\/www.instagram.com\/janeke1830official\",\"https:\/\/www.linkedin.com\/company\/giorgio-janeke-s-r-l-\/\"]}]}<\/script>\n<!-- \/ Yoast SEO plugin. -->","yoast_head_json":{"title":"Cepillo J\u00e4neke Curvy M Ventilado - Secado R\u00e1pido","description":"El cepillo ventilado J\u00e4neke Curvy M tiene una base ventilada para un secado r\u00e1pido. Mango ergon\u00f3mico y acci\u00f3n antiencrespamiento. Comprar ahora","robots":{"index":"index","follow":"follow","max-snippet":"max-snippet:-1","max-image-preview":"max-image-preview:large","max-video-preview":"max-video-preview:-1"},"canonical":"https:\/\/janeke1830.it\/es\/prodotto\/cepillo-curvy-m-vented\/","og_locale":"es_ES","og_type":"article","og_title":"Cepillo J\u00e4neke Curvy M Ventilado - Secado R\u00e1pido","og_description":"El cepillo ventilado J\u00e4neke Curvy M tiene una base ventilada para un secado r\u00e1pido. Mango ergon\u00f3mico y acci\u00f3n antiencrespamiento. Comprar ahora","og_url":"https:\/\/janeke1830.it\/es\/prodotto\/cepillo-curvy-m-vented\/","og_site_name":"J\u00e4neke","article_publisher":"https:\/\/www.facebook.com\/janeke1830","article_modified_time":"2026-01-29T15:32:01+00:00","og_image":[{"width":1024,"height":1024,"url":"https:\/\/janeke1830.it\/wp-content\/uploads\/2025\/12\/curvym-magenta.png","type":"image\/png"}],"twitter_card":"summary_large_image","schema":{"@context":"https:\/\/schema.org","@graph":[{"@type":"WebPage","@id":"https:\/\/janeke1830.it\/es\/prodotto\/cepillo-curvy-m-vented\/","url":"https:\/\/janeke1830.it\/es\/prodotto\/cepillo-curvy-m-vented\/","name":"Cepillo J\u00e4neke Curvy M Ventilado - Secado R\u00e1pido","isPartOf":{"@id":"https:\/\/janeke1830.it\/#website"},"primaryImageOfPage":{"@id":"https:\/\/janeke1830.it\/es\/prodotto\/cepillo-curvy-m-vented\/#primaryimage"},"image":{"@id":"https:\/\/janeke1830.it\/es\/prodotto\/cepillo-curvy-m-vented\/#primaryimage"},"thumbnailUrl":"https:\/\/janeke1830.it\/wp-content\/uploads\/2025\/12\/spazzola-curvy-m-vented-magenta.png","datePublished":"2026-01-10T14:18:54+00:00","dateModified":"2026-01-29T15:32:01+00:00","description":"El cepillo ventilado J\u00e4neke Curvy M tiene una base ventilada para un secado r\u00e1pido. Mango ergon\u00f3mico y acci\u00f3n antiencrespamiento. Comprar ahora","breadcrumb":{"@id":"https:\/\/janeke1830.it\/es\/prodotto\/cepillo-curvy-m-vented\/#breadcrumb"},"inLanguage":"es","potentialAction":[{"@type":"ReadAction","target":["https:\/\/janeke1830.it\/es\/prodotto\/cepillo-curvy-m-vented\/"]}]},{"@type":"ImageObject","inLanguage":"es","@id":"https:\/\/janeke1830.it\/es\/prodotto\/cepillo-curvy-m-vented\/#primaryimage","url":"https:\/\/janeke1830.it\/wp-content\/uploads\/2025\/12\/spazzola-curvy-m-vented-magenta.png","contentUrl":"https:\/\/janeke1830.it\/wp-content\/uploads\/2025\/12\/spazzola-curvy-m-vented-magenta.png","width":1024,"height":1024,"caption":"Spazzola Curvy M Vented magenta per asciugatura veloce J\u00e4neke"},{"@type":"BreadcrumbList","@id":"https:\/\/janeke1830.it\/es\/prodotto\/cepillo-curvy-m-vented\/#breadcrumb","itemListElement":[{"@type":"ListItem","position":1,"name":"Home","item":"https:\/\/janeke1830.it\/"},{"@type":"ListItem","position":2,"name":"Tienda","item":"https:\/\/janeke1830.it\/es\/tienda\/"},{"@type":"ListItem","position":3,"name":"Cepillo Curvy M Vented"}]},{"@type":"WebSite","@id":"https:\/\/janeke1830.it\/#website","url":"https:\/\/janeke1830.it\/","name":"J\u00e4neke 1830","description":"","publisher":{"@id":"https:\/\/janeke1830.it\/#organization"},"potentialAction":[{"@type":"SearchAction","target":{"@type":"EntryPoint","urlTemplate":"https:\/\/janeke1830.it\/?s={search_term_string}"},"query-input":{"@type":"PropertyValueSpecification","valueRequired":true,"valueName":"search_term_string"}}],"inLanguage":"es"},{"@type":"Organization","@id":"https:\/\/janeke1830.it\/#organization","name":"J\u00e4neke 1830","url":"https:\/\/janeke1830.it\/","logo":{"@type":"ImageObject","inLanguage":"es","@id":"https:\/\/janeke1830.it\/#\/schema\/logo\/image\/","url":"https:\/\/janeke1830.it\/wp-content\/uploads\/2025\/12\/logo-nero-janeke.png","contentUrl":"https:\/\/janeke1830.it\/wp-content\/uploads\/2025\/12\/logo-nero-janeke.png","width":1824,"height":829,"caption":"J\u00e4neke 1830"},"image":{"@id":"https:\/\/janeke1830.it\/#\/schema\/logo\/image\/"},"sameAs":["https:\/\/www.facebook.com\/janeke1830","https:\/\/www.instagram.com\/janeke1830official","https:\/\/www.linkedin.com\/company\/giorgio-janeke-s-r-l-\/"]}]}},"_links":{"self":[{"href":"https:\/\/janeke1830.it\/es\/wp-json\/wp\/v2\/product\/2646","targetHints":{"allow":["GET"]}}],"collection":[{"href":"https:\/\/janeke1830.it\/es\/wp-json\/wp\/v2\/product"}],"about":[{"href":"https:\/\/janeke1830.it\/es\/wp-json\/wp\/v2\/types\/product"}],"replies":[{"embeddable":true,"href":"https:\/\/janeke1830.it\/es\/wp-json\/wp\/v2\/comments?post=2646"}],"wp:featuredmedia":[{"embeddable":true,"href":"https:\/\/janeke1830.it\/es\/wp-json\/wp\/v2\/media\/2651"}],"wp:attachment":[{"href":"https:\/\/janeke1830.it\/es\/wp-json\/wp\/v2\/media?parent=2646"}],"wp:term":[{"taxonomy":"product_brand","embeddable":true,"href":"https:\/\/janeke1830.it\/es\/wp-json\/wp\/v2\/product_brand?post=2646"},{"taxonomy":"product_cat","embeddable":true,"href":"https:\/\/janeke1830.it\/es\/wp-json\/wp\/v2\/product_cat?post=2646"},{"taxonomy":"product_tag","embeddable":true,"href":"https:\/\/janeke1830.it\/es\/wp-json\/wp\/v2\/product_tag?post=2646"}],"curies":[{"name":"wp","href":"https:\/\/api.w.org\/{rel}","templated":true}]}}