{"id":2593,"date":"2026-01-10T14:50:57","date_gmt":"2026-01-10T13:50:57","guid":{"rendered":"https:\/\/janeke1830.it\/prodotto\/cepillo-superbrush-con-espejo\/"},"modified":"2026-03-03T11:48:05","modified_gmt":"2026-03-03T10:48:05","slug":"cepillo-superbrush-con-espejo","status":"publish","type":"product","link":"https:\/\/janeke1830.it\/es\/prodotto\/cepillo-superbrush-con-espejo\/","title":{"rendered":"Superbrush con espejo"},"content":{"rendered":"","protected":false},"excerpt":{"rendered":"<p>Refinado y pr\u00e1ctico, el<strong> supercepillo con espejo Janeke<\/strong> combina la elegancia del dise\u00f1o italiano con la funcionalidad cotidiana. La base compacta y las p\u00faas flexibles desenredan suavemente el pelo, reduciendo su rotura y dej\u00e1ndolo suave y brillante. El espejo integrado a\u00f1ade un detalle elegante y pr\u00e1ctico, ideal para peinarse en cualquier momento del d\u00eda.  <\/p>\n<p>Perfecta para llevar en el bolso o de viaje, ofrece la calidad y la atenci\u00f3n al detalle que caracterizan la marca Janeke.<\/p>\n","protected":false},"featured_media":2594,"comment_status":"closed","ping_status":"closed","template":"","meta":[],"product_brand":[814],"product_cat":[210],"product_tag":[479],"class_list":{"0":"post-2593","1":"product","2":"type-product","3":"status-publish","4":"has-post-thumbnail","6":"product_brand-luxury","7":"product_cat-cepillos","8":"product_tag-gold","10":"first","11":"instock","12":"shipping-taxable","13":"purchasable","14":"product-type-variable","15":"wvs-archive-product-wrapper"},"yoast_head":"<!-- This site is optimized with the Yoast SEO plugin v27.5 - https:\/\/yoast.com\/product\/yoast-seo-wordpress\/ -->\n<title>J\u00e4neke Superbrush con Espejo - Pr\u00e1ctico y Elegante<\/title>\n<meta name=\"description\" content=\"Ll\u00e9vate el Superbrush con Espejo J\u00e4neke a todas partes. Desenreda suavemente y retoca el pliegue. Combina estilo y practicidad. C\u00f3mpralo\" \/>\n<meta name=\"robots\" content=\"index, follow, max-snippet:-1, max-image-preview:large, max-video-preview:-1\" \/>\n<link rel=\"canonical\" href=\"https:\/\/janeke1830.it\/es\/prodotto\/cepillo-superbrush-con-espejo\/\" \/>\n<meta property=\"og:locale\" content=\"es_ES\" \/>\n<meta property=\"og:type\" content=\"article\" \/>\n<meta property=\"og:title\" content=\"J\u00e4neke Superbrush con Espejo - Pr\u00e1ctico y Elegante\" \/>\n<meta property=\"og:description\" content=\"Ll\u00e9vate el Superbrush con Espejo J\u00e4neke a todas partes. Desenreda suavemente y retoca el pliegue. Combina estilo y practicidad. C\u00f3mpralo\" \/>\n<meta property=\"og:url\" content=\"https:\/\/janeke1830.it\/es\/prodotto\/cepillo-superbrush-con-espejo\/\" \/>\n<meta property=\"og:site_name\" content=\"J\u00e4neke\" \/>\n<meta property=\"article:publisher\" content=\"https:\/\/www.facebook.com\/janeke1830\" \/>\n<meta property=\"article:modified_time\" content=\"2026-03-03T10:48:05+00:00\" \/>\n<meta property=\"og:image\" content=\"https:\/\/janeke1830.it\/wp-content\/uploads\/2026\/01\/AUSP230SP-1-1.png\" \/>\n\t<meta property=\"og:image:width\" content=\"1024\" \/>\n\t<meta property=\"og:image:height\" content=\"1024\" \/>\n\t<meta property=\"og:image:type\" content=\"image\/png\" \/>\n<meta name=\"twitter:card\" content=\"summary_large_image\" \/>\n<script type=\"application\/ld+json\" class=\"yoast-schema-graph\">{\"@context\":\"https:\\\/\\\/schema.org\",\"@graph\":[{\"@type\":\"WebPage\",\"@id\":\"https:\\\/\\\/janeke1830.it\\\/es\\\/prodotto\\\/cepillo-superbrush-con-espejo\\\/\",\"url\":\"https:\\\/\\\/janeke1830.it\\\/es\\\/prodotto\\\/cepillo-superbrush-con-espejo\\\/\",\"name\":\"J\u00e4neke Superbrush con Espejo - Pr\u00e1ctico y Elegante\",\"isPartOf\":{\"@id\":\"https:\\\/\\\/janeke1830.it\\\/#website\"},\"primaryImageOfPage\":{\"@id\":\"https:\\\/\\\/janeke1830.it\\\/es\\\/prodotto\\\/cepillo-superbrush-con-espejo\\\/#primaryimage\"},\"image\":{\"@id\":\"https:\\\/\\\/janeke1830.it\\\/es\\\/prodotto\\\/cepillo-superbrush-con-espejo\\\/#primaryimage\"},\"thumbnailUrl\":\"https:\\\/\\\/janeke1830.it\\\/wp-content\\\/uploads\\\/2026\\\/01\\\/superbrush-spazzola-specchio-oro-ausp230sp-1-1.png\",\"datePublished\":\"2026-01-10T13:50:57+00:00\",\"dateModified\":\"2026-03-03T10:48:05+00:00\",\"description\":\"Ll\u00e9vate el Superbrush con Espejo J\u00e4neke a todas partes. Desenreda suavemente y retoca el pliegue. Combina estilo y practicidad. C\u00f3mpralo\",\"breadcrumb\":{\"@id\":\"https:\\\/\\\/janeke1830.it\\\/es\\\/prodotto\\\/cepillo-superbrush-con-espejo\\\/#breadcrumb\"},\"inLanguage\":\"es\",\"potentialAction\":[{\"@type\":\"ReadAction\",\"target\":[\"https:\\\/\\\/janeke1830.it\\\/es\\\/prodotto\\\/cepillo-superbrush-con-espejo\\\/\"]}]},{\"@type\":\"ImageObject\",\"inLanguage\":\"es\",\"@id\":\"https:\\\/\\\/janeke1830.it\\\/es\\\/prodotto\\\/cepillo-superbrush-con-espejo\\\/#primaryimage\",\"url\":\"https:\\\/\\\/janeke1830.it\\\/wp-content\\\/uploads\\\/2026\\\/01\\\/superbrush-spazzola-specchio-oro-ausp230sp-1-1.png\",\"contentUrl\":\"https:\\\/\\\/janeke1830.it\\\/wp-content\\\/uploads\\\/2026\\\/01\\\/superbrush-spazzola-specchio-oro-ausp230sp-1-1.png\",\"width\":1024,\"height\":1024,\"caption\":\"Spazzola Superbrush oro con specchio integrato da borsetta lusso J\u00e4neke\"},{\"@type\":\"BreadcrumbList\",\"@id\":\"https:\\\/\\\/janeke1830.it\\\/es\\\/prodotto\\\/cepillo-superbrush-con-espejo\\\/#breadcrumb\",\"itemListElement\":[{\"@type\":\"ListItem\",\"position\":1,\"name\":\"Home\",\"item\":\"https:\\\/\\\/janeke1830.it\\\/\"},{\"@type\":\"ListItem\",\"position\":2,\"name\":\"Tienda\",\"item\":\"https:\\\/\\\/janeke1830.it\\\/es\\\/tienda\\\/\"},{\"@type\":\"ListItem\",\"position\":3,\"name\":\"Superbrush con espejo\"}]},{\"@type\":\"WebSite\",\"@id\":\"https:\\\/\\\/janeke1830.it\\\/#website\",\"url\":\"https:\\\/\\\/janeke1830.it\\\/\",\"name\":\"J\u00e4neke 1830\",\"description\":\"\",\"publisher\":{\"@id\":\"https:\\\/\\\/janeke1830.it\\\/#organization\"},\"potentialAction\":[{\"@type\":\"SearchAction\",\"target\":{\"@type\":\"EntryPoint\",\"urlTemplate\":\"https:\\\/\\\/janeke1830.it\\\/?s={search_term_string}\"},\"query-input\":{\"@type\":\"PropertyValueSpecification\",\"valueRequired\":true,\"valueName\":\"search_term_string\"}}],\"inLanguage\":\"es\"},{\"@type\":\"Organization\",\"@id\":\"https:\\\/\\\/janeke1830.it\\\/#organization\",\"name\":\"J\u00e4neke 1830\",\"url\":\"https:\\\/\\\/janeke1830.it\\\/\",\"logo\":{\"@type\":\"ImageObject\",\"inLanguage\":\"es\",\"@id\":\"https:\\\/\\\/janeke1830.it\\\/#\\\/schema\\\/logo\\\/image\\\/\",\"url\":\"https:\\\/\\\/janeke1830.it\\\/wp-content\\\/uploads\\\/2025\\\/12\\\/logo-nero-janeke.png\",\"contentUrl\":\"https:\\\/\\\/janeke1830.it\\\/wp-content\\\/uploads\\\/2025\\\/12\\\/logo-nero-janeke.png\",\"width\":1824,\"height\":829,\"caption\":\"J\u00e4neke 1830\"},\"image\":{\"@id\":\"https:\\\/\\\/janeke1830.it\\\/#\\\/schema\\\/logo\\\/image\\\/\"},\"sameAs\":[\"https:\\\/\\\/www.facebook.com\\\/janeke1830\",\"https:\\\/\\\/www.instagram.com\\\/janeke1830official\",\"https:\\\/\\\/www.linkedin.com\\\/company\\\/giorgio-janeke-s-r-l-\\\/\"]}]}<\/script>\n<!-- \/ Yoast SEO plugin. -->","yoast_head_json":{"title":"J\u00e4neke Superbrush con Espejo - Pr\u00e1ctico y Elegante","description":"Ll\u00e9vate el Superbrush con Espejo J\u00e4neke a todas partes. Desenreda suavemente y retoca el pliegue. Combina estilo y practicidad. C\u00f3mpralo","robots":{"index":"index","follow":"follow","max-snippet":"max-snippet:-1","max-image-preview":"max-image-preview:large","max-video-preview":"max-video-preview:-1"},"canonical":"https:\/\/janeke1830.it\/es\/prodotto\/cepillo-superbrush-con-espejo\/","og_locale":"es_ES","og_type":"article","og_title":"J\u00e4neke Superbrush con Espejo - Pr\u00e1ctico y Elegante","og_description":"Ll\u00e9vate el Superbrush con Espejo J\u00e4neke a todas partes. Desenreda suavemente y retoca el pliegue. Combina estilo y practicidad. C\u00f3mpralo","og_url":"https:\/\/janeke1830.it\/es\/prodotto\/cepillo-superbrush-con-espejo\/","og_site_name":"J\u00e4neke","article_publisher":"https:\/\/www.facebook.com\/janeke1830","article_modified_time":"2026-03-03T10:48:05+00:00","og_image":[{"width":1024,"height":1024,"url":"https:\/\/janeke1830.it\/wp-content\/uploads\/2026\/01\/AUSP230SP-1-1.png","type":"image\/png"}],"twitter_card":"summary_large_image","schema":{"@context":"https:\/\/schema.org","@graph":[{"@type":"WebPage","@id":"https:\/\/janeke1830.it\/es\/prodotto\/cepillo-superbrush-con-espejo\/","url":"https:\/\/janeke1830.it\/es\/prodotto\/cepillo-superbrush-con-espejo\/","name":"J\u00e4neke Superbrush con Espejo - Pr\u00e1ctico y Elegante","isPartOf":{"@id":"https:\/\/janeke1830.it\/#website"},"primaryImageOfPage":{"@id":"https:\/\/janeke1830.it\/es\/prodotto\/cepillo-superbrush-con-espejo\/#primaryimage"},"image":{"@id":"https:\/\/janeke1830.it\/es\/prodotto\/cepillo-superbrush-con-espejo\/#primaryimage"},"thumbnailUrl":"https:\/\/janeke1830.it\/wp-content\/uploads\/2026\/01\/superbrush-spazzola-specchio-oro-ausp230sp-1-1.png","datePublished":"2026-01-10T13:50:57+00:00","dateModified":"2026-03-03T10:48:05+00:00","description":"Ll\u00e9vate el Superbrush con Espejo J\u00e4neke a todas partes. Desenreda suavemente y retoca el pliegue. Combina estilo y practicidad. C\u00f3mpralo","breadcrumb":{"@id":"https:\/\/janeke1830.it\/es\/prodotto\/cepillo-superbrush-con-espejo\/#breadcrumb"},"inLanguage":"es","potentialAction":[{"@type":"ReadAction","target":["https:\/\/janeke1830.it\/es\/prodotto\/cepillo-superbrush-con-espejo\/"]}]},{"@type":"ImageObject","inLanguage":"es","@id":"https:\/\/janeke1830.it\/es\/prodotto\/cepillo-superbrush-con-espejo\/#primaryimage","url":"https:\/\/janeke1830.it\/wp-content\/uploads\/2026\/01\/superbrush-spazzola-specchio-oro-ausp230sp-1-1.png","contentUrl":"https:\/\/janeke1830.it\/wp-content\/uploads\/2026\/01\/superbrush-spazzola-specchio-oro-ausp230sp-1-1.png","width":1024,"height":1024,"caption":"Spazzola Superbrush oro con specchio integrato da borsetta lusso J\u00e4neke"},{"@type":"BreadcrumbList","@id":"https:\/\/janeke1830.it\/es\/prodotto\/cepillo-superbrush-con-espejo\/#breadcrumb","itemListElement":[{"@type":"ListItem","position":1,"name":"Home","item":"https:\/\/janeke1830.it\/"},{"@type":"ListItem","position":2,"name":"Tienda","item":"https:\/\/janeke1830.it\/es\/tienda\/"},{"@type":"ListItem","position":3,"name":"Superbrush con espejo"}]},{"@type":"WebSite","@id":"https:\/\/janeke1830.it\/#website","url":"https:\/\/janeke1830.it\/","name":"J\u00e4neke 1830","description":"","publisher":{"@id":"https:\/\/janeke1830.it\/#organization"},"potentialAction":[{"@type":"SearchAction","target":{"@type":"EntryPoint","urlTemplate":"https:\/\/janeke1830.it\/?s={search_term_string}"},"query-input":{"@type":"PropertyValueSpecification","valueRequired":true,"valueName":"search_term_string"}}],"inLanguage":"es"},{"@type":"Organization","@id":"https:\/\/janeke1830.it\/#organization","name":"J\u00e4neke 1830","url":"https:\/\/janeke1830.it\/","logo":{"@type":"ImageObject","inLanguage":"es","@id":"https:\/\/janeke1830.it\/#\/schema\/logo\/image\/","url":"https:\/\/janeke1830.it\/wp-content\/uploads\/2025\/12\/logo-nero-janeke.png","contentUrl":"https:\/\/janeke1830.it\/wp-content\/uploads\/2025\/12\/logo-nero-janeke.png","width":1824,"height":829,"caption":"J\u00e4neke 1830"},"image":{"@id":"https:\/\/janeke1830.it\/#\/schema\/logo\/image\/"},"sameAs":["https:\/\/www.facebook.com\/janeke1830","https:\/\/www.instagram.com\/janeke1830official","https:\/\/www.linkedin.com\/company\/giorgio-janeke-s-r-l-\/"]}]}},"_links":{"self":[{"href":"https:\/\/janeke1830.it\/es\/wp-json\/wp\/v2\/product\/2593","targetHints":{"allow":["GET"]}}],"collection":[{"href":"https:\/\/janeke1830.it\/es\/wp-json\/wp\/v2\/product"}],"about":[{"href":"https:\/\/janeke1830.it\/es\/wp-json\/wp\/v2\/types\/product"}],"replies":[{"embeddable":true,"href":"https:\/\/janeke1830.it\/es\/wp-json\/wp\/v2\/comments?post=2593"}],"wp:featuredmedia":[{"embeddable":true,"href":"https:\/\/janeke1830.it\/es\/wp-json\/wp\/v2\/media\/2594"}],"wp:attachment":[{"href":"https:\/\/janeke1830.it\/es\/wp-json\/wp\/v2\/media?parent=2593"}],"wp:term":[{"taxonomy":"product_brand","embeddable":true,"href":"https:\/\/janeke1830.it\/es\/wp-json\/wp\/v2\/product_brand?post=2593"},{"taxonomy":"product_cat","embeddable":true,"href":"https:\/\/janeke1830.it\/es\/wp-json\/wp\/v2\/product_cat?post=2593"},{"taxonomy":"product_tag","embeddable":true,"href":"https:\/\/janeke1830.it\/es\/wp-json\/wp\/v2\/product_tag?post=2593"}],"curies":[{"name":"wp","href":"https:\/\/api.w.org\/{rel}","templated":true}]}}