{"id":2448,"date":"2026-01-10T19:05:27","date_gmt":"2026-01-10T18:05:27","guid":{"rendered":"https:\/\/janeke1830.it\/prodotto\/cepillo-j-brush\/"},"modified":"2026-03-03T11:48:02","modified_gmt":"2026-03-03T10:48:02","slug":"cepillo-j-brush","status":"publish","type":"product","link":"https:\/\/janeke1830.it\/es\/prodotto\/cepillo-j-brush\/","title":{"rendered":"Cepillo J Brush"},"content":{"rendered":"","protected":false},"excerpt":{"rendered":"<p>El <strong>J Brush Janeke<\/strong> est\u00e1 dise\u00f1ado espec\u00edficamente para el cabello rizado, para desenredar nudos y definir los rizos sin romperlos ni crear encrespamiento. Las cerdas flexibles y resistentes trabajan delicadamente la melena, manteniendo la elasticidad natural de los rizos y garantizando suavidad y brillo. <\/p>\n<p>Ergon\u00f3mico y pr\u00e1ctico de usar, es el instrumento ideal para el cuidado diario del cabello rizado, uniendo funcionalidad y calidad con el estilo distintivo de la marca Janeke.<\/p>\n","protected":false},"featured_media":2449,"comment_status":"closed","ping_status":"closed","template":"","meta":[],"product_brand":[809],"product_cat":[210],"product_tag":[432],"class_list":{"0":"post-2448","1":"product","2":"type-product","3":"status-publish","4":"has-post-thumbnail","6":"product_brand-everyday","7":"product_cat-cepillos","8":"product_tag-obs","10":"first","11":"instock","12":"shipping-taxable","13":"purchasable","14":"product-type-variable","15":"wvs-archive-product-wrapper"},"yoast_head":"<!-- This site is optimized with the Yoast SEO plugin v27.6 - https:\/\/yoast.com\/product\/yoast-seo-wordpress\/ -->\n<title>Cepillo J de J\u00e4neke - Para cabellos rizados y definidos<\/title>\n<meta name=\"description\" content=\"\u00bfBuscas rizos definidos? El cepillo J de J\u00e4neke desenreda sin crear encrespamiento. Cerdas flexibles que mantienen la elasticidad. \u00a1Pru\u00e9balo!\" \/>\n<meta name=\"robots\" content=\"index, follow, max-snippet:-1, max-image-preview:large, max-video-preview:-1\" \/>\n<link rel=\"canonical\" href=\"https:\/\/janeke1830.it\/es\/prodotto\/cepillo-j-brush\/\" \/>\n<meta property=\"og:locale\" content=\"es_ES\" \/>\n<meta property=\"og:type\" content=\"article\" \/>\n<meta property=\"og:title\" content=\"Cepillo J de J\u00e4neke - Para cabellos rizados y definidos\" \/>\n<meta property=\"og:description\" content=\"\u00bfBuscas rizos definidos? El cepillo J de J\u00e4neke desenreda sin crear encrespamiento. Cerdas flexibles que mantienen la elasticidad. \u00a1Pru\u00e9balo!\" \/>\n<meta property=\"og:url\" content=\"https:\/\/janeke1830.it\/es\/prodotto\/cepillo-j-brush\/\" \/>\n<meta property=\"og:site_name\" content=\"J\u00e4neke\" \/>\n<meta property=\"article:publisher\" content=\"https:\/\/www.facebook.com\/janeke1830\" \/>\n<meta property=\"article:modified_time\" content=\"2026-03-03T10:48:02+00:00\" \/>\n<meta property=\"og:image\" content=\"https:\/\/janeke1830.it\/wp-content\/uploads\/2025\/12\/jbrush-magenta.png\" \/>\n\t<meta property=\"og:image:width\" content=\"1024\" \/>\n\t<meta property=\"og:image:height\" content=\"1024\" \/>\n\t<meta property=\"og:image:type\" content=\"image\/png\" \/>\n<meta name=\"twitter:card\" content=\"summary_large_image\" \/>\n<script type=\"application\/ld+json\" class=\"yoast-schema-graph\">{\"@context\":\"https:\\\/\\\/schema.org\",\"@graph\":[{\"@type\":\"WebPage\",\"@id\":\"https:\\\/\\\/janeke1830.it\\\/es\\\/prodotto\\\/cepillo-j-brush\\\/\",\"url\":\"https:\\\/\\\/janeke1830.it\\\/es\\\/prodotto\\\/cepillo-j-brush\\\/\",\"name\":\"Cepillo J de J\u00e4neke - Para cabellos rizados y definidos\",\"isPartOf\":{\"@id\":\"https:\\\/\\\/janeke1830.it\\\/#website\"},\"primaryImageOfPage\":{\"@id\":\"https:\\\/\\\/janeke1830.it\\\/es\\\/prodotto\\\/cepillo-j-brush\\\/#primaryimage\"},\"image\":{\"@id\":\"https:\\\/\\\/janeke1830.it\\\/es\\\/prodotto\\\/cepillo-j-brush\\\/#primaryimage\"},\"thumbnailUrl\":\"https:\\\/\\\/janeke1830.it\\\/wp-content\\\/uploads\\\/2025\\\/12\\\/spazzola-curva-j-brush-magenta.png\",\"datePublished\":\"2026-01-10T18:05:27+00:00\",\"dateModified\":\"2026-03-03T10:48:02+00:00\",\"description\":\"\u00bfBuscas rizos definidos? El cepillo J de J\u00e4neke desenreda sin crear encrespamiento. Cerdas flexibles que mantienen la elasticidad. \u00a1Pru\u00e9balo!\",\"breadcrumb\":{\"@id\":\"https:\\\/\\\/janeke1830.it\\\/es\\\/prodotto\\\/cepillo-j-brush\\\/#breadcrumb\"},\"inLanguage\":\"es\",\"potentialAction\":[{\"@type\":\"ReadAction\",\"target\":[\"https:\\\/\\\/janeke1830.it\\\/es\\\/prodotto\\\/cepillo-j-brush\\\/\"]}]},{\"@type\":\"ImageObject\",\"inLanguage\":\"es\",\"@id\":\"https:\\\/\\\/janeke1830.it\\\/es\\\/prodotto\\\/cepillo-j-brush\\\/#primaryimage\",\"url\":\"https:\\\/\\\/janeke1830.it\\\/wp-content\\\/uploads\\\/2025\\\/12\\\/spazzola-curva-j-brush-magenta.png\",\"contentUrl\":\"https:\\\/\\\/janeke1830.it\\\/wp-content\\\/uploads\\\/2025\\\/12\\\/spazzola-curva-j-brush-magenta.png\",\"width\":1024,\"height\":1024,\"caption\":\"Spazzola curva J Brush magenta districante J\u00e4neke\"},{\"@type\":\"BreadcrumbList\",\"@id\":\"https:\\\/\\\/janeke1830.it\\\/es\\\/prodotto\\\/cepillo-j-brush\\\/#breadcrumb\",\"itemListElement\":[{\"@type\":\"ListItem\",\"position\":1,\"name\":\"Home\",\"item\":\"https:\\\/\\\/janeke1830.it\\\/\"},{\"@type\":\"ListItem\",\"position\":2,\"name\":\"Tienda\",\"item\":\"https:\\\/\\\/janeke1830.it\\\/es\\\/tienda\\\/\"},{\"@type\":\"ListItem\",\"position\":3,\"name\":\"Cepillo J Brush\"}]},{\"@type\":\"WebSite\",\"@id\":\"https:\\\/\\\/janeke1830.it\\\/#website\",\"url\":\"https:\\\/\\\/janeke1830.it\\\/\",\"name\":\"J\u00e4neke 1830\",\"description\":\"\",\"publisher\":{\"@id\":\"https:\\\/\\\/janeke1830.it\\\/#organization\"},\"potentialAction\":[{\"@type\":\"SearchAction\",\"target\":{\"@type\":\"EntryPoint\",\"urlTemplate\":\"https:\\\/\\\/janeke1830.it\\\/?s={search_term_string}\"},\"query-input\":{\"@type\":\"PropertyValueSpecification\",\"valueRequired\":true,\"valueName\":\"search_term_string\"}}],\"inLanguage\":\"es\"},{\"@type\":\"Organization\",\"@id\":\"https:\\\/\\\/janeke1830.it\\\/#organization\",\"name\":\"J\u00e4neke 1830\",\"url\":\"https:\\\/\\\/janeke1830.it\\\/\",\"logo\":{\"@type\":\"ImageObject\",\"inLanguage\":\"es\",\"@id\":\"https:\\\/\\\/janeke1830.it\\\/#\\\/schema\\\/logo\\\/image\\\/\",\"url\":\"https:\\\/\\\/janeke1830.it\\\/wp-content\\\/uploads\\\/2025\\\/12\\\/logo-nero-janeke.png\",\"contentUrl\":\"https:\\\/\\\/janeke1830.it\\\/wp-content\\\/uploads\\\/2025\\\/12\\\/logo-nero-janeke.png\",\"width\":1824,\"height\":829,\"caption\":\"J\u00e4neke 1830\"},\"image\":{\"@id\":\"https:\\\/\\\/janeke1830.it\\\/#\\\/schema\\\/logo\\\/image\\\/\"},\"sameAs\":[\"https:\\\/\\\/www.facebook.com\\\/janeke1830\",\"https:\\\/\\\/www.instagram.com\\\/janeke1830official\",\"https:\\\/\\\/www.linkedin.com\\\/company\\\/giorgio-janeke-s-r-l-\\\/\"]}]}<\/script>\n<!-- \/ Yoast SEO plugin. -->","yoast_head_json":{"title":"Cepillo J de J\u00e4neke - Para cabellos rizados y definidos","description":"\u00bfBuscas rizos definidos? El cepillo J de J\u00e4neke desenreda sin crear encrespamiento. Cerdas flexibles que mantienen la elasticidad. \u00a1Pru\u00e9balo!","robots":{"index":"index","follow":"follow","max-snippet":"max-snippet:-1","max-image-preview":"max-image-preview:large","max-video-preview":"max-video-preview:-1"},"canonical":"https:\/\/janeke1830.it\/es\/prodotto\/cepillo-j-brush\/","og_locale":"es_ES","og_type":"article","og_title":"Cepillo J de J\u00e4neke - Para cabellos rizados y definidos","og_description":"\u00bfBuscas rizos definidos? El cepillo J de J\u00e4neke desenreda sin crear encrespamiento. Cerdas flexibles que mantienen la elasticidad. \u00a1Pru\u00e9balo!","og_url":"https:\/\/janeke1830.it\/es\/prodotto\/cepillo-j-brush\/","og_site_name":"J\u00e4neke","article_publisher":"https:\/\/www.facebook.com\/janeke1830","article_modified_time":"2026-03-03T10:48:02+00:00","og_image":[{"width":1024,"height":1024,"url":"https:\/\/janeke1830.it\/wp-content\/uploads\/2025\/12\/jbrush-magenta.png","type":"image\/png"}],"twitter_card":"summary_large_image","schema":{"@context":"https:\/\/schema.org","@graph":[{"@type":"WebPage","@id":"https:\/\/janeke1830.it\/es\/prodotto\/cepillo-j-brush\/","url":"https:\/\/janeke1830.it\/es\/prodotto\/cepillo-j-brush\/","name":"Cepillo J de J\u00e4neke - Para cabellos rizados y definidos","isPartOf":{"@id":"https:\/\/janeke1830.it\/#website"},"primaryImageOfPage":{"@id":"https:\/\/janeke1830.it\/es\/prodotto\/cepillo-j-brush\/#primaryimage"},"image":{"@id":"https:\/\/janeke1830.it\/es\/prodotto\/cepillo-j-brush\/#primaryimage"},"thumbnailUrl":"https:\/\/janeke1830.it\/wp-content\/uploads\/2025\/12\/spazzola-curva-j-brush-magenta.png","datePublished":"2026-01-10T18:05:27+00:00","dateModified":"2026-03-03T10:48:02+00:00","description":"\u00bfBuscas rizos definidos? El cepillo J de J\u00e4neke desenreda sin crear encrespamiento. Cerdas flexibles que mantienen la elasticidad. \u00a1Pru\u00e9balo!","breadcrumb":{"@id":"https:\/\/janeke1830.it\/es\/prodotto\/cepillo-j-brush\/#breadcrumb"},"inLanguage":"es","potentialAction":[{"@type":"ReadAction","target":["https:\/\/janeke1830.it\/es\/prodotto\/cepillo-j-brush\/"]}]},{"@type":"ImageObject","inLanguage":"es","@id":"https:\/\/janeke1830.it\/es\/prodotto\/cepillo-j-brush\/#primaryimage","url":"https:\/\/janeke1830.it\/wp-content\/uploads\/2025\/12\/spazzola-curva-j-brush-magenta.png","contentUrl":"https:\/\/janeke1830.it\/wp-content\/uploads\/2025\/12\/spazzola-curva-j-brush-magenta.png","width":1024,"height":1024,"caption":"Spazzola curva J Brush magenta districante J\u00e4neke"},{"@type":"BreadcrumbList","@id":"https:\/\/janeke1830.it\/es\/prodotto\/cepillo-j-brush\/#breadcrumb","itemListElement":[{"@type":"ListItem","position":1,"name":"Home","item":"https:\/\/janeke1830.it\/"},{"@type":"ListItem","position":2,"name":"Tienda","item":"https:\/\/janeke1830.it\/es\/tienda\/"},{"@type":"ListItem","position":3,"name":"Cepillo J Brush"}]},{"@type":"WebSite","@id":"https:\/\/janeke1830.it\/#website","url":"https:\/\/janeke1830.it\/","name":"J\u00e4neke 1830","description":"","publisher":{"@id":"https:\/\/janeke1830.it\/#organization"},"potentialAction":[{"@type":"SearchAction","target":{"@type":"EntryPoint","urlTemplate":"https:\/\/janeke1830.it\/?s={search_term_string}"},"query-input":{"@type":"PropertyValueSpecification","valueRequired":true,"valueName":"search_term_string"}}],"inLanguage":"es"},{"@type":"Organization","@id":"https:\/\/janeke1830.it\/#organization","name":"J\u00e4neke 1830","url":"https:\/\/janeke1830.it\/","logo":{"@type":"ImageObject","inLanguage":"es","@id":"https:\/\/janeke1830.it\/#\/schema\/logo\/image\/","url":"https:\/\/janeke1830.it\/wp-content\/uploads\/2025\/12\/logo-nero-janeke.png","contentUrl":"https:\/\/janeke1830.it\/wp-content\/uploads\/2025\/12\/logo-nero-janeke.png","width":1824,"height":829,"caption":"J\u00e4neke 1830"},"image":{"@id":"https:\/\/janeke1830.it\/#\/schema\/logo\/image\/"},"sameAs":["https:\/\/www.facebook.com\/janeke1830","https:\/\/www.instagram.com\/janeke1830official","https:\/\/www.linkedin.com\/company\/giorgio-janeke-s-r-l-\/"]}]}},"_links":{"self":[{"href":"https:\/\/janeke1830.it\/es\/wp-json\/wp\/v2\/product\/2448","targetHints":{"allow":["GET"]}}],"collection":[{"href":"https:\/\/janeke1830.it\/es\/wp-json\/wp\/v2\/product"}],"about":[{"href":"https:\/\/janeke1830.it\/es\/wp-json\/wp\/v2\/types\/product"}],"replies":[{"embeddable":true,"href":"https:\/\/janeke1830.it\/es\/wp-json\/wp\/v2\/comments?post=2448"}],"wp:featuredmedia":[{"embeddable":true,"href":"https:\/\/janeke1830.it\/es\/wp-json\/wp\/v2\/media\/2449"}],"wp:attachment":[{"href":"https:\/\/janeke1830.it\/es\/wp-json\/wp\/v2\/media?parent=2448"}],"wp:term":[{"taxonomy":"product_brand","embeddable":true,"href":"https:\/\/janeke1830.it\/es\/wp-json\/wp\/v2\/product_brand?post=2448"},{"taxonomy":"product_cat","embeddable":true,"href":"https:\/\/janeke1830.it\/es\/wp-json\/wp\/v2\/product_cat?post=2448"},{"taxonomy":"product_tag","embeddable":true,"href":"https:\/\/janeke1830.it\/es\/wp-json\/wp\/v2\/product_tag?post=2448"}],"curies":[{"name":"wp","href":"https:\/\/api.w.org\/{rel}","templated":true}]}}