{"id":4986,"date":"2026-01-23T12:26:32","date_gmt":"2026-01-23T11:26:32","guid":{"rendered":"https:\/\/janeke1830.it\/conviertase-en-distribuidor\/"},"modified":"2026-04-10T14:27:29","modified_gmt":"2026-04-10T12:27:29","slug":"conviertase-en-distribuidor","status":"publish","type":"page","link":"https:\/\/janeke1830.it\/es\/conviertase-en-distribuidor\/","title":{"rendered":"Convi\u00e9rtase en distribuidor"},"content":{"rendered":"\t\t<div data-elementor-type=\"wp-page\" data-elementor-id=\"4986\" class=\"elementor elementor-4986 elementor-1849\" data-elementor-post-type=\"page\">\n\t\t\t\t<div class=\"elementor-element elementor-element-8c79bdb e-con-full e-flex e-con e-parent\" data-id=\"8c79bdb\" data-element_type=\"container\">\n\t\t<div class=\"elementor-element elementor-element-b517335 e-con-full e-flex e-con e-child\" data-id=\"b517335\" data-element_type=\"container\">\n\t\t\t\t<div class=\"elementor-element elementor-element-16c9397 elementor-widget elementor-widget-heading\" data-id=\"16c9397\" data-element_type=\"widget\" data-widget_type=\"heading.default\">\n\t\t\t\t\t<h1 class=\"elementor-heading-title elementor-size-default\">Convi\u00e9rtase en distribuidor<\/h1>\t\t\t\t<\/div>\n\t\t\t\t<div class=\"elementor-element elementor-element-c05d00d elementor-widget elementor-widget-heading\" data-id=\"c05d00d\" data-element_type=\"widget\" data-widget_type=\"heading.default\">\n\t\t\t\t\t<p class=\"elementor-heading-title elementor-size-default\">Ofrezca la l\u00ednea completa J\u00e4neke y el mejor cepillo del mundo<\/p>\t\t\t\t<\/div>\n\t\t\t\t<div class=\"elementor-element elementor-element-8ed47bb elementor-widget elementor-widget-text-editor\" data-id=\"8ed47bb\" data-element_type=\"widget\" data-widget_type=\"text-editor.default\">\n\t\t\t\t\t\t\t\t\t<p>Desde hace casi 200 a\u00f1os, J\u00e4neke es sin\u00f3nimo de artesan\u00eda, creatividad e innovaci\u00f3n italianas. Cada producto se fabrica <strong>estrictamente a mano en Italia<\/strong>, con una meticulosa atenci\u00f3n al dise\u00f1o, los detalles y la selecci\u00f3n de materiales de la m\u00e1s alta calidad. Una tradici\u00f3n de \u00e9xito que, con el tiempo, ha creado una conciencia de marca global y una fidelidad de los clientes poco frecuente en el sector de la belleza.  <\/p><p>Hoy en d\u00eda, J\u00e4neke est\u00e1 presente y es apreciada en los mercados m\u00e1s prestigiosos y din\u00e1micos del mundo: China, Estados Unidos, Brasil, Jap\u00f3n, Corea, Singapur, Vietnam, Rusia, Ucrania, Australia, Oriente Medio y en toda la Uni\u00f3n Europea, donde colaboramos con socios seleccionados que siguen consolidando y aumentando las ventas.<\/p>\t\t\t\t\t\t\t\t<\/div>\n\t\t\t\t<\/div>\n\t\t\t\t<\/div>\n\t\t<div class=\"elementor-element elementor-element-bab9732 e-con-full e-flex e-con e-parent\" data-id=\"bab9732\" data-element_type=\"container\">\n\t\t<div class=\"elementor-element elementor-element-6e6fcbf e-con-full e-flex e-con e-child\" data-id=\"6e6fcbf\" data-element_type=\"container\">\n\t\t\t\t<div class=\"elementor-element elementor-element-8545f67 elementor-widget elementor-widget-heading\" data-id=\"8545f67\" data-element_type=\"widget\" data-widget_type=\"heading.default\">\n\t\t\t\t\t<p class=\"elementor-heading-title elementor-size-default\">Solicite los cat\u00e1logos y la informaci\u00f3n\n para convertirse en distribuidor exclusivo de J\u00e4neke<\/p>\t\t\t\t<\/div>\n\t\t\t\t<div class=\"elementor-element elementor-element-269dee6 elementor-widget elementor-widget-text-editor\" data-id=\"269dee6\" data-element_type=\"widget\" data-widget_type=\"text-editor.default\">\n\t\t\t\t\t\t\t\t\t<p>Rellene el formulario para solicitar el puesto de distribuidor exclusivo o revendedor oficial, indicando:<\/p><ul><li>Nombre y apellidos<\/li><li>Direcci\u00f3n de correo electr\u00f3nico<\/li><li>Funci\u00f3n que desea solicitar<\/li><li>Tipo de negocio (ej. mayorista, perfumer\u00eda, farmacia, GDO, sal\u00f3n de belleza\/peluquer\u00eda, etc.)<\/li><li>Pa\u00eds de inter\u00e9s para la distribuci\u00f3n<\/li><\/ul>\t\t\t\t\t\t\t\t<\/div>\n\t\t\t\t<div class=\"elementor-element elementor-element-6352ef2 elementor-widget elementor-widget-text-editor\" data-id=\"6352ef2\" data-element_type=\"widget\" data-widget_type=\"text-editor.default\">\n\t\t\t\t\t\t\t\t\t<p>Nuestro Departamento Comercial estar\u00e1 encantado de volver a ponerse en contacto con usted para proporcionarle toda la informaci\u00f3n necesaria y enviarle los cat\u00e1logos oficiales de J\u00e4neke.<\/p>\t\t\t\t\t\t\t\t<\/div>\n\t\t\t\t<\/div>\n\t\t<div class=\"elementor-element elementor-element-ecfe087 e-con-full e-flex e-con e-child\" data-id=\"ecfe087\" data-element_type=\"container\" data-settings=\"{&quot;background_background&quot;:&quot;classic&quot;}\">\n\t\t\t\t<div class=\"elementor-element elementor-element-7f9aef4 form elementor-button-align-stretch elementor-widget elementor-widget-form\" data-id=\"7f9aef4\" data-element_type=\"widget\" data-settings=\"{&quot;step_next_label&quot;:&quot;Siguiente&quot;,&quot;step_previous_label&quot;:&quot;Anterior&quot;,&quot;button_width&quot;:&quot;100&quot;,&quot;step_type&quot;:&quot;number_text&quot;,&quot;step_icon_shape&quot;:&quot;circle&quot;}\" data-widget_type=\"form.default\">\n\t\t\t\t\t\t\t<form class=\"elementor-form\" method=\"post\" id=\"distributore\" name=\"Nuevo formulario\" aria-label=\"Nuevo formulario\">\n\t\t\t<input type=\"hidden\" name=\"post_id\" value=\"4986\"\/>\n\t\t\t<input type=\"hidden\" name=\"form_id\" value=\"7f9aef4\"\/>\n\t\t\t<input type=\"hidden\" name=\"referer_title\" value=\"Hazte Distribuidor Exclusivo - J\u00e4neke 1830\" \/>\n\n\t\t\t\t\t\t\t<input type=\"hidden\" name=\"queried_id\" value=\"4986\"\/>\n\t\t\t\n\t\t\t<div class=\"elementor-form-fields-wrapper elementor-labels-\">\n\t\t\t\t\t\t\t\t<div class=\"elementor-field-type-text elementor-field-group elementor-column elementor-field-group-field_a4ba3d5 elementor-col-100\">\n\t\t\t\t\t\t\t\t\t\t\t\t<label for=\"form-field-field_a4ba3d5\" class=\"elementor-field-label elementor-screen-only\">\n\t\t\t\t\t\t\t\tNombre y apellidos\t\t\t\t\t\t\t<\/label>\n\t\t\t\t\t\t\t\t\t\t\t\t\t\t<input size=\"1\" type=\"text\" name=\"form_fields[field_a4ba3d5]\" id=\"form-field-field_a4ba3d5\" class=\"elementor-field elementor-size-sm  elementor-field-textual\" placeholder=\"Nombre y apellidos\">\n\t\t\t\t\t\t\t\t\t\t\t<\/div>\n\t\t\t\t\t\t\t\t<div class=\"elementor-field-type-email elementor-field-group elementor-column elementor-field-group-email elementor-col-100 elementor-field-required\">\n\t\t\t\t\t\t\t\t\t\t\t\t<label for=\"form-field-email\" class=\"elementor-field-label elementor-screen-only\">\n\t\t\t\t\t\t\t\tEmail\t\t\t\t\t\t\t<\/label>\n\t\t\t\t\t\t\t\t\t\t\t\t\t\t<input size=\"1\" type=\"email\" name=\"form_fields[email]\" id=\"form-field-email\" class=\"elementor-field elementor-size-sm  elementor-field-textual\" placeholder=\"Direcci\u00f3n de correo electr\u00f3nico  \" required=\"required\">\n\t\t\t\t\t\t\t\t\t\t\t<\/div>\n\t\t\t\t\t\t\t\t<div class=\"elementor-field-type-tel elementor-field-group elementor-column elementor-field-group-field_509909b elementor-col-100 elementor-field-required\">\n\t\t\t\t\t\t\t\t\t\t\t\t<label for=\"form-field-field_509909b\" class=\"elementor-field-label elementor-screen-only\">\n\t\t\t\t\t\t\t\tTel\u00e9fono\t\t\t\t\t\t\t<\/label>\n\t\t\t\t\t\t\t\t<input size=\"1\" type=\"tel\" name=\"form_fields[field_509909b]\" id=\"form-field-field_509909b\" class=\"elementor-field elementor-size-sm  elementor-field-textual\" placeholder=\"N\u00famero de tel\u00e9fono\" required=\"required\" pattern=\"[0-9()#&amp;+*-=.]+\" title=\"Solo se aceptan n\u00fameros y caracteres de tel\u00e9fono (#,-,*,etc).\">\n\n\t\t\t\t\t\t<\/div>\n\t\t\t\t\t\t\t\t<div class=\"elementor-field-type-html elementor-field-group elementor-column elementor-field-group-field_9594da9 elementor-col-40\">\n\t\t\t\t\tSolicito el papel de\t\t\t\t<\/div>\n\t\t\t\t\t\t\t\t<div class=\"elementor-field-type-checkbox elementor-field-group elementor-column elementor-field-group-field_b37a36f elementor-col-60\">\n\t\t\t\t\t<div class=\"elementor-field-subgroup  \"><span class=\"elementor-field-option\"><input type=\"checkbox\" value=\"Distribuidor exclusivo\" id=\"form-field-field_b37a36f-0\" name=\"form_fields[field_b37a36f][]\"> <label for=\"form-field-field_b37a36f-0\">Distribuidor exclusivo<\/label><\/span><span class=\"elementor-field-option\"><input type=\"checkbox\" value=\"Revendedor oficial\" id=\"form-field-field_b37a36f-1\" name=\"form_fields[field_b37a36f][]\"> <label for=\"form-field-field_b37a36f-1\">Revendedor oficial<\/label><\/span><span class=\"elementor-field-option\"><input type=\"checkbox\" value=\"Otro\" id=\"form-field-field_b37a36f-2\" name=\"form_fields[field_b37a36f][]\"> <label for=\"form-field-field_b37a36f-2\">Otro<\/label><\/span><\/div>\t\t\t\t<\/div>\n\t\t\t\t\t\t\t\t<div class=\"elementor-field-type-html elementor-field-group elementor-column elementor-field-group-field_9d1c57a elementor-col-40\">\n\t\t\t\t\tTipo de negocio\t\t\t\t<\/div>\n\t\t\t\t\t\t\t\t<div class=\"elementor-field-type-select elementor-field-group elementor-column elementor-field-group-field_1019e43 elementor-col-60\">\n\t\t\t\t\t\t\t\t\t\t\t\t<label for=\"form-field-field_1019e43\" class=\"elementor-field-label elementor-screen-only\">\n\t\t\t\t\t\t\t\tEmpresa\t\t\t\t\t\t\t<\/label>\n\t\t\t\t\t\t\t\t<div class=\"elementor-field elementor-select-wrapper remove-before \">\n\t\t\t<div class=\"select-caret-down-wrapper\">\n\t\t\t\t<svg aria-hidden=\"true\" class=\"e-font-icon-svg e-eicon-caret-down\" viewBox=\"0 0 571.4 571.4\" xmlns=\"http:\/\/www.w3.org\/2000\/svg\"><path d=\"M571 393Q571 407 561 418L311 668Q300 679 286 679T261 668L11 418Q0 407 0 393T11 368 36 357H536Q550 357 561 368T571 393Z\"><\/path><\/svg>\t\t\t<\/div>\n\t\t\t<select name=\"form_fields[field_1019e43]\" id=\"form-field-field_1019e43\" class=\"elementor-field-textual elementor-size-sm\">\n\t\t\t\t\t\t\t\t\t<option value=\"--\">--<\/option>\n\t\t\t\t\t\t\t\t\t<option value=\"Mayorista \">Mayorista <\/option>\n\t\t\t\t\t\t\t\t\t<option value=\"Perfumer\u00eda\">Perfumer\u00eda<\/option>\n\t\t\t\t\t\t\t\t\t<option value=\"Tienda gen\u00e9rica\">Tienda gen\u00e9rica<\/option>\n\t\t\t\t\t\t\t\t\t<option value=\"Farmacia\">Farmacia<\/option>\n\t\t\t\t\t\t\t\t\t<option value=\"Gran distribuci\u00f3n\">Gran distribuci\u00f3n<\/option>\n\t\t\t\t\t\t\t\t\t<option value=\"Sal\u00f3n de belleza\">Sal\u00f3n de belleza<\/option>\n\t\t\t\t\t\t\t\t\t<option value=\"Peluquer\u00eda\">Peluquer\u00eda<\/option>\n\t\t\t\t\t\t\t\t\t<option value=\"Otro\">Otro<\/option>\n\t\t\t\t\t\t\t<\/select>\n\t\t<\/div>\n\t\t\t\t\t\t<\/div>\n\t\t\t\t\t\t\t\t<div class=\"elementor-field-type-text elementor-field-group elementor-column elementor-field-group-name elementor-col-100\">\n\t\t\t\t\t\t\t\t\t\t\t\t<label for=\"form-field-name\" class=\"elementor-field-label elementor-screen-only\">\n\t\t\t\t\t\t\t\tPa\u00eds en el que le gustar\u00eda distribuir\t\t\t\t\t\t\t<\/label>\n\t\t\t\t\t\t\t\t\t\t\t\t\t\t<input size=\"1\" type=\"text\" name=\"form_fields[name]\" id=\"form-field-name\" class=\"elementor-field elementor-size-sm  elementor-field-textual\" placeholder=\"Pa\u00eds en el que le gustar\u00eda distribuir\">\n\t\t\t\t\t\t\t\t\t\t\t<\/div>\n\t\t\t\t\t\t\t\t<div class=\"elementor-field-type-textarea elementor-field-group elementor-column elementor-field-group-message elementor-col-100\">\n\t\t\t\t\t\t\t\t\t\t\t\t<label for=\"form-field-message\" class=\"elementor-field-label elementor-screen-only\">\n\t\t\t\t\t\t\t\tMensaje\t\t\t\t\t\t\t<\/label>\n\t\t\t\t\t\t<textarea class=\"elementor-field-textual elementor-field  elementor-size-sm\" name=\"form_fields[message]\" id=\"form-field-message\" rows=\"4\" placeholder=\"Escriba aqu\u00ed su mensaje\"><\/textarea>\t\t\t\t<\/div>\n\t\t\t\t\t\t\t\t<div class=\"elementor-field-type-acceptance elementor-field-group elementor-column elementor-field-group-field_ebd817b elementor-col-100\">\n\t\t\t\t\t\t\t\t\t\t\t\t<label for=\"form-field-field_ebd817b\" class=\"elementor-field-label elementor-screen-only\">\n\t\t\t\t\t\t\t\tRGPD\t\t\t\t\t\t\t<\/label>\n\t\t\t\t\t\t\t\t<div class=\"elementor-field-subgroup\">\n\t\t\t<span class=\"elementor-field-option\">\n\t\t\t\t<input type=\"checkbox\" name=\"form_fields[field_ebd817b]\" id=\"form-field-field_ebd817b\" class=\"elementor-field elementor-size-sm  elementor-acceptance-field\">\n\t\t\t\t<label for=\"form-field-field_ebd817b\"> He le\u00eddo la informaci\u00f3n y acepto las condiciones de tratamiento de datos de la<a href=\"https:\/\/app.legalblink.it\/api\/documents\/697778389759e00029753e64\/privacy-policy-per-siti-web-o-e-commerce-es\" target=\"_blank\">  Pol\u00edtica de privacidad<\/a>.<\/label>\t\t\t<\/span>\n\t\t<\/div>\n\t\t\t\t\t\t<\/div>\n\t\t\t\t\t\t\t\t<div class=\"elementor-field-group elementor-column elementor-field-type-submit elementor-col-100 e-form__buttons\">\n\t\t\t\t\t<button class=\"elementor-button elementor-size-sm\" type=\"submit\">\n\t\t\t\t\t\t<span class=\"elementor-button-content-wrapper\">\n\t\t\t\t\t\t\t\t\t\t\t\t\t\t\t\t\t\t\t\t\t\t<span class=\"elementor-button-text\">Enviar solicitud<\/span>\n\t\t\t\t\t\t\t\t\t\t\t\t\t<\/span>\n\t\t\t\t\t<\/button>\n\t\t\t\t<\/div>\n\t\t\t<\/div>\n\t\t<\/form>\n\t\t\t\t\t\t<\/div>\n\t\t\t\t<\/div>\n\t\t\t\t<\/div>\n\t\t\t\t<\/div>\n\t\t","protected":false},"excerpt":{"rendered":"<p>Convi\u00e9rtase en distribuidor Ofrezca la l\u00ednea completa J\u00e4neke y el mejor cepillo del mundo Desde hace casi 200 a\u00f1os, J\u00e4neke es sin\u00f3nimo de artesan\u00eda, creatividad e innovaci\u00f3n italianas. Cada producto se fabrica estrictamente a mano en Italia, con una meticulosa atenci\u00f3n al dise\u00f1o, los detalles y la selecci\u00f3n de materiales de la m\u00e1s alta calidad. [&hellip;]<\/p>\n","protected":false},"author":1,"featured_media":0,"parent":0,"menu_order":0,"comment_status":"closed","ping_status":"closed","template":"elementor_header_footer","meta":{"footnotes":""},"class_list":["post-4986","page","type-page","status-publish","hentry"],"yoast_head":"<!-- This site is optimized with the Yoast SEO plugin v27.1.1 - https:\/\/yoast.com\/product\/yoast-seo-wordpress\/ -->\n<title>Hazte Distribuidor Exclusivo - J\u00e4neke 1830<\/title>\n<meta name=\"description\" content=\"\u00danete a J\u00e4neke y convi\u00e9rtete en distribuidor exclusivo. Distribuye cepillos y accesorios Made in Italy en todo el mundo. Ponte en contacto con nosotros\" \/>\n<meta name=\"robots\" content=\"index, follow, max-snippet:-1, max-image-preview:large, max-video-preview:-1\" \/>\n<link rel=\"canonical\" href=\"https:\/\/janeke1830.it\/diventa-distributore\/\" \/>\n<meta property=\"og:locale\" content=\"es_ES\" \/>\n<meta property=\"og:type\" content=\"article\" \/>\n<meta property=\"og:title\" content=\"Hazte Distribuidor Exclusivo - J\u00e4neke 1830\" \/>\n<meta property=\"og:description\" content=\"\u00danete a J\u00e4neke y convi\u00e9rtete en distribuidor exclusivo. Distribuye cepillos y accesorios Made in Italy en todo el mundo. Ponte en contacto con nosotros\" \/>\n<meta property=\"og:url\" content=\"https:\/\/janeke1830.it\/diventa-distributore\/\" \/>\n<meta property=\"og:site_name\" content=\"J\u00e4neke\" \/>\n<meta property=\"article:publisher\" content=\"https:\/\/www.facebook.com\/janeke1830\" \/>\n<meta property=\"article:modified_time\" content=\"2026-04-10T12:27:29+00:00\" \/>\n<meta name=\"twitter:card\" content=\"summary_large_image\" \/>\n<meta name=\"twitter:label1\" content=\"Tiempo de lectura\" \/>\n\t<meta name=\"twitter:data1\" content=\"1 minuto\" \/>\n<script type=\"application\/ld+json\" class=\"yoast-schema-graph\">{\"@context\":\"https:\/\/schema.org\",\"@graph\":[{\"@type\":\"WebPage\",\"@id\":\"https:\/\/janeke1830.it\/diventa-distributore\/\",\"url\":\"https:\/\/janeke1830.it\/diventa-distributore\/\",\"name\":\"Hazte Distribuidor Exclusivo - J\u00e4neke 1830\",\"isPartOf\":{\"@id\":\"https:\/\/janeke1830.it\/#website\"},\"datePublished\":\"2026-01-23T11:26:32+00:00\",\"dateModified\":\"2026-04-10T12:27:29+00:00\",\"description\":\"\u00danete a J\u00e4neke y convi\u00e9rtete en distribuidor exclusivo. Distribuye cepillos y accesorios Made in Italy en todo el mundo. Ponte en contacto con nosotros\",\"breadcrumb\":{\"@id\":\"https:\/\/janeke1830.it\/diventa-distributore\/#breadcrumb\"},\"inLanguage\":\"es\",\"potentialAction\":[{\"@type\":\"ReadAction\",\"target\":[\"https:\/\/janeke1830.it\/diventa-distributore\/\"]}]},{\"@type\":\"BreadcrumbList\",\"@id\":\"https:\/\/janeke1830.it\/diventa-distributore\/#breadcrumb\",\"itemListElement\":[{\"@type\":\"ListItem\",\"position\":1,\"name\":\"Home\",\"item\":\"https:\/\/janeke1830.it\/\"},{\"@type\":\"ListItem\",\"position\":2,\"name\":\"Convi\u00e9rtase en distribuidor\"}]},{\"@type\":\"WebSite\",\"@id\":\"https:\/\/janeke1830.it\/#website\",\"url\":\"https:\/\/janeke1830.it\/\",\"name\":\"J\u00e4neke 1830\",\"description\":\"\",\"publisher\":{\"@id\":\"https:\/\/janeke1830.it\/#organization\"},\"potentialAction\":[{\"@type\":\"SearchAction\",\"target\":{\"@type\":\"EntryPoint\",\"urlTemplate\":\"https:\/\/janeke1830.it\/?s={search_term_string}\"},\"query-input\":{\"@type\":\"PropertyValueSpecification\",\"valueRequired\":true,\"valueName\":\"search_term_string\"}}],\"inLanguage\":\"es\"},{\"@type\":\"Organization\",\"@id\":\"https:\/\/janeke1830.it\/#organization\",\"name\":\"J\u00e4neke 1830\",\"url\":\"https:\/\/janeke1830.it\/\",\"logo\":{\"@type\":\"ImageObject\",\"inLanguage\":\"es\",\"@id\":\"https:\/\/janeke1830.it\/#\/schema\/logo\/image\/\",\"url\":\"https:\/\/janeke1830.it\/wp-content\/uploads\/2025\/12\/logo-nero-janeke.png\",\"contentUrl\":\"https:\/\/janeke1830.it\/wp-content\/uploads\/2025\/12\/logo-nero-janeke.png\",\"width\":1824,\"height\":829,\"caption\":\"J\u00e4neke 1830\"},\"image\":{\"@id\":\"https:\/\/janeke1830.it\/#\/schema\/logo\/image\/\"},\"sameAs\":[\"https:\/\/www.facebook.com\/janeke1830\",\"https:\/\/www.instagram.com\/janeke1830official\",\"https:\/\/www.linkedin.com\/company\/giorgio-janeke-s-r-l-\/\"]}]}<\/script>\n<!-- \/ Yoast SEO plugin. -->","yoast_head_json":{"title":"Hazte Distribuidor Exclusivo - J\u00e4neke 1830","description":"\u00danete a J\u00e4neke y convi\u00e9rtete en distribuidor exclusivo. Distribuye cepillos y accesorios Made in Italy en todo el mundo. Ponte en contacto con nosotros","robots":{"index":"index","follow":"follow","max-snippet":"max-snippet:-1","max-image-preview":"max-image-preview:large","max-video-preview":"max-video-preview:-1"},"canonical":"https:\/\/janeke1830.it\/diventa-distributore\/","og_locale":"es_ES","og_type":"article","og_title":"Hazte Distribuidor Exclusivo - J\u00e4neke 1830","og_description":"\u00danete a J\u00e4neke y convi\u00e9rtete en distribuidor exclusivo. Distribuye cepillos y accesorios Made in Italy en todo el mundo. Ponte en contacto con nosotros","og_url":"https:\/\/janeke1830.it\/diventa-distributore\/","og_site_name":"J\u00e4neke","article_publisher":"https:\/\/www.facebook.com\/janeke1830","article_modified_time":"2026-04-10T12:27:29+00:00","twitter_card":"summary_large_image","twitter_misc":{"Tiempo de lectura":"1 minuto"},"schema":{"@context":"https:\/\/schema.org","@graph":[{"@type":"WebPage","@id":"https:\/\/janeke1830.it\/diventa-distributore\/","url":"https:\/\/janeke1830.it\/diventa-distributore\/","name":"Hazte Distribuidor Exclusivo - J\u00e4neke 1830","isPartOf":{"@id":"https:\/\/janeke1830.it\/#website"},"datePublished":"2026-01-23T11:26:32+00:00","dateModified":"2026-04-10T12:27:29+00:00","description":"\u00danete a J\u00e4neke y convi\u00e9rtete en distribuidor exclusivo. Distribuye cepillos y accesorios Made in Italy en todo el mundo. Ponte en contacto con nosotros","breadcrumb":{"@id":"https:\/\/janeke1830.it\/diventa-distributore\/#breadcrumb"},"inLanguage":"es","potentialAction":[{"@type":"ReadAction","target":["https:\/\/janeke1830.it\/diventa-distributore\/"]}]},{"@type":"BreadcrumbList","@id":"https:\/\/janeke1830.it\/diventa-distributore\/#breadcrumb","itemListElement":[{"@type":"ListItem","position":1,"name":"Home","item":"https:\/\/janeke1830.it\/"},{"@type":"ListItem","position":2,"name":"Convi\u00e9rtase en distribuidor"}]},{"@type":"WebSite","@id":"https:\/\/janeke1830.it\/#website","url":"https:\/\/janeke1830.it\/","name":"J\u00e4neke 1830","description":"","publisher":{"@id":"https:\/\/janeke1830.it\/#organization"},"potentialAction":[{"@type":"SearchAction","target":{"@type":"EntryPoint","urlTemplate":"https:\/\/janeke1830.it\/?s={search_term_string}"},"query-input":{"@type":"PropertyValueSpecification","valueRequired":true,"valueName":"search_term_string"}}],"inLanguage":"es"},{"@type":"Organization","@id":"https:\/\/janeke1830.it\/#organization","name":"J\u00e4neke 1830","url":"https:\/\/janeke1830.it\/","logo":{"@type":"ImageObject","inLanguage":"es","@id":"https:\/\/janeke1830.it\/#\/schema\/logo\/image\/","url":"https:\/\/janeke1830.it\/wp-content\/uploads\/2025\/12\/logo-nero-janeke.png","contentUrl":"https:\/\/janeke1830.it\/wp-content\/uploads\/2025\/12\/logo-nero-janeke.png","width":1824,"height":829,"caption":"J\u00e4neke 1830"},"image":{"@id":"https:\/\/janeke1830.it\/#\/schema\/logo\/image\/"},"sameAs":["https:\/\/www.facebook.com\/janeke1830","https:\/\/www.instagram.com\/janeke1830official","https:\/\/www.linkedin.com\/company\/giorgio-janeke-s-r-l-\/"]}]}},"_links":{"self":[{"href":"https:\/\/janeke1830.it\/es\/wp-json\/wp\/v2\/pages\/4986","targetHints":{"allow":["GET"]}}],"collection":[{"href":"https:\/\/janeke1830.it\/es\/wp-json\/wp\/v2\/pages"}],"about":[{"href":"https:\/\/janeke1830.it\/es\/wp-json\/wp\/v2\/types\/page"}],"author":[{"embeddable":true,"href":"https:\/\/janeke1830.it\/es\/wp-json\/wp\/v2\/users\/1"}],"replies":[{"embeddable":true,"href":"https:\/\/janeke1830.it\/es\/wp-json\/wp\/v2\/comments?post=4986"}],"version-history":[{"count":10,"href":"https:\/\/janeke1830.it\/es\/wp-json\/wp\/v2\/pages\/4986\/revisions"}],"predecessor-version":[{"id":13485,"href":"https:\/\/janeke1830.it\/es\/wp-json\/wp\/v2\/pages\/4986\/revisions\/13485"}],"wp:attachment":[{"href":"https:\/\/janeke1830.it\/es\/wp-json\/wp\/v2\/media?parent=4986"}],"curies":[{"name":"wp","href":"https:\/\/api.w.org\/{rel}","templated":true}]}}