{"id":9840,"date":"2026-01-10T15:02:28","date_gmt":"2026-01-10T14:02:28","guid":{"rendered":"https:\/\/janeke1830.it\/prodotto\/tulpe-gold\/"},"modified":"2026-03-03T11:46:53","modified_gmt":"2026-03-03T10:46:53","slug":"tulpe-gold","status":"publish","type":"product","link":"https:\/\/janeke1830.it\/de\/prodotto\/tulpe-gold\/","title":{"rendered":"Tulip Gold"},"content":{"rendered":"","protected":false},"excerpt":{"rendered":"<p>Die<strong> Janeke<\/strong> Tulip ist eine Rundb\u00fcrste mit einem einzigartigen tulpenf\u00f6rmigen Design, die das Haar mit Leichtigkeit formt, volumin\u00f6s macht und entwirrt. Die flexiblen Borsten sorgen f\u00fcr optimales Gleiten, ohne das Haar zu besch\u00e4digen, und machen es weich, gl\u00e4nzend und voller Vitalit\u00e4t. <\/p>\n<p>Ergonomisch und elegant gestaltet, ist er ideal f\u00fcr den t\u00e4glichen Gebrauch oder auf Reisen und vereint Funktionalit\u00e4t, Qualit\u00e4t und den unverwechselbaren Stil der Marke Janeke.<\/p>\n","protected":false},"featured_media":957,"comment_status":"closed","ping_status":"closed","template":"","meta":[],"product_brand":[1076],"product_cat":[1032],"product_tag":[1126,1077],"class_list":{"0":"post-9840","1":"product","2":"type-product","3":"status-publish","4":"has-post-thumbnail","6":"product_brand-everyday","7":"product_cat-pinsel","8":"product_tag-gold","9":"product_tag-obs","11":"first","12":"instock","13":"shipping-taxable","14":"purchasable","15":"product-type-simple"},"yoast_head":"<!-- This site is optimized with the Yoast SEO plugin v27.1.1 - https:\/\/yoast.com\/product\/yoast-seo-wordpress\/ -->\n<title>J\u00e4neke Tulip Gold B\u00fcrste - Luxus-Styling und Volumen<\/title>\n<meta name=\"description\" content=\"Formen und Volumen mit Klasse mit der J\u00e4neke Tulip Gold B\u00fcrste. Tulpenform f\u00fcr makelloses Styling. Kaufen Sie ihn jetzt!\" \/>\n<meta name=\"robots\" content=\"index, follow, max-snippet:-1, max-image-preview:large, max-video-preview:-1\" \/>\n<link rel=\"canonical\" href=\"https:\/\/janeke1830.it\/de\/prodotto\/tulpe-gold\/\" \/>\n<meta property=\"og:locale\" content=\"de_DE\" \/>\n<meta property=\"og:type\" content=\"article\" \/>\n<meta property=\"og:title\" content=\"J\u00e4neke Tulip Gold B\u00fcrste - Luxus-Styling und Volumen\" \/>\n<meta property=\"og:description\" content=\"Formen und Volumen mit Klasse mit der J\u00e4neke Tulip Gold B\u00fcrste. Tulpenform f\u00fcr makelloses Styling. Kaufen Sie ihn jetzt!\" \/>\n<meta property=\"og:url\" content=\"https:\/\/janeke1830.it\/de\/prodotto\/tulpe-gold\/\" \/>\n<meta property=\"og:site_name\" content=\"J\u00e4neke\" \/>\n<meta property=\"article:publisher\" content=\"https:\/\/www.facebook.com\/janeke1830\" \/>\n<meta property=\"article:modified_time\" content=\"2026-03-03T10:46:53+00:00\" \/>\n<meta property=\"og:image\" content=\"https:\/\/janeke1830.it\/wp-content\/uploads\/2026\/01\/AUSP503-NER.png\" \/>\n\t<meta property=\"og:image:width\" content=\"1024\" \/>\n\t<meta property=\"og:image:height\" content=\"1024\" \/>\n\t<meta property=\"og:image:type\" content=\"image\/png\" \/>\n<meta name=\"twitter:card\" content=\"summary_large_image\" \/>\n<script type=\"application\/ld+json\" class=\"yoast-schema-graph\">{\"@context\":\"https:\/\/schema.org\",\"@graph\":[{\"@type\":\"WebPage\",\"@id\":\"https:\/\/janeke1830.it\/de\/prodotto\/tulpe-gold\/\",\"url\":\"https:\/\/janeke1830.it\/de\/prodotto\/tulpe-gold\/\",\"name\":\"J\u00e4neke Tulip Gold B\u00fcrste - Luxus-Styling und Volumen\",\"isPartOf\":{\"@id\":\"https:\/\/janeke1830.it\/#website\"},\"primaryImageOfPage\":{\"@id\":\"https:\/\/janeke1830.it\/de\/prodotto\/tulpe-gold\/#primaryimage\"},\"image\":{\"@id\":\"https:\/\/janeke1830.it\/de\/prodotto\/tulpe-gold\/#primaryimage\"},\"thumbnailUrl\":\"https:\/\/janeke1830.it\/wp-content\/uploads\/2026\/01\/spazzola-tulip-gold-ausp503-ner.png\",\"datePublished\":\"2026-01-10T14:02:28+00:00\",\"dateModified\":\"2026-03-03T10:46:53+00:00\",\"description\":\"Formen und Volumen mit Klasse mit der J\u00e4neke Tulip Gold B\u00fcrste. Tulpenform f\u00fcr makelloses Styling. Kaufen Sie ihn jetzt!\",\"breadcrumb\":{\"@id\":\"https:\/\/janeke1830.it\/de\/prodotto\/tulpe-gold\/#breadcrumb\"},\"inLanguage\":\"de\",\"potentialAction\":[{\"@type\":\"ReadAction\",\"target\":[\"https:\/\/janeke1830.it\/de\/prodotto\/tulpe-gold\/\"]}]},{\"@type\":\"ImageObject\",\"inLanguage\":\"de\",\"@id\":\"https:\/\/janeke1830.it\/de\/prodotto\/tulpe-gold\/#primaryimage\",\"url\":\"https:\/\/janeke1830.it\/wp-content\/uploads\/2026\/01\/spazzola-tulip-gold-ausp503-ner.png\",\"contentUrl\":\"https:\/\/janeke1830.it\/wp-content\/uploads\/2026\/01\/spazzola-tulip-gold-ausp503-ner.png\",\"width\":1024,\"height\":1024,\"caption\":\"Spazzola Tulip Gold finitura oro lucido lusso J\u00e4neke\"},{\"@type\":\"BreadcrumbList\",\"@id\":\"https:\/\/janeke1830.it\/de\/prodotto\/tulpe-gold\/#breadcrumb\",\"itemListElement\":[{\"@type\":\"ListItem\",\"position\":1,\"name\":\"Home\",\"item\":\"https:\/\/janeke1830.it\/de\/startseite\/\"},{\"@type\":\"ListItem\",\"position\":2,\"name\":\"Shop\",\"item\":\"https:\/\/janeke1830.it\/de\/shop\/\"},{\"@type\":\"ListItem\",\"position\":3,\"name\":\"Tulip Gold\"}]},{\"@type\":\"WebSite\",\"@id\":\"https:\/\/janeke1830.it\/#website\",\"url\":\"https:\/\/janeke1830.it\/\",\"name\":\"J\u00e4neke 1830\",\"description\":\"\",\"publisher\":{\"@id\":\"https:\/\/janeke1830.it\/#organization\"},\"potentialAction\":[{\"@type\":\"SearchAction\",\"target\":{\"@type\":\"EntryPoint\",\"urlTemplate\":\"https:\/\/janeke1830.it\/?s={search_term_string}\"},\"query-input\":{\"@type\":\"PropertyValueSpecification\",\"valueRequired\":true,\"valueName\":\"search_term_string\"}}],\"inLanguage\":\"de\"},{\"@type\":\"Organization\",\"@id\":\"https:\/\/janeke1830.it\/#organization\",\"name\":\"J\u00e4neke 1830\",\"url\":\"https:\/\/janeke1830.it\/\",\"logo\":{\"@type\":\"ImageObject\",\"inLanguage\":\"de\",\"@id\":\"https:\/\/janeke1830.it\/#\/schema\/logo\/image\/\",\"url\":\"https:\/\/janeke1830.it\/wp-content\/uploads\/2025\/12\/logo-nero-janeke.png\",\"contentUrl\":\"https:\/\/janeke1830.it\/wp-content\/uploads\/2025\/12\/logo-nero-janeke.png\",\"width\":1824,\"height\":829,\"caption\":\"J\u00e4neke 1830\"},\"image\":{\"@id\":\"https:\/\/janeke1830.it\/#\/schema\/logo\/image\/\"},\"sameAs\":[\"https:\/\/www.facebook.com\/janeke1830\",\"https:\/\/www.instagram.com\/janeke1830official\",\"https:\/\/www.linkedin.com\/company\/giorgio-janeke-s-r-l-\/\"]}]}<\/script>\n<!-- \/ Yoast SEO plugin. -->","yoast_head_json":{"title":"J\u00e4neke Tulip Gold B\u00fcrste - Luxus-Styling und Volumen","description":"Formen und Volumen mit Klasse mit der J\u00e4neke Tulip Gold B\u00fcrste. Tulpenform f\u00fcr makelloses Styling. Kaufen Sie ihn jetzt!","robots":{"index":"index","follow":"follow","max-snippet":"max-snippet:-1","max-image-preview":"max-image-preview:large","max-video-preview":"max-video-preview:-1"},"canonical":"https:\/\/janeke1830.it\/de\/prodotto\/tulpe-gold\/","og_locale":"de_DE","og_type":"article","og_title":"J\u00e4neke Tulip Gold B\u00fcrste - Luxus-Styling und Volumen","og_description":"Formen und Volumen mit Klasse mit der J\u00e4neke Tulip Gold B\u00fcrste. Tulpenform f\u00fcr makelloses Styling. Kaufen Sie ihn jetzt!","og_url":"https:\/\/janeke1830.it\/de\/prodotto\/tulpe-gold\/","og_site_name":"J\u00e4neke","article_publisher":"https:\/\/www.facebook.com\/janeke1830","article_modified_time":"2026-03-03T10:46:53+00:00","og_image":[{"width":1024,"height":1024,"url":"https:\/\/janeke1830.it\/wp-content\/uploads\/2026\/01\/AUSP503-NER.png","type":"image\/png"}],"twitter_card":"summary_large_image","schema":{"@context":"https:\/\/schema.org","@graph":[{"@type":"WebPage","@id":"https:\/\/janeke1830.it\/de\/prodotto\/tulpe-gold\/","url":"https:\/\/janeke1830.it\/de\/prodotto\/tulpe-gold\/","name":"J\u00e4neke Tulip Gold B\u00fcrste - Luxus-Styling und Volumen","isPartOf":{"@id":"https:\/\/janeke1830.it\/#website"},"primaryImageOfPage":{"@id":"https:\/\/janeke1830.it\/de\/prodotto\/tulpe-gold\/#primaryimage"},"image":{"@id":"https:\/\/janeke1830.it\/de\/prodotto\/tulpe-gold\/#primaryimage"},"thumbnailUrl":"https:\/\/janeke1830.it\/wp-content\/uploads\/2026\/01\/spazzola-tulip-gold-ausp503-ner.png","datePublished":"2026-01-10T14:02:28+00:00","dateModified":"2026-03-03T10:46:53+00:00","description":"Formen und Volumen mit Klasse mit der J\u00e4neke Tulip Gold B\u00fcrste. Tulpenform f\u00fcr makelloses Styling. Kaufen Sie ihn jetzt!","breadcrumb":{"@id":"https:\/\/janeke1830.it\/de\/prodotto\/tulpe-gold\/#breadcrumb"},"inLanguage":"de","potentialAction":[{"@type":"ReadAction","target":["https:\/\/janeke1830.it\/de\/prodotto\/tulpe-gold\/"]}]},{"@type":"ImageObject","inLanguage":"de","@id":"https:\/\/janeke1830.it\/de\/prodotto\/tulpe-gold\/#primaryimage","url":"https:\/\/janeke1830.it\/wp-content\/uploads\/2026\/01\/spazzola-tulip-gold-ausp503-ner.png","contentUrl":"https:\/\/janeke1830.it\/wp-content\/uploads\/2026\/01\/spazzola-tulip-gold-ausp503-ner.png","width":1024,"height":1024,"caption":"Spazzola Tulip Gold finitura oro lucido lusso J\u00e4neke"},{"@type":"BreadcrumbList","@id":"https:\/\/janeke1830.it\/de\/prodotto\/tulpe-gold\/#breadcrumb","itemListElement":[{"@type":"ListItem","position":1,"name":"Home","item":"https:\/\/janeke1830.it\/de\/startseite\/"},{"@type":"ListItem","position":2,"name":"Shop","item":"https:\/\/janeke1830.it\/de\/shop\/"},{"@type":"ListItem","position":3,"name":"Tulip Gold"}]},{"@type":"WebSite","@id":"https:\/\/janeke1830.it\/#website","url":"https:\/\/janeke1830.it\/","name":"J\u00e4neke 1830","description":"","publisher":{"@id":"https:\/\/janeke1830.it\/#organization"},"potentialAction":[{"@type":"SearchAction","target":{"@type":"EntryPoint","urlTemplate":"https:\/\/janeke1830.it\/?s={search_term_string}"},"query-input":{"@type":"PropertyValueSpecification","valueRequired":true,"valueName":"search_term_string"}}],"inLanguage":"de"},{"@type":"Organization","@id":"https:\/\/janeke1830.it\/#organization","name":"J\u00e4neke 1830","url":"https:\/\/janeke1830.it\/","logo":{"@type":"ImageObject","inLanguage":"de","@id":"https:\/\/janeke1830.it\/#\/schema\/logo\/image\/","url":"https:\/\/janeke1830.it\/wp-content\/uploads\/2025\/12\/logo-nero-janeke.png","contentUrl":"https:\/\/janeke1830.it\/wp-content\/uploads\/2025\/12\/logo-nero-janeke.png","width":1824,"height":829,"caption":"J\u00e4neke 1830"},"image":{"@id":"https:\/\/janeke1830.it\/#\/schema\/logo\/image\/"},"sameAs":["https:\/\/www.facebook.com\/janeke1830","https:\/\/www.instagram.com\/janeke1830official","https:\/\/www.linkedin.com\/company\/giorgio-janeke-s-r-l-\/"]}]}},"_links":{"self":[{"href":"https:\/\/janeke1830.it\/de\/wp-json\/wp\/v2\/product\/9840","targetHints":{"allow":["GET"]}}],"collection":[{"href":"https:\/\/janeke1830.it\/de\/wp-json\/wp\/v2\/product"}],"about":[{"href":"https:\/\/janeke1830.it\/de\/wp-json\/wp\/v2\/types\/product"}],"replies":[{"embeddable":true,"href":"https:\/\/janeke1830.it\/de\/wp-json\/wp\/v2\/comments?post=9840"}],"wp:featuredmedia":[{"embeddable":true,"href":"https:\/\/janeke1830.it\/de\/wp-json\/wp\/v2\/media\/957"}],"wp:attachment":[{"href":"https:\/\/janeke1830.it\/de\/wp-json\/wp\/v2\/media?parent=9840"}],"wp:term":[{"taxonomy":"product_brand","embeddable":true,"href":"https:\/\/janeke1830.it\/de\/wp-json\/wp\/v2\/product_brand?post=9840"},{"taxonomy":"product_cat","embeddable":true,"href":"https:\/\/janeke1830.it\/de\/wp-json\/wp\/v2\/product_cat?post=9840"},{"taxonomy":"product_tag","embeddable":true,"href":"https:\/\/janeke1830.it\/de\/wp-json\/wp\/v2\/product_tag?post=9840"}],"curies":[{"name":"wp","href":"https:\/\/api.w.org\/{rel}","templated":true}]}}