{"id":9529,"date":"2025-11-28T14:52:55","date_gmt":"2025-11-28T13:52:55","guid":{"rendered":"https:\/\/janeke1830.it\/prodotto\/bade-und-duschgel\/"},"modified":"2026-02-05T15:46:08","modified_gmt":"2026-02-05T14:46:08","slug":"bade-und-duschgel","status":"publish","type":"product","link":"https:\/\/janeke1830.it\/de\/prodotto\/bade-und-duschgel\/","title":{"rendered":"Bade- und Duschgel"},"content":{"rendered":"","protected":false},"excerpt":{"rendered":"<p>Das Janeke Duschgel umh\u00fcllt die Haut mit einer sanften Liebkosung, reinigt sanft und hinterl\u00e4sst ein angenehmes Gef\u00fchl von Frische und Wohlbefinden. Seine ausgewogene Formel, angereichert mit hochwertigen Inhaltsstoffen, respektiert das nat\u00fcrliche Gleichgewicht der Haut und bietet einen raffinierten, lang anhaltenden Duft. Es ist ideal f\u00fcr die t\u00e4gliche Anwendung und verwandelt jede Dusche in einen Moment purer Entspannung und pers\u00f6nlicher Pflege von Janeke.  <\/p>\n","protected":false},"featured_media":342,"comment_status":"closed","ping_status":"closed","template":"","meta":[],"product_brand":[1076],"product_cat":[1085],"product_tag":[1086],"class_list":{"0":"post-9529","1":"product","2":"type-product","3":"status-publish","4":"has-post-thumbnail","6":"product_brand-everyday","7":"product_cat-korper-und-haarpflege","8":"product_tag-korperpflege","10":"first","11":"instock","12":"shipping-taxable","13":"purchasable","14":"product-type-variable","15":"has-default-attributes","16":"wvs-archive-product-wrapper"},"yoast_head":"<!-- This site is optimized with the Yoast SEO plugin v27.1.1 - https:\/\/yoast.com\/product\/yoast-seo-wordpress\/ -->\n<title>Bade- und Duschgel J\u00e4neke 1830 - Frische und Wellness<\/title>\n<meta name=\"description\" content=\"Umh\u00fcllen Sie Ihre Haut mit dem J\u00e4neke Bade- und Duschgel mit einer sanften Liebkosung. Erfrischung, Entspannung und ein raffinierter Duft. Kaufen Sie es jetzt!\" \/>\n<meta name=\"robots\" content=\"index, follow, max-snippet:-1, max-image-preview:large, max-video-preview:-1\" \/>\n<link rel=\"canonical\" href=\"https:\/\/janeke1830.it\/de\/prodotto\/bade-und-duschgel\/\" \/>\n<meta property=\"og:locale\" content=\"de_DE\" \/>\n<meta property=\"og:type\" content=\"article\" \/>\n<meta property=\"og:title\" content=\"Bade- und Duschgel J\u00e4neke 1830 - Frische und Wellness\" \/>\n<meta property=\"og:description\" content=\"Umh\u00fcllen Sie Ihre Haut mit dem J\u00e4neke Bade- und Duschgel mit einer sanften Liebkosung. Erfrischung, Entspannung und ein raffinierter Duft. Kaufen Sie es jetzt!\" \/>\n<meta property=\"og:url\" content=\"https:\/\/janeke1830.it\/de\/prodotto\/bade-und-duschgel\/\" \/>\n<meta property=\"og:site_name\" content=\"J\u00e4neke\" \/>\n<meta property=\"article:publisher\" content=\"https:\/\/www.facebook.com\/janeke1830\" \/>\n<meta property=\"article:modified_time\" content=\"2026-02-05T14:46:08+00:00\" \/>\n<meta property=\"og:image\" content=\"https:\/\/janeke1830.it\/wp-content\/uploads\/2025\/12\/liquid-mask-bagnoschiuma.png\" \/>\n\t<meta property=\"og:image:width\" content=\"1024\" \/>\n\t<meta property=\"og:image:height\" content=\"1024\" \/>\n\t<meta property=\"og:image:type\" content=\"image\/png\" \/>\n<meta name=\"twitter:card\" content=\"summary_large_image\" \/>\n<script type=\"application\/ld+json\" class=\"yoast-schema-graph\">{\"@context\":\"https:\/\/schema.org\",\"@graph\":[{\"@type\":\"WebPage\",\"@id\":\"https:\/\/janeke1830.it\/de\/prodotto\/bade-und-duschgel\/\",\"url\":\"https:\/\/janeke1830.it\/de\/prodotto\/bade-und-duschgel\/\",\"name\":\"Bade- und Duschgel J\u00e4neke 1830 - Frische und Wellness\",\"isPartOf\":{\"@id\":\"https:\/\/janeke1830.it\/#website\"},\"primaryImageOfPage\":{\"@id\":\"https:\/\/janeke1830.it\/de\/prodotto\/bade-und-duschgel\/#primaryimage\"},\"image\":{\"@id\":\"https:\/\/janeke1830.it\/de\/prodotto\/bade-und-duschgel\/#primaryimage\"},\"thumbnailUrl\":\"https:\/\/janeke1830.it\/wp-content\/uploads\/2025\/12\/bath-gel-liquid-musk.png\",\"datePublished\":\"2025-11-28T13:52:55+00:00\",\"dateModified\":\"2026-02-05T14:46:08+00:00\",\"description\":\"Umh\u00fcllen Sie Ihre Haut mit dem J\u00e4neke Bade- und Duschgel mit einer sanften Liebkosung. Erfrischung, Entspannung und ein raffinierter Duft. Kaufen Sie es jetzt!\",\"breadcrumb\":{\"@id\":\"https:\/\/janeke1830.it\/de\/prodotto\/bade-und-duschgel\/#breadcrumb\"},\"inLanguage\":\"de\",\"potentialAction\":[{\"@type\":\"ReadAction\",\"target\":[\"https:\/\/janeke1830.it\/de\/prodotto\/bade-und-duschgel\/\"]}]},{\"@type\":\"ImageObject\",\"inLanguage\":\"de\",\"@id\":\"https:\/\/janeke1830.it\/de\/prodotto\/bade-und-duschgel\/#primaryimage\",\"url\":\"https:\/\/janeke1830.it\/wp-content\/uploads\/2025\/12\/bath-gel-liquid-musk.png\",\"contentUrl\":\"https:\/\/janeke1830.it\/wp-content\/uploads\/2025\/12\/bath-gel-liquid-musk.png\",\"width\":1024,\"height\":1024,\"caption\":\"Bath shower gel J\u00e4neke Fresh Babe detersione fresca avvolgente quotidiana\"},{\"@type\":\"BreadcrumbList\",\"@id\":\"https:\/\/janeke1830.it\/de\/prodotto\/bade-und-duschgel\/#breadcrumb\",\"itemListElement\":[{\"@type\":\"ListItem\",\"position\":1,\"name\":\"Home\",\"item\":\"https:\/\/janeke1830.it\/de\/startseite\/\"},{\"@type\":\"ListItem\",\"position\":2,\"name\":\"Shop\",\"item\":\"https:\/\/janeke1830.it\/de\/shop\/\"},{\"@type\":\"ListItem\",\"position\":3,\"name\":\"Bade- und Duschgel\"}]},{\"@type\":\"WebSite\",\"@id\":\"https:\/\/janeke1830.it\/#website\",\"url\":\"https:\/\/janeke1830.it\/\",\"name\":\"J\u00e4neke 1830\",\"description\":\"\",\"publisher\":{\"@id\":\"https:\/\/janeke1830.it\/#organization\"},\"potentialAction\":[{\"@type\":\"SearchAction\",\"target\":{\"@type\":\"EntryPoint\",\"urlTemplate\":\"https:\/\/janeke1830.it\/?s={search_term_string}\"},\"query-input\":{\"@type\":\"PropertyValueSpecification\",\"valueRequired\":true,\"valueName\":\"search_term_string\"}}],\"inLanguage\":\"de\"},{\"@type\":\"Organization\",\"@id\":\"https:\/\/janeke1830.it\/#organization\",\"name\":\"J\u00e4neke 1830\",\"url\":\"https:\/\/janeke1830.it\/\",\"logo\":{\"@type\":\"ImageObject\",\"inLanguage\":\"de\",\"@id\":\"https:\/\/janeke1830.it\/#\/schema\/logo\/image\/\",\"url\":\"https:\/\/janeke1830.it\/wp-content\/uploads\/2025\/12\/logo-nero-janeke.png\",\"contentUrl\":\"https:\/\/janeke1830.it\/wp-content\/uploads\/2025\/12\/logo-nero-janeke.png\",\"width\":1824,\"height\":829,\"caption\":\"J\u00e4neke 1830\"},\"image\":{\"@id\":\"https:\/\/janeke1830.it\/#\/schema\/logo\/image\/\"},\"sameAs\":[\"https:\/\/www.facebook.com\/janeke1830\",\"https:\/\/www.instagram.com\/janeke1830official\",\"https:\/\/www.linkedin.com\/company\/giorgio-janeke-s-r-l-\/\"]}]}<\/script>\n<!-- \/ Yoast SEO plugin. -->","yoast_head_json":{"title":"Bade- und Duschgel J\u00e4neke 1830 - Frische und Wellness","description":"Umh\u00fcllen Sie Ihre Haut mit dem J\u00e4neke Bade- und Duschgel mit einer sanften Liebkosung. Erfrischung, Entspannung und ein raffinierter Duft. Kaufen Sie es jetzt!","robots":{"index":"index","follow":"follow","max-snippet":"max-snippet:-1","max-image-preview":"max-image-preview:large","max-video-preview":"max-video-preview:-1"},"canonical":"https:\/\/janeke1830.it\/de\/prodotto\/bade-und-duschgel\/","og_locale":"de_DE","og_type":"article","og_title":"Bade- und Duschgel J\u00e4neke 1830 - Frische und Wellness","og_description":"Umh\u00fcllen Sie Ihre Haut mit dem J\u00e4neke Bade- und Duschgel mit einer sanften Liebkosung. Erfrischung, Entspannung und ein raffinierter Duft. Kaufen Sie es jetzt!","og_url":"https:\/\/janeke1830.it\/de\/prodotto\/bade-und-duschgel\/","og_site_name":"J\u00e4neke","article_publisher":"https:\/\/www.facebook.com\/janeke1830","article_modified_time":"2026-02-05T14:46:08+00:00","og_image":[{"width":1024,"height":1024,"url":"https:\/\/janeke1830.it\/wp-content\/uploads\/2025\/12\/liquid-mask-bagnoschiuma.png","type":"image\/png"}],"twitter_card":"summary_large_image","schema":{"@context":"https:\/\/schema.org","@graph":[{"@type":"WebPage","@id":"https:\/\/janeke1830.it\/de\/prodotto\/bade-und-duschgel\/","url":"https:\/\/janeke1830.it\/de\/prodotto\/bade-und-duschgel\/","name":"Bade- und Duschgel J\u00e4neke 1830 - Frische und Wellness","isPartOf":{"@id":"https:\/\/janeke1830.it\/#website"},"primaryImageOfPage":{"@id":"https:\/\/janeke1830.it\/de\/prodotto\/bade-und-duschgel\/#primaryimage"},"image":{"@id":"https:\/\/janeke1830.it\/de\/prodotto\/bade-und-duschgel\/#primaryimage"},"thumbnailUrl":"https:\/\/janeke1830.it\/wp-content\/uploads\/2025\/12\/bath-gel-liquid-musk.png","datePublished":"2025-11-28T13:52:55+00:00","dateModified":"2026-02-05T14:46:08+00:00","description":"Umh\u00fcllen Sie Ihre Haut mit dem J\u00e4neke Bade- und Duschgel mit einer sanften Liebkosung. Erfrischung, Entspannung und ein raffinierter Duft. Kaufen Sie es jetzt!","breadcrumb":{"@id":"https:\/\/janeke1830.it\/de\/prodotto\/bade-und-duschgel\/#breadcrumb"},"inLanguage":"de","potentialAction":[{"@type":"ReadAction","target":["https:\/\/janeke1830.it\/de\/prodotto\/bade-und-duschgel\/"]}]},{"@type":"ImageObject","inLanguage":"de","@id":"https:\/\/janeke1830.it\/de\/prodotto\/bade-und-duschgel\/#primaryimage","url":"https:\/\/janeke1830.it\/wp-content\/uploads\/2025\/12\/bath-gel-liquid-musk.png","contentUrl":"https:\/\/janeke1830.it\/wp-content\/uploads\/2025\/12\/bath-gel-liquid-musk.png","width":1024,"height":1024,"caption":"Bath shower gel J\u00e4neke Fresh Babe detersione fresca avvolgente quotidiana"},{"@type":"BreadcrumbList","@id":"https:\/\/janeke1830.it\/de\/prodotto\/bade-und-duschgel\/#breadcrumb","itemListElement":[{"@type":"ListItem","position":1,"name":"Home","item":"https:\/\/janeke1830.it\/de\/startseite\/"},{"@type":"ListItem","position":2,"name":"Shop","item":"https:\/\/janeke1830.it\/de\/shop\/"},{"@type":"ListItem","position":3,"name":"Bade- und Duschgel"}]},{"@type":"WebSite","@id":"https:\/\/janeke1830.it\/#website","url":"https:\/\/janeke1830.it\/","name":"J\u00e4neke 1830","description":"","publisher":{"@id":"https:\/\/janeke1830.it\/#organization"},"potentialAction":[{"@type":"SearchAction","target":{"@type":"EntryPoint","urlTemplate":"https:\/\/janeke1830.it\/?s={search_term_string}"},"query-input":{"@type":"PropertyValueSpecification","valueRequired":true,"valueName":"search_term_string"}}],"inLanguage":"de"},{"@type":"Organization","@id":"https:\/\/janeke1830.it\/#organization","name":"J\u00e4neke 1830","url":"https:\/\/janeke1830.it\/","logo":{"@type":"ImageObject","inLanguage":"de","@id":"https:\/\/janeke1830.it\/#\/schema\/logo\/image\/","url":"https:\/\/janeke1830.it\/wp-content\/uploads\/2025\/12\/logo-nero-janeke.png","contentUrl":"https:\/\/janeke1830.it\/wp-content\/uploads\/2025\/12\/logo-nero-janeke.png","width":1824,"height":829,"caption":"J\u00e4neke 1830"},"image":{"@id":"https:\/\/janeke1830.it\/#\/schema\/logo\/image\/"},"sameAs":["https:\/\/www.facebook.com\/janeke1830","https:\/\/www.instagram.com\/janeke1830official","https:\/\/www.linkedin.com\/company\/giorgio-janeke-s-r-l-\/"]}]}},"_links":{"self":[{"href":"https:\/\/janeke1830.it\/de\/wp-json\/wp\/v2\/product\/9529","targetHints":{"allow":["GET"]}}],"collection":[{"href":"https:\/\/janeke1830.it\/de\/wp-json\/wp\/v2\/product"}],"about":[{"href":"https:\/\/janeke1830.it\/de\/wp-json\/wp\/v2\/types\/product"}],"replies":[{"embeddable":true,"href":"https:\/\/janeke1830.it\/de\/wp-json\/wp\/v2\/comments?post=9529"}],"wp:featuredmedia":[{"embeddable":true,"href":"https:\/\/janeke1830.it\/de\/wp-json\/wp\/v2\/media\/342"}],"wp:attachment":[{"href":"https:\/\/janeke1830.it\/de\/wp-json\/wp\/v2\/media?parent=9529"}],"wp:term":[{"taxonomy":"product_brand","embeddable":true,"href":"https:\/\/janeke1830.it\/de\/wp-json\/wp\/v2\/product_brand?post=9529"},{"taxonomy":"product_cat","embeddable":true,"href":"https:\/\/janeke1830.it\/de\/wp-json\/wp\/v2\/product_cat?post=9529"},{"taxonomy":"product_tag","embeddable":true,"href":"https:\/\/janeke1830.it\/de\/wp-json\/wp\/v2\/product_tag?post=9529"}],"curies":[{"name":"wp","href":"https:\/\/api.w.org\/{rel}","templated":true}]}}