{"id":9473,"date":"2025-11-28T15:10:19","date_gmt":"2025-11-28T14:10:19","guid":{"rendered":"https:\/\/janeke1830.it\/prodotto\/conditioner-liebe-liegt-in-der-luft\/"},"modified":"2026-03-03T11:46:27","modified_gmt":"2026-03-03T10:46:27","slug":"conditioner-liebe-liegt-in-der-luft","status":"publish","type":"product","link":"https:\/\/janeke1830.it\/de\/prodotto\/conditioner-liebe-liegt-in-der-luft\/","title":{"rendered":"Conditioner &#8218;Liebe liegt in der Luft"},"content":{"rendered":"","protected":false},"excerpt":{"rendered":"<p><strong>Die Janeke Haarsp\u00fclung<\/strong> pflegt und entwirrt das Haar sanft und verleiht ihm Geschmeidigkeit und Glanz f\u00fcr alle Haartypen. Seine reichhaltige, ausgewogene Formel hilft, gesch\u00e4digte L\u00e4ngen zu reparieren, macht das Haar seidiger und leichter k\u00e4mmbar. Bei regelm\u00e4\u00dfiger Anwendung bleibt das Haar gesund, vital und duftend, f\u00fcr nat\u00fcrliche Sch\u00f6nheit von Janeke.  <\/p>\n","protected":false},"featured_media":345,"comment_status":"closed","ping_status":"closed","template":"","meta":[],"product_brand":[1076],"product_cat":[1085],"product_tag":[1087,1086],"class_list":{"0":"post-9473","1":"product","2":"type-product","3":"status-publish","4":"has-post-thumbnail","6":"product_brand-everyday","7":"product_cat-korper-und-haarpflege","8":"product_tag-haarpflege","9":"product_tag-korperpflege","11":"first","12":"instock","13":"shipping-taxable","14":"purchasable","15":"product-type-simple"},"yoast_head":"<!-- This site is optimized with the Yoast SEO plugin v27.1.1 - https:\/\/yoast.com\/product\/yoast-seo-wordpress\/ -->\n<title>Conditioner &quot;Liebe liegt in der Luft J\u00e4neke 1830&quot; - N\u00e4hrend<\/title>\n<meta name=\"description\" content=\"Erhalten Sie Weichheit und K\u00e4mmbarkeit mit dem Love is in the Air Conditioner von J\u00e4neke. Pflegend, duftend und sanft. Kaufen Sie es jetzt!\" \/>\n<meta name=\"robots\" content=\"index, follow, max-snippet:-1, max-image-preview:large, max-video-preview:-1\" \/>\n<link rel=\"canonical\" href=\"https:\/\/janeke1830.it\/de\/prodotto\/conditioner-liebe-liegt-in-der-luft\/\" \/>\n<meta property=\"og:locale\" content=\"de_DE\" \/>\n<meta property=\"og:type\" content=\"article\" \/>\n<meta property=\"og:title\" content=\"Conditioner &quot;Liebe liegt in der Luft J\u00e4neke 1830&quot; - N\u00e4hrend\" \/>\n<meta property=\"og:description\" content=\"Erhalten Sie Weichheit und K\u00e4mmbarkeit mit dem Love is in the Air Conditioner von J\u00e4neke. Pflegend, duftend und sanft. Kaufen Sie es jetzt!\" \/>\n<meta property=\"og:url\" content=\"https:\/\/janeke1830.it\/de\/prodotto\/conditioner-liebe-liegt-in-der-luft\/\" \/>\n<meta property=\"og:site_name\" content=\"J\u00e4neke\" \/>\n<meta property=\"article:publisher\" content=\"https:\/\/www.facebook.com\/janeke1830\" \/>\n<meta property=\"article:modified_time\" content=\"2026-03-03T10:46:27+00:00\" \/>\n<meta property=\"og:image\" content=\"https:\/\/janeke1830.it\/wp-content\/uploads\/2025\/12\/conditioner-love.png\" \/>\n\t<meta property=\"og:image:width\" content=\"1024\" \/>\n\t<meta property=\"og:image:height\" content=\"1024\" \/>\n\t<meta property=\"og:image:type\" content=\"image\/png\" \/>\n<meta name=\"twitter:card\" content=\"summary_large_image\" \/>\n<script type=\"application\/ld+json\" class=\"yoast-schema-graph\">{\"@context\":\"https:\/\/schema.org\",\"@graph\":[{\"@type\":\"WebPage\",\"@id\":\"https:\/\/janeke1830.it\/de\/prodotto\/conditioner-liebe-liegt-in-der-luft\/\",\"url\":\"https:\/\/janeke1830.it\/de\/prodotto\/conditioner-liebe-liegt-in-der-luft\/\",\"name\":\"Conditioner \\\"Liebe liegt in der Luft J\u00e4neke 1830\\\" - N\u00e4hrend\",\"isPartOf\":{\"@id\":\"https:\/\/janeke1830.it\/#website\"},\"primaryImageOfPage\":{\"@id\":\"https:\/\/janeke1830.it\/de\/prodotto\/conditioner-liebe-liegt-in-der-luft\/#primaryimage\"},\"image\":{\"@id\":\"https:\/\/janeke1830.it\/de\/prodotto\/conditioner-liebe-liegt-in-der-luft\/#primaryimage\"},\"thumbnailUrl\":\"https:\/\/janeke1830.it\/wp-content\/uploads\/2025\/12\/conditioner-love-in-air.png\",\"datePublished\":\"2025-11-28T14:10:19+00:00\",\"dateModified\":\"2026-03-03T10:46:27+00:00\",\"description\":\"Erhalten Sie Weichheit und K\u00e4mmbarkeit mit dem Love is in the Air Conditioner von J\u00e4neke. Pflegend, duftend und sanft. Kaufen Sie es jetzt!\",\"breadcrumb\":{\"@id\":\"https:\/\/janeke1830.it\/de\/prodotto\/conditioner-liebe-liegt-in-der-luft\/#breadcrumb\"},\"inLanguage\":\"de\",\"potentialAction\":[{\"@type\":\"ReadAction\",\"target\":[\"https:\/\/janeke1830.it\/de\/prodotto\/conditioner-liebe-liegt-in-der-luft\/\"]}]},{\"@type\":\"ImageObject\",\"inLanguage\":\"de\",\"@id\":\"https:\/\/janeke1830.it\/de\/prodotto\/conditioner-liebe-liegt-in-der-luft\/#primaryimage\",\"url\":\"https:\/\/janeke1830.it\/wp-content\/uploads\/2025\/12\/conditioner-love-in-air.png\",\"contentUrl\":\"https:\/\/janeke1830.it\/wp-content\/uploads\/2025\/12\/conditioner-love-in-air.png\",\"width\":1024,\"height\":1024,\"caption\":\"Conditioner Love is in the Air J\u00e4neke nutriente districante lucentezza\"},{\"@type\":\"BreadcrumbList\",\"@id\":\"https:\/\/janeke1830.it\/de\/prodotto\/conditioner-liebe-liegt-in-der-luft\/#breadcrumb\",\"itemListElement\":[{\"@type\":\"ListItem\",\"position\":1,\"name\":\"Home\",\"item\":\"https:\/\/janeke1830.it\/de\/startseite\/\"},{\"@type\":\"ListItem\",\"position\":2,\"name\":\"Shop\",\"item\":\"https:\/\/janeke1830.it\/de\/shop\/\"},{\"@type\":\"ListItem\",\"position\":3,\"name\":\"Conditioner &#8218;Liebe liegt in der Luft\"}]},{\"@type\":\"WebSite\",\"@id\":\"https:\/\/janeke1830.it\/#website\",\"url\":\"https:\/\/janeke1830.it\/\",\"name\":\"J\u00e4neke 1830\",\"description\":\"\",\"publisher\":{\"@id\":\"https:\/\/janeke1830.it\/#organization\"},\"potentialAction\":[{\"@type\":\"SearchAction\",\"target\":{\"@type\":\"EntryPoint\",\"urlTemplate\":\"https:\/\/janeke1830.it\/?s={search_term_string}\"},\"query-input\":{\"@type\":\"PropertyValueSpecification\",\"valueRequired\":true,\"valueName\":\"search_term_string\"}}],\"inLanguage\":\"de\"},{\"@type\":\"Organization\",\"@id\":\"https:\/\/janeke1830.it\/#organization\",\"name\":\"J\u00e4neke 1830\",\"url\":\"https:\/\/janeke1830.it\/\",\"logo\":{\"@type\":\"ImageObject\",\"inLanguage\":\"de\",\"@id\":\"https:\/\/janeke1830.it\/#\/schema\/logo\/image\/\",\"url\":\"https:\/\/janeke1830.it\/wp-content\/uploads\/2025\/12\/logo-nero-janeke.png\",\"contentUrl\":\"https:\/\/janeke1830.it\/wp-content\/uploads\/2025\/12\/logo-nero-janeke.png\",\"width\":1824,\"height\":829,\"caption\":\"J\u00e4neke 1830\"},\"image\":{\"@id\":\"https:\/\/janeke1830.it\/#\/schema\/logo\/image\/\"},\"sameAs\":[\"https:\/\/www.facebook.com\/janeke1830\",\"https:\/\/www.instagram.com\/janeke1830official\",\"https:\/\/www.linkedin.com\/company\/giorgio-janeke-s-r-l-\/\"]}]}<\/script>\n<!-- \/ Yoast SEO plugin. -->","yoast_head_json":{"title":"Conditioner \"Liebe liegt in der Luft J\u00e4neke 1830\" - N\u00e4hrend","description":"Erhalten Sie Weichheit und K\u00e4mmbarkeit mit dem Love is in the Air Conditioner von J\u00e4neke. Pflegend, duftend und sanft. Kaufen Sie es jetzt!","robots":{"index":"index","follow":"follow","max-snippet":"max-snippet:-1","max-image-preview":"max-image-preview:large","max-video-preview":"max-video-preview:-1"},"canonical":"https:\/\/janeke1830.it\/de\/prodotto\/conditioner-liebe-liegt-in-der-luft\/","og_locale":"de_DE","og_type":"article","og_title":"Conditioner \"Liebe liegt in der Luft J\u00e4neke 1830\" - N\u00e4hrend","og_description":"Erhalten Sie Weichheit und K\u00e4mmbarkeit mit dem Love is in the Air Conditioner von J\u00e4neke. Pflegend, duftend und sanft. Kaufen Sie es jetzt!","og_url":"https:\/\/janeke1830.it\/de\/prodotto\/conditioner-liebe-liegt-in-der-luft\/","og_site_name":"J\u00e4neke","article_publisher":"https:\/\/www.facebook.com\/janeke1830","article_modified_time":"2026-03-03T10:46:27+00:00","og_image":[{"width":1024,"height":1024,"url":"https:\/\/janeke1830.it\/wp-content\/uploads\/2025\/12\/conditioner-love.png","type":"image\/png"}],"twitter_card":"summary_large_image","schema":{"@context":"https:\/\/schema.org","@graph":[{"@type":"WebPage","@id":"https:\/\/janeke1830.it\/de\/prodotto\/conditioner-liebe-liegt-in-der-luft\/","url":"https:\/\/janeke1830.it\/de\/prodotto\/conditioner-liebe-liegt-in-der-luft\/","name":"Conditioner \"Liebe liegt in der Luft J\u00e4neke 1830\" - N\u00e4hrend","isPartOf":{"@id":"https:\/\/janeke1830.it\/#website"},"primaryImageOfPage":{"@id":"https:\/\/janeke1830.it\/de\/prodotto\/conditioner-liebe-liegt-in-der-luft\/#primaryimage"},"image":{"@id":"https:\/\/janeke1830.it\/de\/prodotto\/conditioner-liebe-liegt-in-der-luft\/#primaryimage"},"thumbnailUrl":"https:\/\/janeke1830.it\/wp-content\/uploads\/2025\/12\/conditioner-love-in-air.png","datePublished":"2025-11-28T14:10:19+00:00","dateModified":"2026-03-03T10:46:27+00:00","description":"Erhalten Sie Weichheit und K\u00e4mmbarkeit mit dem Love is in the Air Conditioner von J\u00e4neke. Pflegend, duftend und sanft. Kaufen Sie es jetzt!","breadcrumb":{"@id":"https:\/\/janeke1830.it\/de\/prodotto\/conditioner-liebe-liegt-in-der-luft\/#breadcrumb"},"inLanguage":"de","potentialAction":[{"@type":"ReadAction","target":["https:\/\/janeke1830.it\/de\/prodotto\/conditioner-liebe-liegt-in-der-luft\/"]}]},{"@type":"ImageObject","inLanguage":"de","@id":"https:\/\/janeke1830.it\/de\/prodotto\/conditioner-liebe-liegt-in-der-luft\/#primaryimage","url":"https:\/\/janeke1830.it\/wp-content\/uploads\/2025\/12\/conditioner-love-in-air.png","contentUrl":"https:\/\/janeke1830.it\/wp-content\/uploads\/2025\/12\/conditioner-love-in-air.png","width":1024,"height":1024,"caption":"Conditioner Love is in the Air J\u00e4neke nutriente districante lucentezza"},{"@type":"BreadcrumbList","@id":"https:\/\/janeke1830.it\/de\/prodotto\/conditioner-liebe-liegt-in-der-luft\/#breadcrumb","itemListElement":[{"@type":"ListItem","position":1,"name":"Home","item":"https:\/\/janeke1830.it\/de\/startseite\/"},{"@type":"ListItem","position":2,"name":"Shop","item":"https:\/\/janeke1830.it\/de\/shop\/"},{"@type":"ListItem","position":3,"name":"Conditioner &#8218;Liebe liegt in der Luft"}]},{"@type":"WebSite","@id":"https:\/\/janeke1830.it\/#website","url":"https:\/\/janeke1830.it\/","name":"J\u00e4neke 1830","description":"","publisher":{"@id":"https:\/\/janeke1830.it\/#organization"},"potentialAction":[{"@type":"SearchAction","target":{"@type":"EntryPoint","urlTemplate":"https:\/\/janeke1830.it\/?s={search_term_string}"},"query-input":{"@type":"PropertyValueSpecification","valueRequired":true,"valueName":"search_term_string"}}],"inLanguage":"de"},{"@type":"Organization","@id":"https:\/\/janeke1830.it\/#organization","name":"J\u00e4neke 1830","url":"https:\/\/janeke1830.it\/","logo":{"@type":"ImageObject","inLanguage":"de","@id":"https:\/\/janeke1830.it\/#\/schema\/logo\/image\/","url":"https:\/\/janeke1830.it\/wp-content\/uploads\/2025\/12\/logo-nero-janeke.png","contentUrl":"https:\/\/janeke1830.it\/wp-content\/uploads\/2025\/12\/logo-nero-janeke.png","width":1824,"height":829,"caption":"J\u00e4neke 1830"},"image":{"@id":"https:\/\/janeke1830.it\/#\/schema\/logo\/image\/"},"sameAs":["https:\/\/www.facebook.com\/janeke1830","https:\/\/www.instagram.com\/janeke1830official","https:\/\/www.linkedin.com\/company\/giorgio-janeke-s-r-l-\/"]}]}},"_links":{"self":[{"href":"https:\/\/janeke1830.it\/de\/wp-json\/wp\/v2\/product\/9473","targetHints":{"allow":["GET"]}}],"collection":[{"href":"https:\/\/janeke1830.it\/de\/wp-json\/wp\/v2\/product"}],"about":[{"href":"https:\/\/janeke1830.it\/de\/wp-json\/wp\/v2\/types\/product"}],"replies":[{"embeddable":true,"href":"https:\/\/janeke1830.it\/de\/wp-json\/wp\/v2\/comments?post=9473"}],"wp:featuredmedia":[{"embeddable":true,"href":"https:\/\/janeke1830.it\/de\/wp-json\/wp\/v2\/media\/345"}],"wp:attachment":[{"href":"https:\/\/janeke1830.it\/de\/wp-json\/wp\/v2\/media?parent=9473"}],"wp:term":[{"taxonomy":"product_brand","embeddable":true,"href":"https:\/\/janeke1830.it\/de\/wp-json\/wp\/v2\/product_brand?post=9473"},{"taxonomy":"product_cat","embeddable":true,"href":"https:\/\/janeke1830.it\/de\/wp-json\/wp\/v2\/product_cat?post=9473"},{"taxonomy":"product_tag","embeddable":true,"href":"https:\/\/janeke1830.it\/de\/wp-json\/wp\/v2\/product_tag?post=9473"}],"curies":[{"name":"wp","href":"https:\/\/api.w.org\/{rel}","templated":true}]}}