{"id":9458,"date":"2025-11-28T15:11:18","date_gmt":"2025-11-28T14:11:18","guid":{"rendered":"https:\/\/janeke1830.it\/prodotto\/fluessige-handwaesche\/"},"modified":"2026-02-05T15:45:35","modified_gmt":"2026-02-05T14:45:35","slug":"fluessige-handwaesche","status":"publish","type":"product","link":"https:\/\/janeke1830.it\/de\/prodotto\/fluessige-handwaesche\/","title":{"rendered":"Fl\u00fcssige Handw\u00e4sche"},"content":{"rendered":"","protected":false},"excerpt":{"rendered":"<p>Die Janeke Handseife reinigt die Haut sanft, respektiert ihr nat\u00fcrliches Gleichgewicht und hinterl\u00e4sst sie weich und angenehm duftend. Ihre hochwertige Formel, angereichert mit feuchtigkeitsspendenden Inhaltsstoffen, entfernt effektiv Unreinheiten, ohne die Haut auszutrocknen. Sie eignet sich perfekt f\u00fcr den t\u00e4glichen Gebrauch und sorgt jederzeit f\u00fcr ein frisches und sauberes Gef\u00fchl, mit der f\u00fcr Janeke typischen Eleganz und Sorgfalt.  <\/p>\n","protected":false},"featured_media":351,"comment_status":"closed","ping_status":"closed","template":"","meta":[],"product_brand":[1076],"product_cat":[1085],"product_tag":[1086],"class_list":{"0":"post-9458","1":"product","2":"type-product","3":"status-publish","4":"has-post-thumbnail","6":"product_brand-everyday","7":"product_cat-korper-und-haarpflege","8":"product_tag-korperpflege","10":"first","11":"instock","12":"shipping-taxable","13":"purchasable","14":"product-type-variable","15":"has-default-attributes","16":"wvs-archive-product-wrapper"},"yoast_head":"<!-- This site is optimized with the Yoast SEO plugin v27.1.1 - https:\/\/yoast.com\/product\/yoast-seo-wordpress\/ -->\n<title>Fl\u00fcssiges Handwaschmittel J\u00e4neke 1830 - Feuchthaltende Handseife<\/title>\n<meta name=\"description\" content=\"F\u00fcr eine sanfte Reinigung, die nicht austrocknet, w\u00e4hlen Sie J\u00e4neke Liquid Hand Wash. Es hinterl\u00e4sst die Haut weich und duftend. Entdecken Sie es jetzt!\" \/>\n<meta name=\"robots\" content=\"index, follow, max-snippet:-1, max-image-preview:large, max-video-preview:-1\" \/>\n<link rel=\"canonical\" href=\"https:\/\/janeke1830.it\/de\/prodotto\/fluessige-handwaesche\/\" \/>\n<meta property=\"og:locale\" content=\"de_DE\" \/>\n<meta property=\"og:type\" content=\"article\" \/>\n<meta property=\"og:title\" content=\"Fl\u00fcssiges Handwaschmittel J\u00e4neke 1830 - Feuchthaltende Handseife\" \/>\n<meta property=\"og:description\" content=\"F\u00fcr eine sanfte Reinigung, die nicht austrocknet, w\u00e4hlen Sie J\u00e4neke Liquid Hand Wash. Es hinterl\u00e4sst die Haut weich und duftend. Entdecken Sie es jetzt!\" \/>\n<meta property=\"og:url\" content=\"https:\/\/janeke1830.it\/de\/prodotto\/fluessige-handwaesche\/\" \/>\n<meta property=\"og:site_name\" content=\"J\u00e4neke\" \/>\n<meta property=\"article:publisher\" content=\"https:\/\/www.facebook.com\/janeke1830\" \/>\n<meta property=\"article:modified_time\" content=\"2026-02-05T14:45:35+00:00\" \/>\n<meta property=\"og:image\" content=\"https:\/\/janeke1830.it\/wp-content\/uploads\/2025\/12\/liquid-musk-hand.png\" \/>\n\t<meta property=\"og:image:width\" content=\"1024\" \/>\n\t<meta property=\"og:image:height\" content=\"1024\" \/>\n\t<meta property=\"og:image:type\" content=\"image\/png\" \/>\n<meta name=\"twitter:card\" content=\"summary_large_image\" \/>\n<script type=\"application\/ld+json\" class=\"yoast-schema-graph\">{\"@context\":\"https:\/\/schema.org\",\"@graph\":[{\"@type\":\"WebPage\",\"@id\":\"https:\/\/janeke1830.it\/de\/prodotto\/fluessige-handwaesche\/\",\"url\":\"https:\/\/janeke1830.it\/de\/prodotto\/fluessige-handwaesche\/\",\"name\":\"Fl\u00fcssiges Handwaschmittel J\u00e4neke 1830 - Feuchthaltende Handseife\",\"isPartOf\":{\"@id\":\"https:\/\/janeke1830.it\/#website\"},\"primaryImageOfPage\":{\"@id\":\"https:\/\/janeke1830.it\/de\/prodotto\/fluessige-handwaesche\/#primaryimage\"},\"image\":{\"@id\":\"https:\/\/janeke1830.it\/de\/prodotto\/fluessige-handwaesche\/#primaryimage\"},\"thumbnailUrl\":\"https:\/\/janeke1830.it\/wp-content\/uploads\/2025\/12\/hand-wash-liquid-musk.png\",\"datePublished\":\"2025-11-28T14:11:18+00:00\",\"dateModified\":\"2026-02-05T14:45:35+00:00\",\"description\":\"F\u00fcr eine sanfte Reinigung, die nicht austrocknet, w\u00e4hlen Sie J\u00e4neke Liquid Hand Wash. Es hinterl\u00e4sst die Haut weich und duftend. Entdecken Sie es jetzt!\",\"breadcrumb\":{\"@id\":\"https:\/\/janeke1830.it\/de\/prodotto\/fluessige-handwaesche\/#breadcrumb\"},\"inLanguage\":\"de\",\"potentialAction\":[{\"@type\":\"ReadAction\",\"target\":[\"https:\/\/janeke1830.it\/de\/prodotto\/fluessige-handwaesche\/\"]}]},{\"@type\":\"ImageObject\",\"inLanguage\":\"de\",\"@id\":\"https:\/\/janeke1830.it\/de\/prodotto\/fluessige-handwaesche\/#primaryimage\",\"url\":\"https:\/\/janeke1830.it\/wp-content\/uploads\/2025\/12\/hand-wash-liquid-musk.png\",\"contentUrl\":\"https:\/\/janeke1830.it\/wp-content\/uploads\/2025\/12\/hand-wash-liquid-musk.png\",\"width\":1024,\"height\":1024,\"caption\":\"Liquid hand wash J\u00e4neke Liquid Musk morbida muschiata equilibrio naturale\"},{\"@type\":\"BreadcrumbList\",\"@id\":\"https:\/\/janeke1830.it\/de\/prodotto\/fluessige-handwaesche\/#breadcrumb\",\"itemListElement\":[{\"@type\":\"ListItem\",\"position\":1,\"name\":\"Home\",\"item\":\"https:\/\/janeke1830.it\/de\/startseite\/\"},{\"@type\":\"ListItem\",\"position\":2,\"name\":\"Shop\",\"item\":\"https:\/\/janeke1830.it\/de\/shop\/\"},{\"@type\":\"ListItem\",\"position\":3,\"name\":\"Fl\u00fcssige Handw\u00e4sche\"}]},{\"@type\":\"WebSite\",\"@id\":\"https:\/\/janeke1830.it\/#website\",\"url\":\"https:\/\/janeke1830.it\/\",\"name\":\"J\u00e4neke 1830\",\"description\":\"\",\"publisher\":{\"@id\":\"https:\/\/janeke1830.it\/#organization\"},\"potentialAction\":[{\"@type\":\"SearchAction\",\"target\":{\"@type\":\"EntryPoint\",\"urlTemplate\":\"https:\/\/janeke1830.it\/?s={search_term_string}\"},\"query-input\":{\"@type\":\"PropertyValueSpecification\",\"valueRequired\":true,\"valueName\":\"search_term_string\"}}],\"inLanguage\":\"de\"},{\"@type\":\"Organization\",\"@id\":\"https:\/\/janeke1830.it\/#organization\",\"name\":\"J\u00e4neke 1830\",\"url\":\"https:\/\/janeke1830.it\/\",\"logo\":{\"@type\":\"ImageObject\",\"inLanguage\":\"de\",\"@id\":\"https:\/\/janeke1830.it\/#\/schema\/logo\/image\/\",\"url\":\"https:\/\/janeke1830.it\/wp-content\/uploads\/2025\/12\/logo-nero-janeke.png\",\"contentUrl\":\"https:\/\/janeke1830.it\/wp-content\/uploads\/2025\/12\/logo-nero-janeke.png\",\"width\":1824,\"height\":829,\"caption\":\"J\u00e4neke 1830\"},\"image\":{\"@id\":\"https:\/\/janeke1830.it\/#\/schema\/logo\/image\/\"},\"sameAs\":[\"https:\/\/www.facebook.com\/janeke1830\",\"https:\/\/www.instagram.com\/janeke1830official\",\"https:\/\/www.linkedin.com\/company\/giorgio-janeke-s-r-l-\/\"]}]}<\/script>\n<!-- \/ Yoast SEO plugin. -->","yoast_head_json":{"title":"Fl\u00fcssiges Handwaschmittel J\u00e4neke 1830 - Feuchthaltende Handseife","description":"F\u00fcr eine sanfte Reinigung, die nicht austrocknet, w\u00e4hlen Sie J\u00e4neke Liquid Hand Wash. Es hinterl\u00e4sst die Haut weich und duftend. Entdecken Sie es jetzt!","robots":{"index":"index","follow":"follow","max-snippet":"max-snippet:-1","max-image-preview":"max-image-preview:large","max-video-preview":"max-video-preview:-1"},"canonical":"https:\/\/janeke1830.it\/de\/prodotto\/fluessige-handwaesche\/","og_locale":"de_DE","og_type":"article","og_title":"Fl\u00fcssiges Handwaschmittel J\u00e4neke 1830 - Feuchthaltende Handseife","og_description":"F\u00fcr eine sanfte Reinigung, die nicht austrocknet, w\u00e4hlen Sie J\u00e4neke Liquid Hand Wash. Es hinterl\u00e4sst die Haut weich und duftend. Entdecken Sie es jetzt!","og_url":"https:\/\/janeke1830.it\/de\/prodotto\/fluessige-handwaesche\/","og_site_name":"J\u00e4neke","article_publisher":"https:\/\/www.facebook.com\/janeke1830","article_modified_time":"2026-02-05T14:45:35+00:00","og_image":[{"width":1024,"height":1024,"url":"https:\/\/janeke1830.it\/wp-content\/uploads\/2025\/12\/liquid-musk-hand.png","type":"image\/png"}],"twitter_card":"summary_large_image","schema":{"@context":"https:\/\/schema.org","@graph":[{"@type":"WebPage","@id":"https:\/\/janeke1830.it\/de\/prodotto\/fluessige-handwaesche\/","url":"https:\/\/janeke1830.it\/de\/prodotto\/fluessige-handwaesche\/","name":"Fl\u00fcssiges Handwaschmittel J\u00e4neke 1830 - Feuchthaltende Handseife","isPartOf":{"@id":"https:\/\/janeke1830.it\/#website"},"primaryImageOfPage":{"@id":"https:\/\/janeke1830.it\/de\/prodotto\/fluessige-handwaesche\/#primaryimage"},"image":{"@id":"https:\/\/janeke1830.it\/de\/prodotto\/fluessige-handwaesche\/#primaryimage"},"thumbnailUrl":"https:\/\/janeke1830.it\/wp-content\/uploads\/2025\/12\/hand-wash-liquid-musk.png","datePublished":"2025-11-28T14:11:18+00:00","dateModified":"2026-02-05T14:45:35+00:00","description":"F\u00fcr eine sanfte Reinigung, die nicht austrocknet, w\u00e4hlen Sie J\u00e4neke Liquid Hand Wash. Es hinterl\u00e4sst die Haut weich und duftend. Entdecken Sie es jetzt!","breadcrumb":{"@id":"https:\/\/janeke1830.it\/de\/prodotto\/fluessige-handwaesche\/#breadcrumb"},"inLanguage":"de","potentialAction":[{"@type":"ReadAction","target":["https:\/\/janeke1830.it\/de\/prodotto\/fluessige-handwaesche\/"]}]},{"@type":"ImageObject","inLanguage":"de","@id":"https:\/\/janeke1830.it\/de\/prodotto\/fluessige-handwaesche\/#primaryimage","url":"https:\/\/janeke1830.it\/wp-content\/uploads\/2025\/12\/hand-wash-liquid-musk.png","contentUrl":"https:\/\/janeke1830.it\/wp-content\/uploads\/2025\/12\/hand-wash-liquid-musk.png","width":1024,"height":1024,"caption":"Liquid hand wash J\u00e4neke Liquid Musk morbida muschiata equilibrio naturale"},{"@type":"BreadcrumbList","@id":"https:\/\/janeke1830.it\/de\/prodotto\/fluessige-handwaesche\/#breadcrumb","itemListElement":[{"@type":"ListItem","position":1,"name":"Home","item":"https:\/\/janeke1830.it\/de\/startseite\/"},{"@type":"ListItem","position":2,"name":"Shop","item":"https:\/\/janeke1830.it\/de\/shop\/"},{"@type":"ListItem","position":3,"name":"Fl\u00fcssige Handw\u00e4sche"}]},{"@type":"WebSite","@id":"https:\/\/janeke1830.it\/#website","url":"https:\/\/janeke1830.it\/","name":"J\u00e4neke 1830","description":"","publisher":{"@id":"https:\/\/janeke1830.it\/#organization"},"potentialAction":[{"@type":"SearchAction","target":{"@type":"EntryPoint","urlTemplate":"https:\/\/janeke1830.it\/?s={search_term_string}"},"query-input":{"@type":"PropertyValueSpecification","valueRequired":true,"valueName":"search_term_string"}}],"inLanguage":"de"},{"@type":"Organization","@id":"https:\/\/janeke1830.it\/#organization","name":"J\u00e4neke 1830","url":"https:\/\/janeke1830.it\/","logo":{"@type":"ImageObject","inLanguage":"de","@id":"https:\/\/janeke1830.it\/#\/schema\/logo\/image\/","url":"https:\/\/janeke1830.it\/wp-content\/uploads\/2025\/12\/logo-nero-janeke.png","contentUrl":"https:\/\/janeke1830.it\/wp-content\/uploads\/2025\/12\/logo-nero-janeke.png","width":1824,"height":829,"caption":"J\u00e4neke 1830"},"image":{"@id":"https:\/\/janeke1830.it\/#\/schema\/logo\/image\/"},"sameAs":["https:\/\/www.facebook.com\/janeke1830","https:\/\/www.instagram.com\/janeke1830official","https:\/\/www.linkedin.com\/company\/giorgio-janeke-s-r-l-\/"]}]}},"_links":{"self":[{"href":"https:\/\/janeke1830.it\/de\/wp-json\/wp\/v2\/product\/9458","targetHints":{"allow":["GET"]}}],"collection":[{"href":"https:\/\/janeke1830.it\/de\/wp-json\/wp\/v2\/product"}],"about":[{"href":"https:\/\/janeke1830.it\/de\/wp-json\/wp\/v2\/types\/product"}],"replies":[{"embeddable":true,"href":"https:\/\/janeke1830.it\/de\/wp-json\/wp\/v2\/comments?post=9458"}],"wp:featuredmedia":[{"embeddable":true,"href":"https:\/\/janeke1830.it\/de\/wp-json\/wp\/v2\/media\/351"}],"wp:attachment":[{"href":"https:\/\/janeke1830.it\/de\/wp-json\/wp\/v2\/media?parent=9458"}],"wp:term":[{"taxonomy":"product_brand","embeddable":true,"href":"https:\/\/janeke1830.it\/de\/wp-json\/wp\/v2\/product_brand?post=9458"},{"taxonomy":"product_cat","embeddable":true,"href":"https:\/\/janeke1830.it\/de\/wp-json\/wp\/v2\/product_cat?post=9458"},{"taxonomy":"product_tag","embeddable":true,"href":"https:\/\/janeke1830.it\/de\/wp-json\/wp\/v2\/product_tag?post=9458"}],"curies":[{"name":"wp","href":"https:\/\/api.w.org\/{rel}","templated":true}]}}