{"id":9457,"date":"2026-01-10T16:08:49","date_gmt":"2026-01-10T15:08:49","guid":{"rendered":"https:\/\/janeke1830.it\/prodotto\/curvy-bag-belueftete-buerste\/"},"modified":"2026-02-05T15:58:36","modified_gmt":"2026-02-05T14:58:36","slug":"curvy-bag-belueftete-buerste","status":"publish","type":"product","link":"https:\/\/janeke1830.it\/de\/prodotto\/curvy-bag-belueftete-buerste\/","title":{"rendered":"Curvy Bag Vented"},"content":{"rendered":"","protected":false},"excerpt":{"rendered":"<p>Die <strong>Janeke Curvy Bag Vented<\/strong> B\u00fcrste vereint Stil und Leistung: Dank ihrer bel\u00fcfteten Struktur mit \"Bienenwaben\"-L\u00f6chern erleichtert sie das F\u00f6hnen, indem sie die W\u00e4rme gleichm\u00e4\u00dfig verteilt, w\u00e4hrend der gebogene, ergonomische Griff einen bequemen Halt und optimalen Kontakt mit der Kopfhaut gew\u00e4hrleistet.<\/p>\n<p>Ideal zum sanften Entwirren und Stylen aller Haartypen, perfekt f\u00fcr den t\u00e4glichen Gebrauch oder unterwegs, bietet sie die Eleganz und Zuverl\u00e4ssigkeit der Marke Janeke.<\/p>\n","protected":false},"featured_media":1879,"comment_status":"closed","ping_status":"closed","template":"","meta":[],"product_brand":[1076],"product_cat":[1032],"product_tag":[1077],"class_list":{"0":"post-9457","1":"product","2":"type-product","3":"status-publish","4":"has-post-thumbnail","6":"product_brand-everyday","7":"product_cat-pinsel","8":"product_tag-obs","10":"first","11":"instock","12":"shipping-taxable","13":"purchasable","14":"product-type-variable","15":"wvs-archive-product-wrapper"},"yoast_head":"<!-- This site is optimized with the Yoast SEO plugin v27.1.1 - https:\/\/yoast.com\/product\/yoast-seo-wordpress\/ -->\n<title>J\u00e4neke Curvy Bag Vented Brush - Ergonomische B\u00fcrste und Taschenb\u00fcrste<\/title>\n<meta name=\"description\" content=\"Entwirren und in Form bringen mit der J\u00e4neke Curvy Bag Vented Brush. Bel\u00fcftete Struktur und gebogener Griff f\u00fcr perfektes Trocknen. Entdecken Sie es!\" \/>\n<meta name=\"robots\" content=\"index, follow, max-snippet:-1, max-image-preview:large, max-video-preview:-1\" \/>\n<link rel=\"canonical\" href=\"https:\/\/janeke1830.it\/de\/prodotto\/curvy-bag-belueftete-buerste\/\" \/>\n<meta property=\"og:locale\" content=\"de_DE\" \/>\n<meta property=\"og:type\" content=\"article\" \/>\n<meta property=\"og:title\" content=\"J\u00e4neke Curvy Bag Vented Brush - Ergonomische B\u00fcrste und Taschenb\u00fcrste\" \/>\n<meta property=\"og:description\" content=\"Entwirren und in Form bringen mit der J\u00e4neke Curvy Bag Vented Brush. Bel\u00fcftete Struktur und gebogener Griff f\u00fcr perfektes Trocknen. Entdecken Sie es!\" \/>\n<meta property=\"og:url\" content=\"https:\/\/janeke1830.it\/de\/prodotto\/curvy-bag-belueftete-buerste\/\" \/>\n<meta property=\"og:site_name\" content=\"J\u00e4neke\" \/>\n<meta property=\"article:publisher\" content=\"https:\/\/www.facebook.com\/janeke1830\" \/>\n<meta property=\"article:modified_time\" content=\"2026-02-05T14:58:36+00:00\" \/>\n<meta property=\"og:image\" content=\"https:\/\/janeke1830.it\/wp-content\/uploads\/2026\/01\/SP507.AMAG-cover.png\" \/>\n\t<meta property=\"og:image:width\" content=\"800\" \/>\n\t<meta property=\"og:image:height\" content=\"800\" \/>\n\t<meta property=\"og:image:type\" content=\"image\/png\" \/>\n<meta name=\"twitter:card\" content=\"summary_large_image\" \/>\n<script type=\"application\/ld+json\" class=\"yoast-schema-graph\">{\"@context\":\"https:\/\/schema.org\",\"@graph\":[{\"@type\":\"WebPage\",\"@id\":\"https:\/\/janeke1830.it\/de\/prodotto\/curvy-bag-belueftete-buerste\/\",\"url\":\"https:\/\/janeke1830.it\/de\/prodotto\/curvy-bag-belueftete-buerste\/\",\"name\":\"J\u00e4neke Curvy Bag Vented Brush - Ergonomische B\u00fcrste und Taschenb\u00fcrste\",\"isPartOf\":{\"@id\":\"https:\/\/janeke1830.it\/#website\"},\"primaryImageOfPage\":{\"@id\":\"https:\/\/janeke1830.it\/de\/prodotto\/curvy-bag-belueftete-buerste\/#primaryimage\"},\"image\":{\"@id\":\"https:\/\/janeke1830.it\/de\/prodotto\/curvy-bag-belueftete-buerste\/#primaryimage\"},\"thumbnailUrl\":\"https:\/\/janeke1830.it\/wp-content\/uploads\/2026\/01\/SP507.AMAG-cover.png\",\"datePublished\":\"2026-01-10T15:08:49+00:00\",\"dateModified\":\"2026-02-05T14:58:36+00:00\",\"description\":\"Entwirren und in Form bringen mit der J\u00e4neke Curvy Bag Vented Brush. Bel\u00fcftete Struktur und gebogener Griff f\u00fcr perfektes Trocknen. Entdecken Sie es!\",\"breadcrumb\":{\"@id\":\"https:\/\/janeke1830.it\/de\/prodotto\/curvy-bag-belueftete-buerste\/#breadcrumb\"},\"inLanguage\":\"de\",\"potentialAction\":[{\"@type\":\"ReadAction\",\"target\":[\"https:\/\/janeke1830.it\/de\/prodotto\/curvy-bag-belueftete-buerste\/\"]}]},{\"@type\":\"ImageObject\",\"inLanguage\":\"de\",\"@id\":\"https:\/\/janeke1830.it\/de\/prodotto\/curvy-bag-belueftete-buerste\/#primaryimage\",\"url\":\"https:\/\/janeke1830.it\/wp-content\/uploads\/2026\/01\/SP507.AMAG-cover.png\",\"contentUrl\":\"https:\/\/janeke1830.it\/wp-content\/uploads\/2026\/01\/SP507.AMAG-cover.png\",\"width\":800,\"height\":800},{\"@type\":\"BreadcrumbList\",\"@id\":\"https:\/\/janeke1830.it\/de\/prodotto\/curvy-bag-belueftete-buerste\/#breadcrumb\",\"itemListElement\":[{\"@type\":\"ListItem\",\"position\":1,\"name\":\"Home\",\"item\":\"https:\/\/janeke1830.it\/de\/startseite\/\"},{\"@type\":\"ListItem\",\"position\":2,\"name\":\"Shop\",\"item\":\"https:\/\/janeke1830.it\/de\/shop\/\"},{\"@type\":\"ListItem\",\"position\":3,\"name\":\"Curvy Bag Vented\"}]},{\"@type\":\"WebSite\",\"@id\":\"https:\/\/janeke1830.it\/#website\",\"url\":\"https:\/\/janeke1830.it\/\",\"name\":\"J\u00e4neke 1830\",\"description\":\"\",\"publisher\":{\"@id\":\"https:\/\/janeke1830.it\/#organization\"},\"potentialAction\":[{\"@type\":\"SearchAction\",\"target\":{\"@type\":\"EntryPoint\",\"urlTemplate\":\"https:\/\/janeke1830.it\/?s={search_term_string}\"},\"query-input\":{\"@type\":\"PropertyValueSpecification\",\"valueRequired\":true,\"valueName\":\"search_term_string\"}}],\"inLanguage\":\"de\"},{\"@type\":\"Organization\",\"@id\":\"https:\/\/janeke1830.it\/#organization\",\"name\":\"J\u00e4neke 1830\",\"url\":\"https:\/\/janeke1830.it\/\",\"logo\":{\"@type\":\"ImageObject\",\"inLanguage\":\"de\",\"@id\":\"https:\/\/janeke1830.it\/#\/schema\/logo\/image\/\",\"url\":\"https:\/\/janeke1830.it\/wp-content\/uploads\/2025\/12\/logo-nero-janeke.png\",\"contentUrl\":\"https:\/\/janeke1830.it\/wp-content\/uploads\/2025\/12\/logo-nero-janeke.png\",\"width\":1824,\"height\":829,\"caption\":\"J\u00e4neke 1830\"},\"image\":{\"@id\":\"https:\/\/janeke1830.it\/#\/schema\/logo\/image\/\"},\"sameAs\":[\"https:\/\/www.facebook.com\/janeke1830\",\"https:\/\/www.instagram.com\/janeke1830official\",\"https:\/\/www.linkedin.com\/company\/giorgio-janeke-s-r-l-\/\"]}]}<\/script>\n<!-- \/ Yoast SEO plugin. -->","yoast_head_json":{"title":"J\u00e4neke Curvy Bag Vented Brush - Ergonomische B\u00fcrste und Taschenb\u00fcrste","description":"Entwirren und in Form bringen mit der J\u00e4neke Curvy Bag Vented Brush. Bel\u00fcftete Struktur und gebogener Griff f\u00fcr perfektes Trocknen. Entdecken Sie es!","robots":{"index":"index","follow":"follow","max-snippet":"max-snippet:-1","max-image-preview":"max-image-preview:large","max-video-preview":"max-video-preview:-1"},"canonical":"https:\/\/janeke1830.it\/de\/prodotto\/curvy-bag-belueftete-buerste\/","og_locale":"de_DE","og_type":"article","og_title":"J\u00e4neke Curvy Bag Vented Brush - Ergonomische B\u00fcrste und Taschenb\u00fcrste","og_description":"Entwirren und in Form bringen mit der J\u00e4neke Curvy Bag Vented Brush. Bel\u00fcftete Struktur und gebogener Griff f\u00fcr perfektes Trocknen. Entdecken Sie es!","og_url":"https:\/\/janeke1830.it\/de\/prodotto\/curvy-bag-belueftete-buerste\/","og_site_name":"J\u00e4neke","article_publisher":"https:\/\/www.facebook.com\/janeke1830","article_modified_time":"2026-02-05T14:58:36+00:00","og_image":[{"width":800,"height":800,"url":"https:\/\/janeke1830.it\/wp-content\/uploads\/2026\/01\/SP507.AMAG-cover.png","type":"image\/png"}],"twitter_card":"summary_large_image","schema":{"@context":"https:\/\/schema.org","@graph":[{"@type":"WebPage","@id":"https:\/\/janeke1830.it\/de\/prodotto\/curvy-bag-belueftete-buerste\/","url":"https:\/\/janeke1830.it\/de\/prodotto\/curvy-bag-belueftete-buerste\/","name":"J\u00e4neke Curvy Bag Vented Brush - Ergonomische B\u00fcrste und Taschenb\u00fcrste","isPartOf":{"@id":"https:\/\/janeke1830.it\/#website"},"primaryImageOfPage":{"@id":"https:\/\/janeke1830.it\/de\/prodotto\/curvy-bag-belueftete-buerste\/#primaryimage"},"image":{"@id":"https:\/\/janeke1830.it\/de\/prodotto\/curvy-bag-belueftete-buerste\/#primaryimage"},"thumbnailUrl":"https:\/\/janeke1830.it\/wp-content\/uploads\/2026\/01\/SP507.AMAG-cover.png","datePublished":"2026-01-10T15:08:49+00:00","dateModified":"2026-02-05T14:58:36+00:00","description":"Entwirren und in Form bringen mit der J\u00e4neke Curvy Bag Vented Brush. Bel\u00fcftete Struktur und gebogener Griff f\u00fcr perfektes Trocknen. Entdecken Sie es!","breadcrumb":{"@id":"https:\/\/janeke1830.it\/de\/prodotto\/curvy-bag-belueftete-buerste\/#breadcrumb"},"inLanguage":"de","potentialAction":[{"@type":"ReadAction","target":["https:\/\/janeke1830.it\/de\/prodotto\/curvy-bag-belueftete-buerste\/"]}]},{"@type":"ImageObject","inLanguage":"de","@id":"https:\/\/janeke1830.it\/de\/prodotto\/curvy-bag-belueftete-buerste\/#primaryimage","url":"https:\/\/janeke1830.it\/wp-content\/uploads\/2026\/01\/SP507.AMAG-cover.png","contentUrl":"https:\/\/janeke1830.it\/wp-content\/uploads\/2026\/01\/SP507.AMAG-cover.png","width":800,"height":800},{"@type":"BreadcrumbList","@id":"https:\/\/janeke1830.it\/de\/prodotto\/curvy-bag-belueftete-buerste\/#breadcrumb","itemListElement":[{"@type":"ListItem","position":1,"name":"Home","item":"https:\/\/janeke1830.it\/de\/startseite\/"},{"@type":"ListItem","position":2,"name":"Shop","item":"https:\/\/janeke1830.it\/de\/shop\/"},{"@type":"ListItem","position":3,"name":"Curvy Bag Vented"}]},{"@type":"WebSite","@id":"https:\/\/janeke1830.it\/#website","url":"https:\/\/janeke1830.it\/","name":"J\u00e4neke 1830","description":"","publisher":{"@id":"https:\/\/janeke1830.it\/#organization"},"potentialAction":[{"@type":"SearchAction","target":{"@type":"EntryPoint","urlTemplate":"https:\/\/janeke1830.it\/?s={search_term_string}"},"query-input":{"@type":"PropertyValueSpecification","valueRequired":true,"valueName":"search_term_string"}}],"inLanguage":"de"},{"@type":"Organization","@id":"https:\/\/janeke1830.it\/#organization","name":"J\u00e4neke 1830","url":"https:\/\/janeke1830.it\/","logo":{"@type":"ImageObject","inLanguage":"de","@id":"https:\/\/janeke1830.it\/#\/schema\/logo\/image\/","url":"https:\/\/janeke1830.it\/wp-content\/uploads\/2025\/12\/logo-nero-janeke.png","contentUrl":"https:\/\/janeke1830.it\/wp-content\/uploads\/2025\/12\/logo-nero-janeke.png","width":1824,"height":829,"caption":"J\u00e4neke 1830"},"image":{"@id":"https:\/\/janeke1830.it\/#\/schema\/logo\/image\/"},"sameAs":["https:\/\/www.facebook.com\/janeke1830","https:\/\/www.instagram.com\/janeke1830official","https:\/\/www.linkedin.com\/company\/giorgio-janeke-s-r-l-\/"]}]}},"_links":{"self":[{"href":"https:\/\/janeke1830.it\/de\/wp-json\/wp\/v2\/product\/9457","targetHints":{"allow":["GET"]}}],"collection":[{"href":"https:\/\/janeke1830.it\/de\/wp-json\/wp\/v2\/product"}],"about":[{"href":"https:\/\/janeke1830.it\/de\/wp-json\/wp\/v2\/types\/product"}],"replies":[{"embeddable":true,"href":"https:\/\/janeke1830.it\/de\/wp-json\/wp\/v2\/comments?post=9457"}],"wp:featuredmedia":[{"embeddable":true,"href":"https:\/\/janeke1830.it\/de\/wp-json\/wp\/v2\/media\/1879"}],"wp:attachment":[{"href":"https:\/\/janeke1830.it\/de\/wp-json\/wp\/v2\/media?parent=9457"}],"wp:term":[{"taxonomy":"product_brand","embeddable":true,"href":"https:\/\/janeke1830.it\/de\/wp-json\/wp\/v2\/product_brand?post=9457"},{"taxonomy":"product_cat","embeddable":true,"href":"https:\/\/janeke1830.it\/de\/wp-json\/wp\/v2\/product_cat?post=9457"},{"taxonomy":"product_tag","embeddable":true,"href":"https:\/\/janeke1830.it\/de\/wp-json\/wp\/v2\/product_tag?post=9457"}],"curies":[{"name":"wp","href":"https:\/\/api.w.org\/{rel}","templated":true}]}}