{"id":9441,"date":"2026-01-21T17:52:32","date_gmt":"2026-01-21T16:52:32","guid":{"rendered":"https:\/\/janeke1830.it\/prodotto\/mini-superbuerste\/"},"modified":"2026-02-05T15:46:45","modified_gmt":"2026-02-05T14:46:45","slug":"mini-superbuerste","status":"publish","type":"product","link":"https:\/\/janeke1830.it\/de\/prodotto\/mini-superbuerste\/","title":{"rendered":"Mini Superbrush"},"content":{"rendered":"","protected":false},"excerpt":{"rendered":"<p>Die <strong>Janeke Mini Superbrush<\/strong> ist die ideale B\u00fcrste, um das Haar zu entwirren und zu stylen, selbst nach einem Schwimmbadbesuch oder einer Trainingseinheit. Die flexiblen Borsten k\u00e4mmen sanft durch nasses oder trockenes Haar, reduzieren Haarbruch und Frizz und machen das Haar weich und gl\u00e4nzend. <\/p>\n<p>Er ist kompakt und praktisch f\u00fcr den Transport in Ihrer Tasche oder Ihrem Rucksack. Er kombiniert Funktionalit\u00e4t, Qualit\u00e4t und den unverwechselbaren Stil der Marke Janeke, perfekt f\u00fcr alle, die immer unterwegs sind.<\/p>\n","protected":false},"featured_media":1876,"comment_status":"closed","ping_status":"closed","template":"","meta":[],"product_brand":[1057],"product_cat":[1032],"product_tag":[1077,1059],"class_list":{"0":"post-9441","1":"product","2":"type-product","3":"status-publish","4":"has-post-thumbnail","6":"product_brand-superbrush","7":"product_cat-pinsel","8":"product_tag-obs","9":"product_tag-superpinsel","11":"first","12":"instock","13":"shipping-taxable","14":"purchasable","15":"product-type-variable","16":"wvs-archive-product-wrapper"},"yoast_head":"<!-- This site is optimized with the Yoast SEO plugin v27.1.1 - https:\/\/yoast.com\/product\/yoast-seo-wordpress\/ -->\n<title>Mini Superbrush J\u00e4neke - Tasche und Reiseb\u00fcrste<\/title>\n<meta name=\"description\" content=\"Mini Superbrush J\u00e4neke: perfekt f\u00fcr den Pool, das Fitnessstudio und f\u00fcr unterwegs. Kompakt und sanft, entwirrt sie nasses oder trockenes Haar. Jetzt entdecken!\" \/>\n<meta name=\"robots\" content=\"index, follow, max-snippet:-1, max-image-preview:large, max-video-preview:-1\" \/>\n<link rel=\"canonical\" href=\"https:\/\/janeke1830.it\/de\/prodotto\/mini-superbuerste\/\" \/>\n<meta property=\"og:locale\" content=\"de_DE\" \/>\n<meta property=\"og:type\" content=\"article\" \/>\n<meta property=\"og:title\" content=\"Mini Superbrush J\u00e4neke - Tasche und Reiseb\u00fcrste\" \/>\n<meta property=\"og:description\" content=\"Mini Superbrush J\u00e4neke: perfekt f\u00fcr den Pool, das Fitnessstudio und f\u00fcr unterwegs. Kompakt und sanft, entwirrt sie nasses oder trockenes Haar. Jetzt entdecken!\" \/>\n<meta property=\"og:url\" content=\"https:\/\/janeke1830.it\/de\/prodotto\/mini-superbuerste\/\" \/>\n<meta property=\"og:site_name\" content=\"J\u00e4neke\" \/>\n<meta property=\"article:publisher\" content=\"https:\/\/www.facebook.com\/janeke1830\" \/>\n<meta property=\"article:modified_time\" content=\"2026-02-05T14:46:45+00:00\" \/>\n<meta property=\"og:image\" content=\"https:\/\/janeke1830.it\/wp-content\/uploads\/2026\/01\/10SP220OFL-2.png\" \/>\n\t<meta property=\"og:image:width\" content=\"1396\" \/>\n\t<meta property=\"og:image:height\" content=\"1396\" \/>\n\t<meta property=\"og:image:type\" content=\"image\/png\" \/>\n<meta name=\"twitter:card\" content=\"summary_large_image\" \/>\n<script type=\"application\/ld+json\" class=\"yoast-schema-graph\">{\"@context\":\"https:\/\/schema.org\",\"@graph\":[{\"@type\":\"WebPage\",\"@id\":\"https:\/\/janeke1830.it\/de\/prodotto\/mini-superbuerste\/\",\"url\":\"https:\/\/janeke1830.it\/de\/prodotto\/mini-superbuerste\/\",\"name\":\"Mini Superbrush J\u00e4neke - Tasche und Reiseb\u00fcrste\",\"isPartOf\":{\"@id\":\"https:\/\/janeke1830.it\/#website\"},\"primaryImageOfPage\":{\"@id\":\"https:\/\/janeke1830.it\/de\/prodotto\/mini-superbuerste\/#primaryimage\"},\"image\":{\"@id\":\"https:\/\/janeke1830.it\/de\/prodotto\/mini-superbuerste\/#primaryimage\"},\"thumbnailUrl\":\"https:\/\/janeke1830.it\/wp-content\/uploads\/2026\/01\/10SP220OFL-2.png\",\"datePublished\":\"2026-01-21T16:52:32+00:00\",\"dateModified\":\"2026-02-05T14:46:45+00:00\",\"description\":\"Mini Superbrush J\u00e4neke: perfekt f\u00fcr den Pool, das Fitnessstudio und f\u00fcr unterwegs. Kompakt und sanft, entwirrt sie nasses oder trockenes Haar. Jetzt entdecken!\",\"breadcrumb\":{\"@id\":\"https:\/\/janeke1830.it\/de\/prodotto\/mini-superbuerste\/#breadcrumb\"},\"inLanguage\":\"de\",\"potentialAction\":[{\"@type\":\"ReadAction\",\"target\":[\"https:\/\/janeke1830.it\/de\/prodotto\/mini-superbuerste\/\"]}]},{\"@type\":\"ImageObject\",\"inLanguage\":\"de\",\"@id\":\"https:\/\/janeke1830.it\/de\/prodotto\/mini-superbuerste\/#primaryimage\",\"url\":\"https:\/\/janeke1830.it\/wp-content\/uploads\/2026\/01\/10SP220OFL-2.png\",\"contentUrl\":\"https:\/\/janeke1830.it\/wp-content\/uploads\/2026\/01\/10SP220OFL-2.png\",\"width\":1396,\"height\":1396},{\"@type\":\"BreadcrumbList\",\"@id\":\"https:\/\/janeke1830.it\/de\/prodotto\/mini-superbuerste\/#breadcrumb\",\"itemListElement\":[{\"@type\":\"ListItem\",\"position\":1,\"name\":\"Home\",\"item\":\"https:\/\/janeke1830.it\/de\/startseite\/\"},{\"@type\":\"ListItem\",\"position\":2,\"name\":\"Shop\",\"item\":\"https:\/\/janeke1830.it\/de\/shop\/\"},{\"@type\":\"ListItem\",\"position\":3,\"name\":\"Mini Superbrush\"}]},{\"@type\":\"WebSite\",\"@id\":\"https:\/\/janeke1830.it\/#website\",\"url\":\"https:\/\/janeke1830.it\/\",\"name\":\"J\u00e4neke 1830\",\"description\":\"\",\"publisher\":{\"@id\":\"https:\/\/janeke1830.it\/#organization\"},\"potentialAction\":[{\"@type\":\"SearchAction\",\"target\":{\"@type\":\"EntryPoint\",\"urlTemplate\":\"https:\/\/janeke1830.it\/?s={search_term_string}\"},\"query-input\":{\"@type\":\"PropertyValueSpecification\",\"valueRequired\":true,\"valueName\":\"search_term_string\"}}],\"inLanguage\":\"de\"},{\"@type\":\"Organization\",\"@id\":\"https:\/\/janeke1830.it\/#organization\",\"name\":\"J\u00e4neke 1830\",\"url\":\"https:\/\/janeke1830.it\/\",\"logo\":{\"@type\":\"ImageObject\",\"inLanguage\":\"de\",\"@id\":\"https:\/\/janeke1830.it\/#\/schema\/logo\/image\/\",\"url\":\"https:\/\/janeke1830.it\/wp-content\/uploads\/2025\/12\/logo-nero-janeke.png\",\"contentUrl\":\"https:\/\/janeke1830.it\/wp-content\/uploads\/2025\/12\/logo-nero-janeke.png\",\"width\":1824,\"height\":829,\"caption\":\"J\u00e4neke 1830\"},\"image\":{\"@id\":\"https:\/\/janeke1830.it\/#\/schema\/logo\/image\/\"},\"sameAs\":[\"https:\/\/www.facebook.com\/janeke1830\",\"https:\/\/www.instagram.com\/janeke1830official\",\"https:\/\/www.linkedin.com\/company\/giorgio-janeke-s-r-l-\/\"]}]}<\/script>\n<!-- \/ Yoast SEO plugin. -->","yoast_head_json":{"title":"Mini Superbrush J\u00e4neke - Tasche und Reiseb\u00fcrste","description":"Mini Superbrush J\u00e4neke: perfekt f\u00fcr den Pool, das Fitnessstudio und f\u00fcr unterwegs. Kompakt und sanft, entwirrt sie nasses oder trockenes Haar. Jetzt entdecken!","robots":{"index":"index","follow":"follow","max-snippet":"max-snippet:-1","max-image-preview":"max-image-preview:large","max-video-preview":"max-video-preview:-1"},"canonical":"https:\/\/janeke1830.it\/de\/prodotto\/mini-superbuerste\/","og_locale":"de_DE","og_type":"article","og_title":"Mini Superbrush J\u00e4neke - Tasche und Reiseb\u00fcrste","og_description":"Mini Superbrush J\u00e4neke: perfekt f\u00fcr den Pool, das Fitnessstudio und f\u00fcr unterwegs. Kompakt und sanft, entwirrt sie nasses oder trockenes Haar. Jetzt entdecken!","og_url":"https:\/\/janeke1830.it\/de\/prodotto\/mini-superbuerste\/","og_site_name":"J\u00e4neke","article_publisher":"https:\/\/www.facebook.com\/janeke1830","article_modified_time":"2026-02-05T14:46:45+00:00","og_image":[{"width":1396,"height":1396,"url":"https:\/\/janeke1830.it\/wp-content\/uploads\/2026\/01\/10SP220OFL-2.png","type":"image\/png"}],"twitter_card":"summary_large_image","schema":{"@context":"https:\/\/schema.org","@graph":[{"@type":"WebPage","@id":"https:\/\/janeke1830.it\/de\/prodotto\/mini-superbuerste\/","url":"https:\/\/janeke1830.it\/de\/prodotto\/mini-superbuerste\/","name":"Mini Superbrush J\u00e4neke - Tasche und Reiseb\u00fcrste","isPartOf":{"@id":"https:\/\/janeke1830.it\/#website"},"primaryImageOfPage":{"@id":"https:\/\/janeke1830.it\/de\/prodotto\/mini-superbuerste\/#primaryimage"},"image":{"@id":"https:\/\/janeke1830.it\/de\/prodotto\/mini-superbuerste\/#primaryimage"},"thumbnailUrl":"https:\/\/janeke1830.it\/wp-content\/uploads\/2026\/01\/10SP220OFL-2.png","datePublished":"2026-01-21T16:52:32+00:00","dateModified":"2026-02-05T14:46:45+00:00","description":"Mini Superbrush J\u00e4neke: perfekt f\u00fcr den Pool, das Fitnessstudio und f\u00fcr unterwegs. Kompakt und sanft, entwirrt sie nasses oder trockenes Haar. Jetzt entdecken!","breadcrumb":{"@id":"https:\/\/janeke1830.it\/de\/prodotto\/mini-superbuerste\/#breadcrumb"},"inLanguage":"de","potentialAction":[{"@type":"ReadAction","target":["https:\/\/janeke1830.it\/de\/prodotto\/mini-superbuerste\/"]}]},{"@type":"ImageObject","inLanguage":"de","@id":"https:\/\/janeke1830.it\/de\/prodotto\/mini-superbuerste\/#primaryimage","url":"https:\/\/janeke1830.it\/wp-content\/uploads\/2026\/01\/10SP220OFL-2.png","contentUrl":"https:\/\/janeke1830.it\/wp-content\/uploads\/2026\/01\/10SP220OFL-2.png","width":1396,"height":1396},{"@type":"BreadcrumbList","@id":"https:\/\/janeke1830.it\/de\/prodotto\/mini-superbuerste\/#breadcrumb","itemListElement":[{"@type":"ListItem","position":1,"name":"Home","item":"https:\/\/janeke1830.it\/de\/startseite\/"},{"@type":"ListItem","position":2,"name":"Shop","item":"https:\/\/janeke1830.it\/de\/shop\/"},{"@type":"ListItem","position":3,"name":"Mini Superbrush"}]},{"@type":"WebSite","@id":"https:\/\/janeke1830.it\/#website","url":"https:\/\/janeke1830.it\/","name":"J\u00e4neke 1830","description":"","publisher":{"@id":"https:\/\/janeke1830.it\/#organization"},"potentialAction":[{"@type":"SearchAction","target":{"@type":"EntryPoint","urlTemplate":"https:\/\/janeke1830.it\/?s={search_term_string}"},"query-input":{"@type":"PropertyValueSpecification","valueRequired":true,"valueName":"search_term_string"}}],"inLanguage":"de"},{"@type":"Organization","@id":"https:\/\/janeke1830.it\/#organization","name":"J\u00e4neke 1830","url":"https:\/\/janeke1830.it\/","logo":{"@type":"ImageObject","inLanguage":"de","@id":"https:\/\/janeke1830.it\/#\/schema\/logo\/image\/","url":"https:\/\/janeke1830.it\/wp-content\/uploads\/2025\/12\/logo-nero-janeke.png","contentUrl":"https:\/\/janeke1830.it\/wp-content\/uploads\/2025\/12\/logo-nero-janeke.png","width":1824,"height":829,"caption":"J\u00e4neke 1830"},"image":{"@id":"https:\/\/janeke1830.it\/#\/schema\/logo\/image\/"},"sameAs":["https:\/\/www.facebook.com\/janeke1830","https:\/\/www.instagram.com\/janeke1830official","https:\/\/www.linkedin.com\/company\/giorgio-janeke-s-r-l-\/"]}]}},"_links":{"self":[{"href":"https:\/\/janeke1830.it\/de\/wp-json\/wp\/v2\/product\/9441","targetHints":{"allow":["GET"]}}],"collection":[{"href":"https:\/\/janeke1830.it\/de\/wp-json\/wp\/v2\/product"}],"about":[{"href":"https:\/\/janeke1830.it\/de\/wp-json\/wp\/v2\/types\/product"}],"replies":[{"embeddable":true,"href":"https:\/\/janeke1830.it\/de\/wp-json\/wp\/v2\/comments?post=9441"}],"wp:featuredmedia":[{"embeddable":true,"href":"https:\/\/janeke1830.it\/de\/wp-json\/wp\/v2\/media\/1876"}],"wp:attachment":[{"href":"https:\/\/janeke1830.it\/de\/wp-json\/wp\/v2\/media?parent=9441"}],"wp:term":[{"taxonomy":"product_brand","embeddable":true,"href":"https:\/\/janeke1830.it\/de\/wp-json\/wp\/v2\/product_brand?post=9441"},{"taxonomy":"product_cat","embeddable":true,"href":"https:\/\/janeke1830.it\/de\/wp-json\/wp\/v2\/product_cat?post=9441"},{"taxonomy":"product_tag","embeddable":true,"href":"https:\/\/janeke1830.it\/de\/wp-json\/wp\/v2\/product_tag?post=9441"}],"curies":[{"name":"wp","href":"https:\/\/api.w.org\/{rel}","templated":true}]}}