{"id":9426,"date":"2025-11-28T15:20:28","date_gmt":"2025-11-28T14:20:28","guid":{"rendered":"https:\/\/janeke1830.it\/prodotto\/shampoo\/"},"modified":"2026-02-05T16:03:44","modified_gmt":"2026-02-05T15:03:44","slug":"shampoo","status":"publish","type":"product","link":"https:\/\/janeke1830.it\/de\/prodotto\/shampoo\/","title":{"rendered":"Shampoo"},"content":{"rendered":"","protected":false},"excerpt":{"rendered":"<p>Das <strong>Janeke Shampoo<\/strong> reinigt sanft Haar und Kopfhaut und verleiht Frische, Vitalit\u00e4t und einen nat\u00fcrlichen Glanz. Seine ausgewogene Formel, die f\u00fcr die t\u00e4gliche Anwendung entwickelt wurde, entfernt Unreinheiten ohne Aggression und macht das Haar leicht und seidig. Es ist f\u00fcr alle Haartypen geeignet und sorgt f\u00fcr eine gr\u00fcndliche Reinigung und einen raffinierten Duft, mit der f\u00fcr Janeke typischen Qualit\u00e4t und Exzellenz.  <\/p>\n","protected":false},"featured_media":361,"comment_status":"closed","ping_status":"closed","template":"","meta":[],"product_brand":[1076],"product_cat":[1085],"product_tag":[1087,1086],"class_list":{"0":"post-9426","1":"product","2":"type-product","3":"status-publish","4":"has-post-thumbnail","6":"product_brand-everyday","7":"product_cat-korper-und-haarpflege","8":"product_tag-haarpflege","9":"product_tag-korperpflege","11":"first","12":"instock","13":"shipping-taxable","14":"purchasable","15":"product-type-variable","16":"has-default-attributes","17":"wvs-archive-product-wrapper"},"yoast_head":"<!-- This site is optimized with the Yoast SEO plugin v27.1.1 - https:\/\/yoast.com\/product\/yoast-seo-wordpress\/ -->\n<title>J\u00e4neke 1830 Shampoo - Sanftes Reinigungsmittel f\u00fcr jedes Haar<\/title>\n<meta name=\"description\" content=\"Geben Sie Ihrem Haar Vitalit\u00e4t und Leichtigkeit mit J\u00e4neke Shampoo. Sanfte Formel, ideal f\u00fcr die t\u00e4gliche Anwendung. Kaufen Sie es jetzt!\" \/>\n<meta name=\"robots\" content=\"index, follow, max-snippet:-1, max-image-preview:large, max-video-preview:-1\" \/>\n<link rel=\"canonical\" href=\"https:\/\/janeke1830.it\/de\/prodotto\/shampoo\/\" \/>\n<meta property=\"og:locale\" content=\"de_DE\" \/>\n<meta property=\"og:type\" content=\"article\" \/>\n<meta property=\"og:title\" content=\"J\u00e4neke 1830 Shampoo - Sanftes Reinigungsmittel f\u00fcr jedes Haar\" \/>\n<meta property=\"og:description\" content=\"Geben Sie Ihrem Haar Vitalit\u00e4t und Leichtigkeit mit J\u00e4neke Shampoo. Sanfte Formel, ideal f\u00fcr die t\u00e4gliche Anwendung. Kaufen Sie es jetzt!\" \/>\n<meta property=\"og:url\" content=\"https:\/\/janeke1830.it\/de\/prodotto\/shampoo\/\" \/>\n<meta property=\"og:site_name\" content=\"J\u00e4neke\" \/>\n<meta property=\"article:publisher\" content=\"https:\/\/www.facebook.com\/janeke1830\" \/>\n<meta property=\"article:modified_time\" content=\"2026-02-05T15:03:44+00:00\" \/>\n<meta property=\"og:image\" content=\"https:\/\/janeke1830.it\/wp-content\/uploads\/2025\/12\/liquid-shampo.png\" \/>\n\t<meta property=\"og:image:width\" content=\"1024\" \/>\n\t<meta property=\"og:image:height\" content=\"1024\" \/>\n\t<meta property=\"og:image:type\" content=\"image\/png\" \/>\n<meta name=\"twitter:card\" content=\"summary_large_image\" \/>\n<script type=\"application\/ld+json\" class=\"yoast-schema-graph\">{\"@context\":\"https:\/\/schema.org\",\"@graph\":[{\"@type\":\"WebPage\",\"@id\":\"https:\/\/janeke1830.it\/de\/prodotto\/shampoo\/\",\"url\":\"https:\/\/janeke1830.it\/de\/prodotto\/shampoo\/\",\"name\":\"J\u00e4neke 1830 Shampoo - Sanftes Reinigungsmittel f\u00fcr jedes Haar\",\"isPartOf\":{\"@id\":\"https:\/\/janeke1830.it\/#website\"},\"primaryImageOfPage\":{\"@id\":\"https:\/\/janeke1830.it\/de\/prodotto\/shampoo\/#primaryimage\"},\"image\":{\"@id\":\"https:\/\/janeke1830.it\/de\/prodotto\/shampoo\/#primaryimage\"},\"thumbnailUrl\":\"https:\/\/janeke1830.it\/wp-content\/uploads\/2025\/12\/shampoo-liquid-musk.png\",\"datePublished\":\"2025-11-28T14:20:28+00:00\",\"dateModified\":\"2026-02-05T15:03:44+00:00\",\"description\":\"Geben Sie Ihrem Haar Vitalit\u00e4t und Leichtigkeit mit J\u00e4neke Shampoo. Sanfte Formel, ideal f\u00fcr die t\u00e4gliche Anwendung. Kaufen Sie es jetzt!\",\"breadcrumb\":{\"@id\":\"https:\/\/janeke1830.it\/de\/prodotto\/shampoo\/#breadcrumb\"},\"inLanguage\":\"de\",\"potentialAction\":[{\"@type\":\"ReadAction\",\"target\":[\"https:\/\/janeke1830.it\/de\/prodotto\/shampoo\/\"]}]},{\"@type\":\"ImageObject\",\"inLanguage\":\"de\",\"@id\":\"https:\/\/janeke1830.it\/de\/prodotto\/shampoo\/#primaryimage\",\"url\":\"https:\/\/janeke1830.it\/wp-content\/uploads\/2025\/12\/shampoo-liquid-musk.png\",\"contentUrl\":\"https:\/\/janeke1830.it\/wp-content\/uploads\/2025\/12\/shampoo-liquid-musk.png\",\"width\":1024,\"height\":1024,\"caption\":\"Shampoo J\u00e4neke Liquid Musk vitalit\u00e0 muschiata chioma setosa\"},{\"@type\":\"BreadcrumbList\",\"@id\":\"https:\/\/janeke1830.it\/de\/prodotto\/shampoo\/#breadcrumb\",\"itemListElement\":[{\"@type\":\"ListItem\",\"position\":1,\"name\":\"Home\",\"item\":\"https:\/\/janeke1830.it\/de\/startseite\/\"},{\"@type\":\"ListItem\",\"position\":2,\"name\":\"Shop\",\"item\":\"https:\/\/janeke1830.it\/de\/shop\/\"},{\"@type\":\"ListItem\",\"position\":3,\"name\":\"Shampoo\"}]},{\"@type\":\"WebSite\",\"@id\":\"https:\/\/janeke1830.it\/#website\",\"url\":\"https:\/\/janeke1830.it\/\",\"name\":\"J\u00e4neke 1830\",\"description\":\"\",\"publisher\":{\"@id\":\"https:\/\/janeke1830.it\/#organization\"},\"potentialAction\":[{\"@type\":\"SearchAction\",\"target\":{\"@type\":\"EntryPoint\",\"urlTemplate\":\"https:\/\/janeke1830.it\/?s={search_term_string}\"},\"query-input\":{\"@type\":\"PropertyValueSpecification\",\"valueRequired\":true,\"valueName\":\"search_term_string\"}}],\"inLanguage\":\"de\"},{\"@type\":\"Organization\",\"@id\":\"https:\/\/janeke1830.it\/#organization\",\"name\":\"J\u00e4neke 1830\",\"url\":\"https:\/\/janeke1830.it\/\",\"logo\":{\"@type\":\"ImageObject\",\"inLanguage\":\"de\",\"@id\":\"https:\/\/janeke1830.it\/#\/schema\/logo\/image\/\",\"url\":\"https:\/\/janeke1830.it\/wp-content\/uploads\/2025\/12\/logo-nero-janeke.png\",\"contentUrl\":\"https:\/\/janeke1830.it\/wp-content\/uploads\/2025\/12\/logo-nero-janeke.png\",\"width\":1824,\"height\":829,\"caption\":\"J\u00e4neke 1830\"},\"image\":{\"@id\":\"https:\/\/janeke1830.it\/#\/schema\/logo\/image\/\"},\"sameAs\":[\"https:\/\/www.facebook.com\/janeke1830\",\"https:\/\/www.instagram.com\/janeke1830official\",\"https:\/\/www.linkedin.com\/company\/giorgio-janeke-s-r-l-\/\"]}]}<\/script>\n<!-- \/ Yoast SEO plugin. -->","yoast_head_json":{"title":"J\u00e4neke 1830 Shampoo - Sanftes Reinigungsmittel f\u00fcr jedes Haar","description":"Geben Sie Ihrem Haar Vitalit\u00e4t und Leichtigkeit mit J\u00e4neke Shampoo. Sanfte Formel, ideal f\u00fcr die t\u00e4gliche Anwendung. Kaufen Sie es jetzt!","robots":{"index":"index","follow":"follow","max-snippet":"max-snippet:-1","max-image-preview":"max-image-preview:large","max-video-preview":"max-video-preview:-1"},"canonical":"https:\/\/janeke1830.it\/de\/prodotto\/shampoo\/","og_locale":"de_DE","og_type":"article","og_title":"J\u00e4neke 1830 Shampoo - Sanftes Reinigungsmittel f\u00fcr jedes Haar","og_description":"Geben Sie Ihrem Haar Vitalit\u00e4t und Leichtigkeit mit J\u00e4neke Shampoo. Sanfte Formel, ideal f\u00fcr die t\u00e4gliche Anwendung. Kaufen Sie es jetzt!","og_url":"https:\/\/janeke1830.it\/de\/prodotto\/shampoo\/","og_site_name":"J\u00e4neke","article_publisher":"https:\/\/www.facebook.com\/janeke1830","article_modified_time":"2026-02-05T15:03:44+00:00","og_image":[{"width":1024,"height":1024,"url":"https:\/\/janeke1830.it\/wp-content\/uploads\/2025\/12\/liquid-shampo.png","type":"image\/png"}],"twitter_card":"summary_large_image","schema":{"@context":"https:\/\/schema.org","@graph":[{"@type":"WebPage","@id":"https:\/\/janeke1830.it\/de\/prodotto\/shampoo\/","url":"https:\/\/janeke1830.it\/de\/prodotto\/shampoo\/","name":"J\u00e4neke 1830 Shampoo - Sanftes Reinigungsmittel f\u00fcr jedes Haar","isPartOf":{"@id":"https:\/\/janeke1830.it\/#website"},"primaryImageOfPage":{"@id":"https:\/\/janeke1830.it\/de\/prodotto\/shampoo\/#primaryimage"},"image":{"@id":"https:\/\/janeke1830.it\/de\/prodotto\/shampoo\/#primaryimage"},"thumbnailUrl":"https:\/\/janeke1830.it\/wp-content\/uploads\/2025\/12\/shampoo-liquid-musk.png","datePublished":"2025-11-28T14:20:28+00:00","dateModified":"2026-02-05T15:03:44+00:00","description":"Geben Sie Ihrem Haar Vitalit\u00e4t und Leichtigkeit mit J\u00e4neke Shampoo. Sanfte Formel, ideal f\u00fcr die t\u00e4gliche Anwendung. Kaufen Sie es jetzt!","breadcrumb":{"@id":"https:\/\/janeke1830.it\/de\/prodotto\/shampoo\/#breadcrumb"},"inLanguage":"de","potentialAction":[{"@type":"ReadAction","target":["https:\/\/janeke1830.it\/de\/prodotto\/shampoo\/"]}]},{"@type":"ImageObject","inLanguage":"de","@id":"https:\/\/janeke1830.it\/de\/prodotto\/shampoo\/#primaryimage","url":"https:\/\/janeke1830.it\/wp-content\/uploads\/2025\/12\/shampoo-liquid-musk.png","contentUrl":"https:\/\/janeke1830.it\/wp-content\/uploads\/2025\/12\/shampoo-liquid-musk.png","width":1024,"height":1024,"caption":"Shampoo J\u00e4neke Liquid Musk vitalit\u00e0 muschiata chioma setosa"},{"@type":"BreadcrumbList","@id":"https:\/\/janeke1830.it\/de\/prodotto\/shampoo\/#breadcrumb","itemListElement":[{"@type":"ListItem","position":1,"name":"Home","item":"https:\/\/janeke1830.it\/de\/startseite\/"},{"@type":"ListItem","position":2,"name":"Shop","item":"https:\/\/janeke1830.it\/de\/shop\/"},{"@type":"ListItem","position":3,"name":"Shampoo"}]},{"@type":"WebSite","@id":"https:\/\/janeke1830.it\/#website","url":"https:\/\/janeke1830.it\/","name":"J\u00e4neke 1830","description":"","publisher":{"@id":"https:\/\/janeke1830.it\/#organization"},"potentialAction":[{"@type":"SearchAction","target":{"@type":"EntryPoint","urlTemplate":"https:\/\/janeke1830.it\/?s={search_term_string}"},"query-input":{"@type":"PropertyValueSpecification","valueRequired":true,"valueName":"search_term_string"}}],"inLanguage":"de"},{"@type":"Organization","@id":"https:\/\/janeke1830.it\/#organization","name":"J\u00e4neke 1830","url":"https:\/\/janeke1830.it\/","logo":{"@type":"ImageObject","inLanguage":"de","@id":"https:\/\/janeke1830.it\/#\/schema\/logo\/image\/","url":"https:\/\/janeke1830.it\/wp-content\/uploads\/2025\/12\/logo-nero-janeke.png","contentUrl":"https:\/\/janeke1830.it\/wp-content\/uploads\/2025\/12\/logo-nero-janeke.png","width":1824,"height":829,"caption":"J\u00e4neke 1830"},"image":{"@id":"https:\/\/janeke1830.it\/#\/schema\/logo\/image\/"},"sameAs":["https:\/\/www.facebook.com\/janeke1830","https:\/\/www.instagram.com\/janeke1830official","https:\/\/www.linkedin.com\/company\/giorgio-janeke-s-r-l-\/"]}]}},"_links":{"self":[{"href":"https:\/\/janeke1830.it\/de\/wp-json\/wp\/v2\/product\/9426","targetHints":{"allow":["GET"]}}],"collection":[{"href":"https:\/\/janeke1830.it\/de\/wp-json\/wp\/v2\/product"}],"about":[{"href":"https:\/\/janeke1830.it\/de\/wp-json\/wp\/v2\/types\/product"}],"replies":[{"embeddable":true,"href":"https:\/\/janeke1830.it\/de\/wp-json\/wp\/v2\/comments?post=9426"}],"wp:featuredmedia":[{"embeddable":true,"href":"https:\/\/janeke1830.it\/de\/wp-json\/wp\/v2\/media\/361"}],"wp:attachment":[{"href":"https:\/\/janeke1830.it\/de\/wp-json\/wp\/v2\/media?parent=9426"}],"wp:term":[{"taxonomy":"product_brand","embeddable":true,"href":"https:\/\/janeke1830.it\/de\/wp-json\/wp\/v2\/product_brand?post=9426"},{"taxonomy":"product_cat","embeddable":true,"href":"https:\/\/janeke1830.it\/de\/wp-json\/wp\/v2\/product_cat?post=9426"},{"taxonomy":"product_tag","embeddable":true,"href":"https:\/\/janeke1830.it\/de\/wp-json\/wp\/v2\/product_tag?post=9426"}],"curies":[{"name":"wp","href":"https:\/\/api.w.org\/{rel}","templated":true}]}}