{"id":9389,"date":"2026-01-07T12:06:09","date_gmt":"2026-01-07T11:06:09","guid":{"rendered":"https:\/\/janeke1830.it\/prodotto\/goldschnittige-kleine-zange-6-zaehne\/"},"modified":"2026-02-05T15:48:05","modified_gmt":"2026-02-05T14:48:05","slug":"goldschnittige-kleine-zange-6-zaehne","status":"publish","type":"product","link":"https:\/\/janeke1830.it\/de\/prodotto\/goldschnittige-kleine-zange-6-zaehne\/","title":{"rendered":"Goldschnittige kleine Zange 6 Z\u00e4hne"},"content":{"rendered":"","protected":false},"excerpt":{"rendered":"<p>Er ist kompakt und raffiniert und fixiert das Haar mit praktischer Eleganz in einem handlichen Format. Die vier gut verteilten Z\u00e4hne sorgen f\u00fcr einen sanften, aber sicheren Halt und halten das Haar in Ordnung, ohne es zu brechen. Das goldene Finish verleiht ihm einen Hauch von raffiniertem Stil und macht ihn perfekt f\u00fcr den t\u00e4glichen Gebrauch oder zum Mitnehmen in Ihrer Tasche.  <\/p>\n<p>Ein unverzichtbares Accessoire, das Komfort, Funktionalit\u00e4t und die f\u00fcr die Marke Janeke typische handwerkliche Qualit\u00e4t vereint.<\/p>\n","protected":false},"featured_media":712,"comment_status":"closed","ping_status":"closed","template":"","meta":[],"product_brand":[1021],"product_cat":[1047],"product_tag":[1050,1049],"class_list":{"0":"post-9389","1":"product","2":"type-product","3":"status-publish","4":"has-post-thumbnail","6":"product_brand-luxury","7":"product_cat-haar-accessoires","8":"product_tag-greifer","9":"product_tag-haar-accessoires","11":"first","12":"instock","13":"shipping-taxable","14":"purchasable","15":"product-type-variable","16":"wvs-archive-product-wrapper"},"yoast_head":"<!-- This site is optimized with the Yoast SEO plugin v27.1.1 - https:\/\/yoast.com\/product\/yoast-seo-wordpress\/ -->\n<title>J\u00e4neke Kleine Zange mit 6 Z\u00e4hnen mit Goldrand - Kompakt und schick<\/title>\n<meta name=\"description\" content=\"Die J\u00e4neke 6-Zahn-Goldzange ist ideal f\u00fcr Ihre Handtasche. Sie kombiniert raffinierten Stil mit einem sicheren Griff. Bestellen Sie sie jetzt!\" \/>\n<meta name=\"robots\" content=\"index, follow, max-snippet:-1, max-image-preview:large, max-video-preview:-1\" \/>\n<link rel=\"canonical\" href=\"https:\/\/janeke1830.it\/de\/prodotto\/goldschnittige-kleine-zange-6-zaehne\/\" \/>\n<meta property=\"og:locale\" content=\"de_DE\" \/>\n<meta property=\"og:type\" content=\"article\" \/>\n<meta property=\"og:title\" content=\"J\u00e4neke Kleine Zange mit 6 Z\u00e4hnen mit Goldrand - Kompakt und schick\" \/>\n<meta property=\"og:description\" content=\"Die J\u00e4neke 6-Zahn-Goldzange ist ideal f\u00fcr Ihre Handtasche. Sie kombiniert raffinierten Stil mit einem sicheren Griff. Bestellen Sie sie jetzt!\" \/>\n<meta property=\"og:url\" content=\"https:\/\/janeke1830.it\/de\/prodotto\/goldschnittige-kleine-zange-6-zaehne\/\" \/>\n<meta property=\"og:site_name\" content=\"J\u00e4neke\" \/>\n<meta property=\"article:publisher\" content=\"https:\/\/www.facebook.com\/janeke1830\" \/>\n<meta property=\"article:modified_time\" content=\"2026-02-05T14:48:05+00:00\" \/>\n<meta property=\"og:image\" content=\"https:\/\/janeke1830.it\/wp-content\/uploads\/2025\/12\/JG29099DBL.png\" \/>\n\t<meta property=\"og:image:width\" content=\"1024\" \/>\n\t<meta property=\"og:image:height\" content=\"1024\" \/>\n\t<meta property=\"og:image:type\" content=\"image\/png\" \/>\n<meta name=\"twitter:card\" content=\"summary_large_image\" \/>\n<script type=\"application\/ld+json\" class=\"yoast-schema-graph\">{\"@context\":\"https:\/\/schema.org\",\"@graph\":[{\"@type\":\"WebPage\",\"@id\":\"https:\/\/janeke1830.it\/de\/prodotto\/goldschnittige-kleine-zange-6-zaehne\/\",\"url\":\"https:\/\/janeke1830.it\/de\/prodotto\/goldschnittige-kleine-zange-6-zaehne\/\",\"name\":\"J\u00e4neke Kleine Zange mit 6 Z\u00e4hnen mit Goldrand - Kompakt und schick\",\"isPartOf\":{\"@id\":\"https:\/\/janeke1830.it\/#website\"},\"primaryImageOfPage\":{\"@id\":\"https:\/\/janeke1830.it\/de\/prodotto\/goldschnittige-kleine-zange-6-zaehne\/#primaryimage\"},\"image\":{\"@id\":\"https:\/\/janeke1830.it\/de\/prodotto\/goldschnittige-kleine-zange-6-zaehne\/#primaryimage\"},\"thumbnailUrl\":\"https:\/\/janeke1830.it\/wp-content\/uploads\/2025\/12\/pinza-piccola-bordata-tartaruga-jg29099dbl.png\",\"datePublished\":\"2026-01-07T11:06:09+00:00\",\"dateModified\":\"2026-02-05T14:48:05+00:00\",\"description\":\"Die J\u00e4neke 6-Zahn-Goldzange ist ideal f\u00fcr Ihre Handtasche. Sie kombiniert raffinierten Stil mit einem sicheren Griff. Bestellen Sie sie jetzt!\",\"breadcrumb\":{\"@id\":\"https:\/\/janeke1830.it\/de\/prodotto\/goldschnittige-kleine-zange-6-zaehne\/#breadcrumb\"},\"inLanguage\":\"de\",\"potentialAction\":[{\"@type\":\"ReadAction\",\"target\":[\"https:\/\/janeke1830.it\/de\/prodotto\/goldschnittige-kleine-zange-6-zaehne\/\"]}]},{\"@type\":\"ImageObject\",\"inLanguage\":\"de\",\"@id\":\"https:\/\/janeke1830.it\/de\/prodotto\/goldschnittige-kleine-zange-6-zaehne\/#primaryimage\",\"url\":\"https:\/\/janeke1830.it\/wp-content\/uploads\/2025\/12\/pinza-piccola-bordata-tartaruga-jg29099dbl.png\",\"contentUrl\":\"https:\/\/janeke1830.it\/wp-content\/uploads\/2025\/12\/pinza-piccola-bordata-tartaruga-jg29099dbl.png\",\"width\":1024,\"height\":1024,\"caption\":\"Pinza piccola bordata oro J\u00e4neke tartaruga comoda e sicura\"},{\"@type\":\"BreadcrumbList\",\"@id\":\"https:\/\/janeke1830.it\/de\/prodotto\/goldschnittige-kleine-zange-6-zaehne\/#breadcrumb\",\"itemListElement\":[{\"@type\":\"ListItem\",\"position\":1,\"name\":\"Home\",\"item\":\"https:\/\/janeke1830.it\/de\/startseite\/\"},{\"@type\":\"ListItem\",\"position\":2,\"name\":\"Shop\",\"item\":\"https:\/\/janeke1830.it\/de\/shop\/\"},{\"@type\":\"ListItem\",\"position\":3,\"name\":\"Goldschnittige kleine Zange 6 Z\u00e4hne\"}]},{\"@type\":\"WebSite\",\"@id\":\"https:\/\/janeke1830.it\/#website\",\"url\":\"https:\/\/janeke1830.it\/\",\"name\":\"J\u00e4neke 1830\",\"description\":\"\",\"publisher\":{\"@id\":\"https:\/\/janeke1830.it\/#organization\"},\"potentialAction\":[{\"@type\":\"SearchAction\",\"target\":{\"@type\":\"EntryPoint\",\"urlTemplate\":\"https:\/\/janeke1830.it\/?s={search_term_string}\"},\"query-input\":{\"@type\":\"PropertyValueSpecification\",\"valueRequired\":true,\"valueName\":\"search_term_string\"}}],\"inLanguage\":\"de\"},{\"@type\":\"Organization\",\"@id\":\"https:\/\/janeke1830.it\/#organization\",\"name\":\"J\u00e4neke 1830\",\"url\":\"https:\/\/janeke1830.it\/\",\"logo\":{\"@type\":\"ImageObject\",\"inLanguage\":\"de\",\"@id\":\"https:\/\/janeke1830.it\/#\/schema\/logo\/image\/\",\"url\":\"https:\/\/janeke1830.it\/wp-content\/uploads\/2025\/12\/logo-nero-janeke.png\",\"contentUrl\":\"https:\/\/janeke1830.it\/wp-content\/uploads\/2025\/12\/logo-nero-janeke.png\",\"width\":1824,\"height\":829,\"caption\":\"J\u00e4neke 1830\"},\"image\":{\"@id\":\"https:\/\/janeke1830.it\/#\/schema\/logo\/image\/\"},\"sameAs\":[\"https:\/\/www.facebook.com\/janeke1830\",\"https:\/\/www.instagram.com\/janeke1830official\",\"https:\/\/www.linkedin.com\/company\/giorgio-janeke-s-r-l-\/\"]}]}<\/script>\n<!-- \/ Yoast SEO plugin. -->","yoast_head_json":{"title":"J\u00e4neke Kleine Zange mit 6 Z\u00e4hnen mit Goldrand - Kompakt und schick","description":"Die J\u00e4neke 6-Zahn-Goldzange ist ideal f\u00fcr Ihre Handtasche. Sie kombiniert raffinierten Stil mit einem sicheren Griff. Bestellen Sie sie jetzt!","robots":{"index":"index","follow":"follow","max-snippet":"max-snippet:-1","max-image-preview":"max-image-preview:large","max-video-preview":"max-video-preview:-1"},"canonical":"https:\/\/janeke1830.it\/de\/prodotto\/goldschnittige-kleine-zange-6-zaehne\/","og_locale":"de_DE","og_type":"article","og_title":"J\u00e4neke Kleine Zange mit 6 Z\u00e4hnen mit Goldrand - Kompakt und schick","og_description":"Die J\u00e4neke 6-Zahn-Goldzange ist ideal f\u00fcr Ihre Handtasche. Sie kombiniert raffinierten Stil mit einem sicheren Griff. Bestellen Sie sie jetzt!","og_url":"https:\/\/janeke1830.it\/de\/prodotto\/goldschnittige-kleine-zange-6-zaehne\/","og_site_name":"J\u00e4neke","article_publisher":"https:\/\/www.facebook.com\/janeke1830","article_modified_time":"2026-02-05T14:48:05+00:00","og_image":[{"width":1024,"height":1024,"url":"https:\/\/janeke1830.it\/wp-content\/uploads\/2025\/12\/JG29099DBL.png","type":"image\/png"}],"twitter_card":"summary_large_image","schema":{"@context":"https:\/\/schema.org","@graph":[{"@type":"WebPage","@id":"https:\/\/janeke1830.it\/de\/prodotto\/goldschnittige-kleine-zange-6-zaehne\/","url":"https:\/\/janeke1830.it\/de\/prodotto\/goldschnittige-kleine-zange-6-zaehne\/","name":"J\u00e4neke Kleine Zange mit 6 Z\u00e4hnen mit Goldrand - Kompakt und schick","isPartOf":{"@id":"https:\/\/janeke1830.it\/#website"},"primaryImageOfPage":{"@id":"https:\/\/janeke1830.it\/de\/prodotto\/goldschnittige-kleine-zange-6-zaehne\/#primaryimage"},"image":{"@id":"https:\/\/janeke1830.it\/de\/prodotto\/goldschnittige-kleine-zange-6-zaehne\/#primaryimage"},"thumbnailUrl":"https:\/\/janeke1830.it\/wp-content\/uploads\/2025\/12\/pinza-piccola-bordata-tartaruga-jg29099dbl.png","datePublished":"2026-01-07T11:06:09+00:00","dateModified":"2026-02-05T14:48:05+00:00","description":"Die J\u00e4neke 6-Zahn-Goldzange ist ideal f\u00fcr Ihre Handtasche. Sie kombiniert raffinierten Stil mit einem sicheren Griff. Bestellen Sie sie jetzt!","breadcrumb":{"@id":"https:\/\/janeke1830.it\/de\/prodotto\/goldschnittige-kleine-zange-6-zaehne\/#breadcrumb"},"inLanguage":"de","potentialAction":[{"@type":"ReadAction","target":["https:\/\/janeke1830.it\/de\/prodotto\/goldschnittige-kleine-zange-6-zaehne\/"]}]},{"@type":"ImageObject","inLanguage":"de","@id":"https:\/\/janeke1830.it\/de\/prodotto\/goldschnittige-kleine-zange-6-zaehne\/#primaryimage","url":"https:\/\/janeke1830.it\/wp-content\/uploads\/2025\/12\/pinza-piccola-bordata-tartaruga-jg29099dbl.png","contentUrl":"https:\/\/janeke1830.it\/wp-content\/uploads\/2025\/12\/pinza-piccola-bordata-tartaruga-jg29099dbl.png","width":1024,"height":1024,"caption":"Pinza piccola bordata oro J\u00e4neke tartaruga comoda e sicura"},{"@type":"BreadcrumbList","@id":"https:\/\/janeke1830.it\/de\/prodotto\/goldschnittige-kleine-zange-6-zaehne\/#breadcrumb","itemListElement":[{"@type":"ListItem","position":1,"name":"Home","item":"https:\/\/janeke1830.it\/de\/startseite\/"},{"@type":"ListItem","position":2,"name":"Shop","item":"https:\/\/janeke1830.it\/de\/shop\/"},{"@type":"ListItem","position":3,"name":"Goldschnittige kleine Zange 6 Z\u00e4hne"}]},{"@type":"WebSite","@id":"https:\/\/janeke1830.it\/#website","url":"https:\/\/janeke1830.it\/","name":"J\u00e4neke 1830","description":"","publisher":{"@id":"https:\/\/janeke1830.it\/#organization"},"potentialAction":[{"@type":"SearchAction","target":{"@type":"EntryPoint","urlTemplate":"https:\/\/janeke1830.it\/?s={search_term_string}"},"query-input":{"@type":"PropertyValueSpecification","valueRequired":true,"valueName":"search_term_string"}}],"inLanguage":"de"},{"@type":"Organization","@id":"https:\/\/janeke1830.it\/#organization","name":"J\u00e4neke 1830","url":"https:\/\/janeke1830.it\/","logo":{"@type":"ImageObject","inLanguage":"de","@id":"https:\/\/janeke1830.it\/#\/schema\/logo\/image\/","url":"https:\/\/janeke1830.it\/wp-content\/uploads\/2025\/12\/logo-nero-janeke.png","contentUrl":"https:\/\/janeke1830.it\/wp-content\/uploads\/2025\/12\/logo-nero-janeke.png","width":1824,"height":829,"caption":"J\u00e4neke 1830"},"image":{"@id":"https:\/\/janeke1830.it\/#\/schema\/logo\/image\/"},"sameAs":["https:\/\/www.facebook.com\/janeke1830","https:\/\/www.instagram.com\/janeke1830official","https:\/\/www.linkedin.com\/company\/giorgio-janeke-s-r-l-\/"]}]}},"_links":{"self":[{"href":"https:\/\/janeke1830.it\/de\/wp-json\/wp\/v2\/product\/9389","targetHints":{"allow":["GET"]}}],"collection":[{"href":"https:\/\/janeke1830.it\/de\/wp-json\/wp\/v2\/product"}],"about":[{"href":"https:\/\/janeke1830.it\/de\/wp-json\/wp\/v2\/types\/product"}],"replies":[{"embeddable":true,"href":"https:\/\/janeke1830.it\/de\/wp-json\/wp\/v2\/comments?post=9389"}],"wp:featuredmedia":[{"embeddable":true,"href":"https:\/\/janeke1830.it\/de\/wp-json\/wp\/v2\/media\/712"}],"wp:attachment":[{"href":"https:\/\/janeke1830.it\/de\/wp-json\/wp\/v2\/media?parent=9389"}],"wp:term":[{"taxonomy":"product_brand","embeddable":true,"href":"https:\/\/janeke1830.it\/de\/wp-json\/wp\/v2\/product_brand?post=9389"},{"taxonomy":"product_cat","embeddable":true,"href":"https:\/\/janeke1830.it\/de\/wp-json\/wp\/v2\/product_cat?post=9389"},{"taxonomy":"product_tag","embeddable":true,"href":"https:\/\/janeke1830.it\/de\/wp-json\/wp\/v2\/product_tag?post=9389"}],"curies":[{"name":"wp","href":"https:\/\/api.w.org\/{rel}","templated":true}]}}