{"id":9374,"date":"2026-01-07T12:12:56","date_gmt":"2026-01-07T11:12:56","guid":{"rendered":"https:\/\/janeke1830.it\/prodotto\/grosse-zange-mit-goldrand-6-zaehne\/"},"modified":"2026-02-05T15:48:17","modified_gmt":"2026-02-05T14:48:17","slug":"grosse-zange-mit-goldrand-6-zaehne","status":"publish","type":"product","link":"https:\/\/janeke1830.it\/de\/prodotto\/grosse-zange-mit-goldrand-6-zaehne\/","title":{"rendered":"Gro\u00dfe Zange mit Goldrand 6 Z\u00e4hne"},"content":{"rendered":"","protected":false},"excerpt":{"rendered":"<p>Die elegante und funktionelle Janeke Haarzange wurde entwickelt, um das Haar mit Selbstvertrauen und Stil zu fixieren. Die starke Struktur und die sechs gut verteilten Z\u00e4hne sorgen f\u00fcr einen festen Halt, ohne die Haarfaser zu besch\u00e4digen, so dass Sie in wenigen Schritten perfekte Frisuren kreieren k\u00f6nnen. Die goldene Oberfl\u00e4che verleiht einen Hauch von Raffinesse und macht aus einem praktischen Accessoire ein edles Detail.  <\/p>\n<p>Perfekt f\u00fcr alle Haartypen, vereint es Komfort, Eleganz und die unverwechselbare Handwerkskunst der Marke Janeke.<\/p>\n","protected":false},"featured_media":717,"comment_status":"closed","ping_status":"closed","template":"","meta":[],"product_brand":[1021],"product_cat":[1047],"product_tag":[1050,1049],"class_list":{"0":"post-9374","1":"product","2":"type-product","3":"status-publish","4":"has-post-thumbnail","6":"product_brand-luxury","7":"product_cat-haar-accessoires","8":"product_tag-greifer","9":"product_tag-haar-accessoires","11":"first","12":"instock","13":"shipping-taxable","14":"purchasable","15":"product-type-variable","16":"wvs-archive-product-wrapper"},"yoast_head":"<!-- This site is optimized with the Yoast SEO plugin v27.6 - https:\/\/yoast.com\/product\/yoast-seo-wordpress\/ -->\n<title>J\u00e4neke 1830 J\u00e4neke 6 Z\u00e4hne Goldumrandete gro\u00dfe Zange - Finishing<\/title>\n<meta name=\"description\" content=\"Die elegante J\u00e4neke gro\u00dfe Zange mit 6 Z\u00e4hnen und Goldrand gew\u00e4hrleistet einen festen und raffinierten Griff. Kaufen Sie sie f\u00fcr Ihr Styling!\" \/>\n<meta name=\"robots\" content=\"index, follow, max-snippet:-1, max-image-preview:large, max-video-preview:-1\" \/>\n<link rel=\"canonical\" href=\"https:\/\/janeke1830.it\/de\/prodotto\/grosse-zange-mit-goldrand-6-zaehne\/\" \/>\n<meta property=\"og:locale\" content=\"de_DE\" \/>\n<meta property=\"og:type\" content=\"article\" \/>\n<meta property=\"og:title\" content=\"J\u00e4neke 1830 J\u00e4neke 6 Z\u00e4hne Goldumrandete gro\u00dfe Zange - Finishing\" \/>\n<meta property=\"og:description\" content=\"Die elegante J\u00e4neke gro\u00dfe Zange mit 6 Z\u00e4hnen und Goldrand gew\u00e4hrleistet einen festen und raffinierten Griff. Kaufen Sie sie f\u00fcr Ihr Styling!\" \/>\n<meta property=\"og:url\" content=\"https:\/\/janeke1830.it\/de\/prodotto\/grosse-zange-mit-goldrand-6-zaehne\/\" \/>\n<meta property=\"og:site_name\" content=\"J\u00e4neke\" \/>\n<meta property=\"article:publisher\" content=\"https:\/\/www.facebook.com\/janeke1830\" \/>\n<meta property=\"article:modified_time\" content=\"2026-02-05T14:48:17+00:00\" \/>\n<meta property=\"og:image\" content=\"https:\/\/janeke1830.it\/wp-content\/uploads\/2025\/12\/JG29100DBL.png\" \/>\n\t<meta property=\"og:image:width\" content=\"1024\" \/>\n\t<meta property=\"og:image:height\" content=\"1024\" \/>\n\t<meta property=\"og:image:type\" content=\"image\/png\" \/>\n<meta name=\"twitter:card\" content=\"summary_large_image\" \/>\n<script type=\"application\/ld+json\" class=\"yoast-schema-graph\">{\"@context\":\"https:\\\/\\\/schema.org\",\"@graph\":[{\"@type\":\"WebPage\",\"@id\":\"https:\\\/\\\/janeke1830.it\\\/de\\\/prodotto\\\/grosse-zange-mit-goldrand-6-zaehne\\\/\",\"url\":\"https:\\\/\\\/janeke1830.it\\\/de\\\/prodotto\\\/grosse-zange-mit-goldrand-6-zaehne\\\/\",\"name\":\"J\u00e4neke 1830 J\u00e4neke 6 Z\u00e4hne Goldumrandete gro\u00dfe Zange - Finishing\",\"isPartOf\":{\"@id\":\"https:\\\/\\\/janeke1830.it\\\/#website\"},\"primaryImageOfPage\":{\"@id\":\"https:\\\/\\\/janeke1830.it\\\/de\\\/prodotto\\\/grosse-zange-mit-goldrand-6-zaehne\\\/#primaryimage\"},\"image\":{\"@id\":\"https:\\\/\\\/janeke1830.it\\\/de\\\/prodotto\\\/grosse-zange-mit-goldrand-6-zaehne\\\/#primaryimage\"},\"thumbnailUrl\":\"https:\\\/\\\/janeke1830.it\\\/wp-content\\\/uploads\\\/2025\\\/12\\\/pinza-grande-bordata-tartaruga-jg29100dbl.png\",\"datePublished\":\"2026-01-07T11:12:56+00:00\",\"dateModified\":\"2026-02-05T14:48:17+00:00\",\"description\":\"Die elegante J\u00e4neke gro\u00dfe Zange mit 6 Z\u00e4hnen und Goldrand gew\u00e4hrleistet einen festen und raffinierten Griff. Kaufen Sie sie f\u00fcr Ihr Styling!\",\"breadcrumb\":{\"@id\":\"https:\\\/\\\/janeke1830.it\\\/de\\\/prodotto\\\/grosse-zange-mit-goldrand-6-zaehne\\\/#breadcrumb\"},\"inLanguage\":\"de\",\"potentialAction\":[{\"@type\":\"ReadAction\",\"target\":[\"https:\\\/\\\/janeke1830.it\\\/de\\\/prodotto\\\/grosse-zange-mit-goldrand-6-zaehne\\\/\"]}]},{\"@type\":\"ImageObject\",\"inLanguage\":\"de\",\"@id\":\"https:\\\/\\\/janeke1830.it\\\/de\\\/prodotto\\\/grosse-zange-mit-goldrand-6-zaehne\\\/#primaryimage\",\"url\":\"https:\\\/\\\/janeke1830.it\\\/wp-content\\\/uploads\\\/2025\\\/12\\\/pinza-grande-bordata-tartaruga-jg29100dbl.png\",\"contentUrl\":\"https:\\\/\\\/janeke1830.it\\\/wp-content\\\/uploads\\\/2025\\\/12\\\/pinza-grande-bordata-tartaruga-jg29100dbl.png\",\"width\":1024,\"height\":1024,\"caption\":\"Pinza grande bordata oro J\u00e4neke tartaruga con presa salda e raffinata\"},{\"@type\":\"BreadcrumbList\",\"@id\":\"https:\\\/\\\/janeke1830.it\\\/de\\\/prodotto\\\/grosse-zange-mit-goldrand-6-zaehne\\\/#breadcrumb\",\"itemListElement\":[{\"@type\":\"ListItem\",\"position\":1,\"name\":\"Home\",\"item\":\"https:\\\/\\\/janeke1830.it\\\/de\\\/startseite\\\/\"},{\"@type\":\"ListItem\",\"position\":2,\"name\":\"Shop\",\"item\":\"https:\\\/\\\/janeke1830.it\\\/de\\\/shop\\\/\"},{\"@type\":\"ListItem\",\"position\":3,\"name\":\"Gro\u00dfe Zange mit Goldrand 6 Z\u00e4hne\"}]},{\"@type\":\"WebSite\",\"@id\":\"https:\\\/\\\/janeke1830.it\\\/#website\",\"url\":\"https:\\\/\\\/janeke1830.it\\\/\",\"name\":\"J\u00e4neke 1830\",\"description\":\"\",\"publisher\":{\"@id\":\"https:\\\/\\\/janeke1830.it\\\/#organization\"},\"potentialAction\":[{\"@type\":\"SearchAction\",\"target\":{\"@type\":\"EntryPoint\",\"urlTemplate\":\"https:\\\/\\\/janeke1830.it\\\/?s={search_term_string}\"},\"query-input\":{\"@type\":\"PropertyValueSpecification\",\"valueRequired\":true,\"valueName\":\"search_term_string\"}}],\"inLanguage\":\"de\"},{\"@type\":\"Organization\",\"@id\":\"https:\\\/\\\/janeke1830.it\\\/#organization\",\"name\":\"J\u00e4neke 1830\",\"url\":\"https:\\\/\\\/janeke1830.it\\\/\",\"logo\":{\"@type\":\"ImageObject\",\"inLanguage\":\"de\",\"@id\":\"https:\\\/\\\/janeke1830.it\\\/#\\\/schema\\\/logo\\\/image\\\/\",\"url\":\"https:\\\/\\\/janeke1830.it\\\/wp-content\\\/uploads\\\/2025\\\/12\\\/logo-nero-janeke.png\",\"contentUrl\":\"https:\\\/\\\/janeke1830.it\\\/wp-content\\\/uploads\\\/2025\\\/12\\\/logo-nero-janeke.png\",\"width\":1824,\"height\":829,\"caption\":\"J\u00e4neke 1830\"},\"image\":{\"@id\":\"https:\\\/\\\/janeke1830.it\\\/#\\\/schema\\\/logo\\\/image\\\/\"},\"sameAs\":[\"https:\\\/\\\/www.facebook.com\\\/janeke1830\",\"https:\\\/\\\/www.instagram.com\\\/janeke1830official\",\"https:\\\/\\\/www.linkedin.com\\\/company\\\/giorgio-janeke-s-r-l-\\\/\"]}]}<\/script>\n<!-- \/ Yoast SEO plugin. -->","yoast_head_json":{"title":"J\u00e4neke 1830 J\u00e4neke 6 Z\u00e4hne Goldumrandete gro\u00dfe Zange - Finishing","description":"Die elegante J\u00e4neke gro\u00dfe Zange mit 6 Z\u00e4hnen und Goldrand gew\u00e4hrleistet einen festen und raffinierten Griff. Kaufen Sie sie f\u00fcr Ihr Styling!","robots":{"index":"index","follow":"follow","max-snippet":"max-snippet:-1","max-image-preview":"max-image-preview:large","max-video-preview":"max-video-preview:-1"},"canonical":"https:\/\/janeke1830.it\/de\/prodotto\/grosse-zange-mit-goldrand-6-zaehne\/","og_locale":"de_DE","og_type":"article","og_title":"J\u00e4neke 1830 J\u00e4neke 6 Z\u00e4hne Goldumrandete gro\u00dfe Zange - Finishing","og_description":"Die elegante J\u00e4neke gro\u00dfe Zange mit 6 Z\u00e4hnen und Goldrand gew\u00e4hrleistet einen festen und raffinierten Griff. Kaufen Sie sie f\u00fcr Ihr Styling!","og_url":"https:\/\/janeke1830.it\/de\/prodotto\/grosse-zange-mit-goldrand-6-zaehne\/","og_site_name":"J\u00e4neke","article_publisher":"https:\/\/www.facebook.com\/janeke1830","article_modified_time":"2026-02-05T14:48:17+00:00","og_image":[{"width":1024,"height":1024,"url":"https:\/\/janeke1830.it\/wp-content\/uploads\/2025\/12\/JG29100DBL.png","type":"image\/png"}],"twitter_card":"summary_large_image","schema":{"@context":"https:\/\/schema.org","@graph":[{"@type":"WebPage","@id":"https:\/\/janeke1830.it\/de\/prodotto\/grosse-zange-mit-goldrand-6-zaehne\/","url":"https:\/\/janeke1830.it\/de\/prodotto\/grosse-zange-mit-goldrand-6-zaehne\/","name":"J\u00e4neke 1830 J\u00e4neke 6 Z\u00e4hne Goldumrandete gro\u00dfe Zange - Finishing","isPartOf":{"@id":"https:\/\/janeke1830.it\/#website"},"primaryImageOfPage":{"@id":"https:\/\/janeke1830.it\/de\/prodotto\/grosse-zange-mit-goldrand-6-zaehne\/#primaryimage"},"image":{"@id":"https:\/\/janeke1830.it\/de\/prodotto\/grosse-zange-mit-goldrand-6-zaehne\/#primaryimage"},"thumbnailUrl":"https:\/\/janeke1830.it\/wp-content\/uploads\/2025\/12\/pinza-grande-bordata-tartaruga-jg29100dbl.png","datePublished":"2026-01-07T11:12:56+00:00","dateModified":"2026-02-05T14:48:17+00:00","description":"Die elegante J\u00e4neke gro\u00dfe Zange mit 6 Z\u00e4hnen und Goldrand gew\u00e4hrleistet einen festen und raffinierten Griff. Kaufen Sie sie f\u00fcr Ihr Styling!","breadcrumb":{"@id":"https:\/\/janeke1830.it\/de\/prodotto\/grosse-zange-mit-goldrand-6-zaehne\/#breadcrumb"},"inLanguage":"de","potentialAction":[{"@type":"ReadAction","target":["https:\/\/janeke1830.it\/de\/prodotto\/grosse-zange-mit-goldrand-6-zaehne\/"]}]},{"@type":"ImageObject","inLanguage":"de","@id":"https:\/\/janeke1830.it\/de\/prodotto\/grosse-zange-mit-goldrand-6-zaehne\/#primaryimage","url":"https:\/\/janeke1830.it\/wp-content\/uploads\/2025\/12\/pinza-grande-bordata-tartaruga-jg29100dbl.png","contentUrl":"https:\/\/janeke1830.it\/wp-content\/uploads\/2025\/12\/pinza-grande-bordata-tartaruga-jg29100dbl.png","width":1024,"height":1024,"caption":"Pinza grande bordata oro J\u00e4neke tartaruga con presa salda e raffinata"},{"@type":"BreadcrumbList","@id":"https:\/\/janeke1830.it\/de\/prodotto\/grosse-zange-mit-goldrand-6-zaehne\/#breadcrumb","itemListElement":[{"@type":"ListItem","position":1,"name":"Home","item":"https:\/\/janeke1830.it\/de\/startseite\/"},{"@type":"ListItem","position":2,"name":"Shop","item":"https:\/\/janeke1830.it\/de\/shop\/"},{"@type":"ListItem","position":3,"name":"Gro\u00dfe Zange mit Goldrand 6 Z\u00e4hne"}]},{"@type":"WebSite","@id":"https:\/\/janeke1830.it\/#website","url":"https:\/\/janeke1830.it\/","name":"J\u00e4neke 1830","description":"","publisher":{"@id":"https:\/\/janeke1830.it\/#organization"},"potentialAction":[{"@type":"SearchAction","target":{"@type":"EntryPoint","urlTemplate":"https:\/\/janeke1830.it\/?s={search_term_string}"},"query-input":{"@type":"PropertyValueSpecification","valueRequired":true,"valueName":"search_term_string"}}],"inLanguage":"de"},{"@type":"Organization","@id":"https:\/\/janeke1830.it\/#organization","name":"J\u00e4neke 1830","url":"https:\/\/janeke1830.it\/","logo":{"@type":"ImageObject","inLanguage":"de","@id":"https:\/\/janeke1830.it\/#\/schema\/logo\/image\/","url":"https:\/\/janeke1830.it\/wp-content\/uploads\/2025\/12\/logo-nero-janeke.png","contentUrl":"https:\/\/janeke1830.it\/wp-content\/uploads\/2025\/12\/logo-nero-janeke.png","width":1824,"height":829,"caption":"J\u00e4neke 1830"},"image":{"@id":"https:\/\/janeke1830.it\/#\/schema\/logo\/image\/"},"sameAs":["https:\/\/www.facebook.com\/janeke1830","https:\/\/www.instagram.com\/janeke1830official","https:\/\/www.linkedin.com\/company\/giorgio-janeke-s-r-l-\/"]}]}},"_links":{"self":[{"href":"https:\/\/janeke1830.it\/de\/wp-json\/wp\/v2\/product\/9374","targetHints":{"allow":["GET"]}}],"collection":[{"href":"https:\/\/janeke1830.it\/de\/wp-json\/wp\/v2\/product"}],"about":[{"href":"https:\/\/janeke1830.it\/de\/wp-json\/wp\/v2\/types\/product"}],"replies":[{"embeddable":true,"href":"https:\/\/janeke1830.it\/de\/wp-json\/wp\/v2\/comments?post=9374"}],"wp:featuredmedia":[{"embeddable":true,"href":"https:\/\/janeke1830.it\/de\/wp-json\/wp\/v2\/media\/717"}],"wp:attachment":[{"href":"https:\/\/janeke1830.it\/de\/wp-json\/wp\/v2\/media?parent=9374"}],"wp:term":[{"taxonomy":"product_brand","embeddable":true,"href":"https:\/\/janeke1830.it\/de\/wp-json\/wp\/v2\/product_brand?post=9374"},{"taxonomy":"product_cat","embeddable":true,"href":"https:\/\/janeke1830.it\/de\/wp-json\/wp\/v2\/product_cat?post=9374"},{"taxonomy":"product_tag","embeddable":true,"href":"https:\/\/janeke1830.it\/de\/wp-json\/wp\/v2\/product_tag?post=9374"}],"curies":[{"name":"wp","href":"https:\/\/api.w.org\/{rel}","templated":true}]}}