{"id":9367,"date":"2026-01-03T12:33:44","date_gmt":"2026-01-03T11:33:44","guid":{"rendered":"https:\/\/janeke1830.it\/prodotto\/klappbare-buerste-mit-spiegel\/"},"modified":"2026-02-05T16:04:09","modified_gmt":"2026-02-05T15:04:09","slug":"klappbare-buerste-mit-spiegel","status":"publish","type":"product","link":"https:\/\/janeke1830.it\/de\/prodotto\/klappbare-buerste-mit-spiegel\/","title":{"rendered":"Klappbare B\u00fcrste mit Spiegel"},"content":{"rendered":"","protected":false},"excerpt":{"rendered":"<p>Die praktische und elegante Janeke Klappb\u00fcrste mit Spiegel vereint Funktionalit\u00e4t und kompaktes Design, ideal f\u00fcr die Tasche oder auf Reisen. Die sanften Stacheln entwirren das Haar, ohne es zu brechen, w\u00e4hrend der integrierte Spiegel schnelle Nachbesserungen erm\u00f6glicht, wo immer Sie auch sind. <\/p>\n<p>Durch die faltbare Struktur ist er einfach und bequem zu benutzen und garantiert Weichheit, Glanz und t\u00e4gliche Haarpflege. Ein elegantes Accessoire, das Zweckm\u00e4\u00dfigkeit, Komfort und die f\u00fcr die Marke Janeke typische handwerkliche Qualit\u00e4t vereint. <\/p>\n","protected":false},"featured_media":9368,"comment_status":"closed","ping_status":"closed","template":"","meta":[],"product_brand":[1021],"product_cat":[1022],"product_tag":[1023],"class_list":{"0":"post-9367","1":"product","2":"type-product","3":"status-publish","4":"has-post-thumbnail","6":"product_brand-luxury","7":"product_cat-spiegel","8":"product_tag-spiegel","10":"first","11":"instock","12":"shipping-taxable","13":"purchasable","14":"product-type-variable","15":"wvs-archive-product-wrapper"},"yoast_head":"<!-- This site is optimized with the Yoast SEO plugin v27.6 - https:\/\/yoast.com\/product\/yoast-seo-wordpress\/ -->\n<title>J\u00e4neke Klappbare Spiegelb\u00fcrste - Praktisch und kompakt<\/title>\n<meta name=\"description\" content=\"Die faltbare Spiegelb\u00fcrste von J\u00e4neke ist ideal, um sie immer bei sich zu tragen. Sie vereint Design und Funktionalit\u00e4t. Kaufen Sie sie f\u00fcr Ihre Reisen!\" \/>\n<meta name=\"robots\" content=\"index, follow, max-snippet:-1, max-image-preview:large, max-video-preview:-1\" \/>\n<link rel=\"canonical\" href=\"https:\/\/janeke1830.it\/de\/prodotto\/klappbare-buerste-mit-spiegel\/\" \/>\n<meta property=\"og:locale\" content=\"de_DE\" \/>\n<meta property=\"og:type\" content=\"article\" \/>\n<meta property=\"og:title\" content=\"J\u00e4neke Klappbare Spiegelb\u00fcrste - Praktisch und kompakt\" \/>\n<meta property=\"og:description\" content=\"Die faltbare Spiegelb\u00fcrste von J\u00e4neke ist ideal, um sie immer bei sich zu tragen. Sie vereint Design und Funktionalit\u00e4t. Kaufen Sie sie f\u00fcr Ihre Reisen!\" \/>\n<meta property=\"og:url\" content=\"https:\/\/janeke1830.it\/de\/prodotto\/klappbare-buerste-mit-spiegel\/\" \/>\n<meta property=\"og:site_name\" content=\"J\u00e4neke\" \/>\n<meta property=\"article:publisher\" content=\"https:\/\/www.facebook.com\/janeke1830\" \/>\n<meta property=\"article:modified_time\" content=\"2026-02-05T15:04:09+00:00\" \/>\n<meta property=\"og:image\" content=\"https:\/\/janeke1830.it\/wp-content\/uploads\/2025\/12\/AUSP03.png\" \/>\n\t<meta property=\"og:image:width\" content=\"1024\" \/>\n\t<meta property=\"og:image:height\" content=\"1024\" \/>\n\t<meta property=\"og:image:type\" content=\"image\/png\" \/>\n<meta name=\"twitter:card\" content=\"summary_large_image\" \/>\n<script type=\"application\/ld+json\" class=\"yoast-schema-graph\">{\"@context\":\"https:\\\/\\\/schema.org\",\"@graph\":[{\"@type\":\"WebPage\",\"@id\":\"https:\\\/\\\/janeke1830.it\\\/de\\\/prodotto\\\/klappbare-buerste-mit-spiegel\\\/\",\"url\":\"https:\\\/\\\/janeke1830.it\\\/de\\\/prodotto\\\/klappbare-buerste-mit-spiegel\\\/\",\"name\":\"J\u00e4neke Klappbare Spiegelb\u00fcrste - Praktisch und kompakt\",\"isPartOf\":{\"@id\":\"https:\\\/\\\/janeke1830.it\\\/#website\"},\"primaryImageOfPage\":{\"@id\":\"https:\\\/\\\/janeke1830.it\\\/de\\\/prodotto\\\/klappbare-buerste-mit-spiegel\\\/#primaryimage\"},\"image\":{\"@id\":\"https:\\\/\\\/janeke1830.it\\\/de\\\/prodotto\\\/klappbare-buerste-mit-spiegel\\\/#primaryimage\"},\"thumbnailUrl\":\"https:\\\/\\\/janeke1830.it\\\/wp-content\\\/uploads\\\/2025\\\/12\\\/spazzola-pieghevole-specchio-oro-ausp03.png\",\"datePublished\":\"2026-01-03T11:33:44+00:00\",\"dateModified\":\"2026-02-05T15:04:09+00:00\",\"description\":\"Die faltbare Spiegelb\u00fcrste von J\u00e4neke ist ideal, um sie immer bei sich zu tragen. Sie vereint Design und Funktionalit\u00e4t. Kaufen Sie sie f\u00fcr Ihre Reisen!\",\"breadcrumb\":{\"@id\":\"https:\\\/\\\/janeke1830.it\\\/de\\\/prodotto\\\/klappbare-buerste-mit-spiegel\\\/#breadcrumb\"},\"inLanguage\":\"de\",\"potentialAction\":[{\"@type\":\"ReadAction\",\"target\":[\"https:\\\/\\\/janeke1830.it\\\/de\\\/prodotto\\\/klappbare-buerste-mit-spiegel\\\/\"]}]},{\"@type\":\"ImageObject\",\"inLanguage\":\"de\",\"@id\":\"https:\\\/\\\/janeke1830.it\\\/de\\\/prodotto\\\/klappbare-buerste-mit-spiegel\\\/#primaryimage\",\"url\":\"https:\\\/\\\/janeke1830.it\\\/wp-content\\\/uploads\\\/2025\\\/12\\\/spazzola-pieghevole-specchio-oro-ausp03.png\",\"contentUrl\":\"https:\\\/\\\/janeke1830.it\\\/wp-content\\\/uploads\\\/2025\\\/12\\\/spazzola-pieghevole-specchio-oro-ausp03.png\",\"width\":1024,\"height\":1024,\"caption\":\"Spazzola pieghevole con specchio J\u00e4neke oro pratica per ritocchi veloci\"},{\"@type\":\"BreadcrumbList\",\"@id\":\"https:\\\/\\\/janeke1830.it\\\/de\\\/prodotto\\\/klappbare-buerste-mit-spiegel\\\/#breadcrumb\",\"itemListElement\":[{\"@type\":\"ListItem\",\"position\":1,\"name\":\"Home\",\"item\":\"https:\\\/\\\/janeke1830.it\\\/de\\\/startseite\\\/\"},{\"@type\":\"ListItem\",\"position\":2,\"name\":\"Shop\",\"item\":\"https:\\\/\\\/janeke1830.it\\\/de\\\/shop\\\/\"},{\"@type\":\"ListItem\",\"position\":3,\"name\":\"Klappbare B\u00fcrste mit Spiegel\"}]},{\"@type\":\"WebSite\",\"@id\":\"https:\\\/\\\/janeke1830.it\\\/#website\",\"url\":\"https:\\\/\\\/janeke1830.it\\\/\",\"name\":\"J\u00e4neke 1830\",\"description\":\"\",\"publisher\":{\"@id\":\"https:\\\/\\\/janeke1830.it\\\/#organization\"},\"potentialAction\":[{\"@type\":\"SearchAction\",\"target\":{\"@type\":\"EntryPoint\",\"urlTemplate\":\"https:\\\/\\\/janeke1830.it\\\/?s={search_term_string}\"},\"query-input\":{\"@type\":\"PropertyValueSpecification\",\"valueRequired\":true,\"valueName\":\"search_term_string\"}}],\"inLanguage\":\"de\"},{\"@type\":\"Organization\",\"@id\":\"https:\\\/\\\/janeke1830.it\\\/#organization\",\"name\":\"J\u00e4neke 1830\",\"url\":\"https:\\\/\\\/janeke1830.it\\\/\",\"logo\":{\"@type\":\"ImageObject\",\"inLanguage\":\"de\",\"@id\":\"https:\\\/\\\/janeke1830.it\\\/#\\\/schema\\\/logo\\\/image\\\/\",\"url\":\"https:\\\/\\\/janeke1830.it\\\/wp-content\\\/uploads\\\/2025\\\/12\\\/logo-nero-janeke.png\",\"contentUrl\":\"https:\\\/\\\/janeke1830.it\\\/wp-content\\\/uploads\\\/2025\\\/12\\\/logo-nero-janeke.png\",\"width\":1824,\"height\":829,\"caption\":\"J\u00e4neke 1830\"},\"image\":{\"@id\":\"https:\\\/\\\/janeke1830.it\\\/#\\\/schema\\\/logo\\\/image\\\/\"},\"sameAs\":[\"https:\\\/\\\/www.facebook.com\\\/janeke1830\",\"https:\\\/\\\/www.instagram.com\\\/janeke1830official\",\"https:\\\/\\\/www.linkedin.com\\\/company\\\/giorgio-janeke-s-r-l-\\\/\"]}]}<\/script>\n<!-- \/ Yoast SEO plugin. -->","yoast_head_json":{"title":"J\u00e4neke Klappbare Spiegelb\u00fcrste - Praktisch und kompakt","description":"Die faltbare Spiegelb\u00fcrste von J\u00e4neke ist ideal, um sie immer bei sich zu tragen. Sie vereint Design und Funktionalit\u00e4t. Kaufen Sie sie f\u00fcr Ihre Reisen!","robots":{"index":"index","follow":"follow","max-snippet":"max-snippet:-1","max-image-preview":"max-image-preview:large","max-video-preview":"max-video-preview:-1"},"canonical":"https:\/\/janeke1830.it\/de\/prodotto\/klappbare-buerste-mit-spiegel\/","og_locale":"de_DE","og_type":"article","og_title":"J\u00e4neke Klappbare Spiegelb\u00fcrste - Praktisch und kompakt","og_description":"Die faltbare Spiegelb\u00fcrste von J\u00e4neke ist ideal, um sie immer bei sich zu tragen. Sie vereint Design und Funktionalit\u00e4t. Kaufen Sie sie f\u00fcr Ihre Reisen!","og_url":"https:\/\/janeke1830.it\/de\/prodotto\/klappbare-buerste-mit-spiegel\/","og_site_name":"J\u00e4neke","article_publisher":"https:\/\/www.facebook.com\/janeke1830","article_modified_time":"2026-02-05T15:04:09+00:00","og_image":[{"width":1024,"height":1024,"url":"https:\/\/janeke1830.it\/wp-content\/uploads\/2025\/12\/AUSP03.png","type":"image\/png"}],"twitter_card":"summary_large_image","schema":{"@context":"https:\/\/schema.org","@graph":[{"@type":"WebPage","@id":"https:\/\/janeke1830.it\/de\/prodotto\/klappbare-buerste-mit-spiegel\/","url":"https:\/\/janeke1830.it\/de\/prodotto\/klappbare-buerste-mit-spiegel\/","name":"J\u00e4neke Klappbare Spiegelb\u00fcrste - Praktisch und kompakt","isPartOf":{"@id":"https:\/\/janeke1830.it\/#website"},"primaryImageOfPage":{"@id":"https:\/\/janeke1830.it\/de\/prodotto\/klappbare-buerste-mit-spiegel\/#primaryimage"},"image":{"@id":"https:\/\/janeke1830.it\/de\/prodotto\/klappbare-buerste-mit-spiegel\/#primaryimage"},"thumbnailUrl":"https:\/\/janeke1830.it\/wp-content\/uploads\/2025\/12\/spazzola-pieghevole-specchio-oro-ausp03.png","datePublished":"2026-01-03T11:33:44+00:00","dateModified":"2026-02-05T15:04:09+00:00","description":"Die faltbare Spiegelb\u00fcrste von J\u00e4neke ist ideal, um sie immer bei sich zu tragen. Sie vereint Design und Funktionalit\u00e4t. Kaufen Sie sie f\u00fcr Ihre Reisen!","breadcrumb":{"@id":"https:\/\/janeke1830.it\/de\/prodotto\/klappbare-buerste-mit-spiegel\/#breadcrumb"},"inLanguage":"de","potentialAction":[{"@type":"ReadAction","target":["https:\/\/janeke1830.it\/de\/prodotto\/klappbare-buerste-mit-spiegel\/"]}]},{"@type":"ImageObject","inLanguage":"de","@id":"https:\/\/janeke1830.it\/de\/prodotto\/klappbare-buerste-mit-spiegel\/#primaryimage","url":"https:\/\/janeke1830.it\/wp-content\/uploads\/2025\/12\/spazzola-pieghevole-specchio-oro-ausp03.png","contentUrl":"https:\/\/janeke1830.it\/wp-content\/uploads\/2025\/12\/spazzola-pieghevole-specchio-oro-ausp03.png","width":1024,"height":1024,"caption":"Spazzola pieghevole con specchio J\u00e4neke oro pratica per ritocchi veloci"},{"@type":"BreadcrumbList","@id":"https:\/\/janeke1830.it\/de\/prodotto\/klappbare-buerste-mit-spiegel\/#breadcrumb","itemListElement":[{"@type":"ListItem","position":1,"name":"Home","item":"https:\/\/janeke1830.it\/de\/startseite\/"},{"@type":"ListItem","position":2,"name":"Shop","item":"https:\/\/janeke1830.it\/de\/shop\/"},{"@type":"ListItem","position":3,"name":"Klappbare B\u00fcrste mit Spiegel"}]},{"@type":"WebSite","@id":"https:\/\/janeke1830.it\/#website","url":"https:\/\/janeke1830.it\/","name":"J\u00e4neke 1830","description":"","publisher":{"@id":"https:\/\/janeke1830.it\/#organization"},"potentialAction":[{"@type":"SearchAction","target":{"@type":"EntryPoint","urlTemplate":"https:\/\/janeke1830.it\/?s={search_term_string}"},"query-input":{"@type":"PropertyValueSpecification","valueRequired":true,"valueName":"search_term_string"}}],"inLanguage":"de"},{"@type":"Organization","@id":"https:\/\/janeke1830.it\/#organization","name":"J\u00e4neke 1830","url":"https:\/\/janeke1830.it\/","logo":{"@type":"ImageObject","inLanguage":"de","@id":"https:\/\/janeke1830.it\/#\/schema\/logo\/image\/","url":"https:\/\/janeke1830.it\/wp-content\/uploads\/2025\/12\/logo-nero-janeke.png","contentUrl":"https:\/\/janeke1830.it\/wp-content\/uploads\/2025\/12\/logo-nero-janeke.png","width":1824,"height":829,"caption":"J\u00e4neke 1830"},"image":{"@id":"https:\/\/janeke1830.it\/#\/schema\/logo\/image\/"},"sameAs":["https:\/\/www.facebook.com\/janeke1830","https:\/\/www.instagram.com\/janeke1830official","https:\/\/www.linkedin.com\/company\/giorgio-janeke-s-r-l-\/"]}]}},"_links":{"self":[{"href":"https:\/\/janeke1830.it\/de\/wp-json\/wp\/v2\/product\/9367","targetHints":{"allow":["GET"]}}],"collection":[{"href":"https:\/\/janeke1830.it\/de\/wp-json\/wp\/v2\/product"}],"about":[{"href":"https:\/\/janeke1830.it\/de\/wp-json\/wp\/v2\/types\/product"}],"replies":[{"embeddable":true,"href":"https:\/\/janeke1830.it\/de\/wp-json\/wp\/v2\/comments?post=9367"}],"wp:featuredmedia":[{"embeddable":true,"href":"https:\/\/janeke1830.it\/de\/wp-json\/wp\/v2\/media\/9368"}],"wp:attachment":[{"href":"https:\/\/janeke1830.it\/de\/wp-json\/wp\/v2\/media?parent=9367"}],"wp:term":[{"taxonomy":"product_brand","embeddable":true,"href":"https:\/\/janeke1830.it\/de\/wp-json\/wp\/v2\/product_brand?post=9367"},{"taxonomy":"product_cat","embeddable":true,"href":"https:\/\/janeke1830.it\/de\/wp-json\/wp\/v2\/product_cat?post=9367"},{"taxonomy":"product_tag","embeddable":true,"href":"https:\/\/janeke1830.it\/de\/wp-json\/wp\/v2\/product_tag?post=9367"}],"curies":[{"name":"wp","href":"https:\/\/api.w.org\/{rel}","templated":true}]}}