{"id":9350,"date":"2026-01-08T13:28:27","date_gmt":"2026-01-08T12:28:27","guid":{"rendered":"https:\/\/janeke1830.it\/prodotto\/grosser-ovaler-pinsel\/"},"modified":"2026-03-03T11:47:42","modified_gmt":"2026-03-03T10:47:42","slug":"grosser-ovaler-pinsel","status":"publish","type":"product","link":"https:\/\/janeke1830.it\/de\/prodotto\/grosser-ovaler-pinsel\/","title":{"rendered":"Gro\u00dfer ovaler Pinsel"},"content":{"rendered":"","protected":false},"excerpt":{"rendered":"<p>Die elegante und vielseitige Janeke Large Oval Brush wurde entwickelt, um das Haar mit Leichtigkeit zu entwirren und zu gl\u00e4tten, wobei die Haarfaser geschont wird. Die Naturborsten gleiten sanft durch das Haar, reduzieren Haarbruch und verleihen Geschmeidigkeit und Glanz. Das ovale, handliche Design erm\u00f6glicht eine bequeme und pr\u00e4zise Anwendung, ideal f\u00fcr mittleres und langes Haar.  <\/p>\n<p>Er kombiniert Funktionalit\u00e4t, Komfort und die unverwechselbare Handwerkskunst der Marke Janeke und macht die t\u00e4gliche Haarpflege zu einem Moment der Eleganz.<\/p>\n","protected":false},"featured_media":9328,"comment_status":"closed","ping_status":"closed","template":"","meta":[],"product_brand":[1021],"product_cat":[1032],"product_tag":[1033],"class_list":{"0":"post-9350","1":"product","2":"type-product","3":"status-publish","4":"has-post-thumbnail","6":"product_brand-luxury","7":"product_cat-pinsel","8":"product_tag-luxus-bursten","10":"first","11":"instock","12":"shipping-taxable","13":"purchasable","14":"product-type-simple"},"yoast_head":"<!-- This site is optimized with the Yoast SEO plugin v27.6 - https:\/\/yoast.com\/product\/yoast-seo-wordpress\/ -->\n<title>J\u00e4neke 1830 Gro\u00dfe Ovalb\u00fcrste - Naturborsten<\/title>\n<meta name=\"description\" content=\"Die J\u00e4neke Gro\u00dfe Ovalb\u00fcrste aus Naturborsten gl\u00e4ttet und gl\u00e4nzt langes Haar. Entwirrt sanft. Jetzt entdecken!\" \/>\n<meta name=\"robots\" content=\"index, follow, max-snippet:-1, max-image-preview:large, max-video-preview:-1\" \/>\n<link rel=\"canonical\" href=\"https:\/\/janeke1830.it\/de\/prodotto\/grosser-ovaler-pinsel\/\" \/>\n<meta property=\"og:locale\" content=\"de_DE\" \/>\n<meta property=\"og:type\" content=\"article\" \/>\n<meta property=\"og:title\" content=\"J\u00e4neke 1830 Gro\u00dfe Ovalb\u00fcrste - Naturborsten\" \/>\n<meta property=\"og:description\" content=\"Die J\u00e4neke Gro\u00dfe Ovalb\u00fcrste aus Naturborsten gl\u00e4ttet und gl\u00e4nzt langes Haar. Entwirrt sanft. Jetzt entdecken!\" \/>\n<meta property=\"og:url\" content=\"https:\/\/janeke1830.it\/de\/prodotto\/grosser-ovaler-pinsel\/\" \/>\n<meta property=\"og:site_name\" content=\"J\u00e4neke\" \/>\n<meta property=\"article:publisher\" content=\"https:\/\/www.facebook.com\/janeke1830\" \/>\n<meta property=\"article:modified_time\" content=\"2026-03-03T10:47:42+00:00\" \/>\n<meta property=\"og:image\" content=\"https:\/\/janeke1830.it\/wp-content\/uploads\/2025\/12\/SP09GDBL-2.png\" \/>\n\t<meta property=\"og:image:width\" content=\"1024\" \/>\n\t<meta property=\"og:image:height\" content=\"1024\" \/>\n\t<meta property=\"og:image:type\" content=\"image\/png\" \/>\n<meta name=\"twitter:card\" content=\"summary_large_image\" \/>\n<script type=\"application\/ld+json\" class=\"yoast-schema-graph\">{\"@context\":\"https:\\\/\\\/schema.org\",\"@graph\":[{\"@type\":\"WebPage\",\"@id\":\"https:\\\/\\\/janeke1830.it\\\/de\\\/prodotto\\\/grosser-ovaler-pinsel\\\/\",\"url\":\"https:\\\/\\\/janeke1830.it\\\/de\\\/prodotto\\\/grosser-ovaler-pinsel\\\/\",\"name\":\"J\u00e4neke 1830 Gro\u00dfe Ovalb\u00fcrste - Naturborsten\",\"isPartOf\":{\"@id\":\"https:\\\/\\\/janeke1830.it\\\/#website\"},\"primaryImageOfPage\":{\"@id\":\"https:\\\/\\\/janeke1830.it\\\/de\\\/prodotto\\\/grosser-ovaler-pinsel\\\/#primaryimage\"},\"image\":{\"@id\":\"https:\\\/\\\/janeke1830.it\\\/de\\\/prodotto\\\/grosser-ovaler-pinsel\\\/#primaryimage\"},\"thumbnailUrl\":\"https:\\\/\\\/janeke1830.it\\\/wp-content\\\/uploads\\\/2025\\\/12\\\/spazzola-ovale-grande-setole-sp09gdbl-2.png\",\"datePublished\":\"2026-01-08T12:28:27+00:00\",\"dateModified\":\"2026-03-03T10:47:42+00:00\",\"description\":\"Die J\u00e4neke Gro\u00dfe Ovalb\u00fcrste aus Naturborsten gl\u00e4ttet und gl\u00e4nzt langes Haar. Entwirrt sanft. Jetzt entdecken!\",\"breadcrumb\":{\"@id\":\"https:\\\/\\\/janeke1830.it\\\/de\\\/prodotto\\\/grosser-ovaler-pinsel\\\/#breadcrumb\"},\"inLanguage\":\"de\",\"potentialAction\":[{\"@type\":\"ReadAction\",\"target\":[\"https:\\\/\\\/janeke1830.it\\\/de\\\/prodotto\\\/grosser-ovaler-pinsel\\\/\"]}]},{\"@type\":\"ImageObject\",\"inLanguage\":\"de\",\"@id\":\"https:\\\/\\\/janeke1830.it\\\/de\\\/prodotto\\\/grosser-ovaler-pinsel\\\/#primaryimage\",\"url\":\"https:\\\/\\\/janeke1830.it\\\/wp-content\\\/uploads\\\/2025\\\/12\\\/spazzola-ovale-grande-setole-sp09gdbl-2.png\",\"contentUrl\":\"https:\\\/\\\/janeke1830.it\\\/wp-content\\\/uploads\\\/2025\\\/12\\\/spazzola-ovale-grande-setole-sp09gdbl-2.png\",\"width\":1024,\"height\":1024,\"caption\":\"Spazzola ovale grande setole naturali lucidante per capelli lunghi J\u00e4neke\"},{\"@type\":\"BreadcrumbList\",\"@id\":\"https:\\\/\\\/janeke1830.it\\\/de\\\/prodotto\\\/grosser-ovaler-pinsel\\\/#breadcrumb\",\"itemListElement\":[{\"@type\":\"ListItem\",\"position\":1,\"name\":\"Home\",\"item\":\"https:\\\/\\\/janeke1830.it\\\/de\\\/startseite\\\/\"},{\"@type\":\"ListItem\",\"position\":2,\"name\":\"Shop\",\"item\":\"https:\\\/\\\/janeke1830.it\\\/de\\\/shop\\\/\"},{\"@type\":\"ListItem\",\"position\":3,\"name\":\"Gro\u00dfer ovaler Pinsel\"}]},{\"@type\":\"WebSite\",\"@id\":\"https:\\\/\\\/janeke1830.it\\\/#website\",\"url\":\"https:\\\/\\\/janeke1830.it\\\/\",\"name\":\"J\u00e4neke 1830\",\"description\":\"\",\"publisher\":{\"@id\":\"https:\\\/\\\/janeke1830.it\\\/#organization\"},\"potentialAction\":[{\"@type\":\"SearchAction\",\"target\":{\"@type\":\"EntryPoint\",\"urlTemplate\":\"https:\\\/\\\/janeke1830.it\\\/?s={search_term_string}\"},\"query-input\":{\"@type\":\"PropertyValueSpecification\",\"valueRequired\":true,\"valueName\":\"search_term_string\"}}],\"inLanguage\":\"de\"},{\"@type\":\"Organization\",\"@id\":\"https:\\\/\\\/janeke1830.it\\\/#organization\",\"name\":\"J\u00e4neke 1830\",\"url\":\"https:\\\/\\\/janeke1830.it\\\/\",\"logo\":{\"@type\":\"ImageObject\",\"inLanguage\":\"de\",\"@id\":\"https:\\\/\\\/janeke1830.it\\\/#\\\/schema\\\/logo\\\/image\\\/\",\"url\":\"https:\\\/\\\/janeke1830.it\\\/wp-content\\\/uploads\\\/2025\\\/12\\\/logo-nero-janeke.png\",\"contentUrl\":\"https:\\\/\\\/janeke1830.it\\\/wp-content\\\/uploads\\\/2025\\\/12\\\/logo-nero-janeke.png\",\"width\":1824,\"height\":829,\"caption\":\"J\u00e4neke 1830\"},\"image\":{\"@id\":\"https:\\\/\\\/janeke1830.it\\\/#\\\/schema\\\/logo\\\/image\\\/\"},\"sameAs\":[\"https:\\\/\\\/www.facebook.com\\\/janeke1830\",\"https:\\\/\\\/www.instagram.com\\\/janeke1830official\",\"https:\\\/\\\/www.linkedin.com\\\/company\\\/giorgio-janeke-s-r-l-\\\/\"]}]}<\/script>\n<!-- \/ Yoast SEO plugin. -->","yoast_head_json":{"title":"J\u00e4neke 1830 Gro\u00dfe Ovalb\u00fcrste - Naturborsten","description":"Die J\u00e4neke Gro\u00dfe Ovalb\u00fcrste aus Naturborsten gl\u00e4ttet und gl\u00e4nzt langes Haar. Entwirrt sanft. Jetzt entdecken!","robots":{"index":"index","follow":"follow","max-snippet":"max-snippet:-1","max-image-preview":"max-image-preview:large","max-video-preview":"max-video-preview:-1"},"canonical":"https:\/\/janeke1830.it\/de\/prodotto\/grosser-ovaler-pinsel\/","og_locale":"de_DE","og_type":"article","og_title":"J\u00e4neke 1830 Gro\u00dfe Ovalb\u00fcrste - Naturborsten","og_description":"Die J\u00e4neke Gro\u00dfe Ovalb\u00fcrste aus Naturborsten gl\u00e4ttet und gl\u00e4nzt langes Haar. Entwirrt sanft. Jetzt entdecken!","og_url":"https:\/\/janeke1830.it\/de\/prodotto\/grosser-ovaler-pinsel\/","og_site_name":"J\u00e4neke","article_publisher":"https:\/\/www.facebook.com\/janeke1830","article_modified_time":"2026-03-03T10:47:42+00:00","og_image":[{"width":1024,"height":1024,"url":"https:\/\/janeke1830.it\/wp-content\/uploads\/2025\/12\/SP09GDBL-2.png","type":"image\/png"}],"twitter_card":"summary_large_image","schema":{"@context":"https:\/\/schema.org","@graph":[{"@type":"WebPage","@id":"https:\/\/janeke1830.it\/de\/prodotto\/grosser-ovaler-pinsel\/","url":"https:\/\/janeke1830.it\/de\/prodotto\/grosser-ovaler-pinsel\/","name":"J\u00e4neke 1830 Gro\u00dfe Ovalb\u00fcrste - Naturborsten","isPartOf":{"@id":"https:\/\/janeke1830.it\/#website"},"primaryImageOfPage":{"@id":"https:\/\/janeke1830.it\/de\/prodotto\/grosser-ovaler-pinsel\/#primaryimage"},"image":{"@id":"https:\/\/janeke1830.it\/de\/prodotto\/grosser-ovaler-pinsel\/#primaryimage"},"thumbnailUrl":"https:\/\/janeke1830.it\/wp-content\/uploads\/2025\/12\/spazzola-ovale-grande-setole-sp09gdbl-2.png","datePublished":"2026-01-08T12:28:27+00:00","dateModified":"2026-03-03T10:47:42+00:00","description":"Die J\u00e4neke Gro\u00dfe Ovalb\u00fcrste aus Naturborsten gl\u00e4ttet und gl\u00e4nzt langes Haar. Entwirrt sanft. Jetzt entdecken!","breadcrumb":{"@id":"https:\/\/janeke1830.it\/de\/prodotto\/grosser-ovaler-pinsel\/#breadcrumb"},"inLanguage":"de","potentialAction":[{"@type":"ReadAction","target":["https:\/\/janeke1830.it\/de\/prodotto\/grosser-ovaler-pinsel\/"]}]},{"@type":"ImageObject","inLanguage":"de","@id":"https:\/\/janeke1830.it\/de\/prodotto\/grosser-ovaler-pinsel\/#primaryimage","url":"https:\/\/janeke1830.it\/wp-content\/uploads\/2025\/12\/spazzola-ovale-grande-setole-sp09gdbl-2.png","contentUrl":"https:\/\/janeke1830.it\/wp-content\/uploads\/2025\/12\/spazzola-ovale-grande-setole-sp09gdbl-2.png","width":1024,"height":1024,"caption":"Spazzola ovale grande setole naturali lucidante per capelli lunghi J\u00e4neke"},{"@type":"BreadcrumbList","@id":"https:\/\/janeke1830.it\/de\/prodotto\/grosser-ovaler-pinsel\/#breadcrumb","itemListElement":[{"@type":"ListItem","position":1,"name":"Home","item":"https:\/\/janeke1830.it\/de\/startseite\/"},{"@type":"ListItem","position":2,"name":"Shop","item":"https:\/\/janeke1830.it\/de\/shop\/"},{"@type":"ListItem","position":3,"name":"Gro\u00dfer ovaler Pinsel"}]},{"@type":"WebSite","@id":"https:\/\/janeke1830.it\/#website","url":"https:\/\/janeke1830.it\/","name":"J\u00e4neke 1830","description":"","publisher":{"@id":"https:\/\/janeke1830.it\/#organization"},"potentialAction":[{"@type":"SearchAction","target":{"@type":"EntryPoint","urlTemplate":"https:\/\/janeke1830.it\/?s={search_term_string}"},"query-input":{"@type":"PropertyValueSpecification","valueRequired":true,"valueName":"search_term_string"}}],"inLanguage":"de"},{"@type":"Organization","@id":"https:\/\/janeke1830.it\/#organization","name":"J\u00e4neke 1830","url":"https:\/\/janeke1830.it\/","logo":{"@type":"ImageObject","inLanguage":"de","@id":"https:\/\/janeke1830.it\/#\/schema\/logo\/image\/","url":"https:\/\/janeke1830.it\/wp-content\/uploads\/2025\/12\/logo-nero-janeke.png","contentUrl":"https:\/\/janeke1830.it\/wp-content\/uploads\/2025\/12\/logo-nero-janeke.png","width":1824,"height":829,"caption":"J\u00e4neke 1830"},"image":{"@id":"https:\/\/janeke1830.it\/#\/schema\/logo\/image\/"},"sameAs":["https:\/\/www.facebook.com\/janeke1830","https:\/\/www.instagram.com\/janeke1830official","https:\/\/www.linkedin.com\/company\/giorgio-janeke-s-r-l-\/"]}]}},"_links":{"self":[{"href":"https:\/\/janeke1830.it\/de\/wp-json\/wp\/v2\/product\/9350","targetHints":{"allow":["GET"]}}],"collection":[{"href":"https:\/\/janeke1830.it\/de\/wp-json\/wp\/v2\/product"}],"about":[{"href":"https:\/\/janeke1830.it\/de\/wp-json\/wp\/v2\/types\/product"}],"replies":[{"embeddable":true,"href":"https:\/\/janeke1830.it\/de\/wp-json\/wp\/v2\/comments?post=9350"}],"wp:featuredmedia":[{"embeddable":true,"href":"https:\/\/janeke1830.it\/de\/wp-json\/wp\/v2\/media\/9328"}],"wp:attachment":[{"href":"https:\/\/janeke1830.it\/de\/wp-json\/wp\/v2\/media?parent=9350"}],"wp:term":[{"taxonomy":"product_brand","embeddable":true,"href":"https:\/\/janeke1830.it\/de\/wp-json\/wp\/v2\/product_brand?post=9350"},{"taxonomy":"product_cat","embeddable":true,"href":"https:\/\/janeke1830.it\/de\/wp-json\/wp\/v2\/product_cat?post=9350"},{"taxonomy":"product_tag","embeddable":true,"href":"https:\/\/janeke1830.it\/de\/wp-json\/wp\/v2\/product_tag?post=9350"}],"curies":[{"name":"wp","href":"https:\/\/api.w.org\/{rel}","templated":true}]}}