{"id":9348,"date":"2026-01-03T15:21:42","date_gmt":"2026-01-03T14:21:42","guid":{"rendered":"https:\/\/janeke1830.it\/prodotto\/73mm-handtaschenspiegel\/"},"modified":"2026-02-05T15:48:22","modified_gmt":"2026-02-05T14:48:22","slug":"73mm-handtaschenspiegel","status":"publish","type":"product","link":"https:\/\/janeke1830.it\/de\/prodotto\/73mm-handtaschenspiegel\/","title":{"rendered":"73mm Handtaschenspiegel"},"content":{"rendered":"","protected":false},"excerpt":{"rendered":"<p>Der stilvolle und praktische Janeke Round Handbag Mirror mit einem Durchmesser von 73 mm ist der ideale Begleiter f\u00fcr schnelle Retuschen zu jeder Tageszeit. Er ist kompakt und leicht und passt problemlos in jede Handtasche und bietet immer einen klaren und detaillierten Blick. <\/p>\n<p>Das raffinierte Design vereint Funktionalit\u00e4t und Stil und macht sie zu einem eleganten und unverzichtbaren Accessoire, das die unverwechselbare Qualit\u00e4t und Handwerkskunst der Marke Janeke in sich tr\u00e4gt.<\/p>\n","protected":false},"featured_media":9353,"comment_status":"closed","ping_status":"closed","template":"","meta":[],"product_brand":[1021],"product_cat":[1022],"product_tag":[1023],"class_list":{"0":"post-9348","1":"product","2":"type-product","3":"status-publish","4":"has-post-thumbnail","6":"product_brand-luxury","7":"product_cat-spiegel","8":"product_tag-spiegel","10":"first","11":"instock","12":"shipping-taxable","13":"purchasable","14":"product-type-variable","15":"wvs-archive-product-wrapper"},"yoast_head":"<!-- This site is optimized with the Yoast SEO plugin v27.6 - https:\/\/yoast.com\/product\/yoast-seo-wordpress\/ -->\n<title>J\u00e4neke 73mm Handtaschenspiegel - Kompakt und raffiniert<\/title>\n<meta name=\"description\" content=\"Der J\u00e4neke 73mm Taschenspiegel ist ideal f\u00fcr schnelle Nachbesserungen, wo immer Sie sind. Er passt bequem in Ihre Tasche. Legen Sie ihn in Ihren Warenkorb!\" \/>\n<meta name=\"robots\" content=\"index, follow, max-snippet:-1, max-image-preview:large, max-video-preview:-1\" \/>\n<link rel=\"canonical\" href=\"https:\/\/janeke1830.it\/de\/prodotto\/73mm-handtaschenspiegel\/\" \/>\n<meta property=\"og:locale\" content=\"de_DE\" \/>\n<meta property=\"og:type\" content=\"article\" \/>\n<meta property=\"og:title\" content=\"J\u00e4neke 73mm Handtaschenspiegel - Kompakt und raffiniert\" \/>\n<meta property=\"og:description\" content=\"Der J\u00e4neke 73mm Taschenspiegel ist ideal f\u00fcr schnelle Nachbesserungen, wo immer Sie sind. Er passt bequem in Ihre Tasche. Legen Sie ihn in Ihren Warenkorb!\" \/>\n<meta property=\"og:url\" content=\"https:\/\/janeke1830.it\/de\/prodotto\/73mm-handtaschenspiegel\/\" \/>\n<meta property=\"og:site_name\" content=\"J\u00e4neke\" \/>\n<meta property=\"article:publisher\" content=\"https:\/\/www.facebook.com\/janeke1830\" \/>\n<meta property=\"article:modified_time\" content=\"2026-02-05T14:48:22+00:00\" \/>\n<meta property=\"og:image\" content=\"https:\/\/janeke1830.it\/wp-content\/uploads\/2025\/12\/AU448.3.png\" \/>\n\t<meta property=\"og:image:width\" content=\"1024\" \/>\n\t<meta property=\"og:image:height\" content=\"1024\" \/>\n\t<meta property=\"og:image:type\" content=\"image\/png\" \/>\n<meta name=\"twitter:card\" content=\"summary_large_image\" \/>\n<script type=\"application\/ld+json\" class=\"yoast-schema-graph\">{\"@context\":\"https:\\\/\\\/schema.org\",\"@graph\":[{\"@type\":\"WebPage\",\"@id\":\"https:\\\/\\\/janeke1830.it\\\/de\\\/prodotto\\\/73mm-handtaschenspiegel\\\/\",\"url\":\"https:\\\/\\\/janeke1830.it\\\/de\\\/prodotto\\\/73mm-handtaschenspiegel\\\/\",\"name\":\"J\u00e4neke 73mm Handtaschenspiegel - Kompakt und raffiniert\",\"isPartOf\":{\"@id\":\"https:\\\/\\\/janeke1830.it\\\/#website\"},\"primaryImageOfPage\":{\"@id\":\"https:\\\/\\\/janeke1830.it\\\/de\\\/prodotto\\\/73mm-handtaschenspiegel\\\/#primaryimage\"},\"image\":{\"@id\":\"https:\\\/\\\/janeke1830.it\\\/de\\\/prodotto\\\/73mm-handtaschenspiegel\\\/#primaryimage\"},\"thumbnailUrl\":\"https:\\\/\\\/janeke1830.it\\\/wp-content\\\/uploads\\\/2025\\\/12\\\/specchietto-borsetta-73mm-oro-au448.3.png\",\"datePublished\":\"2026-01-03T14:21:42+00:00\",\"dateModified\":\"2026-02-05T14:48:22+00:00\",\"description\":\"Der J\u00e4neke 73mm Taschenspiegel ist ideal f\u00fcr schnelle Nachbesserungen, wo immer Sie sind. Er passt bequem in Ihre Tasche. Legen Sie ihn in Ihren Warenkorb!\",\"breadcrumb\":{\"@id\":\"https:\\\/\\\/janeke1830.it\\\/de\\\/prodotto\\\/73mm-handtaschenspiegel\\\/#breadcrumb\"},\"inLanguage\":\"de\",\"potentialAction\":[{\"@type\":\"ReadAction\",\"target\":[\"https:\\\/\\\/janeke1830.it\\\/de\\\/prodotto\\\/73mm-handtaschenspiegel\\\/\"]}]},{\"@type\":\"ImageObject\",\"inLanguage\":\"de\",\"@id\":\"https:\\\/\\\/janeke1830.it\\\/de\\\/prodotto\\\/73mm-handtaschenspiegel\\\/#primaryimage\",\"url\":\"https:\\\/\\\/janeke1830.it\\\/wp-content\\\/uploads\\\/2025\\\/12\\\/specchietto-borsetta-73mm-oro-au448.3.png\",\"contentUrl\":\"https:\\\/\\\/janeke1830.it\\\/wp-content\\\/uploads\\\/2025\\\/12\\\/specchietto-borsetta-73mm-oro-au448.3.png\",\"width\":1024,\"height\":1024,\"caption\":\"Specchietto da borsetta rotondo 73mm J\u00e4neke oro indispensabile con visione chiara\"},{\"@type\":\"BreadcrumbList\",\"@id\":\"https:\\\/\\\/janeke1830.it\\\/de\\\/prodotto\\\/73mm-handtaschenspiegel\\\/#breadcrumb\",\"itemListElement\":[{\"@type\":\"ListItem\",\"position\":1,\"name\":\"Home\",\"item\":\"https:\\\/\\\/janeke1830.it\\\/de\\\/startseite\\\/\"},{\"@type\":\"ListItem\",\"position\":2,\"name\":\"Shop\",\"item\":\"https:\\\/\\\/janeke1830.it\\\/de\\\/shop\\\/\"},{\"@type\":\"ListItem\",\"position\":3,\"name\":\"73mm Handtaschenspiegel\"}]},{\"@type\":\"WebSite\",\"@id\":\"https:\\\/\\\/janeke1830.it\\\/#website\",\"url\":\"https:\\\/\\\/janeke1830.it\\\/\",\"name\":\"J\u00e4neke 1830\",\"description\":\"\",\"publisher\":{\"@id\":\"https:\\\/\\\/janeke1830.it\\\/#organization\"},\"potentialAction\":[{\"@type\":\"SearchAction\",\"target\":{\"@type\":\"EntryPoint\",\"urlTemplate\":\"https:\\\/\\\/janeke1830.it\\\/?s={search_term_string}\"},\"query-input\":{\"@type\":\"PropertyValueSpecification\",\"valueRequired\":true,\"valueName\":\"search_term_string\"}}],\"inLanguage\":\"de\"},{\"@type\":\"Organization\",\"@id\":\"https:\\\/\\\/janeke1830.it\\\/#organization\",\"name\":\"J\u00e4neke 1830\",\"url\":\"https:\\\/\\\/janeke1830.it\\\/\",\"logo\":{\"@type\":\"ImageObject\",\"inLanguage\":\"de\",\"@id\":\"https:\\\/\\\/janeke1830.it\\\/#\\\/schema\\\/logo\\\/image\\\/\",\"url\":\"https:\\\/\\\/janeke1830.it\\\/wp-content\\\/uploads\\\/2025\\\/12\\\/logo-nero-janeke.png\",\"contentUrl\":\"https:\\\/\\\/janeke1830.it\\\/wp-content\\\/uploads\\\/2025\\\/12\\\/logo-nero-janeke.png\",\"width\":1824,\"height\":829,\"caption\":\"J\u00e4neke 1830\"},\"image\":{\"@id\":\"https:\\\/\\\/janeke1830.it\\\/#\\\/schema\\\/logo\\\/image\\\/\"},\"sameAs\":[\"https:\\\/\\\/www.facebook.com\\\/janeke1830\",\"https:\\\/\\\/www.instagram.com\\\/janeke1830official\",\"https:\\\/\\\/www.linkedin.com\\\/company\\\/giorgio-janeke-s-r-l-\\\/\"]}]}<\/script>\n<!-- \/ Yoast SEO plugin. -->","yoast_head_json":{"title":"J\u00e4neke 73mm Handtaschenspiegel - Kompakt und raffiniert","description":"Der J\u00e4neke 73mm Taschenspiegel ist ideal f\u00fcr schnelle Nachbesserungen, wo immer Sie sind. Er passt bequem in Ihre Tasche. Legen Sie ihn in Ihren Warenkorb!","robots":{"index":"index","follow":"follow","max-snippet":"max-snippet:-1","max-image-preview":"max-image-preview:large","max-video-preview":"max-video-preview:-1"},"canonical":"https:\/\/janeke1830.it\/de\/prodotto\/73mm-handtaschenspiegel\/","og_locale":"de_DE","og_type":"article","og_title":"J\u00e4neke 73mm Handtaschenspiegel - Kompakt und raffiniert","og_description":"Der J\u00e4neke 73mm Taschenspiegel ist ideal f\u00fcr schnelle Nachbesserungen, wo immer Sie sind. Er passt bequem in Ihre Tasche. Legen Sie ihn in Ihren Warenkorb!","og_url":"https:\/\/janeke1830.it\/de\/prodotto\/73mm-handtaschenspiegel\/","og_site_name":"J\u00e4neke","article_publisher":"https:\/\/www.facebook.com\/janeke1830","article_modified_time":"2026-02-05T14:48:22+00:00","og_image":[{"width":1024,"height":1024,"url":"https:\/\/janeke1830.it\/wp-content\/uploads\/2025\/12\/AU448.3.png","type":"image\/png"}],"twitter_card":"summary_large_image","schema":{"@context":"https:\/\/schema.org","@graph":[{"@type":"WebPage","@id":"https:\/\/janeke1830.it\/de\/prodotto\/73mm-handtaschenspiegel\/","url":"https:\/\/janeke1830.it\/de\/prodotto\/73mm-handtaschenspiegel\/","name":"J\u00e4neke 73mm Handtaschenspiegel - Kompakt und raffiniert","isPartOf":{"@id":"https:\/\/janeke1830.it\/#website"},"primaryImageOfPage":{"@id":"https:\/\/janeke1830.it\/de\/prodotto\/73mm-handtaschenspiegel\/#primaryimage"},"image":{"@id":"https:\/\/janeke1830.it\/de\/prodotto\/73mm-handtaschenspiegel\/#primaryimage"},"thumbnailUrl":"https:\/\/janeke1830.it\/wp-content\/uploads\/2025\/12\/specchietto-borsetta-73mm-oro-au448.3.png","datePublished":"2026-01-03T14:21:42+00:00","dateModified":"2026-02-05T14:48:22+00:00","description":"Der J\u00e4neke 73mm Taschenspiegel ist ideal f\u00fcr schnelle Nachbesserungen, wo immer Sie sind. Er passt bequem in Ihre Tasche. Legen Sie ihn in Ihren Warenkorb!","breadcrumb":{"@id":"https:\/\/janeke1830.it\/de\/prodotto\/73mm-handtaschenspiegel\/#breadcrumb"},"inLanguage":"de","potentialAction":[{"@type":"ReadAction","target":["https:\/\/janeke1830.it\/de\/prodotto\/73mm-handtaschenspiegel\/"]}]},{"@type":"ImageObject","inLanguage":"de","@id":"https:\/\/janeke1830.it\/de\/prodotto\/73mm-handtaschenspiegel\/#primaryimage","url":"https:\/\/janeke1830.it\/wp-content\/uploads\/2025\/12\/specchietto-borsetta-73mm-oro-au448.3.png","contentUrl":"https:\/\/janeke1830.it\/wp-content\/uploads\/2025\/12\/specchietto-borsetta-73mm-oro-au448.3.png","width":1024,"height":1024,"caption":"Specchietto da borsetta rotondo 73mm J\u00e4neke oro indispensabile con visione chiara"},{"@type":"BreadcrumbList","@id":"https:\/\/janeke1830.it\/de\/prodotto\/73mm-handtaschenspiegel\/#breadcrumb","itemListElement":[{"@type":"ListItem","position":1,"name":"Home","item":"https:\/\/janeke1830.it\/de\/startseite\/"},{"@type":"ListItem","position":2,"name":"Shop","item":"https:\/\/janeke1830.it\/de\/shop\/"},{"@type":"ListItem","position":3,"name":"73mm Handtaschenspiegel"}]},{"@type":"WebSite","@id":"https:\/\/janeke1830.it\/#website","url":"https:\/\/janeke1830.it\/","name":"J\u00e4neke 1830","description":"","publisher":{"@id":"https:\/\/janeke1830.it\/#organization"},"potentialAction":[{"@type":"SearchAction","target":{"@type":"EntryPoint","urlTemplate":"https:\/\/janeke1830.it\/?s={search_term_string}"},"query-input":{"@type":"PropertyValueSpecification","valueRequired":true,"valueName":"search_term_string"}}],"inLanguage":"de"},{"@type":"Organization","@id":"https:\/\/janeke1830.it\/#organization","name":"J\u00e4neke 1830","url":"https:\/\/janeke1830.it\/","logo":{"@type":"ImageObject","inLanguage":"de","@id":"https:\/\/janeke1830.it\/#\/schema\/logo\/image\/","url":"https:\/\/janeke1830.it\/wp-content\/uploads\/2025\/12\/logo-nero-janeke.png","contentUrl":"https:\/\/janeke1830.it\/wp-content\/uploads\/2025\/12\/logo-nero-janeke.png","width":1824,"height":829,"caption":"J\u00e4neke 1830"},"image":{"@id":"https:\/\/janeke1830.it\/#\/schema\/logo\/image\/"},"sameAs":["https:\/\/www.facebook.com\/janeke1830","https:\/\/www.instagram.com\/janeke1830official","https:\/\/www.linkedin.com\/company\/giorgio-janeke-s-r-l-\/"]}]}},"_links":{"self":[{"href":"https:\/\/janeke1830.it\/de\/wp-json\/wp\/v2\/product\/9348","targetHints":{"allow":["GET"]}}],"collection":[{"href":"https:\/\/janeke1830.it\/de\/wp-json\/wp\/v2\/product"}],"about":[{"href":"https:\/\/janeke1830.it\/de\/wp-json\/wp\/v2\/types\/product"}],"replies":[{"embeddable":true,"href":"https:\/\/janeke1830.it\/de\/wp-json\/wp\/v2\/comments?post=9348"}],"wp:featuredmedia":[{"embeddable":true,"href":"https:\/\/janeke1830.it\/de\/wp-json\/wp\/v2\/media\/9353"}],"wp:attachment":[{"href":"https:\/\/janeke1830.it\/de\/wp-json\/wp\/v2\/media?parent=9348"}],"wp:term":[{"taxonomy":"product_brand","embeddable":true,"href":"https:\/\/janeke1830.it\/de\/wp-json\/wp\/v2\/product_brand?post=9348"},{"taxonomy":"product_cat","embeddable":true,"href":"https:\/\/janeke1830.it\/de\/wp-json\/wp\/v2\/product_cat?post=9348"},{"taxonomy":"product_tag","embeddable":true,"href":"https:\/\/janeke1830.it\/de\/wp-json\/wp\/v2\/product_tag?post=9348"}],"curies":[{"name":"wp","href":"https:\/\/api.w.org\/{rel}","templated":true}]}}