{"id":9334,"date":"2026-01-10T14:42:02","date_gmt":"2026-01-10T13:42:02","guid":{"rendered":"https:\/\/janeke1830.it\/prodotto\/pneumatische-buerste-mit-babyborsten\/"},"modified":"2026-02-05T15:48:39","modified_gmt":"2026-02-05T14:48:39","slug":"pneumatische-buerste-mit-babyborsten","status":"publish","type":"product","link":"https:\/\/janeke1830.it\/de\/prodotto\/pneumatische-buerste-mit-babyborsten\/","title":{"rendered":"Pneumatische B\u00fcrste mit Babyborsten"},"content":{"rendered":"","protected":false},"excerpt":{"rendered":"<p>Die <strong>Janeke Druckluftb\u00fcrste mit Babyborsten<\/strong> ist sanft und handlich und wurde f\u00fcr feinstes Haar und den sicheren, komfortablen t\u00e4glichen Gebrauch entwickelt. Die nat\u00fcrlichen Borsten entwirren das Haar sanft, reduzieren Haarbruch und machen es weich und gl\u00e4nzend. Die flexible pneumatische Basis folgt den Bewegungen des Kopfes, massiert sanft die Kopfhaut und regt die Durchblutung an.  <\/p>\n<p>Er ist kompakt und praktisch und eignet sich perfekt f\u00fcr Reisen oder den Alltag. Er kombiniert Pflege, Komfort und die unverwechselbare Handwerksqualit\u00e4t von Janeke.<\/p>\n","protected":false},"featured_media":748,"comment_status":"closed","ping_status":"closed","template":"","meta":[],"product_brand":[1021],"product_cat":[1032],"product_tag":[1033,1034],"class_list":{"0":"post-9334","1":"product","2":"type-product","3":"status-publish","4":"has-post-thumbnail","6":"product_brand-luxury","7":"product_cat-pinsel","8":"product_tag-luxus-bursten","9":"product_tag-pneumatisch-mit-borsten","11":"first","12":"instock","13":"shipping-taxable","14":"purchasable","15":"product-type-variable","16":"wvs-archive-product-wrapper"},"yoast_head":"<!-- This site is optimized with the Yoast SEO plugin v27.1.1 - https:\/\/yoast.com\/product\/yoast-seo-wordpress\/ -->\n<title>J\u00e4neke Baby Pneumatische Borstenb\u00fcrste - Feines Haar<\/title>\n<meta name=\"description\" content=\"Pflegen Sie d\u00fcnneres Haar mit der J\u00e4neke Baby Bristle Pneumatikb\u00fcrste. Sanfte Naturborsten, die nicht brechen. Jetzt kaufen!\" \/>\n<meta name=\"robots\" content=\"index, follow, max-snippet:-1, max-image-preview:large, max-video-preview:-1\" \/>\n<link rel=\"canonical\" href=\"https:\/\/janeke1830.it\/de\/prodotto\/pneumatische-buerste-mit-babyborsten\/\" \/>\n<meta property=\"og:locale\" content=\"de_DE\" \/>\n<meta property=\"og:type\" content=\"article\" \/>\n<meta property=\"og:title\" content=\"J\u00e4neke Baby Pneumatische Borstenb\u00fcrste - Feines Haar\" \/>\n<meta property=\"og:description\" content=\"Pflegen Sie d\u00fcnneres Haar mit der J\u00e4neke Baby Bristle Pneumatikb\u00fcrste. Sanfte Naturborsten, die nicht brechen. Jetzt kaufen!\" \/>\n<meta property=\"og:url\" content=\"https:\/\/janeke1830.it\/de\/prodotto\/pneumatische-buerste-mit-babyborsten\/\" \/>\n<meta property=\"og:site_name\" content=\"J\u00e4neke\" \/>\n<meta property=\"article:publisher\" content=\"https:\/\/www.facebook.com\/janeke1830\" \/>\n<meta property=\"article:modified_time\" content=\"2026-02-05T14:48:39+00:00\" \/>\n<meta property=\"og:image\" content=\"https:\/\/janeke1830.it\/wp-content\/uploads\/2025\/12\/AUSP24SF.png\" \/>\n\t<meta property=\"og:image:width\" content=\"1024\" \/>\n\t<meta property=\"og:image:height\" content=\"1024\" \/>\n\t<meta property=\"og:image:type\" content=\"image\/png\" \/>\n<meta name=\"twitter:card\" content=\"summary_large_image\" \/>\n<script type=\"application\/ld+json\" class=\"yoast-schema-graph\">{\"@context\":\"https:\/\/schema.org\",\"@graph\":[{\"@type\":\"WebPage\",\"@id\":\"https:\/\/janeke1830.it\/de\/prodotto\/pneumatische-buerste-mit-babyborsten\/\",\"url\":\"https:\/\/janeke1830.it\/de\/prodotto\/pneumatische-buerste-mit-babyborsten\/\",\"name\":\"J\u00e4neke Baby Pneumatische Borstenb\u00fcrste - Feines Haar\",\"isPartOf\":{\"@id\":\"https:\/\/janeke1830.it\/#website\"},\"primaryImageOfPage\":{\"@id\":\"https:\/\/janeke1830.it\/de\/prodotto\/pneumatische-buerste-mit-babyborsten\/#primaryimage\"},\"image\":{\"@id\":\"https:\/\/janeke1830.it\/de\/prodotto\/pneumatische-buerste-mit-babyborsten\/#primaryimage\"},\"thumbnailUrl\":\"https:\/\/janeke1830.it\/wp-content\/uploads\/2025\/12\/spazzola-pneumatica-baby-oro-ausp24sf.png\",\"datePublished\":\"2026-01-10T13:42:02+00:00\",\"dateModified\":\"2026-02-05T14:48:39+00:00\",\"description\":\"Pflegen Sie d\u00fcnneres Haar mit der J\u00e4neke Baby Bristle Pneumatikb\u00fcrste. Sanfte Naturborsten, die nicht brechen. Jetzt kaufen!\",\"breadcrumb\":{\"@id\":\"https:\/\/janeke1830.it\/de\/prodotto\/pneumatische-buerste-mit-babyborsten\/#breadcrumb\"},\"inLanguage\":\"de\",\"potentialAction\":[{\"@type\":\"ReadAction\",\"target\":[\"https:\/\/janeke1830.it\/de\/prodotto\/pneumatische-buerste-mit-babyborsten\/\"]}]},{\"@type\":\"ImageObject\",\"inLanguage\":\"de\",\"@id\":\"https:\/\/janeke1830.it\/de\/prodotto\/pneumatische-buerste-mit-babyborsten\/#primaryimage\",\"url\":\"https:\/\/janeke1830.it\/wp-content\/uploads\/2025\/12\/spazzola-pneumatica-baby-oro-ausp24sf.png\",\"contentUrl\":\"https:\/\/janeke1830.it\/wp-content\/uploads\/2025\/12\/spazzola-pneumatica-baby-oro-ausp24sf.png\",\"width\":1024,\"height\":1024,\"caption\":\"Spazzola pneumatica con setole baby oro delicatissima per bambini\"},{\"@type\":\"BreadcrumbList\",\"@id\":\"https:\/\/janeke1830.it\/de\/prodotto\/pneumatische-buerste-mit-babyborsten\/#breadcrumb\",\"itemListElement\":[{\"@type\":\"ListItem\",\"position\":1,\"name\":\"Home\",\"item\":\"https:\/\/janeke1830.it\/de\/startseite\/\"},{\"@type\":\"ListItem\",\"position\":2,\"name\":\"Shop\",\"item\":\"https:\/\/janeke1830.it\/de\/shop\/\"},{\"@type\":\"ListItem\",\"position\":3,\"name\":\"Pneumatische B\u00fcrste mit Babyborsten\"}]},{\"@type\":\"WebSite\",\"@id\":\"https:\/\/janeke1830.it\/#website\",\"url\":\"https:\/\/janeke1830.it\/\",\"name\":\"J\u00e4neke 1830\",\"description\":\"\",\"publisher\":{\"@id\":\"https:\/\/janeke1830.it\/#organization\"},\"potentialAction\":[{\"@type\":\"SearchAction\",\"target\":{\"@type\":\"EntryPoint\",\"urlTemplate\":\"https:\/\/janeke1830.it\/?s={search_term_string}\"},\"query-input\":{\"@type\":\"PropertyValueSpecification\",\"valueRequired\":true,\"valueName\":\"search_term_string\"}}],\"inLanguage\":\"de\"},{\"@type\":\"Organization\",\"@id\":\"https:\/\/janeke1830.it\/#organization\",\"name\":\"J\u00e4neke 1830\",\"url\":\"https:\/\/janeke1830.it\/\",\"logo\":{\"@type\":\"ImageObject\",\"inLanguage\":\"de\",\"@id\":\"https:\/\/janeke1830.it\/#\/schema\/logo\/image\/\",\"url\":\"https:\/\/janeke1830.it\/wp-content\/uploads\/2025\/12\/logo-nero-janeke.png\",\"contentUrl\":\"https:\/\/janeke1830.it\/wp-content\/uploads\/2025\/12\/logo-nero-janeke.png\",\"width\":1824,\"height\":829,\"caption\":\"J\u00e4neke 1830\"},\"image\":{\"@id\":\"https:\/\/janeke1830.it\/#\/schema\/logo\/image\/\"},\"sameAs\":[\"https:\/\/www.facebook.com\/janeke1830\",\"https:\/\/www.instagram.com\/janeke1830official\",\"https:\/\/www.linkedin.com\/company\/giorgio-janeke-s-r-l-\/\"]}]}<\/script>\n<!-- \/ Yoast SEO plugin. -->","yoast_head_json":{"title":"J\u00e4neke Baby Pneumatische Borstenb\u00fcrste - Feines Haar","description":"Pflegen Sie d\u00fcnneres Haar mit der J\u00e4neke Baby Bristle Pneumatikb\u00fcrste. Sanfte Naturborsten, die nicht brechen. Jetzt kaufen!","robots":{"index":"index","follow":"follow","max-snippet":"max-snippet:-1","max-image-preview":"max-image-preview:large","max-video-preview":"max-video-preview:-1"},"canonical":"https:\/\/janeke1830.it\/de\/prodotto\/pneumatische-buerste-mit-babyborsten\/","og_locale":"de_DE","og_type":"article","og_title":"J\u00e4neke Baby Pneumatische Borstenb\u00fcrste - Feines Haar","og_description":"Pflegen Sie d\u00fcnneres Haar mit der J\u00e4neke Baby Bristle Pneumatikb\u00fcrste. Sanfte Naturborsten, die nicht brechen. Jetzt kaufen!","og_url":"https:\/\/janeke1830.it\/de\/prodotto\/pneumatische-buerste-mit-babyborsten\/","og_site_name":"J\u00e4neke","article_publisher":"https:\/\/www.facebook.com\/janeke1830","article_modified_time":"2026-02-05T14:48:39+00:00","og_image":[{"width":1024,"height":1024,"url":"https:\/\/janeke1830.it\/wp-content\/uploads\/2025\/12\/AUSP24SF.png","type":"image\/png"}],"twitter_card":"summary_large_image","schema":{"@context":"https:\/\/schema.org","@graph":[{"@type":"WebPage","@id":"https:\/\/janeke1830.it\/de\/prodotto\/pneumatische-buerste-mit-babyborsten\/","url":"https:\/\/janeke1830.it\/de\/prodotto\/pneumatische-buerste-mit-babyborsten\/","name":"J\u00e4neke Baby Pneumatische Borstenb\u00fcrste - Feines Haar","isPartOf":{"@id":"https:\/\/janeke1830.it\/#website"},"primaryImageOfPage":{"@id":"https:\/\/janeke1830.it\/de\/prodotto\/pneumatische-buerste-mit-babyborsten\/#primaryimage"},"image":{"@id":"https:\/\/janeke1830.it\/de\/prodotto\/pneumatische-buerste-mit-babyborsten\/#primaryimage"},"thumbnailUrl":"https:\/\/janeke1830.it\/wp-content\/uploads\/2025\/12\/spazzola-pneumatica-baby-oro-ausp24sf.png","datePublished":"2026-01-10T13:42:02+00:00","dateModified":"2026-02-05T14:48:39+00:00","description":"Pflegen Sie d\u00fcnneres Haar mit der J\u00e4neke Baby Bristle Pneumatikb\u00fcrste. Sanfte Naturborsten, die nicht brechen. Jetzt kaufen!","breadcrumb":{"@id":"https:\/\/janeke1830.it\/de\/prodotto\/pneumatische-buerste-mit-babyborsten\/#breadcrumb"},"inLanguage":"de","potentialAction":[{"@type":"ReadAction","target":["https:\/\/janeke1830.it\/de\/prodotto\/pneumatische-buerste-mit-babyborsten\/"]}]},{"@type":"ImageObject","inLanguage":"de","@id":"https:\/\/janeke1830.it\/de\/prodotto\/pneumatische-buerste-mit-babyborsten\/#primaryimage","url":"https:\/\/janeke1830.it\/wp-content\/uploads\/2025\/12\/spazzola-pneumatica-baby-oro-ausp24sf.png","contentUrl":"https:\/\/janeke1830.it\/wp-content\/uploads\/2025\/12\/spazzola-pneumatica-baby-oro-ausp24sf.png","width":1024,"height":1024,"caption":"Spazzola pneumatica con setole baby oro delicatissima per bambini"},{"@type":"BreadcrumbList","@id":"https:\/\/janeke1830.it\/de\/prodotto\/pneumatische-buerste-mit-babyborsten\/#breadcrumb","itemListElement":[{"@type":"ListItem","position":1,"name":"Home","item":"https:\/\/janeke1830.it\/de\/startseite\/"},{"@type":"ListItem","position":2,"name":"Shop","item":"https:\/\/janeke1830.it\/de\/shop\/"},{"@type":"ListItem","position":3,"name":"Pneumatische B\u00fcrste mit Babyborsten"}]},{"@type":"WebSite","@id":"https:\/\/janeke1830.it\/#website","url":"https:\/\/janeke1830.it\/","name":"J\u00e4neke 1830","description":"","publisher":{"@id":"https:\/\/janeke1830.it\/#organization"},"potentialAction":[{"@type":"SearchAction","target":{"@type":"EntryPoint","urlTemplate":"https:\/\/janeke1830.it\/?s={search_term_string}"},"query-input":{"@type":"PropertyValueSpecification","valueRequired":true,"valueName":"search_term_string"}}],"inLanguage":"de"},{"@type":"Organization","@id":"https:\/\/janeke1830.it\/#organization","name":"J\u00e4neke 1830","url":"https:\/\/janeke1830.it\/","logo":{"@type":"ImageObject","inLanguage":"de","@id":"https:\/\/janeke1830.it\/#\/schema\/logo\/image\/","url":"https:\/\/janeke1830.it\/wp-content\/uploads\/2025\/12\/logo-nero-janeke.png","contentUrl":"https:\/\/janeke1830.it\/wp-content\/uploads\/2025\/12\/logo-nero-janeke.png","width":1824,"height":829,"caption":"J\u00e4neke 1830"},"image":{"@id":"https:\/\/janeke1830.it\/#\/schema\/logo\/image\/"},"sameAs":["https:\/\/www.facebook.com\/janeke1830","https:\/\/www.instagram.com\/janeke1830official","https:\/\/www.linkedin.com\/company\/giorgio-janeke-s-r-l-\/"]}]}},"_links":{"self":[{"href":"https:\/\/janeke1830.it\/de\/wp-json\/wp\/v2\/product\/9334","targetHints":{"allow":["GET"]}}],"collection":[{"href":"https:\/\/janeke1830.it\/de\/wp-json\/wp\/v2\/product"}],"about":[{"href":"https:\/\/janeke1830.it\/de\/wp-json\/wp\/v2\/types\/product"}],"replies":[{"embeddable":true,"href":"https:\/\/janeke1830.it\/de\/wp-json\/wp\/v2\/comments?post=9334"}],"wp:featuredmedia":[{"embeddable":true,"href":"https:\/\/janeke1830.it\/de\/wp-json\/wp\/v2\/media\/748"}],"wp:attachment":[{"href":"https:\/\/janeke1830.it\/de\/wp-json\/wp\/v2\/media?parent=9334"}],"wp:term":[{"taxonomy":"product_brand","embeddable":true,"href":"https:\/\/janeke1830.it\/de\/wp-json\/wp\/v2\/product_brand?post=9334"},{"taxonomy":"product_cat","embeddable":true,"href":"https:\/\/janeke1830.it\/de\/wp-json\/wp\/v2\/product_cat?post=9334"},{"taxonomy":"product_tag","embeddable":true,"href":"https:\/\/janeke1830.it\/de\/wp-json\/wp\/v2\/product_tag?post=9334"}],"curies":[{"name":"wp","href":"https:\/\/api.w.org\/{rel}","templated":true}]}}