{"id":9325,"date":"2026-01-08T13:24:52","date_gmt":"2026-01-08T12:24:52","guid":{"rendered":"https:\/\/janeke1830.it\/prodotto\/kleiner-ovaler-pinsel\/"},"modified":"2026-03-03T11:47:42","modified_gmt":"2026-03-03T10:47:42","slug":"kleiner-ovaler-pinsel","status":"publish","type":"product","link":"https:\/\/janeke1830.it\/de\/prodotto\/kleiner-ovaler-pinsel\/","title":{"rendered":"Kleiner ovaler Pinsel"},"content":{"rendered":"","protected":false},"excerpt":{"rendered":"<p>Die kompakte und raffinierte Janeke Kleine Ovalb\u00fcrste mit goldenen Stacheln verbindet elegantes Design mit allt\u00e4glicher Funktionalit\u00e4t. Die sanften Stacheln entwirren das Haar, ohne es zu brechen, w\u00e4hrend sie die Kopfhaut mit einer angenehmen Massage stimulieren und die Durchblutung f\u00f6rdern. Das kleine Format macht sie perfekt f\u00fcr die Reise oder f\u00fcr den praktischen Gebrauch und sorgt f\u00fcr Geschmeidigkeit, Glanz und Pflege f\u00fcr das Haar.  <\/p>\n<p>Ein unverzichtbares Accessoire, das Komfort, Stil und die f\u00fcr die Marke Janeke typische Handwerkskunst vereint.<\/p>\n","protected":false},"featured_media":9327,"comment_status":"closed","ping_status":"closed","template":"","meta":[],"product_brand":[1021],"product_cat":[1032],"product_tag":[1033],"class_list":{"0":"post-9325","1":"product","2":"type-product","3":"status-publish","4":"has-post-thumbnail","6":"product_brand-luxury","7":"product_cat-pinsel","8":"product_tag-luxus-bursten","10":"first","11":"instock","12":"shipping-taxable","13":"purchasable","14":"product-type-simple"},"yoast_head":"<!-- This site is optimized with the Yoast SEO plugin v27.6 - https:\/\/yoast.com\/product\/yoast-seo-wordpress\/ -->\n<title>J\u00e4neke Klein Oval - Kompakte Reiseb\u00fcrste<\/title>\n<meta name=\"description\" content=\"Ideal f\u00fcr Ihre Handtasche: die J\u00e4neke Small Oval Brush massiert die Kopfhaut und entwirrt, ohne zu brechen. Perfektes Haar \u00fcberall. Kaufen Sie es!\" \/>\n<meta name=\"robots\" content=\"index, follow, max-snippet:-1, max-image-preview:large, max-video-preview:-1\" \/>\n<link rel=\"canonical\" href=\"https:\/\/janeke1830.it\/de\/prodotto\/kleiner-ovaler-pinsel\/\" \/>\n<meta property=\"og:locale\" content=\"de_DE\" \/>\n<meta property=\"og:type\" content=\"article\" \/>\n<meta property=\"og:title\" content=\"J\u00e4neke Klein Oval - Kompakte Reiseb\u00fcrste\" \/>\n<meta property=\"og:description\" content=\"Ideal f\u00fcr Ihre Handtasche: die J\u00e4neke Small Oval Brush massiert die Kopfhaut und entwirrt, ohne zu brechen. Perfektes Haar \u00fcberall. Kaufen Sie es!\" \/>\n<meta property=\"og:url\" content=\"https:\/\/janeke1830.it\/de\/prodotto\/kleiner-ovaler-pinsel\/\" \/>\n<meta property=\"og:site_name\" content=\"J\u00e4neke\" \/>\n<meta property=\"article:publisher\" content=\"https:\/\/www.facebook.com\/janeke1830\" \/>\n<meta property=\"article:modified_time\" content=\"2026-03-03T10:47:42+00:00\" \/>\n<meta property=\"og:image\" content=\"https:\/\/janeke1830.it\/wp-content\/uploads\/2025\/12\/SP08GDBL-1.png\" \/>\n\t<meta property=\"og:image:width\" content=\"1024\" \/>\n\t<meta property=\"og:image:height\" content=\"1024\" \/>\n\t<meta property=\"og:image:type\" content=\"image\/png\" \/>\n<meta name=\"twitter:card\" content=\"summary_large_image\" \/>\n<script type=\"application\/ld+json\" class=\"yoast-schema-graph\">{\"@context\":\"https:\\\/\\\/schema.org\",\"@graph\":[{\"@type\":\"WebPage\",\"@id\":\"https:\\\/\\\/janeke1830.it\\\/de\\\/prodotto\\\/kleiner-ovaler-pinsel\\\/\",\"url\":\"https:\\\/\\\/janeke1830.it\\\/de\\\/prodotto\\\/kleiner-ovaler-pinsel\\\/\",\"name\":\"J\u00e4neke Klein Oval - Kompakte Reiseb\u00fcrste\",\"isPartOf\":{\"@id\":\"https:\\\/\\\/janeke1830.it\\\/#website\"},\"primaryImageOfPage\":{\"@id\":\"https:\\\/\\\/janeke1830.it\\\/de\\\/prodotto\\\/kleiner-ovaler-pinsel\\\/#primaryimage\"},\"image\":{\"@id\":\"https:\\\/\\\/janeke1830.it\\\/de\\\/prodotto\\\/kleiner-ovaler-pinsel\\\/#primaryimage\"},\"thumbnailUrl\":\"https:\\\/\\\/janeke1830.it\\\/wp-content\\\/uploads\\\/2025\\\/12\\\/spazzola-ovale-piccola-setole-sp08gdbl-1.png\",\"datePublished\":\"2026-01-08T12:24:52+00:00\",\"dateModified\":\"2026-03-03T10:47:42+00:00\",\"description\":\"Ideal f\u00fcr Ihre Handtasche: die J\u00e4neke Small Oval Brush massiert die Kopfhaut und entwirrt, ohne zu brechen. Perfektes Haar \u00fcberall. Kaufen Sie es!\",\"breadcrumb\":{\"@id\":\"https:\\\/\\\/janeke1830.it\\\/de\\\/prodotto\\\/kleiner-ovaler-pinsel\\\/#breadcrumb\"},\"inLanguage\":\"de\",\"potentialAction\":[{\"@type\":\"ReadAction\",\"target\":[\"https:\\\/\\\/janeke1830.it\\\/de\\\/prodotto\\\/kleiner-ovaler-pinsel\\\/\"]}]},{\"@type\":\"ImageObject\",\"inLanguage\":\"de\",\"@id\":\"https:\\\/\\\/janeke1830.it\\\/de\\\/prodotto\\\/kleiner-ovaler-pinsel\\\/#primaryimage\",\"url\":\"https:\\\/\\\/janeke1830.it\\\/wp-content\\\/uploads\\\/2025\\\/12\\\/spazzola-ovale-piccola-setole-sp08gdbl-1.png\",\"contentUrl\":\"https:\\\/\\\/janeke1830.it\\\/wp-content\\\/uploads\\\/2025\\\/12\\\/spazzola-ovale-piccola-setole-sp08gdbl-1.png\",\"width\":1024,\"height\":1024,\"caption\":\"Spazzola ovale piccola picchi oro da viaggio J\u00e4neke\"},{\"@type\":\"BreadcrumbList\",\"@id\":\"https:\\\/\\\/janeke1830.it\\\/de\\\/prodotto\\\/kleiner-ovaler-pinsel\\\/#breadcrumb\",\"itemListElement\":[{\"@type\":\"ListItem\",\"position\":1,\"name\":\"Home\",\"item\":\"https:\\\/\\\/janeke1830.it\\\/de\\\/startseite\\\/\"},{\"@type\":\"ListItem\",\"position\":2,\"name\":\"Shop\",\"item\":\"https:\\\/\\\/janeke1830.it\\\/de\\\/shop\\\/\"},{\"@type\":\"ListItem\",\"position\":3,\"name\":\"Kleiner ovaler Pinsel\"}]},{\"@type\":\"WebSite\",\"@id\":\"https:\\\/\\\/janeke1830.it\\\/#website\",\"url\":\"https:\\\/\\\/janeke1830.it\\\/\",\"name\":\"J\u00e4neke 1830\",\"description\":\"\",\"publisher\":{\"@id\":\"https:\\\/\\\/janeke1830.it\\\/#organization\"},\"potentialAction\":[{\"@type\":\"SearchAction\",\"target\":{\"@type\":\"EntryPoint\",\"urlTemplate\":\"https:\\\/\\\/janeke1830.it\\\/?s={search_term_string}\"},\"query-input\":{\"@type\":\"PropertyValueSpecification\",\"valueRequired\":true,\"valueName\":\"search_term_string\"}}],\"inLanguage\":\"de\"},{\"@type\":\"Organization\",\"@id\":\"https:\\\/\\\/janeke1830.it\\\/#organization\",\"name\":\"J\u00e4neke 1830\",\"url\":\"https:\\\/\\\/janeke1830.it\\\/\",\"logo\":{\"@type\":\"ImageObject\",\"inLanguage\":\"de\",\"@id\":\"https:\\\/\\\/janeke1830.it\\\/#\\\/schema\\\/logo\\\/image\\\/\",\"url\":\"https:\\\/\\\/janeke1830.it\\\/wp-content\\\/uploads\\\/2025\\\/12\\\/logo-nero-janeke.png\",\"contentUrl\":\"https:\\\/\\\/janeke1830.it\\\/wp-content\\\/uploads\\\/2025\\\/12\\\/logo-nero-janeke.png\",\"width\":1824,\"height\":829,\"caption\":\"J\u00e4neke 1830\"},\"image\":{\"@id\":\"https:\\\/\\\/janeke1830.it\\\/#\\\/schema\\\/logo\\\/image\\\/\"},\"sameAs\":[\"https:\\\/\\\/www.facebook.com\\\/janeke1830\",\"https:\\\/\\\/www.instagram.com\\\/janeke1830official\",\"https:\\\/\\\/www.linkedin.com\\\/company\\\/giorgio-janeke-s-r-l-\\\/\"]}]}<\/script>\n<!-- \/ Yoast SEO plugin. -->","yoast_head_json":{"title":"J\u00e4neke Klein Oval - Kompakte Reiseb\u00fcrste","description":"Ideal f\u00fcr Ihre Handtasche: die J\u00e4neke Small Oval Brush massiert die Kopfhaut und entwirrt, ohne zu brechen. Perfektes Haar \u00fcberall. Kaufen Sie es!","robots":{"index":"index","follow":"follow","max-snippet":"max-snippet:-1","max-image-preview":"max-image-preview:large","max-video-preview":"max-video-preview:-1"},"canonical":"https:\/\/janeke1830.it\/de\/prodotto\/kleiner-ovaler-pinsel\/","og_locale":"de_DE","og_type":"article","og_title":"J\u00e4neke Klein Oval - Kompakte Reiseb\u00fcrste","og_description":"Ideal f\u00fcr Ihre Handtasche: die J\u00e4neke Small Oval Brush massiert die Kopfhaut und entwirrt, ohne zu brechen. Perfektes Haar \u00fcberall. Kaufen Sie es!","og_url":"https:\/\/janeke1830.it\/de\/prodotto\/kleiner-ovaler-pinsel\/","og_site_name":"J\u00e4neke","article_publisher":"https:\/\/www.facebook.com\/janeke1830","article_modified_time":"2026-03-03T10:47:42+00:00","og_image":[{"width":1024,"height":1024,"url":"https:\/\/janeke1830.it\/wp-content\/uploads\/2025\/12\/SP08GDBL-1.png","type":"image\/png"}],"twitter_card":"summary_large_image","schema":{"@context":"https:\/\/schema.org","@graph":[{"@type":"WebPage","@id":"https:\/\/janeke1830.it\/de\/prodotto\/kleiner-ovaler-pinsel\/","url":"https:\/\/janeke1830.it\/de\/prodotto\/kleiner-ovaler-pinsel\/","name":"J\u00e4neke Klein Oval - Kompakte Reiseb\u00fcrste","isPartOf":{"@id":"https:\/\/janeke1830.it\/#website"},"primaryImageOfPage":{"@id":"https:\/\/janeke1830.it\/de\/prodotto\/kleiner-ovaler-pinsel\/#primaryimage"},"image":{"@id":"https:\/\/janeke1830.it\/de\/prodotto\/kleiner-ovaler-pinsel\/#primaryimage"},"thumbnailUrl":"https:\/\/janeke1830.it\/wp-content\/uploads\/2025\/12\/spazzola-ovale-piccola-setole-sp08gdbl-1.png","datePublished":"2026-01-08T12:24:52+00:00","dateModified":"2026-03-03T10:47:42+00:00","description":"Ideal f\u00fcr Ihre Handtasche: die J\u00e4neke Small Oval Brush massiert die Kopfhaut und entwirrt, ohne zu brechen. Perfektes Haar \u00fcberall. Kaufen Sie es!","breadcrumb":{"@id":"https:\/\/janeke1830.it\/de\/prodotto\/kleiner-ovaler-pinsel\/#breadcrumb"},"inLanguage":"de","potentialAction":[{"@type":"ReadAction","target":["https:\/\/janeke1830.it\/de\/prodotto\/kleiner-ovaler-pinsel\/"]}]},{"@type":"ImageObject","inLanguage":"de","@id":"https:\/\/janeke1830.it\/de\/prodotto\/kleiner-ovaler-pinsel\/#primaryimage","url":"https:\/\/janeke1830.it\/wp-content\/uploads\/2025\/12\/spazzola-ovale-piccola-setole-sp08gdbl-1.png","contentUrl":"https:\/\/janeke1830.it\/wp-content\/uploads\/2025\/12\/spazzola-ovale-piccola-setole-sp08gdbl-1.png","width":1024,"height":1024,"caption":"Spazzola ovale piccola picchi oro da viaggio J\u00e4neke"},{"@type":"BreadcrumbList","@id":"https:\/\/janeke1830.it\/de\/prodotto\/kleiner-ovaler-pinsel\/#breadcrumb","itemListElement":[{"@type":"ListItem","position":1,"name":"Home","item":"https:\/\/janeke1830.it\/de\/startseite\/"},{"@type":"ListItem","position":2,"name":"Shop","item":"https:\/\/janeke1830.it\/de\/shop\/"},{"@type":"ListItem","position":3,"name":"Kleiner ovaler Pinsel"}]},{"@type":"WebSite","@id":"https:\/\/janeke1830.it\/#website","url":"https:\/\/janeke1830.it\/","name":"J\u00e4neke 1830","description":"","publisher":{"@id":"https:\/\/janeke1830.it\/#organization"},"potentialAction":[{"@type":"SearchAction","target":{"@type":"EntryPoint","urlTemplate":"https:\/\/janeke1830.it\/?s={search_term_string}"},"query-input":{"@type":"PropertyValueSpecification","valueRequired":true,"valueName":"search_term_string"}}],"inLanguage":"de"},{"@type":"Organization","@id":"https:\/\/janeke1830.it\/#organization","name":"J\u00e4neke 1830","url":"https:\/\/janeke1830.it\/","logo":{"@type":"ImageObject","inLanguage":"de","@id":"https:\/\/janeke1830.it\/#\/schema\/logo\/image\/","url":"https:\/\/janeke1830.it\/wp-content\/uploads\/2025\/12\/logo-nero-janeke.png","contentUrl":"https:\/\/janeke1830.it\/wp-content\/uploads\/2025\/12\/logo-nero-janeke.png","width":1824,"height":829,"caption":"J\u00e4neke 1830"},"image":{"@id":"https:\/\/janeke1830.it\/#\/schema\/logo\/image\/"},"sameAs":["https:\/\/www.facebook.com\/janeke1830","https:\/\/www.instagram.com\/janeke1830official","https:\/\/www.linkedin.com\/company\/giorgio-janeke-s-r-l-\/"]}]}},"_links":{"self":[{"href":"https:\/\/janeke1830.it\/de\/wp-json\/wp\/v2\/product\/9325","targetHints":{"allow":["GET"]}}],"collection":[{"href":"https:\/\/janeke1830.it\/de\/wp-json\/wp\/v2\/product"}],"about":[{"href":"https:\/\/janeke1830.it\/de\/wp-json\/wp\/v2\/types\/product"}],"replies":[{"embeddable":true,"href":"https:\/\/janeke1830.it\/de\/wp-json\/wp\/v2\/comments?post=9325"}],"wp:featuredmedia":[{"embeddable":true,"href":"https:\/\/janeke1830.it\/de\/wp-json\/wp\/v2\/media\/9327"}],"wp:attachment":[{"href":"https:\/\/janeke1830.it\/de\/wp-json\/wp\/v2\/media?parent=9325"}],"wp:term":[{"taxonomy":"product_brand","embeddable":true,"href":"https:\/\/janeke1830.it\/de\/wp-json\/wp\/v2\/product_brand?post=9325"},{"taxonomy":"product_cat","embeddable":true,"href":"https:\/\/janeke1830.it\/de\/wp-json\/wp\/v2\/product_cat?post=9325"},{"taxonomy":"product_tag","embeddable":true,"href":"https:\/\/janeke1830.it\/de\/wp-json\/wp\/v2\/product_tag?post=9325"}],"curies":[{"name":"wp","href":"https:\/\/api.w.org\/{rel}","templated":true}]}}