{"id":9317,"date":"2026-01-10T14:43:03","date_gmt":"2026-01-10T13:43:03","guid":{"rendered":"https:\/\/janeke1830.it\/prodotto\/pneumatische-buerste-mit-kleinen-borsten\/"},"modified":"2026-02-05T16:04:23","modified_gmt":"2026-02-05T15:04:23","slug":"pneumatische-buerste-mit-kleinen-borsten","status":"publish","type":"product","link":"https:\/\/janeke1830.it\/de\/prodotto\/pneumatische-buerste-mit-kleinen-borsten\/","title":{"rendered":"Pneumatische B\u00fcrste mit kleinen Borsten"},"content":{"rendered":"","protected":false},"excerpt":{"rendered":"<p>Die kompakte und praktische <strong>Janeke Small Bristle Pneumatic Brush<\/strong> vereint Funktionalit\u00e4t und raffiniertes Design in einem Format, das ideal f\u00fcr den t\u00e4glichen Gebrauch und f\u00fcr unterwegs ist. Die nat\u00fcrlichen Borsten entwirren das Haar sanft, respektieren die Haarfaser und verleihen Weichheit und Glanz. Die flexible pneumatische Basis folgt der Form des Kopfes, massiert die Kopfhaut und regt die Durchblutung an.  <\/p>\n<p>Er eignet sich f\u00fcr alle Haartypen und stellt die ideale Kombination aus Komfort, Eleganz und handwerklicher Qualit\u00e4t dar, die f\u00fcr die Marke Janeke typisch ist.<\/p>\n","protected":false},"featured_media":753,"comment_status":"closed","ping_status":"closed","template":"","meta":[],"product_brand":[1021],"product_cat":[1032],"product_tag":[1033,1034],"class_list":{"0":"post-9317","1":"product","2":"type-product","3":"status-publish","4":"has-post-thumbnail","6":"product_brand-luxury","7":"product_cat-pinsel","8":"product_tag-luxus-bursten","9":"product_tag-pneumatisch-mit-borsten","11":"first","12":"instock","13":"shipping-taxable","14":"purchasable","15":"product-type-variable","16":"wvs-archive-product-wrapper"},"yoast_head":"<!-- This site is optimized with the Yoast SEO plugin v27.6 - https:\/\/yoast.com\/product\/yoast-seo-wordpress\/ -->\n<title>Druckluftb\u00fcrste mit kleinen Borsten - J\u00e4neke 1830<\/title>\n<meta name=\"description\" content=\"Perfektes Haar f\u00fcr unterwegs mit der J\u00e4neke Druckluftb\u00fcrste mit kleinen Borsten. Nat\u00fcrliche Borsten, die die Fasern polieren und schonen.\" \/>\n<meta name=\"robots\" content=\"index, follow, max-snippet:-1, max-image-preview:large, max-video-preview:-1\" \/>\n<link rel=\"canonical\" href=\"https:\/\/janeke1830.it\/de\/prodotto\/pneumatische-buerste-mit-kleinen-borsten\/\" \/>\n<meta property=\"og:locale\" content=\"de_DE\" \/>\n<meta property=\"og:type\" content=\"article\" \/>\n<meta property=\"og:title\" content=\"Druckluftb\u00fcrste mit kleinen Borsten - J\u00e4neke 1830\" \/>\n<meta property=\"og:description\" content=\"Perfektes Haar f\u00fcr unterwegs mit der J\u00e4neke Druckluftb\u00fcrste mit kleinen Borsten. Nat\u00fcrliche Borsten, die die Fasern polieren und schonen.\" \/>\n<meta property=\"og:url\" content=\"https:\/\/janeke1830.it\/de\/prodotto\/pneumatische-buerste-mit-kleinen-borsten\/\" \/>\n<meta property=\"og:site_name\" content=\"J\u00e4neke\" \/>\n<meta property=\"article:publisher\" content=\"https:\/\/www.facebook.com\/janeke1830\" \/>\n<meta property=\"article:modified_time\" content=\"2026-02-05T15:04:23+00:00\" \/>\n<meta property=\"og:image\" content=\"https:\/\/janeke1830.it\/wp-content\/uploads\/2025\/12\/AUSP21SF.png\" \/>\n\t<meta property=\"og:image:width\" content=\"1024\" \/>\n\t<meta property=\"og:image:height\" content=\"1024\" \/>\n\t<meta property=\"og:image:type\" content=\"image\/png\" \/>\n<meta name=\"twitter:card\" content=\"summary_large_image\" \/>\n<script type=\"application\/ld+json\" class=\"yoast-schema-graph\">{\"@context\":\"https:\\\/\\\/schema.org\",\"@graph\":[{\"@type\":\"WebPage\",\"@id\":\"https:\\\/\\\/janeke1830.it\\\/de\\\/prodotto\\\/pneumatische-buerste-mit-kleinen-borsten\\\/\",\"url\":\"https:\\\/\\\/janeke1830.it\\\/de\\\/prodotto\\\/pneumatische-buerste-mit-kleinen-borsten\\\/\",\"name\":\"Druckluftb\u00fcrste mit kleinen Borsten - J\u00e4neke 1830\",\"isPartOf\":{\"@id\":\"https:\\\/\\\/janeke1830.it\\\/#website\"},\"primaryImageOfPage\":{\"@id\":\"https:\\\/\\\/janeke1830.it\\\/de\\\/prodotto\\\/pneumatische-buerste-mit-kleinen-borsten\\\/#primaryimage\"},\"image\":{\"@id\":\"https:\\\/\\\/janeke1830.it\\\/de\\\/prodotto\\\/pneumatische-buerste-mit-kleinen-borsten\\\/#primaryimage\"},\"thumbnailUrl\":\"https:\\\/\\\/janeke1830.it\\\/wp-content\\\/uploads\\\/2025\\\/12\\\/spazzola-pneumatica-piccola-oro-ausp21sf.png\",\"datePublished\":\"2026-01-10T13:43:03+00:00\",\"dateModified\":\"2026-02-05T15:04:23+00:00\",\"description\":\"Perfektes Haar f\u00fcr unterwegs mit der J\u00e4neke Druckluftb\u00fcrste mit kleinen Borsten. Nat\u00fcrliche Borsten, die die Fasern polieren und schonen.\",\"breadcrumb\":{\"@id\":\"https:\\\/\\\/janeke1830.it\\\/de\\\/prodotto\\\/pneumatische-buerste-mit-kleinen-borsten\\\/#breadcrumb\"},\"inLanguage\":\"de\",\"potentialAction\":[{\"@type\":\"ReadAction\",\"target\":[\"https:\\\/\\\/janeke1830.it\\\/de\\\/prodotto\\\/pneumatische-buerste-mit-kleinen-borsten\\\/\"]}]},{\"@type\":\"ImageObject\",\"inLanguage\":\"de\",\"@id\":\"https:\\\/\\\/janeke1830.it\\\/de\\\/prodotto\\\/pneumatische-buerste-mit-kleinen-borsten\\\/#primaryimage\",\"url\":\"https:\\\/\\\/janeke1830.it\\\/wp-content\\\/uploads\\\/2025\\\/12\\\/spazzola-pneumatica-piccola-oro-ausp21sf.png\",\"contentUrl\":\"https:\\\/\\\/janeke1830.it\\\/wp-content\\\/uploads\\\/2025\\\/12\\\/spazzola-pneumatica-piccola-oro-ausp21sf.png\",\"width\":1024,\"height\":1024,\"caption\":\"Spazzola pneumatica setole piccola oro da borsetta elegante\"},{\"@type\":\"BreadcrumbList\",\"@id\":\"https:\\\/\\\/janeke1830.it\\\/de\\\/prodotto\\\/pneumatische-buerste-mit-kleinen-borsten\\\/#breadcrumb\",\"itemListElement\":[{\"@type\":\"ListItem\",\"position\":1,\"name\":\"Home\",\"item\":\"https:\\\/\\\/janeke1830.it\\\/de\\\/startseite\\\/\"},{\"@type\":\"ListItem\",\"position\":2,\"name\":\"Shop\",\"item\":\"https:\\\/\\\/janeke1830.it\\\/de\\\/shop\\\/\"},{\"@type\":\"ListItem\",\"position\":3,\"name\":\"Pneumatische B\u00fcrste mit kleinen Borsten\"}]},{\"@type\":\"WebSite\",\"@id\":\"https:\\\/\\\/janeke1830.it\\\/#website\",\"url\":\"https:\\\/\\\/janeke1830.it\\\/\",\"name\":\"J\u00e4neke 1830\",\"description\":\"\",\"publisher\":{\"@id\":\"https:\\\/\\\/janeke1830.it\\\/#organization\"},\"potentialAction\":[{\"@type\":\"SearchAction\",\"target\":{\"@type\":\"EntryPoint\",\"urlTemplate\":\"https:\\\/\\\/janeke1830.it\\\/?s={search_term_string}\"},\"query-input\":{\"@type\":\"PropertyValueSpecification\",\"valueRequired\":true,\"valueName\":\"search_term_string\"}}],\"inLanguage\":\"de\"},{\"@type\":\"Organization\",\"@id\":\"https:\\\/\\\/janeke1830.it\\\/#organization\",\"name\":\"J\u00e4neke 1830\",\"url\":\"https:\\\/\\\/janeke1830.it\\\/\",\"logo\":{\"@type\":\"ImageObject\",\"inLanguage\":\"de\",\"@id\":\"https:\\\/\\\/janeke1830.it\\\/#\\\/schema\\\/logo\\\/image\\\/\",\"url\":\"https:\\\/\\\/janeke1830.it\\\/wp-content\\\/uploads\\\/2025\\\/12\\\/logo-nero-janeke.png\",\"contentUrl\":\"https:\\\/\\\/janeke1830.it\\\/wp-content\\\/uploads\\\/2025\\\/12\\\/logo-nero-janeke.png\",\"width\":1824,\"height\":829,\"caption\":\"J\u00e4neke 1830\"},\"image\":{\"@id\":\"https:\\\/\\\/janeke1830.it\\\/#\\\/schema\\\/logo\\\/image\\\/\"},\"sameAs\":[\"https:\\\/\\\/www.facebook.com\\\/janeke1830\",\"https:\\\/\\\/www.instagram.com\\\/janeke1830official\",\"https:\\\/\\\/www.linkedin.com\\\/company\\\/giorgio-janeke-s-r-l-\\\/\"]}]}<\/script>\n<!-- \/ Yoast SEO plugin. -->","yoast_head_json":{"title":"Druckluftb\u00fcrste mit kleinen Borsten - J\u00e4neke 1830","description":"Perfektes Haar f\u00fcr unterwegs mit der J\u00e4neke Druckluftb\u00fcrste mit kleinen Borsten. Nat\u00fcrliche Borsten, die die Fasern polieren und schonen.","robots":{"index":"index","follow":"follow","max-snippet":"max-snippet:-1","max-image-preview":"max-image-preview:large","max-video-preview":"max-video-preview:-1"},"canonical":"https:\/\/janeke1830.it\/de\/prodotto\/pneumatische-buerste-mit-kleinen-borsten\/","og_locale":"de_DE","og_type":"article","og_title":"Druckluftb\u00fcrste mit kleinen Borsten - J\u00e4neke 1830","og_description":"Perfektes Haar f\u00fcr unterwegs mit der J\u00e4neke Druckluftb\u00fcrste mit kleinen Borsten. Nat\u00fcrliche Borsten, die die Fasern polieren und schonen.","og_url":"https:\/\/janeke1830.it\/de\/prodotto\/pneumatische-buerste-mit-kleinen-borsten\/","og_site_name":"J\u00e4neke","article_publisher":"https:\/\/www.facebook.com\/janeke1830","article_modified_time":"2026-02-05T15:04:23+00:00","og_image":[{"width":1024,"height":1024,"url":"https:\/\/janeke1830.it\/wp-content\/uploads\/2025\/12\/AUSP21SF.png","type":"image\/png"}],"twitter_card":"summary_large_image","schema":{"@context":"https:\/\/schema.org","@graph":[{"@type":"WebPage","@id":"https:\/\/janeke1830.it\/de\/prodotto\/pneumatische-buerste-mit-kleinen-borsten\/","url":"https:\/\/janeke1830.it\/de\/prodotto\/pneumatische-buerste-mit-kleinen-borsten\/","name":"Druckluftb\u00fcrste mit kleinen Borsten - J\u00e4neke 1830","isPartOf":{"@id":"https:\/\/janeke1830.it\/#website"},"primaryImageOfPage":{"@id":"https:\/\/janeke1830.it\/de\/prodotto\/pneumatische-buerste-mit-kleinen-borsten\/#primaryimage"},"image":{"@id":"https:\/\/janeke1830.it\/de\/prodotto\/pneumatische-buerste-mit-kleinen-borsten\/#primaryimage"},"thumbnailUrl":"https:\/\/janeke1830.it\/wp-content\/uploads\/2025\/12\/spazzola-pneumatica-piccola-oro-ausp21sf.png","datePublished":"2026-01-10T13:43:03+00:00","dateModified":"2026-02-05T15:04:23+00:00","description":"Perfektes Haar f\u00fcr unterwegs mit der J\u00e4neke Druckluftb\u00fcrste mit kleinen Borsten. Nat\u00fcrliche Borsten, die die Fasern polieren und schonen.","breadcrumb":{"@id":"https:\/\/janeke1830.it\/de\/prodotto\/pneumatische-buerste-mit-kleinen-borsten\/#breadcrumb"},"inLanguage":"de","potentialAction":[{"@type":"ReadAction","target":["https:\/\/janeke1830.it\/de\/prodotto\/pneumatische-buerste-mit-kleinen-borsten\/"]}]},{"@type":"ImageObject","inLanguage":"de","@id":"https:\/\/janeke1830.it\/de\/prodotto\/pneumatische-buerste-mit-kleinen-borsten\/#primaryimage","url":"https:\/\/janeke1830.it\/wp-content\/uploads\/2025\/12\/spazzola-pneumatica-piccola-oro-ausp21sf.png","contentUrl":"https:\/\/janeke1830.it\/wp-content\/uploads\/2025\/12\/spazzola-pneumatica-piccola-oro-ausp21sf.png","width":1024,"height":1024,"caption":"Spazzola pneumatica setole piccola oro da borsetta elegante"},{"@type":"BreadcrumbList","@id":"https:\/\/janeke1830.it\/de\/prodotto\/pneumatische-buerste-mit-kleinen-borsten\/#breadcrumb","itemListElement":[{"@type":"ListItem","position":1,"name":"Home","item":"https:\/\/janeke1830.it\/de\/startseite\/"},{"@type":"ListItem","position":2,"name":"Shop","item":"https:\/\/janeke1830.it\/de\/shop\/"},{"@type":"ListItem","position":3,"name":"Pneumatische B\u00fcrste mit kleinen Borsten"}]},{"@type":"WebSite","@id":"https:\/\/janeke1830.it\/#website","url":"https:\/\/janeke1830.it\/","name":"J\u00e4neke 1830","description":"","publisher":{"@id":"https:\/\/janeke1830.it\/#organization"},"potentialAction":[{"@type":"SearchAction","target":{"@type":"EntryPoint","urlTemplate":"https:\/\/janeke1830.it\/?s={search_term_string}"},"query-input":{"@type":"PropertyValueSpecification","valueRequired":true,"valueName":"search_term_string"}}],"inLanguage":"de"},{"@type":"Organization","@id":"https:\/\/janeke1830.it\/#organization","name":"J\u00e4neke 1830","url":"https:\/\/janeke1830.it\/","logo":{"@type":"ImageObject","inLanguage":"de","@id":"https:\/\/janeke1830.it\/#\/schema\/logo\/image\/","url":"https:\/\/janeke1830.it\/wp-content\/uploads\/2025\/12\/logo-nero-janeke.png","contentUrl":"https:\/\/janeke1830.it\/wp-content\/uploads\/2025\/12\/logo-nero-janeke.png","width":1824,"height":829,"caption":"J\u00e4neke 1830"},"image":{"@id":"https:\/\/janeke1830.it\/#\/schema\/logo\/image\/"},"sameAs":["https:\/\/www.facebook.com\/janeke1830","https:\/\/www.instagram.com\/janeke1830official","https:\/\/www.linkedin.com\/company\/giorgio-janeke-s-r-l-\/"]}]}},"_links":{"self":[{"href":"https:\/\/janeke1830.it\/de\/wp-json\/wp\/v2\/product\/9317","targetHints":{"allow":["GET"]}}],"collection":[{"href":"https:\/\/janeke1830.it\/de\/wp-json\/wp\/v2\/product"}],"about":[{"href":"https:\/\/janeke1830.it\/de\/wp-json\/wp\/v2\/types\/product"}],"replies":[{"embeddable":true,"href":"https:\/\/janeke1830.it\/de\/wp-json\/wp\/v2\/comments?post=9317"}],"wp:featuredmedia":[{"embeddable":true,"href":"https:\/\/janeke1830.it\/de\/wp-json\/wp\/v2\/media\/753"}],"wp:attachment":[{"href":"https:\/\/janeke1830.it\/de\/wp-json\/wp\/v2\/media?parent=9317"}],"wp:term":[{"taxonomy":"product_brand","embeddable":true,"href":"https:\/\/janeke1830.it\/de\/wp-json\/wp\/v2\/product_brand?post=9317"},{"taxonomy":"product_cat","embeddable":true,"href":"https:\/\/janeke1830.it\/de\/wp-json\/wp\/v2\/product_cat?post=9317"},{"taxonomy":"product_tag","embeddable":true,"href":"https:\/\/janeke1830.it\/de\/wp-json\/wp\/v2\/product_tag?post=9317"}],"curies":[{"name":"wp","href":"https:\/\/api.w.org\/{rel}","templated":true}]}}