{"id":9297,"date":"2026-01-10T14:44:53","date_gmt":"2026-01-10T13:44:53","guid":{"rendered":"https:\/\/janeke1830.it\/prodotto\/pneumatische-buerste-mit-borsten\/"},"modified":"2026-02-05T16:04:26","modified_gmt":"2026-02-05T15:04:26","slug":"pneumatische-buerste-mit-borsten","status":"publish","type":"product","link":"https:\/\/janeke1830.it\/de\/prodotto\/pneumatische-buerste-mit-borsten\/","title":{"rendered":"Pneumatische B\u00fcrste mit Borsten"},"content":{"rendered":"","protected":false},"excerpt":{"rendered":"<p>Die elegante und zarte Janeke Pneumatic Bristle Brush ist der perfekte Verb\u00fcndete f\u00fcr die raffinierte t\u00e4gliche Haarpflege. Die Naturborsten k\u00e4mmen sanft und verteilen den Talg gleichm\u00e4\u00dfig vom Ansatz bis in die Spitzen, um dem Haar Glanz und Geschmeidigkeit zu verleihen. Die flexible pneumatische Basis passt sich den Bewegungen des Kopfes an und sorgt f\u00fcr eine angenehme und stimulierende Massage der Kopfhaut.  <\/p>\n<p>Er ist ideal f\u00fcr alle Haartypen und kombiniert Funktionalit\u00e4t, Komfort und die unverwechselbare handwerkliche Qualit\u00e4t der Marke Janeke.<\/p>\n","protected":false},"featured_media":757,"comment_status":"closed","ping_status":"closed","template":"","meta":[],"product_brand":[1021],"product_cat":[1032],"product_tag":[1033,1034],"class_list":{"0":"post-9297","1":"product","2":"type-product","3":"status-publish","4":"has-post-thumbnail","6":"product_brand-luxury","7":"product_cat-pinsel","8":"product_tag-luxus-bursten","9":"product_tag-pneumatisch-mit-borsten","11":"first","12":"instock","13":"shipping-taxable","14":"purchasable","15":"product-type-variable","16":"wvs-archive-product-wrapper"},"yoast_head":"<!-- This site is optimized with the Yoast SEO plugin v27.6 - https:\/\/yoast.com\/product\/yoast-seo-wordpress\/ -->\n<title>Druckluftb\u00fcrste mit J\u00e4neke-Borsten - Nat\u00fcrliche Weichheit<\/title>\n<meta name=\"description\" content=\"Bringen Sie Ihr Haar mit der J\u00e4neke Pneumatischen Naturborstenb\u00fcrste zum Strahlen. Verteilt den Talg f\u00fcr gesundes Haar. Bestellen Sie sie jetzt!\" \/>\n<meta name=\"robots\" content=\"index, follow, max-snippet:-1, max-image-preview:large, max-video-preview:-1\" \/>\n<link rel=\"canonical\" href=\"https:\/\/janeke1830.it\/de\/prodotto\/pneumatische-buerste-mit-borsten\/\" \/>\n<meta property=\"og:locale\" content=\"de_DE\" \/>\n<meta property=\"og:type\" content=\"article\" \/>\n<meta property=\"og:title\" content=\"Druckluftb\u00fcrste mit J\u00e4neke-Borsten - Nat\u00fcrliche Weichheit\" \/>\n<meta property=\"og:description\" content=\"Bringen Sie Ihr Haar mit der J\u00e4neke Pneumatischen Naturborstenb\u00fcrste zum Strahlen. Verteilt den Talg f\u00fcr gesundes Haar. Bestellen Sie sie jetzt!\" \/>\n<meta property=\"og:url\" content=\"https:\/\/janeke1830.it\/de\/prodotto\/pneumatische-buerste-mit-borsten\/\" \/>\n<meta property=\"og:site_name\" content=\"J\u00e4neke\" \/>\n<meta property=\"article:publisher\" content=\"https:\/\/www.facebook.com\/janeke1830\" \/>\n<meta property=\"article:modified_time\" content=\"2026-02-05T15:04:26+00:00\" \/>\n<meta property=\"og:image\" content=\"https:\/\/janeke1830.it\/wp-content\/uploads\/2025\/12\/AUSP22SF.png\" \/>\n\t<meta property=\"og:image:width\" content=\"1024\" \/>\n\t<meta property=\"og:image:height\" content=\"1024\" \/>\n\t<meta property=\"og:image:type\" content=\"image\/png\" \/>\n<meta name=\"twitter:card\" content=\"summary_large_image\" \/>\n<script type=\"application\/ld+json\" class=\"yoast-schema-graph\">{\"@context\":\"https:\\\/\\\/schema.org\",\"@graph\":[{\"@type\":\"WebPage\",\"@id\":\"https:\\\/\\\/janeke1830.it\\\/de\\\/prodotto\\\/pneumatische-buerste-mit-borsten\\\/\",\"url\":\"https:\\\/\\\/janeke1830.it\\\/de\\\/prodotto\\\/pneumatische-buerste-mit-borsten\\\/\",\"name\":\"Druckluftb\u00fcrste mit J\u00e4neke-Borsten - Nat\u00fcrliche Weichheit\",\"isPartOf\":{\"@id\":\"https:\\\/\\\/janeke1830.it\\\/#website\"},\"primaryImageOfPage\":{\"@id\":\"https:\\\/\\\/janeke1830.it\\\/de\\\/prodotto\\\/pneumatische-buerste-mit-borsten\\\/#primaryimage\"},\"image\":{\"@id\":\"https:\\\/\\\/janeke1830.it\\\/de\\\/prodotto\\\/pneumatische-buerste-mit-borsten\\\/#primaryimage\"},\"thumbnailUrl\":\"https:\\\/\\\/janeke1830.it\\\/wp-content\\\/uploads\\\/2025\\\/12\\\/spazzola-pneumatica-oro-ausp22sf.png\",\"datePublished\":\"2026-01-10T13:44:53+00:00\",\"dateModified\":\"2026-02-05T15:04:26+00:00\",\"description\":\"Bringen Sie Ihr Haar mit der J\u00e4neke Pneumatischen Naturborstenb\u00fcrste zum Strahlen. Verteilt den Talg f\u00fcr gesundes Haar. Bestellen Sie sie jetzt!\",\"breadcrumb\":{\"@id\":\"https:\\\/\\\/janeke1830.it\\\/de\\\/prodotto\\\/pneumatische-buerste-mit-borsten\\\/#breadcrumb\"},\"inLanguage\":\"de\",\"potentialAction\":[{\"@type\":\"ReadAction\",\"target\":[\"https:\\\/\\\/janeke1830.it\\\/de\\\/prodotto\\\/pneumatische-buerste-mit-borsten\\\/\"]}]},{\"@type\":\"ImageObject\",\"inLanguage\":\"de\",\"@id\":\"https:\\\/\\\/janeke1830.it\\\/de\\\/prodotto\\\/pneumatische-buerste-mit-borsten\\\/#primaryimage\",\"url\":\"https:\\\/\\\/janeke1830.it\\\/wp-content\\\/uploads\\\/2025\\\/12\\\/spazzola-pneumatica-oro-ausp22sf.png\",\"contentUrl\":\"https:\\\/\\\/janeke1830.it\\\/wp-content\\\/uploads\\\/2025\\\/12\\\/spazzola-pneumatica-oro-ausp22sf.png\",\"width\":1024,\"height\":1024,\"caption\":\"Spazzola pneumatica setole oro classica per volume e lucentezza\"},{\"@type\":\"BreadcrumbList\",\"@id\":\"https:\\\/\\\/janeke1830.it\\\/de\\\/prodotto\\\/pneumatische-buerste-mit-borsten\\\/#breadcrumb\",\"itemListElement\":[{\"@type\":\"ListItem\",\"position\":1,\"name\":\"Home\",\"item\":\"https:\\\/\\\/janeke1830.it\\\/de\\\/startseite\\\/\"},{\"@type\":\"ListItem\",\"position\":2,\"name\":\"Shop\",\"item\":\"https:\\\/\\\/janeke1830.it\\\/de\\\/shop\\\/\"},{\"@type\":\"ListItem\",\"position\":3,\"name\":\"Pneumatische B\u00fcrste mit Borsten\"}]},{\"@type\":\"WebSite\",\"@id\":\"https:\\\/\\\/janeke1830.it\\\/#website\",\"url\":\"https:\\\/\\\/janeke1830.it\\\/\",\"name\":\"J\u00e4neke 1830\",\"description\":\"\",\"publisher\":{\"@id\":\"https:\\\/\\\/janeke1830.it\\\/#organization\"},\"potentialAction\":[{\"@type\":\"SearchAction\",\"target\":{\"@type\":\"EntryPoint\",\"urlTemplate\":\"https:\\\/\\\/janeke1830.it\\\/?s={search_term_string}\"},\"query-input\":{\"@type\":\"PropertyValueSpecification\",\"valueRequired\":true,\"valueName\":\"search_term_string\"}}],\"inLanguage\":\"de\"},{\"@type\":\"Organization\",\"@id\":\"https:\\\/\\\/janeke1830.it\\\/#organization\",\"name\":\"J\u00e4neke 1830\",\"url\":\"https:\\\/\\\/janeke1830.it\\\/\",\"logo\":{\"@type\":\"ImageObject\",\"inLanguage\":\"de\",\"@id\":\"https:\\\/\\\/janeke1830.it\\\/#\\\/schema\\\/logo\\\/image\\\/\",\"url\":\"https:\\\/\\\/janeke1830.it\\\/wp-content\\\/uploads\\\/2025\\\/12\\\/logo-nero-janeke.png\",\"contentUrl\":\"https:\\\/\\\/janeke1830.it\\\/wp-content\\\/uploads\\\/2025\\\/12\\\/logo-nero-janeke.png\",\"width\":1824,\"height\":829,\"caption\":\"J\u00e4neke 1830\"},\"image\":{\"@id\":\"https:\\\/\\\/janeke1830.it\\\/#\\\/schema\\\/logo\\\/image\\\/\"},\"sameAs\":[\"https:\\\/\\\/www.facebook.com\\\/janeke1830\",\"https:\\\/\\\/www.instagram.com\\\/janeke1830official\",\"https:\\\/\\\/www.linkedin.com\\\/company\\\/giorgio-janeke-s-r-l-\\\/\"]}]}<\/script>\n<!-- \/ Yoast SEO plugin. -->","yoast_head_json":{"title":"Druckluftb\u00fcrste mit J\u00e4neke-Borsten - Nat\u00fcrliche Weichheit","description":"Bringen Sie Ihr Haar mit der J\u00e4neke Pneumatischen Naturborstenb\u00fcrste zum Strahlen. Verteilt den Talg f\u00fcr gesundes Haar. Bestellen Sie sie jetzt!","robots":{"index":"index","follow":"follow","max-snippet":"max-snippet:-1","max-image-preview":"max-image-preview:large","max-video-preview":"max-video-preview:-1"},"canonical":"https:\/\/janeke1830.it\/de\/prodotto\/pneumatische-buerste-mit-borsten\/","og_locale":"de_DE","og_type":"article","og_title":"Druckluftb\u00fcrste mit J\u00e4neke-Borsten - Nat\u00fcrliche Weichheit","og_description":"Bringen Sie Ihr Haar mit der J\u00e4neke Pneumatischen Naturborstenb\u00fcrste zum Strahlen. Verteilt den Talg f\u00fcr gesundes Haar. Bestellen Sie sie jetzt!","og_url":"https:\/\/janeke1830.it\/de\/prodotto\/pneumatische-buerste-mit-borsten\/","og_site_name":"J\u00e4neke","article_publisher":"https:\/\/www.facebook.com\/janeke1830","article_modified_time":"2026-02-05T15:04:26+00:00","og_image":[{"width":1024,"height":1024,"url":"https:\/\/janeke1830.it\/wp-content\/uploads\/2025\/12\/AUSP22SF.png","type":"image\/png"}],"twitter_card":"summary_large_image","schema":{"@context":"https:\/\/schema.org","@graph":[{"@type":"WebPage","@id":"https:\/\/janeke1830.it\/de\/prodotto\/pneumatische-buerste-mit-borsten\/","url":"https:\/\/janeke1830.it\/de\/prodotto\/pneumatische-buerste-mit-borsten\/","name":"Druckluftb\u00fcrste mit J\u00e4neke-Borsten - Nat\u00fcrliche Weichheit","isPartOf":{"@id":"https:\/\/janeke1830.it\/#website"},"primaryImageOfPage":{"@id":"https:\/\/janeke1830.it\/de\/prodotto\/pneumatische-buerste-mit-borsten\/#primaryimage"},"image":{"@id":"https:\/\/janeke1830.it\/de\/prodotto\/pneumatische-buerste-mit-borsten\/#primaryimage"},"thumbnailUrl":"https:\/\/janeke1830.it\/wp-content\/uploads\/2025\/12\/spazzola-pneumatica-oro-ausp22sf.png","datePublished":"2026-01-10T13:44:53+00:00","dateModified":"2026-02-05T15:04:26+00:00","description":"Bringen Sie Ihr Haar mit der J\u00e4neke Pneumatischen Naturborstenb\u00fcrste zum Strahlen. Verteilt den Talg f\u00fcr gesundes Haar. Bestellen Sie sie jetzt!","breadcrumb":{"@id":"https:\/\/janeke1830.it\/de\/prodotto\/pneumatische-buerste-mit-borsten\/#breadcrumb"},"inLanguage":"de","potentialAction":[{"@type":"ReadAction","target":["https:\/\/janeke1830.it\/de\/prodotto\/pneumatische-buerste-mit-borsten\/"]}]},{"@type":"ImageObject","inLanguage":"de","@id":"https:\/\/janeke1830.it\/de\/prodotto\/pneumatische-buerste-mit-borsten\/#primaryimage","url":"https:\/\/janeke1830.it\/wp-content\/uploads\/2025\/12\/spazzola-pneumatica-oro-ausp22sf.png","contentUrl":"https:\/\/janeke1830.it\/wp-content\/uploads\/2025\/12\/spazzola-pneumatica-oro-ausp22sf.png","width":1024,"height":1024,"caption":"Spazzola pneumatica setole oro classica per volume e lucentezza"},{"@type":"BreadcrumbList","@id":"https:\/\/janeke1830.it\/de\/prodotto\/pneumatische-buerste-mit-borsten\/#breadcrumb","itemListElement":[{"@type":"ListItem","position":1,"name":"Home","item":"https:\/\/janeke1830.it\/de\/startseite\/"},{"@type":"ListItem","position":2,"name":"Shop","item":"https:\/\/janeke1830.it\/de\/shop\/"},{"@type":"ListItem","position":3,"name":"Pneumatische B\u00fcrste mit Borsten"}]},{"@type":"WebSite","@id":"https:\/\/janeke1830.it\/#website","url":"https:\/\/janeke1830.it\/","name":"J\u00e4neke 1830","description":"","publisher":{"@id":"https:\/\/janeke1830.it\/#organization"},"potentialAction":[{"@type":"SearchAction","target":{"@type":"EntryPoint","urlTemplate":"https:\/\/janeke1830.it\/?s={search_term_string}"},"query-input":{"@type":"PropertyValueSpecification","valueRequired":true,"valueName":"search_term_string"}}],"inLanguage":"de"},{"@type":"Organization","@id":"https:\/\/janeke1830.it\/#organization","name":"J\u00e4neke 1830","url":"https:\/\/janeke1830.it\/","logo":{"@type":"ImageObject","inLanguage":"de","@id":"https:\/\/janeke1830.it\/#\/schema\/logo\/image\/","url":"https:\/\/janeke1830.it\/wp-content\/uploads\/2025\/12\/logo-nero-janeke.png","contentUrl":"https:\/\/janeke1830.it\/wp-content\/uploads\/2025\/12\/logo-nero-janeke.png","width":1824,"height":829,"caption":"J\u00e4neke 1830"},"image":{"@id":"https:\/\/janeke1830.it\/#\/schema\/logo\/image\/"},"sameAs":["https:\/\/www.facebook.com\/janeke1830","https:\/\/www.instagram.com\/janeke1830official","https:\/\/www.linkedin.com\/company\/giorgio-janeke-s-r-l-\/"]}]}},"_links":{"self":[{"href":"https:\/\/janeke1830.it\/de\/wp-json\/wp\/v2\/product\/9297","targetHints":{"allow":["GET"]}}],"collection":[{"href":"https:\/\/janeke1830.it\/de\/wp-json\/wp\/v2\/product"}],"about":[{"href":"https:\/\/janeke1830.it\/de\/wp-json\/wp\/v2\/types\/product"}],"replies":[{"embeddable":true,"href":"https:\/\/janeke1830.it\/de\/wp-json\/wp\/v2\/comments?post=9297"}],"wp:featuredmedia":[{"embeddable":true,"href":"https:\/\/janeke1830.it\/de\/wp-json\/wp\/v2\/media\/757"}],"wp:attachment":[{"href":"https:\/\/janeke1830.it\/de\/wp-json\/wp\/v2\/media?parent=9297"}],"wp:term":[{"taxonomy":"product_brand","embeddable":true,"href":"https:\/\/janeke1830.it\/de\/wp-json\/wp\/v2\/product_brand?post=9297"},{"taxonomy":"product_cat","embeddable":true,"href":"https:\/\/janeke1830.it\/de\/wp-json\/wp\/v2\/product_cat?post=9297"},{"taxonomy":"product_tag","embeddable":true,"href":"https:\/\/janeke1830.it\/de\/wp-json\/wp\/v2\/product_tag?post=9297"}],"curies":[{"name":"wp","href":"https:\/\/api.w.org\/{rel}","templated":true}]}}