{"id":9261,"date":"2025-12-02T09:48:30","date_gmt":"2025-12-02T08:48:30","guid":{"rendered":"https:\/\/janeke1830.it\/prodotto\/kurzer-theetkamm-schwarz\/"},"modified":"2026-03-03T11:47:10","modified_gmt":"2026-03-03T10:47:10","slug":"kurzer-theetkamm-schwarz","status":"publish","type":"product","link":"https:\/\/janeke1830.it\/de\/prodotto\/kurzer-theetkamm-schwarz\/","title":{"rendered":"Kurzer Theetkamm schwarz"},"content":{"rendered":"","protected":false},"excerpt":{"rendered":"<p><em>19 cm<\/em><\/p>\n<p>Professioneller Kamm f\u00fcr M\u00e4nner zur Behandlung von Koteletten, Schnurrb\u00e4rten und B\u00e4rten. Verschiedene Zahnh\u00f6hen erm\u00f6glichen die Bearbeitung unterschiedlicher Haarl\u00e4ngen. <\/p>\n","protected":false},"featured_media":9263,"comment_status":"closed","ping_status":"closed","template":"","meta":[],"product_brand":[1028],"product_cat":[1029],"product_tag":[1030,1031],"class_list":{"0":"post-9261","1":"product","2":"type-product","3":"status-publish","4":"has-post-thumbnail","6":"product_brand-professional","7":"product_cat-kamme","8":"product_tag-profi-kamme","9":"product_tag-schwarz","11":"first","12":"instock","13":"shipping-taxable","14":"purchasable","15":"product-type-simple"},"yoast_head":"<!-- This site is optimized with the Yoast SEO plugin v27.1.1 - https:\/\/yoast.com\/product\/yoast-seo-wordpress\/ -->\n<title>Kurzzahnkamm Schwarz J\u00e4neke - Bart- und Schnurrbartkamm<\/title>\n<meta name=\"description\" content=\"Definieren Sie B\u00e4rte und Koteletten mit Pr\u00e4zision mit dem schwarzen J\u00e4neke Kurzzahnkamm. Doppelt hohe Z\u00e4hne f\u00fcr jeden Stil. Kaufen Sie ihn jetzt!\" \/>\n<meta name=\"robots\" content=\"index, follow, max-snippet:-1, max-image-preview:large, max-video-preview:-1\" \/>\n<link rel=\"canonical\" href=\"https:\/\/janeke1830.it\/de\/prodotto\/kurzer-theetkamm-schwarz\/\" \/>\n<meta property=\"og:locale\" content=\"de_DE\" \/>\n<meta property=\"og:type\" content=\"article\" \/>\n<meta property=\"og:title\" content=\"Kurzzahnkamm Schwarz J\u00e4neke - Bart- und Schnurrbartkamm\" \/>\n<meta property=\"og:description\" content=\"Definieren Sie B\u00e4rte und Koteletten mit Pr\u00e4zision mit dem schwarzen J\u00e4neke Kurzzahnkamm. Doppelt hohe Z\u00e4hne f\u00fcr jeden Stil. Kaufen Sie ihn jetzt!\" \/>\n<meta property=\"og:url\" content=\"https:\/\/janeke1830.it\/de\/prodotto\/kurzer-theetkamm-schwarz\/\" \/>\n<meta property=\"og:site_name\" content=\"J\u00e4neke\" \/>\n<meta property=\"article:publisher\" content=\"https:\/\/www.facebook.com\/janeke1830\" \/>\n<meta property=\"article:modified_time\" content=\"2026-03-03T10:47:10+00:00\" \/>\n<meta property=\"og:image\" content=\"https:\/\/janeke1830.it\/wp-content\/uploads\/2026\/01\/57807.png\" \/>\n\t<meta property=\"og:image:width\" content=\"1024\" \/>\n\t<meta property=\"og:image:height\" content=\"1024\" \/>\n\t<meta property=\"og:image:type\" content=\"image\/png\" \/>\n<meta name=\"twitter:card\" content=\"summary_large_image\" \/>\n<script type=\"application\/ld+json\" class=\"yoast-schema-graph\">{\"@context\":\"https:\/\/schema.org\",\"@graph\":[{\"@type\":\"WebPage\",\"@id\":\"https:\/\/janeke1830.it\/de\/prodotto\/kurzer-theetkamm-schwarz\/\",\"url\":\"https:\/\/janeke1830.it\/de\/prodotto\/kurzer-theetkamm-schwarz\/\",\"name\":\"Kurzzahnkamm Schwarz J\u00e4neke - Bart- und Schnurrbartkamm\",\"isPartOf\":{\"@id\":\"https:\/\/janeke1830.it\/#website\"},\"primaryImageOfPage\":{\"@id\":\"https:\/\/janeke1830.it\/de\/prodotto\/kurzer-theetkamm-schwarz\/#primaryimage\"},\"image\":{\"@id\":\"https:\/\/janeke1830.it\/de\/prodotto\/kurzer-theetkamm-schwarz\/#primaryimage\"},\"thumbnailUrl\":\"https:\/\/janeke1830.it\/wp-content\/uploads\/2026\/01\/short-theet-comb-nero-57807.png\",\"datePublished\":\"2025-12-02T08:48:30+00:00\",\"dateModified\":\"2026-03-03T10:47:10+00:00\",\"description\":\"Definieren Sie B\u00e4rte und Koteletten mit Pr\u00e4zision mit dem schwarzen J\u00e4neke Kurzzahnkamm. Doppelt hohe Z\u00e4hne f\u00fcr jeden Stil. Kaufen Sie ihn jetzt!\",\"breadcrumb\":{\"@id\":\"https:\/\/janeke1830.it\/de\/prodotto\/kurzer-theetkamm-schwarz\/#breadcrumb\"},\"inLanguage\":\"de\",\"potentialAction\":[{\"@type\":\"ReadAction\",\"target\":[\"https:\/\/janeke1830.it\/de\/prodotto\/kurzer-theetkamm-schwarz\/\"]}]},{\"@type\":\"ImageObject\",\"inLanguage\":\"de\",\"@id\":\"https:\/\/janeke1830.it\/de\/prodotto\/kurzer-theetkamm-schwarz\/#primaryimage\",\"url\":\"https:\/\/janeke1830.it\/wp-content\/uploads\/2026\/01\/short-theet-comb-nero-57807.png\",\"contentUrl\":\"https:\/\/janeke1830.it\/wp-content\/uploads\/2026\/01\/short-theet-comb-nero-57807.png\",\"width\":1024,\"height\":1024,\"caption\":\"Short teeth comb nero J\u00e4neke per basette baffi e barba uomo\"},{\"@type\":\"BreadcrumbList\",\"@id\":\"https:\/\/janeke1830.it\/de\/prodotto\/kurzer-theetkamm-schwarz\/#breadcrumb\",\"itemListElement\":[{\"@type\":\"ListItem\",\"position\":1,\"name\":\"Home\",\"item\":\"https:\/\/janeke1830.it\/de\/startseite\/\"},{\"@type\":\"ListItem\",\"position\":2,\"name\":\"Shop\",\"item\":\"https:\/\/janeke1830.it\/de\/shop\/\"},{\"@type\":\"ListItem\",\"position\":3,\"name\":\"Kurzer Theetkamm schwarz\"}]},{\"@type\":\"WebSite\",\"@id\":\"https:\/\/janeke1830.it\/#website\",\"url\":\"https:\/\/janeke1830.it\/\",\"name\":\"J\u00e4neke 1830\",\"description\":\"\",\"publisher\":{\"@id\":\"https:\/\/janeke1830.it\/#organization\"},\"potentialAction\":[{\"@type\":\"SearchAction\",\"target\":{\"@type\":\"EntryPoint\",\"urlTemplate\":\"https:\/\/janeke1830.it\/?s={search_term_string}\"},\"query-input\":{\"@type\":\"PropertyValueSpecification\",\"valueRequired\":true,\"valueName\":\"search_term_string\"}}],\"inLanguage\":\"de\"},{\"@type\":\"Organization\",\"@id\":\"https:\/\/janeke1830.it\/#organization\",\"name\":\"J\u00e4neke 1830\",\"url\":\"https:\/\/janeke1830.it\/\",\"logo\":{\"@type\":\"ImageObject\",\"inLanguage\":\"de\",\"@id\":\"https:\/\/janeke1830.it\/#\/schema\/logo\/image\/\",\"url\":\"https:\/\/janeke1830.it\/wp-content\/uploads\/2025\/12\/logo-nero-janeke.png\",\"contentUrl\":\"https:\/\/janeke1830.it\/wp-content\/uploads\/2025\/12\/logo-nero-janeke.png\",\"width\":1824,\"height\":829,\"caption\":\"J\u00e4neke 1830\"},\"image\":{\"@id\":\"https:\/\/janeke1830.it\/#\/schema\/logo\/image\/\"},\"sameAs\":[\"https:\/\/www.facebook.com\/janeke1830\",\"https:\/\/www.instagram.com\/janeke1830official\",\"https:\/\/www.linkedin.com\/company\/giorgio-janeke-s-r-l-\/\"]}]}<\/script>\n<!-- \/ Yoast SEO plugin. -->","yoast_head_json":{"title":"Kurzzahnkamm Schwarz J\u00e4neke - Bart- und Schnurrbartkamm","description":"Definieren Sie B\u00e4rte und Koteletten mit Pr\u00e4zision mit dem schwarzen J\u00e4neke Kurzzahnkamm. Doppelt hohe Z\u00e4hne f\u00fcr jeden Stil. Kaufen Sie ihn jetzt!","robots":{"index":"index","follow":"follow","max-snippet":"max-snippet:-1","max-image-preview":"max-image-preview:large","max-video-preview":"max-video-preview:-1"},"canonical":"https:\/\/janeke1830.it\/de\/prodotto\/kurzer-theetkamm-schwarz\/","og_locale":"de_DE","og_type":"article","og_title":"Kurzzahnkamm Schwarz J\u00e4neke - Bart- und Schnurrbartkamm","og_description":"Definieren Sie B\u00e4rte und Koteletten mit Pr\u00e4zision mit dem schwarzen J\u00e4neke Kurzzahnkamm. Doppelt hohe Z\u00e4hne f\u00fcr jeden Stil. Kaufen Sie ihn jetzt!","og_url":"https:\/\/janeke1830.it\/de\/prodotto\/kurzer-theetkamm-schwarz\/","og_site_name":"J\u00e4neke","article_publisher":"https:\/\/www.facebook.com\/janeke1830","article_modified_time":"2026-03-03T10:47:10+00:00","og_image":[{"width":1024,"height":1024,"url":"https:\/\/janeke1830.it\/wp-content\/uploads\/2026\/01\/57807.png","type":"image\/png"}],"twitter_card":"summary_large_image","schema":{"@context":"https:\/\/schema.org","@graph":[{"@type":"WebPage","@id":"https:\/\/janeke1830.it\/de\/prodotto\/kurzer-theetkamm-schwarz\/","url":"https:\/\/janeke1830.it\/de\/prodotto\/kurzer-theetkamm-schwarz\/","name":"Kurzzahnkamm Schwarz J\u00e4neke - Bart- und Schnurrbartkamm","isPartOf":{"@id":"https:\/\/janeke1830.it\/#website"},"primaryImageOfPage":{"@id":"https:\/\/janeke1830.it\/de\/prodotto\/kurzer-theetkamm-schwarz\/#primaryimage"},"image":{"@id":"https:\/\/janeke1830.it\/de\/prodotto\/kurzer-theetkamm-schwarz\/#primaryimage"},"thumbnailUrl":"https:\/\/janeke1830.it\/wp-content\/uploads\/2026\/01\/short-theet-comb-nero-57807.png","datePublished":"2025-12-02T08:48:30+00:00","dateModified":"2026-03-03T10:47:10+00:00","description":"Definieren Sie B\u00e4rte und Koteletten mit Pr\u00e4zision mit dem schwarzen J\u00e4neke Kurzzahnkamm. Doppelt hohe Z\u00e4hne f\u00fcr jeden Stil. Kaufen Sie ihn jetzt!","breadcrumb":{"@id":"https:\/\/janeke1830.it\/de\/prodotto\/kurzer-theetkamm-schwarz\/#breadcrumb"},"inLanguage":"de","potentialAction":[{"@type":"ReadAction","target":["https:\/\/janeke1830.it\/de\/prodotto\/kurzer-theetkamm-schwarz\/"]}]},{"@type":"ImageObject","inLanguage":"de","@id":"https:\/\/janeke1830.it\/de\/prodotto\/kurzer-theetkamm-schwarz\/#primaryimage","url":"https:\/\/janeke1830.it\/wp-content\/uploads\/2026\/01\/short-theet-comb-nero-57807.png","contentUrl":"https:\/\/janeke1830.it\/wp-content\/uploads\/2026\/01\/short-theet-comb-nero-57807.png","width":1024,"height":1024,"caption":"Short teeth comb nero J\u00e4neke per basette baffi e barba uomo"},{"@type":"BreadcrumbList","@id":"https:\/\/janeke1830.it\/de\/prodotto\/kurzer-theetkamm-schwarz\/#breadcrumb","itemListElement":[{"@type":"ListItem","position":1,"name":"Home","item":"https:\/\/janeke1830.it\/de\/startseite\/"},{"@type":"ListItem","position":2,"name":"Shop","item":"https:\/\/janeke1830.it\/de\/shop\/"},{"@type":"ListItem","position":3,"name":"Kurzer Theetkamm schwarz"}]},{"@type":"WebSite","@id":"https:\/\/janeke1830.it\/#website","url":"https:\/\/janeke1830.it\/","name":"J\u00e4neke 1830","description":"","publisher":{"@id":"https:\/\/janeke1830.it\/#organization"},"potentialAction":[{"@type":"SearchAction","target":{"@type":"EntryPoint","urlTemplate":"https:\/\/janeke1830.it\/?s={search_term_string}"},"query-input":{"@type":"PropertyValueSpecification","valueRequired":true,"valueName":"search_term_string"}}],"inLanguage":"de"},{"@type":"Organization","@id":"https:\/\/janeke1830.it\/#organization","name":"J\u00e4neke 1830","url":"https:\/\/janeke1830.it\/","logo":{"@type":"ImageObject","inLanguage":"de","@id":"https:\/\/janeke1830.it\/#\/schema\/logo\/image\/","url":"https:\/\/janeke1830.it\/wp-content\/uploads\/2025\/12\/logo-nero-janeke.png","contentUrl":"https:\/\/janeke1830.it\/wp-content\/uploads\/2025\/12\/logo-nero-janeke.png","width":1824,"height":829,"caption":"J\u00e4neke 1830"},"image":{"@id":"https:\/\/janeke1830.it\/#\/schema\/logo\/image\/"},"sameAs":["https:\/\/www.facebook.com\/janeke1830","https:\/\/www.instagram.com\/janeke1830official","https:\/\/www.linkedin.com\/company\/giorgio-janeke-s-r-l-\/"]}]}},"_links":{"self":[{"href":"https:\/\/janeke1830.it\/de\/wp-json\/wp\/v2\/product\/9261","targetHints":{"allow":["GET"]}}],"collection":[{"href":"https:\/\/janeke1830.it\/de\/wp-json\/wp\/v2\/product"}],"about":[{"href":"https:\/\/janeke1830.it\/de\/wp-json\/wp\/v2\/types\/product"}],"replies":[{"embeddable":true,"href":"https:\/\/janeke1830.it\/de\/wp-json\/wp\/v2\/comments?post=9261"}],"wp:featuredmedia":[{"embeddable":true,"href":"https:\/\/janeke1830.it\/de\/wp-json\/wp\/v2\/media\/9263"}],"wp:attachment":[{"href":"https:\/\/janeke1830.it\/de\/wp-json\/wp\/v2\/media?parent=9261"}],"wp:term":[{"taxonomy":"product_brand","embeddable":true,"href":"https:\/\/janeke1830.it\/de\/wp-json\/wp\/v2\/product_brand?post=9261"},{"taxonomy":"product_cat","embeddable":true,"href":"https:\/\/janeke1830.it\/de\/wp-json\/wp\/v2\/product_cat?post=9261"},{"taxonomy":"product_tag","embeddable":true,"href":"https:\/\/janeke1830.it\/de\/wp-json\/wp\/v2\/product_tag?post=9261"}],"curies":[{"name":"wp","href":"https:\/\/api.w.org\/{rel}","templated":true}]}}