{"id":9215,"date":"2026-01-03T12:06:26","date_gmt":"2026-01-03T11:06:26","guid":{"rendered":"https:\/\/janeke1830.it\/prodotto\/runder-schminkspiegel-mit-staender\/"},"modified":"2026-02-05T15:49:23","modified_gmt":"2026-02-05T14:49:23","slug":"runder-schminkspiegel-mit-staender","status":"publish","type":"product","link":"https:\/\/janeke1830.it\/de\/prodotto\/runder-schminkspiegel-mit-staender\/","title":{"rendered":"Runder Schminkspiegel mit St\u00e4nder"},"content":{"rendered":"","protected":false},"excerpt":{"rendered":"<p>Der <strong>runde Kosmetikspiegel mit Standfu\u00df<\/strong> von <strong>Janeke<\/strong> <strong>mit einem Durchmesser von 170 mm<\/strong> vereint Funktionalit\u00e4t und Stil und bietet eine klare und detaillierte Ansicht f\u00fcr Make-up und Gesichtspflege. Dank des stabilen St\u00e4nders l\u00e4sst er sich leicht auf jeder Oberfl\u00e4che aufstellen und ist somit bequem und funktionell. Er ist aus hochwertigen Materialien gefertigt und vereint Eleganz, St\u00e4rke und Pr\u00e4zision, wodurch die Zuverl\u00e4ssigkeit und das unverwechselbare Design von Janeke gew\u00e4hrleistet werden.  <\/p>\n","protected":false},"featured_media":843,"comment_status":"closed","ping_status":"closed","template":"","meta":[],"product_brand":[1021],"product_cat":[1022],"product_tag":[1023],"class_list":{"0":"post-9215","1":"product","2":"type-product","3":"status-publish","4":"has-post-thumbnail","6":"product_brand-luxury","7":"product_cat-spiegel","8":"product_tag-spiegel","10":"first","11":"instock","12":"shipping-taxable","13":"purchasable","14":"product-type-variable","15":"has-default-attributes","16":"wvs-archive-product-wrapper"},"yoast_head":"<!-- This site is optimized with the Yoast SEO plugin v27.1.1 - https:\/\/yoast.com\/product\/yoast-seo-wordpress\/ -->\n<title>Runder Toilettenspiegel mit St\u00e4nder - J\u00e4neke 1830<\/title>\n<meta name=\"description\" content=\"Kombinieren Sie Stabilit\u00e4t und Eleganz in Ihrem Sch\u00f6nheitsritual mit dem J\u00e4neke Runder Toilettenspiegel mit St\u00e4nder. Entdecken Sie ihn online!\" \/>\n<meta name=\"robots\" content=\"index, follow, max-snippet:-1, max-image-preview:large, max-video-preview:-1\" \/>\n<link rel=\"canonical\" href=\"https:\/\/janeke1830.it\/de\/prodotto\/runder-schminkspiegel-mit-staender\/\" \/>\n<meta property=\"og:locale\" content=\"de_DE\" \/>\n<meta property=\"og:type\" content=\"article\" \/>\n<meta property=\"og:title\" content=\"Runder Toilettenspiegel mit St\u00e4nder - J\u00e4neke 1830\" \/>\n<meta property=\"og:description\" content=\"Kombinieren Sie Stabilit\u00e4t und Eleganz in Ihrem Sch\u00f6nheitsritual mit dem J\u00e4neke Runder Toilettenspiegel mit St\u00e4nder. Entdecken Sie ihn online!\" \/>\n<meta property=\"og:url\" content=\"https:\/\/janeke1830.it\/de\/prodotto\/runder-schminkspiegel-mit-staender\/\" \/>\n<meta property=\"og:site_name\" content=\"J\u00e4neke\" \/>\n<meta property=\"article:publisher\" content=\"https:\/\/www.facebook.com\/janeke1830\" \/>\n<meta property=\"article:modified_time\" content=\"2026-02-05T14:49:23+00:00\" \/>\n<meta property=\"og:image\" content=\"https:\/\/janeke1830.it\/wp-content\/uploads\/2026\/01\/AU447.3SU.png\" \/>\n\t<meta property=\"og:image:width\" content=\"1024\" \/>\n\t<meta property=\"og:image:height\" content=\"1024\" \/>\n\t<meta property=\"og:image:type\" content=\"image\/png\" \/>\n<meta name=\"twitter:card\" content=\"summary_large_image\" \/>\n<script type=\"application\/ld+json\" class=\"yoast-schema-graph\">{\"@context\":\"https:\/\/schema.org\",\"@graph\":[{\"@type\":\"WebPage\",\"@id\":\"https:\/\/janeke1830.it\/de\/prodotto\/runder-schminkspiegel-mit-staender\/\",\"url\":\"https:\/\/janeke1830.it\/de\/prodotto\/runder-schminkspiegel-mit-staender\/\",\"name\":\"Runder Toilettenspiegel mit St\u00e4nder - J\u00e4neke 1830\",\"isPartOf\":{\"@id\":\"https:\/\/janeke1830.it\/#website\"},\"primaryImageOfPage\":{\"@id\":\"https:\/\/janeke1830.it\/de\/prodotto\/runder-schminkspiegel-mit-staender\/#primaryimage\"},\"image\":{\"@id\":\"https:\/\/janeke1830.it\/de\/prodotto\/runder-schminkspiegel-mit-staender\/#primaryimage\"},\"thumbnailUrl\":\"https:\/\/janeke1830.it\/wp-content\/uploads\/2026\/01\/specchio-toeletta-supporto-oro-au447.3su.png\",\"datePublished\":\"2026-01-03T11:06:26+00:00\",\"dateModified\":\"2026-02-05T14:49:23+00:00\",\"description\":\"Kombinieren Sie Stabilit\u00e4t und Eleganz in Ihrem Sch\u00f6nheitsritual mit dem J\u00e4neke Runder Toilettenspiegel mit St\u00e4nder. Entdecken Sie ihn online!\",\"breadcrumb\":{\"@id\":\"https:\/\/janeke1830.it\/de\/prodotto\/runder-schminkspiegel-mit-staender\/#breadcrumb\"},\"inLanguage\":\"de\",\"potentialAction\":[{\"@type\":\"ReadAction\",\"target\":[\"https:\/\/janeke1830.it\/de\/prodotto\/runder-schminkspiegel-mit-staender\/\"]}]},{\"@type\":\"ImageObject\",\"inLanguage\":\"de\",\"@id\":\"https:\/\/janeke1830.it\/de\/prodotto\/runder-schminkspiegel-mit-staender\/#primaryimage\",\"url\":\"https:\/\/janeke1830.it\/wp-content\/uploads\/2026\/01\/specchio-toeletta-supporto-oro-au447.3su.png\",\"contentUrl\":\"https:\/\/janeke1830.it\/wp-content\/uploads\/2026\/01\/specchio-toeletta-supporto-oro-au447.3su.png\",\"width\":1024,\"height\":1024,\"caption\":\"Specchio toeletta rotondo 170mm J\u00e4neke oro pratico per trucco dettagliato\"},{\"@type\":\"BreadcrumbList\",\"@id\":\"https:\/\/janeke1830.it\/de\/prodotto\/runder-schminkspiegel-mit-staender\/#breadcrumb\",\"itemListElement\":[{\"@type\":\"ListItem\",\"position\":1,\"name\":\"Home\",\"item\":\"https:\/\/janeke1830.it\/de\/startseite\/\"},{\"@type\":\"ListItem\",\"position\":2,\"name\":\"Shop\",\"item\":\"https:\/\/janeke1830.it\/de\/shop\/\"},{\"@type\":\"ListItem\",\"position\":3,\"name\":\"Runder Schminkspiegel mit St\u00e4nder\"}]},{\"@type\":\"WebSite\",\"@id\":\"https:\/\/janeke1830.it\/#website\",\"url\":\"https:\/\/janeke1830.it\/\",\"name\":\"J\u00e4neke 1830\",\"description\":\"\",\"publisher\":{\"@id\":\"https:\/\/janeke1830.it\/#organization\"},\"potentialAction\":[{\"@type\":\"SearchAction\",\"target\":{\"@type\":\"EntryPoint\",\"urlTemplate\":\"https:\/\/janeke1830.it\/?s={search_term_string}\"},\"query-input\":{\"@type\":\"PropertyValueSpecification\",\"valueRequired\":true,\"valueName\":\"search_term_string\"}}],\"inLanguage\":\"de\"},{\"@type\":\"Organization\",\"@id\":\"https:\/\/janeke1830.it\/#organization\",\"name\":\"J\u00e4neke 1830\",\"url\":\"https:\/\/janeke1830.it\/\",\"logo\":{\"@type\":\"ImageObject\",\"inLanguage\":\"de\",\"@id\":\"https:\/\/janeke1830.it\/#\/schema\/logo\/image\/\",\"url\":\"https:\/\/janeke1830.it\/wp-content\/uploads\/2025\/12\/logo-nero-janeke.png\",\"contentUrl\":\"https:\/\/janeke1830.it\/wp-content\/uploads\/2025\/12\/logo-nero-janeke.png\",\"width\":1824,\"height\":829,\"caption\":\"J\u00e4neke 1830\"},\"image\":{\"@id\":\"https:\/\/janeke1830.it\/#\/schema\/logo\/image\/\"},\"sameAs\":[\"https:\/\/www.facebook.com\/janeke1830\",\"https:\/\/www.instagram.com\/janeke1830official\",\"https:\/\/www.linkedin.com\/company\/giorgio-janeke-s-r-l-\/\"]}]}<\/script>\n<!-- \/ Yoast SEO plugin. -->","yoast_head_json":{"title":"Runder Toilettenspiegel mit St\u00e4nder - J\u00e4neke 1830","description":"Kombinieren Sie Stabilit\u00e4t und Eleganz in Ihrem Sch\u00f6nheitsritual mit dem J\u00e4neke Runder Toilettenspiegel mit St\u00e4nder. Entdecken Sie ihn online!","robots":{"index":"index","follow":"follow","max-snippet":"max-snippet:-1","max-image-preview":"max-image-preview:large","max-video-preview":"max-video-preview:-1"},"canonical":"https:\/\/janeke1830.it\/de\/prodotto\/runder-schminkspiegel-mit-staender\/","og_locale":"de_DE","og_type":"article","og_title":"Runder Toilettenspiegel mit St\u00e4nder - J\u00e4neke 1830","og_description":"Kombinieren Sie Stabilit\u00e4t und Eleganz in Ihrem Sch\u00f6nheitsritual mit dem J\u00e4neke Runder Toilettenspiegel mit St\u00e4nder. Entdecken Sie ihn online!","og_url":"https:\/\/janeke1830.it\/de\/prodotto\/runder-schminkspiegel-mit-staender\/","og_site_name":"J\u00e4neke","article_publisher":"https:\/\/www.facebook.com\/janeke1830","article_modified_time":"2026-02-05T14:49:23+00:00","og_image":[{"width":1024,"height":1024,"url":"https:\/\/janeke1830.it\/wp-content\/uploads\/2026\/01\/AU447.3SU.png","type":"image\/png"}],"twitter_card":"summary_large_image","schema":{"@context":"https:\/\/schema.org","@graph":[{"@type":"WebPage","@id":"https:\/\/janeke1830.it\/de\/prodotto\/runder-schminkspiegel-mit-staender\/","url":"https:\/\/janeke1830.it\/de\/prodotto\/runder-schminkspiegel-mit-staender\/","name":"Runder Toilettenspiegel mit St\u00e4nder - J\u00e4neke 1830","isPartOf":{"@id":"https:\/\/janeke1830.it\/#website"},"primaryImageOfPage":{"@id":"https:\/\/janeke1830.it\/de\/prodotto\/runder-schminkspiegel-mit-staender\/#primaryimage"},"image":{"@id":"https:\/\/janeke1830.it\/de\/prodotto\/runder-schminkspiegel-mit-staender\/#primaryimage"},"thumbnailUrl":"https:\/\/janeke1830.it\/wp-content\/uploads\/2026\/01\/specchio-toeletta-supporto-oro-au447.3su.png","datePublished":"2026-01-03T11:06:26+00:00","dateModified":"2026-02-05T14:49:23+00:00","description":"Kombinieren Sie Stabilit\u00e4t und Eleganz in Ihrem Sch\u00f6nheitsritual mit dem J\u00e4neke Runder Toilettenspiegel mit St\u00e4nder. Entdecken Sie ihn online!","breadcrumb":{"@id":"https:\/\/janeke1830.it\/de\/prodotto\/runder-schminkspiegel-mit-staender\/#breadcrumb"},"inLanguage":"de","potentialAction":[{"@type":"ReadAction","target":["https:\/\/janeke1830.it\/de\/prodotto\/runder-schminkspiegel-mit-staender\/"]}]},{"@type":"ImageObject","inLanguage":"de","@id":"https:\/\/janeke1830.it\/de\/prodotto\/runder-schminkspiegel-mit-staender\/#primaryimage","url":"https:\/\/janeke1830.it\/wp-content\/uploads\/2026\/01\/specchio-toeletta-supporto-oro-au447.3su.png","contentUrl":"https:\/\/janeke1830.it\/wp-content\/uploads\/2026\/01\/specchio-toeletta-supporto-oro-au447.3su.png","width":1024,"height":1024,"caption":"Specchio toeletta rotondo 170mm J\u00e4neke oro pratico per trucco dettagliato"},{"@type":"BreadcrumbList","@id":"https:\/\/janeke1830.it\/de\/prodotto\/runder-schminkspiegel-mit-staender\/#breadcrumb","itemListElement":[{"@type":"ListItem","position":1,"name":"Home","item":"https:\/\/janeke1830.it\/de\/startseite\/"},{"@type":"ListItem","position":2,"name":"Shop","item":"https:\/\/janeke1830.it\/de\/shop\/"},{"@type":"ListItem","position":3,"name":"Runder Schminkspiegel mit St\u00e4nder"}]},{"@type":"WebSite","@id":"https:\/\/janeke1830.it\/#website","url":"https:\/\/janeke1830.it\/","name":"J\u00e4neke 1830","description":"","publisher":{"@id":"https:\/\/janeke1830.it\/#organization"},"potentialAction":[{"@type":"SearchAction","target":{"@type":"EntryPoint","urlTemplate":"https:\/\/janeke1830.it\/?s={search_term_string}"},"query-input":{"@type":"PropertyValueSpecification","valueRequired":true,"valueName":"search_term_string"}}],"inLanguage":"de"},{"@type":"Organization","@id":"https:\/\/janeke1830.it\/#organization","name":"J\u00e4neke 1830","url":"https:\/\/janeke1830.it\/","logo":{"@type":"ImageObject","inLanguage":"de","@id":"https:\/\/janeke1830.it\/#\/schema\/logo\/image\/","url":"https:\/\/janeke1830.it\/wp-content\/uploads\/2025\/12\/logo-nero-janeke.png","contentUrl":"https:\/\/janeke1830.it\/wp-content\/uploads\/2025\/12\/logo-nero-janeke.png","width":1824,"height":829,"caption":"J\u00e4neke 1830"},"image":{"@id":"https:\/\/janeke1830.it\/#\/schema\/logo\/image\/"},"sameAs":["https:\/\/www.facebook.com\/janeke1830","https:\/\/www.instagram.com\/janeke1830official","https:\/\/www.linkedin.com\/company\/giorgio-janeke-s-r-l-\/"]}]}},"_links":{"self":[{"href":"https:\/\/janeke1830.it\/de\/wp-json\/wp\/v2\/product\/9215","targetHints":{"allow":["GET"]}}],"collection":[{"href":"https:\/\/janeke1830.it\/de\/wp-json\/wp\/v2\/product"}],"about":[{"href":"https:\/\/janeke1830.it\/de\/wp-json\/wp\/v2\/types\/product"}],"replies":[{"embeddable":true,"href":"https:\/\/janeke1830.it\/de\/wp-json\/wp\/v2\/comments?post=9215"}],"wp:featuredmedia":[{"embeddable":true,"href":"https:\/\/janeke1830.it\/de\/wp-json\/wp\/v2\/media\/843"}],"wp:attachment":[{"href":"https:\/\/janeke1830.it\/de\/wp-json\/wp\/v2\/media?parent=9215"}],"wp:term":[{"taxonomy":"product_brand","embeddable":true,"href":"https:\/\/janeke1830.it\/de\/wp-json\/wp\/v2\/product_brand?post=9215"},{"taxonomy":"product_cat","embeddable":true,"href":"https:\/\/janeke1830.it\/de\/wp-json\/wp\/v2\/product_cat?post=9215"},{"taxonomy":"product_tag","embeddable":true,"href":"https:\/\/janeke1830.it\/de\/wp-json\/wp\/v2\/product_tag?post=9215"}],"curies":[{"name":"wp","href":"https:\/\/api.w.org\/{rel}","templated":true}]}}