{"id":9205,"date":"2026-01-03T11:55:35","date_gmt":"2026-01-03T10:55:35","guid":{"rendered":"https:\/\/janeke1830.it\/prodotto\/runder-schminktisch-spiegel-diam-160\/"},"modified":"2026-02-05T15:49:04","modified_gmt":"2026-02-05T14:49:04","slug":"runder-schminktisch-spiegel-diam-160","status":"publish","type":"product","link":"https:\/\/janeke1830.it\/de\/prodotto\/runder-schminktisch-spiegel-diam-160\/","title":{"rendered":"Runder Schminktisch Spiegel diam. 160"},"content":{"rendered":"","protected":false},"excerpt":{"rendered":"<p>Der <strong>runde Schminkspiegel<\/strong> von <strong>Janeke<\/strong> mit einem Durchmesser <strong>von 160 mm<\/strong> bietet einen weiten und detaillierten Blick, ideal f\u00fcr Make-up und Gesichtspflege. Elegant und langlebig, passt er perfekt in jede Umgebung und garantiert Funktionalit\u00e4t und Stil. Er ist aus hochwertigen Materialien gefertigt und kombiniert Funktionalit\u00e4t mit raffiniertem Design, das die f\u00fcr Janeke typische Pr\u00e4zision und Zuverl\u00e4ssigkeit gew\u00e4hrleistet.  <\/p>\n","protected":false},"featured_media":827,"comment_status":"closed","ping_status":"closed","template":"","meta":[],"product_brand":[1021],"product_cat":[1022],"product_tag":[1023],"class_list":{"0":"post-9205","1":"product","2":"type-product","3":"status-publish","4":"has-post-thumbnail","6":"product_brand-luxury","7":"product_cat-spiegel","8":"product_tag-spiegel","10":"first","11":"instock","12":"shipping-taxable","13":"purchasable","14":"product-type-variable","15":"has-default-attributes","16":"wvs-archive-product-wrapper"},"yoast_head":"<!-- This site is optimized with the Yoast SEO plugin v27.1.1 - https:\/\/yoast.com\/product\/yoast-seo-wordpress\/ -->\n<title>Toilettenspiegel Rund Durchmesser 160 - J\u00e4neke 1830<\/title>\n<meta name=\"description\" content=\"Bringen Sie Eleganz in Ihr Sch\u00f6nheitsritual mit dem runden Frisiertischspiegel J\u00e4neke mit 160 Durchmesser. Ger\u00e4umig und raffiniert. Kaufen Sie ihn jetzt!\" \/>\n<meta name=\"robots\" content=\"index, follow, max-snippet:-1, max-image-preview:large, max-video-preview:-1\" \/>\n<link rel=\"canonical\" href=\"https:\/\/janeke1830.it\/de\/prodotto\/runder-schminktisch-spiegel-diam-160\/\" \/>\n<meta property=\"og:locale\" content=\"de_DE\" \/>\n<meta property=\"og:type\" content=\"article\" \/>\n<meta property=\"og:title\" content=\"Toilettenspiegel Rund Durchmesser 160 - J\u00e4neke 1830\" \/>\n<meta property=\"og:description\" content=\"Bringen Sie Eleganz in Ihr Sch\u00f6nheitsritual mit dem runden Frisiertischspiegel J\u00e4neke mit 160 Durchmesser. Ger\u00e4umig und raffiniert. Kaufen Sie ihn jetzt!\" \/>\n<meta property=\"og:url\" content=\"https:\/\/janeke1830.it\/de\/prodotto\/runder-schminktisch-spiegel-diam-160\/\" \/>\n<meta property=\"og:site_name\" content=\"J\u00e4neke\" \/>\n<meta property=\"article:publisher\" content=\"https:\/\/www.facebook.com\/janeke1830\" \/>\n<meta property=\"article:modified_time\" content=\"2026-02-05T14:49:04+00:00\" \/>\n<meta property=\"og:image\" content=\"https:\/\/janeke1830.it\/wp-content\/uploads\/2026\/01\/AU443.3.png\" \/>\n\t<meta property=\"og:image:width\" content=\"1024\" \/>\n\t<meta property=\"og:image:height\" content=\"1024\" \/>\n\t<meta property=\"og:image:type\" content=\"image\/png\" \/>\n<meta name=\"twitter:card\" content=\"summary_large_image\" \/>\n<script type=\"application\/ld+json\" class=\"yoast-schema-graph\">{\"@context\":\"https:\/\/schema.org\",\"@graph\":[{\"@type\":\"WebPage\",\"@id\":\"https:\/\/janeke1830.it\/de\/prodotto\/runder-schminktisch-spiegel-diam-160\/\",\"url\":\"https:\/\/janeke1830.it\/de\/prodotto\/runder-schminktisch-spiegel-diam-160\/\",\"name\":\"Toilettenspiegel Rund Durchmesser 160 - J\u00e4neke 1830\",\"isPartOf\":{\"@id\":\"https:\/\/janeke1830.it\/#website\"},\"primaryImageOfPage\":{\"@id\":\"https:\/\/janeke1830.it\/de\/prodotto\/runder-schminktisch-spiegel-diam-160\/#primaryimage\"},\"image\":{\"@id\":\"https:\/\/janeke1830.it\/de\/prodotto\/runder-schminktisch-spiegel-diam-160\/#primaryimage\"},\"thumbnailUrl\":\"https:\/\/janeke1830.it\/wp-content\/uploads\/2026\/01\/specchio-toeletta-rotondo-oro-au443.3.png\",\"datePublished\":\"2026-01-03T10:55:35+00:00\",\"dateModified\":\"2026-02-05T14:49:04+00:00\",\"description\":\"Bringen Sie Eleganz in Ihr Sch\u00f6nheitsritual mit dem runden Frisiertischspiegel J\u00e4neke mit 160 Durchmesser. Ger\u00e4umig und raffiniert. Kaufen Sie ihn jetzt!\",\"breadcrumb\":{\"@id\":\"https:\/\/janeke1830.it\/de\/prodotto\/runder-schminktisch-spiegel-diam-160\/#breadcrumb\"},\"inLanguage\":\"de\",\"potentialAction\":[{\"@type\":\"ReadAction\",\"target\":[\"https:\/\/janeke1830.it\/de\/prodotto\/runder-schminktisch-spiegel-diam-160\/\"]}]},{\"@type\":\"ImageObject\",\"inLanguage\":\"de\",\"@id\":\"https:\/\/janeke1830.it\/de\/prodotto\/runder-schminktisch-spiegel-diam-160\/#primaryimage\",\"url\":\"https:\/\/janeke1830.it\/wp-content\/uploads\/2026\/01\/specchio-toeletta-rotondo-oro-au443.3.png\",\"contentUrl\":\"https:\/\/janeke1830.it\/wp-content\/uploads\/2026\/01\/specchio-toeletta-rotondo-oro-au443.3.png\",\"width\":1024,\"height\":1024,\"caption\":\"Specchio toeletta rotondo 160mm J\u00e4neke oro con visione ampia per trucco\"},{\"@type\":\"BreadcrumbList\",\"@id\":\"https:\/\/janeke1830.it\/de\/prodotto\/runder-schminktisch-spiegel-diam-160\/#breadcrumb\",\"itemListElement\":[{\"@type\":\"ListItem\",\"position\":1,\"name\":\"Home\",\"item\":\"https:\/\/janeke1830.it\/de\/startseite\/\"},{\"@type\":\"ListItem\",\"position\":2,\"name\":\"Shop\",\"item\":\"https:\/\/janeke1830.it\/de\/shop\/\"},{\"@type\":\"ListItem\",\"position\":3,\"name\":\"Runder Schminktisch Spiegel diam. 160\"}]},{\"@type\":\"WebSite\",\"@id\":\"https:\/\/janeke1830.it\/#website\",\"url\":\"https:\/\/janeke1830.it\/\",\"name\":\"J\u00e4neke 1830\",\"description\":\"\",\"publisher\":{\"@id\":\"https:\/\/janeke1830.it\/#organization\"},\"potentialAction\":[{\"@type\":\"SearchAction\",\"target\":{\"@type\":\"EntryPoint\",\"urlTemplate\":\"https:\/\/janeke1830.it\/?s={search_term_string}\"},\"query-input\":{\"@type\":\"PropertyValueSpecification\",\"valueRequired\":true,\"valueName\":\"search_term_string\"}}],\"inLanguage\":\"de\"},{\"@type\":\"Organization\",\"@id\":\"https:\/\/janeke1830.it\/#organization\",\"name\":\"J\u00e4neke 1830\",\"url\":\"https:\/\/janeke1830.it\/\",\"logo\":{\"@type\":\"ImageObject\",\"inLanguage\":\"de\",\"@id\":\"https:\/\/janeke1830.it\/#\/schema\/logo\/image\/\",\"url\":\"https:\/\/janeke1830.it\/wp-content\/uploads\/2025\/12\/logo-nero-janeke.png\",\"contentUrl\":\"https:\/\/janeke1830.it\/wp-content\/uploads\/2025\/12\/logo-nero-janeke.png\",\"width\":1824,\"height\":829,\"caption\":\"J\u00e4neke 1830\"},\"image\":{\"@id\":\"https:\/\/janeke1830.it\/#\/schema\/logo\/image\/\"},\"sameAs\":[\"https:\/\/www.facebook.com\/janeke1830\",\"https:\/\/www.instagram.com\/janeke1830official\",\"https:\/\/www.linkedin.com\/company\/giorgio-janeke-s-r-l-\/\"]}]}<\/script>\n<!-- \/ Yoast SEO plugin. -->","yoast_head_json":{"title":"Toilettenspiegel Rund Durchmesser 160 - J\u00e4neke 1830","description":"Bringen Sie Eleganz in Ihr Sch\u00f6nheitsritual mit dem runden Frisiertischspiegel J\u00e4neke mit 160 Durchmesser. Ger\u00e4umig und raffiniert. Kaufen Sie ihn jetzt!","robots":{"index":"index","follow":"follow","max-snippet":"max-snippet:-1","max-image-preview":"max-image-preview:large","max-video-preview":"max-video-preview:-1"},"canonical":"https:\/\/janeke1830.it\/de\/prodotto\/runder-schminktisch-spiegel-diam-160\/","og_locale":"de_DE","og_type":"article","og_title":"Toilettenspiegel Rund Durchmesser 160 - J\u00e4neke 1830","og_description":"Bringen Sie Eleganz in Ihr Sch\u00f6nheitsritual mit dem runden Frisiertischspiegel J\u00e4neke mit 160 Durchmesser. Ger\u00e4umig und raffiniert. Kaufen Sie ihn jetzt!","og_url":"https:\/\/janeke1830.it\/de\/prodotto\/runder-schminktisch-spiegel-diam-160\/","og_site_name":"J\u00e4neke","article_publisher":"https:\/\/www.facebook.com\/janeke1830","article_modified_time":"2026-02-05T14:49:04+00:00","og_image":[{"width":1024,"height":1024,"url":"https:\/\/janeke1830.it\/wp-content\/uploads\/2026\/01\/AU443.3.png","type":"image\/png"}],"twitter_card":"summary_large_image","schema":{"@context":"https:\/\/schema.org","@graph":[{"@type":"WebPage","@id":"https:\/\/janeke1830.it\/de\/prodotto\/runder-schminktisch-spiegel-diam-160\/","url":"https:\/\/janeke1830.it\/de\/prodotto\/runder-schminktisch-spiegel-diam-160\/","name":"Toilettenspiegel Rund Durchmesser 160 - J\u00e4neke 1830","isPartOf":{"@id":"https:\/\/janeke1830.it\/#website"},"primaryImageOfPage":{"@id":"https:\/\/janeke1830.it\/de\/prodotto\/runder-schminktisch-spiegel-diam-160\/#primaryimage"},"image":{"@id":"https:\/\/janeke1830.it\/de\/prodotto\/runder-schminktisch-spiegel-diam-160\/#primaryimage"},"thumbnailUrl":"https:\/\/janeke1830.it\/wp-content\/uploads\/2026\/01\/specchio-toeletta-rotondo-oro-au443.3.png","datePublished":"2026-01-03T10:55:35+00:00","dateModified":"2026-02-05T14:49:04+00:00","description":"Bringen Sie Eleganz in Ihr Sch\u00f6nheitsritual mit dem runden Frisiertischspiegel J\u00e4neke mit 160 Durchmesser. Ger\u00e4umig und raffiniert. Kaufen Sie ihn jetzt!","breadcrumb":{"@id":"https:\/\/janeke1830.it\/de\/prodotto\/runder-schminktisch-spiegel-diam-160\/#breadcrumb"},"inLanguage":"de","potentialAction":[{"@type":"ReadAction","target":["https:\/\/janeke1830.it\/de\/prodotto\/runder-schminktisch-spiegel-diam-160\/"]}]},{"@type":"ImageObject","inLanguage":"de","@id":"https:\/\/janeke1830.it\/de\/prodotto\/runder-schminktisch-spiegel-diam-160\/#primaryimage","url":"https:\/\/janeke1830.it\/wp-content\/uploads\/2026\/01\/specchio-toeletta-rotondo-oro-au443.3.png","contentUrl":"https:\/\/janeke1830.it\/wp-content\/uploads\/2026\/01\/specchio-toeletta-rotondo-oro-au443.3.png","width":1024,"height":1024,"caption":"Specchio toeletta rotondo 160mm J\u00e4neke oro con visione ampia per trucco"},{"@type":"BreadcrumbList","@id":"https:\/\/janeke1830.it\/de\/prodotto\/runder-schminktisch-spiegel-diam-160\/#breadcrumb","itemListElement":[{"@type":"ListItem","position":1,"name":"Home","item":"https:\/\/janeke1830.it\/de\/startseite\/"},{"@type":"ListItem","position":2,"name":"Shop","item":"https:\/\/janeke1830.it\/de\/shop\/"},{"@type":"ListItem","position":3,"name":"Runder Schminktisch Spiegel diam. 160"}]},{"@type":"WebSite","@id":"https:\/\/janeke1830.it\/#website","url":"https:\/\/janeke1830.it\/","name":"J\u00e4neke 1830","description":"","publisher":{"@id":"https:\/\/janeke1830.it\/#organization"},"potentialAction":[{"@type":"SearchAction","target":{"@type":"EntryPoint","urlTemplate":"https:\/\/janeke1830.it\/?s={search_term_string}"},"query-input":{"@type":"PropertyValueSpecification","valueRequired":true,"valueName":"search_term_string"}}],"inLanguage":"de"},{"@type":"Organization","@id":"https:\/\/janeke1830.it\/#organization","name":"J\u00e4neke 1830","url":"https:\/\/janeke1830.it\/","logo":{"@type":"ImageObject","inLanguage":"de","@id":"https:\/\/janeke1830.it\/#\/schema\/logo\/image\/","url":"https:\/\/janeke1830.it\/wp-content\/uploads\/2025\/12\/logo-nero-janeke.png","contentUrl":"https:\/\/janeke1830.it\/wp-content\/uploads\/2025\/12\/logo-nero-janeke.png","width":1824,"height":829,"caption":"J\u00e4neke 1830"},"image":{"@id":"https:\/\/janeke1830.it\/#\/schema\/logo\/image\/"},"sameAs":["https:\/\/www.facebook.com\/janeke1830","https:\/\/www.instagram.com\/janeke1830official","https:\/\/www.linkedin.com\/company\/giorgio-janeke-s-r-l-\/"]}]}},"_links":{"self":[{"href":"https:\/\/janeke1830.it\/de\/wp-json\/wp\/v2\/product\/9205","targetHints":{"allow":["GET"]}}],"collection":[{"href":"https:\/\/janeke1830.it\/de\/wp-json\/wp\/v2\/product"}],"about":[{"href":"https:\/\/janeke1830.it\/de\/wp-json\/wp\/v2\/types\/product"}],"replies":[{"embeddable":true,"href":"https:\/\/janeke1830.it\/de\/wp-json\/wp\/v2\/comments?post=9205"}],"wp:featuredmedia":[{"embeddable":true,"href":"https:\/\/janeke1830.it\/de\/wp-json\/wp\/v2\/media\/827"}],"wp:attachment":[{"href":"https:\/\/janeke1830.it\/de\/wp-json\/wp\/v2\/media?parent=9205"}],"wp:term":[{"taxonomy":"product_brand","embeddable":true,"href":"https:\/\/janeke1830.it\/de\/wp-json\/wp\/v2\/product_brand?post=9205"},{"taxonomy":"product_cat","embeddable":true,"href":"https:\/\/janeke1830.it\/de\/wp-json\/wp\/v2\/product_cat?post=9205"},{"taxonomy":"product_tag","embeddable":true,"href":"https:\/\/janeke1830.it\/de\/wp-json\/wp\/v2\/product_tag?post=9205"}],"curies":[{"name":"wp","href":"https:\/\/api.w.org\/{rel}","templated":true}]}}