{"id":9191,"date":"2026-01-03T12:13:56","date_gmt":"2026-01-03T11:13:56","guid":{"rendered":"https:\/\/janeke1830.it\/prodotto\/runder-spiegel-durchm-130-mm\/"},"modified":"2026-02-05T16:04:29","modified_gmt":"2026-02-05T15:04:29","slug":"runder-spiegel-durchm-130-mm","status":"publish","type":"product","link":"https:\/\/janeke1830.it\/de\/prodotto\/runder-spiegel-durchm-130-mm\/","title":{"rendered":"Runder Spiegel Durchm. 130 mm"},"content":{"rendered":"","protected":false},"excerpt":{"rendered":"<p>Der <strong>runde Janeke Spiegel<\/strong> mit einem Durchmesser von <strong>130 mm<\/strong> ist kompakt und praktisch, ideal f\u00fcr Make-up und K\u00f6rperpflege bei jeder Gelegenheit. Er ist stilvoll und langlebig und kann leicht auf Oberfl\u00e4chen platziert oder unterwegs mitgenommen werden. Er ist aus hochwertigen Materialien gefertigt und vereint Funktionalit\u00e4t und raffiniertes Design mit der Pr\u00e4zision und Zuverl\u00e4ssigkeit, die das Markenzeichen von Janeke ist.  <\/p>\n","protected":false},"featured_media":849,"comment_status":"closed","ping_status":"closed","template":"","meta":[],"product_brand":[1021],"product_cat":[1022],"product_tag":[1023],"class_list":{"0":"post-9191","1":"product","2":"type-product","3":"status-publish","4":"has-post-thumbnail","6":"product_brand-luxury","7":"product_cat-spiegel","8":"product_tag-spiegel","10":"first","11":"instock","12":"shipping-taxable","13":"purchasable","14":"product-type-variable","15":"has-default-attributes","16":"wvs-archive-product-wrapper"},"yoast_head":"<!-- This site is optimized with the Yoast SEO plugin v27.1.1 - https:\/\/yoast.com\/product\/yoast-seo-wordpress\/ -->\n<title>J\u00e4neke 1830 Durchmesser 130mm Runder Spiegel - K\u00f6rperpflege<\/title>\n<meta name=\"description\" content=\"F\u00fcr ein pr\u00e4zises Make-up bei jeder Gelegenheit verlassen Sie sich auf den runden Spiegel von J\u00e4neke mit 130 mm Durchmesser. Elegant und langlebig. Kaufen Sie ihn jetzt!\" \/>\n<meta name=\"robots\" content=\"index, follow, max-snippet:-1, max-image-preview:large, max-video-preview:-1\" \/>\n<link rel=\"canonical\" href=\"https:\/\/janeke1830.it\/de\/prodotto\/runder-spiegel-durchm-130-mm\/\" \/>\n<meta property=\"og:locale\" content=\"de_DE\" \/>\n<meta property=\"og:type\" content=\"article\" \/>\n<meta property=\"og:title\" content=\"J\u00e4neke 1830 Durchmesser 130mm Runder Spiegel - K\u00f6rperpflege\" \/>\n<meta property=\"og:description\" content=\"F\u00fcr ein pr\u00e4zises Make-up bei jeder Gelegenheit verlassen Sie sich auf den runden Spiegel von J\u00e4neke mit 130 mm Durchmesser. Elegant und langlebig. Kaufen Sie ihn jetzt!\" \/>\n<meta property=\"og:url\" content=\"https:\/\/janeke1830.it\/de\/prodotto\/runder-spiegel-durchm-130-mm\/\" \/>\n<meta property=\"og:site_name\" content=\"J\u00e4neke\" \/>\n<meta property=\"article:publisher\" content=\"https:\/\/www.facebook.com\/janeke1830\" \/>\n<meta property=\"article:modified_time\" content=\"2026-02-05T15:04:29+00:00\" \/>\n<meta property=\"og:image\" content=\"https:\/\/janeke1830.it\/wp-content\/uploads\/2026\/01\/AU446.3.png\" \/>\n\t<meta property=\"og:image:width\" content=\"1024\" \/>\n\t<meta property=\"og:image:height\" content=\"1024\" \/>\n\t<meta property=\"og:image:type\" content=\"image\/png\" \/>\n<meta name=\"twitter:card\" content=\"summary_large_image\" \/>\n<script type=\"application\/ld+json\" class=\"yoast-schema-graph\">{\"@context\":\"https:\/\/schema.org\",\"@graph\":[{\"@type\":\"WebPage\",\"@id\":\"https:\/\/janeke1830.it\/de\/prodotto\/runder-spiegel-durchm-130-mm\/\",\"url\":\"https:\/\/janeke1830.it\/de\/prodotto\/runder-spiegel-durchm-130-mm\/\",\"name\":\"J\u00e4neke 1830 Durchmesser 130mm Runder Spiegel - K\u00f6rperpflege\",\"isPartOf\":{\"@id\":\"https:\/\/janeke1830.it\/#website\"},\"primaryImageOfPage\":{\"@id\":\"https:\/\/janeke1830.it\/de\/prodotto\/runder-spiegel-durchm-130-mm\/#primaryimage\"},\"image\":{\"@id\":\"https:\/\/janeke1830.it\/de\/prodotto\/runder-spiegel-durchm-130-mm\/#primaryimage\"},\"thumbnailUrl\":\"https:\/\/janeke1830.it\/wp-content\/uploads\/2026\/01\/specchio-rotondo-130mm-oro-au446.3.png\",\"datePublished\":\"2026-01-03T11:13:56+00:00\",\"dateModified\":\"2026-02-05T15:04:29+00:00\",\"description\":\"F\u00fcr ein pr\u00e4zises Make-up bei jeder Gelegenheit verlassen Sie sich auf den runden Spiegel von J\u00e4neke mit 130 mm Durchmesser. Elegant und langlebig. Kaufen Sie ihn jetzt!\",\"breadcrumb\":{\"@id\":\"https:\/\/janeke1830.it\/de\/prodotto\/runder-spiegel-durchm-130-mm\/#breadcrumb\"},\"inLanguage\":\"de\",\"potentialAction\":[{\"@type\":\"ReadAction\",\"target\":[\"https:\/\/janeke1830.it\/de\/prodotto\/runder-spiegel-durchm-130-mm\/\"]}]},{\"@type\":\"ImageObject\",\"inLanguage\":\"de\",\"@id\":\"https:\/\/janeke1830.it\/de\/prodotto\/runder-spiegel-durchm-130-mm\/#primaryimage\",\"url\":\"https:\/\/janeke1830.it\/wp-content\/uploads\/2026\/01\/specchio-rotondo-130mm-oro-au446.3.png\",\"contentUrl\":\"https:\/\/janeke1830.it\/wp-content\/uploads\/2026\/01\/specchio-rotondo-130mm-oro-au446.3.png\",\"width\":1024,\"height\":1024,\"caption\":\"Specchio rotondo diametro 130mm J\u00e4neke oro elegante per trucco e cura\"},{\"@type\":\"BreadcrumbList\",\"@id\":\"https:\/\/janeke1830.it\/de\/prodotto\/runder-spiegel-durchm-130-mm\/#breadcrumb\",\"itemListElement\":[{\"@type\":\"ListItem\",\"position\":1,\"name\":\"Home\",\"item\":\"https:\/\/janeke1830.it\/de\/startseite\/\"},{\"@type\":\"ListItem\",\"position\":2,\"name\":\"Shop\",\"item\":\"https:\/\/janeke1830.it\/de\/shop\/\"},{\"@type\":\"ListItem\",\"position\":3,\"name\":\"Runder Spiegel Durchm. 130 mm\"}]},{\"@type\":\"WebSite\",\"@id\":\"https:\/\/janeke1830.it\/#website\",\"url\":\"https:\/\/janeke1830.it\/\",\"name\":\"J\u00e4neke 1830\",\"description\":\"\",\"publisher\":{\"@id\":\"https:\/\/janeke1830.it\/#organization\"},\"potentialAction\":[{\"@type\":\"SearchAction\",\"target\":{\"@type\":\"EntryPoint\",\"urlTemplate\":\"https:\/\/janeke1830.it\/?s={search_term_string}\"},\"query-input\":{\"@type\":\"PropertyValueSpecification\",\"valueRequired\":true,\"valueName\":\"search_term_string\"}}],\"inLanguage\":\"de\"},{\"@type\":\"Organization\",\"@id\":\"https:\/\/janeke1830.it\/#organization\",\"name\":\"J\u00e4neke 1830\",\"url\":\"https:\/\/janeke1830.it\/\",\"logo\":{\"@type\":\"ImageObject\",\"inLanguage\":\"de\",\"@id\":\"https:\/\/janeke1830.it\/#\/schema\/logo\/image\/\",\"url\":\"https:\/\/janeke1830.it\/wp-content\/uploads\/2025\/12\/logo-nero-janeke.png\",\"contentUrl\":\"https:\/\/janeke1830.it\/wp-content\/uploads\/2025\/12\/logo-nero-janeke.png\",\"width\":1824,\"height\":829,\"caption\":\"J\u00e4neke 1830\"},\"image\":{\"@id\":\"https:\/\/janeke1830.it\/#\/schema\/logo\/image\/\"},\"sameAs\":[\"https:\/\/www.facebook.com\/janeke1830\",\"https:\/\/www.instagram.com\/janeke1830official\",\"https:\/\/www.linkedin.com\/company\/giorgio-janeke-s-r-l-\/\"]}]}<\/script>\n<!-- \/ Yoast SEO plugin. -->","yoast_head_json":{"title":"J\u00e4neke 1830 Durchmesser 130mm Runder Spiegel - K\u00f6rperpflege","description":"F\u00fcr ein pr\u00e4zises Make-up bei jeder Gelegenheit verlassen Sie sich auf den runden Spiegel von J\u00e4neke mit 130 mm Durchmesser. Elegant und langlebig. Kaufen Sie ihn jetzt!","robots":{"index":"index","follow":"follow","max-snippet":"max-snippet:-1","max-image-preview":"max-image-preview:large","max-video-preview":"max-video-preview:-1"},"canonical":"https:\/\/janeke1830.it\/de\/prodotto\/runder-spiegel-durchm-130-mm\/","og_locale":"de_DE","og_type":"article","og_title":"J\u00e4neke 1830 Durchmesser 130mm Runder Spiegel - K\u00f6rperpflege","og_description":"F\u00fcr ein pr\u00e4zises Make-up bei jeder Gelegenheit verlassen Sie sich auf den runden Spiegel von J\u00e4neke mit 130 mm Durchmesser. Elegant und langlebig. Kaufen Sie ihn jetzt!","og_url":"https:\/\/janeke1830.it\/de\/prodotto\/runder-spiegel-durchm-130-mm\/","og_site_name":"J\u00e4neke","article_publisher":"https:\/\/www.facebook.com\/janeke1830","article_modified_time":"2026-02-05T15:04:29+00:00","og_image":[{"width":1024,"height":1024,"url":"https:\/\/janeke1830.it\/wp-content\/uploads\/2026\/01\/AU446.3.png","type":"image\/png"}],"twitter_card":"summary_large_image","schema":{"@context":"https:\/\/schema.org","@graph":[{"@type":"WebPage","@id":"https:\/\/janeke1830.it\/de\/prodotto\/runder-spiegel-durchm-130-mm\/","url":"https:\/\/janeke1830.it\/de\/prodotto\/runder-spiegel-durchm-130-mm\/","name":"J\u00e4neke 1830 Durchmesser 130mm Runder Spiegel - K\u00f6rperpflege","isPartOf":{"@id":"https:\/\/janeke1830.it\/#website"},"primaryImageOfPage":{"@id":"https:\/\/janeke1830.it\/de\/prodotto\/runder-spiegel-durchm-130-mm\/#primaryimage"},"image":{"@id":"https:\/\/janeke1830.it\/de\/prodotto\/runder-spiegel-durchm-130-mm\/#primaryimage"},"thumbnailUrl":"https:\/\/janeke1830.it\/wp-content\/uploads\/2026\/01\/specchio-rotondo-130mm-oro-au446.3.png","datePublished":"2026-01-03T11:13:56+00:00","dateModified":"2026-02-05T15:04:29+00:00","description":"F\u00fcr ein pr\u00e4zises Make-up bei jeder Gelegenheit verlassen Sie sich auf den runden Spiegel von J\u00e4neke mit 130 mm Durchmesser. Elegant und langlebig. Kaufen Sie ihn jetzt!","breadcrumb":{"@id":"https:\/\/janeke1830.it\/de\/prodotto\/runder-spiegel-durchm-130-mm\/#breadcrumb"},"inLanguage":"de","potentialAction":[{"@type":"ReadAction","target":["https:\/\/janeke1830.it\/de\/prodotto\/runder-spiegel-durchm-130-mm\/"]}]},{"@type":"ImageObject","inLanguage":"de","@id":"https:\/\/janeke1830.it\/de\/prodotto\/runder-spiegel-durchm-130-mm\/#primaryimage","url":"https:\/\/janeke1830.it\/wp-content\/uploads\/2026\/01\/specchio-rotondo-130mm-oro-au446.3.png","contentUrl":"https:\/\/janeke1830.it\/wp-content\/uploads\/2026\/01\/specchio-rotondo-130mm-oro-au446.3.png","width":1024,"height":1024,"caption":"Specchio rotondo diametro 130mm J\u00e4neke oro elegante per trucco e cura"},{"@type":"BreadcrumbList","@id":"https:\/\/janeke1830.it\/de\/prodotto\/runder-spiegel-durchm-130-mm\/#breadcrumb","itemListElement":[{"@type":"ListItem","position":1,"name":"Home","item":"https:\/\/janeke1830.it\/de\/startseite\/"},{"@type":"ListItem","position":2,"name":"Shop","item":"https:\/\/janeke1830.it\/de\/shop\/"},{"@type":"ListItem","position":3,"name":"Runder Spiegel Durchm. 130 mm"}]},{"@type":"WebSite","@id":"https:\/\/janeke1830.it\/#website","url":"https:\/\/janeke1830.it\/","name":"J\u00e4neke 1830","description":"","publisher":{"@id":"https:\/\/janeke1830.it\/#organization"},"potentialAction":[{"@type":"SearchAction","target":{"@type":"EntryPoint","urlTemplate":"https:\/\/janeke1830.it\/?s={search_term_string}"},"query-input":{"@type":"PropertyValueSpecification","valueRequired":true,"valueName":"search_term_string"}}],"inLanguage":"de"},{"@type":"Organization","@id":"https:\/\/janeke1830.it\/#organization","name":"J\u00e4neke 1830","url":"https:\/\/janeke1830.it\/","logo":{"@type":"ImageObject","inLanguage":"de","@id":"https:\/\/janeke1830.it\/#\/schema\/logo\/image\/","url":"https:\/\/janeke1830.it\/wp-content\/uploads\/2025\/12\/logo-nero-janeke.png","contentUrl":"https:\/\/janeke1830.it\/wp-content\/uploads\/2025\/12\/logo-nero-janeke.png","width":1824,"height":829,"caption":"J\u00e4neke 1830"},"image":{"@id":"https:\/\/janeke1830.it\/#\/schema\/logo\/image\/"},"sameAs":["https:\/\/www.facebook.com\/janeke1830","https:\/\/www.instagram.com\/janeke1830official","https:\/\/www.linkedin.com\/company\/giorgio-janeke-s-r-l-\/"]}]}},"_links":{"self":[{"href":"https:\/\/janeke1830.it\/de\/wp-json\/wp\/v2\/product\/9191","targetHints":{"allow":["GET"]}}],"collection":[{"href":"https:\/\/janeke1830.it\/de\/wp-json\/wp\/v2\/product"}],"about":[{"href":"https:\/\/janeke1830.it\/de\/wp-json\/wp\/v2\/types\/product"}],"replies":[{"embeddable":true,"href":"https:\/\/janeke1830.it\/de\/wp-json\/wp\/v2\/comments?post=9191"}],"wp:featuredmedia":[{"embeddable":true,"href":"https:\/\/janeke1830.it\/de\/wp-json\/wp\/v2\/media\/849"}],"wp:attachment":[{"href":"https:\/\/janeke1830.it\/de\/wp-json\/wp\/v2\/media?parent=9191"}],"wp:term":[{"taxonomy":"product_brand","embeddable":true,"href":"https:\/\/janeke1830.it\/de\/wp-json\/wp\/v2\/product_brand?post=9191"},{"taxonomy":"product_cat","embeddable":true,"href":"https:\/\/janeke1830.it\/de\/wp-json\/wp\/v2\/product_cat?post=9191"},{"taxonomy":"product_tag","embeddable":true,"href":"https:\/\/janeke1830.it\/de\/wp-json\/wp\/v2\/product_tag?post=9191"}],"curies":[{"name":"wp","href":"https:\/\/api.w.org\/{rel}","templated":true}]}}