{"id":11415,"date":"2025-12-02T17:04:18","date_gmt":"2025-12-02T16:04:18","guid":{"rendered":"https:\/\/janeke1830.it\/prodotto\/akademie-kamm-kohlenstoff\/"},"modified":"2026-03-03T11:47:30","modified_gmt":"2026-03-03T10:47:30","slug":"akademie-kamm-kohlenstoff","status":"publish","type":"product","link":"https:\/\/janeke1830.it\/de\/prodotto\/akademie-kamm-kohlenstoff\/","title":{"rendered":"Akademie Kamm Kohlenstoff"},"content":{"rendered":"","protected":false},"excerpt":{"rendered":"<p><em>17,8 cm<\/em><\/p>\n<p>Kamm mit ergonomischem Griff, um die Farbe in den L\u00e4ngen zu verl\u00e4ngern, die Farbe in den letzten 10 Minuten der Anwendung aus den Wurzeln zu ziehen oder zum Waschbecken zu bringen, um die Toner zu verteilen.<\/p>\n","protected":false},"featured_media":938,"comment_status":"closed","ping_status":"closed","template":"","meta":[],"product_brand":[1028],"product_cat":[1029],"product_tag":[1176,1030],"class_list":{"0":"post-11415","1":"product","2":"type-product","3":"status-publish","4":"has-post-thumbnail","6":"product_brand-professional","7":"product_cat-kamme","8":"product_tag-kohlenstoff","9":"product_tag-profi-kamme","11":"first","12":"instock","13":"shipping-taxable","14":"purchasable","15":"product-type-simple"},"yoast_head":"<!-- This site is optimized with the Yoast SEO plugin v27.1.1 - https:\/\/yoast.com\/product\/yoast-seo-wordpress\/ -->\n<title>Academy Kamm Carbon J\u00e4neke - F\u00fcr Farbe und T\u00f6nung<\/title>\n<meta name=\"description\" content=\"Academy Comb Carbon J\u00e4neke: ergonomischer Griff zum Verteilen von Farb- und T\u00f6nungsmitteln auf L\u00e4ngen und Wurzeln. Antistatisch. Kaufen Sie ihn!\" \/>\n<meta name=\"robots\" content=\"index, follow, max-snippet:-1, max-image-preview:large, max-video-preview:-1\" \/>\n<link rel=\"canonical\" href=\"https:\/\/janeke1830.it\/de\/prodotto\/akademie-kamm-kohlenstoff\/\" \/>\n<meta property=\"og:locale\" content=\"de_DE\" \/>\n<meta property=\"og:type\" content=\"article\" \/>\n<meta property=\"og:title\" content=\"Academy Kamm Carbon J\u00e4neke - F\u00fcr Farbe und T\u00f6nung\" \/>\n<meta property=\"og:description\" content=\"Academy Comb Carbon J\u00e4neke: ergonomischer Griff zum Verteilen von Farb- und T\u00f6nungsmitteln auf L\u00e4ngen und Wurzeln. Antistatisch. Kaufen Sie ihn!\" \/>\n<meta property=\"og:url\" content=\"https:\/\/janeke1830.it\/de\/prodotto\/akademie-kamm-kohlenstoff\/\" \/>\n<meta property=\"og:site_name\" content=\"J\u00e4neke\" \/>\n<meta property=\"article:publisher\" content=\"https:\/\/www.facebook.com\/janeke1830\" \/>\n<meta property=\"article:modified_time\" content=\"2026-03-03T10:47:30+00:00\" \/>\n<meta property=\"og:image\" content=\"https:\/\/janeke1830.it\/wp-content\/uploads\/2026\/01\/55823.png\" \/>\n\t<meta property=\"og:image:width\" content=\"1024\" \/>\n\t<meta property=\"og:image:height\" content=\"1024\" \/>\n\t<meta property=\"og:image:type\" content=\"image\/png\" \/>\n<meta name=\"twitter:card\" content=\"summary_large_image\" \/>\n<script type=\"application\/ld+json\" class=\"yoast-schema-graph\">{\"@context\":\"https:\/\/schema.org\",\"@graph\":[{\"@type\":\"WebPage\",\"@id\":\"https:\/\/janeke1830.it\/de\/prodotto\/akademie-kamm-kohlenstoff\/\",\"url\":\"https:\/\/janeke1830.it\/de\/prodotto\/akademie-kamm-kohlenstoff\/\",\"name\":\"Academy Kamm Carbon J\u00e4neke - F\u00fcr Farbe und T\u00f6nung\",\"isPartOf\":{\"@id\":\"https:\/\/janeke1830.it\/#website\"},\"primaryImageOfPage\":{\"@id\":\"https:\/\/janeke1830.it\/de\/prodotto\/akademie-kamm-kohlenstoff\/#primaryimage\"},\"image\":{\"@id\":\"https:\/\/janeke1830.it\/de\/prodotto\/akademie-kamm-kohlenstoff\/#primaryimage\"},\"thumbnailUrl\":\"https:\/\/janeke1830.it\/wp-content\/uploads\/2026\/01\/academy-comb-carbonio-55823.png\",\"datePublished\":\"2025-12-02T16:04:18+00:00\",\"dateModified\":\"2026-03-03T10:47:30+00:00\",\"description\":\"Academy Comb Carbon J\u00e4neke: ergonomischer Griff zum Verteilen von Farb- und T\u00f6nungsmitteln auf L\u00e4ngen und Wurzeln. Antistatisch. Kaufen Sie ihn!\",\"breadcrumb\":{\"@id\":\"https:\/\/janeke1830.it\/de\/prodotto\/akademie-kamm-kohlenstoff\/#breadcrumb\"},\"inLanguage\":\"de\",\"potentialAction\":[{\"@type\":\"ReadAction\",\"target\":[\"https:\/\/janeke1830.it\/de\/prodotto\/akademie-kamm-kohlenstoff\/\"]}]},{\"@type\":\"ImageObject\",\"inLanguage\":\"de\",\"@id\":\"https:\/\/janeke1830.it\/de\/prodotto\/akademie-kamm-kohlenstoff\/#primaryimage\",\"url\":\"https:\/\/janeke1830.it\/wp-content\/uploads\/2026\/01\/academy-comb-carbonio-55823.png\",\"contentUrl\":\"https:\/\/janeke1830.it\/wp-content\/uploads\/2026\/01\/academy-comb-carbonio-55823.png\",\"width\":1024,\"height\":1024,\"caption\":\"Pettine professionale carbonio J\u00e4neke 19 cm taglio preciso\"},{\"@type\":\"BreadcrumbList\",\"@id\":\"https:\/\/janeke1830.it\/de\/prodotto\/akademie-kamm-kohlenstoff\/#breadcrumb\",\"itemListElement\":[{\"@type\":\"ListItem\",\"position\":1,\"name\":\"Home\",\"item\":\"https:\/\/janeke1830.it\/de\/startseite\/\"},{\"@type\":\"ListItem\",\"position\":2,\"name\":\"Shop\",\"item\":\"https:\/\/janeke1830.it\/de\/shop\/\"},{\"@type\":\"ListItem\",\"position\":3,\"name\":\"Akademie Kamm Kohlenstoff\"}]},{\"@type\":\"WebSite\",\"@id\":\"https:\/\/janeke1830.it\/#website\",\"url\":\"https:\/\/janeke1830.it\/\",\"name\":\"J\u00e4neke 1830\",\"description\":\"\",\"publisher\":{\"@id\":\"https:\/\/janeke1830.it\/#organization\"},\"potentialAction\":[{\"@type\":\"SearchAction\",\"target\":{\"@type\":\"EntryPoint\",\"urlTemplate\":\"https:\/\/janeke1830.it\/?s={search_term_string}\"},\"query-input\":{\"@type\":\"PropertyValueSpecification\",\"valueRequired\":true,\"valueName\":\"search_term_string\"}}],\"inLanguage\":\"de\"},{\"@type\":\"Organization\",\"@id\":\"https:\/\/janeke1830.it\/#organization\",\"name\":\"J\u00e4neke 1830\",\"url\":\"https:\/\/janeke1830.it\/\",\"logo\":{\"@type\":\"ImageObject\",\"inLanguage\":\"de\",\"@id\":\"https:\/\/janeke1830.it\/#\/schema\/logo\/image\/\",\"url\":\"https:\/\/janeke1830.it\/wp-content\/uploads\/2025\/12\/logo-nero-janeke.png\",\"contentUrl\":\"https:\/\/janeke1830.it\/wp-content\/uploads\/2025\/12\/logo-nero-janeke.png\",\"width\":1824,\"height\":829,\"caption\":\"J\u00e4neke 1830\"},\"image\":{\"@id\":\"https:\/\/janeke1830.it\/#\/schema\/logo\/image\/\"},\"sameAs\":[\"https:\/\/www.facebook.com\/janeke1830\",\"https:\/\/www.instagram.com\/janeke1830official\",\"https:\/\/www.linkedin.com\/company\/giorgio-janeke-s-r-l-\/\"]}]}<\/script>\n<!-- \/ Yoast SEO plugin. -->","yoast_head_json":{"title":"Academy Kamm Carbon J\u00e4neke - F\u00fcr Farbe und T\u00f6nung","description":"Academy Comb Carbon J\u00e4neke: ergonomischer Griff zum Verteilen von Farb- und T\u00f6nungsmitteln auf L\u00e4ngen und Wurzeln. Antistatisch. Kaufen Sie ihn!","robots":{"index":"index","follow":"follow","max-snippet":"max-snippet:-1","max-image-preview":"max-image-preview:large","max-video-preview":"max-video-preview:-1"},"canonical":"https:\/\/janeke1830.it\/de\/prodotto\/akademie-kamm-kohlenstoff\/","og_locale":"de_DE","og_type":"article","og_title":"Academy Kamm Carbon J\u00e4neke - F\u00fcr Farbe und T\u00f6nung","og_description":"Academy Comb Carbon J\u00e4neke: ergonomischer Griff zum Verteilen von Farb- und T\u00f6nungsmitteln auf L\u00e4ngen und Wurzeln. Antistatisch. Kaufen Sie ihn!","og_url":"https:\/\/janeke1830.it\/de\/prodotto\/akademie-kamm-kohlenstoff\/","og_site_name":"J\u00e4neke","article_publisher":"https:\/\/www.facebook.com\/janeke1830","article_modified_time":"2026-03-03T10:47:30+00:00","og_image":[{"width":1024,"height":1024,"url":"https:\/\/janeke1830.it\/wp-content\/uploads\/2026\/01\/55823.png","type":"image\/png"}],"twitter_card":"summary_large_image","schema":{"@context":"https:\/\/schema.org","@graph":[{"@type":"WebPage","@id":"https:\/\/janeke1830.it\/de\/prodotto\/akademie-kamm-kohlenstoff\/","url":"https:\/\/janeke1830.it\/de\/prodotto\/akademie-kamm-kohlenstoff\/","name":"Academy Kamm Carbon J\u00e4neke - F\u00fcr Farbe und T\u00f6nung","isPartOf":{"@id":"https:\/\/janeke1830.it\/#website"},"primaryImageOfPage":{"@id":"https:\/\/janeke1830.it\/de\/prodotto\/akademie-kamm-kohlenstoff\/#primaryimage"},"image":{"@id":"https:\/\/janeke1830.it\/de\/prodotto\/akademie-kamm-kohlenstoff\/#primaryimage"},"thumbnailUrl":"https:\/\/janeke1830.it\/wp-content\/uploads\/2026\/01\/academy-comb-carbonio-55823.png","datePublished":"2025-12-02T16:04:18+00:00","dateModified":"2026-03-03T10:47:30+00:00","description":"Academy Comb Carbon J\u00e4neke: ergonomischer Griff zum Verteilen von Farb- und T\u00f6nungsmitteln auf L\u00e4ngen und Wurzeln. Antistatisch. Kaufen Sie ihn!","breadcrumb":{"@id":"https:\/\/janeke1830.it\/de\/prodotto\/akademie-kamm-kohlenstoff\/#breadcrumb"},"inLanguage":"de","potentialAction":[{"@type":"ReadAction","target":["https:\/\/janeke1830.it\/de\/prodotto\/akademie-kamm-kohlenstoff\/"]}]},{"@type":"ImageObject","inLanguage":"de","@id":"https:\/\/janeke1830.it\/de\/prodotto\/akademie-kamm-kohlenstoff\/#primaryimage","url":"https:\/\/janeke1830.it\/wp-content\/uploads\/2026\/01\/academy-comb-carbonio-55823.png","contentUrl":"https:\/\/janeke1830.it\/wp-content\/uploads\/2026\/01\/academy-comb-carbonio-55823.png","width":1024,"height":1024,"caption":"Pettine professionale carbonio J\u00e4neke 19 cm taglio preciso"},{"@type":"BreadcrumbList","@id":"https:\/\/janeke1830.it\/de\/prodotto\/akademie-kamm-kohlenstoff\/#breadcrumb","itemListElement":[{"@type":"ListItem","position":1,"name":"Home","item":"https:\/\/janeke1830.it\/de\/startseite\/"},{"@type":"ListItem","position":2,"name":"Shop","item":"https:\/\/janeke1830.it\/de\/shop\/"},{"@type":"ListItem","position":3,"name":"Akademie Kamm Kohlenstoff"}]},{"@type":"WebSite","@id":"https:\/\/janeke1830.it\/#website","url":"https:\/\/janeke1830.it\/","name":"J\u00e4neke 1830","description":"","publisher":{"@id":"https:\/\/janeke1830.it\/#organization"},"potentialAction":[{"@type":"SearchAction","target":{"@type":"EntryPoint","urlTemplate":"https:\/\/janeke1830.it\/?s={search_term_string}"},"query-input":{"@type":"PropertyValueSpecification","valueRequired":true,"valueName":"search_term_string"}}],"inLanguage":"de"},{"@type":"Organization","@id":"https:\/\/janeke1830.it\/#organization","name":"J\u00e4neke 1830","url":"https:\/\/janeke1830.it\/","logo":{"@type":"ImageObject","inLanguage":"de","@id":"https:\/\/janeke1830.it\/#\/schema\/logo\/image\/","url":"https:\/\/janeke1830.it\/wp-content\/uploads\/2025\/12\/logo-nero-janeke.png","contentUrl":"https:\/\/janeke1830.it\/wp-content\/uploads\/2025\/12\/logo-nero-janeke.png","width":1824,"height":829,"caption":"J\u00e4neke 1830"},"image":{"@id":"https:\/\/janeke1830.it\/#\/schema\/logo\/image\/"},"sameAs":["https:\/\/www.facebook.com\/janeke1830","https:\/\/www.instagram.com\/janeke1830official","https:\/\/www.linkedin.com\/company\/giorgio-janeke-s-r-l-\/"]}]}},"_links":{"self":[{"href":"https:\/\/janeke1830.it\/de\/wp-json\/wp\/v2\/product\/11415","targetHints":{"allow":["GET"]}}],"collection":[{"href":"https:\/\/janeke1830.it\/de\/wp-json\/wp\/v2\/product"}],"about":[{"href":"https:\/\/janeke1830.it\/de\/wp-json\/wp\/v2\/types\/product"}],"replies":[{"embeddable":true,"href":"https:\/\/janeke1830.it\/de\/wp-json\/wp\/v2\/comments?post=11415"}],"wp:featuredmedia":[{"embeddable":true,"href":"https:\/\/janeke1830.it\/de\/wp-json\/wp\/v2\/media\/938"}],"wp:attachment":[{"href":"https:\/\/janeke1830.it\/de\/wp-json\/wp\/v2\/media?parent=11415"}],"wp:term":[{"taxonomy":"product_brand","embeddable":true,"href":"https:\/\/janeke1830.it\/de\/wp-json\/wp\/v2\/product_brand?post=11415"},{"taxonomy":"product_cat","embeddable":true,"href":"https:\/\/janeke1830.it\/de\/wp-json\/wp\/v2\/product_cat?post=11415"},{"taxonomy":"product_tag","embeddable":true,"href":"https:\/\/janeke1830.it\/de\/wp-json\/wp\/v2\/product_tag?post=11415"}],"curies":[{"name":"wp","href":"https:\/\/api.w.org\/{rel}","templated":true}]}}