{"id":11409,"date":"2026-01-02T20:07:34","date_gmt":"2026-01-02T19:07:34","guid":{"rendered":"https:\/\/janeke1830.it\/prodotto\/carbon-superbrush\/"},"modified":"2026-03-03T11:47:31","modified_gmt":"2026-03-03T10:47:31","slug":"carbon-superbrush","status":"publish","type":"product","link":"https:\/\/janeke1830.it\/de\/prodotto\/carbon-superbrush\/","title":{"rendered":"Carbon Superbrush"},"content":{"rendered":"","protected":false},"excerpt":{"rendered":"<p>Professionelle B\u00fcrste mit weichen geformten Spitzen, perforiertem Wabenboden, ideal unter dem Wasserstrahl zum K\u00e4mmen beim Verteilen der Maske oder des Conditioners. Sie entwirrt Knoten und ist rei\u00dffest. Ihr wabenf\u00f6rmiger Boden verk\u00fcrzt die Trocknungszeit. Leicht und einfach zu handhaben.   <\/p>\n","protected":false},"featured_media":942,"comment_status":"closed","ping_status":"closed","template":"","meta":[],"product_brand":[1028,1057],"product_cat":[1032],"product_tag":[1176,1179,1059],"class_list":{"0":"post-11409","1":"product","2":"type-product","3":"status-publish","4":"has-post-thumbnail","6":"product_brand-professional","7":"product_brand-superbrush","8":"product_cat-pinsel","9":"product_tag-kohlenstoff","10":"product_tag-profi-bursten","11":"product_tag-superpinsel","13":"first","14":"instock","15":"shipping-taxable","16":"purchasable","17":"product-type-simple"},"yoast_head":"<!-- This site is optimized with the Yoast SEO plugin v27.1.1 - https:\/\/yoast.com\/product\/yoast-seo-wordpress\/ -->\n<title>J\u00e4neke Carbon Superbrush - Schnell trocknend<\/title>\n<meta name=\"description\" content=\"J\u00e4neke Carbon Superbrush: ideal unter Wasser und f\u00fcr Masken. Wabenf\u00f6rmige Basis f\u00fcr schnelles Trocknen. Versuchen Sie es jetzt!\" \/>\n<meta name=\"robots\" content=\"index, follow, max-snippet:-1, max-image-preview:large, max-video-preview:-1\" \/>\n<link rel=\"canonical\" href=\"https:\/\/janeke1830.it\/de\/prodotto\/carbon-superbrush\/\" \/>\n<meta property=\"og:locale\" content=\"de_DE\" \/>\n<meta property=\"og:type\" content=\"article\" \/>\n<meta property=\"og:title\" content=\"J\u00e4neke Carbon Superbrush - Schnell trocknend\" \/>\n<meta property=\"og:description\" content=\"J\u00e4neke Carbon Superbrush: ideal unter Wasser und f\u00fcr Masken. Wabenf\u00f6rmige Basis f\u00fcr schnelles Trocknen. Versuchen Sie es jetzt!\" \/>\n<meta property=\"og:url\" content=\"https:\/\/janeke1830.it\/de\/prodotto\/carbon-superbrush\/\" \/>\n<meta property=\"og:site_name\" content=\"J\u00e4neke\" \/>\n<meta property=\"article:publisher\" content=\"https:\/\/www.facebook.com\/janeke1830\" \/>\n<meta property=\"article:modified_time\" content=\"2026-03-03T10:47:31+00:00\" \/>\n<meta property=\"og:image\" content=\"https:\/\/janeke1830.it\/wp-content\/uploads\/2026\/01\/55SP226.png\" \/>\n\t<meta property=\"og:image:width\" content=\"1024\" \/>\n\t<meta property=\"og:image:height\" content=\"1024\" \/>\n\t<meta property=\"og:image:type\" content=\"image\/png\" \/>\n<meta name=\"twitter:card\" content=\"summary_large_image\" \/>\n<script type=\"application\/ld+json\" class=\"yoast-schema-graph\">{\"@context\":\"https:\/\/schema.org\",\"@graph\":[{\"@type\":\"WebPage\",\"@id\":\"https:\/\/janeke1830.it\/de\/prodotto\/carbon-superbrush\/\",\"url\":\"https:\/\/janeke1830.it\/de\/prodotto\/carbon-superbrush\/\",\"name\":\"J\u00e4neke Carbon Superbrush - Schnell trocknend\",\"isPartOf\":{\"@id\":\"https:\/\/janeke1830.it\/#website\"},\"primaryImageOfPage\":{\"@id\":\"https:\/\/janeke1830.it\/de\/prodotto\/carbon-superbrush\/#primaryimage\"},\"image\":{\"@id\":\"https:\/\/janeke1830.it\/de\/prodotto\/carbon-superbrush\/#primaryimage\"},\"thumbnailUrl\":\"https:\/\/janeke1830.it\/wp-content\/uploads\/2026\/01\/spazzola-superbrush-carbonio-55sp226.png\",\"datePublished\":\"2026-01-02T19:07:34+00:00\",\"dateModified\":\"2026-03-03T10:47:31+00:00\",\"description\":\"J\u00e4neke Carbon Superbrush: ideal unter Wasser und f\u00fcr Masken. Wabenf\u00f6rmige Basis f\u00fcr schnelles Trocknen. Versuchen Sie es jetzt!\",\"breadcrumb\":{\"@id\":\"https:\/\/janeke1830.it\/de\/prodotto\/carbon-superbrush\/#breadcrumb\"},\"inLanguage\":\"de\",\"potentialAction\":[{\"@type\":\"ReadAction\",\"target\":[\"https:\/\/janeke1830.it\/de\/prodotto\/carbon-superbrush\/\"]}]},{\"@type\":\"ImageObject\",\"inLanguage\":\"de\",\"@id\":\"https:\/\/janeke1830.it\/de\/prodotto\/carbon-superbrush\/#primaryimage\",\"url\":\"https:\/\/janeke1830.it\/wp-content\/uploads\/2026\/01\/spazzola-superbrush-carbonio-55sp226.png\",\"contentUrl\":\"https:\/\/janeke1830.it\/wp-content\/uploads\/2026\/01\/spazzola-superbrush-carbonio-55sp226.png\",\"width\":1024,\"height\":1024,\"caption\":\"Spazzola Superbrush carbonio J\u00e4neke professionale anti-strappo e districante\"},{\"@type\":\"BreadcrumbList\",\"@id\":\"https:\/\/janeke1830.it\/de\/prodotto\/carbon-superbrush\/#breadcrumb\",\"itemListElement\":[{\"@type\":\"ListItem\",\"position\":1,\"name\":\"Home\",\"item\":\"https:\/\/janeke1830.it\/de\/startseite\/\"},{\"@type\":\"ListItem\",\"position\":2,\"name\":\"Shop\",\"item\":\"https:\/\/janeke1830.it\/de\/shop\/\"},{\"@type\":\"ListItem\",\"position\":3,\"name\":\"Carbon Superbrush\"}]},{\"@type\":\"WebSite\",\"@id\":\"https:\/\/janeke1830.it\/#website\",\"url\":\"https:\/\/janeke1830.it\/\",\"name\":\"J\u00e4neke 1830\",\"description\":\"\",\"publisher\":{\"@id\":\"https:\/\/janeke1830.it\/#organization\"},\"potentialAction\":[{\"@type\":\"SearchAction\",\"target\":{\"@type\":\"EntryPoint\",\"urlTemplate\":\"https:\/\/janeke1830.it\/?s={search_term_string}\"},\"query-input\":{\"@type\":\"PropertyValueSpecification\",\"valueRequired\":true,\"valueName\":\"search_term_string\"}}],\"inLanguage\":\"de\"},{\"@type\":\"Organization\",\"@id\":\"https:\/\/janeke1830.it\/#organization\",\"name\":\"J\u00e4neke 1830\",\"url\":\"https:\/\/janeke1830.it\/\",\"logo\":{\"@type\":\"ImageObject\",\"inLanguage\":\"de\",\"@id\":\"https:\/\/janeke1830.it\/#\/schema\/logo\/image\/\",\"url\":\"https:\/\/janeke1830.it\/wp-content\/uploads\/2025\/12\/logo-nero-janeke.png\",\"contentUrl\":\"https:\/\/janeke1830.it\/wp-content\/uploads\/2025\/12\/logo-nero-janeke.png\",\"width\":1824,\"height\":829,\"caption\":\"J\u00e4neke 1830\"},\"image\":{\"@id\":\"https:\/\/janeke1830.it\/#\/schema\/logo\/image\/\"},\"sameAs\":[\"https:\/\/www.facebook.com\/janeke1830\",\"https:\/\/www.instagram.com\/janeke1830official\",\"https:\/\/www.linkedin.com\/company\/giorgio-janeke-s-r-l-\/\"]}]}<\/script>\n<!-- \/ Yoast SEO plugin. -->","yoast_head_json":{"title":"J\u00e4neke Carbon Superbrush - Schnell trocknend","description":"J\u00e4neke Carbon Superbrush: ideal unter Wasser und f\u00fcr Masken. Wabenf\u00f6rmige Basis f\u00fcr schnelles Trocknen. Versuchen Sie es jetzt!","robots":{"index":"index","follow":"follow","max-snippet":"max-snippet:-1","max-image-preview":"max-image-preview:large","max-video-preview":"max-video-preview:-1"},"canonical":"https:\/\/janeke1830.it\/de\/prodotto\/carbon-superbrush\/","og_locale":"de_DE","og_type":"article","og_title":"J\u00e4neke Carbon Superbrush - Schnell trocknend","og_description":"J\u00e4neke Carbon Superbrush: ideal unter Wasser und f\u00fcr Masken. Wabenf\u00f6rmige Basis f\u00fcr schnelles Trocknen. Versuchen Sie es jetzt!","og_url":"https:\/\/janeke1830.it\/de\/prodotto\/carbon-superbrush\/","og_site_name":"J\u00e4neke","article_publisher":"https:\/\/www.facebook.com\/janeke1830","article_modified_time":"2026-03-03T10:47:31+00:00","og_image":[{"width":1024,"height":1024,"url":"https:\/\/janeke1830.it\/wp-content\/uploads\/2026\/01\/55SP226.png","type":"image\/png"}],"twitter_card":"summary_large_image","schema":{"@context":"https:\/\/schema.org","@graph":[{"@type":"WebPage","@id":"https:\/\/janeke1830.it\/de\/prodotto\/carbon-superbrush\/","url":"https:\/\/janeke1830.it\/de\/prodotto\/carbon-superbrush\/","name":"J\u00e4neke Carbon Superbrush - Schnell trocknend","isPartOf":{"@id":"https:\/\/janeke1830.it\/#website"},"primaryImageOfPage":{"@id":"https:\/\/janeke1830.it\/de\/prodotto\/carbon-superbrush\/#primaryimage"},"image":{"@id":"https:\/\/janeke1830.it\/de\/prodotto\/carbon-superbrush\/#primaryimage"},"thumbnailUrl":"https:\/\/janeke1830.it\/wp-content\/uploads\/2026\/01\/spazzola-superbrush-carbonio-55sp226.png","datePublished":"2026-01-02T19:07:34+00:00","dateModified":"2026-03-03T10:47:31+00:00","description":"J\u00e4neke Carbon Superbrush: ideal unter Wasser und f\u00fcr Masken. Wabenf\u00f6rmige Basis f\u00fcr schnelles Trocknen. Versuchen Sie es jetzt!","breadcrumb":{"@id":"https:\/\/janeke1830.it\/de\/prodotto\/carbon-superbrush\/#breadcrumb"},"inLanguage":"de","potentialAction":[{"@type":"ReadAction","target":["https:\/\/janeke1830.it\/de\/prodotto\/carbon-superbrush\/"]}]},{"@type":"ImageObject","inLanguage":"de","@id":"https:\/\/janeke1830.it\/de\/prodotto\/carbon-superbrush\/#primaryimage","url":"https:\/\/janeke1830.it\/wp-content\/uploads\/2026\/01\/spazzola-superbrush-carbonio-55sp226.png","contentUrl":"https:\/\/janeke1830.it\/wp-content\/uploads\/2026\/01\/spazzola-superbrush-carbonio-55sp226.png","width":1024,"height":1024,"caption":"Spazzola Superbrush carbonio J\u00e4neke professionale anti-strappo e districante"},{"@type":"BreadcrumbList","@id":"https:\/\/janeke1830.it\/de\/prodotto\/carbon-superbrush\/#breadcrumb","itemListElement":[{"@type":"ListItem","position":1,"name":"Home","item":"https:\/\/janeke1830.it\/de\/startseite\/"},{"@type":"ListItem","position":2,"name":"Shop","item":"https:\/\/janeke1830.it\/de\/shop\/"},{"@type":"ListItem","position":3,"name":"Carbon Superbrush"}]},{"@type":"WebSite","@id":"https:\/\/janeke1830.it\/#website","url":"https:\/\/janeke1830.it\/","name":"J\u00e4neke 1830","description":"","publisher":{"@id":"https:\/\/janeke1830.it\/#organization"},"potentialAction":[{"@type":"SearchAction","target":{"@type":"EntryPoint","urlTemplate":"https:\/\/janeke1830.it\/?s={search_term_string}"},"query-input":{"@type":"PropertyValueSpecification","valueRequired":true,"valueName":"search_term_string"}}],"inLanguage":"de"},{"@type":"Organization","@id":"https:\/\/janeke1830.it\/#organization","name":"J\u00e4neke 1830","url":"https:\/\/janeke1830.it\/","logo":{"@type":"ImageObject","inLanguage":"de","@id":"https:\/\/janeke1830.it\/#\/schema\/logo\/image\/","url":"https:\/\/janeke1830.it\/wp-content\/uploads\/2025\/12\/logo-nero-janeke.png","contentUrl":"https:\/\/janeke1830.it\/wp-content\/uploads\/2025\/12\/logo-nero-janeke.png","width":1824,"height":829,"caption":"J\u00e4neke 1830"},"image":{"@id":"https:\/\/janeke1830.it\/#\/schema\/logo\/image\/"},"sameAs":["https:\/\/www.facebook.com\/janeke1830","https:\/\/www.instagram.com\/janeke1830official","https:\/\/www.linkedin.com\/company\/giorgio-janeke-s-r-l-\/"]}]}},"_links":{"self":[{"href":"https:\/\/janeke1830.it\/de\/wp-json\/wp\/v2\/product\/11409","targetHints":{"allow":["GET"]}}],"collection":[{"href":"https:\/\/janeke1830.it\/de\/wp-json\/wp\/v2\/product"}],"about":[{"href":"https:\/\/janeke1830.it\/de\/wp-json\/wp\/v2\/types\/product"}],"replies":[{"embeddable":true,"href":"https:\/\/janeke1830.it\/de\/wp-json\/wp\/v2\/comments?post=11409"}],"wp:featuredmedia":[{"embeddable":true,"href":"https:\/\/janeke1830.it\/de\/wp-json\/wp\/v2\/media\/942"}],"wp:attachment":[{"href":"https:\/\/janeke1830.it\/de\/wp-json\/wp\/v2\/media?parent=11409"}],"wp:term":[{"taxonomy":"product_brand","embeddable":true,"href":"https:\/\/janeke1830.it\/de\/wp-json\/wp\/v2\/product_brand?post=11409"},{"taxonomy":"product_cat","embeddable":true,"href":"https:\/\/janeke1830.it\/de\/wp-json\/wp\/v2\/product_cat?post=11409"},{"taxonomy":"product_tag","embeddable":true,"href":"https:\/\/janeke1830.it\/de\/wp-json\/wp\/v2\/product_tag?post=11409"}],"curies":[{"name":"wp","href":"https:\/\/api.w.org\/{rel}","templated":true}]}}