{"id":11391,"date":"2026-01-09T15:34:31","date_gmt":"2026-01-09T14:34:31","guid":{"rendered":"https:\/\/janeke1830.it\/prodotto\/toilettenkamm-spaerlich-gross-tokio-mit-lederetui\/"},"modified":"2026-03-03T11:47:32","modified_gmt":"2026-03-03T10:47:32","slug":"toilettenkamm-spaerlich-gross-tokio-mit-lederetui","status":"publish","type":"product","link":"https:\/\/janeke1830.it\/de\/prodotto\/toilettenkamm-spaerlich-gross-tokio-mit-lederetui\/","title":{"rendered":"Toilettenkamm sp\u00e4rlich gro\u00df Tokio mit Lederetui"},"content":{"rendered":"","protected":false},"excerpt":{"rendered":"<p>Der <strong>Tokyo Janeke Gro\u00dfer Toilettenkamm<\/strong> wurde f\u00fcr den professionellen und privaten Gebrauch entwickelt und eignet sich ideal zum Entwirren und K\u00e4mmen von Haaren aller Art mit Pr\u00e4zision und Feingef\u00fchl. Die gr\u00f6\u00dfere L\u00e4nge erleichtert die Arbeit an gro\u00dfen Locken und sorgt f\u00fcr ein gleichm\u00e4\u00dfiges, knotenfreies Styling. <\/p>\n<p>Das im Paket enthaltene elegante Lederetui sch\u00fctzt den Kamm vor Staub und St\u00f6\u00dfen und ist praktisch f\u00fcr die Aufbewahrung und den Transport. Es kombiniert Funktionalit\u00e4t, Ergonomie und den unverwechselbaren Stil der Marke Janeke. <\/p>\n","protected":false},"featured_media":9651,"comment_status":"closed","ping_status":"closed","template":"","meta":[],"product_brand":[1021],"product_cat":[1029],"product_tag":[1239],"class_list":{"0":"post-11391","1":"product","2":"type-product","3":"status-publish","4":"has-post-thumbnail","6":"product_brand-luxury","7":"product_cat-kamme","8":"product_tag-tokio","10":"first","11":"instock","12":"shipping-taxable","13":"purchasable","14":"product-type-simple"},"yoast_head":"<!-- This site is optimized with the Yoast SEO plugin v27.6 - https:\/\/yoast.com\/product\/yoast-seo-wordpress\/ -->\n<title>Toilettenkamm Large Tokyo mit Lederetui - J\u00e4neke 1830<\/title>\n<meta name=\"description\" content=\"Toilettenkamm sparse large Tokyo mit J\u00e4neke Lederetui: doppelte Z\u00e4hne f\u00fcr breite Schl\u00f6sser. Inklusive stilvollem Etui. W\u00e4hlen Sie ihn aus!\" \/>\n<meta name=\"robots\" content=\"index, follow, max-snippet:-1, max-image-preview:large, max-video-preview:-1\" \/>\n<link rel=\"canonical\" href=\"https:\/\/janeke1830.it\/de\/prodotto\/toilettenkamm-spaerlich-gross-tokio-mit-lederetui\/\" \/>\n<meta property=\"og:locale\" content=\"de_DE\" \/>\n<meta property=\"og:type\" content=\"article\" \/>\n<meta property=\"og:title\" content=\"Toilettenkamm Large Tokyo mit Lederetui - J\u00e4neke 1830\" \/>\n<meta property=\"og:description\" content=\"Toilettenkamm sparse large Tokyo mit J\u00e4neke Lederetui: doppelte Z\u00e4hne f\u00fcr breite Schl\u00f6sser. Inklusive stilvollem Etui. W\u00e4hlen Sie ihn aus!\" \/>\n<meta property=\"og:url\" content=\"https:\/\/janeke1830.it\/de\/prodotto\/toilettenkamm-spaerlich-gross-tokio-mit-lederetui\/\" \/>\n<meta property=\"og:site_name\" content=\"J\u00e4neke\" \/>\n<meta property=\"article:publisher\" content=\"https:\/\/www.facebook.com\/janeke1830\" \/>\n<meta property=\"article:modified_time\" content=\"2026-03-03T10:47:32+00:00\" \/>\n<meta property=\"og:image\" content=\"https:\/\/janeke1830.it\/wp-content\/uploads\/2026\/01\/Ja_4937_2025.png\" \/>\n\t<meta property=\"og:image:width\" content=\"1024\" \/>\n\t<meta property=\"og:image:height\" content=\"1024\" \/>\n\t<meta property=\"og:image:type\" content=\"image\/png\" \/>\n<meta name=\"twitter:card\" content=\"summary_large_image\" \/>\n<script type=\"application\/ld+json\" class=\"yoast-schema-graph\">{\"@context\":\"https:\\\/\\\/schema.org\",\"@graph\":[{\"@type\":\"WebPage\",\"@id\":\"https:\\\/\\\/janeke1830.it\\\/de\\\/prodotto\\\/toilettenkamm-spaerlich-gross-tokio-mit-lederetui\\\/\",\"url\":\"https:\\\/\\\/janeke1830.it\\\/de\\\/prodotto\\\/toilettenkamm-spaerlich-gross-tokio-mit-lederetui\\\/\",\"name\":\"Toilettenkamm Large Tokyo mit Lederetui - J\u00e4neke 1830\",\"isPartOf\":{\"@id\":\"https:\\\/\\\/janeke1830.it\\\/#website\"},\"primaryImageOfPage\":{\"@id\":\"https:\\\/\\\/janeke1830.it\\\/de\\\/prodotto\\\/toilettenkamm-spaerlich-gross-tokio-mit-lederetui\\\/#primaryimage\"},\"image\":{\"@id\":\"https:\\\/\\\/janeke1830.it\\\/de\\\/prodotto\\\/toilettenkamm-spaerlich-gross-tokio-mit-lederetui\\\/#primaryimage\"},\"thumbnailUrl\":\"https:\\\/\\\/janeke1830.it\\\/wp-content\\\/uploads\\\/2026\\\/01\\\/pettine-grande-tokyo-astuccio-ja_4937_2025.png\",\"datePublished\":\"2026-01-09T14:34:31+00:00\",\"dateModified\":\"2026-03-03T10:47:32+00:00\",\"description\":\"Toilettenkamm sparse large Tokyo mit J\u00e4neke Lederetui: doppelte Z\u00e4hne f\u00fcr breite Schl\u00f6sser. Inklusive stilvollem Etui. W\u00e4hlen Sie ihn aus!\",\"breadcrumb\":{\"@id\":\"https:\\\/\\\/janeke1830.it\\\/de\\\/prodotto\\\/toilettenkamm-spaerlich-gross-tokio-mit-lederetui\\\/#breadcrumb\"},\"inLanguage\":\"de\",\"potentialAction\":[{\"@type\":\"ReadAction\",\"target\":[\"https:\\\/\\\/janeke1830.it\\\/de\\\/prodotto\\\/toilettenkamm-spaerlich-gross-tokio-mit-lederetui\\\/\"]}]},{\"@type\":\"ImageObject\",\"inLanguage\":\"de\",\"@id\":\"https:\\\/\\\/janeke1830.it\\\/de\\\/prodotto\\\/toilettenkamm-spaerlich-gross-tokio-mit-lederetui\\\/#primaryimage\",\"url\":\"https:\\\/\\\/janeke1830.it\\\/wp-content\\\/uploads\\\/2026\\\/01\\\/pettine-grande-tokyo-astuccio-ja_4937_2025.png\",\"contentUrl\":\"https:\\\/\\\/janeke1830.it\\\/wp-content\\\/uploads\\\/2026\\\/01\\\/pettine-grande-tokyo-astuccio-ja_4937_2025.png\",\"width\":1024,\"height\":1024,\"caption\":\"Pettine Toilet Comb grande Tokyo rado e fitto con astuccio cuoio J\u00e4neke\"},{\"@type\":\"BreadcrumbList\",\"@id\":\"https:\\\/\\\/janeke1830.it\\\/de\\\/prodotto\\\/toilettenkamm-spaerlich-gross-tokio-mit-lederetui\\\/#breadcrumb\",\"itemListElement\":[{\"@type\":\"ListItem\",\"position\":1,\"name\":\"Home\",\"item\":\"https:\\\/\\\/janeke1830.it\\\/de\\\/startseite\\\/\"},{\"@type\":\"ListItem\",\"position\":2,\"name\":\"Shop\",\"item\":\"https:\\\/\\\/janeke1830.it\\\/de\\\/shop\\\/\"},{\"@type\":\"ListItem\",\"position\":3,\"name\":\"Toilettenkamm sp\u00e4rlich gro\u00df Tokio mit Lederetui\"}]},{\"@type\":\"WebSite\",\"@id\":\"https:\\\/\\\/janeke1830.it\\\/#website\",\"url\":\"https:\\\/\\\/janeke1830.it\\\/\",\"name\":\"J\u00e4neke 1830\",\"description\":\"\",\"publisher\":{\"@id\":\"https:\\\/\\\/janeke1830.it\\\/#organization\"},\"potentialAction\":[{\"@type\":\"SearchAction\",\"target\":{\"@type\":\"EntryPoint\",\"urlTemplate\":\"https:\\\/\\\/janeke1830.it\\\/?s={search_term_string}\"},\"query-input\":{\"@type\":\"PropertyValueSpecification\",\"valueRequired\":true,\"valueName\":\"search_term_string\"}}],\"inLanguage\":\"de\"},{\"@type\":\"Organization\",\"@id\":\"https:\\\/\\\/janeke1830.it\\\/#organization\",\"name\":\"J\u00e4neke 1830\",\"url\":\"https:\\\/\\\/janeke1830.it\\\/\",\"logo\":{\"@type\":\"ImageObject\",\"inLanguage\":\"de\",\"@id\":\"https:\\\/\\\/janeke1830.it\\\/#\\\/schema\\\/logo\\\/image\\\/\",\"url\":\"https:\\\/\\\/janeke1830.it\\\/wp-content\\\/uploads\\\/2025\\\/12\\\/logo-nero-janeke.png\",\"contentUrl\":\"https:\\\/\\\/janeke1830.it\\\/wp-content\\\/uploads\\\/2025\\\/12\\\/logo-nero-janeke.png\",\"width\":1824,\"height\":829,\"caption\":\"J\u00e4neke 1830\"},\"image\":{\"@id\":\"https:\\\/\\\/janeke1830.it\\\/#\\\/schema\\\/logo\\\/image\\\/\"},\"sameAs\":[\"https:\\\/\\\/www.facebook.com\\\/janeke1830\",\"https:\\\/\\\/www.instagram.com\\\/janeke1830official\",\"https:\\\/\\\/www.linkedin.com\\\/company\\\/giorgio-janeke-s-r-l-\\\/\"]}]}<\/script>\n<!-- \/ Yoast SEO plugin. -->","yoast_head_json":{"title":"Toilettenkamm Large Tokyo mit Lederetui - J\u00e4neke 1830","description":"Toilettenkamm sparse large Tokyo mit J\u00e4neke Lederetui: doppelte Z\u00e4hne f\u00fcr breite Schl\u00f6sser. Inklusive stilvollem Etui. W\u00e4hlen Sie ihn aus!","robots":{"index":"index","follow":"follow","max-snippet":"max-snippet:-1","max-image-preview":"max-image-preview:large","max-video-preview":"max-video-preview:-1"},"canonical":"https:\/\/janeke1830.it\/de\/prodotto\/toilettenkamm-spaerlich-gross-tokio-mit-lederetui\/","og_locale":"de_DE","og_type":"article","og_title":"Toilettenkamm Large Tokyo mit Lederetui - J\u00e4neke 1830","og_description":"Toilettenkamm sparse large Tokyo mit J\u00e4neke Lederetui: doppelte Z\u00e4hne f\u00fcr breite Schl\u00f6sser. Inklusive stilvollem Etui. W\u00e4hlen Sie ihn aus!","og_url":"https:\/\/janeke1830.it\/de\/prodotto\/toilettenkamm-spaerlich-gross-tokio-mit-lederetui\/","og_site_name":"J\u00e4neke","article_publisher":"https:\/\/www.facebook.com\/janeke1830","article_modified_time":"2026-03-03T10:47:32+00:00","og_image":[{"width":1024,"height":1024,"url":"https:\/\/janeke1830.it\/wp-content\/uploads\/2026\/01\/Ja_4937_2025.png","type":"image\/png"}],"twitter_card":"summary_large_image","schema":{"@context":"https:\/\/schema.org","@graph":[{"@type":"WebPage","@id":"https:\/\/janeke1830.it\/de\/prodotto\/toilettenkamm-spaerlich-gross-tokio-mit-lederetui\/","url":"https:\/\/janeke1830.it\/de\/prodotto\/toilettenkamm-spaerlich-gross-tokio-mit-lederetui\/","name":"Toilettenkamm Large Tokyo mit Lederetui - J\u00e4neke 1830","isPartOf":{"@id":"https:\/\/janeke1830.it\/#website"},"primaryImageOfPage":{"@id":"https:\/\/janeke1830.it\/de\/prodotto\/toilettenkamm-spaerlich-gross-tokio-mit-lederetui\/#primaryimage"},"image":{"@id":"https:\/\/janeke1830.it\/de\/prodotto\/toilettenkamm-spaerlich-gross-tokio-mit-lederetui\/#primaryimage"},"thumbnailUrl":"https:\/\/janeke1830.it\/wp-content\/uploads\/2026\/01\/pettine-grande-tokyo-astuccio-ja_4937_2025.png","datePublished":"2026-01-09T14:34:31+00:00","dateModified":"2026-03-03T10:47:32+00:00","description":"Toilettenkamm sparse large Tokyo mit J\u00e4neke Lederetui: doppelte Z\u00e4hne f\u00fcr breite Schl\u00f6sser. Inklusive stilvollem Etui. W\u00e4hlen Sie ihn aus!","breadcrumb":{"@id":"https:\/\/janeke1830.it\/de\/prodotto\/toilettenkamm-spaerlich-gross-tokio-mit-lederetui\/#breadcrumb"},"inLanguage":"de","potentialAction":[{"@type":"ReadAction","target":["https:\/\/janeke1830.it\/de\/prodotto\/toilettenkamm-spaerlich-gross-tokio-mit-lederetui\/"]}]},{"@type":"ImageObject","inLanguage":"de","@id":"https:\/\/janeke1830.it\/de\/prodotto\/toilettenkamm-spaerlich-gross-tokio-mit-lederetui\/#primaryimage","url":"https:\/\/janeke1830.it\/wp-content\/uploads\/2026\/01\/pettine-grande-tokyo-astuccio-ja_4937_2025.png","contentUrl":"https:\/\/janeke1830.it\/wp-content\/uploads\/2026\/01\/pettine-grande-tokyo-astuccio-ja_4937_2025.png","width":1024,"height":1024,"caption":"Pettine Toilet Comb grande Tokyo rado e fitto con astuccio cuoio J\u00e4neke"},{"@type":"BreadcrumbList","@id":"https:\/\/janeke1830.it\/de\/prodotto\/toilettenkamm-spaerlich-gross-tokio-mit-lederetui\/#breadcrumb","itemListElement":[{"@type":"ListItem","position":1,"name":"Home","item":"https:\/\/janeke1830.it\/de\/startseite\/"},{"@type":"ListItem","position":2,"name":"Shop","item":"https:\/\/janeke1830.it\/de\/shop\/"},{"@type":"ListItem","position":3,"name":"Toilettenkamm sp\u00e4rlich gro\u00df Tokio mit Lederetui"}]},{"@type":"WebSite","@id":"https:\/\/janeke1830.it\/#website","url":"https:\/\/janeke1830.it\/","name":"J\u00e4neke 1830","description":"","publisher":{"@id":"https:\/\/janeke1830.it\/#organization"},"potentialAction":[{"@type":"SearchAction","target":{"@type":"EntryPoint","urlTemplate":"https:\/\/janeke1830.it\/?s={search_term_string}"},"query-input":{"@type":"PropertyValueSpecification","valueRequired":true,"valueName":"search_term_string"}}],"inLanguage":"de"},{"@type":"Organization","@id":"https:\/\/janeke1830.it\/#organization","name":"J\u00e4neke 1830","url":"https:\/\/janeke1830.it\/","logo":{"@type":"ImageObject","inLanguage":"de","@id":"https:\/\/janeke1830.it\/#\/schema\/logo\/image\/","url":"https:\/\/janeke1830.it\/wp-content\/uploads\/2025\/12\/logo-nero-janeke.png","contentUrl":"https:\/\/janeke1830.it\/wp-content\/uploads\/2025\/12\/logo-nero-janeke.png","width":1824,"height":829,"caption":"J\u00e4neke 1830"},"image":{"@id":"https:\/\/janeke1830.it\/#\/schema\/logo\/image\/"},"sameAs":["https:\/\/www.facebook.com\/janeke1830","https:\/\/www.instagram.com\/janeke1830official","https:\/\/www.linkedin.com\/company\/giorgio-janeke-s-r-l-\/"]}]}},"_links":{"self":[{"href":"https:\/\/janeke1830.it\/de\/wp-json\/wp\/v2\/product\/11391","targetHints":{"allow":["GET"]}}],"collection":[{"href":"https:\/\/janeke1830.it\/de\/wp-json\/wp\/v2\/product"}],"about":[{"href":"https:\/\/janeke1830.it\/de\/wp-json\/wp\/v2\/types\/product"}],"replies":[{"embeddable":true,"href":"https:\/\/janeke1830.it\/de\/wp-json\/wp\/v2\/comments?post=11391"}],"wp:featuredmedia":[{"embeddable":true,"href":"https:\/\/janeke1830.it\/de\/wp-json\/wp\/v2\/media\/9651"}],"wp:attachment":[{"href":"https:\/\/janeke1830.it\/de\/wp-json\/wp\/v2\/media?parent=11391"}],"wp:term":[{"taxonomy":"product_brand","embeddable":true,"href":"https:\/\/janeke1830.it\/de\/wp-json\/wp\/v2\/product_brand?post=11391"},{"taxonomy":"product_cat","embeddable":true,"href":"https:\/\/janeke1830.it\/de\/wp-json\/wp\/v2\/product_cat?post=11391"},{"taxonomy":"product_tag","embeddable":true,"href":"https:\/\/janeke1830.it\/de\/wp-json\/wp\/v2\/product_tag?post=11391"}],"curies":[{"name":"wp","href":"https:\/\/api.w.org\/{rel}","templated":true}]}}