{"id":11389,"date":"2026-01-09T15:18:23","date_gmt":"2026-01-09T14:18:23","guid":{"rendered":"https:\/\/janeke1830.it\/prodotto\/geschenkbox-mit-grossem-tokyo-pinsel\/"},"modified":"2026-03-03T11:47:32","modified_gmt":"2026-03-03T10:47:32","slug":"geschenkbox-mit-grossem-tokyo-pinsel","status":"publish","type":"product","link":"https:\/\/janeke1830.it\/de\/prodotto\/geschenkbox-mit-grossem-tokyo-pinsel\/","title":{"rendered":"Geschenkbox mit gro\u00dfem Tokyo Pinsel"},"content":{"rendered":"","protected":false},"excerpt":{"rendered":"<p>Die <strong>Janeke Geschenkbox mit gro\u00dfer Tokio-B\u00fcrste<\/strong> ist die perfekte Idee, um diejenigen zu \u00fcberraschen, die es lieben, ihr Haar mit Stil zu pflegen. In der Box finden Sie eine professionelle B\u00fcrste mit hochwertigen Borsten, die das Haar sanft entwirrt und es vor Haarbruch und Kr\u00e4useln sch\u00fctzt. <\/p>\n<p>Das elegante und mit Liebe zum Detail gestaltete Paket ist sofort einsatzbereit und vereint Funktionalit\u00e4t, raffiniertes Design und die Zuverl\u00e4ssigkeit der Marke Janeke.<\/p>\n","protected":false},"featured_media":9653,"comment_status":"closed","ping_status":"closed","template":"","meta":[],"product_brand":[1021],"product_cat":[1032],"product_tag":[1239],"class_list":{"0":"post-11389","1":"product","2":"type-product","3":"status-publish","4":"has-post-thumbnail","6":"product_brand-luxury","7":"product_cat-pinsel","8":"product_tag-tokio","10":"first","11":"instock","12":"shipping-taxable","13":"purchasable","14":"product-type-simple"},"yoast_head":"<!-- This site is optimized with the Yoast SEO plugin v27.6 - https:\/\/yoast.com\/product\/yoast-seo-wordpress\/ -->\n<title>Tokyo Gro\u00dfer Pinsel Geschenkbox - J\u00e4neke 1830<\/title>\n<meta name=\"description\" content=\"Machen Sie ein besonderes Geschenk: Geschenkbox mit J\u00e4neke Big Tokyo Brush. Professionelles Styling in eleganter Verpackung. Kaufen Sie es jetzt!\" \/>\n<meta name=\"robots\" content=\"index, follow, max-snippet:-1, max-image-preview:large, max-video-preview:-1\" \/>\n<link rel=\"canonical\" href=\"https:\/\/janeke1830.it\/de\/prodotto\/geschenkbox-mit-grossem-tokyo-pinsel\/\" \/>\n<meta property=\"og:locale\" content=\"de_DE\" \/>\n<meta property=\"og:type\" content=\"article\" \/>\n<meta property=\"og:title\" content=\"Tokyo Gro\u00dfer Pinsel Geschenkbox - J\u00e4neke 1830\" \/>\n<meta property=\"og:description\" content=\"Machen Sie ein besonderes Geschenk: Geschenkbox mit J\u00e4neke Big Tokyo Brush. Professionelles Styling in eleganter Verpackung. Kaufen Sie es jetzt!\" \/>\n<meta property=\"og:url\" content=\"https:\/\/janeke1830.it\/de\/prodotto\/geschenkbox-mit-grossem-tokyo-pinsel\/\" \/>\n<meta property=\"og:site_name\" content=\"J\u00e4neke\" \/>\n<meta property=\"article:publisher\" content=\"https:\/\/www.facebook.com\/janeke1830\" \/>\n<meta property=\"article:modified_time\" content=\"2026-03-03T10:47:32+00:00\" \/>\n<meta property=\"og:image\" content=\"https:\/\/janeke1830.it\/wp-content\/uploads\/2026\/01\/SCA63.png\" \/>\n\t<meta property=\"og:image:width\" content=\"1024\" \/>\n\t<meta property=\"og:image:height\" content=\"1024\" \/>\n\t<meta property=\"og:image:type\" content=\"image\/png\" \/>\n<meta name=\"twitter:card\" content=\"summary_large_image\" \/>\n<script type=\"application\/ld+json\" class=\"yoast-schema-graph\">{\"@context\":\"https:\\\/\\\/schema.org\",\"@graph\":[{\"@type\":\"WebPage\",\"@id\":\"https:\\\/\\\/janeke1830.it\\\/de\\\/prodotto\\\/geschenkbox-mit-grossem-tokyo-pinsel\\\/\",\"url\":\"https:\\\/\\\/janeke1830.it\\\/de\\\/prodotto\\\/geschenkbox-mit-grossem-tokyo-pinsel\\\/\",\"name\":\"Tokyo Gro\u00dfer Pinsel Geschenkbox - J\u00e4neke 1830\",\"isPartOf\":{\"@id\":\"https:\\\/\\\/janeke1830.it\\\/#website\"},\"primaryImageOfPage\":{\"@id\":\"https:\\\/\\\/janeke1830.it\\\/de\\\/prodotto\\\/geschenkbox-mit-grossem-tokyo-pinsel\\\/#primaryimage\"},\"image\":{\"@id\":\"https:\\\/\\\/janeke1830.it\\\/de\\\/prodotto\\\/geschenkbox-mit-grossem-tokyo-pinsel\\\/#primaryimage\"},\"thumbnailUrl\":\"https:\\\/\\\/janeke1830.it\\\/wp-content\\\/uploads\\\/2026\\\/01\\\/scatola-regalo-spazzola-tokyo-grande-sca63.png\",\"datePublished\":\"2026-01-09T14:18:23+00:00\",\"dateModified\":\"2026-03-03T10:47:32+00:00\",\"description\":\"Machen Sie ein besonderes Geschenk: Geschenkbox mit J\u00e4neke Big Tokyo Brush. Professionelles Styling in eleganter Verpackung. Kaufen Sie es jetzt!\",\"breadcrumb\":{\"@id\":\"https:\\\/\\\/janeke1830.it\\\/de\\\/prodotto\\\/geschenkbox-mit-grossem-tokyo-pinsel\\\/#breadcrumb\"},\"inLanguage\":\"de\",\"potentialAction\":[{\"@type\":\"ReadAction\",\"target\":[\"https:\\\/\\\/janeke1830.it\\\/de\\\/prodotto\\\/geschenkbox-mit-grossem-tokyo-pinsel\\\/\"]}]},{\"@type\":\"ImageObject\",\"inLanguage\":\"de\",\"@id\":\"https:\\\/\\\/janeke1830.it\\\/de\\\/prodotto\\\/geschenkbox-mit-grossem-tokyo-pinsel\\\/#primaryimage\",\"url\":\"https:\\\/\\\/janeke1830.it\\\/wp-content\\\/uploads\\\/2026\\\/01\\\/scatola-regalo-spazzola-tokyo-grande-sca63.png\",\"contentUrl\":\"https:\\\/\\\/janeke1830.it\\\/wp-content\\\/uploads\\\/2026\\\/01\\\/scatola-regalo-spazzola-tokyo-grande-sca63.png\",\"width\":1024,\"height\":1024,\"caption\":\"Scatola regalo J\u00e4neke con spazzola Tokyo grande professionale anti-crespo\"},{\"@type\":\"BreadcrumbList\",\"@id\":\"https:\\\/\\\/janeke1830.it\\\/de\\\/prodotto\\\/geschenkbox-mit-grossem-tokyo-pinsel\\\/#breadcrumb\",\"itemListElement\":[{\"@type\":\"ListItem\",\"position\":1,\"name\":\"Home\",\"item\":\"https:\\\/\\\/janeke1830.it\\\/de\\\/startseite\\\/\"},{\"@type\":\"ListItem\",\"position\":2,\"name\":\"Shop\",\"item\":\"https:\\\/\\\/janeke1830.it\\\/de\\\/shop\\\/\"},{\"@type\":\"ListItem\",\"position\":3,\"name\":\"Geschenkbox mit gro\u00dfem Tokyo Pinsel\"}]},{\"@type\":\"WebSite\",\"@id\":\"https:\\\/\\\/janeke1830.it\\\/#website\",\"url\":\"https:\\\/\\\/janeke1830.it\\\/\",\"name\":\"J\u00e4neke 1830\",\"description\":\"\",\"publisher\":{\"@id\":\"https:\\\/\\\/janeke1830.it\\\/#organization\"},\"potentialAction\":[{\"@type\":\"SearchAction\",\"target\":{\"@type\":\"EntryPoint\",\"urlTemplate\":\"https:\\\/\\\/janeke1830.it\\\/?s={search_term_string}\"},\"query-input\":{\"@type\":\"PropertyValueSpecification\",\"valueRequired\":true,\"valueName\":\"search_term_string\"}}],\"inLanguage\":\"de\"},{\"@type\":\"Organization\",\"@id\":\"https:\\\/\\\/janeke1830.it\\\/#organization\",\"name\":\"J\u00e4neke 1830\",\"url\":\"https:\\\/\\\/janeke1830.it\\\/\",\"logo\":{\"@type\":\"ImageObject\",\"inLanguage\":\"de\",\"@id\":\"https:\\\/\\\/janeke1830.it\\\/#\\\/schema\\\/logo\\\/image\\\/\",\"url\":\"https:\\\/\\\/janeke1830.it\\\/wp-content\\\/uploads\\\/2025\\\/12\\\/logo-nero-janeke.png\",\"contentUrl\":\"https:\\\/\\\/janeke1830.it\\\/wp-content\\\/uploads\\\/2025\\\/12\\\/logo-nero-janeke.png\",\"width\":1824,\"height\":829,\"caption\":\"J\u00e4neke 1830\"},\"image\":{\"@id\":\"https:\\\/\\\/janeke1830.it\\\/#\\\/schema\\\/logo\\\/image\\\/\"},\"sameAs\":[\"https:\\\/\\\/www.facebook.com\\\/janeke1830\",\"https:\\\/\\\/www.instagram.com\\\/janeke1830official\",\"https:\\\/\\\/www.linkedin.com\\\/company\\\/giorgio-janeke-s-r-l-\\\/\"]}]}<\/script>\n<!-- \/ Yoast SEO plugin. -->","yoast_head_json":{"title":"Tokyo Gro\u00dfer Pinsel Geschenkbox - J\u00e4neke 1830","description":"Machen Sie ein besonderes Geschenk: Geschenkbox mit J\u00e4neke Big Tokyo Brush. Professionelles Styling in eleganter Verpackung. Kaufen Sie es jetzt!","robots":{"index":"index","follow":"follow","max-snippet":"max-snippet:-1","max-image-preview":"max-image-preview:large","max-video-preview":"max-video-preview:-1"},"canonical":"https:\/\/janeke1830.it\/de\/prodotto\/geschenkbox-mit-grossem-tokyo-pinsel\/","og_locale":"de_DE","og_type":"article","og_title":"Tokyo Gro\u00dfer Pinsel Geschenkbox - J\u00e4neke 1830","og_description":"Machen Sie ein besonderes Geschenk: Geschenkbox mit J\u00e4neke Big Tokyo Brush. Professionelles Styling in eleganter Verpackung. Kaufen Sie es jetzt!","og_url":"https:\/\/janeke1830.it\/de\/prodotto\/geschenkbox-mit-grossem-tokyo-pinsel\/","og_site_name":"J\u00e4neke","article_publisher":"https:\/\/www.facebook.com\/janeke1830","article_modified_time":"2026-03-03T10:47:32+00:00","og_image":[{"width":1024,"height":1024,"url":"https:\/\/janeke1830.it\/wp-content\/uploads\/2026\/01\/SCA63.png","type":"image\/png"}],"twitter_card":"summary_large_image","schema":{"@context":"https:\/\/schema.org","@graph":[{"@type":"WebPage","@id":"https:\/\/janeke1830.it\/de\/prodotto\/geschenkbox-mit-grossem-tokyo-pinsel\/","url":"https:\/\/janeke1830.it\/de\/prodotto\/geschenkbox-mit-grossem-tokyo-pinsel\/","name":"Tokyo Gro\u00dfer Pinsel Geschenkbox - J\u00e4neke 1830","isPartOf":{"@id":"https:\/\/janeke1830.it\/#website"},"primaryImageOfPage":{"@id":"https:\/\/janeke1830.it\/de\/prodotto\/geschenkbox-mit-grossem-tokyo-pinsel\/#primaryimage"},"image":{"@id":"https:\/\/janeke1830.it\/de\/prodotto\/geschenkbox-mit-grossem-tokyo-pinsel\/#primaryimage"},"thumbnailUrl":"https:\/\/janeke1830.it\/wp-content\/uploads\/2026\/01\/scatola-regalo-spazzola-tokyo-grande-sca63.png","datePublished":"2026-01-09T14:18:23+00:00","dateModified":"2026-03-03T10:47:32+00:00","description":"Machen Sie ein besonderes Geschenk: Geschenkbox mit J\u00e4neke Big Tokyo Brush. Professionelles Styling in eleganter Verpackung. Kaufen Sie es jetzt!","breadcrumb":{"@id":"https:\/\/janeke1830.it\/de\/prodotto\/geschenkbox-mit-grossem-tokyo-pinsel\/#breadcrumb"},"inLanguage":"de","potentialAction":[{"@type":"ReadAction","target":["https:\/\/janeke1830.it\/de\/prodotto\/geschenkbox-mit-grossem-tokyo-pinsel\/"]}]},{"@type":"ImageObject","inLanguage":"de","@id":"https:\/\/janeke1830.it\/de\/prodotto\/geschenkbox-mit-grossem-tokyo-pinsel\/#primaryimage","url":"https:\/\/janeke1830.it\/wp-content\/uploads\/2026\/01\/scatola-regalo-spazzola-tokyo-grande-sca63.png","contentUrl":"https:\/\/janeke1830.it\/wp-content\/uploads\/2026\/01\/scatola-regalo-spazzola-tokyo-grande-sca63.png","width":1024,"height":1024,"caption":"Scatola regalo J\u00e4neke con spazzola Tokyo grande professionale anti-crespo"},{"@type":"BreadcrumbList","@id":"https:\/\/janeke1830.it\/de\/prodotto\/geschenkbox-mit-grossem-tokyo-pinsel\/#breadcrumb","itemListElement":[{"@type":"ListItem","position":1,"name":"Home","item":"https:\/\/janeke1830.it\/de\/startseite\/"},{"@type":"ListItem","position":2,"name":"Shop","item":"https:\/\/janeke1830.it\/de\/shop\/"},{"@type":"ListItem","position":3,"name":"Geschenkbox mit gro\u00dfem Tokyo Pinsel"}]},{"@type":"WebSite","@id":"https:\/\/janeke1830.it\/#website","url":"https:\/\/janeke1830.it\/","name":"J\u00e4neke 1830","description":"","publisher":{"@id":"https:\/\/janeke1830.it\/#organization"},"potentialAction":[{"@type":"SearchAction","target":{"@type":"EntryPoint","urlTemplate":"https:\/\/janeke1830.it\/?s={search_term_string}"},"query-input":{"@type":"PropertyValueSpecification","valueRequired":true,"valueName":"search_term_string"}}],"inLanguage":"de"},{"@type":"Organization","@id":"https:\/\/janeke1830.it\/#organization","name":"J\u00e4neke 1830","url":"https:\/\/janeke1830.it\/","logo":{"@type":"ImageObject","inLanguage":"de","@id":"https:\/\/janeke1830.it\/#\/schema\/logo\/image\/","url":"https:\/\/janeke1830.it\/wp-content\/uploads\/2025\/12\/logo-nero-janeke.png","contentUrl":"https:\/\/janeke1830.it\/wp-content\/uploads\/2025\/12\/logo-nero-janeke.png","width":1824,"height":829,"caption":"J\u00e4neke 1830"},"image":{"@id":"https:\/\/janeke1830.it\/#\/schema\/logo\/image\/"},"sameAs":["https:\/\/www.facebook.com\/janeke1830","https:\/\/www.instagram.com\/janeke1830official","https:\/\/www.linkedin.com\/company\/giorgio-janeke-s-r-l-\/"]}]}},"_links":{"self":[{"href":"https:\/\/janeke1830.it\/de\/wp-json\/wp\/v2\/product\/11389","targetHints":{"allow":["GET"]}}],"collection":[{"href":"https:\/\/janeke1830.it\/de\/wp-json\/wp\/v2\/product"}],"about":[{"href":"https:\/\/janeke1830.it\/de\/wp-json\/wp\/v2\/types\/product"}],"replies":[{"embeddable":true,"href":"https:\/\/janeke1830.it\/de\/wp-json\/wp\/v2\/comments?post=11389"}],"wp:featuredmedia":[{"embeddable":true,"href":"https:\/\/janeke1830.it\/de\/wp-json\/wp\/v2\/media\/9653"}],"wp:attachment":[{"href":"https:\/\/janeke1830.it\/de\/wp-json\/wp\/v2\/media?parent=11389"}],"wp:term":[{"taxonomy":"product_brand","embeddable":true,"href":"https:\/\/janeke1830.it\/de\/wp-json\/wp\/v2\/product_brand?post=11389"},{"taxonomy":"product_cat","embeddable":true,"href":"https:\/\/janeke1830.it\/de\/wp-json\/wp\/v2\/product_cat?post=11389"},{"taxonomy":"product_tag","embeddable":true,"href":"https:\/\/janeke1830.it\/de\/wp-json\/wp\/v2\/product_tag?post=11389"}],"curies":[{"name":"wp","href":"https:\/\/api.w.org\/{rel}","templated":true}]}}