{"id":11386,"date":"2026-01-09T15:39:54","date_gmt":"2026-01-09T14:39:54","guid":{"rendered":"https:\/\/janeke1830.it\/prodotto\/sparsame-kamm-tokyo-handtasche-mit-lederetui\/"},"modified":"2026-03-03T11:47:33","modified_gmt":"2026-03-03T10:47:33","slug":"sparsame-kamm-tokyo-handtasche-mit-lederetui","status":"publish","type":"product","link":"https:\/\/janeke1830.it\/de\/prodotto\/sparsame-kamm-tokyo-handtasche-mit-lederetui\/","title":{"rendered":"Sparsame Kamm Tokyo Handtasche mit Lederetui"},"content":{"rendered":"","protected":false},"excerpt":{"rendered":"<p>Der <strong>Janeke Handtaschenkamm<\/strong> ist das ideale Accessoire f\u00fcr alle, die ihre Haarpflege immer griffbereit haben m\u00f6chten. Er ist kompakt und praktisch und wird mit einem eleganten Lederetui geliefert, das den Kamm vor Staub und St\u00f6\u00dfen sch\u00fctzt, so dass Sie ihn perfekt in Ihrer Handtasche oder auf Reisen mitnehmen k\u00f6nnen. <\/p>\n<p>Die feinen Z\u00e4hne erm\u00f6glichen das Entwirren und Stylen, ohne das Haar zu besch\u00e4digen. Sie kombinieren Funktionalit\u00e4t, raffiniertes Design und die unverwechselbare Qualit\u00e4t der Marke Janeke.<\/p>\n","protected":false},"featured_media":9650,"comment_status":"closed","ping_status":"closed","template":"","meta":[],"product_brand":[1021],"product_cat":[1029],"product_tag":[1239],"class_list":{"0":"post-11386","1":"product","2":"type-product","3":"status-publish","4":"has-post-thumbnail","6":"product_brand-luxury","7":"product_cat-kamme","8":"product_tag-tokio","10":"first","11":"instock","12":"shipping-taxable","13":"purchasable","14":"product-type-simple"},"yoast_head":"<!-- This site is optimized with the Yoast SEO plugin v27.6 - https:\/\/yoast.com\/product\/yoast-seo-wordpress\/ -->\n<title>Rado Tokyo Handtaschenkamm mit Lederetui - J\u00e4neke<\/title>\n<meta name=\"description\" content=\"Der Rado Tokyo Handtaschenkamm mit Lederetui J\u00e4neke kombiniert Stil und Schutz. Kompakt und zart, ideal auf Reisen. Kaufen Sie ihn!\" \/>\n<meta name=\"robots\" content=\"index, follow, max-snippet:-1, max-image-preview:large, max-video-preview:-1\" \/>\n<link rel=\"canonical\" href=\"https:\/\/janeke1830.it\/de\/prodotto\/sparsame-kamm-tokyo-handtasche-mit-lederetui\/\" \/>\n<meta property=\"og:locale\" content=\"de_DE\" \/>\n<meta property=\"og:type\" content=\"article\" \/>\n<meta property=\"og:title\" content=\"Rado Tokyo Handtaschenkamm mit Lederetui - J\u00e4neke\" \/>\n<meta property=\"og:description\" content=\"Der Rado Tokyo Handtaschenkamm mit Lederetui J\u00e4neke kombiniert Stil und Schutz. Kompakt und zart, ideal auf Reisen. Kaufen Sie ihn!\" \/>\n<meta property=\"og:url\" content=\"https:\/\/janeke1830.it\/de\/prodotto\/sparsame-kamm-tokyo-handtasche-mit-lederetui\/\" \/>\n<meta property=\"og:site_name\" content=\"J\u00e4neke\" \/>\n<meta property=\"article:publisher\" content=\"https:\/\/www.facebook.com\/janeke1830\" \/>\n<meta property=\"article:modified_time\" content=\"2026-03-03T10:47:33+00:00\" \/>\n<meta property=\"og:image\" content=\"https:\/\/janeke1830.it\/wp-content\/uploads\/2026\/01\/Ja_4938_2025.png\" \/>\n\t<meta property=\"og:image:width\" content=\"1024\" \/>\n\t<meta property=\"og:image:height\" content=\"1024\" \/>\n\t<meta property=\"og:image:type\" content=\"image\/png\" \/>\n<meta name=\"twitter:card\" content=\"summary_large_image\" \/>\n<script type=\"application\/ld+json\" class=\"yoast-schema-graph\">{\"@context\":\"https:\\\/\\\/schema.org\",\"@graph\":[{\"@type\":\"WebPage\",\"@id\":\"https:\\\/\\\/janeke1830.it\\\/de\\\/prodotto\\\/sparsame-kamm-tokyo-handtasche-mit-lederetui\\\/\",\"url\":\"https:\\\/\\\/janeke1830.it\\\/de\\\/prodotto\\\/sparsame-kamm-tokyo-handtasche-mit-lederetui\\\/\",\"name\":\"Rado Tokyo Handtaschenkamm mit Lederetui - J\u00e4neke\",\"isPartOf\":{\"@id\":\"https:\\\/\\\/janeke1830.it\\\/#website\"},\"primaryImageOfPage\":{\"@id\":\"https:\\\/\\\/janeke1830.it\\\/de\\\/prodotto\\\/sparsame-kamm-tokyo-handtasche-mit-lederetui\\\/#primaryimage\"},\"image\":{\"@id\":\"https:\\\/\\\/janeke1830.it\\\/de\\\/prodotto\\\/sparsame-kamm-tokyo-handtasche-mit-lederetui\\\/#primaryimage\"},\"thumbnailUrl\":\"https:\\\/\\\/janeke1830.it\\\/wp-content\\\/uploads\\\/2026\\\/01\\\/pettine-borsetta-tokyo-astuccio-ja_4938_2025.png\",\"datePublished\":\"2026-01-09T14:39:54+00:00\",\"dateModified\":\"2026-03-03T10:47:33+00:00\",\"description\":\"Der Rado Tokyo Handtaschenkamm mit Lederetui J\u00e4neke kombiniert Stil und Schutz. Kompakt und zart, ideal auf Reisen. Kaufen Sie ihn!\",\"breadcrumb\":{\"@id\":\"https:\\\/\\\/janeke1830.it\\\/de\\\/prodotto\\\/sparsame-kamm-tokyo-handtasche-mit-lederetui\\\/#breadcrumb\"},\"inLanguage\":\"de\",\"potentialAction\":[{\"@type\":\"ReadAction\",\"target\":[\"https:\\\/\\\/janeke1830.it\\\/de\\\/prodotto\\\/sparsame-kamm-tokyo-handtasche-mit-lederetui\\\/\"]}]},{\"@type\":\"ImageObject\",\"inLanguage\":\"de\",\"@id\":\"https:\\\/\\\/janeke1830.it\\\/de\\\/prodotto\\\/sparsame-kamm-tokyo-handtasche-mit-lederetui\\\/#primaryimage\",\"url\":\"https:\\\/\\\/janeke1830.it\\\/wp-content\\\/uploads\\\/2026\\\/01\\\/pettine-borsetta-tokyo-astuccio-ja_4938_2025.png\",\"contentUrl\":\"https:\\\/\\\/janeke1830.it\\\/wp-content\\\/uploads\\\/2026\\\/01\\\/pettine-borsetta-tokyo-astuccio-ja_4938_2025.png\",\"width\":1024,\"height\":1024,\"caption\":\"Pettine rado Tokyo da borsetta con astuccio in cuoio J\u00e4neke\"},{\"@type\":\"BreadcrumbList\",\"@id\":\"https:\\\/\\\/janeke1830.it\\\/de\\\/prodotto\\\/sparsame-kamm-tokyo-handtasche-mit-lederetui\\\/#breadcrumb\",\"itemListElement\":[{\"@type\":\"ListItem\",\"position\":1,\"name\":\"Home\",\"item\":\"https:\\\/\\\/janeke1830.it\\\/de\\\/startseite\\\/\"},{\"@type\":\"ListItem\",\"position\":2,\"name\":\"Shop\",\"item\":\"https:\\\/\\\/janeke1830.it\\\/de\\\/shop\\\/\"},{\"@type\":\"ListItem\",\"position\":3,\"name\":\"Sparsame Kamm Tokyo Handtasche mit Lederetui\"}]},{\"@type\":\"WebSite\",\"@id\":\"https:\\\/\\\/janeke1830.it\\\/#website\",\"url\":\"https:\\\/\\\/janeke1830.it\\\/\",\"name\":\"J\u00e4neke 1830\",\"description\":\"\",\"publisher\":{\"@id\":\"https:\\\/\\\/janeke1830.it\\\/#organization\"},\"potentialAction\":[{\"@type\":\"SearchAction\",\"target\":{\"@type\":\"EntryPoint\",\"urlTemplate\":\"https:\\\/\\\/janeke1830.it\\\/?s={search_term_string}\"},\"query-input\":{\"@type\":\"PropertyValueSpecification\",\"valueRequired\":true,\"valueName\":\"search_term_string\"}}],\"inLanguage\":\"de\"},{\"@type\":\"Organization\",\"@id\":\"https:\\\/\\\/janeke1830.it\\\/#organization\",\"name\":\"J\u00e4neke 1830\",\"url\":\"https:\\\/\\\/janeke1830.it\\\/\",\"logo\":{\"@type\":\"ImageObject\",\"inLanguage\":\"de\",\"@id\":\"https:\\\/\\\/janeke1830.it\\\/#\\\/schema\\\/logo\\\/image\\\/\",\"url\":\"https:\\\/\\\/janeke1830.it\\\/wp-content\\\/uploads\\\/2025\\\/12\\\/logo-nero-janeke.png\",\"contentUrl\":\"https:\\\/\\\/janeke1830.it\\\/wp-content\\\/uploads\\\/2025\\\/12\\\/logo-nero-janeke.png\",\"width\":1824,\"height\":829,\"caption\":\"J\u00e4neke 1830\"},\"image\":{\"@id\":\"https:\\\/\\\/janeke1830.it\\\/#\\\/schema\\\/logo\\\/image\\\/\"},\"sameAs\":[\"https:\\\/\\\/www.facebook.com\\\/janeke1830\",\"https:\\\/\\\/www.instagram.com\\\/janeke1830official\",\"https:\\\/\\\/www.linkedin.com\\\/company\\\/giorgio-janeke-s-r-l-\\\/\"]}]}<\/script>\n<!-- \/ Yoast SEO plugin. -->","yoast_head_json":{"title":"Rado Tokyo Handtaschenkamm mit Lederetui - J\u00e4neke","description":"Der Rado Tokyo Handtaschenkamm mit Lederetui J\u00e4neke kombiniert Stil und Schutz. Kompakt und zart, ideal auf Reisen. Kaufen Sie ihn!","robots":{"index":"index","follow":"follow","max-snippet":"max-snippet:-1","max-image-preview":"max-image-preview:large","max-video-preview":"max-video-preview:-1"},"canonical":"https:\/\/janeke1830.it\/de\/prodotto\/sparsame-kamm-tokyo-handtasche-mit-lederetui\/","og_locale":"de_DE","og_type":"article","og_title":"Rado Tokyo Handtaschenkamm mit Lederetui - J\u00e4neke","og_description":"Der Rado Tokyo Handtaschenkamm mit Lederetui J\u00e4neke kombiniert Stil und Schutz. Kompakt und zart, ideal auf Reisen. Kaufen Sie ihn!","og_url":"https:\/\/janeke1830.it\/de\/prodotto\/sparsame-kamm-tokyo-handtasche-mit-lederetui\/","og_site_name":"J\u00e4neke","article_publisher":"https:\/\/www.facebook.com\/janeke1830","article_modified_time":"2026-03-03T10:47:33+00:00","og_image":[{"width":1024,"height":1024,"url":"https:\/\/janeke1830.it\/wp-content\/uploads\/2026\/01\/Ja_4938_2025.png","type":"image\/png"}],"twitter_card":"summary_large_image","schema":{"@context":"https:\/\/schema.org","@graph":[{"@type":"WebPage","@id":"https:\/\/janeke1830.it\/de\/prodotto\/sparsame-kamm-tokyo-handtasche-mit-lederetui\/","url":"https:\/\/janeke1830.it\/de\/prodotto\/sparsame-kamm-tokyo-handtasche-mit-lederetui\/","name":"Rado Tokyo Handtaschenkamm mit Lederetui - J\u00e4neke","isPartOf":{"@id":"https:\/\/janeke1830.it\/#website"},"primaryImageOfPage":{"@id":"https:\/\/janeke1830.it\/de\/prodotto\/sparsame-kamm-tokyo-handtasche-mit-lederetui\/#primaryimage"},"image":{"@id":"https:\/\/janeke1830.it\/de\/prodotto\/sparsame-kamm-tokyo-handtasche-mit-lederetui\/#primaryimage"},"thumbnailUrl":"https:\/\/janeke1830.it\/wp-content\/uploads\/2026\/01\/pettine-borsetta-tokyo-astuccio-ja_4938_2025.png","datePublished":"2026-01-09T14:39:54+00:00","dateModified":"2026-03-03T10:47:33+00:00","description":"Der Rado Tokyo Handtaschenkamm mit Lederetui J\u00e4neke kombiniert Stil und Schutz. Kompakt und zart, ideal auf Reisen. Kaufen Sie ihn!","breadcrumb":{"@id":"https:\/\/janeke1830.it\/de\/prodotto\/sparsame-kamm-tokyo-handtasche-mit-lederetui\/#breadcrumb"},"inLanguage":"de","potentialAction":[{"@type":"ReadAction","target":["https:\/\/janeke1830.it\/de\/prodotto\/sparsame-kamm-tokyo-handtasche-mit-lederetui\/"]}]},{"@type":"ImageObject","inLanguage":"de","@id":"https:\/\/janeke1830.it\/de\/prodotto\/sparsame-kamm-tokyo-handtasche-mit-lederetui\/#primaryimage","url":"https:\/\/janeke1830.it\/wp-content\/uploads\/2026\/01\/pettine-borsetta-tokyo-astuccio-ja_4938_2025.png","contentUrl":"https:\/\/janeke1830.it\/wp-content\/uploads\/2026\/01\/pettine-borsetta-tokyo-astuccio-ja_4938_2025.png","width":1024,"height":1024,"caption":"Pettine rado Tokyo da borsetta con astuccio in cuoio J\u00e4neke"},{"@type":"BreadcrumbList","@id":"https:\/\/janeke1830.it\/de\/prodotto\/sparsame-kamm-tokyo-handtasche-mit-lederetui\/#breadcrumb","itemListElement":[{"@type":"ListItem","position":1,"name":"Home","item":"https:\/\/janeke1830.it\/de\/startseite\/"},{"@type":"ListItem","position":2,"name":"Shop","item":"https:\/\/janeke1830.it\/de\/shop\/"},{"@type":"ListItem","position":3,"name":"Sparsame Kamm Tokyo Handtasche mit Lederetui"}]},{"@type":"WebSite","@id":"https:\/\/janeke1830.it\/#website","url":"https:\/\/janeke1830.it\/","name":"J\u00e4neke 1830","description":"","publisher":{"@id":"https:\/\/janeke1830.it\/#organization"},"potentialAction":[{"@type":"SearchAction","target":{"@type":"EntryPoint","urlTemplate":"https:\/\/janeke1830.it\/?s={search_term_string}"},"query-input":{"@type":"PropertyValueSpecification","valueRequired":true,"valueName":"search_term_string"}}],"inLanguage":"de"},{"@type":"Organization","@id":"https:\/\/janeke1830.it\/#organization","name":"J\u00e4neke 1830","url":"https:\/\/janeke1830.it\/","logo":{"@type":"ImageObject","inLanguage":"de","@id":"https:\/\/janeke1830.it\/#\/schema\/logo\/image\/","url":"https:\/\/janeke1830.it\/wp-content\/uploads\/2025\/12\/logo-nero-janeke.png","contentUrl":"https:\/\/janeke1830.it\/wp-content\/uploads\/2025\/12\/logo-nero-janeke.png","width":1824,"height":829,"caption":"J\u00e4neke 1830"},"image":{"@id":"https:\/\/janeke1830.it\/#\/schema\/logo\/image\/"},"sameAs":["https:\/\/www.facebook.com\/janeke1830","https:\/\/www.instagram.com\/janeke1830official","https:\/\/www.linkedin.com\/company\/giorgio-janeke-s-r-l-\/"]}]}},"_links":{"self":[{"href":"https:\/\/janeke1830.it\/de\/wp-json\/wp\/v2\/product\/11386","targetHints":{"allow":["GET"]}}],"collection":[{"href":"https:\/\/janeke1830.it\/de\/wp-json\/wp\/v2\/product"}],"about":[{"href":"https:\/\/janeke1830.it\/de\/wp-json\/wp\/v2\/types\/product"}],"replies":[{"embeddable":true,"href":"https:\/\/janeke1830.it\/de\/wp-json\/wp\/v2\/comments?post=11386"}],"wp:featuredmedia":[{"embeddable":true,"href":"https:\/\/janeke1830.it\/de\/wp-json\/wp\/v2\/media\/9650"}],"wp:attachment":[{"href":"https:\/\/janeke1830.it\/de\/wp-json\/wp\/v2\/media?parent=11386"}],"wp:term":[{"taxonomy":"product_brand","embeddable":true,"href":"https:\/\/janeke1830.it\/de\/wp-json\/wp\/v2\/product_brand?post=11386"},{"taxonomy":"product_cat","embeddable":true,"href":"https:\/\/janeke1830.it\/de\/wp-json\/wp\/v2\/product_cat?post=11386"},{"taxonomy":"product_tag","embeddable":true,"href":"https:\/\/janeke1830.it\/de\/wp-json\/wp\/v2\/product_tag?post=11386"}],"curies":[{"name":"wp","href":"https:\/\/api.w.org\/{rel}","templated":true}]}}