{"id":11382,"date":"2026-01-09T15:22:31","date_gmt":"2026-01-09T14:22:31","guid":{"rendered":"https:\/\/janeke1830.it\/prodotto\/geschenkbox-mit-tokio-pinsel-klein\/"},"modified":"2026-03-03T11:47:32","modified_gmt":"2026-03-03T10:47:32","slug":"geschenkbox-mit-tokio-pinsel-klein","status":"publish","type":"product","link":"https:\/\/janeke1830.it\/de\/prodotto\/geschenkbox-mit-tokio-pinsel-klein\/","title":{"rendered":"Geschenkbox mit Tokio-Pinsel klein"},"content":{"rendered":"","protected":false},"excerpt":{"rendered":"<p>Die <strong>Janeke Geschenkbox mit der kleinen B\u00fcrste Tokio<\/strong> ist ein elegantes Set f\u00fcr alle, die Wert auf Funktionalit\u00e4t und Stil in einem kompakten Format legen. Die runde oder traditionelle B\u00fcrste im Inneren entwirrt das Haar sanft und h\u00e4lt es weich und gl\u00e4nzend. Sie eignet sich perfekt zum Mitnehmen in Ihrer Tasche oder auf Reisen. <\/p>\n<p>Mit viel Liebe zum Detail und bereit zum Verschenken, vereint es Funktionalit\u00e4t, raffiniertes Design und die unverwechselbare Qualit\u00e4t der Marke Janeke.<\/p>\n","protected":false},"featured_media":9652,"comment_status":"closed","ping_status":"closed","template":"","meta":[],"product_brand":[1021],"product_cat":[1032],"product_tag":[1239],"class_list":{"0":"post-11382","1":"product","2":"type-product","3":"status-publish","4":"has-post-thumbnail","6":"product_brand-luxury","7":"product_cat-pinsel","8":"product_tag-tokio","10":"first","11":"instock","12":"shipping-taxable","13":"purchasable","14":"product-type-simple"},"yoast_head":"<!-- This site is optimized with the Yoast SEO plugin v27.6 - https:\/\/yoast.com\/product\/yoast-seo-wordpress\/ -->\n<title>Geschenkbox mit kleinem Tokyo Pinsel - J\u00e4neke 1830<\/title>\n<meta name=\"description\" content=\"W\u00e4hlen Sie die J\u00e4neke Small Tokyo Brush Geschenkbox. Ein kompaktes und exklusives Set f\u00fcr gl\u00e4nzendes Haar. Das perfekte Geschenk!\" \/>\n<meta name=\"robots\" content=\"index, follow, max-snippet:-1, max-image-preview:large, max-video-preview:-1\" \/>\n<link rel=\"canonical\" href=\"https:\/\/janeke1830.it\/de\/prodotto\/geschenkbox-mit-tokio-pinsel-klein\/\" \/>\n<meta property=\"og:locale\" content=\"de_DE\" \/>\n<meta property=\"og:type\" content=\"article\" \/>\n<meta property=\"og:title\" content=\"Geschenkbox mit kleinem Tokyo Pinsel - J\u00e4neke 1830\" \/>\n<meta property=\"og:description\" content=\"W\u00e4hlen Sie die J\u00e4neke Small Tokyo Brush Geschenkbox. Ein kompaktes und exklusives Set f\u00fcr gl\u00e4nzendes Haar. Das perfekte Geschenk!\" \/>\n<meta property=\"og:url\" content=\"https:\/\/janeke1830.it\/de\/prodotto\/geschenkbox-mit-tokio-pinsel-klein\/\" \/>\n<meta property=\"og:site_name\" content=\"J\u00e4neke\" \/>\n<meta property=\"article:publisher\" content=\"https:\/\/www.facebook.com\/janeke1830\" \/>\n<meta property=\"article:modified_time\" content=\"2026-03-03T10:47:32+00:00\" \/>\n<meta property=\"og:image\" content=\"https:\/\/janeke1830.it\/wp-content\/uploads\/2026\/01\/SCA64.png\" \/>\n\t<meta property=\"og:image:width\" content=\"1024\" \/>\n\t<meta property=\"og:image:height\" content=\"1024\" \/>\n\t<meta property=\"og:image:type\" content=\"image\/png\" \/>\n<meta name=\"twitter:card\" content=\"summary_large_image\" \/>\n<script type=\"application\/ld+json\" class=\"yoast-schema-graph\">{\"@context\":\"https:\\\/\\\/schema.org\",\"@graph\":[{\"@type\":\"WebPage\",\"@id\":\"https:\\\/\\\/janeke1830.it\\\/de\\\/prodotto\\\/geschenkbox-mit-tokio-pinsel-klein\\\/\",\"url\":\"https:\\\/\\\/janeke1830.it\\\/de\\\/prodotto\\\/geschenkbox-mit-tokio-pinsel-klein\\\/\",\"name\":\"Geschenkbox mit kleinem Tokyo Pinsel - J\u00e4neke 1830\",\"isPartOf\":{\"@id\":\"https:\\\/\\\/janeke1830.it\\\/#website\"},\"primaryImageOfPage\":{\"@id\":\"https:\\\/\\\/janeke1830.it\\\/de\\\/prodotto\\\/geschenkbox-mit-tokio-pinsel-klein\\\/#primaryimage\"},\"image\":{\"@id\":\"https:\\\/\\\/janeke1830.it\\\/de\\\/prodotto\\\/geschenkbox-mit-tokio-pinsel-klein\\\/#primaryimage\"},\"thumbnailUrl\":\"https:\\\/\\\/janeke1830.it\\\/wp-content\\\/uploads\\\/2026\\\/01\\\/scatola-regalo-spazzola-tokyo-piccola-sca64.png\",\"datePublished\":\"2026-01-09T14:22:31+00:00\",\"dateModified\":\"2026-03-03T10:47:32+00:00\",\"description\":\"W\u00e4hlen Sie die J\u00e4neke Small Tokyo Brush Geschenkbox. Ein kompaktes und exklusives Set f\u00fcr gl\u00e4nzendes Haar. Das perfekte Geschenk!\",\"breadcrumb\":{\"@id\":\"https:\\\/\\\/janeke1830.it\\\/de\\\/prodotto\\\/geschenkbox-mit-tokio-pinsel-klein\\\/#breadcrumb\"},\"inLanguage\":\"de\",\"potentialAction\":[{\"@type\":\"ReadAction\",\"target\":[\"https:\\\/\\\/janeke1830.it\\\/de\\\/prodotto\\\/geschenkbox-mit-tokio-pinsel-klein\\\/\"]}]},{\"@type\":\"ImageObject\",\"inLanguage\":\"de\",\"@id\":\"https:\\\/\\\/janeke1830.it\\\/de\\\/prodotto\\\/geschenkbox-mit-tokio-pinsel-klein\\\/#primaryimage\",\"url\":\"https:\\\/\\\/janeke1830.it\\\/wp-content\\\/uploads\\\/2026\\\/01\\\/scatola-regalo-spazzola-tokyo-piccola-sca64.png\",\"contentUrl\":\"https:\\\/\\\/janeke1830.it\\\/wp-content\\\/uploads\\\/2026\\\/01\\\/scatola-regalo-spazzola-tokyo-piccola-sca64.png\",\"width\":1024,\"height\":1024,\"caption\":\"Scatola regalo J\u00e4neke con spazzola Tokyo piccola da borsetta lusso\"},{\"@type\":\"BreadcrumbList\",\"@id\":\"https:\\\/\\\/janeke1830.it\\\/de\\\/prodotto\\\/geschenkbox-mit-tokio-pinsel-klein\\\/#breadcrumb\",\"itemListElement\":[{\"@type\":\"ListItem\",\"position\":1,\"name\":\"Home\",\"item\":\"https:\\\/\\\/janeke1830.it\\\/de\\\/startseite\\\/\"},{\"@type\":\"ListItem\",\"position\":2,\"name\":\"Shop\",\"item\":\"https:\\\/\\\/janeke1830.it\\\/de\\\/shop\\\/\"},{\"@type\":\"ListItem\",\"position\":3,\"name\":\"Geschenkbox mit Tokio-Pinsel klein\"}]},{\"@type\":\"WebSite\",\"@id\":\"https:\\\/\\\/janeke1830.it\\\/#website\",\"url\":\"https:\\\/\\\/janeke1830.it\\\/\",\"name\":\"J\u00e4neke 1830\",\"description\":\"\",\"publisher\":{\"@id\":\"https:\\\/\\\/janeke1830.it\\\/#organization\"},\"potentialAction\":[{\"@type\":\"SearchAction\",\"target\":{\"@type\":\"EntryPoint\",\"urlTemplate\":\"https:\\\/\\\/janeke1830.it\\\/?s={search_term_string}\"},\"query-input\":{\"@type\":\"PropertyValueSpecification\",\"valueRequired\":true,\"valueName\":\"search_term_string\"}}],\"inLanguage\":\"de\"},{\"@type\":\"Organization\",\"@id\":\"https:\\\/\\\/janeke1830.it\\\/#organization\",\"name\":\"J\u00e4neke 1830\",\"url\":\"https:\\\/\\\/janeke1830.it\\\/\",\"logo\":{\"@type\":\"ImageObject\",\"inLanguage\":\"de\",\"@id\":\"https:\\\/\\\/janeke1830.it\\\/#\\\/schema\\\/logo\\\/image\\\/\",\"url\":\"https:\\\/\\\/janeke1830.it\\\/wp-content\\\/uploads\\\/2025\\\/12\\\/logo-nero-janeke.png\",\"contentUrl\":\"https:\\\/\\\/janeke1830.it\\\/wp-content\\\/uploads\\\/2025\\\/12\\\/logo-nero-janeke.png\",\"width\":1824,\"height\":829,\"caption\":\"J\u00e4neke 1830\"},\"image\":{\"@id\":\"https:\\\/\\\/janeke1830.it\\\/#\\\/schema\\\/logo\\\/image\\\/\"},\"sameAs\":[\"https:\\\/\\\/www.facebook.com\\\/janeke1830\",\"https:\\\/\\\/www.instagram.com\\\/janeke1830official\",\"https:\\\/\\\/www.linkedin.com\\\/company\\\/giorgio-janeke-s-r-l-\\\/\"]}]}<\/script>\n<!-- \/ Yoast SEO plugin. -->","yoast_head_json":{"title":"Geschenkbox mit kleinem Tokyo Pinsel - J\u00e4neke 1830","description":"W\u00e4hlen Sie die J\u00e4neke Small Tokyo Brush Geschenkbox. Ein kompaktes und exklusives Set f\u00fcr gl\u00e4nzendes Haar. Das perfekte Geschenk!","robots":{"index":"index","follow":"follow","max-snippet":"max-snippet:-1","max-image-preview":"max-image-preview:large","max-video-preview":"max-video-preview:-1"},"canonical":"https:\/\/janeke1830.it\/de\/prodotto\/geschenkbox-mit-tokio-pinsel-klein\/","og_locale":"de_DE","og_type":"article","og_title":"Geschenkbox mit kleinem Tokyo Pinsel - J\u00e4neke 1830","og_description":"W\u00e4hlen Sie die J\u00e4neke Small Tokyo Brush Geschenkbox. Ein kompaktes und exklusives Set f\u00fcr gl\u00e4nzendes Haar. Das perfekte Geschenk!","og_url":"https:\/\/janeke1830.it\/de\/prodotto\/geschenkbox-mit-tokio-pinsel-klein\/","og_site_name":"J\u00e4neke","article_publisher":"https:\/\/www.facebook.com\/janeke1830","article_modified_time":"2026-03-03T10:47:32+00:00","og_image":[{"width":1024,"height":1024,"url":"https:\/\/janeke1830.it\/wp-content\/uploads\/2026\/01\/SCA64.png","type":"image\/png"}],"twitter_card":"summary_large_image","schema":{"@context":"https:\/\/schema.org","@graph":[{"@type":"WebPage","@id":"https:\/\/janeke1830.it\/de\/prodotto\/geschenkbox-mit-tokio-pinsel-klein\/","url":"https:\/\/janeke1830.it\/de\/prodotto\/geschenkbox-mit-tokio-pinsel-klein\/","name":"Geschenkbox mit kleinem Tokyo Pinsel - J\u00e4neke 1830","isPartOf":{"@id":"https:\/\/janeke1830.it\/#website"},"primaryImageOfPage":{"@id":"https:\/\/janeke1830.it\/de\/prodotto\/geschenkbox-mit-tokio-pinsel-klein\/#primaryimage"},"image":{"@id":"https:\/\/janeke1830.it\/de\/prodotto\/geschenkbox-mit-tokio-pinsel-klein\/#primaryimage"},"thumbnailUrl":"https:\/\/janeke1830.it\/wp-content\/uploads\/2026\/01\/scatola-regalo-spazzola-tokyo-piccola-sca64.png","datePublished":"2026-01-09T14:22:31+00:00","dateModified":"2026-03-03T10:47:32+00:00","description":"W\u00e4hlen Sie die J\u00e4neke Small Tokyo Brush Geschenkbox. Ein kompaktes und exklusives Set f\u00fcr gl\u00e4nzendes Haar. Das perfekte Geschenk!","breadcrumb":{"@id":"https:\/\/janeke1830.it\/de\/prodotto\/geschenkbox-mit-tokio-pinsel-klein\/#breadcrumb"},"inLanguage":"de","potentialAction":[{"@type":"ReadAction","target":["https:\/\/janeke1830.it\/de\/prodotto\/geschenkbox-mit-tokio-pinsel-klein\/"]}]},{"@type":"ImageObject","inLanguage":"de","@id":"https:\/\/janeke1830.it\/de\/prodotto\/geschenkbox-mit-tokio-pinsel-klein\/#primaryimage","url":"https:\/\/janeke1830.it\/wp-content\/uploads\/2026\/01\/scatola-regalo-spazzola-tokyo-piccola-sca64.png","contentUrl":"https:\/\/janeke1830.it\/wp-content\/uploads\/2026\/01\/scatola-regalo-spazzola-tokyo-piccola-sca64.png","width":1024,"height":1024,"caption":"Scatola regalo J\u00e4neke con spazzola Tokyo piccola da borsetta lusso"},{"@type":"BreadcrumbList","@id":"https:\/\/janeke1830.it\/de\/prodotto\/geschenkbox-mit-tokio-pinsel-klein\/#breadcrumb","itemListElement":[{"@type":"ListItem","position":1,"name":"Home","item":"https:\/\/janeke1830.it\/de\/startseite\/"},{"@type":"ListItem","position":2,"name":"Shop","item":"https:\/\/janeke1830.it\/de\/shop\/"},{"@type":"ListItem","position":3,"name":"Geschenkbox mit Tokio-Pinsel klein"}]},{"@type":"WebSite","@id":"https:\/\/janeke1830.it\/#website","url":"https:\/\/janeke1830.it\/","name":"J\u00e4neke 1830","description":"","publisher":{"@id":"https:\/\/janeke1830.it\/#organization"},"potentialAction":[{"@type":"SearchAction","target":{"@type":"EntryPoint","urlTemplate":"https:\/\/janeke1830.it\/?s={search_term_string}"},"query-input":{"@type":"PropertyValueSpecification","valueRequired":true,"valueName":"search_term_string"}}],"inLanguage":"de"},{"@type":"Organization","@id":"https:\/\/janeke1830.it\/#organization","name":"J\u00e4neke 1830","url":"https:\/\/janeke1830.it\/","logo":{"@type":"ImageObject","inLanguage":"de","@id":"https:\/\/janeke1830.it\/#\/schema\/logo\/image\/","url":"https:\/\/janeke1830.it\/wp-content\/uploads\/2025\/12\/logo-nero-janeke.png","contentUrl":"https:\/\/janeke1830.it\/wp-content\/uploads\/2025\/12\/logo-nero-janeke.png","width":1824,"height":829,"caption":"J\u00e4neke 1830"},"image":{"@id":"https:\/\/janeke1830.it\/#\/schema\/logo\/image\/"},"sameAs":["https:\/\/www.facebook.com\/janeke1830","https:\/\/www.instagram.com\/janeke1830official","https:\/\/www.linkedin.com\/company\/giorgio-janeke-s-r-l-\/"]}]}},"_links":{"self":[{"href":"https:\/\/janeke1830.it\/de\/wp-json\/wp\/v2\/product\/11382","targetHints":{"allow":["GET"]}}],"collection":[{"href":"https:\/\/janeke1830.it\/de\/wp-json\/wp\/v2\/product"}],"about":[{"href":"https:\/\/janeke1830.it\/de\/wp-json\/wp\/v2\/types\/product"}],"replies":[{"embeddable":true,"href":"https:\/\/janeke1830.it\/de\/wp-json\/wp\/v2\/comments?post=11382"}],"wp:featuredmedia":[{"embeddable":true,"href":"https:\/\/janeke1830.it\/de\/wp-json\/wp\/v2\/media\/9652"}],"wp:attachment":[{"href":"https:\/\/janeke1830.it\/de\/wp-json\/wp\/v2\/media?parent=11382"}],"wp:term":[{"taxonomy":"product_brand","embeddable":true,"href":"https:\/\/janeke1830.it\/de\/wp-json\/wp\/v2\/product_brand?post=11382"},{"taxonomy":"product_cat","embeddable":true,"href":"https:\/\/janeke1830.it\/de\/wp-json\/wp\/v2\/product_cat?post=11382"},{"taxonomy":"product_tag","embeddable":true,"href":"https:\/\/janeke1830.it\/de\/wp-json\/wp\/v2\/product_tag?post=11382"}],"curies":[{"name":"wp","href":"https:\/\/api.w.org\/{rel}","templated":true}]}}