{"id":11381,"date":"2026-01-10T08:40:30","date_gmt":"2026-01-10T07:40:30","guid":{"rendered":"https:\/\/janeke1830.it\/prodotto\/gewellter-kamm-zum-auftragen-von-gel\/"},"modified":"2026-02-05T15:44:29","modified_gmt":"2026-02-05T14:44:29","slug":"gewellter-kamm-zum-auftragen-von-gel","status":"publish","type":"product","link":"https:\/\/janeke1830.it\/de\/prodotto\/gewellter-kamm-zum-auftragen-von-gel\/","title":{"rendered":"Gewellter Kamm zum Auftragen von Gel"},"content":{"rendered":"","protected":false},"excerpt":{"rendered":"<p>Der <strong>Janeke Wavy Gel Spreader Comb<\/strong> wurde entwickelt, um Gel, Mousse und andere Stylingprodukte gleichm\u00e4\u00dfig im Haar zu verteilen und eine gleichm\u00e4\u00dfige und pr\u00e4zise Anwendung zu gew\u00e4hrleisten. Die speziell gewellten Z\u00e4hne helfen, das Haar zu definieren, ohne es zu brechen, w\u00e4hrend die abgerundeten Spitzen die Kopfhaut sch\u00fctzen. Er ist ideal f\u00fcr kreatives Styling und detailliertes Styling und vereint Funktionalit\u00e4t, Kontrolle und die unverwechselbare Qualit\u00e4t der Marke Janeke.  <\/p>\n","protected":false},"featured_media":9630,"comment_status":"closed","ping_status":"closed","template":"","meta":[],"product_brand":[1021],"product_cat":[1029],"product_tag":[1238],"class_list":{"0":"post-11381","1":"product","2":"type-product","3":"status-publish","4":"has-post-thumbnail","6":"product_brand-luxury","7":"product_cat-kamme","8":"product_tag-luxuskamme","10":"first","11":"instock","12":"shipping-taxable","13":"purchasable","14":"product-type-variable","15":"wvs-archive-product-wrapper"},"yoast_head":"<!-- This site is optimized with the Yoast SEO plugin v27.1.1 - https:\/\/yoast.com\/product\/yoast-seo-wordpress\/ -->\n<title>Wellenkamm f\u00fcr Gelauftrag J\u00e4neke - Styling Definition<\/title>\n<meta name=\"description\" content=\"Verteilen Sie Gel und Mousse mit dem Wavy Comb for Gel Application J\u00e4neke. Spezielle Zahnung f\u00fcr Definition ohne Bruch. Kaufen Sie ihn!\" \/>\n<meta name=\"robots\" content=\"index, follow, max-snippet:-1, max-image-preview:large, max-video-preview:-1\" \/>\n<link rel=\"canonical\" href=\"https:\/\/janeke1830.it\/de\/prodotto\/gewellter-kamm-zum-auftragen-von-gel\/\" \/>\n<meta property=\"og:locale\" content=\"de_DE\" \/>\n<meta property=\"og:type\" content=\"article\" \/>\n<meta property=\"og:title\" content=\"Wellenkamm f\u00fcr Gelauftrag J\u00e4neke - Styling Definition\" \/>\n<meta property=\"og:description\" content=\"Verteilen Sie Gel und Mousse mit dem Wavy Comb for Gel Application J\u00e4neke. Spezielle Zahnung f\u00fcr Definition ohne Bruch. Kaufen Sie ihn!\" \/>\n<meta property=\"og:url\" content=\"https:\/\/janeke1830.it\/de\/prodotto\/gewellter-kamm-zum-auftragen-von-gel\/\" \/>\n<meta property=\"og:site_name\" content=\"J\u00e4neke\" \/>\n<meta property=\"article:publisher\" content=\"https:\/\/www.facebook.com\/janeke1830\" \/>\n<meta property=\"article:modified_time\" content=\"2026-02-05T14:44:29+00:00\" \/>\n<meta property=\"og:image\" content=\"https:\/\/janeke1830.it\/wp-content\/uploads\/2026\/01\/AU805.png\" \/>\n\t<meta property=\"og:image:width\" content=\"1024\" \/>\n\t<meta property=\"og:image:height\" content=\"1024\" \/>\n\t<meta property=\"og:image:type\" content=\"image\/png\" \/>\n<meta name=\"twitter:card\" content=\"summary_large_image\" \/>\n<script type=\"application\/ld+json\" class=\"yoast-schema-graph\">{\"@context\":\"https:\/\/schema.org\",\"@graph\":[{\"@type\":\"WebPage\",\"@id\":\"https:\/\/janeke1830.it\/de\/prodotto\/gewellter-kamm-zum-auftragen-von-gel\/\",\"url\":\"https:\/\/janeke1830.it\/de\/prodotto\/gewellter-kamm-zum-auftragen-von-gel\/\",\"name\":\"Wellenkamm f\u00fcr Gelauftrag J\u00e4neke - Styling Definition\",\"isPartOf\":{\"@id\":\"https:\/\/janeke1830.it\/#website\"},\"primaryImageOfPage\":{\"@id\":\"https:\/\/janeke1830.it\/de\/prodotto\/gewellter-kamm-zum-auftragen-von-gel\/#primaryimage\"},\"image\":{\"@id\":\"https:\/\/janeke1830.it\/de\/prodotto\/gewellter-kamm-zum-auftragen-von-gel\/#primaryimage\"},\"thumbnailUrl\":\"https:\/\/janeke1830.it\/wp-content\/uploads\/2026\/01\/wavy-comb-gel-application-oro-au805.png\",\"datePublished\":\"2026-01-10T07:40:30+00:00\",\"dateModified\":\"2026-02-05T14:44:29+00:00\",\"description\":\"Verteilen Sie Gel und Mousse mit dem Wavy Comb for Gel Application J\u00e4neke. Spezielle Zahnung f\u00fcr Definition ohne Bruch. Kaufen Sie ihn!\",\"breadcrumb\":{\"@id\":\"https:\/\/janeke1830.it\/de\/prodotto\/gewellter-kamm-zum-auftragen-von-gel\/#breadcrumb\"},\"inLanguage\":\"de\",\"potentialAction\":[{\"@type\":\"ReadAction\",\"target\":[\"https:\/\/janeke1830.it\/de\/prodotto\/gewellter-kamm-zum-auftragen-von-gel\/\"]}]},{\"@type\":\"ImageObject\",\"inLanguage\":\"de\",\"@id\":\"https:\/\/janeke1830.it\/de\/prodotto\/gewellter-kamm-zum-auftragen-von-gel\/#primaryimage\",\"url\":\"https:\/\/janeke1830.it\/wp-content\/uploads\/2026\/01\/wavy-comb-gel-application-oro-au805.png\",\"contentUrl\":\"https:\/\/janeke1830.it\/wp-content\/uploads\/2026\/01\/wavy-comb-gel-application-oro-au805.png\",\"width\":1024,\"height\":1024,\"caption\":\"Wavy Comb for gel application oro per definire onde J\u00e4neke Made in Italy\"},{\"@type\":\"BreadcrumbList\",\"@id\":\"https:\/\/janeke1830.it\/de\/prodotto\/gewellter-kamm-zum-auftragen-von-gel\/#breadcrumb\",\"itemListElement\":[{\"@type\":\"ListItem\",\"position\":1,\"name\":\"Home\",\"item\":\"https:\/\/janeke1830.it\/de\/startseite\/\"},{\"@type\":\"ListItem\",\"position\":2,\"name\":\"Shop\",\"item\":\"https:\/\/janeke1830.it\/de\/shop\/\"},{\"@type\":\"ListItem\",\"position\":3,\"name\":\"Gewellter Kamm zum Auftragen von Gel\"}]},{\"@type\":\"WebSite\",\"@id\":\"https:\/\/janeke1830.it\/#website\",\"url\":\"https:\/\/janeke1830.it\/\",\"name\":\"J\u00e4neke 1830\",\"description\":\"\",\"publisher\":{\"@id\":\"https:\/\/janeke1830.it\/#organization\"},\"potentialAction\":[{\"@type\":\"SearchAction\",\"target\":{\"@type\":\"EntryPoint\",\"urlTemplate\":\"https:\/\/janeke1830.it\/?s={search_term_string}\"},\"query-input\":{\"@type\":\"PropertyValueSpecification\",\"valueRequired\":true,\"valueName\":\"search_term_string\"}}],\"inLanguage\":\"de\"},{\"@type\":\"Organization\",\"@id\":\"https:\/\/janeke1830.it\/#organization\",\"name\":\"J\u00e4neke 1830\",\"url\":\"https:\/\/janeke1830.it\/\",\"logo\":{\"@type\":\"ImageObject\",\"inLanguage\":\"de\",\"@id\":\"https:\/\/janeke1830.it\/#\/schema\/logo\/image\/\",\"url\":\"https:\/\/janeke1830.it\/wp-content\/uploads\/2025\/12\/logo-nero-janeke.png\",\"contentUrl\":\"https:\/\/janeke1830.it\/wp-content\/uploads\/2025\/12\/logo-nero-janeke.png\",\"width\":1824,\"height\":829,\"caption\":\"J\u00e4neke 1830\"},\"image\":{\"@id\":\"https:\/\/janeke1830.it\/#\/schema\/logo\/image\/\"},\"sameAs\":[\"https:\/\/www.facebook.com\/janeke1830\",\"https:\/\/www.instagram.com\/janeke1830official\",\"https:\/\/www.linkedin.com\/company\/giorgio-janeke-s-r-l-\/\"]}]}<\/script>\n<!-- \/ Yoast SEO plugin. -->","yoast_head_json":{"title":"Wellenkamm f\u00fcr Gelauftrag J\u00e4neke - Styling Definition","description":"Verteilen Sie Gel und Mousse mit dem Wavy Comb for Gel Application J\u00e4neke. Spezielle Zahnung f\u00fcr Definition ohne Bruch. Kaufen Sie ihn!","robots":{"index":"index","follow":"follow","max-snippet":"max-snippet:-1","max-image-preview":"max-image-preview:large","max-video-preview":"max-video-preview:-1"},"canonical":"https:\/\/janeke1830.it\/de\/prodotto\/gewellter-kamm-zum-auftragen-von-gel\/","og_locale":"de_DE","og_type":"article","og_title":"Wellenkamm f\u00fcr Gelauftrag J\u00e4neke - Styling Definition","og_description":"Verteilen Sie Gel und Mousse mit dem Wavy Comb for Gel Application J\u00e4neke. Spezielle Zahnung f\u00fcr Definition ohne Bruch. Kaufen Sie ihn!","og_url":"https:\/\/janeke1830.it\/de\/prodotto\/gewellter-kamm-zum-auftragen-von-gel\/","og_site_name":"J\u00e4neke","article_publisher":"https:\/\/www.facebook.com\/janeke1830","article_modified_time":"2026-02-05T14:44:29+00:00","og_image":[{"width":1024,"height":1024,"url":"https:\/\/janeke1830.it\/wp-content\/uploads\/2026\/01\/AU805.png","type":"image\/png"}],"twitter_card":"summary_large_image","schema":{"@context":"https:\/\/schema.org","@graph":[{"@type":"WebPage","@id":"https:\/\/janeke1830.it\/de\/prodotto\/gewellter-kamm-zum-auftragen-von-gel\/","url":"https:\/\/janeke1830.it\/de\/prodotto\/gewellter-kamm-zum-auftragen-von-gel\/","name":"Wellenkamm f\u00fcr Gelauftrag J\u00e4neke - Styling Definition","isPartOf":{"@id":"https:\/\/janeke1830.it\/#website"},"primaryImageOfPage":{"@id":"https:\/\/janeke1830.it\/de\/prodotto\/gewellter-kamm-zum-auftragen-von-gel\/#primaryimage"},"image":{"@id":"https:\/\/janeke1830.it\/de\/prodotto\/gewellter-kamm-zum-auftragen-von-gel\/#primaryimage"},"thumbnailUrl":"https:\/\/janeke1830.it\/wp-content\/uploads\/2026\/01\/wavy-comb-gel-application-oro-au805.png","datePublished":"2026-01-10T07:40:30+00:00","dateModified":"2026-02-05T14:44:29+00:00","description":"Verteilen Sie Gel und Mousse mit dem Wavy Comb for Gel Application J\u00e4neke. Spezielle Zahnung f\u00fcr Definition ohne Bruch. Kaufen Sie ihn!","breadcrumb":{"@id":"https:\/\/janeke1830.it\/de\/prodotto\/gewellter-kamm-zum-auftragen-von-gel\/#breadcrumb"},"inLanguage":"de","potentialAction":[{"@type":"ReadAction","target":["https:\/\/janeke1830.it\/de\/prodotto\/gewellter-kamm-zum-auftragen-von-gel\/"]}]},{"@type":"ImageObject","inLanguage":"de","@id":"https:\/\/janeke1830.it\/de\/prodotto\/gewellter-kamm-zum-auftragen-von-gel\/#primaryimage","url":"https:\/\/janeke1830.it\/wp-content\/uploads\/2026\/01\/wavy-comb-gel-application-oro-au805.png","contentUrl":"https:\/\/janeke1830.it\/wp-content\/uploads\/2026\/01\/wavy-comb-gel-application-oro-au805.png","width":1024,"height":1024,"caption":"Wavy Comb for gel application oro per definire onde J\u00e4neke Made in Italy"},{"@type":"BreadcrumbList","@id":"https:\/\/janeke1830.it\/de\/prodotto\/gewellter-kamm-zum-auftragen-von-gel\/#breadcrumb","itemListElement":[{"@type":"ListItem","position":1,"name":"Home","item":"https:\/\/janeke1830.it\/de\/startseite\/"},{"@type":"ListItem","position":2,"name":"Shop","item":"https:\/\/janeke1830.it\/de\/shop\/"},{"@type":"ListItem","position":3,"name":"Gewellter Kamm zum Auftragen von Gel"}]},{"@type":"WebSite","@id":"https:\/\/janeke1830.it\/#website","url":"https:\/\/janeke1830.it\/","name":"J\u00e4neke 1830","description":"","publisher":{"@id":"https:\/\/janeke1830.it\/#organization"},"potentialAction":[{"@type":"SearchAction","target":{"@type":"EntryPoint","urlTemplate":"https:\/\/janeke1830.it\/?s={search_term_string}"},"query-input":{"@type":"PropertyValueSpecification","valueRequired":true,"valueName":"search_term_string"}}],"inLanguage":"de"},{"@type":"Organization","@id":"https:\/\/janeke1830.it\/#organization","name":"J\u00e4neke 1830","url":"https:\/\/janeke1830.it\/","logo":{"@type":"ImageObject","inLanguage":"de","@id":"https:\/\/janeke1830.it\/#\/schema\/logo\/image\/","url":"https:\/\/janeke1830.it\/wp-content\/uploads\/2025\/12\/logo-nero-janeke.png","contentUrl":"https:\/\/janeke1830.it\/wp-content\/uploads\/2025\/12\/logo-nero-janeke.png","width":1824,"height":829,"caption":"J\u00e4neke 1830"},"image":{"@id":"https:\/\/janeke1830.it\/#\/schema\/logo\/image\/"},"sameAs":["https:\/\/www.facebook.com\/janeke1830","https:\/\/www.instagram.com\/janeke1830official","https:\/\/www.linkedin.com\/company\/giorgio-janeke-s-r-l-\/"]}]}},"_links":{"self":[{"href":"https:\/\/janeke1830.it\/de\/wp-json\/wp\/v2\/product\/11381","targetHints":{"allow":["GET"]}}],"collection":[{"href":"https:\/\/janeke1830.it\/de\/wp-json\/wp\/v2\/product"}],"about":[{"href":"https:\/\/janeke1830.it\/de\/wp-json\/wp\/v2\/types\/product"}],"replies":[{"embeddable":true,"href":"https:\/\/janeke1830.it\/de\/wp-json\/wp\/v2\/comments?post=11381"}],"wp:featuredmedia":[{"embeddable":true,"href":"https:\/\/janeke1830.it\/de\/wp-json\/wp\/v2\/media\/9630"}],"wp:attachment":[{"href":"https:\/\/janeke1830.it\/de\/wp-json\/wp\/v2\/media?parent=11381"}],"wp:term":[{"taxonomy":"product_brand","embeddable":true,"href":"https:\/\/janeke1830.it\/de\/wp-json\/wp\/v2\/product_brand?post=11381"},{"taxonomy":"product_cat","embeddable":true,"href":"https:\/\/janeke1830.it\/de\/wp-json\/wp\/v2\/product_cat?post=11381"},{"taxonomy":"product_tag","embeddable":true,"href":"https:\/\/janeke1830.it\/de\/wp-json\/wp\/v2\/product_tag?post=11381"}],"curies":[{"name":"wp","href":"https:\/\/api.w.org\/{rel}","templated":true}]}}