{"id":11366,"date":"2026-01-02T15:33:28","date_gmt":"2026-01-02T14:33:28","guid":{"rendered":"https:\/\/janeke1830.it\/prodotto\/pneumatische-buerste-aus-synthetischem-horn-mit-nylonborsten\/"},"modified":"2026-02-05T15:45:48","modified_gmt":"2026-02-05T14:45:48","slug":"pneumatische-buerste-aus-synthetischem-horn-mit-nylonborsten","status":"publish","type":"product","link":"https:\/\/janeke1830.it\/de\/prodotto\/pneumatische-buerste-aus-synthetischem-horn-mit-nylonborsten\/","title":{"rendered":"Pneumatische B\u00fcrste aus synthetischem Horn mit Nylonborsten"},"content":{"rendered":"","protected":false},"excerpt":{"rendered":"<p>Professionelle pneumatische B\u00fcrste mit reinen Wildschweinborsten und Nylonverst\u00e4rkung.<\/p>\n<p>Pneumatische B\u00fcrste mit &#8218;Massage&#8216;-Effekt. Die hohe Dichte der Borsten erm\u00f6glicht ein sanftes B\u00fcrsten, das auch f\u00fcr Extensions geeignet ist und einen aufhellenden und staubabweisenden Effekt hat. Verst\u00e4rkte Nylonborsten sorgen f\u00fcr eine bessere Entwirrung  <\/p>\n","protected":false},"featured_media":904,"comment_status":"closed","ping_status":"closed","template":"","meta":[],"product_brand":[1028],"product_cat":[1032],"product_tag":[1181,1179],"class_list":{"0":"post-11366","1":"product","2":"type-product","3":"status-publish","4":"has-post-thumbnail","6":"product_brand-professional","7":"product_cat-pinsel","8":"product_tag-pneumatik","9":"product_tag-profi-bursten","11":"first","12":"instock","13":"shipping-taxable","14":"purchasable","15":"product-type-variable","16":"wvs-archive-product-wrapper"},"yoast_head":"<!-- This site is optimized with the Yoast SEO plugin v27.1.1 - https:\/\/yoast.com\/product\/yoast-seo-wordpress\/ -->\n<title>Pneumatische Hornb\u00fcrste mit Nylonborsten - J\u00e4neke<\/title>\n<meta name=\"description\" content=\"Pneumatische B\u00fcrste aus Kunsthorn mit J\u00e4neke Nylonborsten: zum Entwirren und Polieren. Ideal f\u00fcr Extensions. Entdecken Sie jetzt!\" \/>\n<meta name=\"robots\" content=\"index, follow, max-snippet:-1, max-image-preview:large, max-video-preview:-1\" \/>\n<link rel=\"canonical\" href=\"https:\/\/janeke1830.it\/de\/prodotto\/pneumatische-buerste-aus-synthetischem-horn-mit-nylonborsten\/\" \/>\n<meta property=\"og:locale\" content=\"de_DE\" \/>\n<meta property=\"og:type\" content=\"article\" \/>\n<meta property=\"og:title\" content=\"Pneumatische Hornb\u00fcrste mit Nylonborsten - J\u00e4neke\" \/>\n<meta property=\"og:description\" content=\"Pneumatische B\u00fcrste aus Kunsthorn mit J\u00e4neke Nylonborsten: zum Entwirren und Polieren. Ideal f\u00fcr Extensions. Entdecken Sie jetzt!\" \/>\n<meta property=\"og:url\" content=\"https:\/\/janeke1830.it\/de\/prodotto\/pneumatische-buerste-aus-synthetischem-horn-mit-nylonborsten\/\" \/>\n<meta property=\"og:site_name\" content=\"J\u00e4neke\" \/>\n<meta property=\"article:publisher\" content=\"https:\/\/www.facebook.com\/janeke1830\" \/>\n<meta property=\"article:modified_time\" content=\"2026-02-05T14:45:48+00:00\" \/>\n<meta property=\"og:image\" content=\"https:\/\/janeke1830.it\/wp-content\/uploads\/2026\/01\/SP23MCRN-1.png\" \/>\n\t<meta property=\"og:image:width\" content=\"1024\" \/>\n\t<meta property=\"og:image:height\" content=\"1024\" \/>\n\t<meta property=\"og:image:type\" content=\"image\/png\" \/>\n<meta name=\"twitter:card\" content=\"summary_large_image\" \/>\n<script type=\"application\/ld+json\" class=\"yoast-schema-graph\">{\"@context\":\"https:\/\/schema.org\",\"@graph\":[{\"@type\":\"WebPage\",\"@id\":\"https:\/\/janeke1830.it\/de\/prodotto\/pneumatische-buerste-aus-synthetischem-horn-mit-nylonborsten\/\",\"url\":\"https:\/\/janeke1830.it\/de\/prodotto\/pneumatische-buerste-aus-synthetischem-horn-mit-nylonborsten\/\",\"name\":\"Pneumatische Hornb\u00fcrste mit Nylonborsten - J\u00e4neke\",\"isPartOf\":{\"@id\":\"https:\/\/janeke1830.it\/#website\"},\"primaryImageOfPage\":{\"@id\":\"https:\/\/janeke1830.it\/de\/prodotto\/pneumatische-buerste-aus-synthetischem-horn-mit-nylonborsten\/#primaryimage\"},\"image\":{\"@id\":\"https:\/\/janeke1830.it\/de\/prodotto\/pneumatische-buerste-aus-synthetischem-horn-mit-nylonborsten\/#primaryimage\"},\"thumbnailUrl\":\"https:\/\/janeke1830.it\/wp-content\/uploads\/2026\/01\/spazzola-pneumatica-nylon-regular-sp23mcrn-1.png\",\"datePublished\":\"2026-01-02T14:33:28+00:00\",\"dateModified\":\"2026-02-05T14:45:48+00:00\",\"description\":\"Pneumatische B\u00fcrste aus Kunsthorn mit J\u00e4neke Nylonborsten: zum Entwirren und Polieren. Ideal f\u00fcr Extensions. Entdecken Sie jetzt!\",\"breadcrumb\":{\"@id\":\"https:\/\/janeke1830.it\/de\/prodotto\/pneumatische-buerste-aus-synthetischem-horn-mit-nylonborsten\/#breadcrumb\"},\"inLanguage\":\"de\",\"potentialAction\":[{\"@type\":\"ReadAction\",\"target\":[\"https:\/\/janeke1830.it\/de\/prodotto\/pneumatische-buerste-aus-synthetischem-horn-mit-nylonborsten\/\"]}]},{\"@type\":\"ImageObject\",\"inLanguage\":\"de\",\"@id\":\"https:\/\/janeke1830.it\/de\/prodotto\/pneumatische-buerste-aus-synthetischem-horn-mit-nylonborsten\/#primaryimage\",\"url\":\"https:\/\/janeke1830.it\/wp-content\/uploads\/2026\/01\/spazzola-pneumatica-nylon-regular-sp23mcrn-1.png\",\"contentUrl\":\"https:\/\/janeke1830.it\/wp-content\/uploads\/2026\/01\/spazzola-pneumatica-nylon-regular-sp23mcrn-1.png\",\"width\":1024,\"height\":1024,\"caption\":\"Spazzola pneumatica corno sintetico con setole in nylon regular J\u00e4neke\"},{\"@type\":\"BreadcrumbList\",\"@id\":\"https:\/\/janeke1830.it\/de\/prodotto\/pneumatische-buerste-aus-synthetischem-horn-mit-nylonborsten\/#breadcrumb\",\"itemListElement\":[{\"@type\":\"ListItem\",\"position\":1,\"name\":\"Home\",\"item\":\"https:\/\/janeke1830.it\/de\/startseite\/\"},{\"@type\":\"ListItem\",\"position\":2,\"name\":\"Shop\",\"item\":\"https:\/\/janeke1830.it\/de\/shop\/\"},{\"@type\":\"ListItem\",\"position\":3,\"name\":\"Pneumatische B\u00fcrste aus synthetischem Horn mit Nylonborsten\"}]},{\"@type\":\"WebSite\",\"@id\":\"https:\/\/janeke1830.it\/#website\",\"url\":\"https:\/\/janeke1830.it\/\",\"name\":\"J\u00e4neke 1830\",\"description\":\"\",\"publisher\":{\"@id\":\"https:\/\/janeke1830.it\/#organization\"},\"potentialAction\":[{\"@type\":\"SearchAction\",\"target\":{\"@type\":\"EntryPoint\",\"urlTemplate\":\"https:\/\/janeke1830.it\/?s={search_term_string}\"},\"query-input\":{\"@type\":\"PropertyValueSpecification\",\"valueRequired\":true,\"valueName\":\"search_term_string\"}}],\"inLanguage\":\"de\"},{\"@type\":\"Organization\",\"@id\":\"https:\/\/janeke1830.it\/#organization\",\"name\":\"J\u00e4neke 1830\",\"url\":\"https:\/\/janeke1830.it\/\",\"logo\":{\"@type\":\"ImageObject\",\"inLanguage\":\"de\",\"@id\":\"https:\/\/janeke1830.it\/#\/schema\/logo\/image\/\",\"url\":\"https:\/\/janeke1830.it\/wp-content\/uploads\/2025\/12\/logo-nero-janeke.png\",\"contentUrl\":\"https:\/\/janeke1830.it\/wp-content\/uploads\/2025\/12\/logo-nero-janeke.png\",\"width\":1824,\"height\":829,\"caption\":\"J\u00e4neke 1830\"},\"image\":{\"@id\":\"https:\/\/janeke1830.it\/#\/schema\/logo\/image\/\"},\"sameAs\":[\"https:\/\/www.facebook.com\/janeke1830\",\"https:\/\/www.instagram.com\/janeke1830official\",\"https:\/\/www.linkedin.com\/company\/giorgio-janeke-s-r-l-\/\"]}]}<\/script>\n<!-- \/ Yoast SEO plugin. -->","yoast_head_json":{"title":"Pneumatische Hornb\u00fcrste mit Nylonborsten - J\u00e4neke","description":"Pneumatische B\u00fcrste aus Kunsthorn mit J\u00e4neke Nylonborsten: zum Entwirren und Polieren. Ideal f\u00fcr Extensions. Entdecken Sie jetzt!","robots":{"index":"index","follow":"follow","max-snippet":"max-snippet:-1","max-image-preview":"max-image-preview:large","max-video-preview":"max-video-preview:-1"},"canonical":"https:\/\/janeke1830.it\/de\/prodotto\/pneumatische-buerste-aus-synthetischem-horn-mit-nylonborsten\/","og_locale":"de_DE","og_type":"article","og_title":"Pneumatische Hornb\u00fcrste mit Nylonborsten - J\u00e4neke","og_description":"Pneumatische B\u00fcrste aus Kunsthorn mit J\u00e4neke Nylonborsten: zum Entwirren und Polieren. Ideal f\u00fcr Extensions. Entdecken Sie jetzt!","og_url":"https:\/\/janeke1830.it\/de\/prodotto\/pneumatische-buerste-aus-synthetischem-horn-mit-nylonborsten\/","og_site_name":"J\u00e4neke","article_publisher":"https:\/\/www.facebook.com\/janeke1830","article_modified_time":"2026-02-05T14:45:48+00:00","og_image":[{"width":1024,"height":1024,"url":"https:\/\/janeke1830.it\/wp-content\/uploads\/2026\/01\/SP23MCRN-1.png","type":"image\/png"}],"twitter_card":"summary_large_image","schema":{"@context":"https:\/\/schema.org","@graph":[{"@type":"WebPage","@id":"https:\/\/janeke1830.it\/de\/prodotto\/pneumatische-buerste-aus-synthetischem-horn-mit-nylonborsten\/","url":"https:\/\/janeke1830.it\/de\/prodotto\/pneumatische-buerste-aus-synthetischem-horn-mit-nylonborsten\/","name":"Pneumatische Hornb\u00fcrste mit Nylonborsten - J\u00e4neke","isPartOf":{"@id":"https:\/\/janeke1830.it\/#website"},"primaryImageOfPage":{"@id":"https:\/\/janeke1830.it\/de\/prodotto\/pneumatische-buerste-aus-synthetischem-horn-mit-nylonborsten\/#primaryimage"},"image":{"@id":"https:\/\/janeke1830.it\/de\/prodotto\/pneumatische-buerste-aus-synthetischem-horn-mit-nylonborsten\/#primaryimage"},"thumbnailUrl":"https:\/\/janeke1830.it\/wp-content\/uploads\/2026\/01\/spazzola-pneumatica-nylon-regular-sp23mcrn-1.png","datePublished":"2026-01-02T14:33:28+00:00","dateModified":"2026-02-05T14:45:48+00:00","description":"Pneumatische B\u00fcrste aus Kunsthorn mit J\u00e4neke Nylonborsten: zum Entwirren und Polieren. Ideal f\u00fcr Extensions. Entdecken Sie jetzt!","breadcrumb":{"@id":"https:\/\/janeke1830.it\/de\/prodotto\/pneumatische-buerste-aus-synthetischem-horn-mit-nylonborsten\/#breadcrumb"},"inLanguage":"de","potentialAction":[{"@type":"ReadAction","target":["https:\/\/janeke1830.it\/de\/prodotto\/pneumatische-buerste-aus-synthetischem-horn-mit-nylonborsten\/"]}]},{"@type":"ImageObject","inLanguage":"de","@id":"https:\/\/janeke1830.it\/de\/prodotto\/pneumatische-buerste-aus-synthetischem-horn-mit-nylonborsten\/#primaryimage","url":"https:\/\/janeke1830.it\/wp-content\/uploads\/2026\/01\/spazzola-pneumatica-nylon-regular-sp23mcrn-1.png","contentUrl":"https:\/\/janeke1830.it\/wp-content\/uploads\/2026\/01\/spazzola-pneumatica-nylon-regular-sp23mcrn-1.png","width":1024,"height":1024,"caption":"Spazzola pneumatica corno sintetico con setole in nylon regular J\u00e4neke"},{"@type":"BreadcrumbList","@id":"https:\/\/janeke1830.it\/de\/prodotto\/pneumatische-buerste-aus-synthetischem-horn-mit-nylonborsten\/#breadcrumb","itemListElement":[{"@type":"ListItem","position":1,"name":"Home","item":"https:\/\/janeke1830.it\/de\/startseite\/"},{"@type":"ListItem","position":2,"name":"Shop","item":"https:\/\/janeke1830.it\/de\/shop\/"},{"@type":"ListItem","position":3,"name":"Pneumatische B\u00fcrste aus synthetischem Horn mit Nylonborsten"}]},{"@type":"WebSite","@id":"https:\/\/janeke1830.it\/#website","url":"https:\/\/janeke1830.it\/","name":"J\u00e4neke 1830","description":"","publisher":{"@id":"https:\/\/janeke1830.it\/#organization"},"potentialAction":[{"@type":"SearchAction","target":{"@type":"EntryPoint","urlTemplate":"https:\/\/janeke1830.it\/?s={search_term_string}"},"query-input":{"@type":"PropertyValueSpecification","valueRequired":true,"valueName":"search_term_string"}}],"inLanguage":"de"},{"@type":"Organization","@id":"https:\/\/janeke1830.it\/#organization","name":"J\u00e4neke 1830","url":"https:\/\/janeke1830.it\/","logo":{"@type":"ImageObject","inLanguage":"de","@id":"https:\/\/janeke1830.it\/#\/schema\/logo\/image\/","url":"https:\/\/janeke1830.it\/wp-content\/uploads\/2025\/12\/logo-nero-janeke.png","contentUrl":"https:\/\/janeke1830.it\/wp-content\/uploads\/2025\/12\/logo-nero-janeke.png","width":1824,"height":829,"caption":"J\u00e4neke 1830"},"image":{"@id":"https:\/\/janeke1830.it\/#\/schema\/logo\/image\/"},"sameAs":["https:\/\/www.facebook.com\/janeke1830","https:\/\/www.instagram.com\/janeke1830official","https:\/\/www.linkedin.com\/company\/giorgio-janeke-s-r-l-\/"]}]}},"_links":{"self":[{"href":"https:\/\/janeke1830.it\/de\/wp-json\/wp\/v2\/product\/11366","targetHints":{"allow":["GET"]}}],"collection":[{"href":"https:\/\/janeke1830.it\/de\/wp-json\/wp\/v2\/product"}],"about":[{"href":"https:\/\/janeke1830.it\/de\/wp-json\/wp\/v2\/types\/product"}],"replies":[{"embeddable":true,"href":"https:\/\/janeke1830.it\/de\/wp-json\/wp\/v2\/comments?post=11366"}],"wp:featuredmedia":[{"embeddable":true,"href":"https:\/\/janeke1830.it\/de\/wp-json\/wp\/v2\/media\/904"}],"wp:attachment":[{"href":"https:\/\/janeke1830.it\/de\/wp-json\/wp\/v2\/media?parent=11366"}],"wp:term":[{"taxonomy":"product_brand","embeddable":true,"href":"https:\/\/janeke1830.it\/de\/wp-json\/wp\/v2\/product_brand?post=11366"},{"taxonomy":"product_cat","embeddable":true,"href":"https:\/\/janeke1830.it\/de\/wp-json\/wp\/v2\/product_cat?post=11366"},{"taxonomy":"product_tag","embeddable":true,"href":"https:\/\/janeke1830.it\/de\/wp-json\/wp\/v2\/product_tag?post=11366"}],"curies":[{"name":"wp","href":"https:\/\/api.w.org\/{rel}","templated":true}]}}