{"id":11362,"date":"2026-01-02T11:54:38","date_gmt":"2026-01-02T10:54:38","guid":{"rendered":"https:\/\/janeke1830.it\/prodotto\/schwarze-getrommelte-sechseckige-holzbuerste-mit-haarfaenger\/"},"modified":"2026-02-10T14:41:04","modified_gmt":"2026-02-10T13:41:04","slug":"schwarze-getrommelte-sechseckige-holzbuerste-mit-haarfaenger","status":"publish","type":"product","link":"https:\/\/janeke1830.it\/de\/prodotto\/schwarze-getrommelte-sechseckige-holzbuerste-mit-haarfaenger\/","title":{"rendered":"Schwarze getrommelte sechseckige Holzb\u00fcrste mit Haarf\u00e4nger"},"content":{"rendered":"","protected":false},"excerpt":{"rendered":"<p>Schwarze B\u00fcrste aus getrommeltem Holz, Massage mit Wildschweinborsten.<\/p>\n<p>Geeignet f\u00fcr ein sanftes Styling oder einen glatten Effekt bei zu krausem Haar. Die doppelten Borsten, Natur- und Nylonborsten, erm\u00f6glichen es, das Haar zu b\u00fcrsten und zu entwirren und es zu massieren. Die abnehmbare Spitze wird am Ende des Stiels befestigt und bildet einen n\u00fctzlichen Schwanz, mit dem Sie w\u00e4hrend des Trocknens Abschnitte des Haares nachzeichnen k\u00f6nnen.  <\/p>\n<p>&nbsp;<\/p>\n","protected":false},"featured_media":11307,"comment_status":"closed","ping_status":"closed","template":"","meta":[],"product_brand":[1028],"product_cat":[1032],"product_tag":[1179],"class_list":{"0":"post-11362","1":"product","2":"type-product","3":"status-publish","4":"has-post-thumbnail","6":"product_brand-professional","7":"product_cat-pinsel","8":"product_tag-profi-bursten","10":"first","11":"instock","12":"shipping-taxable","13":"purchasable","14":"product-type-variable","15":"wvs-archive-product-wrapper"},"yoast_head":"<!-- This site is optimized with the Yoast SEO plugin v27.1.1 - https:\/\/yoast.com\/product\/yoast-seo-wordpress\/ -->\n<title>Schwarze sechseckige Haarb\u00fcrste aus Holz - J\u00e4neke<\/title>\n<meta name=\"description\" content=\"Gl\u00e4tten Sie krauses und gespaltenes Haar mit der J\u00e4neke Black Wooden Hexagonal Brush. Gemischte Borsten. Kaufen Sie sie jetzt!\" \/>\n<meta name=\"robots\" content=\"index, follow, max-snippet:-1, max-image-preview:large, max-video-preview:-1\" \/>\n<link rel=\"canonical\" href=\"https:\/\/janeke1830.it\/de\/prodotto\/schwarze-getrommelte-sechseckige-holzbuerste-mit-haarfaenger\/\" \/>\n<meta property=\"og:locale\" content=\"de_DE\" \/>\n<meta property=\"og:type\" content=\"article\" \/>\n<meta property=\"og:title\" content=\"Schwarze sechseckige Haarb\u00fcrste aus Holz - J\u00e4neke\" \/>\n<meta property=\"og:description\" content=\"Gl\u00e4tten Sie krauses und gespaltenes Haar mit der J\u00e4neke Black Wooden Hexagonal Brush. Gemischte Borsten. Kaufen Sie sie jetzt!\" \/>\n<meta property=\"og:url\" content=\"https:\/\/janeke1830.it\/de\/prodotto\/schwarze-getrommelte-sechseckige-holzbuerste-mit-haarfaenger\/\" \/>\n<meta property=\"og:site_name\" content=\"J\u00e4neke\" \/>\n<meta property=\"article:publisher\" content=\"https:\/\/www.facebook.com\/janeke1830\" \/>\n<meta property=\"article:modified_time\" content=\"2026-02-10T13:41:04+00:00\" \/>\n<meta property=\"og:image\" content=\"https:\/\/janeke1830.it\/wp-content\/uploads\/2026\/01\/SP89NM.R.png\" \/>\n\t<meta property=\"og:image:width\" content=\"1024\" \/>\n\t<meta property=\"og:image:height\" content=\"1024\" \/>\n\t<meta property=\"og:image:type\" content=\"image\/png\" \/>\n<meta name=\"twitter:card\" content=\"summary_large_image\" \/>\n<script type=\"application\/ld+json\" class=\"yoast-schema-graph\">{\"@context\":\"https:\/\/schema.org\",\"@graph\":[{\"@type\":\"WebPage\",\"@id\":\"https:\/\/janeke1830.it\/de\/prodotto\/schwarze-getrommelte-sechseckige-holzbuerste-mit-haarfaenger\/\",\"url\":\"https:\/\/janeke1830.it\/de\/prodotto\/schwarze-getrommelte-sechseckige-holzbuerste-mit-haarfaenger\/\",\"name\":\"Schwarze sechseckige Haarb\u00fcrste aus Holz - J\u00e4neke\",\"isPartOf\":{\"@id\":\"https:\/\/janeke1830.it\/#website\"},\"primaryImageOfPage\":{\"@id\":\"https:\/\/janeke1830.it\/de\/prodotto\/schwarze-getrommelte-sechseckige-holzbuerste-mit-haarfaenger\/#primaryimage\"},\"image\":{\"@id\":\"https:\/\/janeke1830.it\/de\/prodotto\/schwarze-getrommelte-sechseckige-holzbuerste-mit-haarfaenger\/#primaryimage\"},\"thumbnailUrl\":\"https:\/\/janeke1830.it\/wp-content\/uploads\/2026\/01\/spazzola-esagonale-legno-55mm-sp89nm.r.png\",\"datePublished\":\"2026-01-02T10:54:38+00:00\",\"dateModified\":\"2026-02-10T13:41:04+00:00\",\"description\":\"Gl\u00e4tten Sie krauses und gespaltenes Haar mit der J\u00e4neke Black Wooden Hexagonal Brush. Gemischte Borsten. Kaufen Sie sie jetzt!\",\"breadcrumb\":{\"@id\":\"https:\/\/janeke1830.it\/de\/prodotto\/schwarze-getrommelte-sechseckige-holzbuerste-mit-haarfaenger\/#breadcrumb\"},\"inLanguage\":\"de\",\"potentialAction\":[{\"@type\":\"ReadAction\",\"target\":[\"https:\/\/janeke1830.it\/de\/prodotto\/schwarze-getrommelte-sechseckige-holzbuerste-mit-haarfaenger\/\"]}]},{\"@type\":\"ImageObject\",\"inLanguage\":\"de\",\"@id\":\"https:\/\/janeke1830.it\/de\/prodotto\/schwarze-getrommelte-sechseckige-holzbuerste-mit-haarfaenger\/#primaryimage\",\"url\":\"https:\/\/janeke1830.it\/wp-content\/uploads\/2026\/01\/spazzola-esagonale-legno-55mm-sp89nm.r.png\",\"contentUrl\":\"https:\/\/janeke1830.it\/wp-content\/uploads\/2026\/01\/spazzola-esagonale-legno-55mm-sp89nm.r.png\",\"width\":1024,\"height\":1024,\"caption\":\"Spazzola esagonale legno 55mm J\u00e4neke nera massaggio cinghiale districante\"},{\"@type\":\"BreadcrumbList\",\"@id\":\"https:\/\/janeke1830.it\/de\/prodotto\/schwarze-getrommelte-sechseckige-holzbuerste-mit-haarfaenger\/#breadcrumb\",\"itemListElement\":[{\"@type\":\"ListItem\",\"position\":1,\"name\":\"Home\",\"item\":\"https:\/\/janeke1830.it\/de\/startseite\/\"},{\"@type\":\"ListItem\",\"position\":2,\"name\":\"Shop\",\"item\":\"https:\/\/janeke1830.it\/de\/shop\/\"},{\"@type\":\"ListItem\",\"position\":3,\"name\":\"Schwarze getrommelte sechseckige Holzb\u00fcrste mit Haarf\u00e4nger\"}]},{\"@type\":\"WebSite\",\"@id\":\"https:\/\/janeke1830.it\/#website\",\"url\":\"https:\/\/janeke1830.it\/\",\"name\":\"J\u00e4neke 1830\",\"description\":\"\",\"publisher\":{\"@id\":\"https:\/\/janeke1830.it\/#organization\"},\"potentialAction\":[{\"@type\":\"SearchAction\",\"target\":{\"@type\":\"EntryPoint\",\"urlTemplate\":\"https:\/\/janeke1830.it\/?s={search_term_string}\"},\"query-input\":{\"@type\":\"PropertyValueSpecification\",\"valueRequired\":true,\"valueName\":\"search_term_string\"}}],\"inLanguage\":\"de\"},{\"@type\":\"Organization\",\"@id\":\"https:\/\/janeke1830.it\/#organization\",\"name\":\"J\u00e4neke 1830\",\"url\":\"https:\/\/janeke1830.it\/\",\"logo\":{\"@type\":\"ImageObject\",\"inLanguage\":\"de\",\"@id\":\"https:\/\/janeke1830.it\/#\/schema\/logo\/image\/\",\"url\":\"https:\/\/janeke1830.it\/wp-content\/uploads\/2025\/12\/logo-nero-janeke.png\",\"contentUrl\":\"https:\/\/janeke1830.it\/wp-content\/uploads\/2025\/12\/logo-nero-janeke.png\",\"width\":1824,\"height\":829,\"caption\":\"J\u00e4neke 1830\"},\"image\":{\"@id\":\"https:\/\/janeke1830.it\/#\/schema\/logo\/image\/\"},\"sameAs\":[\"https:\/\/www.facebook.com\/janeke1830\",\"https:\/\/www.instagram.com\/janeke1830official\",\"https:\/\/www.linkedin.com\/company\/giorgio-janeke-s-r-l-\/\"]}]}<\/script>\n<!-- \/ Yoast SEO plugin. -->","yoast_head_json":{"title":"Schwarze sechseckige Haarb\u00fcrste aus Holz - J\u00e4neke","description":"Gl\u00e4tten Sie krauses und gespaltenes Haar mit der J\u00e4neke Black Wooden Hexagonal Brush. Gemischte Borsten. Kaufen Sie sie jetzt!","robots":{"index":"index","follow":"follow","max-snippet":"max-snippet:-1","max-image-preview":"max-image-preview:large","max-video-preview":"max-video-preview:-1"},"canonical":"https:\/\/janeke1830.it\/de\/prodotto\/schwarze-getrommelte-sechseckige-holzbuerste-mit-haarfaenger\/","og_locale":"de_DE","og_type":"article","og_title":"Schwarze sechseckige Haarb\u00fcrste aus Holz - J\u00e4neke","og_description":"Gl\u00e4tten Sie krauses und gespaltenes Haar mit der J\u00e4neke Black Wooden Hexagonal Brush. Gemischte Borsten. Kaufen Sie sie jetzt!","og_url":"https:\/\/janeke1830.it\/de\/prodotto\/schwarze-getrommelte-sechseckige-holzbuerste-mit-haarfaenger\/","og_site_name":"J\u00e4neke","article_publisher":"https:\/\/www.facebook.com\/janeke1830","article_modified_time":"2026-02-10T13:41:04+00:00","og_image":[{"width":1024,"height":1024,"url":"https:\/\/janeke1830.it\/wp-content\/uploads\/2026\/01\/SP89NM.R.png","type":"image\/png"}],"twitter_card":"summary_large_image","schema":{"@context":"https:\/\/schema.org","@graph":[{"@type":"WebPage","@id":"https:\/\/janeke1830.it\/de\/prodotto\/schwarze-getrommelte-sechseckige-holzbuerste-mit-haarfaenger\/","url":"https:\/\/janeke1830.it\/de\/prodotto\/schwarze-getrommelte-sechseckige-holzbuerste-mit-haarfaenger\/","name":"Schwarze sechseckige Haarb\u00fcrste aus Holz - J\u00e4neke","isPartOf":{"@id":"https:\/\/janeke1830.it\/#website"},"primaryImageOfPage":{"@id":"https:\/\/janeke1830.it\/de\/prodotto\/schwarze-getrommelte-sechseckige-holzbuerste-mit-haarfaenger\/#primaryimage"},"image":{"@id":"https:\/\/janeke1830.it\/de\/prodotto\/schwarze-getrommelte-sechseckige-holzbuerste-mit-haarfaenger\/#primaryimage"},"thumbnailUrl":"https:\/\/janeke1830.it\/wp-content\/uploads\/2026\/01\/spazzola-esagonale-legno-55mm-sp89nm.r.png","datePublished":"2026-01-02T10:54:38+00:00","dateModified":"2026-02-10T13:41:04+00:00","description":"Gl\u00e4tten Sie krauses und gespaltenes Haar mit der J\u00e4neke Black Wooden Hexagonal Brush. Gemischte Borsten. Kaufen Sie sie jetzt!","breadcrumb":{"@id":"https:\/\/janeke1830.it\/de\/prodotto\/schwarze-getrommelte-sechseckige-holzbuerste-mit-haarfaenger\/#breadcrumb"},"inLanguage":"de","potentialAction":[{"@type":"ReadAction","target":["https:\/\/janeke1830.it\/de\/prodotto\/schwarze-getrommelte-sechseckige-holzbuerste-mit-haarfaenger\/"]}]},{"@type":"ImageObject","inLanguage":"de","@id":"https:\/\/janeke1830.it\/de\/prodotto\/schwarze-getrommelte-sechseckige-holzbuerste-mit-haarfaenger\/#primaryimage","url":"https:\/\/janeke1830.it\/wp-content\/uploads\/2026\/01\/spazzola-esagonale-legno-55mm-sp89nm.r.png","contentUrl":"https:\/\/janeke1830.it\/wp-content\/uploads\/2026\/01\/spazzola-esagonale-legno-55mm-sp89nm.r.png","width":1024,"height":1024,"caption":"Spazzola esagonale legno 55mm J\u00e4neke nera massaggio cinghiale districante"},{"@type":"BreadcrumbList","@id":"https:\/\/janeke1830.it\/de\/prodotto\/schwarze-getrommelte-sechseckige-holzbuerste-mit-haarfaenger\/#breadcrumb","itemListElement":[{"@type":"ListItem","position":1,"name":"Home","item":"https:\/\/janeke1830.it\/de\/startseite\/"},{"@type":"ListItem","position":2,"name":"Shop","item":"https:\/\/janeke1830.it\/de\/shop\/"},{"@type":"ListItem","position":3,"name":"Schwarze getrommelte sechseckige Holzb\u00fcrste mit Haarf\u00e4nger"}]},{"@type":"WebSite","@id":"https:\/\/janeke1830.it\/#website","url":"https:\/\/janeke1830.it\/","name":"J\u00e4neke 1830","description":"","publisher":{"@id":"https:\/\/janeke1830.it\/#organization"},"potentialAction":[{"@type":"SearchAction","target":{"@type":"EntryPoint","urlTemplate":"https:\/\/janeke1830.it\/?s={search_term_string}"},"query-input":{"@type":"PropertyValueSpecification","valueRequired":true,"valueName":"search_term_string"}}],"inLanguage":"de"},{"@type":"Organization","@id":"https:\/\/janeke1830.it\/#organization","name":"J\u00e4neke 1830","url":"https:\/\/janeke1830.it\/","logo":{"@type":"ImageObject","inLanguage":"de","@id":"https:\/\/janeke1830.it\/#\/schema\/logo\/image\/","url":"https:\/\/janeke1830.it\/wp-content\/uploads\/2025\/12\/logo-nero-janeke.png","contentUrl":"https:\/\/janeke1830.it\/wp-content\/uploads\/2025\/12\/logo-nero-janeke.png","width":1824,"height":829,"caption":"J\u00e4neke 1830"},"image":{"@id":"https:\/\/janeke1830.it\/#\/schema\/logo\/image\/"},"sameAs":["https:\/\/www.facebook.com\/janeke1830","https:\/\/www.instagram.com\/janeke1830official","https:\/\/www.linkedin.com\/company\/giorgio-janeke-s-r-l-\/"]}]}},"_links":{"self":[{"href":"https:\/\/janeke1830.it\/de\/wp-json\/wp\/v2\/product\/11362","targetHints":{"allow":["GET"]}}],"collection":[{"href":"https:\/\/janeke1830.it\/de\/wp-json\/wp\/v2\/product"}],"about":[{"href":"https:\/\/janeke1830.it\/de\/wp-json\/wp\/v2\/types\/product"}],"replies":[{"embeddable":true,"href":"https:\/\/janeke1830.it\/de\/wp-json\/wp\/v2\/comments?post=11362"}],"wp:featuredmedia":[{"embeddable":true,"href":"https:\/\/janeke1830.it\/de\/wp-json\/wp\/v2\/media\/11307"}],"wp:attachment":[{"href":"https:\/\/janeke1830.it\/de\/wp-json\/wp\/v2\/media?parent=11362"}],"wp:term":[{"taxonomy":"product_brand","embeddable":true,"href":"https:\/\/janeke1830.it\/de\/wp-json\/wp\/v2\/product_brand?post=11362"},{"taxonomy":"product_cat","embeddable":true,"href":"https:\/\/janeke1830.it\/de\/wp-json\/wp\/v2\/product_cat?post=11362"},{"taxonomy":"product_tag","embeddable":true,"href":"https:\/\/janeke1830.it\/de\/wp-json\/wp\/v2\/product_tag?post=11362"}],"curies":[{"name":"wp","href":"https:\/\/api.w.org\/{rel}","templated":true}]}}