{"id":11275,"date":"2026-01-03T12:10:17","date_gmt":"2026-01-03T11:10:17","guid":{"rendered":"https:\/\/janeke1830.it\/prodotto\/beidseitiger-tischspiegel\/"},"modified":"2026-02-05T15:56:50","modified_gmt":"2026-02-05T14:56:50","slug":"beidseitiger-tischspiegel","status":"publish","type":"product","link":"https:\/\/janeke1830.it\/de\/prodotto\/beidseitiger-tischspiegel\/","title":{"rendered":"Beidseitiger Tischspiegel"},"content":{"rendered":"","protected":false},"excerpt":{"rendered":"<p>Der <strong>doppelseitige Tischspiegel mit St\u00e4nder<\/strong> von <strong>Janeke<\/strong> mit einem Durchmesser von <strong>170 mm<\/strong> bietet zwei Oberfl\u00e4chen: eine Standard- und eine Vergr\u00f6\u00dferungsfl\u00e4che, ideal f\u00fcr Make-up und detaillierte Gesichtspflege. Der stabile St\u00e4nder sorgt f\u00fcr Komfort und Bequemlichkeit auf jeder Oberfl\u00e4che, w\u00e4hrend das elegante Design jeden Raum aufwertet. Aus hochwertigen Materialien gefertigt, vereint er Funktionalit\u00e4t, Langlebigkeit und Raffinesse und garantiert den f\u00fcr Janeke typischen Stil und Zuverl\u00e4ssigkeit.  <\/p>\n","protected":false},"featured_media":838,"comment_status":"closed","ping_status":"closed","template":"","meta":[],"product_brand":[1021],"product_cat":[1022],"product_tag":[1023],"class_list":{"0":"post-11275","1":"product","2":"type-product","3":"status-publish","4":"has-post-thumbnail","6":"product_brand-luxury","7":"product_cat-spiegel","8":"product_tag-spiegel","10":"first","11":"instock","12":"shipping-taxable","13":"purchasable","14":"product-type-variable","15":"has-default-attributes","16":"wvs-archive-product-wrapper"},"yoast_head":"<!-- This site is optimized with the Yoast SEO plugin v27.1.1 - https:\/\/yoast.com\/product\/yoast-seo-wordpress\/ -->\n<title>J\u00e4neke Doppelseitiger Tischspiegel - Doppelte Oberfl\u00e4che<\/title>\n<meta name=\"description\" content=\"F\u00fcr ein makelloses Make-up entscheiden Sie sich f\u00fcr die Eleganz des doppelseitigen Tischspiegels von J\u00e4neke. Doppelte Sicht und Stil. Entdecken Sie ihn jetzt!\" \/>\n<meta name=\"robots\" content=\"index, follow, max-snippet:-1, max-image-preview:large, max-video-preview:-1\" \/>\n<link rel=\"canonical\" href=\"https:\/\/janeke1830.it\/de\/prodotto\/beidseitiger-tischspiegel\/\" \/>\n<meta property=\"og:locale\" content=\"de_DE\" \/>\n<meta property=\"og:type\" content=\"article\" \/>\n<meta property=\"og:title\" content=\"J\u00e4neke Doppelseitiger Tischspiegel - Doppelte Oberfl\u00e4che\" \/>\n<meta property=\"og:description\" content=\"F\u00fcr ein makelloses Make-up entscheiden Sie sich f\u00fcr die Eleganz des doppelseitigen Tischspiegels von J\u00e4neke. Doppelte Sicht und Stil. Entdecken Sie ihn jetzt!\" \/>\n<meta property=\"og:url\" content=\"https:\/\/janeke1830.it\/de\/prodotto\/beidseitiger-tischspiegel\/\" \/>\n<meta property=\"og:site_name\" content=\"J\u00e4neke\" \/>\n<meta property=\"article:publisher\" content=\"https:\/\/www.facebook.com\/janeke1830\" \/>\n<meta property=\"article:modified_time\" content=\"2026-02-05T14:56:50+00:00\" \/>\n<meta property=\"og:image\" content=\"https:\/\/janeke1830.it\/wp-content\/uploads\/2026\/01\/AU447.3.png\" \/>\n\t<meta property=\"og:image:width\" content=\"1024\" \/>\n\t<meta property=\"og:image:height\" content=\"1024\" \/>\n\t<meta property=\"og:image:type\" content=\"image\/png\" \/>\n<meta name=\"twitter:card\" content=\"summary_large_image\" \/>\n<script type=\"application\/ld+json\" class=\"yoast-schema-graph\">{\"@context\":\"https:\/\/schema.org\",\"@graph\":[{\"@type\":\"WebPage\",\"@id\":\"https:\/\/janeke1830.it\/de\/prodotto\/beidseitiger-tischspiegel\/\",\"url\":\"https:\/\/janeke1830.it\/de\/prodotto\/beidseitiger-tischspiegel\/\",\"name\":\"J\u00e4neke Doppelseitiger Tischspiegel - Doppelte Oberfl\u00e4che\",\"isPartOf\":{\"@id\":\"https:\/\/janeke1830.it\/#website\"},\"primaryImageOfPage\":{\"@id\":\"https:\/\/janeke1830.it\/de\/prodotto\/beidseitiger-tischspiegel\/#primaryimage\"},\"image\":{\"@id\":\"https:\/\/janeke1830.it\/de\/prodotto\/beidseitiger-tischspiegel\/#primaryimage\"},\"thumbnailUrl\":\"https:\/\/janeke1830.it\/wp-content\/uploads\/2026\/01\/specchio-bifacciale-oro-au447.3.png\",\"datePublished\":\"2026-01-03T11:10:17+00:00\",\"dateModified\":\"2026-02-05T14:56:50+00:00\",\"description\":\"F\u00fcr ein makelloses Make-up entscheiden Sie sich f\u00fcr die Eleganz des doppelseitigen Tischspiegels von J\u00e4neke. Doppelte Sicht und Stil. Entdecken Sie ihn jetzt!\",\"breadcrumb\":{\"@id\":\"https:\/\/janeke1830.it\/de\/prodotto\/beidseitiger-tischspiegel\/#breadcrumb\"},\"inLanguage\":\"de\",\"potentialAction\":[{\"@type\":\"ReadAction\",\"target\":[\"https:\/\/janeke1830.it\/de\/prodotto\/beidseitiger-tischspiegel\/\"]}]},{\"@type\":\"ImageObject\",\"inLanguage\":\"de\",\"@id\":\"https:\/\/janeke1830.it\/de\/prodotto\/beidseitiger-tischspiegel\/#primaryimage\",\"url\":\"https:\/\/janeke1830.it\/wp-content\/uploads\/2026\/01\/specchio-bifacciale-oro-au447.3.png\",\"contentUrl\":\"https:\/\/janeke1830.it\/wp-content\/uploads\/2026\/01\/specchio-bifacciale-oro-au447.3.png\",\"width\":1024,\"height\":1024,\"caption\":\"Specchio bifacciale tavolo 170mm J\u00e4neke oro con lente ingrandente\"},{\"@type\":\"BreadcrumbList\",\"@id\":\"https:\/\/janeke1830.it\/de\/prodotto\/beidseitiger-tischspiegel\/#breadcrumb\",\"itemListElement\":[{\"@type\":\"ListItem\",\"position\":1,\"name\":\"Home\",\"item\":\"https:\/\/janeke1830.it\/de\/startseite\/\"},{\"@type\":\"ListItem\",\"position\":2,\"name\":\"Shop\",\"item\":\"https:\/\/janeke1830.it\/de\/shop\/\"},{\"@type\":\"ListItem\",\"position\":3,\"name\":\"Beidseitiger Tischspiegel\"}]},{\"@type\":\"WebSite\",\"@id\":\"https:\/\/janeke1830.it\/#website\",\"url\":\"https:\/\/janeke1830.it\/\",\"name\":\"J\u00e4neke 1830\",\"description\":\"\",\"publisher\":{\"@id\":\"https:\/\/janeke1830.it\/#organization\"},\"potentialAction\":[{\"@type\":\"SearchAction\",\"target\":{\"@type\":\"EntryPoint\",\"urlTemplate\":\"https:\/\/janeke1830.it\/?s={search_term_string}\"},\"query-input\":{\"@type\":\"PropertyValueSpecification\",\"valueRequired\":true,\"valueName\":\"search_term_string\"}}],\"inLanguage\":\"de\"},{\"@type\":\"Organization\",\"@id\":\"https:\/\/janeke1830.it\/#organization\",\"name\":\"J\u00e4neke 1830\",\"url\":\"https:\/\/janeke1830.it\/\",\"logo\":{\"@type\":\"ImageObject\",\"inLanguage\":\"de\",\"@id\":\"https:\/\/janeke1830.it\/#\/schema\/logo\/image\/\",\"url\":\"https:\/\/janeke1830.it\/wp-content\/uploads\/2025\/12\/logo-nero-janeke.png\",\"contentUrl\":\"https:\/\/janeke1830.it\/wp-content\/uploads\/2025\/12\/logo-nero-janeke.png\",\"width\":1824,\"height\":829,\"caption\":\"J\u00e4neke 1830\"},\"image\":{\"@id\":\"https:\/\/janeke1830.it\/#\/schema\/logo\/image\/\"},\"sameAs\":[\"https:\/\/www.facebook.com\/janeke1830\",\"https:\/\/www.instagram.com\/janeke1830official\",\"https:\/\/www.linkedin.com\/company\/giorgio-janeke-s-r-l-\/\"]}]}<\/script>\n<!-- \/ Yoast SEO plugin. -->","yoast_head_json":{"title":"J\u00e4neke Doppelseitiger Tischspiegel - Doppelte Oberfl\u00e4che","description":"F\u00fcr ein makelloses Make-up entscheiden Sie sich f\u00fcr die Eleganz des doppelseitigen Tischspiegels von J\u00e4neke. Doppelte Sicht und Stil. Entdecken Sie ihn jetzt!","robots":{"index":"index","follow":"follow","max-snippet":"max-snippet:-1","max-image-preview":"max-image-preview:large","max-video-preview":"max-video-preview:-1"},"canonical":"https:\/\/janeke1830.it\/de\/prodotto\/beidseitiger-tischspiegel\/","og_locale":"de_DE","og_type":"article","og_title":"J\u00e4neke Doppelseitiger Tischspiegel - Doppelte Oberfl\u00e4che","og_description":"F\u00fcr ein makelloses Make-up entscheiden Sie sich f\u00fcr die Eleganz des doppelseitigen Tischspiegels von J\u00e4neke. Doppelte Sicht und Stil. Entdecken Sie ihn jetzt!","og_url":"https:\/\/janeke1830.it\/de\/prodotto\/beidseitiger-tischspiegel\/","og_site_name":"J\u00e4neke","article_publisher":"https:\/\/www.facebook.com\/janeke1830","article_modified_time":"2026-02-05T14:56:50+00:00","og_image":[{"width":1024,"height":1024,"url":"https:\/\/janeke1830.it\/wp-content\/uploads\/2026\/01\/AU447.3.png","type":"image\/png"}],"twitter_card":"summary_large_image","schema":{"@context":"https:\/\/schema.org","@graph":[{"@type":"WebPage","@id":"https:\/\/janeke1830.it\/de\/prodotto\/beidseitiger-tischspiegel\/","url":"https:\/\/janeke1830.it\/de\/prodotto\/beidseitiger-tischspiegel\/","name":"J\u00e4neke Doppelseitiger Tischspiegel - Doppelte Oberfl\u00e4che","isPartOf":{"@id":"https:\/\/janeke1830.it\/#website"},"primaryImageOfPage":{"@id":"https:\/\/janeke1830.it\/de\/prodotto\/beidseitiger-tischspiegel\/#primaryimage"},"image":{"@id":"https:\/\/janeke1830.it\/de\/prodotto\/beidseitiger-tischspiegel\/#primaryimage"},"thumbnailUrl":"https:\/\/janeke1830.it\/wp-content\/uploads\/2026\/01\/specchio-bifacciale-oro-au447.3.png","datePublished":"2026-01-03T11:10:17+00:00","dateModified":"2026-02-05T14:56:50+00:00","description":"F\u00fcr ein makelloses Make-up entscheiden Sie sich f\u00fcr die Eleganz des doppelseitigen Tischspiegels von J\u00e4neke. Doppelte Sicht und Stil. Entdecken Sie ihn jetzt!","breadcrumb":{"@id":"https:\/\/janeke1830.it\/de\/prodotto\/beidseitiger-tischspiegel\/#breadcrumb"},"inLanguage":"de","potentialAction":[{"@type":"ReadAction","target":["https:\/\/janeke1830.it\/de\/prodotto\/beidseitiger-tischspiegel\/"]}]},{"@type":"ImageObject","inLanguage":"de","@id":"https:\/\/janeke1830.it\/de\/prodotto\/beidseitiger-tischspiegel\/#primaryimage","url":"https:\/\/janeke1830.it\/wp-content\/uploads\/2026\/01\/specchio-bifacciale-oro-au447.3.png","contentUrl":"https:\/\/janeke1830.it\/wp-content\/uploads\/2026\/01\/specchio-bifacciale-oro-au447.3.png","width":1024,"height":1024,"caption":"Specchio bifacciale tavolo 170mm J\u00e4neke oro con lente ingrandente"},{"@type":"BreadcrumbList","@id":"https:\/\/janeke1830.it\/de\/prodotto\/beidseitiger-tischspiegel\/#breadcrumb","itemListElement":[{"@type":"ListItem","position":1,"name":"Home","item":"https:\/\/janeke1830.it\/de\/startseite\/"},{"@type":"ListItem","position":2,"name":"Shop","item":"https:\/\/janeke1830.it\/de\/shop\/"},{"@type":"ListItem","position":3,"name":"Beidseitiger Tischspiegel"}]},{"@type":"WebSite","@id":"https:\/\/janeke1830.it\/#website","url":"https:\/\/janeke1830.it\/","name":"J\u00e4neke 1830","description":"","publisher":{"@id":"https:\/\/janeke1830.it\/#organization"},"potentialAction":[{"@type":"SearchAction","target":{"@type":"EntryPoint","urlTemplate":"https:\/\/janeke1830.it\/?s={search_term_string}"},"query-input":{"@type":"PropertyValueSpecification","valueRequired":true,"valueName":"search_term_string"}}],"inLanguage":"de"},{"@type":"Organization","@id":"https:\/\/janeke1830.it\/#organization","name":"J\u00e4neke 1830","url":"https:\/\/janeke1830.it\/","logo":{"@type":"ImageObject","inLanguage":"de","@id":"https:\/\/janeke1830.it\/#\/schema\/logo\/image\/","url":"https:\/\/janeke1830.it\/wp-content\/uploads\/2025\/12\/logo-nero-janeke.png","contentUrl":"https:\/\/janeke1830.it\/wp-content\/uploads\/2025\/12\/logo-nero-janeke.png","width":1824,"height":829,"caption":"J\u00e4neke 1830"},"image":{"@id":"https:\/\/janeke1830.it\/#\/schema\/logo\/image\/"},"sameAs":["https:\/\/www.facebook.com\/janeke1830","https:\/\/www.instagram.com\/janeke1830official","https:\/\/www.linkedin.com\/company\/giorgio-janeke-s-r-l-\/"]}]}},"_links":{"self":[{"href":"https:\/\/janeke1830.it\/de\/wp-json\/wp\/v2\/product\/11275","targetHints":{"allow":["GET"]}}],"collection":[{"href":"https:\/\/janeke1830.it\/de\/wp-json\/wp\/v2\/product"}],"about":[{"href":"https:\/\/janeke1830.it\/de\/wp-json\/wp\/v2\/types\/product"}],"replies":[{"embeddable":true,"href":"https:\/\/janeke1830.it\/de\/wp-json\/wp\/v2\/comments?post=11275"}],"wp:featuredmedia":[{"embeddable":true,"href":"https:\/\/janeke1830.it\/de\/wp-json\/wp\/v2\/media\/838"}],"wp:attachment":[{"href":"https:\/\/janeke1830.it\/de\/wp-json\/wp\/v2\/media?parent=11275"}],"wp:term":[{"taxonomy":"product_brand","embeddable":true,"href":"https:\/\/janeke1830.it\/de\/wp-json\/wp\/v2\/product_brand?post=11275"},{"taxonomy":"product_cat","embeddable":true,"href":"https:\/\/janeke1830.it\/de\/wp-json\/wp\/v2\/product_cat?post=11275"},{"taxonomy":"product_tag","embeddable":true,"href":"https:\/\/janeke1830.it\/de\/wp-json\/wp\/v2\/product_tag?post=11275"}],"curies":[{"name":"wp","href":"https:\/\/api.w.org\/{rel}","templated":true}]}}