{"id":11090,"date":"2026-01-02T13:01:16","date_gmt":"2026-01-02T12:01:16","guid":{"rendered":"https:\/\/janeke1830.it\/prodotto\/magnumknotenbuerste-der-schwarzen-familie\/"},"modified":"2026-03-03T11:47:18","modified_gmt":"2026-03-03T10:47:18","slug":"magnumknotenbuerste-der-schwarzen-familie","status":"publish","type":"product","link":"https:\/\/janeke1830.it\/de\/prodotto\/magnumknotenbuerste-der-schwarzen-familie\/","title":{"rendered":"Magnumknotenb\u00fcrste der schwarzen Familie"},"content":{"rendered":"","protected":false},"excerpt":{"rendered":"<p><em>23,5 cm<\/em><\/p>\n<p>Die schwarze Flachb\u00fcrste aus Acetalharz mit weich geformten Spitzen ist bruchsicher, rei\u00dffest und entwirrend. Sie kann auch zum B\u00fcrsten von nat\u00fcrlich lockigem, gewelltem Haar verwendet werden, egal ob trocken oder nass, um die Struktur der St\u00e4mme nicht zu besch\u00e4digen. <\/p>\n","protected":false},"featured_media":11092,"comment_status":"closed","ping_status":"closed","template":"","meta":[],"product_brand":[1028],"product_cat":[1032],"product_tag":[1179,1031],"class_list":{"0":"post-11090","1":"product","2":"type-product","3":"status-publish","4":"has-post-thumbnail","6":"product_brand-professional","7":"product_cat-pinsel","8":"product_tag-profi-bursten","9":"product_tag-schwarz","11":"first","12":"instock","13":"shipping-taxable","14":"purchasable","15":"product-type-simple"},"yoast_head":"<!-- This site is optimized with the Yoast SEO plugin v27.1.1 - https:\/\/yoast.com\/product\/yoast-seo-wordpress\/ -->\n<title>Magnum Knotenb\u00fcrste Schwarz Familie - J\u00e4neke 1830<\/title>\n<meta name=\"description\" content=\"Entwirren Sie Locken, ohne sie zu brechen, mit der J\u00e4neke Black Family Magnum Aufl\u00f6sungsb\u00fcrste. Ideal f\u00fcr nasses und trockenes Haar. Kaufen Sie es!\" \/>\n<meta name=\"robots\" content=\"index, follow, max-snippet:-1, max-image-preview:large, max-video-preview:-1\" \/>\n<link rel=\"canonical\" href=\"https:\/\/janeke1830.it\/de\/prodotto\/magnumknotenbuerste-der-schwarzen-familie\/\" \/>\n<meta property=\"og:locale\" content=\"de_DE\" \/>\n<meta property=\"og:type\" content=\"article\" \/>\n<meta property=\"og:title\" content=\"Magnum Knotenb\u00fcrste Schwarz Familie - J\u00e4neke 1830\" \/>\n<meta property=\"og:description\" content=\"Entwirren Sie Locken, ohne sie zu brechen, mit der J\u00e4neke Black Family Magnum Aufl\u00f6sungsb\u00fcrste. Ideal f\u00fcr nasses und trockenes Haar. Kaufen Sie es!\" \/>\n<meta property=\"og:url\" content=\"https:\/\/janeke1830.it\/de\/prodotto\/magnumknotenbuerste-der-schwarzen-familie\/\" \/>\n<meta property=\"og:site_name\" content=\"J\u00e4neke\" \/>\n<meta property=\"article:publisher\" content=\"https:\/\/www.facebook.com\/janeke1830\" \/>\n<meta property=\"article:modified_time\" content=\"2026-03-03T10:47:18+00:00\" \/>\n<meta property=\"og:image\" content=\"https:\/\/janeke1830.it\/wp-content\/uploads\/2026\/01\/71SP227-NER.png\" \/>\n\t<meta property=\"og:image:width\" content=\"1024\" \/>\n\t<meta property=\"og:image:height\" content=\"1024\" \/>\n\t<meta property=\"og:image:type\" content=\"image\/png\" \/>\n<meta name=\"twitter:card\" content=\"summary_large_image\" \/>\n<script type=\"application\/ld+json\" class=\"yoast-schema-graph\">{\"@context\":\"https:\/\/schema.org\",\"@graph\":[{\"@type\":\"WebPage\",\"@id\":\"https:\/\/janeke1830.it\/de\/prodotto\/magnumknotenbuerste-der-schwarzen-familie\/\",\"url\":\"https:\/\/janeke1830.it\/de\/prodotto\/magnumknotenbuerste-der-schwarzen-familie\/\",\"name\":\"Magnum Knotenb\u00fcrste Schwarz Familie - J\u00e4neke 1830\",\"isPartOf\":{\"@id\":\"https:\/\/janeke1830.it\/#website\"},\"primaryImageOfPage\":{\"@id\":\"https:\/\/janeke1830.it\/de\/prodotto\/magnumknotenbuerste-der-schwarzen-familie\/#primaryimage\"},\"image\":{\"@id\":\"https:\/\/janeke1830.it\/de\/prodotto\/magnumknotenbuerste-der-schwarzen-familie\/#primaryimage\"},\"thumbnailUrl\":\"https:\/\/janeke1830.it\/wp-content\/uploads\/2026\/01\/spazzola-scioglinodi-magnum-71sp227-ner.png\",\"datePublished\":\"2026-01-02T12:01:16+00:00\",\"dateModified\":\"2026-03-03T10:47:18+00:00\",\"description\":\"Entwirren Sie Locken, ohne sie zu brechen, mit der J\u00e4neke Black Family Magnum Aufl\u00f6sungsb\u00fcrste. Ideal f\u00fcr nasses und trockenes Haar. Kaufen Sie es!\",\"breadcrumb\":{\"@id\":\"https:\/\/janeke1830.it\/de\/prodotto\/magnumknotenbuerste-der-schwarzen-familie\/#breadcrumb\"},\"inLanguage\":\"de\",\"potentialAction\":[{\"@type\":\"ReadAction\",\"target\":[\"https:\/\/janeke1830.it\/de\/prodotto\/magnumknotenbuerste-der-schwarzen-familie\/\"]}]},{\"@type\":\"ImageObject\",\"inLanguage\":\"de\",\"@id\":\"https:\/\/janeke1830.it\/de\/prodotto\/magnumknotenbuerste-der-schwarzen-familie\/#primaryimage\",\"url\":\"https:\/\/janeke1830.it\/wp-content\/uploads\/2026\/01\/spazzola-scioglinodi-magnum-71sp227-ner.png\",\"contentUrl\":\"https:\/\/janeke1830.it\/wp-content\/uploads\/2026\/01\/spazzola-scioglinodi-magnum-71sp227-ner.png\",\"width\":1024,\"height\":1024,\"caption\":\"Spazzola scioglinodi magnum famiglia nero J\u00e4neke anti-rottura per ricci ondulati\"},{\"@type\":\"BreadcrumbList\",\"@id\":\"https:\/\/janeke1830.it\/de\/prodotto\/magnumknotenbuerste-der-schwarzen-familie\/#breadcrumb\",\"itemListElement\":[{\"@type\":\"ListItem\",\"position\":1,\"name\":\"Home\",\"item\":\"https:\/\/janeke1830.it\/de\/startseite\/\"},{\"@type\":\"ListItem\",\"position\":2,\"name\":\"Shop\",\"item\":\"https:\/\/janeke1830.it\/de\/shop\/\"},{\"@type\":\"ListItem\",\"position\":3,\"name\":\"Magnumknotenb\u00fcrste der schwarzen Familie\"}]},{\"@type\":\"WebSite\",\"@id\":\"https:\/\/janeke1830.it\/#website\",\"url\":\"https:\/\/janeke1830.it\/\",\"name\":\"J\u00e4neke 1830\",\"description\":\"\",\"publisher\":{\"@id\":\"https:\/\/janeke1830.it\/#organization\"},\"potentialAction\":[{\"@type\":\"SearchAction\",\"target\":{\"@type\":\"EntryPoint\",\"urlTemplate\":\"https:\/\/janeke1830.it\/?s={search_term_string}\"},\"query-input\":{\"@type\":\"PropertyValueSpecification\",\"valueRequired\":true,\"valueName\":\"search_term_string\"}}],\"inLanguage\":\"de\"},{\"@type\":\"Organization\",\"@id\":\"https:\/\/janeke1830.it\/#organization\",\"name\":\"J\u00e4neke 1830\",\"url\":\"https:\/\/janeke1830.it\/\",\"logo\":{\"@type\":\"ImageObject\",\"inLanguage\":\"de\",\"@id\":\"https:\/\/janeke1830.it\/#\/schema\/logo\/image\/\",\"url\":\"https:\/\/janeke1830.it\/wp-content\/uploads\/2025\/12\/logo-nero-janeke.png\",\"contentUrl\":\"https:\/\/janeke1830.it\/wp-content\/uploads\/2025\/12\/logo-nero-janeke.png\",\"width\":1824,\"height\":829,\"caption\":\"J\u00e4neke 1830\"},\"image\":{\"@id\":\"https:\/\/janeke1830.it\/#\/schema\/logo\/image\/\"},\"sameAs\":[\"https:\/\/www.facebook.com\/janeke1830\",\"https:\/\/www.instagram.com\/janeke1830official\",\"https:\/\/www.linkedin.com\/company\/giorgio-janeke-s-r-l-\/\"]}]}<\/script>\n<!-- \/ Yoast SEO plugin. -->","yoast_head_json":{"title":"Magnum Knotenb\u00fcrste Schwarz Familie - J\u00e4neke 1830","description":"Entwirren Sie Locken, ohne sie zu brechen, mit der J\u00e4neke Black Family Magnum Aufl\u00f6sungsb\u00fcrste. Ideal f\u00fcr nasses und trockenes Haar. Kaufen Sie es!","robots":{"index":"index","follow":"follow","max-snippet":"max-snippet:-1","max-image-preview":"max-image-preview:large","max-video-preview":"max-video-preview:-1"},"canonical":"https:\/\/janeke1830.it\/de\/prodotto\/magnumknotenbuerste-der-schwarzen-familie\/","og_locale":"de_DE","og_type":"article","og_title":"Magnum Knotenb\u00fcrste Schwarz Familie - J\u00e4neke 1830","og_description":"Entwirren Sie Locken, ohne sie zu brechen, mit der J\u00e4neke Black Family Magnum Aufl\u00f6sungsb\u00fcrste. Ideal f\u00fcr nasses und trockenes Haar. Kaufen Sie es!","og_url":"https:\/\/janeke1830.it\/de\/prodotto\/magnumknotenbuerste-der-schwarzen-familie\/","og_site_name":"J\u00e4neke","article_publisher":"https:\/\/www.facebook.com\/janeke1830","article_modified_time":"2026-03-03T10:47:18+00:00","og_image":[{"width":1024,"height":1024,"url":"https:\/\/janeke1830.it\/wp-content\/uploads\/2026\/01\/71SP227-NER.png","type":"image\/png"}],"twitter_card":"summary_large_image","schema":{"@context":"https:\/\/schema.org","@graph":[{"@type":"WebPage","@id":"https:\/\/janeke1830.it\/de\/prodotto\/magnumknotenbuerste-der-schwarzen-familie\/","url":"https:\/\/janeke1830.it\/de\/prodotto\/magnumknotenbuerste-der-schwarzen-familie\/","name":"Magnum Knotenb\u00fcrste Schwarz Familie - J\u00e4neke 1830","isPartOf":{"@id":"https:\/\/janeke1830.it\/#website"},"primaryImageOfPage":{"@id":"https:\/\/janeke1830.it\/de\/prodotto\/magnumknotenbuerste-der-schwarzen-familie\/#primaryimage"},"image":{"@id":"https:\/\/janeke1830.it\/de\/prodotto\/magnumknotenbuerste-der-schwarzen-familie\/#primaryimage"},"thumbnailUrl":"https:\/\/janeke1830.it\/wp-content\/uploads\/2026\/01\/spazzola-scioglinodi-magnum-71sp227-ner.png","datePublished":"2026-01-02T12:01:16+00:00","dateModified":"2026-03-03T10:47:18+00:00","description":"Entwirren Sie Locken, ohne sie zu brechen, mit der J\u00e4neke Black Family Magnum Aufl\u00f6sungsb\u00fcrste. Ideal f\u00fcr nasses und trockenes Haar. Kaufen Sie es!","breadcrumb":{"@id":"https:\/\/janeke1830.it\/de\/prodotto\/magnumknotenbuerste-der-schwarzen-familie\/#breadcrumb"},"inLanguage":"de","potentialAction":[{"@type":"ReadAction","target":["https:\/\/janeke1830.it\/de\/prodotto\/magnumknotenbuerste-der-schwarzen-familie\/"]}]},{"@type":"ImageObject","inLanguage":"de","@id":"https:\/\/janeke1830.it\/de\/prodotto\/magnumknotenbuerste-der-schwarzen-familie\/#primaryimage","url":"https:\/\/janeke1830.it\/wp-content\/uploads\/2026\/01\/spazzola-scioglinodi-magnum-71sp227-ner.png","contentUrl":"https:\/\/janeke1830.it\/wp-content\/uploads\/2026\/01\/spazzola-scioglinodi-magnum-71sp227-ner.png","width":1024,"height":1024,"caption":"Spazzola scioglinodi magnum famiglia nero J\u00e4neke anti-rottura per ricci ondulati"},{"@type":"BreadcrumbList","@id":"https:\/\/janeke1830.it\/de\/prodotto\/magnumknotenbuerste-der-schwarzen-familie\/#breadcrumb","itemListElement":[{"@type":"ListItem","position":1,"name":"Home","item":"https:\/\/janeke1830.it\/de\/startseite\/"},{"@type":"ListItem","position":2,"name":"Shop","item":"https:\/\/janeke1830.it\/de\/shop\/"},{"@type":"ListItem","position":3,"name":"Magnumknotenb\u00fcrste der schwarzen Familie"}]},{"@type":"WebSite","@id":"https:\/\/janeke1830.it\/#website","url":"https:\/\/janeke1830.it\/","name":"J\u00e4neke 1830","description":"","publisher":{"@id":"https:\/\/janeke1830.it\/#organization"},"potentialAction":[{"@type":"SearchAction","target":{"@type":"EntryPoint","urlTemplate":"https:\/\/janeke1830.it\/?s={search_term_string}"},"query-input":{"@type":"PropertyValueSpecification","valueRequired":true,"valueName":"search_term_string"}}],"inLanguage":"de"},{"@type":"Organization","@id":"https:\/\/janeke1830.it\/#organization","name":"J\u00e4neke 1830","url":"https:\/\/janeke1830.it\/","logo":{"@type":"ImageObject","inLanguage":"de","@id":"https:\/\/janeke1830.it\/#\/schema\/logo\/image\/","url":"https:\/\/janeke1830.it\/wp-content\/uploads\/2025\/12\/logo-nero-janeke.png","contentUrl":"https:\/\/janeke1830.it\/wp-content\/uploads\/2025\/12\/logo-nero-janeke.png","width":1824,"height":829,"caption":"J\u00e4neke 1830"},"image":{"@id":"https:\/\/janeke1830.it\/#\/schema\/logo\/image\/"},"sameAs":["https:\/\/www.facebook.com\/janeke1830","https:\/\/www.instagram.com\/janeke1830official","https:\/\/www.linkedin.com\/company\/giorgio-janeke-s-r-l-\/"]}]}},"_links":{"self":[{"href":"https:\/\/janeke1830.it\/de\/wp-json\/wp\/v2\/product\/11090","targetHints":{"allow":["GET"]}}],"collection":[{"href":"https:\/\/janeke1830.it\/de\/wp-json\/wp\/v2\/product"}],"about":[{"href":"https:\/\/janeke1830.it\/de\/wp-json\/wp\/v2\/types\/product"}],"replies":[{"embeddable":true,"href":"https:\/\/janeke1830.it\/de\/wp-json\/wp\/v2\/comments?post=11090"}],"wp:featuredmedia":[{"embeddable":true,"href":"https:\/\/janeke1830.it\/de\/wp-json\/wp\/v2\/media\/11092"}],"wp:attachment":[{"href":"https:\/\/janeke1830.it\/de\/wp-json\/wp\/v2\/media?parent=11090"}],"wp:term":[{"taxonomy":"product_brand","embeddable":true,"href":"https:\/\/janeke1830.it\/de\/wp-json\/wp\/v2\/product_brand?post=11090"},{"taxonomy":"product_cat","embeddable":true,"href":"https:\/\/janeke1830.it\/de\/wp-json\/wp\/v2\/product_cat?post=11090"},{"taxonomy":"product_tag","embeddable":true,"href":"https:\/\/janeke1830.it\/de\/wp-json\/wp\/v2\/product_tag?post=11090"}],"curies":[{"name":"wp","href":"https:\/\/api.w.org\/{rel}","templated":true}]}}