{"id":11082,"date":"2026-01-02T13:02:43","date_gmt":"2026-01-02T12:02:43","guid":{"rendered":"https:\/\/janeke1830.it\/prodotto\/superpinsel-schwarz\/"},"modified":"2026-03-03T11:46:32","modified_gmt":"2026-03-03T10:46:32","slug":"superpinsel-schwarz","status":"publish","type":"product","link":"https:\/\/janeke1830.it\/de\/prodotto\/superpinsel-schwarz\/","title":{"rendered":"Superbrush schwarz"},"content":{"rendered":"","protected":false},"excerpt":{"rendered":"<p><em>20,5 cm<\/em><\/p>\n<p>Professionelle B\u00fcrste mit weichen geformten Spitzen, perforiertem Wabenboden, ideal unter dem Wasserstrahl zum K\u00e4mmen beim Verteilen der Maske oder des Conditioners. Sie entwirrt Knoten und ist rei\u00dffest. Ihr wabenf\u00f6rmiger Boden verk\u00fcrzt die Trocknungszeit. Leicht und einfach zu handhaben.   <\/p>\n","protected":false},"featured_media":11084,"comment_status":"closed","ping_status":"closed","template":"","meta":[],"product_brand":[1028,1057],"product_cat":[1032],"product_tag":[1179,1031,1059],"class_list":{"0":"post-11082","1":"product","2":"type-product","3":"status-publish","4":"has-post-thumbnail","6":"product_brand-professional","7":"product_brand-superbrush","8":"product_cat-pinsel","9":"product_tag-profi-bursten","10":"product_tag-schwarz","11":"product_tag-superpinsel","13":"first","14":"instock","15":"shipping-taxable","16":"purchasable","17":"product-type-simple"},"yoast_head":"<!-- This site is optimized with the Yoast SEO plugin v27.1.1 - https:\/\/yoast.com\/product\/yoast-seo-wordpress\/ -->\n<title>J\u00e4neke 1830 Black Superbrush - Schnell trocknend und entwirrend<\/title>\n<meta name=\"description\" content=\"Reduzieren Sie die Knitterzeit und entwirren Sie die Haare ohne zu rei\u00dfen mit der J\u00e4neke Black Superbrush. Bel\u00fcfteter Wabenboden. Kaufen Sie sie jetzt!\" \/>\n<meta name=\"robots\" content=\"index, follow, max-snippet:-1, max-image-preview:large, max-video-preview:-1\" \/>\n<link rel=\"canonical\" href=\"https:\/\/janeke1830.it\/de\/prodotto\/superpinsel-schwarz\/\" \/>\n<meta property=\"og:locale\" content=\"de_DE\" \/>\n<meta property=\"og:type\" content=\"article\" \/>\n<meta property=\"og:title\" content=\"J\u00e4neke 1830 Black Superbrush - Schnell trocknend und entwirrend\" \/>\n<meta property=\"og:description\" content=\"Reduzieren Sie die Knitterzeit und entwirren Sie die Haare ohne zu rei\u00dfen mit der J\u00e4neke Black Superbrush. Bel\u00fcfteter Wabenboden. Kaufen Sie sie jetzt!\" \/>\n<meta property=\"og:url\" content=\"https:\/\/janeke1830.it\/de\/prodotto\/superpinsel-schwarz\/\" \/>\n<meta property=\"og:site_name\" content=\"J\u00e4neke\" \/>\n<meta property=\"article:publisher\" content=\"https:\/\/www.facebook.com\/janeke1830\" \/>\n<meta property=\"article:modified_time\" content=\"2026-03-03T10:46:32+00:00\" \/>\n<meta property=\"og:image\" content=\"https:\/\/janeke1830.it\/wp-content\/uploads\/2026\/01\/SP226-NER.png\" \/>\n\t<meta property=\"og:image:width\" content=\"1024\" \/>\n\t<meta property=\"og:image:height\" content=\"1024\" \/>\n\t<meta property=\"og:image:type\" content=\"image\/png\" \/>\n<meta name=\"twitter:card\" content=\"summary_large_image\" \/>\n<script type=\"application\/ld+json\" class=\"yoast-schema-graph\">{\"@context\":\"https:\/\/schema.org\",\"@graph\":[{\"@type\":\"WebPage\",\"@id\":\"https:\/\/janeke1830.it\/de\/prodotto\/superpinsel-schwarz\/\",\"url\":\"https:\/\/janeke1830.it\/de\/prodotto\/superpinsel-schwarz\/\",\"name\":\"J\u00e4neke 1830 Black Superbrush - Schnell trocknend und entwirrend\",\"isPartOf\":{\"@id\":\"https:\/\/janeke1830.it\/#website\"},\"primaryImageOfPage\":{\"@id\":\"https:\/\/janeke1830.it\/de\/prodotto\/superpinsel-schwarz\/#primaryimage\"},\"image\":{\"@id\":\"https:\/\/janeke1830.it\/de\/prodotto\/superpinsel-schwarz\/#primaryimage\"},\"thumbnailUrl\":\"https:\/\/janeke1830.it\/wp-content\/uploads\/2026\/01\/superbrush-nero-districante-sp226-ner.png\",\"datePublished\":\"2026-01-02T12:02:43+00:00\",\"dateModified\":\"2026-03-03T10:46:32+00:00\",\"description\":\"Reduzieren Sie die Knitterzeit und entwirren Sie die Haare ohne zu rei\u00dfen mit der J\u00e4neke Black Superbrush. Bel\u00fcfteter Wabenboden. Kaufen Sie sie jetzt!\",\"breadcrumb\":{\"@id\":\"https:\/\/janeke1830.it\/de\/prodotto\/superpinsel-schwarz\/#breadcrumb\"},\"inLanguage\":\"de\",\"potentialAction\":[{\"@type\":\"ReadAction\",\"target\":[\"https:\/\/janeke1830.it\/de\/prodotto\/superpinsel-schwarz\/\"]}]},{\"@type\":\"ImageObject\",\"inLanguage\":\"de\",\"@id\":\"https:\/\/janeke1830.it\/de\/prodotto\/superpinsel-schwarz\/#primaryimage\",\"url\":\"https:\/\/janeke1830.it\/wp-content\/uploads\/2026\/01\/superbrush-nero-districante-sp226-ner.png\",\"contentUrl\":\"https:\/\/janeke1830.it\/wp-content\/uploads\/2026\/01\/superbrush-nero-districante-sp226-ner.png\",\"width\":1024,\"height\":1024,\"caption\":\"Spazzola Superbrush nero J\u00e4neke districante anti-strappo a nido d'ape\"},{\"@type\":\"BreadcrumbList\",\"@id\":\"https:\/\/janeke1830.it\/de\/prodotto\/superpinsel-schwarz\/#breadcrumb\",\"itemListElement\":[{\"@type\":\"ListItem\",\"position\":1,\"name\":\"Home\",\"item\":\"https:\/\/janeke1830.it\/de\/startseite\/\"},{\"@type\":\"ListItem\",\"position\":2,\"name\":\"Shop\",\"item\":\"https:\/\/janeke1830.it\/de\/shop\/\"},{\"@type\":\"ListItem\",\"position\":3,\"name\":\"Superbrush schwarz\"}]},{\"@type\":\"WebSite\",\"@id\":\"https:\/\/janeke1830.it\/#website\",\"url\":\"https:\/\/janeke1830.it\/\",\"name\":\"J\u00e4neke 1830\",\"description\":\"\",\"publisher\":{\"@id\":\"https:\/\/janeke1830.it\/#organization\"},\"potentialAction\":[{\"@type\":\"SearchAction\",\"target\":{\"@type\":\"EntryPoint\",\"urlTemplate\":\"https:\/\/janeke1830.it\/?s={search_term_string}\"},\"query-input\":{\"@type\":\"PropertyValueSpecification\",\"valueRequired\":true,\"valueName\":\"search_term_string\"}}],\"inLanguage\":\"de\"},{\"@type\":\"Organization\",\"@id\":\"https:\/\/janeke1830.it\/#organization\",\"name\":\"J\u00e4neke 1830\",\"url\":\"https:\/\/janeke1830.it\/\",\"logo\":{\"@type\":\"ImageObject\",\"inLanguage\":\"de\",\"@id\":\"https:\/\/janeke1830.it\/#\/schema\/logo\/image\/\",\"url\":\"https:\/\/janeke1830.it\/wp-content\/uploads\/2025\/12\/logo-nero-janeke.png\",\"contentUrl\":\"https:\/\/janeke1830.it\/wp-content\/uploads\/2025\/12\/logo-nero-janeke.png\",\"width\":1824,\"height\":829,\"caption\":\"J\u00e4neke 1830\"},\"image\":{\"@id\":\"https:\/\/janeke1830.it\/#\/schema\/logo\/image\/\"},\"sameAs\":[\"https:\/\/www.facebook.com\/janeke1830\",\"https:\/\/www.instagram.com\/janeke1830official\",\"https:\/\/www.linkedin.com\/company\/giorgio-janeke-s-r-l-\/\"]}]}<\/script>\n<!-- \/ Yoast SEO plugin. -->","yoast_head_json":{"title":"J\u00e4neke 1830 Black Superbrush - Schnell trocknend und entwirrend","description":"Reduzieren Sie die Knitterzeit und entwirren Sie die Haare ohne zu rei\u00dfen mit der J\u00e4neke Black Superbrush. Bel\u00fcfteter Wabenboden. Kaufen Sie sie jetzt!","robots":{"index":"index","follow":"follow","max-snippet":"max-snippet:-1","max-image-preview":"max-image-preview:large","max-video-preview":"max-video-preview:-1"},"canonical":"https:\/\/janeke1830.it\/de\/prodotto\/superpinsel-schwarz\/","og_locale":"de_DE","og_type":"article","og_title":"J\u00e4neke 1830 Black Superbrush - Schnell trocknend und entwirrend","og_description":"Reduzieren Sie die Knitterzeit und entwirren Sie die Haare ohne zu rei\u00dfen mit der J\u00e4neke Black Superbrush. Bel\u00fcfteter Wabenboden. Kaufen Sie sie jetzt!","og_url":"https:\/\/janeke1830.it\/de\/prodotto\/superpinsel-schwarz\/","og_site_name":"J\u00e4neke","article_publisher":"https:\/\/www.facebook.com\/janeke1830","article_modified_time":"2026-03-03T10:46:32+00:00","og_image":[{"width":1024,"height":1024,"url":"https:\/\/janeke1830.it\/wp-content\/uploads\/2026\/01\/SP226-NER.png","type":"image\/png"}],"twitter_card":"summary_large_image","schema":{"@context":"https:\/\/schema.org","@graph":[{"@type":"WebPage","@id":"https:\/\/janeke1830.it\/de\/prodotto\/superpinsel-schwarz\/","url":"https:\/\/janeke1830.it\/de\/prodotto\/superpinsel-schwarz\/","name":"J\u00e4neke 1830 Black Superbrush - Schnell trocknend und entwirrend","isPartOf":{"@id":"https:\/\/janeke1830.it\/#website"},"primaryImageOfPage":{"@id":"https:\/\/janeke1830.it\/de\/prodotto\/superpinsel-schwarz\/#primaryimage"},"image":{"@id":"https:\/\/janeke1830.it\/de\/prodotto\/superpinsel-schwarz\/#primaryimage"},"thumbnailUrl":"https:\/\/janeke1830.it\/wp-content\/uploads\/2026\/01\/superbrush-nero-districante-sp226-ner.png","datePublished":"2026-01-02T12:02:43+00:00","dateModified":"2026-03-03T10:46:32+00:00","description":"Reduzieren Sie die Knitterzeit und entwirren Sie die Haare ohne zu rei\u00dfen mit der J\u00e4neke Black Superbrush. Bel\u00fcfteter Wabenboden. Kaufen Sie sie jetzt!","breadcrumb":{"@id":"https:\/\/janeke1830.it\/de\/prodotto\/superpinsel-schwarz\/#breadcrumb"},"inLanguage":"de","potentialAction":[{"@type":"ReadAction","target":["https:\/\/janeke1830.it\/de\/prodotto\/superpinsel-schwarz\/"]}]},{"@type":"ImageObject","inLanguage":"de","@id":"https:\/\/janeke1830.it\/de\/prodotto\/superpinsel-schwarz\/#primaryimage","url":"https:\/\/janeke1830.it\/wp-content\/uploads\/2026\/01\/superbrush-nero-districante-sp226-ner.png","contentUrl":"https:\/\/janeke1830.it\/wp-content\/uploads\/2026\/01\/superbrush-nero-districante-sp226-ner.png","width":1024,"height":1024,"caption":"Spazzola Superbrush nero J\u00e4neke districante anti-strappo a nido d'ape"},{"@type":"BreadcrumbList","@id":"https:\/\/janeke1830.it\/de\/prodotto\/superpinsel-schwarz\/#breadcrumb","itemListElement":[{"@type":"ListItem","position":1,"name":"Home","item":"https:\/\/janeke1830.it\/de\/startseite\/"},{"@type":"ListItem","position":2,"name":"Shop","item":"https:\/\/janeke1830.it\/de\/shop\/"},{"@type":"ListItem","position":3,"name":"Superbrush schwarz"}]},{"@type":"WebSite","@id":"https:\/\/janeke1830.it\/#website","url":"https:\/\/janeke1830.it\/","name":"J\u00e4neke 1830","description":"","publisher":{"@id":"https:\/\/janeke1830.it\/#organization"},"potentialAction":[{"@type":"SearchAction","target":{"@type":"EntryPoint","urlTemplate":"https:\/\/janeke1830.it\/?s={search_term_string}"},"query-input":{"@type":"PropertyValueSpecification","valueRequired":true,"valueName":"search_term_string"}}],"inLanguage":"de"},{"@type":"Organization","@id":"https:\/\/janeke1830.it\/#organization","name":"J\u00e4neke 1830","url":"https:\/\/janeke1830.it\/","logo":{"@type":"ImageObject","inLanguage":"de","@id":"https:\/\/janeke1830.it\/#\/schema\/logo\/image\/","url":"https:\/\/janeke1830.it\/wp-content\/uploads\/2025\/12\/logo-nero-janeke.png","contentUrl":"https:\/\/janeke1830.it\/wp-content\/uploads\/2025\/12\/logo-nero-janeke.png","width":1824,"height":829,"caption":"J\u00e4neke 1830"},"image":{"@id":"https:\/\/janeke1830.it\/#\/schema\/logo\/image\/"},"sameAs":["https:\/\/www.facebook.com\/janeke1830","https:\/\/www.instagram.com\/janeke1830official","https:\/\/www.linkedin.com\/company\/giorgio-janeke-s-r-l-\/"]}]}},"_links":{"self":[{"href":"https:\/\/janeke1830.it\/de\/wp-json\/wp\/v2\/product\/11082","targetHints":{"allow":["GET"]}}],"collection":[{"href":"https:\/\/janeke1830.it\/de\/wp-json\/wp\/v2\/product"}],"about":[{"href":"https:\/\/janeke1830.it\/de\/wp-json\/wp\/v2\/types\/product"}],"replies":[{"embeddable":true,"href":"https:\/\/janeke1830.it\/de\/wp-json\/wp\/v2\/comments?post=11082"}],"wp:featuredmedia":[{"embeddable":true,"href":"https:\/\/janeke1830.it\/de\/wp-json\/wp\/v2\/media\/11084"}],"wp:attachment":[{"href":"https:\/\/janeke1830.it\/de\/wp-json\/wp\/v2\/media?parent=11082"}],"wp:term":[{"taxonomy":"product_brand","embeddable":true,"href":"https:\/\/janeke1830.it\/de\/wp-json\/wp\/v2\/product_brand?post=11082"},{"taxonomy":"product_cat","embeddable":true,"href":"https:\/\/janeke1830.it\/de\/wp-json\/wp\/v2\/product_cat?post=11082"},{"taxonomy":"product_tag","embeddable":true,"href":"https:\/\/janeke1830.it\/de\/wp-json\/wp\/v2\/product_tag?post=11082"}],"curies":[{"name":"wp","href":"https:\/\/api.w.org\/{rel}","templated":true}]}}