{"id":11034,"date":"2026-01-10T08:08:58","date_gmt":"2026-01-10T07:08:58","guid":{"rendered":"https:\/\/janeke1830.it\/prodotto\/toilettenkamm\/"},"modified":"2026-02-05T15:44:28","modified_gmt":"2026-02-05T14:44:28","slug":"toilettenkamm","status":"publish","type":"product","link":"https:\/\/janeke1830.it\/de\/prodotto\/toilettenkamm\/","title":{"rendered":"Toilettenkamm"},"content":{"rendered":"","protected":false},"excerpt":{"rendered":"<p>Der<strong> Janeke Gro\u00dfe Toilettenkamm<\/strong> wurde entwickelt, um das Haar mit Pr\u00e4zision und Feingef\u00fchl zu entwirren und zu k\u00e4mmen, ideal f\u00fcr den t\u00e4glichen Gebrauch oder auf dem Frisiertisch. Dank seiner gr\u00f6\u00dferen L\u00e4nge lassen sich auch gro\u00dfe Haarstr\u00e4hnen leicht durchk\u00e4mmen, so dass ein gleichm\u00e4\u00dfiges, knotenfreies Styling gew\u00e4hrleistet ist. <\/p>\n<p>Gefertigt aus strapazierf\u00e4higen Materialien und mit viel Liebe zum Detail, kombiniert er Funktionalit\u00e4t, Ergonomie und den raffinierten Stil der Marke Janeke.<\/p>\n","protected":false},"featured_media":1005,"comment_status":"closed","ping_status":"closed","template":"","meta":[],"product_brand":[1021],"product_cat":[1029],"product_tag":[1238],"class_list":{"0":"post-11034","1":"product","2":"type-product","3":"status-publish","4":"has-post-thumbnail","6":"product_brand-luxury","7":"product_cat-kamme","8":"product_tag-luxuskamme","10":"first","11":"instock","12":"shipping-taxable","13":"purchasable","14":"product-type-variable","15":"wvs-archive-product-wrapper"},"yoast_head":"<!-- This site is optimized with the Yoast SEO plugin v27.6 - https:\/\/yoast.com\/product\/yoast-seo-wordpress\/ -->\n<title>Toilettenkamm Grande J\u00e4neke - Klassischer und eleganter Kamm<\/title>\n<meta name=\"description\" content=\"&quot;Der J\u00e4neke Toilettenkamm entwirrt gro\u00dfe Locken mit Pr\u00e4zision. Langlebiges und stilvolles Accessoire f\u00fcr den t\u00e4glichen Gebrauch. Kaufen Sie ihn!&quot;\" \/>\n<meta name=\"robots\" content=\"index, follow, max-snippet:-1, max-image-preview:large, max-video-preview:-1\" \/>\n<link rel=\"canonical\" href=\"https:\/\/janeke1830.it\/de\/prodotto\/toilettenkamm\/\" \/>\n<meta property=\"og:locale\" content=\"de_DE\" \/>\n<meta property=\"og:type\" content=\"article\" \/>\n<meta property=\"og:title\" content=\"Toilettenkamm Grande J\u00e4neke - Klassischer und eleganter Kamm\" \/>\n<meta property=\"og:description\" content=\"&quot;Der J\u00e4neke Toilettenkamm entwirrt gro\u00dfe Locken mit Pr\u00e4zision. Langlebiges und stilvolles Accessoire f\u00fcr den t\u00e4glichen Gebrauch. Kaufen Sie ihn!&quot;\" \/>\n<meta property=\"og:url\" content=\"https:\/\/janeke1830.it\/de\/prodotto\/toilettenkamm\/\" \/>\n<meta property=\"og:site_name\" content=\"J\u00e4neke\" \/>\n<meta property=\"article:publisher\" content=\"https:\/\/www.facebook.com\/janeke1830\" \/>\n<meta property=\"article:modified_time\" content=\"2026-02-05T14:44:28+00:00\" \/>\n<meta property=\"og:image\" content=\"https:\/\/janeke1830.it\/wp-content\/uploads\/2026\/01\/AU803.png\" \/>\n\t<meta property=\"og:image:width\" content=\"1024\" \/>\n\t<meta property=\"og:image:height\" content=\"1024\" \/>\n\t<meta property=\"og:image:type\" content=\"image\/png\" \/>\n<meta name=\"twitter:card\" content=\"summary_large_image\" \/>\n<script type=\"application\/ld+json\" class=\"yoast-schema-graph\">{\"@context\":\"https:\\\/\\\/schema.org\",\"@graph\":[{\"@type\":\"WebPage\",\"@id\":\"https:\\\/\\\/janeke1830.it\\\/de\\\/prodotto\\\/toilettenkamm\\\/\",\"url\":\"https:\\\/\\\/janeke1830.it\\\/de\\\/prodotto\\\/toilettenkamm\\\/\",\"name\":\"Toilettenkamm Grande J\u00e4neke - Klassischer und eleganter Kamm\",\"isPartOf\":{\"@id\":\"https:\\\/\\\/janeke1830.it\\\/#website\"},\"primaryImageOfPage\":{\"@id\":\"https:\\\/\\\/janeke1830.it\\\/de\\\/prodotto\\\/toilettenkamm\\\/#primaryimage\"},\"image\":{\"@id\":\"https:\\\/\\\/janeke1830.it\\\/de\\\/prodotto\\\/toilettenkamm\\\/#primaryimage\"},\"thumbnailUrl\":\"https:\\\/\\\/janeke1830.it\\\/wp-content\\\/uploads\\\/2026\\\/01\\\/toilet-comb-pettine-capelli-oro-au803.png\",\"datePublished\":\"2026-01-10T07:08:58+00:00\",\"dateModified\":\"2026-02-05T14:44:28+00:00\",\"description\":\"\\\"Der J\u00e4neke Toilettenkamm entwirrt gro\u00dfe Locken mit Pr\u00e4zision. Langlebiges und stilvolles Accessoire f\u00fcr den t\u00e4glichen Gebrauch. Kaufen Sie ihn!\\\"\",\"breadcrumb\":{\"@id\":\"https:\\\/\\\/janeke1830.it\\\/de\\\/prodotto\\\/toilettenkamm\\\/#breadcrumb\"},\"inLanguage\":\"de\",\"potentialAction\":[{\"@type\":\"ReadAction\",\"target\":[\"https:\\\/\\\/janeke1830.it\\\/de\\\/prodotto\\\/toilettenkamm\\\/\"]}]},{\"@type\":\"ImageObject\",\"inLanguage\":\"de\",\"@id\":\"https:\\\/\\\/janeke1830.it\\\/de\\\/prodotto\\\/toilettenkamm\\\/#primaryimage\",\"url\":\"https:\\\/\\\/janeke1830.it\\\/wp-content\\\/uploads\\\/2026\\\/01\\\/toilet-comb-pettine-capelli-oro-au803.png\",\"contentUrl\":\"https:\\\/\\\/janeke1830.it\\\/wp-content\\\/uploads\\\/2026\\\/01\\\/toilet-comb-pettine-capelli-oro-au803.png\",\"width\":1024,\"height\":1024,\"caption\":\"Pettine Toilet Comb oro classico elegante da bagno J\u00e4neke\"},{\"@type\":\"BreadcrumbList\",\"@id\":\"https:\\\/\\\/janeke1830.it\\\/de\\\/prodotto\\\/toilettenkamm\\\/#breadcrumb\",\"itemListElement\":[{\"@type\":\"ListItem\",\"position\":1,\"name\":\"Home\",\"item\":\"https:\\\/\\\/janeke1830.it\\\/de\\\/startseite\\\/\"},{\"@type\":\"ListItem\",\"position\":2,\"name\":\"Shop\",\"item\":\"https:\\\/\\\/janeke1830.it\\\/de\\\/shop\\\/\"},{\"@type\":\"ListItem\",\"position\":3,\"name\":\"Toilettenkamm\"}]},{\"@type\":\"WebSite\",\"@id\":\"https:\\\/\\\/janeke1830.it\\\/#website\",\"url\":\"https:\\\/\\\/janeke1830.it\\\/\",\"name\":\"J\u00e4neke 1830\",\"description\":\"\",\"publisher\":{\"@id\":\"https:\\\/\\\/janeke1830.it\\\/#organization\"},\"potentialAction\":[{\"@type\":\"SearchAction\",\"target\":{\"@type\":\"EntryPoint\",\"urlTemplate\":\"https:\\\/\\\/janeke1830.it\\\/?s={search_term_string}\"},\"query-input\":{\"@type\":\"PropertyValueSpecification\",\"valueRequired\":true,\"valueName\":\"search_term_string\"}}],\"inLanguage\":\"de\"},{\"@type\":\"Organization\",\"@id\":\"https:\\\/\\\/janeke1830.it\\\/#organization\",\"name\":\"J\u00e4neke 1830\",\"url\":\"https:\\\/\\\/janeke1830.it\\\/\",\"logo\":{\"@type\":\"ImageObject\",\"inLanguage\":\"de\",\"@id\":\"https:\\\/\\\/janeke1830.it\\\/#\\\/schema\\\/logo\\\/image\\\/\",\"url\":\"https:\\\/\\\/janeke1830.it\\\/wp-content\\\/uploads\\\/2025\\\/12\\\/logo-nero-janeke.png\",\"contentUrl\":\"https:\\\/\\\/janeke1830.it\\\/wp-content\\\/uploads\\\/2025\\\/12\\\/logo-nero-janeke.png\",\"width\":1824,\"height\":829,\"caption\":\"J\u00e4neke 1830\"},\"image\":{\"@id\":\"https:\\\/\\\/janeke1830.it\\\/#\\\/schema\\\/logo\\\/image\\\/\"},\"sameAs\":[\"https:\\\/\\\/www.facebook.com\\\/janeke1830\",\"https:\\\/\\\/www.instagram.com\\\/janeke1830official\",\"https:\\\/\\\/www.linkedin.com\\\/company\\\/giorgio-janeke-s-r-l-\\\/\"]}]}<\/script>\n<!-- \/ Yoast SEO plugin. -->","yoast_head_json":{"title":"Toilettenkamm Grande J\u00e4neke - Klassischer und eleganter Kamm","description":"\"Der J\u00e4neke Toilettenkamm entwirrt gro\u00dfe Locken mit Pr\u00e4zision. Langlebiges und stilvolles Accessoire f\u00fcr den t\u00e4glichen Gebrauch. Kaufen Sie ihn!\"","robots":{"index":"index","follow":"follow","max-snippet":"max-snippet:-1","max-image-preview":"max-image-preview:large","max-video-preview":"max-video-preview:-1"},"canonical":"https:\/\/janeke1830.it\/de\/prodotto\/toilettenkamm\/","og_locale":"de_DE","og_type":"article","og_title":"Toilettenkamm Grande J\u00e4neke - Klassischer und eleganter Kamm","og_description":"\"Der J\u00e4neke Toilettenkamm entwirrt gro\u00dfe Locken mit Pr\u00e4zision. Langlebiges und stilvolles Accessoire f\u00fcr den t\u00e4glichen Gebrauch. Kaufen Sie ihn!\"","og_url":"https:\/\/janeke1830.it\/de\/prodotto\/toilettenkamm\/","og_site_name":"J\u00e4neke","article_publisher":"https:\/\/www.facebook.com\/janeke1830","article_modified_time":"2026-02-05T14:44:28+00:00","og_image":[{"width":1024,"height":1024,"url":"https:\/\/janeke1830.it\/wp-content\/uploads\/2026\/01\/AU803.png","type":"image\/png"}],"twitter_card":"summary_large_image","schema":{"@context":"https:\/\/schema.org","@graph":[{"@type":"WebPage","@id":"https:\/\/janeke1830.it\/de\/prodotto\/toilettenkamm\/","url":"https:\/\/janeke1830.it\/de\/prodotto\/toilettenkamm\/","name":"Toilettenkamm Grande J\u00e4neke - Klassischer und eleganter Kamm","isPartOf":{"@id":"https:\/\/janeke1830.it\/#website"},"primaryImageOfPage":{"@id":"https:\/\/janeke1830.it\/de\/prodotto\/toilettenkamm\/#primaryimage"},"image":{"@id":"https:\/\/janeke1830.it\/de\/prodotto\/toilettenkamm\/#primaryimage"},"thumbnailUrl":"https:\/\/janeke1830.it\/wp-content\/uploads\/2026\/01\/toilet-comb-pettine-capelli-oro-au803.png","datePublished":"2026-01-10T07:08:58+00:00","dateModified":"2026-02-05T14:44:28+00:00","description":"\"Der J\u00e4neke Toilettenkamm entwirrt gro\u00dfe Locken mit Pr\u00e4zision. Langlebiges und stilvolles Accessoire f\u00fcr den t\u00e4glichen Gebrauch. Kaufen Sie ihn!\"","breadcrumb":{"@id":"https:\/\/janeke1830.it\/de\/prodotto\/toilettenkamm\/#breadcrumb"},"inLanguage":"de","potentialAction":[{"@type":"ReadAction","target":["https:\/\/janeke1830.it\/de\/prodotto\/toilettenkamm\/"]}]},{"@type":"ImageObject","inLanguage":"de","@id":"https:\/\/janeke1830.it\/de\/prodotto\/toilettenkamm\/#primaryimage","url":"https:\/\/janeke1830.it\/wp-content\/uploads\/2026\/01\/toilet-comb-pettine-capelli-oro-au803.png","contentUrl":"https:\/\/janeke1830.it\/wp-content\/uploads\/2026\/01\/toilet-comb-pettine-capelli-oro-au803.png","width":1024,"height":1024,"caption":"Pettine Toilet Comb oro classico elegante da bagno J\u00e4neke"},{"@type":"BreadcrumbList","@id":"https:\/\/janeke1830.it\/de\/prodotto\/toilettenkamm\/#breadcrumb","itemListElement":[{"@type":"ListItem","position":1,"name":"Home","item":"https:\/\/janeke1830.it\/de\/startseite\/"},{"@type":"ListItem","position":2,"name":"Shop","item":"https:\/\/janeke1830.it\/de\/shop\/"},{"@type":"ListItem","position":3,"name":"Toilettenkamm"}]},{"@type":"WebSite","@id":"https:\/\/janeke1830.it\/#website","url":"https:\/\/janeke1830.it\/","name":"J\u00e4neke 1830","description":"","publisher":{"@id":"https:\/\/janeke1830.it\/#organization"},"potentialAction":[{"@type":"SearchAction","target":{"@type":"EntryPoint","urlTemplate":"https:\/\/janeke1830.it\/?s={search_term_string}"},"query-input":{"@type":"PropertyValueSpecification","valueRequired":true,"valueName":"search_term_string"}}],"inLanguage":"de"},{"@type":"Organization","@id":"https:\/\/janeke1830.it\/#organization","name":"J\u00e4neke 1830","url":"https:\/\/janeke1830.it\/","logo":{"@type":"ImageObject","inLanguage":"de","@id":"https:\/\/janeke1830.it\/#\/schema\/logo\/image\/","url":"https:\/\/janeke1830.it\/wp-content\/uploads\/2025\/12\/logo-nero-janeke.png","contentUrl":"https:\/\/janeke1830.it\/wp-content\/uploads\/2025\/12\/logo-nero-janeke.png","width":1824,"height":829,"caption":"J\u00e4neke 1830"},"image":{"@id":"https:\/\/janeke1830.it\/#\/schema\/logo\/image\/"},"sameAs":["https:\/\/www.facebook.com\/janeke1830","https:\/\/www.instagram.com\/janeke1830official","https:\/\/www.linkedin.com\/company\/giorgio-janeke-s-r-l-\/"]}]}},"_links":{"self":[{"href":"https:\/\/janeke1830.it\/de\/wp-json\/wp\/v2\/product\/11034","targetHints":{"allow":["GET"]}}],"collection":[{"href":"https:\/\/janeke1830.it\/de\/wp-json\/wp\/v2\/product"}],"about":[{"href":"https:\/\/janeke1830.it\/de\/wp-json\/wp\/v2\/types\/product"}],"replies":[{"embeddable":true,"href":"https:\/\/janeke1830.it\/de\/wp-json\/wp\/v2\/comments?post=11034"}],"wp:featuredmedia":[{"embeddable":true,"href":"https:\/\/janeke1830.it\/de\/wp-json\/wp\/v2\/media\/1005"}],"wp:attachment":[{"href":"https:\/\/janeke1830.it\/de\/wp-json\/wp\/v2\/media?parent=11034"}],"wp:term":[{"taxonomy":"product_brand","embeddable":true,"href":"https:\/\/janeke1830.it\/de\/wp-json\/wp\/v2\/product_brand?post=11034"},{"taxonomy":"product_cat","embeddable":true,"href":"https:\/\/janeke1830.it\/de\/wp-json\/wp\/v2\/product_cat?post=11034"},{"taxonomy":"product_tag","embeddable":true,"href":"https:\/\/janeke1830.it\/de\/wp-json\/wp\/v2\/product_tag?post=11034"}],"curies":[{"name":"wp","href":"https:\/\/api.w.org\/{rel}","templated":true}]}}