{"id":11027,"date":"2026-01-10T06:55:54","date_gmt":"2026-01-10T05:55:54","guid":{"rendered":"https:\/\/janeke1830.it\/prodotto\/sparsamer-friseurkamm\/"},"modified":"2026-02-05T15:50:19","modified_gmt":"2026-02-05T14:50:19","slug":"sparsamer-friseurkamm","status":"publish","type":"product","link":"https:\/\/janeke1830.it\/de\/prodotto\/sparsamer-friseurkamm\/","title":{"rendered":"Sparsamer Friseurkamm"},"content":{"rendered":"","protected":false},"excerpt":{"rendered":"<p>Der <strong>Janeke Kamm<\/strong> vereint Funktionalit\u00e4t und Stil in einem schicken und eleganten Accessoire, perfekt f\u00fcr die t\u00e4gliche Haarpflege. Seine feine Struktur erm\u00f6glicht es Ihnen, Ihr Haar zu entwirren und zu k\u00e4mmen, ohne es zu besch\u00e4digen, w\u00e4hrend sein raffiniertes Design ihn zu einem wirklich stilvollen Objekt macht, das Sie auf Ihrem Schminktisch aufbewahren oder in Ihrer Handtasche tragen k\u00f6nnen. Praktisch, leicht und mit viel Liebe zum Detail bietet er die f\u00fcr die Marke Janeke typische Qualit\u00e4t und Raffinesse.  <\/p>\n","protected":false},"featured_media":988,"comment_status":"closed","ping_status":"closed","template":"","meta":[],"product_brand":[1021],"product_cat":[1029],"product_tag":[1238],"class_list":{"0":"post-11027","1":"product","2":"type-product","3":"status-publish","4":"has-post-thumbnail","6":"product_brand-luxury","7":"product_cat-kamme","8":"product_tag-luxuskamme","10":"first","11":"instock","12":"shipping-taxable","13":"purchasable","14":"product-type-variable","15":"wvs-archive-product-wrapper"},"yoast_head":"<!-- This site is optimized with the Yoast SEO plugin v27.1.1 - https:\/\/yoast.com\/product\/yoast-seo-wordpress\/ -->\n<title>Rado Friseur J\u00e4neke Kamm - T\u00e4gliche Pflege<\/title>\n<meta name=\"description\" content=\"Rado Friseur J\u00e4neke Kamm: stilvolles Accessoire zum Entwirren ohne Besch\u00e4digung. Leicht, elegant und praktisch. Jetzt kaufen!\" \/>\n<meta name=\"robots\" content=\"index, follow, max-snippet:-1, max-image-preview:large, max-video-preview:-1\" \/>\n<link rel=\"canonical\" href=\"https:\/\/janeke1830.it\/de\/prodotto\/sparsamer-friseurkamm\/\" \/>\n<meta property=\"og:locale\" content=\"de_DE\" \/>\n<meta property=\"og:type\" content=\"article\" \/>\n<meta property=\"og:title\" content=\"Rado Friseur J\u00e4neke Kamm - T\u00e4gliche Pflege\" \/>\n<meta property=\"og:description\" content=\"Rado Friseur J\u00e4neke Kamm: stilvolles Accessoire zum Entwirren ohne Besch\u00e4digung. Leicht, elegant und praktisch. Jetzt kaufen!\" \/>\n<meta property=\"og:url\" content=\"https:\/\/janeke1830.it\/de\/prodotto\/sparsamer-friseurkamm\/\" \/>\n<meta property=\"og:site_name\" content=\"J\u00e4neke\" \/>\n<meta property=\"article:publisher\" content=\"https:\/\/www.facebook.com\/janeke1830\" \/>\n<meta property=\"article:modified_time\" content=\"2026-02-05T14:50:19+00:00\" \/>\n<meta property=\"og:image\" content=\"https:\/\/janeke1830.it\/wp-content\/uploads\/2026\/01\/AU855.png\" \/>\n\t<meta property=\"og:image:width\" content=\"1024\" \/>\n\t<meta property=\"og:image:height\" content=\"1024\" \/>\n\t<meta property=\"og:image:type\" content=\"image\/png\" \/>\n<meta name=\"twitter:card\" content=\"summary_large_image\" \/>\n<script type=\"application\/ld+json\" class=\"yoast-schema-graph\">{\"@context\":\"https:\/\/schema.org\",\"@graph\":[{\"@type\":\"WebPage\",\"@id\":\"https:\/\/janeke1830.it\/de\/prodotto\/sparsamer-friseurkamm\/\",\"url\":\"https:\/\/janeke1830.it\/de\/prodotto\/sparsamer-friseurkamm\/\",\"name\":\"Rado Friseur J\u00e4neke Kamm - T\u00e4gliche Pflege\",\"isPartOf\":{\"@id\":\"https:\/\/janeke1830.it\/#website\"},\"primaryImageOfPage\":{\"@id\":\"https:\/\/janeke1830.it\/de\/prodotto\/sparsamer-friseurkamm\/#primaryimage\"},\"image\":{\"@id\":\"https:\/\/janeke1830.it\/de\/prodotto\/sparsamer-friseurkamm\/#primaryimage\"},\"thumbnailUrl\":\"https:\/\/janeke1830.it\/wp-content\/uploads\/2026\/01\/pettine-acconciatore-capelli-oro-au855.png\",\"datePublished\":\"2026-01-10T05:55:54+00:00\",\"dateModified\":\"2026-02-05T14:50:19+00:00\",\"description\":\"Rado Friseur J\u00e4neke Kamm: stilvolles Accessoire zum Entwirren ohne Besch\u00e4digung. Leicht, elegant und praktisch. Jetzt kaufen!\",\"breadcrumb\":{\"@id\":\"https:\/\/janeke1830.it\/de\/prodotto\/sparsamer-friseurkamm\/#breadcrumb\"},\"inLanguage\":\"de\",\"potentialAction\":[{\"@type\":\"ReadAction\",\"target\":[\"https:\/\/janeke1830.it\/de\/prodotto\/sparsamer-friseurkamm\/\"]}]},{\"@type\":\"ImageObject\",\"inLanguage\":\"de\",\"@id\":\"https:\/\/janeke1830.it\/de\/prodotto\/sparsamer-friseurkamm\/#primaryimage\",\"url\":\"https:\/\/janeke1830.it\/wp-content\/uploads\/2026\/01\/pettine-acconciatore-capelli-oro-au855.png\",\"contentUrl\":\"https:\/\/janeke1830.it\/wp-content\/uploads\/2026\/01\/pettine-acconciatore-capelli-oro-au855.png\",\"width\":1024,\"height\":1024,\"caption\":\"Pettine rado acconciatore oro chic accessorio di stile\"},{\"@type\":\"BreadcrumbList\",\"@id\":\"https:\/\/janeke1830.it\/de\/prodotto\/sparsamer-friseurkamm\/#breadcrumb\",\"itemListElement\":[{\"@type\":\"ListItem\",\"position\":1,\"name\":\"Home\",\"item\":\"https:\/\/janeke1830.it\/de\/startseite\/\"},{\"@type\":\"ListItem\",\"position\":2,\"name\":\"Shop\",\"item\":\"https:\/\/janeke1830.it\/de\/shop\/\"},{\"@type\":\"ListItem\",\"position\":3,\"name\":\"Sparsamer Friseurkamm\"}]},{\"@type\":\"WebSite\",\"@id\":\"https:\/\/janeke1830.it\/#website\",\"url\":\"https:\/\/janeke1830.it\/\",\"name\":\"J\u00e4neke 1830\",\"description\":\"\",\"publisher\":{\"@id\":\"https:\/\/janeke1830.it\/#organization\"},\"potentialAction\":[{\"@type\":\"SearchAction\",\"target\":{\"@type\":\"EntryPoint\",\"urlTemplate\":\"https:\/\/janeke1830.it\/?s={search_term_string}\"},\"query-input\":{\"@type\":\"PropertyValueSpecification\",\"valueRequired\":true,\"valueName\":\"search_term_string\"}}],\"inLanguage\":\"de\"},{\"@type\":\"Organization\",\"@id\":\"https:\/\/janeke1830.it\/#organization\",\"name\":\"J\u00e4neke 1830\",\"url\":\"https:\/\/janeke1830.it\/\",\"logo\":{\"@type\":\"ImageObject\",\"inLanguage\":\"de\",\"@id\":\"https:\/\/janeke1830.it\/#\/schema\/logo\/image\/\",\"url\":\"https:\/\/janeke1830.it\/wp-content\/uploads\/2025\/12\/logo-nero-janeke.png\",\"contentUrl\":\"https:\/\/janeke1830.it\/wp-content\/uploads\/2025\/12\/logo-nero-janeke.png\",\"width\":1824,\"height\":829,\"caption\":\"J\u00e4neke 1830\"},\"image\":{\"@id\":\"https:\/\/janeke1830.it\/#\/schema\/logo\/image\/\"},\"sameAs\":[\"https:\/\/www.facebook.com\/janeke1830\",\"https:\/\/www.instagram.com\/janeke1830official\",\"https:\/\/www.linkedin.com\/company\/giorgio-janeke-s-r-l-\/\"]}]}<\/script>\n<!-- \/ Yoast SEO plugin. -->","yoast_head_json":{"title":"Rado Friseur J\u00e4neke Kamm - T\u00e4gliche Pflege","description":"Rado Friseur J\u00e4neke Kamm: stilvolles Accessoire zum Entwirren ohne Besch\u00e4digung. Leicht, elegant und praktisch. Jetzt kaufen!","robots":{"index":"index","follow":"follow","max-snippet":"max-snippet:-1","max-image-preview":"max-image-preview:large","max-video-preview":"max-video-preview:-1"},"canonical":"https:\/\/janeke1830.it\/de\/prodotto\/sparsamer-friseurkamm\/","og_locale":"de_DE","og_type":"article","og_title":"Rado Friseur J\u00e4neke Kamm - T\u00e4gliche Pflege","og_description":"Rado Friseur J\u00e4neke Kamm: stilvolles Accessoire zum Entwirren ohne Besch\u00e4digung. Leicht, elegant und praktisch. Jetzt kaufen!","og_url":"https:\/\/janeke1830.it\/de\/prodotto\/sparsamer-friseurkamm\/","og_site_name":"J\u00e4neke","article_publisher":"https:\/\/www.facebook.com\/janeke1830","article_modified_time":"2026-02-05T14:50:19+00:00","og_image":[{"width":1024,"height":1024,"url":"https:\/\/janeke1830.it\/wp-content\/uploads\/2026\/01\/AU855.png","type":"image\/png"}],"twitter_card":"summary_large_image","schema":{"@context":"https:\/\/schema.org","@graph":[{"@type":"WebPage","@id":"https:\/\/janeke1830.it\/de\/prodotto\/sparsamer-friseurkamm\/","url":"https:\/\/janeke1830.it\/de\/prodotto\/sparsamer-friseurkamm\/","name":"Rado Friseur J\u00e4neke Kamm - T\u00e4gliche Pflege","isPartOf":{"@id":"https:\/\/janeke1830.it\/#website"},"primaryImageOfPage":{"@id":"https:\/\/janeke1830.it\/de\/prodotto\/sparsamer-friseurkamm\/#primaryimage"},"image":{"@id":"https:\/\/janeke1830.it\/de\/prodotto\/sparsamer-friseurkamm\/#primaryimage"},"thumbnailUrl":"https:\/\/janeke1830.it\/wp-content\/uploads\/2026\/01\/pettine-acconciatore-capelli-oro-au855.png","datePublished":"2026-01-10T05:55:54+00:00","dateModified":"2026-02-05T14:50:19+00:00","description":"Rado Friseur J\u00e4neke Kamm: stilvolles Accessoire zum Entwirren ohne Besch\u00e4digung. Leicht, elegant und praktisch. Jetzt kaufen!","breadcrumb":{"@id":"https:\/\/janeke1830.it\/de\/prodotto\/sparsamer-friseurkamm\/#breadcrumb"},"inLanguage":"de","potentialAction":[{"@type":"ReadAction","target":["https:\/\/janeke1830.it\/de\/prodotto\/sparsamer-friseurkamm\/"]}]},{"@type":"ImageObject","inLanguage":"de","@id":"https:\/\/janeke1830.it\/de\/prodotto\/sparsamer-friseurkamm\/#primaryimage","url":"https:\/\/janeke1830.it\/wp-content\/uploads\/2026\/01\/pettine-acconciatore-capelli-oro-au855.png","contentUrl":"https:\/\/janeke1830.it\/wp-content\/uploads\/2026\/01\/pettine-acconciatore-capelli-oro-au855.png","width":1024,"height":1024,"caption":"Pettine rado acconciatore oro chic accessorio di stile"},{"@type":"BreadcrumbList","@id":"https:\/\/janeke1830.it\/de\/prodotto\/sparsamer-friseurkamm\/#breadcrumb","itemListElement":[{"@type":"ListItem","position":1,"name":"Home","item":"https:\/\/janeke1830.it\/de\/startseite\/"},{"@type":"ListItem","position":2,"name":"Shop","item":"https:\/\/janeke1830.it\/de\/shop\/"},{"@type":"ListItem","position":3,"name":"Sparsamer Friseurkamm"}]},{"@type":"WebSite","@id":"https:\/\/janeke1830.it\/#website","url":"https:\/\/janeke1830.it\/","name":"J\u00e4neke 1830","description":"","publisher":{"@id":"https:\/\/janeke1830.it\/#organization"},"potentialAction":[{"@type":"SearchAction","target":{"@type":"EntryPoint","urlTemplate":"https:\/\/janeke1830.it\/?s={search_term_string}"},"query-input":{"@type":"PropertyValueSpecification","valueRequired":true,"valueName":"search_term_string"}}],"inLanguage":"de"},{"@type":"Organization","@id":"https:\/\/janeke1830.it\/#organization","name":"J\u00e4neke 1830","url":"https:\/\/janeke1830.it\/","logo":{"@type":"ImageObject","inLanguage":"de","@id":"https:\/\/janeke1830.it\/#\/schema\/logo\/image\/","url":"https:\/\/janeke1830.it\/wp-content\/uploads\/2025\/12\/logo-nero-janeke.png","contentUrl":"https:\/\/janeke1830.it\/wp-content\/uploads\/2025\/12\/logo-nero-janeke.png","width":1824,"height":829,"caption":"J\u00e4neke 1830"},"image":{"@id":"https:\/\/janeke1830.it\/#\/schema\/logo\/image\/"},"sameAs":["https:\/\/www.facebook.com\/janeke1830","https:\/\/www.instagram.com\/janeke1830official","https:\/\/www.linkedin.com\/company\/giorgio-janeke-s-r-l-\/"]}]}},"_links":{"self":[{"href":"https:\/\/janeke1830.it\/de\/wp-json\/wp\/v2\/product\/11027","targetHints":{"allow":["GET"]}}],"collection":[{"href":"https:\/\/janeke1830.it\/de\/wp-json\/wp\/v2\/product"}],"about":[{"href":"https:\/\/janeke1830.it\/de\/wp-json\/wp\/v2\/types\/product"}],"replies":[{"embeddable":true,"href":"https:\/\/janeke1830.it\/de\/wp-json\/wp\/v2\/comments?post=11027"}],"wp:featuredmedia":[{"embeddable":true,"href":"https:\/\/janeke1830.it\/de\/wp-json\/wp\/v2\/media\/988"}],"wp:attachment":[{"href":"https:\/\/janeke1830.it\/de\/wp-json\/wp\/v2\/media?parent=11027"}],"wp:term":[{"taxonomy":"product_brand","embeddable":true,"href":"https:\/\/janeke1830.it\/de\/wp-json\/wp\/v2\/product_brand?post=11027"},{"taxonomy":"product_cat","embeddable":true,"href":"https:\/\/janeke1830.it\/de\/wp-json\/wp\/v2\/product_cat?post=11027"},{"taxonomy":"product_tag","embeddable":true,"href":"https:\/\/janeke1830.it\/de\/wp-json\/wp\/v2\/product_tag?post=11027"}],"curies":[{"name":"wp","href":"https:\/\/api.w.org\/{rel}","templated":true}]}}