{"id":11022,"date":"2026-01-10T07:30:26","date_gmt":"2026-01-10T06:30:26","guid":{"rendered":"https:\/\/janeke1830.it\/prodotto\/sparsamer-kamm-mit-griff\/"},"modified":"2026-02-05T15:44:30","modified_gmt":"2026-02-05T14:44:30","slug":"sparsamer-kamm-mit-griff","status":"publish","type":"product","link":"https:\/\/janeke1830.it\/de\/prodotto\/sparsamer-kamm-mit-griff\/","title":{"rendered":"Sparsamer Kamm mit Griff"},"content":{"rendered":"","protected":false},"excerpt":{"rendered":"<p>Der <strong>Janeke Kamm mit Griff<\/strong> ist ein elegantes und praktisches Accessoire, ideal um das Haar mit Leichtigkeit zu entwirren und zu stylen. Der ergonomische Griff liegt sicher und bequem in der Hand und erm\u00f6glicht es Ihnen, jede Art von Haar pr\u00e4zise zu bearbeiten. <\/p>\n<p>Aus langlebigen Materialien gefertigt und mit raffinierten Details versehen, vereint er Funktionalit\u00e4t, Stil und die unverwechselbare Qualit\u00e4t der Marke Janeke und eignet sich damit sowohl f\u00fcr den t\u00e4glichen Gebrauch als auch f\u00fcr raffiniertere Momente der K\u00f6rperpflege.<\/p>\n","protected":false},"featured_media":994,"comment_status":"closed","ping_status":"closed","template":"","meta":[],"product_brand":[1021],"product_cat":[1029],"product_tag":[1238],"class_list":{"0":"post-11022","1":"product","2":"type-product","3":"status-publish","4":"has-post-thumbnail","6":"product_brand-luxury","7":"product_cat-kamme","8":"product_tag-luxuskamme","10":"first","11":"instock","12":"shipping-taxable","13":"purchasable","14":"product-type-variable","15":"wvs-archive-product-wrapper"},"yoast_head":"<!-- This site is optimized with the Yoast SEO plugin v27.1.1 - https:\/\/yoast.com\/product\/yoast-seo-wordpress\/ -->\n<title>Rado Kamm mit J\u00e4neke-Griff - Entwirren und in Form bringen<\/title>\n<meta name=\"description\" content=\"Rado Kamm mit J\u00e4neke Griff: ergonomischer Griff zum Entwirren jedes Haares. Eleganter Stil und langlebige Materialien. Bestellen Sie ihn online!\" \/>\n<meta name=\"robots\" content=\"index, follow, max-snippet:-1, max-image-preview:large, max-video-preview:-1\" \/>\n<link rel=\"canonical\" href=\"https:\/\/janeke1830.it\/de\/prodotto\/sparsamer-kamm-mit-griff\/\" \/>\n<meta property=\"og:locale\" content=\"de_DE\" \/>\n<meta property=\"og:type\" content=\"article\" \/>\n<meta property=\"og:title\" content=\"Rado Kamm mit J\u00e4neke-Griff - Entwirren und in Form bringen\" \/>\n<meta property=\"og:description\" content=\"Rado Kamm mit J\u00e4neke Griff: ergonomischer Griff zum Entwirren jedes Haares. Eleganter Stil und langlebige Materialien. Bestellen Sie ihn online!\" \/>\n<meta property=\"og:url\" content=\"https:\/\/janeke1830.it\/de\/prodotto\/sparsamer-kamm-mit-griff\/\" \/>\n<meta property=\"og:site_name\" content=\"J\u00e4neke\" \/>\n<meta property=\"article:publisher\" content=\"https:\/\/www.facebook.com\/janeke1830\" \/>\n<meta property=\"article:modified_time\" content=\"2026-02-05T14:44:30+00:00\" \/>\n<meta property=\"og:image\" content=\"https:\/\/janeke1830.it\/wp-content\/uploads\/2026\/01\/AU825.png\" \/>\n\t<meta property=\"og:image:width\" content=\"1024\" \/>\n\t<meta property=\"og:image:height\" content=\"1024\" \/>\n\t<meta property=\"og:image:type\" content=\"image\/png\" \/>\n<meta name=\"twitter:card\" content=\"summary_large_image\" \/>\n<script type=\"application\/ld+json\" class=\"yoast-schema-graph\">{\"@context\":\"https:\/\/schema.org\",\"@graph\":[{\"@type\":\"WebPage\",\"@id\":\"https:\/\/janeke1830.it\/de\/prodotto\/sparsamer-kamm-mit-griff\/\",\"url\":\"https:\/\/janeke1830.it\/de\/prodotto\/sparsamer-kamm-mit-griff\/\",\"name\":\"Rado Kamm mit J\u00e4neke-Griff - Entwirren und in Form bringen\",\"isPartOf\":{\"@id\":\"https:\/\/janeke1830.it\/#website\"},\"primaryImageOfPage\":{\"@id\":\"https:\/\/janeke1830.it\/de\/prodotto\/sparsamer-kamm-mit-griff\/#primaryimage\"},\"image\":{\"@id\":\"https:\/\/janeke1830.it\/de\/prodotto\/sparsamer-kamm-mit-griff\/#primaryimage\"},\"thumbnailUrl\":\"https:\/\/janeke1830.it\/wp-content\/uploads\/2026\/01\/pettine-manico-capelli-oro-au825.png\",\"datePublished\":\"2026-01-10T06:30:26+00:00\",\"dateModified\":\"2026-02-05T14:44:30+00:00\",\"description\":\"Rado Kamm mit J\u00e4neke Griff: ergonomischer Griff zum Entwirren jedes Haares. Eleganter Stil und langlebige Materialien. Bestellen Sie ihn online!\",\"breadcrumb\":{\"@id\":\"https:\/\/janeke1830.it\/de\/prodotto\/sparsamer-kamm-mit-griff\/#breadcrumb\"},\"inLanguage\":\"de\",\"potentialAction\":[{\"@type\":\"ReadAction\",\"target\":[\"https:\/\/janeke1830.it\/de\/prodotto\/sparsamer-kamm-mit-griff\/\"]}]},{\"@type\":\"ImageObject\",\"inLanguage\":\"de\",\"@id\":\"https:\/\/janeke1830.it\/de\/prodotto\/sparsamer-kamm-mit-griff\/#primaryimage\",\"url\":\"https:\/\/janeke1830.it\/wp-content\/uploads\/2026\/01\/pettine-manico-capelli-oro-au825.png\",\"contentUrl\":\"https:\/\/janeke1830.it\/wp-content\/uploads\/2026\/01\/pettine-manico-capelli-oro-au825.png\",\"width\":1024,\"height\":1024,\"caption\":\"Pettine rado con manico oro per districare e modellare i capelli\"},{\"@type\":\"BreadcrumbList\",\"@id\":\"https:\/\/janeke1830.it\/de\/prodotto\/sparsamer-kamm-mit-griff\/#breadcrumb\",\"itemListElement\":[{\"@type\":\"ListItem\",\"position\":1,\"name\":\"Home\",\"item\":\"https:\/\/janeke1830.it\/de\/startseite\/\"},{\"@type\":\"ListItem\",\"position\":2,\"name\":\"Shop\",\"item\":\"https:\/\/janeke1830.it\/de\/shop\/\"},{\"@type\":\"ListItem\",\"position\":3,\"name\":\"Sparsamer Kamm mit Griff\"}]},{\"@type\":\"WebSite\",\"@id\":\"https:\/\/janeke1830.it\/#website\",\"url\":\"https:\/\/janeke1830.it\/\",\"name\":\"J\u00e4neke 1830\",\"description\":\"\",\"publisher\":{\"@id\":\"https:\/\/janeke1830.it\/#organization\"},\"potentialAction\":[{\"@type\":\"SearchAction\",\"target\":{\"@type\":\"EntryPoint\",\"urlTemplate\":\"https:\/\/janeke1830.it\/?s={search_term_string}\"},\"query-input\":{\"@type\":\"PropertyValueSpecification\",\"valueRequired\":true,\"valueName\":\"search_term_string\"}}],\"inLanguage\":\"de\"},{\"@type\":\"Organization\",\"@id\":\"https:\/\/janeke1830.it\/#organization\",\"name\":\"J\u00e4neke 1830\",\"url\":\"https:\/\/janeke1830.it\/\",\"logo\":{\"@type\":\"ImageObject\",\"inLanguage\":\"de\",\"@id\":\"https:\/\/janeke1830.it\/#\/schema\/logo\/image\/\",\"url\":\"https:\/\/janeke1830.it\/wp-content\/uploads\/2025\/12\/logo-nero-janeke.png\",\"contentUrl\":\"https:\/\/janeke1830.it\/wp-content\/uploads\/2025\/12\/logo-nero-janeke.png\",\"width\":1824,\"height\":829,\"caption\":\"J\u00e4neke 1830\"},\"image\":{\"@id\":\"https:\/\/janeke1830.it\/#\/schema\/logo\/image\/\"},\"sameAs\":[\"https:\/\/www.facebook.com\/janeke1830\",\"https:\/\/www.instagram.com\/janeke1830official\",\"https:\/\/www.linkedin.com\/company\/giorgio-janeke-s-r-l-\/\"]}]}<\/script>\n<!-- \/ Yoast SEO plugin. -->","yoast_head_json":{"title":"Rado Kamm mit J\u00e4neke-Griff - Entwirren und in Form bringen","description":"Rado Kamm mit J\u00e4neke Griff: ergonomischer Griff zum Entwirren jedes Haares. Eleganter Stil und langlebige Materialien. Bestellen Sie ihn online!","robots":{"index":"index","follow":"follow","max-snippet":"max-snippet:-1","max-image-preview":"max-image-preview:large","max-video-preview":"max-video-preview:-1"},"canonical":"https:\/\/janeke1830.it\/de\/prodotto\/sparsamer-kamm-mit-griff\/","og_locale":"de_DE","og_type":"article","og_title":"Rado Kamm mit J\u00e4neke-Griff - Entwirren und in Form bringen","og_description":"Rado Kamm mit J\u00e4neke Griff: ergonomischer Griff zum Entwirren jedes Haares. Eleganter Stil und langlebige Materialien. Bestellen Sie ihn online!","og_url":"https:\/\/janeke1830.it\/de\/prodotto\/sparsamer-kamm-mit-griff\/","og_site_name":"J\u00e4neke","article_publisher":"https:\/\/www.facebook.com\/janeke1830","article_modified_time":"2026-02-05T14:44:30+00:00","og_image":[{"width":1024,"height":1024,"url":"https:\/\/janeke1830.it\/wp-content\/uploads\/2026\/01\/AU825.png","type":"image\/png"}],"twitter_card":"summary_large_image","schema":{"@context":"https:\/\/schema.org","@graph":[{"@type":"WebPage","@id":"https:\/\/janeke1830.it\/de\/prodotto\/sparsamer-kamm-mit-griff\/","url":"https:\/\/janeke1830.it\/de\/prodotto\/sparsamer-kamm-mit-griff\/","name":"Rado Kamm mit J\u00e4neke-Griff - Entwirren und in Form bringen","isPartOf":{"@id":"https:\/\/janeke1830.it\/#website"},"primaryImageOfPage":{"@id":"https:\/\/janeke1830.it\/de\/prodotto\/sparsamer-kamm-mit-griff\/#primaryimage"},"image":{"@id":"https:\/\/janeke1830.it\/de\/prodotto\/sparsamer-kamm-mit-griff\/#primaryimage"},"thumbnailUrl":"https:\/\/janeke1830.it\/wp-content\/uploads\/2026\/01\/pettine-manico-capelli-oro-au825.png","datePublished":"2026-01-10T06:30:26+00:00","dateModified":"2026-02-05T14:44:30+00:00","description":"Rado Kamm mit J\u00e4neke Griff: ergonomischer Griff zum Entwirren jedes Haares. Eleganter Stil und langlebige Materialien. Bestellen Sie ihn online!","breadcrumb":{"@id":"https:\/\/janeke1830.it\/de\/prodotto\/sparsamer-kamm-mit-griff\/#breadcrumb"},"inLanguage":"de","potentialAction":[{"@type":"ReadAction","target":["https:\/\/janeke1830.it\/de\/prodotto\/sparsamer-kamm-mit-griff\/"]}]},{"@type":"ImageObject","inLanguage":"de","@id":"https:\/\/janeke1830.it\/de\/prodotto\/sparsamer-kamm-mit-griff\/#primaryimage","url":"https:\/\/janeke1830.it\/wp-content\/uploads\/2026\/01\/pettine-manico-capelli-oro-au825.png","contentUrl":"https:\/\/janeke1830.it\/wp-content\/uploads\/2026\/01\/pettine-manico-capelli-oro-au825.png","width":1024,"height":1024,"caption":"Pettine rado con manico oro per districare e modellare i capelli"},{"@type":"BreadcrumbList","@id":"https:\/\/janeke1830.it\/de\/prodotto\/sparsamer-kamm-mit-griff\/#breadcrumb","itemListElement":[{"@type":"ListItem","position":1,"name":"Home","item":"https:\/\/janeke1830.it\/de\/startseite\/"},{"@type":"ListItem","position":2,"name":"Shop","item":"https:\/\/janeke1830.it\/de\/shop\/"},{"@type":"ListItem","position":3,"name":"Sparsamer Kamm mit Griff"}]},{"@type":"WebSite","@id":"https:\/\/janeke1830.it\/#website","url":"https:\/\/janeke1830.it\/","name":"J\u00e4neke 1830","description":"","publisher":{"@id":"https:\/\/janeke1830.it\/#organization"},"potentialAction":[{"@type":"SearchAction","target":{"@type":"EntryPoint","urlTemplate":"https:\/\/janeke1830.it\/?s={search_term_string}"},"query-input":{"@type":"PropertyValueSpecification","valueRequired":true,"valueName":"search_term_string"}}],"inLanguage":"de"},{"@type":"Organization","@id":"https:\/\/janeke1830.it\/#organization","name":"J\u00e4neke 1830","url":"https:\/\/janeke1830.it\/","logo":{"@type":"ImageObject","inLanguage":"de","@id":"https:\/\/janeke1830.it\/#\/schema\/logo\/image\/","url":"https:\/\/janeke1830.it\/wp-content\/uploads\/2025\/12\/logo-nero-janeke.png","contentUrl":"https:\/\/janeke1830.it\/wp-content\/uploads\/2025\/12\/logo-nero-janeke.png","width":1824,"height":829,"caption":"J\u00e4neke 1830"},"image":{"@id":"https:\/\/janeke1830.it\/#\/schema\/logo\/image\/"},"sameAs":["https:\/\/www.facebook.com\/janeke1830","https:\/\/www.instagram.com\/janeke1830official","https:\/\/www.linkedin.com\/company\/giorgio-janeke-s-r-l-\/"]}]}},"_links":{"self":[{"href":"https:\/\/janeke1830.it\/de\/wp-json\/wp\/v2\/product\/11022","targetHints":{"allow":["GET"]}}],"collection":[{"href":"https:\/\/janeke1830.it\/de\/wp-json\/wp\/v2\/product"}],"about":[{"href":"https:\/\/janeke1830.it\/de\/wp-json\/wp\/v2\/types\/product"}],"replies":[{"embeddable":true,"href":"https:\/\/janeke1830.it\/de\/wp-json\/wp\/v2\/comments?post=11022"}],"wp:featuredmedia":[{"embeddable":true,"href":"https:\/\/janeke1830.it\/de\/wp-json\/wp\/v2\/media\/994"}],"wp:attachment":[{"href":"https:\/\/janeke1830.it\/de\/wp-json\/wp\/v2\/media?parent=11022"}],"wp:term":[{"taxonomy":"product_brand","embeddable":true,"href":"https:\/\/janeke1830.it\/de\/wp-json\/wp\/v2\/product_brand?post=11022"},{"taxonomy":"product_cat","embeddable":true,"href":"https:\/\/janeke1830.it\/de\/wp-json\/wp\/v2\/product_cat?post=11022"},{"taxonomy":"product_tag","embeddable":true,"href":"https:\/\/janeke1830.it\/de\/wp-json\/wp\/v2\/product_tag?post=11022"}],"curies":[{"name":"wp","href":"https:\/\/api.w.org\/{rel}","templated":true}]}}