{"id":10947,"date":"2026-01-21T17:53:16","date_gmt":"2026-01-21T16:53:16","guid":{"rendered":"https:\/\/janeke1830.it\/prodotto\/superbrush-klein\/"},"modified":"2026-02-05T15:46:57","modified_gmt":"2026-02-05T14:46:57","slug":"superbrush-klein","status":"publish","type":"product","link":"https:\/\/janeke1830.it\/de\/prodotto\/superbrush-klein\/","title":{"rendered":"Superbrush Small"},"content":{"rendered":"","protected":false},"excerpt":{"rendered":"<p>Die Janeke Superbrush Small ist die kompakte Version der ber\u00fchmten Profib\u00fcrste, ideal zum Entwirren und Stylen des Haares mit Pr\u00e4zision, selbst an schwer zug\u00e4nglichen Stellen. Die flexiblen und widerstandsf\u00e4higen Borsten sorgen f\u00fcr Geschmeidigkeit, Glanz und weniger Haarbruch. Sie liegt praktisch in der Hand und ist leicht zu transportieren. Sie vereint Funktionalit\u00e4t und Qualit\u00e4t und garantiert den typischen Stil und die Zuverl\u00e4ssigkeit von Janeke.  <\/p>\n","protected":false},"featured_media":1323,"comment_status":"closed","ping_status":"closed","template":"","meta":[],"product_brand":[1057],"product_cat":[1032],"product_tag":[1059],"class_list":{"0":"post-10947","1":"product","2":"type-product","3":"status-publish","4":"has-post-thumbnail","6":"product_brand-superbrush","7":"product_cat-pinsel","8":"product_tag-superpinsel","10":"first","11":"instock","12":"shipping-taxable","13":"purchasable","14":"product-type-variable","15":"wvs-archive-product-wrapper"},"yoast_head":"<!-- This site is optimized with the Yoast SEO plugin v27.5 - https:\/\/yoast.com\/product\/yoast-seo-wordpress\/ -->\n<title>Superbrush Small J\u00e4neke - Kompakte Entwirrungsb\u00fcrste<\/title>\n<meta name=\"description\" content=\"Unsere Superbrush Small ist kompakt und ideal zum pr\u00e4zisen Entwirren. Sie hat flexible Borsten, die das Brechen reduzieren. Probieren Sie sie aus!\" \/>\n<meta name=\"robots\" content=\"index, follow, max-snippet:-1, max-image-preview:large, max-video-preview:-1\" \/>\n<link rel=\"canonical\" href=\"https:\/\/janeke1830.it\/de\/prodotto\/superbrush-klein\/\" \/>\n<meta property=\"og:locale\" content=\"de_DE\" \/>\n<meta property=\"og:type\" content=\"article\" \/>\n<meta property=\"og:title\" content=\"Superbrush Small J\u00e4neke - Kompakte Entwirrungsb\u00fcrste\" \/>\n<meta property=\"og:description\" content=\"Unsere Superbrush Small ist kompakt und ideal zum pr\u00e4zisen Entwirren. Sie hat flexible Borsten, die das Brechen reduzieren. Probieren Sie sie aus!\" \/>\n<meta property=\"og:url\" content=\"https:\/\/janeke1830.it\/de\/prodotto\/superbrush-klein\/\" \/>\n<meta property=\"og:site_name\" content=\"J\u00e4neke\" \/>\n<meta property=\"article:publisher\" content=\"https:\/\/www.facebook.com\/janeke1830\" \/>\n<meta property=\"article:modified_time\" content=\"2026-02-05T14:46:57+00:00\" \/>\n<meta property=\"og:image\" content=\"https:\/\/janeke1830.it\/wp-content\/uploads\/2026\/01\/86SP234-VER.png\" \/>\n\t<meta property=\"og:image:width\" content=\"1024\" \/>\n\t<meta property=\"og:image:height\" content=\"1024\" \/>\n\t<meta property=\"og:image:type\" content=\"image\/png\" \/>\n<meta name=\"twitter:card\" content=\"summary_large_image\" \/>\n<script type=\"application\/ld+json\" class=\"yoast-schema-graph\">{\"@context\":\"https:\\\/\\\/schema.org\",\"@graph\":[{\"@type\":\"WebPage\",\"@id\":\"https:\\\/\\\/janeke1830.it\\\/de\\\/prodotto\\\/superbrush-klein\\\/\",\"url\":\"https:\\\/\\\/janeke1830.it\\\/de\\\/prodotto\\\/superbrush-klein\\\/\",\"name\":\"Superbrush Small J\u00e4neke - Kompakte Entwirrungsb\u00fcrste\",\"isPartOf\":{\"@id\":\"https:\\\/\\\/janeke1830.it\\\/#website\"},\"primaryImageOfPage\":{\"@id\":\"https:\\\/\\\/janeke1830.it\\\/de\\\/prodotto\\\/superbrush-klein\\\/#primaryimage\"},\"image\":{\"@id\":\"https:\\\/\\\/janeke1830.it\\\/de\\\/prodotto\\\/superbrush-klein\\\/#primaryimage\"},\"thumbnailUrl\":\"https:\\\/\\\/janeke1830.it\\\/wp-content\\\/uploads\\\/2026\\\/01\\\/superbrush-small-verde-fucsia-86sp234-ver.png\",\"datePublished\":\"2026-01-21T16:53:16+00:00\",\"dateModified\":\"2026-02-05T14:46:57+00:00\",\"description\":\"Unsere Superbrush Small ist kompakt und ideal zum pr\u00e4zisen Entwirren. Sie hat flexible Borsten, die das Brechen reduzieren. Probieren Sie sie aus!\",\"breadcrumb\":{\"@id\":\"https:\\\/\\\/janeke1830.it\\\/de\\\/prodotto\\\/superbrush-klein\\\/#breadcrumb\"},\"inLanguage\":\"de\",\"potentialAction\":[{\"@type\":\"ReadAction\",\"target\":[\"https:\\\/\\\/janeke1830.it\\\/de\\\/prodotto\\\/superbrush-klein\\\/\"]}]},{\"@type\":\"ImageObject\",\"inLanguage\":\"de\",\"@id\":\"https:\\\/\\\/janeke1830.it\\\/de\\\/prodotto\\\/superbrush-klein\\\/#primaryimage\",\"url\":\"https:\\\/\\\/janeke1830.it\\\/wp-content\\\/uploads\\\/2026\\\/01\\\/superbrush-small-verde-fucsia-86sp234-ver.png\",\"contentUrl\":\"https:\\\/\\\/janeke1830.it\\\/wp-content\\\/uploads\\\/2026\\\/01\\\/superbrush-small-verde-fucsia-86sp234-ver.png\",\"width\":1024,\"height\":1024,\"caption\":\"Spazzola districante Superbrush Small verde e fucsia Made in Italy\"},{\"@type\":\"BreadcrumbList\",\"@id\":\"https:\\\/\\\/janeke1830.it\\\/de\\\/prodotto\\\/superbrush-klein\\\/#breadcrumb\",\"itemListElement\":[{\"@type\":\"ListItem\",\"position\":1,\"name\":\"Home\",\"item\":\"https:\\\/\\\/janeke1830.it\\\/de\\\/startseite\\\/\"},{\"@type\":\"ListItem\",\"position\":2,\"name\":\"Shop\",\"item\":\"https:\\\/\\\/janeke1830.it\\\/de\\\/shop\\\/\"},{\"@type\":\"ListItem\",\"position\":3,\"name\":\"Superbrush Small\"}]},{\"@type\":\"WebSite\",\"@id\":\"https:\\\/\\\/janeke1830.it\\\/#website\",\"url\":\"https:\\\/\\\/janeke1830.it\\\/\",\"name\":\"J\u00e4neke 1830\",\"description\":\"\",\"publisher\":{\"@id\":\"https:\\\/\\\/janeke1830.it\\\/#organization\"},\"potentialAction\":[{\"@type\":\"SearchAction\",\"target\":{\"@type\":\"EntryPoint\",\"urlTemplate\":\"https:\\\/\\\/janeke1830.it\\\/?s={search_term_string}\"},\"query-input\":{\"@type\":\"PropertyValueSpecification\",\"valueRequired\":true,\"valueName\":\"search_term_string\"}}],\"inLanguage\":\"de\"},{\"@type\":\"Organization\",\"@id\":\"https:\\\/\\\/janeke1830.it\\\/#organization\",\"name\":\"J\u00e4neke 1830\",\"url\":\"https:\\\/\\\/janeke1830.it\\\/\",\"logo\":{\"@type\":\"ImageObject\",\"inLanguage\":\"de\",\"@id\":\"https:\\\/\\\/janeke1830.it\\\/#\\\/schema\\\/logo\\\/image\\\/\",\"url\":\"https:\\\/\\\/janeke1830.it\\\/wp-content\\\/uploads\\\/2025\\\/12\\\/logo-nero-janeke.png\",\"contentUrl\":\"https:\\\/\\\/janeke1830.it\\\/wp-content\\\/uploads\\\/2025\\\/12\\\/logo-nero-janeke.png\",\"width\":1824,\"height\":829,\"caption\":\"J\u00e4neke 1830\"},\"image\":{\"@id\":\"https:\\\/\\\/janeke1830.it\\\/#\\\/schema\\\/logo\\\/image\\\/\"},\"sameAs\":[\"https:\\\/\\\/www.facebook.com\\\/janeke1830\",\"https:\\\/\\\/www.instagram.com\\\/janeke1830official\",\"https:\\\/\\\/www.linkedin.com\\\/company\\\/giorgio-janeke-s-r-l-\\\/\"]}]}<\/script>\n<!-- \/ Yoast SEO plugin. -->","yoast_head_json":{"title":"Superbrush Small J\u00e4neke - Kompakte Entwirrungsb\u00fcrste","description":"Unsere Superbrush Small ist kompakt und ideal zum pr\u00e4zisen Entwirren. Sie hat flexible Borsten, die das Brechen reduzieren. Probieren Sie sie aus!","robots":{"index":"index","follow":"follow","max-snippet":"max-snippet:-1","max-image-preview":"max-image-preview:large","max-video-preview":"max-video-preview:-1"},"canonical":"https:\/\/janeke1830.it\/de\/prodotto\/superbrush-klein\/","og_locale":"de_DE","og_type":"article","og_title":"Superbrush Small J\u00e4neke - Kompakte Entwirrungsb\u00fcrste","og_description":"Unsere Superbrush Small ist kompakt und ideal zum pr\u00e4zisen Entwirren. Sie hat flexible Borsten, die das Brechen reduzieren. Probieren Sie sie aus!","og_url":"https:\/\/janeke1830.it\/de\/prodotto\/superbrush-klein\/","og_site_name":"J\u00e4neke","article_publisher":"https:\/\/www.facebook.com\/janeke1830","article_modified_time":"2026-02-05T14:46:57+00:00","og_image":[{"width":1024,"height":1024,"url":"https:\/\/janeke1830.it\/wp-content\/uploads\/2026\/01\/86SP234-VER.png","type":"image\/png"}],"twitter_card":"summary_large_image","schema":{"@context":"https:\/\/schema.org","@graph":[{"@type":"WebPage","@id":"https:\/\/janeke1830.it\/de\/prodotto\/superbrush-klein\/","url":"https:\/\/janeke1830.it\/de\/prodotto\/superbrush-klein\/","name":"Superbrush Small J\u00e4neke - Kompakte Entwirrungsb\u00fcrste","isPartOf":{"@id":"https:\/\/janeke1830.it\/#website"},"primaryImageOfPage":{"@id":"https:\/\/janeke1830.it\/de\/prodotto\/superbrush-klein\/#primaryimage"},"image":{"@id":"https:\/\/janeke1830.it\/de\/prodotto\/superbrush-klein\/#primaryimage"},"thumbnailUrl":"https:\/\/janeke1830.it\/wp-content\/uploads\/2026\/01\/superbrush-small-verde-fucsia-86sp234-ver.png","datePublished":"2026-01-21T16:53:16+00:00","dateModified":"2026-02-05T14:46:57+00:00","description":"Unsere Superbrush Small ist kompakt und ideal zum pr\u00e4zisen Entwirren. Sie hat flexible Borsten, die das Brechen reduzieren. Probieren Sie sie aus!","breadcrumb":{"@id":"https:\/\/janeke1830.it\/de\/prodotto\/superbrush-klein\/#breadcrumb"},"inLanguage":"de","potentialAction":[{"@type":"ReadAction","target":["https:\/\/janeke1830.it\/de\/prodotto\/superbrush-klein\/"]}]},{"@type":"ImageObject","inLanguage":"de","@id":"https:\/\/janeke1830.it\/de\/prodotto\/superbrush-klein\/#primaryimage","url":"https:\/\/janeke1830.it\/wp-content\/uploads\/2026\/01\/superbrush-small-verde-fucsia-86sp234-ver.png","contentUrl":"https:\/\/janeke1830.it\/wp-content\/uploads\/2026\/01\/superbrush-small-verde-fucsia-86sp234-ver.png","width":1024,"height":1024,"caption":"Spazzola districante Superbrush Small verde e fucsia Made in Italy"},{"@type":"BreadcrumbList","@id":"https:\/\/janeke1830.it\/de\/prodotto\/superbrush-klein\/#breadcrumb","itemListElement":[{"@type":"ListItem","position":1,"name":"Home","item":"https:\/\/janeke1830.it\/de\/startseite\/"},{"@type":"ListItem","position":2,"name":"Shop","item":"https:\/\/janeke1830.it\/de\/shop\/"},{"@type":"ListItem","position":3,"name":"Superbrush Small"}]},{"@type":"WebSite","@id":"https:\/\/janeke1830.it\/#website","url":"https:\/\/janeke1830.it\/","name":"J\u00e4neke 1830","description":"","publisher":{"@id":"https:\/\/janeke1830.it\/#organization"},"potentialAction":[{"@type":"SearchAction","target":{"@type":"EntryPoint","urlTemplate":"https:\/\/janeke1830.it\/?s={search_term_string}"},"query-input":{"@type":"PropertyValueSpecification","valueRequired":true,"valueName":"search_term_string"}}],"inLanguage":"de"},{"@type":"Organization","@id":"https:\/\/janeke1830.it\/#organization","name":"J\u00e4neke 1830","url":"https:\/\/janeke1830.it\/","logo":{"@type":"ImageObject","inLanguage":"de","@id":"https:\/\/janeke1830.it\/#\/schema\/logo\/image\/","url":"https:\/\/janeke1830.it\/wp-content\/uploads\/2025\/12\/logo-nero-janeke.png","contentUrl":"https:\/\/janeke1830.it\/wp-content\/uploads\/2025\/12\/logo-nero-janeke.png","width":1824,"height":829,"caption":"J\u00e4neke 1830"},"image":{"@id":"https:\/\/janeke1830.it\/#\/schema\/logo\/image\/"},"sameAs":["https:\/\/www.facebook.com\/janeke1830","https:\/\/www.instagram.com\/janeke1830official","https:\/\/www.linkedin.com\/company\/giorgio-janeke-s-r-l-\/"]}]}},"_links":{"self":[{"href":"https:\/\/janeke1830.it\/de\/wp-json\/wp\/v2\/product\/10947","targetHints":{"allow":["GET"]}}],"collection":[{"href":"https:\/\/janeke1830.it\/de\/wp-json\/wp\/v2\/product"}],"about":[{"href":"https:\/\/janeke1830.it\/de\/wp-json\/wp\/v2\/types\/product"}],"replies":[{"embeddable":true,"href":"https:\/\/janeke1830.it\/de\/wp-json\/wp\/v2\/comments?post=10947"}],"wp:featuredmedia":[{"embeddable":true,"href":"https:\/\/janeke1830.it\/de\/wp-json\/wp\/v2\/media\/1323"}],"wp:attachment":[{"href":"https:\/\/janeke1830.it\/de\/wp-json\/wp\/v2\/media?parent=10947"}],"wp:term":[{"taxonomy":"product_brand","embeddable":true,"href":"https:\/\/janeke1830.it\/de\/wp-json\/wp\/v2\/product_brand?post=10947"},{"taxonomy":"product_cat","embeddable":true,"href":"https:\/\/janeke1830.it\/de\/wp-json\/wp\/v2\/product_cat?post=10947"},{"taxonomy":"product_tag","embeddable":true,"href":"https:\/\/janeke1830.it\/de\/wp-json\/wp\/v2\/product_tag?post=10947"}],"curies":[{"name":"wp","href":"https:\/\/api.w.org\/{rel}","templated":true}]}}