{"id":10608,"date":"2026-01-10T15:18:54","date_gmt":"2026-01-10T14:18:54","guid":{"rendered":"https:\/\/janeke1830.it\/prodotto\/curvy-m-belueftete-buerste\/"},"modified":"2026-02-05T15:59:20","modified_gmt":"2026-02-05T14:59:20","slug":"curvy-m-belueftete-buerste","status":"publish","type":"product","link":"https:\/\/janeke1830.it\/de\/prodotto\/curvy-m-belueftete-buerste\/","title":{"rendered":"Curvy M Vented"},"content":{"rendered":"","protected":false},"excerpt":{"rendered":"<p>Die Janeke <strong>Curvy \"M\" Vented<\/strong> Brush wurde entwickelt, um das Haar dank ihrer bel\u00fcfteten Basis, die eine perfekte Luftzirkulation erm\u00f6glicht, schnell zu trocknen.<\/p>\n<p>Der geschwungene, ergonomische Griff sorgt f\u00fcr Komfort bei der Anwendung, w\u00e4hrend die abgerundeten Borsten die Kopfhaut sanft entwirren, massieren und Frizz vorbeugen.<\/p>\n<p>Diese B\u00fcrste ist ideal f\u00fcr alle Haartypen und eignet sich auch perfekt f\u00fcr ein professionelles Styling. Sie vereint italienisches Design und Funktionalit\u00e4t und bietet die Qualit\u00e4t und den Stil, der f\u00fcr die Marke Janeke charakteristisch ist.<\/p>\n","protected":false},"featured_media":405,"comment_status":"closed","ping_status":"closed","template":"","meta":[],"product_brand":[1076],"product_cat":[1032],"product_tag":[1077],"class_list":{"0":"post-10608","1":"product","2":"type-product","3":"status-publish","4":"has-post-thumbnail","6":"product_brand-everyday","7":"product_cat-pinsel","8":"product_tag-obs","10":"first","11":"instock","12":"shipping-taxable","13":"purchasable","14":"product-type-variable","15":"has-default-attributes","16":"wvs-archive-product-wrapper"},"yoast_head":"<!-- This site is optimized with the Yoast SEO plugin v27.1.1 - https:\/\/yoast.com\/product\/yoast-seo-wordpress\/ -->\n<title>J\u00e4neke Curvy M Vented - Schnell trocknend<\/title>\n<meta name=\"description\" content=\"Die J\u00e4neke Curvy M Vented Brush hat einen bel\u00fcfteten Boden f\u00fcr schnelles Trocknen. Ergonomischer Griff und Anti-Frizz-Wirkung. Jetzt kaufen!\" \/>\n<meta name=\"robots\" content=\"index, follow, max-snippet:-1, max-image-preview:large, max-video-preview:-1\" \/>\n<link rel=\"canonical\" href=\"https:\/\/janeke1830.it\/de\/prodotto\/curvy-m-belueftete-buerste\/\" \/>\n<meta property=\"og:locale\" content=\"de_DE\" \/>\n<meta property=\"og:type\" content=\"article\" \/>\n<meta property=\"og:title\" content=\"J\u00e4neke Curvy M Vented - Schnell trocknend\" \/>\n<meta property=\"og:description\" content=\"Die J\u00e4neke Curvy M Vented Brush hat einen bel\u00fcfteten Boden f\u00fcr schnelles Trocknen. Ergonomischer Griff und Anti-Frizz-Wirkung. Jetzt kaufen!\" \/>\n<meta property=\"og:url\" content=\"https:\/\/janeke1830.it\/de\/prodotto\/curvy-m-belueftete-buerste\/\" \/>\n<meta property=\"og:site_name\" content=\"J\u00e4neke\" \/>\n<meta property=\"article:publisher\" content=\"https:\/\/www.facebook.com\/janeke1830\" \/>\n<meta property=\"article:modified_time\" content=\"2026-02-05T14:59:20+00:00\" \/>\n<meta property=\"og:image\" content=\"https:\/\/janeke1830.it\/wp-content\/uploads\/2025\/12\/curvym-magenta.png\" \/>\n\t<meta property=\"og:image:width\" content=\"1024\" \/>\n\t<meta property=\"og:image:height\" content=\"1024\" \/>\n\t<meta property=\"og:image:type\" content=\"image\/png\" \/>\n<meta name=\"twitter:card\" content=\"summary_large_image\" \/>\n<script type=\"application\/ld+json\" class=\"yoast-schema-graph\">{\"@context\":\"https:\/\/schema.org\",\"@graph\":[{\"@type\":\"WebPage\",\"@id\":\"https:\/\/janeke1830.it\/de\/prodotto\/curvy-m-belueftete-buerste\/\",\"url\":\"https:\/\/janeke1830.it\/de\/prodotto\/curvy-m-belueftete-buerste\/\",\"name\":\"J\u00e4neke Curvy M Vented - Schnell trocknend\",\"isPartOf\":{\"@id\":\"https:\/\/janeke1830.it\/#website\"},\"primaryImageOfPage\":{\"@id\":\"https:\/\/janeke1830.it\/de\/prodotto\/curvy-m-belueftete-buerste\/#primaryimage\"},\"image\":{\"@id\":\"https:\/\/janeke1830.it\/de\/prodotto\/curvy-m-belueftete-buerste\/#primaryimage\"},\"thumbnailUrl\":\"https:\/\/janeke1830.it\/wp-content\/uploads\/2025\/12\/spazzola-curvy-m-vented-magenta.png\",\"datePublished\":\"2026-01-10T14:18:54+00:00\",\"dateModified\":\"2026-02-05T14:59:20+00:00\",\"description\":\"Die J\u00e4neke Curvy M Vented Brush hat einen bel\u00fcfteten Boden f\u00fcr schnelles Trocknen. Ergonomischer Griff und Anti-Frizz-Wirkung. Jetzt kaufen!\",\"breadcrumb\":{\"@id\":\"https:\/\/janeke1830.it\/de\/prodotto\/curvy-m-belueftete-buerste\/#breadcrumb\"},\"inLanguage\":\"de\",\"potentialAction\":[{\"@type\":\"ReadAction\",\"target\":[\"https:\/\/janeke1830.it\/de\/prodotto\/curvy-m-belueftete-buerste\/\"]}]},{\"@type\":\"ImageObject\",\"inLanguage\":\"de\",\"@id\":\"https:\/\/janeke1830.it\/de\/prodotto\/curvy-m-belueftete-buerste\/#primaryimage\",\"url\":\"https:\/\/janeke1830.it\/wp-content\/uploads\/2025\/12\/spazzola-curvy-m-vented-magenta.png\",\"contentUrl\":\"https:\/\/janeke1830.it\/wp-content\/uploads\/2025\/12\/spazzola-curvy-m-vented-magenta.png\",\"width\":1024,\"height\":1024,\"caption\":\"Spazzola Curvy M Vented magenta per asciugatura veloce J\u00e4neke\"},{\"@type\":\"BreadcrumbList\",\"@id\":\"https:\/\/janeke1830.it\/de\/prodotto\/curvy-m-belueftete-buerste\/#breadcrumb\",\"itemListElement\":[{\"@type\":\"ListItem\",\"position\":1,\"name\":\"Home\",\"item\":\"https:\/\/janeke1830.it\/de\/startseite\/\"},{\"@type\":\"ListItem\",\"position\":2,\"name\":\"Shop\",\"item\":\"https:\/\/janeke1830.it\/de\/shop\/\"},{\"@type\":\"ListItem\",\"position\":3,\"name\":\"Curvy M Vented\"}]},{\"@type\":\"WebSite\",\"@id\":\"https:\/\/janeke1830.it\/#website\",\"url\":\"https:\/\/janeke1830.it\/\",\"name\":\"J\u00e4neke 1830\",\"description\":\"\",\"publisher\":{\"@id\":\"https:\/\/janeke1830.it\/#organization\"},\"potentialAction\":[{\"@type\":\"SearchAction\",\"target\":{\"@type\":\"EntryPoint\",\"urlTemplate\":\"https:\/\/janeke1830.it\/?s={search_term_string}\"},\"query-input\":{\"@type\":\"PropertyValueSpecification\",\"valueRequired\":true,\"valueName\":\"search_term_string\"}}],\"inLanguage\":\"de\"},{\"@type\":\"Organization\",\"@id\":\"https:\/\/janeke1830.it\/#organization\",\"name\":\"J\u00e4neke 1830\",\"url\":\"https:\/\/janeke1830.it\/\",\"logo\":{\"@type\":\"ImageObject\",\"inLanguage\":\"de\",\"@id\":\"https:\/\/janeke1830.it\/#\/schema\/logo\/image\/\",\"url\":\"https:\/\/janeke1830.it\/wp-content\/uploads\/2025\/12\/logo-nero-janeke.png\",\"contentUrl\":\"https:\/\/janeke1830.it\/wp-content\/uploads\/2025\/12\/logo-nero-janeke.png\",\"width\":1824,\"height\":829,\"caption\":\"J\u00e4neke 1830\"},\"image\":{\"@id\":\"https:\/\/janeke1830.it\/#\/schema\/logo\/image\/\"},\"sameAs\":[\"https:\/\/www.facebook.com\/janeke1830\",\"https:\/\/www.instagram.com\/janeke1830official\",\"https:\/\/www.linkedin.com\/company\/giorgio-janeke-s-r-l-\/\"]}]}<\/script>\n<!-- \/ Yoast SEO plugin. -->","yoast_head_json":{"title":"J\u00e4neke Curvy M Vented - Schnell trocknend","description":"Die J\u00e4neke Curvy M Vented Brush hat einen bel\u00fcfteten Boden f\u00fcr schnelles Trocknen. Ergonomischer Griff und Anti-Frizz-Wirkung. Jetzt kaufen!","robots":{"index":"index","follow":"follow","max-snippet":"max-snippet:-1","max-image-preview":"max-image-preview:large","max-video-preview":"max-video-preview:-1"},"canonical":"https:\/\/janeke1830.it\/de\/prodotto\/curvy-m-belueftete-buerste\/","og_locale":"de_DE","og_type":"article","og_title":"J\u00e4neke Curvy M Vented - Schnell trocknend","og_description":"Die J\u00e4neke Curvy M Vented Brush hat einen bel\u00fcfteten Boden f\u00fcr schnelles Trocknen. Ergonomischer Griff und Anti-Frizz-Wirkung. Jetzt kaufen!","og_url":"https:\/\/janeke1830.it\/de\/prodotto\/curvy-m-belueftete-buerste\/","og_site_name":"J\u00e4neke","article_publisher":"https:\/\/www.facebook.com\/janeke1830","article_modified_time":"2026-02-05T14:59:20+00:00","og_image":[{"width":1024,"height":1024,"url":"https:\/\/janeke1830.it\/wp-content\/uploads\/2025\/12\/curvym-magenta.png","type":"image\/png"}],"twitter_card":"summary_large_image","schema":{"@context":"https:\/\/schema.org","@graph":[{"@type":"WebPage","@id":"https:\/\/janeke1830.it\/de\/prodotto\/curvy-m-belueftete-buerste\/","url":"https:\/\/janeke1830.it\/de\/prodotto\/curvy-m-belueftete-buerste\/","name":"J\u00e4neke Curvy M Vented - Schnell trocknend","isPartOf":{"@id":"https:\/\/janeke1830.it\/#website"},"primaryImageOfPage":{"@id":"https:\/\/janeke1830.it\/de\/prodotto\/curvy-m-belueftete-buerste\/#primaryimage"},"image":{"@id":"https:\/\/janeke1830.it\/de\/prodotto\/curvy-m-belueftete-buerste\/#primaryimage"},"thumbnailUrl":"https:\/\/janeke1830.it\/wp-content\/uploads\/2025\/12\/spazzola-curvy-m-vented-magenta.png","datePublished":"2026-01-10T14:18:54+00:00","dateModified":"2026-02-05T14:59:20+00:00","description":"Die J\u00e4neke Curvy M Vented Brush hat einen bel\u00fcfteten Boden f\u00fcr schnelles Trocknen. Ergonomischer Griff und Anti-Frizz-Wirkung. Jetzt kaufen!","breadcrumb":{"@id":"https:\/\/janeke1830.it\/de\/prodotto\/curvy-m-belueftete-buerste\/#breadcrumb"},"inLanguage":"de","potentialAction":[{"@type":"ReadAction","target":["https:\/\/janeke1830.it\/de\/prodotto\/curvy-m-belueftete-buerste\/"]}]},{"@type":"ImageObject","inLanguage":"de","@id":"https:\/\/janeke1830.it\/de\/prodotto\/curvy-m-belueftete-buerste\/#primaryimage","url":"https:\/\/janeke1830.it\/wp-content\/uploads\/2025\/12\/spazzola-curvy-m-vented-magenta.png","contentUrl":"https:\/\/janeke1830.it\/wp-content\/uploads\/2025\/12\/spazzola-curvy-m-vented-magenta.png","width":1024,"height":1024,"caption":"Spazzola Curvy M Vented magenta per asciugatura veloce J\u00e4neke"},{"@type":"BreadcrumbList","@id":"https:\/\/janeke1830.it\/de\/prodotto\/curvy-m-belueftete-buerste\/#breadcrumb","itemListElement":[{"@type":"ListItem","position":1,"name":"Home","item":"https:\/\/janeke1830.it\/de\/startseite\/"},{"@type":"ListItem","position":2,"name":"Shop","item":"https:\/\/janeke1830.it\/de\/shop\/"},{"@type":"ListItem","position":3,"name":"Curvy M Vented"}]},{"@type":"WebSite","@id":"https:\/\/janeke1830.it\/#website","url":"https:\/\/janeke1830.it\/","name":"J\u00e4neke 1830","description":"","publisher":{"@id":"https:\/\/janeke1830.it\/#organization"},"potentialAction":[{"@type":"SearchAction","target":{"@type":"EntryPoint","urlTemplate":"https:\/\/janeke1830.it\/?s={search_term_string}"},"query-input":{"@type":"PropertyValueSpecification","valueRequired":true,"valueName":"search_term_string"}}],"inLanguage":"de"},{"@type":"Organization","@id":"https:\/\/janeke1830.it\/#organization","name":"J\u00e4neke 1830","url":"https:\/\/janeke1830.it\/","logo":{"@type":"ImageObject","inLanguage":"de","@id":"https:\/\/janeke1830.it\/#\/schema\/logo\/image\/","url":"https:\/\/janeke1830.it\/wp-content\/uploads\/2025\/12\/logo-nero-janeke.png","contentUrl":"https:\/\/janeke1830.it\/wp-content\/uploads\/2025\/12\/logo-nero-janeke.png","width":1824,"height":829,"caption":"J\u00e4neke 1830"},"image":{"@id":"https:\/\/janeke1830.it\/#\/schema\/logo\/image\/"},"sameAs":["https:\/\/www.facebook.com\/janeke1830","https:\/\/www.instagram.com\/janeke1830official","https:\/\/www.linkedin.com\/company\/giorgio-janeke-s-r-l-\/"]}]}},"_links":{"self":[{"href":"https:\/\/janeke1830.it\/de\/wp-json\/wp\/v2\/product\/10608","targetHints":{"allow":["GET"]}}],"collection":[{"href":"https:\/\/janeke1830.it\/de\/wp-json\/wp\/v2\/product"}],"about":[{"href":"https:\/\/janeke1830.it\/de\/wp-json\/wp\/v2\/types\/product"}],"replies":[{"embeddable":true,"href":"https:\/\/janeke1830.it\/de\/wp-json\/wp\/v2\/comments?post=10608"}],"wp:featuredmedia":[{"embeddable":true,"href":"https:\/\/janeke1830.it\/de\/wp-json\/wp\/v2\/media\/405"}],"wp:attachment":[{"href":"https:\/\/janeke1830.it\/de\/wp-json\/wp\/v2\/media?parent=10608"}],"wp:term":[{"taxonomy":"product_brand","embeddable":true,"href":"https:\/\/janeke1830.it\/de\/wp-json\/wp\/v2\/product_brand?post=10608"},{"taxonomy":"product_cat","embeddable":true,"href":"https:\/\/janeke1830.it\/de\/wp-json\/wp\/v2\/product_cat?post=10608"},{"taxonomy":"product_tag","embeddable":true,"href":"https:\/\/janeke1830.it\/de\/wp-json\/wp\/v2\/product_tag?post=10608"}],"curies":[{"name":"wp","href":"https:\/\/api.w.org\/{rel}","templated":true}]}}