{"id":10580,"date":"2026-01-10T08:50:14","date_gmt":"2026-01-10T07:50:14","guid":{"rendered":"https:\/\/janeke1830.it\/prodotto\/mini-superwabe\/"},"modified":"2026-02-05T16:07:52","modified_gmt":"2026-02-05T15:07:52","slug":"mini-superwabe","status":"publish","type":"product","link":"https:\/\/janeke1830.it\/de\/prodotto\/mini-superwabe\/","title":{"rendered":"Mini Supercomb"},"content":{"rendered":"","protected":false},"excerpt":{"rendered":"<p>Der <strong>Janeke Mini Supercomb<\/strong> hat speziell entwickelte Z\u00e4hne, die eine gleichm\u00e4\u00dfige Verteilung von Gelen, Schaumfestigern und Stylingprodukten erm\u00f6glichen. Die Anordnung der Z\u00e4hne, die auf der einen Seite breiter und auf der anderen Seite enger beieinander liegen, erm\u00f6glicht es Ihnen, das Haar sanft zu entwirren, ohne es zu brechen, und mit Pr\u00e4zision bei jedem Haartyp zu arbeiten. <\/p>\n<p>Die abgerundeten Spitzen sch\u00fctzen die Kopfhaut und sorgen f\u00fcr Komfort und Sicherheit. Perfekt f\u00fcr das professionelle Styling und die t\u00e4gliche Pflege, vereint er Funktionalit\u00e4t, Ergonomie und die unverwechselbare Qualit\u00e4t der Marke Janeke. <\/p>\n","protected":false},"featured_media":1878,"comment_status":"closed","ping_status":"closed","template":"","meta":[],"product_brand":[1076],"product_cat":[1029],"product_tag":[1077],"class_list":{"0":"post-10580","1":"product","2":"type-product","3":"status-publish","4":"has-post-thumbnail","6":"product_brand-everyday","7":"product_cat-kamme","8":"product_tag-obs","10":"first","11":"instock","12":"shipping-taxable","13":"purchasable","14":"product-type-variable","15":"wvs-archive-product-wrapper"},"yoast_head":"<!-- This site is optimized with the Yoast SEO plugin v27.1.1 - https:\/\/yoast.com\/product\/yoast-seo-wordpress\/ -->\n<title>Mini Supercomb J\u00e4neke 1830 - Gezahnter Kamm f\u00fcr Styling<\/title>\n<meta name=\"description\" content=\"Verwenden Sie den J\u00e4neke Mini Supercomb f\u00fcr Gele und Mousses. Entworfen, um das Haar zu entwirren und zu definieren, ohne es zu brechen. Abgerundete Spitzen. Jetzt entdecken!\" \/>\n<meta name=\"robots\" content=\"index, follow, max-snippet:-1, max-image-preview:large, max-video-preview:-1\" \/>\n<link rel=\"canonical\" href=\"https:\/\/janeke1830.it\/de\/prodotto\/mini-superwabe\/\" \/>\n<meta property=\"og:locale\" content=\"de_DE\" \/>\n<meta property=\"og:type\" content=\"article\" \/>\n<meta property=\"og:title\" content=\"Mini Supercomb J\u00e4neke 1830 - Gezahnter Kamm f\u00fcr Styling\" \/>\n<meta property=\"og:description\" content=\"Verwenden Sie den J\u00e4neke Mini Supercomb f\u00fcr Gele und Mousses. Entworfen, um das Haar zu entwirren und zu definieren, ohne es zu brechen. Abgerundete Spitzen. Jetzt entdecken!\" \/>\n<meta property=\"og:url\" content=\"https:\/\/janeke1830.it\/de\/prodotto\/mini-superwabe\/\" \/>\n<meta property=\"og:site_name\" content=\"J\u00e4neke\" \/>\n<meta property=\"article:publisher\" content=\"https:\/\/www.facebook.com\/janeke1830\" \/>\n<meta property=\"article:modified_time\" content=\"2026-02-05T15:07:52+00:00\" \/>\n<meta property=\"og:image\" content=\"https:\/\/janeke1830.it\/wp-content\/uploads\/2026\/01\/82872FF2.png\" \/>\n\t<meta property=\"og:image:width\" content=\"800\" \/>\n\t<meta property=\"og:image:height\" content=\"800\" \/>\n\t<meta property=\"og:image:type\" content=\"image\/png\" \/>\n<meta name=\"twitter:card\" content=\"summary_large_image\" \/>\n<script type=\"application\/ld+json\" class=\"yoast-schema-graph\">{\"@context\":\"https:\/\/schema.org\",\"@graph\":[{\"@type\":\"WebPage\",\"@id\":\"https:\/\/janeke1830.it\/de\/prodotto\/mini-superwabe\/\",\"url\":\"https:\/\/janeke1830.it\/de\/prodotto\/mini-superwabe\/\",\"name\":\"Mini Supercomb J\u00e4neke 1830 - Gezahnter Kamm f\u00fcr Styling\",\"isPartOf\":{\"@id\":\"https:\/\/janeke1830.it\/#website\"},\"primaryImageOfPage\":{\"@id\":\"https:\/\/janeke1830.it\/de\/prodotto\/mini-superwabe\/#primaryimage\"},\"image\":{\"@id\":\"https:\/\/janeke1830.it\/de\/prodotto\/mini-superwabe\/#primaryimage\"},\"thumbnailUrl\":\"https:\/\/janeke1830.it\/wp-content\/uploads\/2026\/01\/82872FF2.png\",\"datePublished\":\"2026-01-10T07:50:14+00:00\",\"dateModified\":\"2026-02-05T15:07:52+00:00\",\"description\":\"Verwenden Sie den J\u00e4neke Mini Supercomb f\u00fcr Gele und Mousses. Entworfen, um das Haar zu entwirren und zu definieren, ohne es zu brechen. Abgerundete Spitzen. Jetzt entdecken!\",\"breadcrumb\":{\"@id\":\"https:\/\/janeke1830.it\/de\/prodotto\/mini-superwabe\/#breadcrumb\"},\"inLanguage\":\"de\",\"potentialAction\":[{\"@type\":\"ReadAction\",\"target\":[\"https:\/\/janeke1830.it\/de\/prodotto\/mini-superwabe\/\"]}]},{\"@type\":\"ImageObject\",\"inLanguage\":\"de\",\"@id\":\"https:\/\/janeke1830.it\/de\/prodotto\/mini-superwabe\/#primaryimage\",\"url\":\"https:\/\/janeke1830.it\/wp-content\/uploads\/2026\/01\/82872FF2.png\",\"contentUrl\":\"https:\/\/janeke1830.it\/wp-content\/uploads\/2026\/01\/82872FF2.png\",\"width\":800,\"height\":800},{\"@type\":\"BreadcrumbList\",\"@id\":\"https:\/\/janeke1830.it\/de\/prodotto\/mini-superwabe\/#breadcrumb\",\"itemListElement\":[{\"@type\":\"ListItem\",\"position\":1,\"name\":\"Home\",\"item\":\"https:\/\/janeke1830.it\/de\/startseite\/\"},{\"@type\":\"ListItem\",\"position\":2,\"name\":\"Shop\",\"item\":\"https:\/\/janeke1830.it\/de\/shop\/\"},{\"@type\":\"ListItem\",\"position\":3,\"name\":\"Mini Supercomb\"}]},{\"@type\":\"WebSite\",\"@id\":\"https:\/\/janeke1830.it\/#website\",\"url\":\"https:\/\/janeke1830.it\/\",\"name\":\"J\u00e4neke 1830\",\"description\":\"\",\"publisher\":{\"@id\":\"https:\/\/janeke1830.it\/#organization\"},\"potentialAction\":[{\"@type\":\"SearchAction\",\"target\":{\"@type\":\"EntryPoint\",\"urlTemplate\":\"https:\/\/janeke1830.it\/?s={search_term_string}\"},\"query-input\":{\"@type\":\"PropertyValueSpecification\",\"valueRequired\":true,\"valueName\":\"search_term_string\"}}],\"inLanguage\":\"de\"},{\"@type\":\"Organization\",\"@id\":\"https:\/\/janeke1830.it\/#organization\",\"name\":\"J\u00e4neke 1830\",\"url\":\"https:\/\/janeke1830.it\/\",\"logo\":{\"@type\":\"ImageObject\",\"inLanguage\":\"de\",\"@id\":\"https:\/\/janeke1830.it\/#\/schema\/logo\/image\/\",\"url\":\"https:\/\/janeke1830.it\/wp-content\/uploads\/2025\/12\/logo-nero-janeke.png\",\"contentUrl\":\"https:\/\/janeke1830.it\/wp-content\/uploads\/2025\/12\/logo-nero-janeke.png\",\"width\":1824,\"height\":829,\"caption\":\"J\u00e4neke 1830\"},\"image\":{\"@id\":\"https:\/\/janeke1830.it\/#\/schema\/logo\/image\/\"},\"sameAs\":[\"https:\/\/www.facebook.com\/janeke1830\",\"https:\/\/www.instagram.com\/janeke1830official\",\"https:\/\/www.linkedin.com\/company\/giorgio-janeke-s-r-l-\/\"]}]}<\/script>\n<!-- \/ Yoast SEO plugin. -->","yoast_head_json":{"title":"Mini Supercomb J\u00e4neke 1830 - Gezahnter Kamm f\u00fcr Styling","description":"Verwenden Sie den J\u00e4neke Mini Supercomb f\u00fcr Gele und Mousses. Entworfen, um das Haar zu entwirren und zu definieren, ohne es zu brechen. Abgerundete Spitzen. Jetzt entdecken!","robots":{"index":"index","follow":"follow","max-snippet":"max-snippet:-1","max-image-preview":"max-image-preview:large","max-video-preview":"max-video-preview:-1"},"canonical":"https:\/\/janeke1830.it\/de\/prodotto\/mini-superwabe\/","og_locale":"de_DE","og_type":"article","og_title":"Mini Supercomb J\u00e4neke 1830 - Gezahnter Kamm f\u00fcr Styling","og_description":"Verwenden Sie den J\u00e4neke Mini Supercomb f\u00fcr Gele und Mousses. Entworfen, um das Haar zu entwirren und zu definieren, ohne es zu brechen. Abgerundete Spitzen. Jetzt entdecken!","og_url":"https:\/\/janeke1830.it\/de\/prodotto\/mini-superwabe\/","og_site_name":"J\u00e4neke","article_publisher":"https:\/\/www.facebook.com\/janeke1830","article_modified_time":"2026-02-05T15:07:52+00:00","og_image":[{"width":800,"height":800,"url":"https:\/\/janeke1830.it\/wp-content\/uploads\/2026\/01\/82872FF2.png","type":"image\/png"}],"twitter_card":"summary_large_image","schema":{"@context":"https:\/\/schema.org","@graph":[{"@type":"WebPage","@id":"https:\/\/janeke1830.it\/de\/prodotto\/mini-superwabe\/","url":"https:\/\/janeke1830.it\/de\/prodotto\/mini-superwabe\/","name":"Mini Supercomb J\u00e4neke 1830 - Gezahnter Kamm f\u00fcr Styling","isPartOf":{"@id":"https:\/\/janeke1830.it\/#website"},"primaryImageOfPage":{"@id":"https:\/\/janeke1830.it\/de\/prodotto\/mini-superwabe\/#primaryimage"},"image":{"@id":"https:\/\/janeke1830.it\/de\/prodotto\/mini-superwabe\/#primaryimage"},"thumbnailUrl":"https:\/\/janeke1830.it\/wp-content\/uploads\/2026\/01\/82872FF2.png","datePublished":"2026-01-10T07:50:14+00:00","dateModified":"2026-02-05T15:07:52+00:00","description":"Verwenden Sie den J\u00e4neke Mini Supercomb f\u00fcr Gele und Mousses. Entworfen, um das Haar zu entwirren und zu definieren, ohne es zu brechen. Abgerundete Spitzen. Jetzt entdecken!","breadcrumb":{"@id":"https:\/\/janeke1830.it\/de\/prodotto\/mini-superwabe\/#breadcrumb"},"inLanguage":"de","potentialAction":[{"@type":"ReadAction","target":["https:\/\/janeke1830.it\/de\/prodotto\/mini-superwabe\/"]}]},{"@type":"ImageObject","inLanguage":"de","@id":"https:\/\/janeke1830.it\/de\/prodotto\/mini-superwabe\/#primaryimage","url":"https:\/\/janeke1830.it\/wp-content\/uploads\/2026\/01\/82872FF2.png","contentUrl":"https:\/\/janeke1830.it\/wp-content\/uploads\/2026\/01\/82872FF2.png","width":800,"height":800},{"@type":"BreadcrumbList","@id":"https:\/\/janeke1830.it\/de\/prodotto\/mini-superwabe\/#breadcrumb","itemListElement":[{"@type":"ListItem","position":1,"name":"Home","item":"https:\/\/janeke1830.it\/de\/startseite\/"},{"@type":"ListItem","position":2,"name":"Shop","item":"https:\/\/janeke1830.it\/de\/shop\/"},{"@type":"ListItem","position":3,"name":"Mini Supercomb"}]},{"@type":"WebSite","@id":"https:\/\/janeke1830.it\/#website","url":"https:\/\/janeke1830.it\/","name":"J\u00e4neke 1830","description":"","publisher":{"@id":"https:\/\/janeke1830.it\/#organization"},"potentialAction":[{"@type":"SearchAction","target":{"@type":"EntryPoint","urlTemplate":"https:\/\/janeke1830.it\/?s={search_term_string}"},"query-input":{"@type":"PropertyValueSpecification","valueRequired":true,"valueName":"search_term_string"}}],"inLanguage":"de"},{"@type":"Organization","@id":"https:\/\/janeke1830.it\/#organization","name":"J\u00e4neke 1830","url":"https:\/\/janeke1830.it\/","logo":{"@type":"ImageObject","inLanguage":"de","@id":"https:\/\/janeke1830.it\/#\/schema\/logo\/image\/","url":"https:\/\/janeke1830.it\/wp-content\/uploads\/2025\/12\/logo-nero-janeke.png","contentUrl":"https:\/\/janeke1830.it\/wp-content\/uploads\/2025\/12\/logo-nero-janeke.png","width":1824,"height":829,"caption":"J\u00e4neke 1830"},"image":{"@id":"https:\/\/janeke1830.it\/#\/schema\/logo\/image\/"},"sameAs":["https:\/\/www.facebook.com\/janeke1830","https:\/\/www.instagram.com\/janeke1830official","https:\/\/www.linkedin.com\/company\/giorgio-janeke-s-r-l-\/"]}]}},"_links":{"self":[{"href":"https:\/\/janeke1830.it\/de\/wp-json\/wp\/v2\/product\/10580","targetHints":{"allow":["GET"]}}],"collection":[{"href":"https:\/\/janeke1830.it\/de\/wp-json\/wp\/v2\/product"}],"about":[{"href":"https:\/\/janeke1830.it\/de\/wp-json\/wp\/v2\/types\/product"}],"replies":[{"embeddable":true,"href":"https:\/\/janeke1830.it\/de\/wp-json\/wp\/v2\/comments?post=10580"}],"wp:featuredmedia":[{"embeddable":true,"href":"https:\/\/janeke1830.it\/de\/wp-json\/wp\/v2\/media\/1878"}],"wp:attachment":[{"href":"https:\/\/janeke1830.it\/de\/wp-json\/wp\/v2\/media?parent=10580"}],"wp:term":[{"taxonomy":"product_brand","embeddable":true,"href":"https:\/\/janeke1830.it\/de\/wp-json\/wp\/v2\/product_brand?post=10580"},{"taxonomy":"product_cat","embeddable":true,"href":"https:\/\/janeke1830.it\/de\/wp-json\/wp\/v2\/product_cat?post=10580"},{"taxonomy":"product_tag","embeddable":true,"href":"https:\/\/janeke1830.it\/de\/wp-json\/wp\/v2\/product_tag?post=10580"}],"curies":[{"name":"wp","href":"https:\/\/api.w.org\/{rel}","templated":true}]}}