{"id":10569,"date":"2025-12-07T15:14:38","date_gmt":"2025-12-07T14:14:38","guid":{"rendered":"https:\/\/janeke1830.it\/prodotto\/edelsteinpinsel\/"},"modified":"2026-02-10T11:41:54","modified_gmt":"2026-02-10T10:41:54","slug":"edelsteinpinsel","status":"publish","type":"product","link":"https:\/\/janeke1830.it\/de\/prodotto\/edelsteinpinsel\/","title":{"rendered":"Gem Brush"},"content":{"rendered":"","protected":false},"excerpt":{"rendered":"<p>Die Janeke<strong> Gem Brush<\/strong> mit Handgriff vereint Eleganz und Zweckm\u00e4\u00dfigkeit und sorgt f\u00fcr einen bequemen Griff und optimale Kontrolle bei der Anwendung. Sie entwirrt das Haar sanft und macht es weich, seidig und gl\u00e4nzend, ohne es zu besch\u00e4digen. Das kompakte, schlanke Design macht sie ideal f\u00fcr unterwegs und kombiniert Funktionalit\u00e4t, Qualit\u00e4t und Stil mit der f\u00fcr Janeke typischen Zuverl\u00e4ssigkeit.  <\/p>\n","protected":false},"featured_media":10574,"comment_status":"closed","ping_status":"closed","template":"","meta":[],"product_brand":[1076],"product_cat":[1032],"product_tag":[1077],"class_list":{"0":"post-10569","1":"product","2":"type-product","3":"status-publish","4":"has-post-thumbnail","6":"product_brand-everyday","7":"product_cat-pinsel","8":"product_tag-obs","10":"first","11":"instock","12":"shipping-taxable","13":"purchasable","14":"product-type-variable","15":"has-default-attributes","16":"wvs-archive-product-wrapper"},"yoast_head":"<!-- This site is optimized with the Yoast SEO plugin v27.1.1 - https:\/\/yoast.com\/product\/yoast-seo-wordpress\/ -->\n<title>J\u00e4neke Edelsteinb\u00fcrste - Luxuri\u00f6ses Handheld-Design<\/title>\n<meta name=\"description\" content=\"Kombinieren Sie Komfort und Eleganz mit der J\u00e4neke Gem Brush. Entworfen, um das Haar sanft zu entwirren. Ideal f\u00fcr die Reise. Entdecken Sie sie!\" \/>\n<meta name=\"robots\" content=\"index, follow, max-snippet:-1, max-image-preview:large, max-video-preview:-1\" \/>\n<link rel=\"canonical\" href=\"https:\/\/janeke1830.it\/de\/prodotto\/edelsteinpinsel\/\" \/>\n<meta property=\"og:locale\" content=\"de_DE\" \/>\n<meta property=\"og:type\" content=\"article\" \/>\n<meta property=\"og:title\" content=\"J\u00e4neke Edelsteinb\u00fcrste - Luxuri\u00f6ses Handheld-Design\" \/>\n<meta property=\"og:description\" content=\"Kombinieren Sie Komfort und Eleganz mit der J\u00e4neke Gem Brush. Entworfen, um das Haar sanft zu entwirren. Ideal f\u00fcr die Reise. Entdecken Sie sie!\" \/>\n<meta property=\"og:url\" content=\"https:\/\/janeke1830.it\/de\/prodotto\/edelsteinpinsel\/\" \/>\n<meta property=\"og:site_name\" content=\"J\u00e4neke\" \/>\n<meta property=\"article:publisher\" content=\"https:\/\/www.facebook.com\/janeke1830\" \/>\n<meta property=\"article:modified_time\" content=\"2026-02-10T10:41:54+00:00\" \/>\n<meta property=\"og:image\" content=\"https:\/\/janeke1830.it\/wp-content\/uploads\/2026\/01\/71SP500GNER-cover.png\" \/>\n\t<meta property=\"og:image:width\" content=\"800\" \/>\n\t<meta property=\"og:image:height\" content=\"800\" \/>\n\t<meta property=\"og:image:type\" content=\"image\/png\" \/>\n<meta name=\"twitter:card\" content=\"summary_large_image\" \/>\n<script type=\"application\/ld+json\" class=\"yoast-schema-graph\">{\"@context\":\"https:\/\/schema.org\",\"@graph\":[{\"@type\":\"WebPage\",\"@id\":\"https:\/\/janeke1830.it\/de\/prodotto\/edelsteinpinsel\/\",\"url\":\"https:\/\/janeke1830.it\/de\/prodotto\/edelsteinpinsel\/\",\"name\":\"J\u00e4neke Edelsteinb\u00fcrste - Luxuri\u00f6ses Handheld-Design\",\"isPartOf\":{\"@id\":\"https:\/\/janeke1830.it\/#website\"},\"primaryImageOfPage\":{\"@id\":\"https:\/\/janeke1830.it\/de\/prodotto\/edelsteinpinsel\/#primaryimage\"},\"image\":{\"@id\":\"https:\/\/janeke1830.it\/de\/prodotto\/edelsteinpinsel\/#primaryimage\"},\"thumbnailUrl\":\"https:\/\/janeke1830.it\/wp-content\/uploads\/2026\/01\/71SP500GNER-cover.png\",\"datePublished\":\"2025-12-07T14:14:38+00:00\",\"dateModified\":\"2026-02-10T10:41:54+00:00\",\"description\":\"Kombinieren Sie Komfort und Eleganz mit der J\u00e4neke Gem Brush. Entworfen, um das Haar sanft zu entwirren. Ideal f\u00fcr die Reise. Entdecken Sie sie!\",\"breadcrumb\":{\"@id\":\"https:\/\/janeke1830.it\/de\/prodotto\/edelsteinpinsel\/#breadcrumb\"},\"inLanguage\":\"de\",\"potentialAction\":[{\"@type\":\"ReadAction\",\"target\":[\"https:\/\/janeke1830.it\/de\/prodotto\/edelsteinpinsel\/\"]}]},{\"@type\":\"ImageObject\",\"inLanguage\":\"de\",\"@id\":\"https:\/\/janeke1830.it\/de\/prodotto\/edelsteinpinsel\/#primaryimage\",\"url\":\"https:\/\/janeke1830.it\/wp-content\/uploads\/2026\/01\/71SP500GNER-cover.png\",\"contentUrl\":\"https:\/\/janeke1830.it\/wp-content\/uploads\/2026\/01\/71SP500GNER-cover.png\",\"width\":800,\"height\":800},{\"@type\":\"BreadcrumbList\",\"@id\":\"https:\/\/janeke1830.it\/de\/prodotto\/edelsteinpinsel\/#breadcrumb\",\"itemListElement\":[{\"@type\":\"ListItem\",\"position\":1,\"name\":\"Home\",\"item\":\"https:\/\/janeke1830.it\/de\/startseite\/\"},{\"@type\":\"ListItem\",\"position\":2,\"name\":\"Shop\",\"item\":\"https:\/\/janeke1830.it\/de\/shop\/\"},{\"@type\":\"ListItem\",\"position\":3,\"name\":\"Gem Brush\"}]},{\"@type\":\"WebSite\",\"@id\":\"https:\/\/janeke1830.it\/#website\",\"url\":\"https:\/\/janeke1830.it\/\",\"name\":\"J\u00e4neke 1830\",\"description\":\"\",\"publisher\":{\"@id\":\"https:\/\/janeke1830.it\/#organization\"},\"potentialAction\":[{\"@type\":\"SearchAction\",\"target\":{\"@type\":\"EntryPoint\",\"urlTemplate\":\"https:\/\/janeke1830.it\/?s={search_term_string}\"},\"query-input\":{\"@type\":\"PropertyValueSpecification\",\"valueRequired\":true,\"valueName\":\"search_term_string\"}}],\"inLanguage\":\"de\"},{\"@type\":\"Organization\",\"@id\":\"https:\/\/janeke1830.it\/#organization\",\"name\":\"J\u00e4neke 1830\",\"url\":\"https:\/\/janeke1830.it\/\",\"logo\":{\"@type\":\"ImageObject\",\"inLanguage\":\"de\",\"@id\":\"https:\/\/janeke1830.it\/#\/schema\/logo\/image\/\",\"url\":\"https:\/\/janeke1830.it\/wp-content\/uploads\/2025\/12\/logo-nero-janeke.png\",\"contentUrl\":\"https:\/\/janeke1830.it\/wp-content\/uploads\/2025\/12\/logo-nero-janeke.png\",\"width\":1824,\"height\":829,\"caption\":\"J\u00e4neke 1830\"},\"image\":{\"@id\":\"https:\/\/janeke1830.it\/#\/schema\/logo\/image\/\"},\"sameAs\":[\"https:\/\/www.facebook.com\/janeke1830\",\"https:\/\/www.instagram.com\/janeke1830official\",\"https:\/\/www.linkedin.com\/company\/giorgio-janeke-s-r-l-\/\"]}]}<\/script>\n<!-- \/ Yoast SEO plugin. -->","yoast_head_json":{"title":"J\u00e4neke Edelsteinb\u00fcrste - Luxuri\u00f6ses Handheld-Design","description":"Kombinieren Sie Komfort und Eleganz mit der J\u00e4neke Gem Brush. Entworfen, um das Haar sanft zu entwirren. Ideal f\u00fcr die Reise. Entdecken Sie sie!","robots":{"index":"index","follow":"follow","max-snippet":"max-snippet:-1","max-image-preview":"max-image-preview:large","max-video-preview":"max-video-preview:-1"},"canonical":"https:\/\/janeke1830.it\/de\/prodotto\/edelsteinpinsel\/","og_locale":"de_DE","og_type":"article","og_title":"J\u00e4neke Edelsteinb\u00fcrste - Luxuri\u00f6ses Handheld-Design","og_description":"Kombinieren Sie Komfort und Eleganz mit der J\u00e4neke Gem Brush. Entworfen, um das Haar sanft zu entwirren. Ideal f\u00fcr die Reise. Entdecken Sie sie!","og_url":"https:\/\/janeke1830.it\/de\/prodotto\/edelsteinpinsel\/","og_site_name":"J\u00e4neke","article_publisher":"https:\/\/www.facebook.com\/janeke1830","article_modified_time":"2026-02-10T10:41:54+00:00","og_image":[{"width":800,"height":800,"url":"https:\/\/janeke1830.it\/wp-content\/uploads\/2026\/01\/71SP500GNER-cover.png","type":"image\/png"}],"twitter_card":"summary_large_image","schema":{"@context":"https:\/\/schema.org","@graph":[{"@type":"WebPage","@id":"https:\/\/janeke1830.it\/de\/prodotto\/edelsteinpinsel\/","url":"https:\/\/janeke1830.it\/de\/prodotto\/edelsteinpinsel\/","name":"J\u00e4neke Edelsteinb\u00fcrste - Luxuri\u00f6ses Handheld-Design","isPartOf":{"@id":"https:\/\/janeke1830.it\/#website"},"primaryImageOfPage":{"@id":"https:\/\/janeke1830.it\/de\/prodotto\/edelsteinpinsel\/#primaryimage"},"image":{"@id":"https:\/\/janeke1830.it\/de\/prodotto\/edelsteinpinsel\/#primaryimage"},"thumbnailUrl":"https:\/\/janeke1830.it\/wp-content\/uploads\/2026\/01\/71SP500GNER-cover.png","datePublished":"2025-12-07T14:14:38+00:00","dateModified":"2026-02-10T10:41:54+00:00","description":"Kombinieren Sie Komfort und Eleganz mit der J\u00e4neke Gem Brush. Entworfen, um das Haar sanft zu entwirren. Ideal f\u00fcr die Reise. Entdecken Sie sie!","breadcrumb":{"@id":"https:\/\/janeke1830.it\/de\/prodotto\/edelsteinpinsel\/#breadcrumb"},"inLanguage":"de","potentialAction":[{"@type":"ReadAction","target":["https:\/\/janeke1830.it\/de\/prodotto\/edelsteinpinsel\/"]}]},{"@type":"ImageObject","inLanguage":"de","@id":"https:\/\/janeke1830.it\/de\/prodotto\/edelsteinpinsel\/#primaryimage","url":"https:\/\/janeke1830.it\/wp-content\/uploads\/2026\/01\/71SP500GNER-cover.png","contentUrl":"https:\/\/janeke1830.it\/wp-content\/uploads\/2026\/01\/71SP500GNER-cover.png","width":800,"height":800},{"@type":"BreadcrumbList","@id":"https:\/\/janeke1830.it\/de\/prodotto\/edelsteinpinsel\/#breadcrumb","itemListElement":[{"@type":"ListItem","position":1,"name":"Home","item":"https:\/\/janeke1830.it\/de\/startseite\/"},{"@type":"ListItem","position":2,"name":"Shop","item":"https:\/\/janeke1830.it\/de\/shop\/"},{"@type":"ListItem","position":3,"name":"Gem Brush"}]},{"@type":"WebSite","@id":"https:\/\/janeke1830.it\/#website","url":"https:\/\/janeke1830.it\/","name":"J\u00e4neke 1830","description":"","publisher":{"@id":"https:\/\/janeke1830.it\/#organization"},"potentialAction":[{"@type":"SearchAction","target":{"@type":"EntryPoint","urlTemplate":"https:\/\/janeke1830.it\/?s={search_term_string}"},"query-input":{"@type":"PropertyValueSpecification","valueRequired":true,"valueName":"search_term_string"}}],"inLanguage":"de"},{"@type":"Organization","@id":"https:\/\/janeke1830.it\/#organization","name":"J\u00e4neke 1830","url":"https:\/\/janeke1830.it\/","logo":{"@type":"ImageObject","inLanguage":"de","@id":"https:\/\/janeke1830.it\/#\/schema\/logo\/image\/","url":"https:\/\/janeke1830.it\/wp-content\/uploads\/2025\/12\/logo-nero-janeke.png","contentUrl":"https:\/\/janeke1830.it\/wp-content\/uploads\/2025\/12\/logo-nero-janeke.png","width":1824,"height":829,"caption":"J\u00e4neke 1830"},"image":{"@id":"https:\/\/janeke1830.it\/#\/schema\/logo\/image\/"},"sameAs":["https:\/\/www.facebook.com\/janeke1830","https:\/\/www.instagram.com\/janeke1830official","https:\/\/www.linkedin.com\/company\/giorgio-janeke-s-r-l-\/"]}]}},"_links":{"self":[{"href":"https:\/\/janeke1830.it\/de\/wp-json\/wp\/v2\/product\/10569","targetHints":{"allow":["GET"]}}],"collection":[{"href":"https:\/\/janeke1830.it\/de\/wp-json\/wp\/v2\/product"}],"about":[{"href":"https:\/\/janeke1830.it\/de\/wp-json\/wp\/v2\/types\/product"}],"replies":[{"embeddable":true,"href":"https:\/\/janeke1830.it\/de\/wp-json\/wp\/v2\/comments?post=10569"}],"wp:featuredmedia":[{"embeddable":true,"href":"https:\/\/janeke1830.it\/de\/wp-json\/wp\/v2\/media\/10574"}],"wp:attachment":[{"href":"https:\/\/janeke1830.it\/de\/wp-json\/wp\/v2\/media?parent=10569"}],"wp:term":[{"taxonomy":"product_brand","embeddable":true,"href":"https:\/\/janeke1830.it\/de\/wp-json\/wp\/v2\/product_brand?post=10569"},{"taxonomy":"product_cat","embeddable":true,"href":"https:\/\/janeke1830.it\/de\/wp-json\/wp\/v2\/product_cat?post=10569"},{"taxonomy":"product_tag","embeddable":true,"href":"https:\/\/janeke1830.it\/de\/wp-json\/wp\/v2\/product_tag?post=10569"}],"curies":[{"name":"wp","href":"https:\/\/api.w.org\/{rel}","templated":true}]}}