{"id":10560,"date":"2026-01-01T18:08:02","date_gmt":"2026-01-01T17:08:02","guid":{"rendered":"https:\/\/janeke1830.it\/prodotto\/pomme-buerste\/"},"modified":"2026-02-10T11:40:24","modified_gmt":"2026-02-10T10:40:24","slug":"pomme-buerste","status":"publish","type":"product","link":"https:\/\/janeke1830.it\/de\/prodotto\/pomme-buerste\/","title":{"rendered":"Pomme Brush"},"content":{"rendered":"","protected":false},"excerpt":{"rendered":"<p>Die <strong>Janeke Pomme<\/strong> Brush ist eine kompakte und funktionelle B\u00fcrste, die Sie perfekt in Ihrer Handtasche mitnehmen k\u00f6nnen. Die \"Apfel\"-Form verbindet \u00c4sthetik und Zweckm\u00e4\u00dfigkeit, w\u00e4hrend die flexiblen Borsten das Haar sanft entwirren, ohne es zu brechen. <\/p>\n<p>Ausgestattet mit einem integrierten Spiegel, k\u00f6nnen Sie Ihr Aussehen zu jeder Tageszeit \u00fcberpr\u00fcfen. Elegant, handlich und langlebig ist er das ideale Accessoire f\u00fcr ein schnelles Styling und die t\u00e4gliche Haarpflege, mit der unverwechselbaren Qualit\u00e4t und dem Stil der Marke Janeke. <\/p>\n","protected":false},"featured_media":10565,"comment_status":"closed","ping_status":"closed","template":"","meta":[],"product_brand":[1076],"product_cat":[1032],"product_tag":[1077],"class_list":{"0":"post-10560","1":"product","2":"type-product","3":"status-publish","4":"has-post-thumbnail","6":"product_brand-everyday","7":"product_cat-pinsel","8":"product_tag-obs","10":"first","11":"instock","12":"shipping-taxable","13":"purchasable","14":"product-type-variable","15":"wvs-archive-product-wrapper"},"yoast_head":"<!-- This site is optimized with the Yoast SEO plugin v27.1.1 - https:\/\/yoast.com\/product\/yoast-seo-wordpress\/ -->\n<title>J\u00e4neke Pomme Pinsel - Kompakt mit Spiegel<\/title>\n<meta name=\"description\" content=\"Entwirren und kontrollieren Sie den Look \u00fcberall mit der J\u00e4neke Pomme Brush. Kompakt, funktionell und mit integriertem Spiegel. Legen Sie sie in Ihren Warenkorb!\" \/>\n<meta name=\"robots\" content=\"index, follow, max-snippet:-1, max-image-preview:large, max-video-preview:-1\" \/>\n<link rel=\"canonical\" href=\"https:\/\/janeke1830.it\/de\/prodotto\/pomme-buerste\/\" \/>\n<meta property=\"og:locale\" content=\"de_DE\" \/>\n<meta property=\"og:type\" content=\"article\" \/>\n<meta property=\"og:title\" content=\"J\u00e4neke Pomme Pinsel - Kompakt mit Spiegel\" \/>\n<meta property=\"og:description\" content=\"Entwirren und kontrollieren Sie den Look \u00fcberall mit der J\u00e4neke Pomme Brush. Kompakt, funktionell und mit integriertem Spiegel. Legen Sie sie in Ihren Warenkorb!\" \/>\n<meta property=\"og:url\" content=\"https:\/\/janeke1830.it\/de\/prodotto\/pomme-buerste\/\" \/>\n<meta property=\"og:site_name\" content=\"J\u00e4neke\" \/>\n<meta property=\"article:publisher\" content=\"https:\/\/www.facebook.com\/janeke1830\" \/>\n<meta property=\"article:modified_time\" content=\"2026-02-10T10:40:24+00:00\" \/>\n<meta property=\"og:image\" content=\"https:\/\/janeke1830.it\/wp-content\/uploads\/2025\/12\/71SP228NER-cover.png\" \/>\n\t<meta property=\"og:image:width\" content=\"800\" \/>\n\t<meta property=\"og:image:height\" content=\"800\" \/>\n\t<meta property=\"og:image:type\" content=\"image\/png\" \/>\n<meta name=\"twitter:card\" content=\"summary_large_image\" \/>\n<script type=\"application\/ld+json\" class=\"yoast-schema-graph\">{\"@context\":\"https:\/\/schema.org\",\"@graph\":[{\"@type\":\"WebPage\",\"@id\":\"https:\/\/janeke1830.it\/de\/prodotto\/pomme-buerste\/\",\"url\":\"https:\/\/janeke1830.it\/de\/prodotto\/pomme-buerste\/\",\"name\":\"J\u00e4neke Pomme Pinsel - Kompakt mit Spiegel\",\"isPartOf\":{\"@id\":\"https:\/\/janeke1830.it\/#website\"},\"primaryImageOfPage\":{\"@id\":\"https:\/\/janeke1830.it\/de\/prodotto\/pomme-buerste\/#primaryimage\"},\"image\":{\"@id\":\"https:\/\/janeke1830.it\/de\/prodotto\/pomme-buerste\/#primaryimage\"},\"thumbnailUrl\":\"https:\/\/janeke1830.it\/wp-content\/uploads\/2025\/12\/71SP228NER-cover.png\",\"datePublished\":\"2026-01-01T17:08:02+00:00\",\"dateModified\":\"2026-02-10T10:40:24+00:00\",\"description\":\"Entwirren und kontrollieren Sie den Look \u00fcberall mit der J\u00e4neke Pomme Brush. Kompakt, funktionell und mit integriertem Spiegel. Legen Sie sie in Ihren Warenkorb!\",\"breadcrumb\":{\"@id\":\"https:\/\/janeke1830.it\/de\/prodotto\/pomme-buerste\/#breadcrumb\"},\"inLanguage\":\"de\",\"potentialAction\":[{\"@type\":\"ReadAction\",\"target\":[\"https:\/\/janeke1830.it\/de\/prodotto\/pomme-buerste\/\"]}]},{\"@type\":\"ImageObject\",\"inLanguage\":\"de\",\"@id\":\"https:\/\/janeke1830.it\/de\/prodotto\/pomme-buerste\/#primaryimage\",\"url\":\"https:\/\/janeke1830.it\/wp-content\/uploads\/2025\/12\/71SP228NER-cover.png\",\"contentUrl\":\"https:\/\/janeke1830.it\/wp-content\/uploads\/2025\/12\/71SP228NER-cover.png\",\"width\":800,\"height\":800},{\"@type\":\"BreadcrumbList\",\"@id\":\"https:\/\/janeke1830.it\/de\/prodotto\/pomme-buerste\/#breadcrumb\",\"itemListElement\":[{\"@type\":\"ListItem\",\"position\":1,\"name\":\"Home\",\"item\":\"https:\/\/janeke1830.it\/de\/startseite\/\"},{\"@type\":\"ListItem\",\"position\":2,\"name\":\"Shop\",\"item\":\"https:\/\/janeke1830.it\/de\/shop\/\"},{\"@type\":\"ListItem\",\"position\":3,\"name\":\"Pomme Brush\"}]},{\"@type\":\"WebSite\",\"@id\":\"https:\/\/janeke1830.it\/#website\",\"url\":\"https:\/\/janeke1830.it\/\",\"name\":\"J\u00e4neke 1830\",\"description\":\"\",\"publisher\":{\"@id\":\"https:\/\/janeke1830.it\/#organization\"},\"potentialAction\":[{\"@type\":\"SearchAction\",\"target\":{\"@type\":\"EntryPoint\",\"urlTemplate\":\"https:\/\/janeke1830.it\/?s={search_term_string}\"},\"query-input\":{\"@type\":\"PropertyValueSpecification\",\"valueRequired\":true,\"valueName\":\"search_term_string\"}}],\"inLanguage\":\"de\"},{\"@type\":\"Organization\",\"@id\":\"https:\/\/janeke1830.it\/#organization\",\"name\":\"J\u00e4neke 1830\",\"url\":\"https:\/\/janeke1830.it\/\",\"logo\":{\"@type\":\"ImageObject\",\"inLanguage\":\"de\",\"@id\":\"https:\/\/janeke1830.it\/#\/schema\/logo\/image\/\",\"url\":\"https:\/\/janeke1830.it\/wp-content\/uploads\/2025\/12\/logo-nero-janeke.png\",\"contentUrl\":\"https:\/\/janeke1830.it\/wp-content\/uploads\/2025\/12\/logo-nero-janeke.png\",\"width\":1824,\"height\":829,\"caption\":\"J\u00e4neke 1830\"},\"image\":{\"@id\":\"https:\/\/janeke1830.it\/#\/schema\/logo\/image\/\"},\"sameAs\":[\"https:\/\/www.facebook.com\/janeke1830\",\"https:\/\/www.instagram.com\/janeke1830official\",\"https:\/\/www.linkedin.com\/company\/giorgio-janeke-s-r-l-\/\"]}]}<\/script>\n<!-- \/ Yoast SEO plugin. -->","yoast_head_json":{"title":"J\u00e4neke Pomme Pinsel - Kompakt mit Spiegel","description":"Entwirren und kontrollieren Sie den Look \u00fcberall mit der J\u00e4neke Pomme Brush. Kompakt, funktionell und mit integriertem Spiegel. Legen Sie sie in Ihren Warenkorb!","robots":{"index":"index","follow":"follow","max-snippet":"max-snippet:-1","max-image-preview":"max-image-preview:large","max-video-preview":"max-video-preview:-1"},"canonical":"https:\/\/janeke1830.it\/de\/prodotto\/pomme-buerste\/","og_locale":"de_DE","og_type":"article","og_title":"J\u00e4neke Pomme Pinsel - Kompakt mit Spiegel","og_description":"Entwirren und kontrollieren Sie den Look \u00fcberall mit der J\u00e4neke Pomme Brush. Kompakt, funktionell und mit integriertem Spiegel. Legen Sie sie in Ihren Warenkorb!","og_url":"https:\/\/janeke1830.it\/de\/prodotto\/pomme-buerste\/","og_site_name":"J\u00e4neke","article_publisher":"https:\/\/www.facebook.com\/janeke1830","article_modified_time":"2026-02-10T10:40:24+00:00","og_image":[{"width":800,"height":800,"url":"https:\/\/janeke1830.it\/wp-content\/uploads\/2025\/12\/71SP228NER-cover.png","type":"image\/png"}],"twitter_card":"summary_large_image","schema":{"@context":"https:\/\/schema.org","@graph":[{"@type":"WebPage","@id":"https:\/\/janeke1830.it\/de\/prodotto\/pomme-buerste\/","url":"https:\/\/janeke1830.it\/de\/prodotto\/pomme-buerste\/","name":"J\u00e4neke Pomme Pinsel - Kompakt mit Spiegel","isPartOf":{"@id":"https:\/\/janeke1830.it\/#website"},"primaryImageOfPage":{"@id":"https:\/\/janeke1830.it\/de\/prodotto\/pomme-buerste\/#primaryimage"},"image":{"@id":"https:\/\/janeke1830.it\/de\/prodotto\/pomme-buerste\/#primaryimage"},"thumbnailUrl":"https:\/\/janeke1830.it\/wp-content\/uploads\/2025\/12\/71SP228NER-cover.png","datePublished":"2026-01-01T17:08:02+00:00","dateModified":"2026-02-10T10:40:24+00:00","description":"Entwirren und kontrollieren Sie den Look \u00fcberall mit der J\u00e4neke Pomme Brush. Kompakt, funktionell und mit integriertem Spiegel. Legen Sie sie in Ihren Warenkorb!","breadcrumb":{"@id":"https:\/\/janeke1830.it\/de\/prodotto\/pomme-buerste\/#breadcrumb"},"inLanguage":"de","potentialAction":[{"@type":"ReadAction","target":["https:\/\/janeke1830.it\/de\/prodotto\/pomme-buerste\/"]}]},{"@type":"ImageObject","inLanguage":"de","@id":"https:\/\/janeke1830.it\/de\/prodotto\/pomme-buerste\/#primaryimage","url":"https:\/\/janeke1830.it\/wp-content\/uploads\/2025\/12\/71SP228NER-cover.png","contentUrl":"https:\/\/janeke1830.it\/wp-content\/uploads\/2025\/12\/71SP228NER-cover.png","width":800,"height":800},{"@type":"BreadcrumbList","@id":"https:\/\/janeke1830.it\/de\/prodotto\/pomme-buerste\/#breadcrumb","itemListElement":[{"@type":"ListItem","position":1,"name":"Home","item":"https:\/\/janeke1830.it\/de\/startseite\/"},{"@type":"ListItem","position":2,"name":"Shop","item":"https:\/\/janeke1830.it\/de\/shop\/"},{"@type":"ListItem","position":3,"name":"Pomme Brush"}]},{"@type":"WebSite","@id":"https:\/\/janeke1830.it\/#website","url":"https:\/\/janeke1830.it\/","name":"J\u00e4neke 1830","description":"","publisher":{"@id":"https:\/\/janeke1830.it\/#organization"},"potentialAction":[{"@type":"SearchAction","target":{"@type":"EntryPoint","urlTemplate":"https:\/\/janeke1830.it\/?s={search_term_string}"},"query-input":{"@type":"PropertyValueSpecification","valueRequired":true,"valueName":"search_term_string"}}],"inLanguage":"de"},{"@type":"Organization","@id":"https:\/\/janeke1830.it\/#organization","name":"J\u00e4neke 1830","url":"https:\/\/janeke1830.it\/","logo":{"@type":"ImageObject","inLanguage":"de","@id":"https:\/\/janeke1830.it\/#\/schema\/logo\/image\/","url":"https:\/\/janeke1830.it\/wp-content\/uploads\/2025\/12\/logo-nero-janeke.png","contentUrl":"https:\/\/janeke1830.it\/wp-content\/uploads\/2025\/12\/logo-nero-janeke.png","width":1824,"height":829,"caption":"J\u00e4neke 1830"},"image":{"@id":"https:\/\/janeke1830.it\/#\/schema\/logo\/image\/"},"sameAs":["https:\/\/www.facebook.com\/janeke1830","https:\/\/www.instagram.com\/janeke1830official","https:\/\/www.linkedin.com\/company\/giorgio-janeke-s-r-l-\/"]}]}},"_links":{"self":[{"href":"https:\/\/janeke1830.it\/de\/wp-json\/wp\/v2\/product\/10560","targetHints":{"allow":["GET"]}}],"collection":[{"href":"https:\/\/janeke1830.it\/de\/wp-json\/wp\/v2\/product"}],"about":[{"href":"https:\/\/janeke1830.it\/de\/wp-json\/wp\/v2\/types\/product"}],"replies":[{"embeddable":true,"href":"https:\/\/janeke1830.it\/de\/wp-json\/wp\/v2\/comments?post=10560"}],"wp:featuredmedia":[{"embeddable":true,"href":"https:\/\/janeke1830.it\/de\/wp-json\/wp\/v2\/media\/10565"}],"wp:attachment":[{"href":"https:\/\/janeke1830.it\/de\/wp-json\/wp\/v2\/media?parent=10560"}],"wp:term":[{"taxonomy":"product_brand","embeddable":true,"href":"https:\/\/janeke1830.it\/de\/wp-json\/wp\/v2\/product_brand?post=10560"},{"taxonomy":"product_cat","embeddable":true,"href":"https:\/\/janeke1830.it\/de\/wp-json\/wp\/v2\/product_cat?post=10560"},{"taxonomy":"product_tag","embeddable":true,"href":"https:\/\/janeke1830.it\/de\/wp-json\/wp\/v2\/product_tag?post=10560"}],"curies":[{"name":"wp","href":"https:\/\/api.w.org\/{rel}","templated":true}]}}