{"id":10509,"date":"2026-01-07T18:08:03","date_gmt":"2026-01-07T17:08:03","guid":{"rendered":"https:\/\/janeke1830.it\/prodotto\/grosse-haarspange\/"},"modified":"2026-02-05T15:47:23","modified_gmt":"2026-02-05T14:47:23","slug":"grosse-haarspange","status":"publish","type":"product","link":"https:\/\/janeke1830.it\/de\/prodotto\/grosse-haarspange\/","title":{"rendered":"Gro\u00dfe Haarspange"},"content":{"rendered":"","protected":false},"excerpt":{"rendered":"<p>Elegant und langlebig, fixiert er das Haar mit Selbstvertrauen und Stil. Die robuste Konstruktion sorgt f\u00fcr einen festen Halt, ohne die Haarfaser zu besch\u00e4digen. So k\u00f6nnen Sie saubere und ordentliche Frisuren kreieren. <\/p>\n<p>Er ist perfekt f\u00fcr alle Haartypen geeignet und vereint Funktionalit\u00e4t, Eleganz und die f\u00fcr die Marke Janeke typische Handwerksqualit\u00e4t.<\/p>\n","protected":false},"featured_media":1955,"comment_status":"closed","ping_status":"closed","template":"","meta":[],"product_brand":[1021],"product_cat":[1047],"product_tag":[1050,1049],"class_list":{"0":"post-10509","1":"product","2":"type-product","3":"status-publish","4":"has-post-thumbnail","6":"product_brand-luxury","7":"product_cat-haar-accessoires","8":"product_tag-greifer","9":"product_tag-haar-accessoires","11":"first","12":"instock","13":"shipping-taxable","14":"purchasable","15":"product-type-variable","16":"wvs-archive-product-wrapper"},"yoast_head":"<!-- This site is optimized with the Yoast SEO plugin v27.1.1 - https:\/\/yoast.com\/product\/yoast-seo-wordpress\/ -->\n<title>J\u00e4neke Gro\u00dfe Haarschneidezange - Fester und eleganter Griff<\/title>\n<meta name=\"description\" content=\"Robust und schonend f\u00fcr die Haarfaser, garantiert die J\u00e4neke Gro\u00dfe Haarklammer gepflegte Frisuren. Legen Sie sie in Ihren Einkaufswagen!\" \/>\n<meta name=\"robots\" content=\"index, follow, max-snippet:-1, max-image-preview:large, max-video-preview:-1\" \/>\n<link rel=\"canonical\" href=\"https:\/\/janeke1830.it\/de\/prodotto\/grosse-haarspange\/\" \/>\n<meta property=\"og:locale\" content=\"de_DE\" \/>\n<meta property=\"og:type\" content=\"article\" \/>\n<meta property=\"og:title\" content=\"J\u00e4neke Gro\u00dfe Haarschneidezange - Fester und eleganter Griff\" \/>\n<meta property=\"og:description\" content=\"Robust und schonend f\u00fcr die Haarfaser, garantiert die J\u00e4neke Gro\u00dfe Haarklammer gepflegte Frisuren. Legen Sie sie in Ihren Einkaufswagen!\" \/>\n<meta property=\"og:url\" content=\"https:\/\/janeke1830.it\/de\/prodotto\/grosse-haarspange\/\" \/>\n<meta property=\"og:site_name\" content=\"J\u00e4neke\" \/>\n<meta property=\"article:publisher\" content=\"https:\/\/www.facebook.com\/janeke1830\" \/>\n<meta property=\"article:modified_time\" content=\"2026-02-05T14:47:23+00:00\" \/>\n<meta property=\"og:image\" content=\"https:\/\/janeke1830.it\/wp-content\/uploads\/2026\/01\/pinza-l-tos-cover.png\" \/>\n\t<meta property=\"og:image:width\" content=\"800\" \/>\n\t<meta property=\"og:image:height\" content=\"800\" \/>\n\t<meta property=\"og:image:type\" content=\"image\/png\" \/>\n<meta name=\"twitter:card\" content=\"summary_large_image\" \/>\n<script type=\"application\/ld+json\" class=\"yoast-schema-graph\">{\"@context\":\"https:\/\/schema.org\",\"@graph\":[{\"@type\":\"WebPage\",\"@id\":\"https:\/\/janeke1830.it\/de\/prodotto\/grosse-haarspange\/\",\"url\":\"https:\/\/janeke1830.it\/de\/prodotto\/grosse-haarspange\/\",\"name\":\"J\u00e4neke Gro\u00dfe Haarschneidezange - Fester und eleganter Griff\",\"isPartOf\":{\"@id\":\"https:\/\/janeke1830.it\/#website\"},\"primaryImageOfPage\":{\"@id\":\"https:\/\/janeke1830.it\/de\/prodotto\/grosse-haarspange\/#primaryimage\"},\"image\":{\"@id\":\"https:\/\/janeke1830.it\/de\/prodotto\/grosse-haarspange\/#primaryimage\"},\"thumbnailUrl\":\"https:\/\/janeke1830.it\/wp-content\/uploads\/2026\/01\/pinza-l-tos-cover.png\",\"datePublished\":\"2026-01-07T17:08:03+00:00\",\"dateModified\":\"2026-02-05T14:47:23+00:00\",\"description\":\"Robust und schonend f\u00fcr die Haarfaser, garantiert die J\u00e4neke Gro\u00dfe Haarklammer gepflegte Frisuren. Legen Sie sie in Ihren Einkaufswagen!\",\"breadcrumb\":{\"@id\":\"https:\/\/janeke1830.it\/de\/prodotto\/grosse-haarspange\/#breadcrumb\"},\"inLanguage\":\"de\",\"potentialAction\":[{\"@type\":\"ReadAction\",\"target\":[\"https:\/\/janeke1830.it\/de\/prodotto\/grosse-haarspange\/\"]}]},{\"@type\":\"ImageObject\",\"inLanguage\":\"de\",\"@id\":\"https:\/\/janeke1830.it\/de\/prodotto\/grosse-haarspange\/#primaryimage\",\"url\":\"https:\/\/janeke1830.it\/wp-content\/uploads\/2026\/01\/pinza-l-tos-cover.png\",\"contentUrl\":\"https:\/\/janeke1830.it\/wp-content\/uploads\/2026\/01\/pinza-l-tos-cover.png\",\"width\":800,\"height\":800},{\"@type\":\"BreadcrumbList\",\"@id\":\"https:\/\/janeke1830.it\/de\/prodotto\/grosse-haarspange\/#breadcrumb\",\"itemListElement\":[{\"@type\":\"ListItem\",\"position\":1,\"name\":\"Home\",\"item\":\"https:\/\/janeke1830.it\/de\/startseite\/\"},{\"@type\":\"ListItem\",\"position\":2,\"name\":\"Shop\",\"item\":\"https:\/\/janeke1830.it\/de\/shop\/\"},{\"@type\":\"ListItem\",\"position\":3,\"name\":\"Gro\u00dfe Haarspange\"}]},{\"@type\":\"WebSite\",\"@id\":\"https:\/\/janeke1830.it\/#website\",\"url\":\"https:\/\/janeke1830.it\/\",\"name\":\"J\u00e4neke 1830\",\"description\":\"\",\"publisher\":{\"@id\":\"https:\/\/janeke1830.it\/#organization\"},\"potentialAction\":[{\"@type\":\"SearchAction\",\"target\":{\"@type\":\"EntryPoint\",\"urlTemplate\":\"https:\/\/janeke1830.it\/?s={search_term_string}\"},\"query-input\":{\"@type\":\"PropertyValueSpecification\",\"valueRequired\":true,\"valueName\":\"search_term_string\"}}],\"inLanguage\":\"de\"},{\"@type\":\"Organization\",\"@id\":\"https:\/\/janeke1830.it\/#organization\",\"name\":\"J\u00e4neke 1830\",\"url\":\"https:\/\/janeke1830.it\/\",\"logo\":{\"@type\":\"ImageObject\",\"inLanguage\":\"de\",\"@id\":\"https:\/\/janeke1830.it\/#\/schema\/logo\/image\/\",\"url\":\"https:\/\/janeke1830.it\/wp-content\/uploads\/2025\/12\/logo-nero-janeke.png\",\"contentUrl\":\"https:\/\/janeke1830.it\/wp-content\/uploads\/2025\/12\/logo-nero-janeke.png\",\"width\":1824,\"height\":829,\"caption\":\"J\u00e4neke 1830\"},\"image\":{\"@id\":\"https:\/\/janeke1830.it\/#\/schema\/logo\/image\/\"},\"sameAs\":[\"https:\/\/www.facebook.com\/janeke1830\",\"https:\/\/www.instagram.com\/janeke1830official\",\"https:\/\/www.linkedin.com\/company\/giorgio-janeke-s-r-l-\/\"]}]}<\/script>\n<!-- \/ Yoast SEO plugin. -->","yoast_head_json":{"title":"J\u00e4neke Gro\u00dfe Haarschneidezange - Fester und eleganter Griff","description":"Robust und schonend f\u00fcr die Haarfaser, garantiert die J\u00e4neke Gro\u00dfe Haarklammer gepflegte Frisuren. Legen Sie sie in Ihren Einkaufswagen!","robots":{"index":"index","follow":"follow","max-snippet":"max-snippet:-1","max-image-preview":"max-image-preview:large","max-video-preview":"max-video-preview:-1"},"canonical":"https:\/\/janeke1830.it\/de\/prodotto\/grosse-haarspange\/","og_locale":"de_DE","og_type":"article","og_title":"J\u00e4neke Gro\u00dfe Haarschneidezange - Fester und eleganter Griff","og_description":"Robust und schonend f\u00fcr die Haarfaser, garantiert die J\u00e4neke Gro\u00dfe Haarklammer gepflegte Frisuren. Legen Sie sie in Ihren Einkaufswagen!","og_url":"https:\/\/janeke1830.it\/de\/prodotto\/grosse-haarspange\/","og_site_name":"J\u00e4neke","article_publisher":"https:\/\/www.facebook.com\/janeke1830","article_modified_time":"2026-02-05T14:47:23+00:00","og_image":[{"width":800,"height":800,"url":"https:\/\/janeke1830.it\/wp-content\/uploads\/2026\/01\/pinza-l-tos-cover.png","type":"image\/png"}],"twitter_card":"summary_large_image","schema":{"@context":"https:\/\/schema.org","@graph":[{"@type":"WebPage","@id":"https:\/\/janeke1830.it\/de\/prodotto\/grosse-haarspange\/","url":"https:\/\/janeke1830.it\/de\/prodotto\/grosse-haarspange\/","name":"J\u00e4neke Gro\u00dfe Haarschneidezange - Fester und eleganter Griff","isPartOf":{"@id":"https:\/\/janeke1830.it\/#website"},"primaryImageOfPage":{"@id":"https:\/\/janeke1830.it\/de\/prodotto\/grosse-haarspange\/#primaryimage"},"image":{"@id":"https:\/\/janeke1830.it\/de\/prodotto\/grosse-haarspange\/#primaryimage"},"thumbnailUrl":"https:\/\/janeke1830.it\/wp-content\/uploads\/2026\/01\/pinza-l-tos-cover.png","datePublished":"2026-01-07T17:08:03+00:00","dateModified":"2026-02-05T14:47:23+00:00","description":"Robust und schonend f\u00fcr die Haarfaser, garantiert die J\u00e4neke Gro\u00dfe Haarklammer gepflegte Frisuren. Legen Sie sie in Ihren Einkaufswagen!","breadcrumb":{"@id":"https:\/\/janeke1830.it\/de\/prodotto\/grosse-haarspange\/#breadcrumb"},"inLanguage":"de","potentialAction":[{"@type":"ReadAction","target":["https:\/\/janeke1830.it\/de\/prodotto\/grosse-haarspange\/"]}]},{"@type":"ImageObject","inLanguage":"de","@id":"https:\/\/janeke1830.it\/de\/prodotto\/grosse-haarspange\/#primaryimage","url":"https:\/\/janeke1830.it\/wp-content\/uploads\/2026\/01\/pinza-l-tos-cover.png","contentUrl":"https:\/\/janeke1830.it\/wp-content\/uploads\/2026\/01\/pinza-l-tos-cover.png","width":800,"height":800},{"@type":"BreadcrumbList","@id":"https:\/\/janeke1830.it\/de\/prodotto\/grosse-haarspange\/#breadcrumb","itemListElement":[{"@type":"ListItem","position":1,"name":"Home","item":"https:\/\/janeke1830.it\/de\/startseite\/"},{"@type":"ListItem","position":2,"name":"Shop","item":"https:\/\/janeke1830.it\/de\/shop\/"},{"@type":"ListItem","position":3,"name":"Gro\u00dfe Haarspange"}]},{"@type":"WebSite","@id":"https:\/\/janeke1830.it\/#website","url":"https:\/\/janeke1830.it\/","name":"J\u00e4neke 1830","description":"","publisher":{"@id":"https:\/\/janeke1830.it\/#organization"},"potentialAction":[{"@type":"SearchAction","target":{"@type":"EntryPoint","urlTemplate":"https:\/\/janeke1830.it\/?s={search_term_string}"},"query-input":{"@type":"PropertyValueSpecification","valueRequired":true,"valueName":"search_term_string"}}],"inLanguage":"de"},{"@type":"Organization","@id":"https:\/\/janeke1830.it\/#organization","name":"J\u00e4neke 1830","url":"https:\/\/janeke1830.it\/","logo":{"@type":"ImageObject","inLanguage":"de","@id":"https:\/\/janeke1830.it\/#\/schema\/logo\/image\/","url":"https:\/\/janeke1830.it\/wp-content\/uploads\/2025\/12\/logo-nero-janeke.png","contentUrl":"https:\/\/janeke1830.it\/wp-content\/uploads\/2025\/12\/logo-nero-janeke.png","width":1824,"height":829,"caption":"J\u00e4neke 1830"},"image":{"@id":"https:\/\/janeke1830.it\/#\/schema\/logo\/image\/"},"sameAs":["https:\/\/www.facebook.com\/janeke1830","https:\/\/www.instagram.com\/janeke1830official","https:\/\/www.linkedin.com\/company\/giorgio-janeke-s-r-l-\/"]}]}},"_links":{"self":[{"href":"https:\/\/janeke1830.it\/de\/wp-json\/wp\/v2\/product\/10509","targetHints":{"allow":["GET"]}}],"collection":[{"href":"https:\/\/janeke1830.it\/de\/wp-json\/wp\/v2\/product"}],"about":[{"href":"https:\/\/janeke1830.it\/de\/wp-json\/wp\/v2\/types\/product"}],"replies":[{"embeddable":true,"href":"https:\/\/janeke1830.it\/de\/wp-json\/wp\/v2\/comments?post=10509"}],"wp:featuredmedia":[{"embeddable":true,"href":"https:\/\/janeke1830.it\/de\/wp-json\/wp\/v2\/media\/1955"}],"wp:attachment":[{"href":"https:\/\/janeke1830.it\/de\/wp-json\/wp\/v2\/media?parent=10509"}],"wp:term":[{"taxonomy":"product_brand","embeddable":true,"href":"https:\/\/janeke1830.it\/de\/wp-json\/wp\/v2\/product_brand?post=10509"},{"taxonomy":"product_cat","embeddable":true,"href":"https:\/\/janeke1830.it\/de\/wp-json\/wp\/v2\/product_cat?post=10509"},{"taxonomy":"product_tag","embeddable":true,"href":"https:\/\/janeke1830.it\/de\/wp-json\/wp\/v2\/product_tag?post=10509"}],"curies":[{"name":"wp","href":"https:\/\/api.w.org\/{rel}","templated":true}]}}