{"id":10473,"date":"2026-01-07T09:01:36","date_gmt":"2026-01-07T08:01:36","guid":{"rendered":"https:\/\/janeke1830.it\/prodotto\/goldumrandete-bar\/"},"modified":"2026-02-05T15:48:00","modified_gmt":"2026-02-05T14:48:00","slug":"goldumrandete-bar","status":"publish","type":"product","link":"https:\/\/janeke1830.it\/de\/prodotto\/goldumrandete-bar\/","title":{"rendered":"Goldumrandete Bar"},"content":{"rendered":"","protected":false},"excerpt":{"rendered":"<p>Er ist raffiniert und elegant, fixiert das Haar sanft, ohne es zu besch\u00e4digen, und vereint Funktionalit\u00e4t und Stil in einem Accessoire. Das goldene Finish verleiht ihm einen Hauch von Klasse und verwandelt ein einfaches Detail in ein unverwechselbares Element des Looks. <\/p>\n<p>Er ist f\u00fcr alle Haartypen geeignet und eignet sich sowohl f\u00fcr den t\u00e4glichen Gebrauch als auch f\u00fcr besondere Anl\u00e4sse. Er vereint Funktionalit\u00e4t, Komfort und die f\u00fcr die Marke Janeke typische hochwertige Verarbeitung.<\/p>\n","protected":false},"featured_media":708,"comment_status":"closed","ping_status":"closed","template":"","meta":[],"product_brand":[1021],"product_cat":[1047],"product_tag":[1049],"class_list":{"0":"post-10473","1":"product","2":"type-product","3":"status-publish","4":"has-post-thumbnail","6":"product_brand-luxury","7":"product_cat-haar-accessoires","8":"product_tag-haar-accessoires","10":"first","11":"instock","12":"shipping-taxable","13":"purchasable","14":"product-type-variable","15":"wvs-archive-product-wrapper"},"yoast_head":"<!-- This site is optimized with the Yoast SEO plugin v27.1.1 - https:\/\/yoast.com\/product\/yoast-seo-wordpress\/ -->\n<title>J\u00e4neke 1830 Gold-Bordered Bar - Klasse Detail<\/title>\n<meta name=\"description\" content=\"F\u00fcr einen unverwechselbaren und zarten Look fixiert die J\u00e4neke Gold Edged Barrette das Haar, ohne es zu besch\u00e4digen. Legen Sie sie in den Warenkorb!\" \/>\n<meta name=\"robots\" content=\"index, follow, max-snippet:-1, max-image-preview:large, max-video-preview:-1\" \/>\n<link rel=\"canonical\" href=\"https:\/\/janeke1830.it\/de\/prodotto\/goldumrandete-bar\/\" \/>\n<meta property=\"og:locale\" content=\"de_DE\" \/>\n<meta property=\"og:type\" content=\"article\" \/>\n<meta property=\"og:title\" content=\"J\u00e4neke 1830 Gold-Bordered Bar - Klasse Detail\" \/>\n<meta property=\"og:description\" content=\"F\u00fcr einen unverwechselbaren und zarten Look fixiert die J\u00e4neke Gold Edged Barrette das Haar, ohne es zu besch\u00e4digen. Legen Sie sie in den Warenkorb!\" \/>\n<meta property=\"og:url\" content=\"https:\/\/janeke1830.it\/de\/prodotto\/goldumrandete-bar\/\" \/>\n<meta property=\"og:site_name\" content=\"J\u00e4neke\" \/>\n<meta property=\"article:publisher\" content=\"https:\/\/www.facebook.com\/janeke1830\" \/>\n<meta property=\"article:modified_time\" content=\"2026-02-05T14:48:00+00:00\" \/>\n<meta property=\"og:image\" content=\"https:\/\/janeke1830.it\/wp-content\/uploads\/2025\/12\/JG45020GDBL.png\" \/>\n\t<meta property=\"og:image:width\" content=\"1024\" \/>\n\t<meta property=\"og:image:height\" content=\"1024\" \/>\n\t<meta property=\"og:image:type\" content=\"image\/png\" \/>\n<meta name=\"twitter:card\" content=\"summary_large_image\" \/>\n<script type=\"application\/ld+json\" class=\"yoast-schema-graph\">{\"@context\":\"https:\/\/schema.org\",\"@graph\":[{\"@type\":\"WebPage\",\"@id\":\"https:\/\/janeke1830.it\/de\/prodotto\/goldumrandete-bar\/\",\"url\":\"https:\/\/janeke1830.it\/de\/prodotto\/goldumrandete-bar\/\",\"name\":\"J\u00e4neke 1830 Gold-Bordered Bar - Klasse Detail\",\"isPartOf\":{\"@id\":\"https:\/\/janeke1830.it\/#website\"},\"primaryImageOfPage\":{\"@id\":\"https:\/\/janeke1830.it\/de\/prodotto\/goldumrandete-bar\/#primaryimage\"},\"image\":{\"@id\":\"https:\/\/janeke1830.it\/de\/prodotto\/goldumrandete-bar\/#primaryimage\"},\"thumbnailUrl\":\"https:\/\/janeke1830.it\/wp-content\/uploads\/2025\/12\/barretta-bordata-oro-tartaruga-jg45020gdbl.png\",\"datePublished\":\"2026-01-07T08:01:36+00:00\",\"dateModified\":\"2026-02-05T14:48:00+00:00\",\"description\":\"F\u00fcr einen unverwechselbaren und zarten Look fixiert die J\u00e4neke Gold Edged Barrette das Haar, ohne es zu besch\u00e4digen. Legen Sie sie in den Warenkorb!\",\"breadcrumb\":{\"@id\":\"https:\/\/janeke1830.it\/de\/prodotto\/goldumrandete-bar\/#breadcrumb\"},\"inLanguage\":\"de\",\"potentialAction\":[{\"@type\":\"ReadAction\",\"target\":[\"https:\/\/janeke1830.it\/de\/prodotto\/goldumrandete-bar\/\"]}]},{\"@type\":\"ImageObject\",\"inLanguage\":\"de\",\"@id\":\"https:\/\/janeke1830.it\/de\/prodotto\/goldumrandete-bar\/#primaryimage\",\"url\":\"https:\/\/janeke1830.it\/wp-content\/uploads\/2025\/12\/barretta-bordata-oro-tartaruga-jg45020gdbl.png\",\"contentUrl\":\"https:\/\/janeke1830.it\/wp-content\/uploads\/2025\/12\/barretta-bordata-oro-tartaruga-jg45020gdbl.png\",\"width\":1024,\"height\":1024,\"caption\":\"Barretta bordata oro J\u00e4neke tartaruga elegante e delicata sulla fibra capillare\"},{\"@type\":\"BreadcrumbList\",\"@id\":\"https:\/\/janeke1830.it\/de\/prodotto\/goldumrandete-bar\/#breadcrumb\",\"itemListElement\":[{\"@type\":\"ListItem\",\"position\":1,\"name\":\"Home\",\"item\":\"https:\/\/janeke1830.it\/de\/startseite\/\"},{\"@type\":\"ListItem\",\"position\":2,\"name\":\"Shop\",\"item\":\"https:\/\/janeke1830.it\/de\/shop\/\"},{\"@type\":\"ListItem\",\"position\":3,\"name\":\"Goldumrandete Bar\"}]},{\"@type\":\"WebSite\",\"@id\":\"https:\/\/janeke1830.it\/#website\",\"url\":\"https:\/\/janeke1830.it\/\",\"name\":\"J\u00e4neke 1830\",\"description\":\"\",\"publisher\":{\"@id\":\"https:\/\/janeke1830.it\/#organization\"},\"potentialAction\":[{\"@type\":\"SearchAction\",\"target\":{\"@type\":\"EntryPoint\",\"urlTemplate\":\"https:\/\/janeke1830.it\/?s={search_term_string}\"},\"query-input\":{\"@type\":\"PropertyValueSpecification\",\"valueRequired\":true,\"valueName\":\"search_term_string\"}}],\"inLanguage\":\"de\"},{\"@type\":\"Organization\",\"@id\":\"https:\/\/janeke1830.it\/#organization\",\"name\":\"J\u00e4neke 1830\",\"url\":\"https:\/\/janeke1830.it\/\",\"logo\":{\"@type\":\"ImageObject\",\"inLanguage\":\"de\",\"@id\":\"https:\/\/janeke1830.it\/#\/schema\/logo\/image\/\",\"url\":\"https:\/\/janeke1830.it\/wp-content\/uploads\/2025\/12\/logo-nero-janeke.png\",\"contentUrl\":\"https:\/\/janeke1830.it\/wp-content\/uploads\/2025\/12\/logo-nero-janeke.png\",\"width\":1824,\"height\":829,\"caption\":\"J\u00e4neke 1830\"},\"image\":{\"@id\":\"https:\/\/janeke1830.it\/#\/schema\/logo\/image\/\"},\"sameAs\":[\"https:\/\/www.facebook.com\/janeke1830\",\"https:\/\/www.instagram.com\/janeke1830official\",\"https:\/\/www.linkedin.com\/company\/giorgio-janeke-s-r-l-\/\"]}]}<\/script>\n<!-- \/ Yoast SEO plugin. -->","yoast_head_json":{"title":"J\u00e4neke 1830 Gold-Bordered Bar - Klasse Detail","description":"F\u00fcr einen unverwechselbaren und zarten Look fixiert die J\u00e4neke Gold Edged Barrette das Haar, ohne es zu besch\u00e4digen. Legen Sie sie in den Warenkorb!","robots":{"index":"index","follow":"follow","max-snippet":"max-snippet:-1","max-image-preview":"max-image-preview:large","max-video-preview":"max-video-preview:-1"},"canonical":"https:\/\/janeke1830.it\/de\/prodotto\/goldumrandete-bar\/","og_locale":"de_DE","og_type":"article","og_title":"J\u00e4neke 1830 Gold-Bordered Bar - Klasse Detail","og_description":"F\u00fcr einen unverwechselbaren und zarten Look fixiert die J\u00e4neke Gold Edged Barrette das Haar, ohne es zu besch\u00e4digen. Legen Sie sie in den Warenkorb!","og_url":"https:\/\/janeke1830.it\/de\/prodotto\/goldumrandete-bar\/","og_site_name":"J\u00e4neke","article_publisher":"https:\/\/www.facebook.com\/janeke1830","article_modified_time":"2026-02-05T14:48:00+00:00","og_image":[{"width":1024,"height":1024,"url":"https:\/\/janeke1830.it\/wp-content\/uploads\/2025\/12\/JG45020GDBL.png","type":"image\/png"}],"twitter_card":"summary_large_image","schema":{"@context":"https:\/\/schema.org","@graph":[{"@type":"WebPage","@id":"https:\/\/janeke1830.it\/de\/prodotto\/goldumrandete-bar\/","url":"https:\/\/janeke1830.it\/de\/prodotto\/goldumrandete-bar\/","name":"J\u00e4neke 1830 Gold-Bordered Bar - Klasse Detail","isPartOf":{"@id":"https:\/\/janeke1830.it\/#website"},"primaryImageOfPage":{"@id":"https:\/\/janeke1830.it\/de\/prodotto\/goldumrandete-bar\/#primaryimage"},"image":{"@id":"https:\/\/janeke1830.it\/de\/prodotto\/goldumrandete-bar\/#primaryimage"},"thumbnailUrl":"https:\/\/janeke1830.it\/wp-content\/uploads\/2025\/12\/barretta-bordata-oro-tartaruga-jg45020gdbl.png","datePublished":"2026-01-07T08:01:36+00:00","dateModified":"2026-02-05T14:48:00+00:00","description":"F\u00fcr einen unverwechselbaren und zarten Look fixiert die J\u00e4neke Gold Edged Barrette das Haar, ohne es zu besch\u00e4digen. Legen Sie sie in den Warenkorb!","breadcrumb":{"@id":"https:\/\/janeke1830.it\/de\/prodotto\/goldumrandete-bar\/#breadcrumb"},"inLanguage":"de","potentialAction":[{"@type":"ReadAction","target":["https:\/\/janeke1830.it\/de\/prodotto\/goldumrandete-bar\/"]}]},{"@type":"ImageObject","inLanguage":"de","@id":"https:\/\/janeke1830.it\/de\/prodotto\/goldumrandete-bar\/#primaryimage","url":"https:\/\/janeke1830.it\/wp-content\/uploads\/2025\/12\/barretta-bordata-oro-tartaruga-jg45020gdbl.png","contentUrl":"https:\/\/janeke1830.it\/wp-content\/uploads\/2025\/12\/barretta-bordata-oro-tartaruga-jg45020gdbl.png","width":1024,"height":1024,"caption":"Barretta bordata oro J\u00e4neke tartaruga elegante e delicata sulla fibra capillare"},{"@type":"BreadcrumbList","@id":"https:\/\/janeke1830.it\/de\/prodotto\/goldumrandete-bar\/#breadcrumb","itemListElement":[{"@type":"ListItem","position":1,"name":"Home","item":"https:\/\/janeke1830.it\/de\/startseite\/"},{"@type":"ListItem","position":2,"name":"Shop","item":"https:\/\/janeke1830.it\/de\/shop\/"},{"@type":"ListItem","position":3,"name":"Goldumrandete Bar"}]},{"@type":"WebSite","@id":"https:\/\/janeke1830.it\/#website","url":"https:\/\/janeke1830.it\/","name":"J\u00e4neke 1830","description":"","publisher":{"@id":"https:\/\/janeke1830.it\/#organization"},"potentialAction":[{"@type":"SearchAction","target":{"@type":"EntryPoint","urlTemplate":"https:\/\/janeke1830.it\/?s={search_term_string}"},"query-input":{"@type":"PropertyValueSpecification","valueRequired":true,"valueName":"search_term_string"}}],"inLanguage":"de"},{"@type":"Organization","@id":"https:\/\/janeke1830.it\/#organization","name":"J\u00e4neke 1830","url":"https:\/\/janeke1830.it\/","logo":{"@type":"ImageObject","inLanguage":"de","@id":"https:\/\/janeke1830.it\/#\/schema\/logo\/image\/","url":"https:\/\/janeke1830.it\/wp-content\/uploads\/2025\/12\/logo-nero-janeke.png","contentUrl":"https:\/\/janeke1830.it\/wp-content\/uploads\/2025\/12\/logo-nero-janeke.png","width":1824,"height":829,"caption":"J\u00e4neke 1830"},"image":{"@id":"https:\/\/janeke1830.it\/#\/schema\/logo\/image\/"},"sameAs":["https:\/\/www.facebook.com\/janeke1830","https:\/\/www.instagram.com\/janeke1830official","https:\/\/www.linkedin.com\/company\/giorgio-janeke-s-r-l-\/"]}]}},"_links":{"self":[{"href":"https:\/\/janeke1830.it\/de\/wp-json\/wp\/v2\/product\/10473","targetHints":{"allow":["GET"]}}],"collection":[{"href":"https:\/\/janeke1830.it\/de\/wp-json\/wp\/v2\/product"}],"about":[{"href":"https:\/\/janeke1830.it\/de\/wp-json\/wp\/v2\/types\/product"}],"replies":[{"embeddable":true,"href":"https:\/\/janeke1830.it\/de\/wp-json\/wp\/v2\/comments?post=10473"}],"wp:featuredmedia":[{"embeddable":true,"href":"https:\/\/janeke1830.it\/de\/wp-json\/wp\/v2\/media\/708"}],"wp:attachment":[{"href":"https:\/\/janeke1830.it\/de\/wp-json\/wp\/v2\/media?parent=10473"}],"wp:term":[{"taxonomy":"product_brand","embeddable":true,"href":"https:\/\/janeke1830.it\/de\/wp-json\/wp\/v2\/product_brand?post=10473"},{"taxonomy":"product_cat","embeddable":true,"href":"https:\/\/janeke1830.it\/de\/wp-json\/wp\/v2\/product_cat?post=10473"},{"taxonomy":"product_tag","embeddable":true,"href":"https:\/\/janeke1830.it\/de\/wp-json\/wp\/v2\/product_tag?post=10473"}],"curies":[{"name":"wp","href":"https:\/\/api.w.org\/{rel}","templated":true}]}}