{"id":10459,"date":"2026-01-03T12:24:12","date_gmt":"2026-01-03T11:24:12","guid":{"rendered":"https:\/\/janeke1830.it\/prodotto\/handtaschen-spiegel-65mm\/"},"modified":"2026-02-05T15:44:10","modified_gmt":"2026-02-05T14:44:10","slug":"handtaschen-spiegel-65mm","status":"publish","type":"product","link":"https:\/\/janeke1830.it\/de\/prodotto\/handtaschen-spiegel-65mm\/","title":{"rendered":"Handtaschen-Spiegel 65mm"},"content":{"rendered":"","protected":false},"excerpt":{"rendered":"<p>Der kompakte und elegante runde Janeke Handtaschenspiegel mit einem Durchmesser von 65 mm ist f\u00fcr schnelle Nachbesserungen zu jeder Tageszeit gedacht. Er ist leicht und praktisch, passt problemlos in Ihre Handtasche und bietet immer einen klaren und detaillierten Blick. <\/p>\n<p>Das raffinierte Design vereint Funktionalit\u00e4t und Stil und macht sie zu einem unverzichtbaren Accessoire, das die f\u00fcr die Marke Janeke typische Eleganz und hochwertige Handwerkskunst widerspiegelt.<\/p>\n","protected":false},"featured_media":722,"comment_status":"closed","ping_status":"closed","template":"","meta":[],"product_brand":[1021],"product_cat":[1022],"product_tag":[1023],"class_list":{"0":"post-10459","1":"product","2":"type-product","3":"status-publish","4":"has-post-thumbnail","6":"product_brand-luxury","7":"product_cat-spiegel","8":"product_tag-spiegel","10":"first","11":"instock","12":"shipping-taxable","13":"purchasable","14":"product-type-variable","15":"wvs-archive-product-wrapper"},"yoast_head":"<!-- This site is optimized with the Yoast SEO plugin v27.6 - https:\/\/yoast.com\/product\/yoast-seo-wordpress\/ -->\n<title>J\u00e4neke 65mm Handtaschenspiegel - Kompakt und Elegant<\/title>\n<meta name=\"description\" content=\"W\u00e4hlen Sie den J\u00e4neke 65mm Handtaschenspiegel, um \u00fcberall makellos auszusehen. Klein, elegant und praktisch. Entdecken Sie ihn jetzt online!\" \/>\n<meta name=\"robots\" content=\"index, follow, max-snippet:-1, max-image-preview:large, max-video-preview:-1\" \/>\n<link rel=\"canonical\" href=\"https:\/\/janeke1830.it\/de\/prodotto\/handtaschen-spiegel-65mm\/\" \/>\n<meta property=\"og:locale\" content=\"de_DE\" \/>\n<meta property=\"og:type\" content=\"article\" \/>\n<meta property=\"og:title\" content=\"J\u00e4neke 65mm Handtaschenspiegel - Kompakt und Elegant\" \/>\n<meta property=\"og:description\" content=\"W\u00e4hlen Sie den J\u00e4neke 65mm Handtaschenspiegel, um \u00fcberall makellos auszusehen. Klein, elegant und praktisch. Entdecken Sie ihn jetzt online!\" \/>\n<meta property=\"og:url\" content=\"https:\/\/janeke1830.it\/de\/prodotto\/handtaschen-spiegel-65mm\/\" \/>\n<meta property=\"og:site_name\" content=\"J\u00e4neke\" \/>\n<meta property=\"article:publisher\" content=\"https:\/\/www.facebook.com\/janeke1830\" \/>\n<meta property=\"article:modified_time\" content=\"2026-02-05T14:44:10+00:00\" \/>\n<meta property=\"og:image\" content=\"https:\/\/janeke1830.it\/wp-content\/uploads\/2025\/12\/AU484.3DBL.png\" \/>\n\t<meta property=\"og:image:width\" content=\"1024\" \/>\n\t<meta property=\"og:image:height\" content=\"1024\" \/>\n\t<meta property=\"og:image:type\" content=\"image\/png\" \/>\n<meta name=\"twitter:card\" content=\"summary_large_image\" \/>\n<script type=\"application\/ld+json\" class=\"yoast-schema-graph\">{\"@context\":\"https:\\\/\\\/schema.org\",\"@graph\":[{\"@type\":\"WebPage\",\"@id\":\"https:\\\/\\\/janeke1830.it\\\/de\\\/prodotto\\\/handtaschen-spiegel-65mm\\\/\",\"url\":\"https:\\\/\\\/janeke1830.it\\\/de\\\/prodotto\\\/handtaschen-spiegel-65mm\\\/\",\"name\":\"J\u00e4neke 65mm Handtaschenspiegel - Kompakt und Elegant\",\"isPartOf\":{\"@id\":\"https:\\\/\\\/janeke1830.it\\\/#website\"},\"primaryImageOfPage\":{\"@id\":\"https:\\\/\\\/janeke1830.it\\\/de\\\/prodotto\\\/handtaschen-spiegel-65mm\\\/#primaryimage\"},\"image\":{\"@id\":\"https:\\\/\\\/janeke1830.it\\\/de\\\/prodotto\\\/handtaschen-spiegel-65mm\\\/#primaryimage\"},\"thumbnailUrl\":\"https:\\\/\\\/janeke1830.it\\\/wp-content\\\/uploads\\\/2025\\\/12\\\/specchietto-borsetta-73mm-tartaruga-au484.3dbl.png\",\"datePublished\":\"2026-01-03T11:24:12+00:00\",\"dateModified\":\"2026-02-05T14:44:10+00:00\",\"description\":\"W\u00e4hlen Sie den J\u00e4neke 65mm Handtaschenspiegel, um \u00fcberall makellos auszusehen. Klein, elegant und praktisch. Entdecken Sie ihn jetzt online!\",\"breadcrumb\":{\"@id\":\"https:\\\/\\\/janeke1830.it\\\/de\\\/prodotto\\\/handtaschen-spiegel-65mm\\\/#breadcrumb\"},\"inLanguage\":\"de\",\"potentialAction\":[{\"@type\":\"ReadAction\",\"target\":[\"https:\\\/\\\/janeke1830.it\\\/de\\\/prodotto\\\/handtaschen-spiegel-65mm\\\/\"]}]},{\"@type\":\"ImageObject\",\"inLanguage\":\"de\",\"@id\":\"https:\\\/\\\/janeke1830.it\\\/de\\\/prodotto\\\/handtaschen-spiegel-65mm\\\/#primaryimage\",\"url\":\"https:\\\/\\\/janeke1830.it\\\/wp-content\\\/uploads\\\/2025\\\/12\\\/specchietto-borsetta-73mm-tartaruga-au484.3dbl.png\",\"contentUrl\":\"https:\\\/\\\/janeke1830.it\\\/wp-content\\\/uploads\\\/2025\\\/12\\\/specchietto-borsetta-73mm-tartaruga-au484.3dbl.png\",\"width\":1024,\"height\":1024,\"caption\":\"Specchietto da borsetta rotondo 65mm J\u00e4neke tartaruga elegante e leggero\"},{\"@type\":\"BreadcrumbList\",\"@id\":\"https:\\\/\\\/janeke1830.it\\\/de\\\/prodotto\\\/handtaschen-spiegel-65mm\\\/#breadcrumb\",\"itemListElement\":[{\"@type\":\"ListItem\",\"position\":1,\"name\":\"Home\",\"item\":\"https:\\\/\\\/janeke1830.it\\\/de\\\/startseite\\\/\"},{\"@type\":\"ListItem\",\"position\":2,\"name\":\"Shop\",\"item\":\"https:\\\/\\\/janeke1830.it\\\/de\\\/shop\\\/\"},{\"@type\":\"ListItem\",\"position\":3,\"name\":\"Handtaschen-Spiegel 65mm\"}]},{\"@type\":\"WebSite\",\"@id\":\"https:\\\/\\\/janeke1830.it\\\/#website\",\"url\":\"https:\\\/\\\/janeke1830.it\\\/\",\"name\":\"J\u00e4neke 1830\",\"description\":\"\",\"publisher\":{\"@id\":\"https:\\\/\\\/janeke1830.it\\\/#organization\"},\"potentialAction\":[{\"@type\":\"SearchAction\",\"target\":{\"@type\":\"EntryPoint\",\"urlTemplate\":\"https:\\\/\\\/janeke1830.it\\\/?s={search_term_string}\"},\"query-input\":{\"@type\":\"PropertyValueSpecification\",\"valueRequired\":true,\"valueName\":\"search_term_string\"}}],\"inLanguage\":\"de\"},{\"@type\":\"Organization\",\"@id\":\"https:\\\/\\\/janeke1830.it\\\/#organization\",\"name\":\"J\u00e4neke 1830\",\"url\":\"https:\\\/\\\/janeke1830.it\\\/\",\"logo\":{\"@type\":\"ImageObject\",\"inLanguage\":\"de\",\"@id\":\"https:\\\/\\\/janeke1830.it\\\/#\\\/schema\\\/logo\\\/image\\\/\",\"url\":\"https:\\\/\\\/janeke1830.it\\\/wp-content\\\/uploads\\\/2025\\\/12\\\/logo-nero-janeke.png\",\"contentUrl\":\"https:\\\/\\\/janeke1830.it\\\/wp-content\\\/uploads\\\/2025\\\/12\\\/logo-nero-janeke.png\",\"width\":1824,\"height\":829,\"caption\":\"J\u00e4neke 1830\"},\"image\":{\"@id\":\"https:\\\/\\\/janeke1830.it\\\/#\\\/schema\\\/logo\\\/image\\\/\"},\"sameAs\":[\"https:\\\/\\\/www.facebook.com\\\/janeke1830\",\"https:\\\/\\\/www.instagram.com\\\/janeke1830official\",\"https:\\\/\\\/www.linkedin.com\\\/company\\\/giorgio-janeke-s-r-l-\\\/\"]}]}<\/script>\n<!-- \/ Yoast SEO plugin. -->","yoast_head_json":{"title":"J\u00e4neke 65mm Handtaschenspiegel - Kompakt und Elegant","description":"W\u00e4hlen Sie den J\u00e4neke 65mm Handtaschenspiegel, um \u00fcberall makellos auszusehen. Klein, elegant und praktisch. Entdecken Sie ihn jetzt online!","robots":{"index":"index","follow":"follow","max-snippet":"max-snippet:-1","max-image-preview":"max-image-preview:large","max-video-preview":"max-video-preview:-1"},"canonical":"https:\/\/janeke1830.it\/de\/prodotto\/handtaschen-spiegel-65mm\/","og_locale":"de_DE","og_type":"article","og_title":"J\u00e4neke 65mm Handtaschenspiegel - Kompakt und Elegant","og_description":"W\u00e4hlen Sie den J\u00e4neke 65mm Handtaschenspiegel, um \u00fcberall makellos auszusehen. Klein, elegant und praktisch. Entdecken Sie ihn jetzt online!","og_url":"https:\/\/janeke1830.it\/de\/prodotto\/handtaschen-spiegel-65mm\/","og_site_name":"J\u00e4neke","article_publisher":"https:\/\/www.facebook.com\/janeke1830","article_modified_time":"2026-02-05T14:44:10+00:00","og_image":[{"width":1024,"height":1024,"url":"https:\/\/janeke1830.it\/wp-content\/uploads\/2025\/12\/AU484.3DBL.png","type":"image\/png"}],"twitter_card":"summary_large_image","schema":{"@context":"https:\/\/schema.org","@graph":[{"@type":"WebPage","@id":"https:\/\/janeke1830.it\/de\/prodotto\/handtaschen-spiegel-65mm\/","url":"https:\/\/janeke1830.it\/de\/prodotto\/handtaschen-spiegel-65mm\/","name":"J\u00e4neke 65mm Handtaschenspiegel - Kompakt und Elegant","isPartOf":{"@id":"https:\/\/janeke1830.it\/#website"},"primaryImageOfPage":{"@id":"https:\/\/janeke1830.it\/de\/prodotto\/handtaschen-spiegel-65mm\/#primaryimage"},"image":{"@id":"https:\/\/janeke1830.it\/de\/prodotto\/handtaschen-spiegel-65mm\/#primaryimage"},"thumbnailUrl":"https:\/\/janeke1830.it\/wp-content\/uploads\/2025\/12\/specchietto-borsetta-73mm-tartaruga-au484.3dbl.png","datePublished":"2026-01-03T11:24:12+00:00","dateModified":"2026-02-05T14:44:10+00:00","description":"W\u00e4hlen Sie den J\u00e4neke 65mm Handtaschenspiegel, um \u00fcberall makellos auszusehen. Klein, elegant und praktisch. Entdecken Sie ihn jetzt online!","breadcrumb":{"@id":"https:\/\/janeke1830.it\/de\/prodotto\/handtaschen-spiegel-65mm\/#breadcrumb"},"inLanguage":"de","potentialAction":[{"@type":"ReadAction","target":["https:\/\/janeke1830.it\/de\/prodotto\/handtaschen-spiegel-65mm\/"]}]},{"@type":"ImageObject","inLanguage":"de","@id":"https:\/\/janeke1830.it\/de\/prodotto\/handtaschen-spiegel-65mm\/#primaryimage","url":"https:\/\/janeke1830.it\/wp-content\/uploads\/2025\/12\/specchietto-borsetta-73mm-tartaruga-au484.3dbl.png","contentUrl":"https:\/\/janeke1830.it\/wp-content\/uploads\/2025\/12\/specchietto-borsetta-73mm-tartaruga-au484.3dbl.png","width":1024,"height":1024,"caption":"Specchietto da borsetta rotondo 65mm J\u00e4neke tartaruga elegante e leggero"},{"@type":"BreadcrumbList","@id":"https:\/\/janeke1830.it\/de\/prodotto\/handtaschen-spiegel-65mm\/#breadcrumb","itemListElement":[{"@type":"ListItem","position":1,"name":"Home","item":"https:\/\/janeke1830.it\/de\/startseite\/"},{"@type":"ListItem","position":2,"name":"Shop","item":"https:\/\/janeke1830.it\/de\/shop\/"},{"@type":"ListItem","position":3,"name":"Handtaschen-Spiegel 65mm"}]},{"@type":"WebSite","@id":"https:\/\/janeke1830.it\/#website","url":"https:\/\/janeke1830.it\/","name":"J\u00e4neke 1830","description":"","publisher":{"@id":"https:\/\/janeke1830.it\/#organization"},"potentialAction":[{"@type":"SearchAction","target":{"@type":"EntryPoint","urlTemplate":"https:\/\/janeke1830.it\/?s={search_term_string}"},"query-input":{"@type":"PropertyValueSpecification","valueRequired":true,"valueName":"search_term_string"}}],"inLanguage":"de"},{"@type":"Organization","@id":"https:\/\/janeke1830.it\/#organization","name":"J\u00e4neke 1830","url":"https:\/\/janeke1830.it\/","logo":{"@type":"ImageObject","inLanguage":"de","@id":"https:\/\/janeke1830.it\/#\/schema\/logo\/image\/","url":"https:\/\/janeke1830.it\/wp-content\/uploads\/2025\/12\/logo-nero-janeke.png","contentUrl":"https:\/\/janeke1830.it\/wp-content\/uploads\/2025\/12\/logo-nero-janeke.png","width":1824,"height":829,"caption":"J\u00e4neke 1830"},"image":{"@id":"https:\/\/janeke1830.it\/#\/schema\/logo\/image\/"},"sameAs":["https:\/\/www.facebook.com\/janeke1830","https:\/\/www.instagram.com\/janeke1830official","https:\/\/www.linkedin.com\/company\/giorgio-janeke-s-r-l-\/"]}]}},"_links":{"self":[{"href":"https:\/\/janeke1830.it\/de\/wp-json\/wp\/v2\/product\/10459","targetHints":{"allow":["GET"]}}],"collection":[{"href":"https:\/\/janeke1830.it\/de\/wp-json\/wp\/v2\/product"}],"about":[{"href":"https:\/\/janeke1830.it\/de\/wp-json\/wp\/v2\/types\/product"}],"replies":[{"embeddable":true,"href":"https:\/\/janeke1830.it\/de\/wp-json\/wp\/v2\/comments?post=10459"}],"wp:featuredmedia":[{"embeddable":true,"href":"https:\/\/janeke1830.it\/de\/wp-json\/wp\/v2\/media\/722"}],"wp:attachment":[{"href":"https:\/\/janeke1830.it\/de\/wp-json\/wp\/v2\/media?parent=10459"}],"wp:term":[{"taxonomy":"product_brand","embeddable":true,"href":"https:\/\/janeke1830.it\/de\/wp-json\/wp\/v2\/product_brand?post=10459"},{"taxonomy":"product_cat","embeddable":true,"href":"https:\/\/janeke1830.it\/de\/wp-json\/wp\/v2\/product_cat?post=10459"},{"taxonomy":"product_tag","embeddable":true,"href":"https:\/\/janeke1830.it\/de\/wp-json\/wp\/v2\/product_tag?post=10459"}],"curies":[{"name":"wp","href":"https:\/\/api.w.org\/{rel}","templated":true}]}}